{"id":11450,"date":"2025-12-24T07:23:11","date_gmt":"2025-12-24T07:23:11","guid":{"rendered":"https:\/\/ykmtest.com\/?post_type=product&#038;p=11450"},"modified":"2025-12-24T07:23:11","modified_gmt":"2025-12-24T07:23:11","slug":"en-automatic-compression-testing-machines-with-welded-walls-cubes-cylinders-and-masonry-units","status":"publish","type":"product","link":"https:\/\/ykmtest.com\/french\/produit\/en-automatic-compression-testing-machines-with-welded-walls-cubes-cylinders-and-masonry-units\/","title":{"rendered":"EN Machines d'essai de compression automatiques avec parois soud\u00e9es \u2013 Cubes, cylindres et \u00e9l\u00e9ments de ma\u00e7onnerie"},"content":{"rendered":"<p data-start=\"645\" data-end=\"1125\">Les machines d'essais de compression automatiques EN \u00e0 parois soud\u00e9es - pour cubes, cylindres et \u00e9l\u00e9ments de ma\u00e7onnerie sont des syst\u00e8mes d'essais contr\u00f4l\u00e9s en boucle ferm\u00e9e d\u00e9velopp\u00e9s pour d\u00e9terminer la r\u00e9sistance \u00e0 la compression d'\u00e9chantillons de cubes et de cylindres en b\u00e9ton, ainsi que d'\u00e9l\u00e9ments de ma\u00e7onnerie, conform\u00e9ment \u00e0 la norme EN 12390-4 et aux normes EN correspondantes. Ces machines sont con\u00e7ues pour les laboratoires professionnels qui ont besoin de pr\u00e9cision, de r\u00e9p\u00e9tabilit\u00e9 et d'essais multi-\u00e9chantillons efficaces sur une seule plate-forme.<\/p>\n<p data-start=\"1127\" data-end=\"1556\">La structure porteuse est fabriqu\u00e9e sous la forme d'un cadre monobloc \u00e0 parois soud\u00e9es. Cette conception compacte et \u00e0 haute rigidit\u00e9 minimise la d\u00e9flexion du cadre sous charge et assure un transfert pr\u00e9cis de la charge axiale \u00e0 l'\u00e9chantillon. Un plateau sup\u00e9rieur \u00e0 assise sph\u00e9rique et un plateau inf\u00e9rieur tremp\u00e9 et rectifi\u00e9 assurent un auto-centrage automatique et une r\u00e9partition uniforme de la charge, garantissant des conditions de contact homog\u00e8nes pour les cubes, les cylindres et les \u00e9l\u00e9ments de ma\u00e7onnerie.<\/p>\n<p data-start=\"1558\" data-end=\"2109\">La large ouverture d'essai et la longue course du piston permettent une mise en place rapide et des essais sur des sp\u00e9cimens de g\u00e9om\u00e9tries et de tailles vari\u00e9es sans modification de la structure. L'unit\u00e9 de puissance hydraulique fonctionne sous un contr\u00f4le en boucle ferm\u00e9e enti\u00e8rement automatique utilisant un syst\u00e8me de valves proportionnelles. Le taux de charge d\u00e9fini par les normes EN est maintenu automatiquement pendant toute la dur\u00e9e de l'essai. \u00c0 la rupture de l'\u00e9chantillon, la charge maximale est saisie, la r\u00e9sistance \u00e0 la compression est calcul\u00e9e en MPa et le piston se r\u00e9tracte automatiquement jusqu'\u00e0 une position s\u00fbre, pr\u00e9parant la machine pour le cycle d'essai suivant.<\/p>\n<p data-start=\"2111\" data-end=\"2605\">La cha\u00eene de mesure de la charge \u00e0 haute r\u00e9solution garantit des relev\u00e9s de force pr\u00e9cis et tra\u00e7ables. Les proc\u00e9dures d'\u00e9talonnage et de v\u00e9rification garantissent la fiabilit\u00e9 \u00e0 long terme des mesures dans les laboratoires accr\u00e9dit\u00e9s. L'unit\u00e9 de contr\u00f4le \u00e0 \u00e9cran tactile int\u00e9gr\u00e9 rationalise l'ex\u00e9cution des essais et l'\u00e9tablissement des rapports gr\u00e2ce \u00e0 des mod\u00e8les de m\u00e9thodes pr\u00e9d\u00e9finis pour les essais sur les cubes, les cylindres et les \u00e9l\u00e9ments de ma\u00e7onnerie. Les courbes charge-d\u00e9placement en temps r\u00e9el sont affich\u00e9es pendant les essais, et les donn\u00e9es peuvent \u00eatre stock\u00e9es en interne ou transf\u00e9r\u00e9es via USB ou Ethernet.<\/p>\n<p data-start=\"2607\" data-end=\"2889\">L'efficacit\u00e9 et la facilit\u00e9 d'utilisation sont renforc\u00e9es par un syst\u00e8me de plateau et d'adaptateur \u00e0 changement rapide, permettant des transitions sans outil entre les plateaux de ma\u00e7onnerie cubiques, cylindriques et \u00e0 large surface. Les marques de centrage et les finitions lisses des plateaux garantissent un positionnement rapide des \u00e9chantillons et un alignement reproductible.<\/p>\n<p data-start=\"2891\" data-end=\"3333\">La s\u00e9curit\u00e9 et la durabilit\u00e9 font partie int\u00e9grante de la conception. Un bo\u00eetier de s\u00e9curit\u00e9 en polycarbonate transparent avec interrupteur de verrouillage de la porte prot\u00e8ge l'op\u00e9rateur, tandis que les commandes d'arr\u00eat d'urgence, de protection contre les surcharges et de limitation de la course prot\u00e8gent \u00e0 la fois l'utilisateur et l'\u00e9quipement. Des pieds amortisseurs de vibrations, des rev\u00eatements de surface r\u00e9sistants \u00e0 la corrosion et des panneaux d'entretien accessibles garantissent un fonctionnement stable, un nettoyage facile et un temps de maintenance r\u00e9duit en cas d'utilisation intensive en laboratoire.<\/p>","protected":false},"excerpt":{"rendered":"<p>Les machines d'essais de compression automatiques EN \u00e0 parois soud\u00e9es sont des syst\u00e8mes en boucle ferm\u00e9e con\u00e7us pour r\u00e9aliser des essais de r\u00e9sistance \u00e0 la compression pr\u00e9cis et r\u00e9p\u00e9tables sur des cubes, des cylindres et des \u00e9l\u00e9ments de ma\u00e7onnerie en b\u00e9ton, conform\u00e9ment \u00e0 la norme EN 12390-4.<\/p>","protected":false},"featured_media":0,"template":"","meta":{"_acf_changed":false},"product_brand":[],"product_cat":[142,143],"product_tag":[],"class_list":{"0":"post-11450","1":"product","2":"type-product","3":"status-publish","5":"product_cat-concrete","6":"product_cat-concrete-compression-machines","9":"instock","10":"shipping-taxable","11":"product-type-simple"},"acf":[],"yoast_head":"<!-- This site is optimized with the Yoast SEO Premium plugin v26.5 (Yoast SEO v27.5) - https:\/\/yoast.com\/product\/yoast-seo-premium-wordpress\/ -->\n<title>EN Automatic Compression Testing Machines with Welded Walls \u2013 Cubes, Cylinders, and Masonry Units - YKM TEST<\/title>\n<meta name=\"description\" content=\"EN Automatic Compression Testing Machines with Welded Walls deliver precise compressive strength testing for cubes, cylinders, and masonry units per EN 12390-4.\" \/>\n<meta name=\"robots\" content=\"index, follow, max-snippet:-1, max-image-preview:large, max-video-preview:-1\" \/>\n<link rel=\"canonical\" href=\"https:\/\/darkorchid-cheetah-525435.hostingersite.com\/product\/en-automatic-compression-testing-machines-with-welded-walls-cubes-cylinders-and-masonry-units\/\" \/>\n<meta property=\"og:locale\" content=\"fr_FR\" \/>\n<meta property=\"og:type\" content=\"article\" \/>\n<meta property=\"og:title\" content=\"EN Automatic Compression Testing Machines with Welded Walls \u2013 Cubes, Cylinders, and Masonry Units\" \/>\n<meta property=\"og:description\" content=\"EN Automatic Compression Testing Machines with Welded Walls deliver precise compressive strength testing for cubes, cylinders, and masonry units per EN 12390-4.\" \/>\n<meta property=\"og:url\" content=\"https:\/\/darkorchid-cheetah-525435.hostingersite.com\/product\/en-automatic-compression-testing-machines-with-welded-walls-cubes-cylinders-and-masonry-units\/\" \/>\n<meta property=\"og:site_name\" content=\"YKM TEST\" \/>\n<meta name=\"twitter:card\" content=\"summary_large_image\" \/>\n<meta name=\"twitter:label1\" content=\"Prix\" \/>\n\t<meta name=\"twitter:data1\" content=\"\" \/>\n\t<meta name=\"twitter:label2\" content=\"Disponibilit\u00e9\" \/>\n\t<meta name=\"twitter:data2\" content=\"En stock\" \/>\n<script type=\"application\/ld+json\" class=\"yoast-schema-graph\">{\"@context\":\"https:\\\/\\\/schema.org\",\"@graph\":[{\"@type\":\"WebPage\",\"@id\":\"https:\\\/\\\/darkorchid-cheetah-525435.hostingersite.com\\\/product\\\/en-automatic-compression-testing-machines-with-welded-walls-cubes-cylinders-and-masonry-units\\\/\",\"url\":\"https:\\\/\\\/darkorchid-cheetah-525435.hostingersite.com\\\/product\\\/en-automatic-compression-testing-machines-with-welded-walls-cubes-cylinders-and-masonry-units\\\/\",\"name\":\"EN Automatic Compression Testing Machines with Welded Walls \u2013 Cubes, Cylinders, and Masonry Units - YKM TEST\",\"isPartOf\":{\"@id\":\"https:\\\/\\\/darkorchid-cheetah-525435.hostingersite.com\\\/#website\"},\"datePublished\":\"2025-12-24T07:23:11+00:00\",\"description\":\"EN Automatic Compression Testing Machines with Welded Walls deliver precise compressive strength testing for cubes, cylinders, and masonry units per EN 12390-4.\",\"breadcrumb\":{\"@id\":\"https:\\\/\\\/darkorchid-cheetah-525435.hostingersite.com\\\/product\\\/en-automatic-compression-testing-machines-with-welded-walls-cubes-cylinders-and-masonry-units\\\/#breadcrumb\"},\"inLanguage\":\"fr-FR\",\"potentialAction\":[{\"@type\":\"ReadAction\",\"target\":[\"https:\\\/\\\/darkorchid-cheetah-525435.hostingersite.com\\\/product\\\/en-automatic-compression-testing-machines-with-welded-walls-cubes-cylinders-and-masonry-units\\\/\"]}]},{\"@type\":\"BreadcrumbList\",\"@id\":\"https:\\\/\\\/darkorchid-cheetah-525435.hostingersite.com\\\/product\\\/en-automatic-compression-testing-machines-with-welded-walls-cubes-cylinders-and-masonry-units\\\/#breadcrumb\",\"itemListElement\":[{\"@type\":\"ListItem\",\"position\":1,\"name\":\"Home\",\"item\":\"https:\\\/\\\/darkorchid-cheetah-525435.hostingersite.com\\\/\"},{\"@type\":\"ListItem\",\"position\":2,\"name\":\"\u0422\u043e\u0432\u0430\u0440\u044b\",\"item\":\"https:\\\/\\\/ykmtest.com\\\/ru\\\/shop\\\/\"},{\"@type\":\"ListItem\",\"position\":3,\"name\":\"EN Automatic Compression Testing Machines with Welded Walls \u2013 Cubes, Cylinders, and Masonry Units\"}]},{\"@type\":\"WebSite\",\"@id\":\"https:\\\/\\\/darkorchid-cheetah-525435.hostingersite.com\\\/#website\",\"url\":\"https:\\\/\\\/darkorchid-cheetah-525435.hostingersite.com\\\/\",\"name\":\"YKM TEST\",\"description\":\"\",\"publisher\":{\"@id\":\"https:\\\/\\\/darkorchid-cheetah-525435.hostingersite.com\\\/#organization\"},\"potentialAction\":[{\"@type\":\"SearchAction\",\"target\":{\"@type\":\"EntryPoint\",\"urlTemplate\":\"https:\\\/\\\/darkorchid-cheetah-525435.hostingersite.com\\\/?s={search_term_string}\"},\"query-input\":{\"@type\":\"PropertyValueSpecification\",\"valueRequired\":true,\"valueName\":\"search_term_string\"}}],\"inLanguage\":\"fr-FR\"},{\"@type\":[\"Organization\",\"Place\"],\"@id\":\"https:\\\/\\\/darkorchid-cheetah-525435.hostingersite.com\\\/#organization\",\"name\":\"YKM TEST\",\"url\":\"https:\\\/\\\/darkorchid-cheetah-525435.hostingersite.com\\\/\",\"logo\":{\"@id\":\"https:\\\/\\\/darkorchid-cheetah-525435.hostingersite.com\\\/product\\\/en-automatic-compression-testing-machines-with-welded-walls-cubes-cylinders-and-masonry-units\\\/#local-main-organization-logo\"},\"image\":{\"@id\":\"https:\\\/\\\/darkorchid-cheetah-525435.hostingersite.com\\\/product\\\/en-automatic-compression-testing-machines-with-welded-walls-cubes-cylinders-and-masonry-units\\\/#local-main-organization-logo\"},\"telephone\":[],\"openingHoursSpecification\":[{\"@type\":\"OpeningHoursSpecification\",\"dayOfWeek\":[\"Monday\",\"Tuesday\",\"Wednesday\",\"Thursday\",\"Friday\",\"Saturday\",\"Sunday\"],\"opens\":\"09:00\",\"closes\":\"17:00\"}]},{\"@type\":\"ImageObject\",\"inLanguage\":\"fr-FR\",\"@id\":\"https:\\\/\\\/darkorchid-cheetah-525435.hostingersite.com\\\/product\\\/en-automatic-compression-testing-machines-with-welded-walls-cubes-cylinders-and-masonry-units\\\/#local-main-organization-logo\",\"url\":\"https:\\\/\\\/ykmtest.com\\\/wp-content\\\/uploads\\\/2025\\\/10\\\/Asset-2@2x-8.png\",\"contentUrl\":\"https:\\\/\\\/ykmtest.com\\\/wp-content\\\/uploads\\\/2025\\\/10\\\/Asset-2@2x-8.png\",\"width\":1550,\"height\":323,\"caption\":\"YKM TEST\"}]}<\/script>\n<meta property=\"product:price:currency\" content=\"USD\" \/>\n<meta property=\"og:availability\" content=\"instock\" \/>\n<meta property=\"product:availability\" content=\"instock\" \/>\n<meta property=\"product:condition\" content=\"new\" \/>\n<!-- \/ Yoast SEO Premium plugin. -->","yoast_head_json":{"title":"EN Automatic Compression Testing Machines with Welded Walls \u2013 Cubes, Cylinders, and Masonry Units - YKM TEST","description":"EN Automatic Compression Testing Machines with Welded Walls deliver precise compressive strength testing for cubes, cylinders, and masonry units per EN 12390-4.","robots":{"index":"index","follow":"follow","max-snippet":"max-snippet:-1","max-image-preview":"max-image-preview:large","max-video-preview":"max-video-preview:-1"},"canonical":"https:\/\/darkorchid-cheetah-525435.hostingersite.com\/product\/en-automatic-compression-testing-machines-with-welded-walls-cubes-cylinders-and-masonry-units\/","og_locale":"fr_FR","og_type":"article","og_title":"EN Automatic Compression Testing Machines with Welded Walls \u2013 Cubes, Cylinders, and Masonry Units","og_description":"EN Automatic Compression Testing Machines with Welded Walls deliver precise compressive strength testing for cubes, cylinders, and masonry units per EN 12390-4.","og_url":"https:\/\/darkorchid-cheetah-525435.hostingersite.com\/product\/en-automatic-compression-testing-machines-with-welded-walls-cubes-cylinders-and-masonry-units\/","og_site_name":"YKM TEST","twitter_card":"summary_large_image","twitter_misc":{"Prix":"","Disponibilit\u00e9":"En stock"},"schema":{"@context":"https:\/\/schema.org","@graph":[{"@type":"WebPage","@id":"https:\/\/darkorchid-cheetah-525435.hostingersite.com\/product\/en-automatic-compression-testing-machines-with-welded-walls-cubes-cylinders-and-masonry-units\/","url":"https:\/\/darkorchid-cheetah-525435.hostingersite.com\/product\/en-automatic-compression-testing-machines-with-welded-walls-cubes-cylinders-and-masonry-units\/","name":"EN Automatic Compression Testing Machines with Welded Walls \u2013 Cubes, Cylinders, and Masonry Units - YKM TEST","isPartOf":{"@id":"https:\/\/darkorchid-cheetah-525435.hostingersite.com\/#website"},"datePublished":"2025-12-24T07:23:11+00:00","description":"EN Automatic Compression Testing Machines with Welded Walls deliver precise compressive strength testing for cubes, cylinders, and masonry units per EN 12390-4.","breadcrumb":{"@id":"https:\/\/darkorchid-cheetah-525435.hostingersite.com\/product\/en-automatic-compression-testing-machines-with-welded-walls-cubes-cylinders-and-masonry-units\/#breadcrumb"},"inLanguage":"fr-FR","potentialAction":[{"@type":"ReadAction","target":["https:\/\/darkorchid-cheetah-525435.hostingersite.com\/product\/en-automatic-compression-testing-machines-with-welded-walls-cubes-cylinders-and-masonry-units\/"]}]},{"@type":"BreadcrumbList","@id":"https:\/\/darkorchid-cheetah-525435.hostingersite.com\/product\/en-automatic-compression-testing-machines-with-welded-walls-cubes-cylinders-and-masonry-units\/#breadcrumb","itemListElement":[{"@type":"ListItem","position":1,"name":"Home","item":"https:\/\/darkorchid-cheetah-525435.hostingersite.com\/"},{"@type":"ListItem","position":2,"name":"\u0422\u043e\u0432\u0430\u0440\u044b","item":"https:\/\/ykmtest.com\/ru\/shop\/"},{"@type":"ListItem","position":3,"name":"EN Automatic Compression Testing Machines with Welded Walls \u2013 Cubes, Cylinders, and Masonry Units"}]},{"@type":"WebSite","@id":"https:\/\/darkorchid-cheetah-525435.hostingersite.com\/#website","url":"https:\/\/darkorchid-cheetah-525435.hostingersite.com\/","name":"TEST YKM","description":"","publisher":{"@id":"https:\/\/darkorchid-cheetah-525435.hostingersite.com\/#organization"},"potentialAction":[{"@type":"SearchAction","target":{"@type":"EntryPoint","urlTemplate":"https:\/\/darkorchid-cheetah-525435.hostingersite.com\/?s={search_term_string}"},"query-input":{"@type":"PropertyValueSpecification","valueRequired":true,"valueName":"search_term_string"}}],"inLanguage":"fr-FR"},{"@type":["Organization","Place"],"@id":"https:\/\/darkorchid-cheetah-525435.hostingersite.com\/#organization","name":"TEST YKM","url":"https:\/\/darkorchid-cheetah-525435.hostingersite.com\/","logo":{"@id":"https:\/\/darkorchid-cheetah-525435.hostingersite.com\/product\/en-automatic-compression-testing-machines-with-welded-walls-cubes-cylinders-and-masonry-units\/#local-main-organization-logo"},"image":{"@id":"https:\/\/darkorchid-cheetah-525435.hostingersite.com\/product\/en-automatic-compression-testing-machines-with-welded-walls-cubes-cylinders-and-masonry-units\/#local-main-organization-logo"},"telephone":[],"openingHoursSpecification":[{"@type":"OpeningHoursSpecification","dayOfWeek":["Monday","Tuesday","Wednesday","Thursday","Friday","Saturday","Sunday"],"opens":"09:00","closes":"17:00"}]},{"@type":"ImageObject","inLanguage":"fr-FR","@id":"https:\/\/darkorchid-cheetah-525435.hostingersite.com\/product\/en-automatic-compression-testing-machines-with-welded-walls-cubes-cylinders-and-masonry-units\/#local-main-organization-logo","url":"https:\/\/ykmtest.com\/wp-content\/uploads\/2025\/10\/Asset-2@2x-8.png","contentUrl":"https:\/\/ykmtest.com\/wp-content\/uploads\/2025\/10\/Asset-2@2x-8.png","width":1550,"height":323,"caption":"YKM TEST"}]},"product_price_currency":"USD","og_availability":"instock","product_availability":"instock","product_condition":"new"},"_links":{"self":[{"href":"https:\/\/ykmtest.com\/french\/wp-json\/wp\/v2\/product\/11450","targetHints":{"allow":["GET"]}}],"collection":[{"href":"https:\/\/ykmtest.com\/french\/wp-json\/wp\/v2\/product"}],"about":[{"href":"https:\/\/ykmtest.com\/french\/wp-json\/wp\/v2\/types\/product"}],"version-history":[{"count":1,"href":"https:\/\/ykmtest.com\/french\/wp-json\/wp\/v2\/product\/11450\/revisions"}],"predecessor-version":[{"id":11451,"href":"https:\/\/ykmtest.com\/french\/wp-json\/wp\/v2\/product\/11450\/revisions\/11451"}],"wp:attachment":[{"href":"https:\/\/ykmtest.com\/french\/wp-json\/wp\/v2\/media?parent=11450"}],"wp:term":[{"taxonomy":"product_brand","embeddable":true,"href":"https:\/\/ykmtest.com\/french\/wp-json\/wp\/v2\/product_brand?post=11450"},{"taxonomy":"product_cat","embeddable":true,"href":"https:\/\/ykmtest.com\/french\/wp-json\/wp\/v2\/product_cat?post=11450"},{"taxonomy":"product_tag","embeddable":true,"href":"https:\/\/ykmtest.com\/french\/wp-json\/wp\/v2\/product_tag?post=11450"}],"curies":[{"name":"wp","href":"https:\/\/api.w.org\/{rel}","templated":true}]}}