{"id":11454,"date":"2025-12-24T07:40:40","date_gmt":"2025-12-24T07:40:40","guid":{"rendered":"https:\/\/ykmtest.com\/?post_type=product&#038;p=11454"},"modified":"2025-12-24T07:40:41","modified_gmt":"2025-12-24T07:40:41","slug":"y-pilot-automatic-control-unit-for-concrete-cement-compression-flexure-testing-machines","status":"publish","type":"product","link":"https:\/\/ykmtest.com\/french\/produit\/y-pilot-automatic-control-unit-for-concrete-cement-compression-flexure-testing-machines\/","title":{"rendered":"Unit\u00e9 de commande automatique Y-Pilot pour machines d'essai de compression\/flexion du b\u00e9ton et du ciment"},"content":{"rendered":"<p data-start=\"573\" data-end=\"980\">L'unit\u00e9 de contr\u00f4le automatique Y-Pilot pour les machines d'essai de compression\/flexion du b\u00e9ton et du ciment est un module avanc\u00e9 de contr\u00f4le et d'acquisition de donn\u00e9es con\u00e7u pour r\u00e9aliser des essais de compression et de flexion enti\u00e8rement automatiques sur des \u00e9chantillons de b\u00e9ton et de ciment. D\u00e9velopp\u00e9 pour les laboratoires professionnels, le syst\u00e8me garantit une pr\u00e9cision, une r\u00e9p\u00e9tabilit\u00e9 et une tra\u00e7abilit\u00e9 \u00e9lev\u00e9es en \u00e9liminant l'influence de l'op\u00e9rateur pendant les essais.<\/p>\n<p data-start=\"982\" data-end=\"1394\">La cha\u00eene de mesure \u00e0 grande vitesse, l'entra\u00eenement de pr\u00e9cision de la valve et les algorithmes de r\u00e9troaction en boucle ferm\u00e9e appliquent des taux de charge constants d\u00e9finis dans les normes pertinentes d'une mani\u00e8re stable et contr\u00f4l\u00e9e. Cela garantit une application pr\u00e9cise de la force et des r\u00e9sultats d'essai coh\u00e9rents sur des cycles r\u00e9p\u00e9t\u00e9s. Les fonctions automatiques de mise \u00e0 z\u00e9ro, de pr\u00e9chargement, de contr\u00f4le du taux de chargement et d'arr\u00eat \u00e0 la charge maximale sont enti\u00e8rement g\u00e9r\u00e9es par l'unit\u00e9 de contr\u00f4le.<\/p>\n<p data-start=\"1396\" data-end=\"1841\">Le grand panneau op\u00e9rateur \u00e0 \u00e9cran tactile permet d'acc\u00e9der \u00e0 des biblioth\u00e8ques de m\u00e9thodes pr\u00e9d\u00e9finies, y compris des mod\u00e8les pr\u00e9d\u00e9finis pour les essais de compression de cylindres et de cubes de b\u00e9ton, ainsi que pour les essais de compression et de flexion de prisme de mortier. Une fois les dimensions de l'\u00e9chantillon saisies, les valeurs de r\u00e9sistance \u00e0 la compression ou \u00e0 la flexion sont calcul\u00e9es automatiquement. Les graphiques de temps de charge et de contrainte en temps r\u00e9el sont affich\u00e9s pendant l'essai, ce qui permet de surveiller en permanence la progression de l'essai.<\/p>\n<p data-start=\"1843\" data-end=\"2177\">Pour l'int\u00e9gration en laboratoire et la gestion des donn\u00e9es, l'unit\u00e9 de contr\u00f4le automatique Y-Pilot prend en charge la connectivit\u00e9 USB et Ethernet, ce qui permet le transfert direct des donn\u00e9es vers des ordinateurs, des imprimantes ou des syst\u00e8mes d'information de laboratoire. Les r\u00e9sultats des tests peuvent \u00eatre export\u00e9s dans des formats courants tels que CSV, ce qui garantit la compatibilit\u00e9 avec les flux de production de rapports et d'archivage.<\/p>\n<p data-start=\"2179\" data-end=\"2635\">La capacit\u00e9 de contr\u00f4le de deux cadres permet \u00e0 une seule unit\u00e9 Y-Pilot de g\u00e9rer plusieurs stations d'essai, telles que des cadres de compression et de flexion, \u00e0 partir de la m\u00eame unit\u00e9 de puissance hydraulique. L'identification automatique du cadre et un assistant d'\u00e9talonnage int\u00e9gr\u00e9 simplifient la configuration et acc\u00e9l\u00e8rent les proc\u00e9dures de v\u00e9rification de routine. Le logiciel comprend des fonctions de v\u00e9rification de la force, un suivi de l'\u00e9talonnage et des rappels de maintenance pour assurer la tra\u00e7abilit\u00e9 des op\u00e9rations dans les laboratoires accr\u00e9dit\u00e9s.<\/p>\n<p data-start=\"2637\" data-end=\"3005\">La s\u00e9curit\u00e9 et la durabilit\u00e9 sont au c\u0153ur des priorit\u00e9s de conception. Le syst\u00e8me comprend une commande d'arr\u00eat d'urgence, des protections contre les surcharges et les limites de course, ainsi qu'un syst\u00e8me d'autodiagnostic continu pour prot\u00e9ger \u00e0 la fois l'\u00e9quipement et l'op\u00e9rateur. L'\u00e9lectronique de qualit\u00e9 industrielle avec protection contre les interf\u00e9rences \u00e9lectromagn\u00e9tiques (EMI) garantit un fonctionnement fiable dans les environnements de laboratoire exigeants.<\/p>","protected":false},"excerpt":{"rendered":"<p>L'unit\u00e9 de contr\u00f4le automatique Y-Pilot est un syst\u00e8me avanc\u00e9 bas\u00e9 sur un \u00e9cran tactile pour des essais de compression et de flexion enti\u00e8rement automatiques d'\u00e9chantillons en b\u00e9ton et \u00e0 base de ciment avec un contr\u00f4le de charge pr\u00e9cis et conforme aux normes.<\/p>","protected":false},"featured_media":0,"template":"","meta":{"_acf_changed":false},"product_brand":[],"product_cat":[142,143],"product_tag":[],"class_list":{"0":"post-11454","1":"product","2":"type-product","3":"status-publish","5":"product_cat-concrete","6":"product_cat-concrete-compression-machines","9":"instock","10":"shipping-taxable","11":"product-type-simple"},"acf":[],"yoast_head":"<!-- This site is optimized with the Yoast SEO Premium plugin v26.5 (Yoast SEO v26.5) - https:\/\/yoast.com\/wordpress\/plugins\/seo\/ -->\n<title>Y-Pilot Automatic Control Unit for Concrete &amp; Cement Compression\/Flexure Testing Machines - YKM TEST<\/title>\n<meta name=\"description\" content=\"Y-Pilot Automatic Control Unit delivers fully automatic compression and flexure testing with precise load control and real-time data monitoring.\" \/>\n<meta name=\"robots\" content=\"index, follow, max-snippet:-1, max-image-preview:large, max-video-preview:-1\" \/>\n<link rel=\"canonical\" href=\"https:\/\/darkorchid-cheetah-525435.hostingersite.com\/product\/y-pilot-automatic-control-unit-for-concrete-cement-compression-flexure-testing-machines\/\" \/>\n<meta property=\"og:locale\" content=\"fr_FR\" \/>\n<meta property=\"og:type\" content=\"article\" \/>\n<meta property=\"og:title\" content=\"Y-Pilot Automatic Control Unit for Concrete &amp; Cement Compression\/Flexure Testing Machines\" \/>\n<meta property=\"og:description\" content=\"Y-Pilot Automatic Control Unit delivers fully automatic compression and flexure testing with precise load control and real-time data monitoring.\" \/>\n<meta property=\"og:url\" content=\"https:\/\/darkorchid-cheetah-525435.hostingersite.com\/product\/y-pilot-automatic-control-unit-for-concrete-cement-compression-flexure-testing-machines\/\" \/>\n<meta property=\"og:site_name\" content=\"YKM TEST\" \/>\n<meta property=\"article:modified_time\" content=\"2025-12-24T07:40:41+00:00\" \/>\n<meta name=\"twitter:card\" content=\"summary_large_image\" \/>\n<meta name=\"twitter:label1\" content=\"Prix\" \/>\n\t<meta name=\"twitter:data1\" content=\"\" \/>\n\t<meta name=\"twitter:label2\" content=\"Disponibilit\u00e9\" \/>\n\t<meta name=\"twitter:data2\" content=\"En stock\" \/>\n<script type=\"application\/ld+json\" class=\"yoast-schema-graph\">{\"@context\":\"https:\/\/schema.org\",\"@graph\":[{\"@type\":\"WebPage\",\"@id\":\"https:\/\/darkorchid-cheetah-525435.hostingersite.com\/product\/y-pilot-automatic-control-unit-for-concrete-cement-compression-flexure-testing-machines\/\",\"url\":\"https:\/\/darkorchid-cheetah-525435.hostingersite.com\/product\/y-pilot-automatic-control-unit-for-concrete-cement-compression-flexure-testing-machines\/\",\"name\":\"Y-Pilot Automatic Control Unit for Concrete & Cement Compression\/Flexure Testing Machines - YKM TEST\",\"isPartOf\":{\"@id\":\"https:\/\/darkorchid-cheetah-525435.hostingersite.com\/#website\"},\"datePublished\":\"2025-12-24T07:40:40+00:00\",\"dateModified\":\"2025-12-24T07:40:41+00:00\",\"description\":\"Y-Pilot Automatic Control Unit delivers fully automatic compression and flexure testing with precise load control and real-time data monitoring.\",\"breadcrumb\":{\"@id\":\"https:\/\/darkorchid-cheetah-525435.hostingersite.com\/product\/y-pilot-automatic-control-unit-for-concrete-cement-compression-flexure-testing-machines\/#breadcrumb\"},\"inLanguage\":\"fr-FR\",\"potentialAction\":[{\"@type\":\"ReadAction\",\"target\":[\"https:\/\/darkorchid-cheetah-525435.hostingersite.com\/product\/y-pilot-automatic-control-unit-for-concrete-cement-compression-flexure-testing-machines\/\"]}]},{\"@type\":\"BreadcrumbList\",\"@id\":\"https:\/\/darkorchid-cheetah-525435.hostingersite.com\/product\/y-pilot-automatic-control-unit-for-concrete-cement-compression-flexure-testing-machines\/#breadcrumb\",\"itemListElement\":[{\"@type\":\"ListItem\",\"position\":1,\"name\":\"Home\",\"item\":\"https:\/\/darkorchid-cheetah-525435.hostingersite.com\/\"},{\"@type\":\"ListItem\",\"position\":2,\"name\":\"\u0422\u043e\u0432\u0430\u0440\u044b\",\"item\":\"https:\/\/ykmtest.com\/ru\/shop\/\"},{\"@type\":\"ListItem\",\"position\":3,\"name\":\"Y-Pilot Automatic Control Unit for Concrete &#038; Cement Compression\/Flexure Testing Machines\"}]},{\"@type\":\"WebSite\",\"@id\":\"https:\/\/darkorchid-cheetah-525435.hostingersite.com\/#website\",\"url\":\"https:\/\/darkorchid-cheetah-525435.hostingersite.com\/\",\"name\":\"YKM TEST\",\"description\":\"\",\"publisher\":{\"@id\":\"https:\/\/darkorchid-cheetah-525435.hostingersite.com\/#organization\"},\"potentialAction\":[{\"@type\":\"SearchAction\",\"target\":{\"@type\":\"EntryPoint\",\"urlTemplate\":\"https:\/\/darkorchid-cheetah-525435.hostingersite.com\/?s={search_term_string}\"},\"query-input\":{\"@type\":\"PropertyValueSpecification\",\"valueRequired\":true,\"valueName\":\"search_term_string\"}}],\"inLanguage\":\"fr-FR\"},{\"@type\":[\"Organization\",\"Place\"],\"@id\":\"https:\/\/darkorchid-cheetah-525435.hostingersite.com\/#organization\",\"name\":\"YKM TEST\",\"url\":\"https:\/\/darkorchid-cheetah-525435.hostingersite.com\/\",\"logo\":{\"@id\":\"https:\/\/darkorchid-cheetah-525435.hostingersite.com\/product\/y-pilot-automatic-control-unit-for-concrete-cement-compression-flexure-testing-machines\/#local-main-organization-logo\"},\"image\":{\"@id\":\"https:\/\/darkorchid-cheetah-525435.hostingersite.com\/product\/y-pilot-automatic-control-unit-for-concrete-cement-compression-flexure-testing-machines\/#local-main-organization-logo\"},\"telephone\":[],\"openingHoursSpecification\":[{\"@type\":\"OpeningHoursSpecification\",\"dayOfWeek\":[\"Monday\",\"Tuesday\",\"Wednesday\",\"Thursday\",\"Friday\",\"Saturday\",\"Sunday\"],\"opens\":\"09:00\",\"closes\":\"17:00\"}]},{\"@type\":\"ImageObject\",\"inLanguage\":\"fr-FR\",\"@id\":\"https:\/\/darkorchid-cheetah-525435.hostingersite.com\/product\/y-pilot-automatic-control-unit-for-concrete-cement-compression-flexure-testing-machines\/#local-main-organization-logo\",\"url\":\"https:\/\/ykmtest.com\/wp-content\/uploads\/2025\/10\/Asset-2@2x-8.png\",\"contentUrl\":\"https:\/\/ykmtest.com\/wp-content\/uploads\/2025\/10\/Asset-2@2x-8.png\",\"width\":1550,\"height\":323,\"caption\":\"YKM TEST\"}]}<\/script>\n<meta property=\"product:price:currency\" content=\"USD\" \/>\n<meta property=\"og:availability\" content=\"instock\" \/>\n<meta property=\"product:availability\" content=\"instock\" \/>\n<meta property=\"product:condition\" content=\"new\" \/>\n<!-- \/ Yoast SEO Premium plugin. -->","yoast_head_json":{"title":"Y-Pilot Automatic Control Unit for Concrete & Cement Compression\/Flexure Testing Machines - YKM TEST","description":"Y-Pilot Automatic Control Unit delivers fully automatic compression and flexure testing with precise load control and real-time data monitoring.","robots":{"index":"index","follow":"follow","max-snippet":"max-snippet:-1","max-image-preview":"max-image-preview:large","max-video-preview":"max-video-preview:-1"},"canonical":"https:\/\/darkorchid-cheetah-525435.hostingersite.com\/product\/y-pilot-automatic-control-unit-for-concrete-cement-compression-flexure-testing-machines\/","og_locale":"fr_FR","og_type":"article","og_title":"Y-Pilot Automatic Control Unit for Concrete & Cement Compression\/Flexure Testing Machines","og_description":"Y-Pilot Automatic Control Unit delivers fully automatic compression and flexure testing with precise load control and real-time data monitoring.","og_url":"https:\/\/darkorchid-cheetah-525435.hostingersite.com\/product\/y-pilot-automatic-control-unit-for-concrete-cement-compression-flexure-testing-machines\/","og_site_name":"YKM TEST","article_modified_time":"2025-12-24T07:40:41+00:00","twitter_card":"summary_large_image","twitter_misc":{"Prix":"","Disponibilit\u00e9":"En stock"},"schema":{"@context":"https:\/\/schema.org","@graph":[{"@type":"WebPage","@id":"https:\/\/darkorchid-cheetah-525435.hostingersite.com\/product\/y-pilot-automatic-control-unit-for-concrete-cement-compression-flexure-testing-machines\/","url":"https:\/\/darkorchid-cheetah-525435.hostingersite.com\/product\/y-pilot-automatic-control-unit-for-concrete-cement-compression-flexure-testing-machines\/","name":"Y-Pilot Automatic Control Unit for Concrete & Cement Compression\/Flexure Testing Machines - YKM TEST","isPartOf":{"@id":"https:\/\/darkorchid-cheetah-525435.hostingersite.com\/#website"},"datePublished":"2025-12-24T07:40:40+00:00","dateModified":"2025-12-24T07:40:41+00:00","description":"Y-Pilot Automatic Control Unit delivers fully automatic compression and flexure testing with precise load control and real-time data monitoring.","breadcrumb":{"@id":"https:\/\/darkorchid-cheetah-525435.hostingersite.com\/product\/y-pilot-automatic-control-unit-for-concrete-cement-compression-flexure-testing-machines\/#breadcrumb"},"inLanguage":"fr-FR","potentialAction":[{"@type":"ReadAction","target":["https:\/\/darkorchid-cheetah-525435.hostingersite.com\/product\/y-pilot-automatic-control-unit-for-concrete-cement-compression-flexure-testing-machines\/"]}]},{"@type":"BreadcrumbList","@id":"https:\/\/darkorchid-cheetah-525435.hostingersite.com\/product\/y-pilot-automatic-control-unit-for-concrete-cement-compression-flexure-testing-machines\/#breadcrumb","itemListElement":[{"@type":"ListItem","position":1,"name":"Home","item":"https:\/\/darkorchid-cheetah-525435.hostingersite.com\/"},{"@type":"ListItem","position":2,"name":"\u0422\u043e\u0432\u0430\u0440\u044b","item":"https:\/\/ykmtest.com\/ru\/shop\/"},{"@type":"ListItem","position":3,"name":"Y-Pilot Automatic Control Unit for Concrete &#038; Cement Compression\/Flexure Testing Machines"}]},{"@type":"WebSite","@id":"https:\/\/darkorchid-cheetah-525435.hostingersite.com\/#website","url":"https:\/\/darkorchid-cheetah-525435.hostingersite.com\/","name":"TEST YKM","description":"","publisher":{"@id":"https:\/\/darkorchid-cheetah-525435.hostingersite.com\/#organization"},"potentialAction":[{"@type":"SearchAction","target":{"@type":"EntryPoint","urlTemplate":"https:\/\/darkorchid-cheetah-525435.hostingersite.com\/?s={search_term_string}"},"query-input":{"@type":"PropertyValueSpecification","valueRequired":true,"valueName":"search_term_string"}}],"inLanguage":"fr-FR"},{"@type":["Organization","Place"],"@id":"https:\/\/darkorchid-cheetah-525435.hostingersite.com\/#organization","name":"TEST YKM","url":"https:\/\/darkorchid-cheetah-525435.hostingersite.com\/","logo":{"@id":"https:\/\/darkorchid-cheetah-525435.hostingersite.com\/product\/y-pilot-automatic-control-unit-for-concrete-cement-compression-flexure-testing-machines\/#local-main-organization-logo"},"image":{"@id":"https:\/\/darkorchid-cheetah-525435.hostingersite.com\/product\/y-pilot-automatic-control-unit-for-concrete-cement-compression-flexure-testing-machines\/#local-main-organization-logo"},"telephone":[],"openingHoursSpecification":[{"@type":"OpeningHoursSpecification","dayOfWeek":["Monday","Tuesday","Wednesday","Thursday","Friday","Saturday","Sunday"],"opens":"09:00","closes":"17:00"}]},{"@type":"ImageObject","inLanguage":"fr-FR","@id":"https:\/\/darkorchid-cheetah-525435.hostingersite.com\/product\/y-pilot-automatic-control-unit-for-concrete-cement-compression-flexure-testing-machines\/#local-main-organization-logo","url":"https:\/\/ykmtest.com\/wp-content\/uploads\/2025\/10\/Asset-2@2x-8.png","contentUrl":"https:\/\/ykmtest.com\/wp-content\/uploads\/2025\/10\/Asset-2@2x-8.png","width":1550,"height":323,"caption":"YKM TEST"}]},"product_price_currency":"USD","og_availability":"instock","product_availability":"instock","product_condition":"new"},"_links":{"self":[{"href":"https:\/\/ykmtest.com\/french\/wp-json\/wp\/v2\/product\/11454","targetHints":{"allow":["GET"]}}],"collection":[{"href":"https:\/\/ykmtest.com\/french\/wp-json\/wp\/v2\/product"}],"about":[{"href":"https:\/\/ykmtest.com\/french\/wp-json\/wp\/v2\/types\/product"}],"version-history":[{"count":1,"href":"https:\/\/ykmtest.com\/french\/wp-json\/wp\/v2\/product\/11454\/revisions"}],"predecessor-version":[{"id":11455,"href":"https:\/\/ykmtest.com\/french\/wp-json\/wp\/v2\/product\/11454\/revisions\/11455"}],"wp:attachment":[{"href":"https:\/\/ykmtest.com\/french\/wp-json\/wp\/v2\/media?parent=11454"}],"wp:term":[{"taxonomy":"product_brand","embeddable":true,"href":"https:\/\/ykmtest.com\/french\/wp-json\/wp\/v2\/product_brand?post=11454"},{"taxonomy":"product_cat","embeddable":true,"href":"https:\/\/ykmtest.com\/french\/wp-json\/wp\/v2\/product_cat?post=11454"},{"taxonomy":"product_tag","embeddable":true,"href":"https:\/\/ykmtest.com\/french\/wp-json\/wp\/v2\/product_tag?post=11454"}],"curies":[{"name":"wp","href":"https:\/\/api.w.org\/{rel}","templated":true}]}}