{"id":11473,"date":"2025-12-24T08:59:55","date_gmt":"2025-12-24T08:59:55","guid":{"rendered":"https:\/\/ykmtest.com\/?post_type=product&#038;p=11473"},"modified":"2025-12-24T08:59:55","modified_gmt":"2025-12-24T08:59:55","slug":"automatic-flexural-testing-machines-rectangle-type","status":"publish","type":"product","link":"https:\/\/ykmtest.com\/french\/produit\/automatic-flexural-testing-machines-rectangle-type\/","title":{"rendered":"Machines d'essai de flexion automatiques \u2013 Type rectangulaire"},"content":{"rendered":"<p>Les machines d'essai de flexion automatiques - type rectangulaire sont des machines d'essai contr\u00f4l\u00e9es en boucle ferm\u00e9e, con\u00e7ues pour d\u00e9terminer la r\u00e9sistance \u00e0 la flexion des \u00e9chantillons de poutres et de dalles en b\u00e9ton, conform\u00e9ment aux normes et ind\u00e9pendamment de l'influence de l'op\u00e9rateur. Le cadre rectangulaire \u00e0 haute rigidit\u00e9, la base monobloc et la faible d\u00e9flexion du cadre garantissent la fid\u00e9lit\u00e9 axiale dans le transfert de la charge \u00e0 l'\u00e9chantillon. La t\u00eate sup\u00e9rieure \u00e0 assise sph\u00e9rique et le palier inf\u00e9rieur rectifi\u00e9 avec pr\u00e9cision maintiennent la ligne de contact, produisant des r\u00e9sultats r\u00e9p\u00e9tables \u00e0 chaque essai. L'architecture de la machine est configur\u00e9e avec des port\u00e9es r\u00e9glables et des t\u00eates de chargement interchangeables pour s'adapter aux poutres et aux dalles de tailles et de types diff\u00e9rents. Cela permet de passer rapidement d'une configuration de chargement au point central \u00e0 une configuration de chargement au troisi\u00e8me point, tandis que la finition lisse des rouleaux cylindriques tremp\u00e9s emp\u00eache l'\u00e9crasement des bords. La commande hydraulique en boucle ferm\u00e9e applique le taux de charge constant souhait\u00e9 de mani\u00e8re stable ; la charge maximale est saisie \u00e0 la rupture et la r\u00e9sistance \u00e0 la flexion est calcul\u00e9e instantan\u00e9ment en MPa. La grande port\u00e9e et la course suffisante permettent \u00e9galement de tester des poutres standard ainsi que des bordures de trottoirs, des dalles de pavage et d'autres \u00e9l\u00e9ments pr\u00e9fabriqu\u00e9s. Les mod\u00e8les de m\u00e9thodes pr\u00e9d\u00e9finis, les donn\u00e9es des \u00e9chantillons et les taux de charge cibles peuvent \u00eatre facilement s\u00e9lectionn\u00e9s \u00e0 l'aide de l'IHM \u00e0 \u00e9cran tactile de qualit\u00e9 industrielle. Les graphiques de temps de charge et de charge-d\u00e9formation sont contr\u00f4l\u00e9s en temps r\u00e9el. La connectivit\u00e9 USB\/Ethernet permet d'\u00e9tablir des rapports CSV\/PDF compatibles avec le LIMS, et l'autorisation de l'utilisateur avec piste d'audit renforce la conformit\u00e9 avec les normes du laboratoire. La zone d'essai est prot\u00e9g\u00e9e par une enceinte de s\u00e9curit\u00e9 transparente avec verrouillage de la porte, arr\u00eat d'urgence, limites de course et de surcharge. Le rev\u00eatement de surface r\u00e9sistant \u00e0 la corrosion, les zones de contact lisses et les panneaux de service accessibles permettent un nettoyage rapide et une maintenance minimale.<\/p>","protected":false},"excerpt":{"rendered":"<p>Les machines automatiques d'essai de flexion - type rectangle sont des syst\u00e8mes \u00e0 haute rigidit\u00e9, en boucle ferm\u00e9e, con\u00e7us pour la d\u00e9termination pr\u00e9cise et r\u00e9p\u00e9table de la r\u00e9sistance \u00e0 la flexion des poutres, dalles et \u00e9l\u00e9ments pr\u00e9fabriqu\u00e9s en b\u00e9ton. Elles combinent des port\u00e9es r\u00e9glables, des t\u00eates de chargement interchangeables, des t\u00eates sup\u00e9rieures \u00e0 assise sph\u00e9rique et un contr\u00f4le des donn\u00e9es en temps r\u00e9el avec des caract\u00e9ristiques robustes de s\u00e9curit\u00e9 et d'int\u00e9gration dans le laboratoire.<\/p>","protected":false},"featured_media":0,"template":"","meta":{"_acf_changed":false},"product_brand":[],"product_cat":[142,144],"product_tag":[],"class_list":{"0":"post-11473","1":"product","2":"type-product","3":"status-publish","5":"product_cat-concrete","6":"product_cat-flexural-testing-machines","9":"instock","10":"shipping-taxable","11":"product-type-simple"},"acf":[],"yoast_head":"<!-- This site is optimized with the Yoast SEO Premium plugin v26.5 (Yoast SEO v27.5) - https:\/\/yoast.com\/product\/yoast-seo-premium-wordpress\/ -->\n<title>Automatic Flexural Testing Machines \u2013 Rectangle Type - YKM TEST<\/title>\n<meta name=\"description\" content=\"Automatic Flexural Testing Machines \u2013 Rectangle Type provide precise, repeatable flexural strength testing of concrete beams, slabs, and prefabricated elements with real-time monitoring.\" \/>\n<meta name=\"robots\" content=\"index, follow, max-snippet:-1, max-image-preview:large, max-video-preview:-1\" \/>\n<link rel=\"canonical\" href=\"https:\/\/darkorchid-cheetah-525435.hostingersite.com\/product\/automatic-flexural-testing-machines-rectangle-type\/\" \/>\n<meta property=\"og:locale\" content=\"fr_FR\" \/>\n<meta property=\"og:type\" content=\"article\" \/>\n<meta property=\"og:title\" content=\"Automatic Flexural Testing Machines \u2013 Rectangle Type\" \/>\n<meta property=\"og:description\" content=\"Automatic Flexural Testing Machines \u2013 Rectangle Type provide precise, repeatable flexural strength testing of concrete beams, slabs, and prefabricated elements with real-time monitoring.\" \/>\n<meta property=\"og:url\" content=\"https:\/\/darkorchid-cheetah-525435.hostingersite.com\/product\/automatic-flexural-testing-machines-rectangle-type\/\" \/>\n<meta property=\"og:site_name\" content=\"YKM TEST\" \/>\n<meta name=\"twitter:card\" content=\"summary_large_image\" \/>\n<meta name=\"twitter:label1\" content=\"Prix\" \/>\n\t<meta name=\"twitter:data1\" content=\"\" \/>\n\t<meta name=\"twitter:label2\" content=\"Disponibilit\u00e9\" \/>\n\t<meta name=\"twitter:data2\" content=\"En stock\" \/>\n<script type=\"application\/ld+json\" class=\"yoast-schema-graph\">{\"@context\":\"https:\\\/\\\/schema.org\",\"@graph\":[{\"@type\":\"WebPage\",\"@id\":\"https:\\\/\\\/darkorchid-cheetah-525435.hostingersite.com\\\/product\\\/automatic-flexural-testing-machines-rectangle-type\\\/\",\"url\":\"https:\\\/\\\/darkorchid-cheetah-525435.hostingersite.com\\\/product\\\/automatic-flexural-testing-machines-rectangle-type\\\/\",\"name\":\"Automatic Flexural Testing Machines \u2013 Rectangle Type - YKM TEST\",\"isPartOf\":{\"@id\":\"https:\\\/\\\/darkorchid-cheetah-525435.hostingersite.com\\\/#website\"},\"datePublished\":\"2025-12-24T08:59:55+00:00\",\"description\":\"Automatic Flexural Testing Machines \u2013 Rectangle Type provide precise, repeatable flexural strength testing of concrete beams, slabs, and prefabricated elements with real-time monitoring.\",\"breadcrumb\":{\"@id\":\"https:\\\/\\\/darkorchid-cheetah-525435.hostingersite.com\\\/product\\\/automatic-flexural-testing-machines-rectangle-type\\\/#breadcrumb\"},\"inLanguage\":\"fr-FR\",\"potentialAction\":[{\"@type\":\"ReadAction\",\"target\":[\"https:\\\/\\\/darkorchid-cheetah-525435.hostingersite.com\\\/product\\\/automatic-flexural-testing-machines-rectangle-type\\\/\"]}]},{\"@type\":\"BreadcrumbList\",\"@id\":\"https:\\\/\\\/darkorchid-cheetah-525435.hostingersite.com\\\/product\\\/automatic-flexural-testing-machines-rectangle-type\\\/#breadcrumb\",\"itemListElement\":[{\"@type\":\"ListItem\",\"position\":1,\"name\":\"Home\",\"item\":\"https:\\\/\\\/darkorchid-cheetah-525435.hostingersite.com\\\/\"},{\"@type\":\"ListItem\",\"position\":2,\"name\":\"\u0422\u043e\u0432\u0430\u0440\u044b\",\"item\":\"https:\\\/\\\/ykmtest.com\\\/ru\\\/shop\\\/\"},{\"@type\":\"ListItem\",\"position\":3,\"name\":\"Automatic Flexural Testing Machines \u2013 Rectangle Type\"}]},{\"@type\":\"WebSite\",\"@id\":\"https:\\\/\\\/darkorchid-cheetah-525435.hostingersite.com\\\/#website\",\"url\":\"https:\\\/\\\/darkorchid-cheetah-525435.hostingersite.com\\\/\",\"name\":\"YKM TEST\",\"description\":\"\",\"publisher\":{\"@id\":\"https:\\\/\\\/darkorchid-cheetah-525435.hostingersite.com\\\/#organization\"},\"potentialAction\":[{\"@type\":\"SearchAction\",\"target\":{\"@type\":\"EntryPoint\",\"urlTemplate\":\"https:\\\/\\\/darkorchid-cheetah-525435.hostingersite.com\\\/?s={search_term_string}\"},\"query-input\":{\"@type\":\"PropertyValueSpecification\",\"valueRequired\":true,\"valueName\":\"search_term_string\"}}],\"inLanguage\":\"fr-FR\"},{\"@type\":[\"Organization\",\"Place\"],\"@id\":\"https:\\\/\\\/darkorchid-cheetah-525435.hostingersite.com\\\/#organization\",\"name\":\"YKM TEST\",\"url\":\"https:\\\/\\\/darkorchid-cheetah-525435.hostingersite.com\\\/\",\"logo\":{\"@id\":\"https:\\\/\\\/darkorchid-cheetah-525435.hostingersite.com\\\/product\\\/automatic-flexural-testing-machines-rectangle-type\\\/#local-main-organization-logo\"},\"image\":{\"@id\":\"https:\\\/\\\/darkorchid-cheetah-525435.hostingersite.com\\\/product\\\/automatic-flexural-testing-machines-rectangle-type\\\/#local-main-organization-logo\"},\"telephone\":[],\"openingHoursSpecification\":[{\"@type\":\"OpeningHoursSpecification\",\"dayOfWeek\":[\"Monday\",\"Tuesday\",\"Wednesday\",\"Thursday\",\"Friday\",\"Saturday\",\"Sunday\"],\"opens\":\"09:00\",\"closes\":\"17:00\"}]},{\"@type\":\"ImageObject\",\"inLanguage\":\"fr-FR\",\"@id\":\"https:\\\/\\\/darkorchid-cheetah-525435.hostingersite.com\\\/product\\\/automatic-flexural-testing-machines-rectangle-type\\\/#local-main-organization-logo\",\"url\":\"https:\\\/\\\/ykmtest.com\\\/wp-content\\\/uploads\\\/2025\\\/10\\\/Asset-2@2x-8.png\",\"contentUrl\":\"https:\\\/\\\/ykmtest.com\\\/wp-content\\\/uploads\\\/2025\\\/10\\\/Asset-2@2x-8.png\",\"width\":1550,\"height\":323,\"caption\":\"YKM TEST\"}]}<\/script>\n<meta property=\"product:price:currency\" content=\"USD\" \/>\n<meta property=\"og:availability\" content=\"instock\" \/>\n<meta property=\"product:availability\" content=\"instock\" \/>\n<meta property=\"product:condition\" content=\"new\" \/>\n<!-- \/ Yoast SEO Premium plugin. -->","yoast_head_json":{"title":"Automatic Flexural Testing Machines \u2013 Rectangle Type - YKM TEST","description":"Automatic Flexural Testing Machines \u2013 Rectangle Type provide precise, repeatable flexural strength testing of concrete beams, slabs, and prefabricated elements with real-time monitoring.","robots":{"index":"index","follow":"follow","max-snippet":"max-snippet:-1","max-image-preview":"max-image-preview:large","max-video-preview":"max-video-preview:-1"},"canonical":"https:\/\/darkorchid-cheetah-525435.hostingersite.com\/product\/automatic-flexural-testing-machines-rectangle-type\/","og_locale":"fr_FR","og_type":"article","og_title":"Automatic Flexural Testing Machines \u2013 Rectangle Type","og_description":"Automatic Flexural Testing Machines \u2013 Rectangle Type provide precise, repeatable flexural strength testing of concrete beams, slabs, and prefabricated elements with real-time monitoring.","og_url":"https:\/\/darkorchid-cheetah-525435.hostingersite.com\/product\/automatic-flexural-testing-machines-rectangle-type\/","og_site_name":"YKM TEST","twitter_card":"summary_large_image","twitter_misc":{"Prix":"","Disponibilit\u00e9":"En stock"},"schema":{"@context":"https:\/\/schema.org","@graph":[{"@type":"WebPage","@id":"https:\/\/darkorchid-cheetah-525435.hostingersite.com\/product\/automatic-flexural-testing-machines-rectangle-type\/","url":"https:\/\/darkorchid-cheetah-525435.hostingersite.com\/product\/automatic-flexural-testing-machines-rectangle-type\/","name":"Automatic Flexural Testing Machines \u2013 Rectangle Type - YKM TEST","isPartOf":{"@id":"https:\/\/darkorchid-cheetah-525435.hostingersite.com\/#website"},"datePublished":"2025-12-24T08:59:55+00:00","description":"Automatic Flexural Testing Machines \u2013 Rectangle Type provide precise, repeatable flexural strength testing of concrete beams, slabs, and prefabricated elements with real-time monitoring.","breadcrumb":{"@id":"https:\/\/darkorchid-cheetah-525435.hostingersite.com\/product\/automatic-flexural-testing-machines-rectangle-type\/#breadcrumb"},"inLanguage":"fr-FR","potentialAction":[{"@type":"ReadAction","target":["https:\/\/darkorchid-cheetah-525435.hostingersite.com\/product\/automatic-flexural-testing-machines-rectangle-type\/"]}]},{"@type":"BreadcrumbList","@id":"https:\/\/darkorchid-cheetah-525435.hostingersite.com\/product\/automatic-flexural-testing-machines-rectangle-type\/#breadcrumb","itemListElement":[{"@type":"ListItem","position":1,"name":"Home","item":"https:\/\/darkorchid-cheetah-525435.hostingersite.com\/"},{"@type":"ListItem","position":2,"name":"\u0422\u043e\u0432\u0430\u0440\u044b","item":"https:\/\/ykmtest.com\/ru\/shop\/"},{"@type":"ListItem","position":3,"name":"Automatic Flexural Testing Machines \u2013 Rectangle Type"}]},{"@type":"WebSite","@id":"https:\/\/darkorchid-cheetah-525435.hostingersite.com\/#website","url":"https:\/\/darkorchid-cheetah-525435.hostingersite.com\/","name":"TEST YKM","description":"","publisher":{"@id":"https:\/\/darkorchid-cheetah-525435.hostingersite.com\/#organization"},"potentialAction":[{"@type":"SearchAction","target":{"@type":"EntryPoint","urlTemplate":"https:\/\/darkorchid-cheetah-525435.hostingersite.com\/?s={search_term_string}"},"query-input":{"@type":"PropertyValueSpecification","valueRequired":true,"valueName":"search_term_string"}}],"inLanguage":"fr-FR"},{"@type":["Organization","Place"],"@id":"https:\/\/darkorchid-cheetah-525435.hostingersite.com\/#organization","name":"TEST YKM","url":"https:\/\/darkorchid-cheetah-525435.hostingersite.com\/","logo":{"@id":"https:\/\/darkorchid-cheetah-525435.hostingersite.com\/product\/automatic-flexural-testing-machines-rectangle-type\/#local-main-organization-logo"},"image":{"@id":"https:\/\/darkorchid-cheetah-525435.hostingersite.com\/product\/automatic-flexural-testing-machines-rectangle-type\/#local-main-organization-logo"},"telephone":[],"openingHoursSpecification":[{"@type":"OpeningHoursSpecification","dayOfWeek":["Monday","Tuesday","Wednesday","Thursday","Friday","Saturday","Sunday"],"opens":"09:00","closes":"17:00"}]},{"@type":"ImageObject","inLanguage":"fr-FR","@id":"https:\/\/darkorchid-cheetah-525435.hostingersite.com\/product\/automatic-flexural-testing-machines-rectangle-type\/#local-main-organization-logo","url":"https:\/\/ykmtest.com\/wp-content\/uploads\/2025\/10\/Asset-2@2x-8.png","contentUrl":"https:\/\/ykmtest.com\/wp-content\/uploads\/2025\/10\/Asset-2@2x-8.png","width":1550,"height":323,"caption":"YKM TEST"}]},"product_price_currency":"USD","og_availability":"instock","product_availability":"instock","product_condition":"new"},"_links":{"self":[{"href":"https:\/\/ykmtest.com\/french\/wp-json\/wp\/v2\/product\/11473","targetHints":{"allow":["GET"]}}],"collection":[{"href":"https:\/\/ykmtest.com\/french\/wp-json\/wp\/v2\/product"}],"about":[{"href":"https:\/\/ykmtest.com\/french\/wp-json\/wp\/v2\/types\/product"}],"version-history":[{"count":1,"href":"https:\/\/ykmtest.com\/french\/wp-json\/wp\/v2\/product\/11473\/revisions"}],"predecessor-version":[{"id":11474,"href":"https:\/\/ykmtest.com\/french\/wp-json\/wp\/v2\/product\/11473\/revisions\/11474"}],"wp:attachment":[{"href":"https:\/\/ykmtest.com\/french\/wp-json\/wp\/v2\/media?parent=11473"}],"wp:term":[{"taxonomy":"product_brand","embeddable":true,"href":"https:\/\/ykmtest.com\/french\/wp-json\/wp\/v2\/product_brand?post=11473"},{"taxonomy":"product_cat","embeddable":true,"href":"https:\/\/ykmtest.com\/french\/wp-json\/wp\/v2\/product_cat?post=11473"},{"taxonomy":"product_tag","embeddable":true,"href":"https:\/\/ykmtest.com\/french\/wp-json\/wp\/v2\/product_tag?post=11473"}],"curies":[{"name":"wp","href":"https:\/\/api.w.org\/{rel}","templated":true}]}}