{"id":11479,"date":"2025-12-24T09:30:47","date_gmt":"2025-12-24T09:30:47","guid":{"rendered":"https:\/\/ykmtest.com\/?post_type=product&#038;p=11479"},"modified":"2025-12-24T09:30:48","modified_gmt":"2025-12-24T09:30:48","slug":"slump-test-set-astm","status":"publish","type":"product","link":"https:\/\/ykmtest.com\/french\/produit\/slump-test-set-astm\/","title":{"rendered":"Ensemble d'essai de slump, ASTM"},"content":{"rendered":"<p class=\"p2\"><span lang=\"TR\">L'ensemble de test d'affaissement, ASTM est un ensemble d'\u00e9quipement utilis\u00e9 pour \u00e9valuer la consistance du b\u00e9ton frais conform\u00e9ment aux proc\u00e9dures standard et avec une pr\u00e9cision r\u00e9p\u00e9table. Le corps en m\u00e9tal galvanis\u00e9 \u00e0 paroi \u00e9paisse, les deux poign\u00e9es de transport et les pattes de fixation s\u00e9curisent le c\u00f4ne ; la surface int\u00e9rieure lisse pr\u00e9serve la forme de l'\u00e9chantillon lorsque le moule est soulev\u00e9 et am\u00e9liore la clart\u00e9 de la lecture. La tige de bourrage est fabriqu\u00e9e conform\u00e9ment aux exigences de l'ASTM, avec des dimensions de 5\/8 in (\u224816 mm) de diam\u00e8tre et 24 in (\u2248610 mm) de longueur, et a une pointe h\u00e9misph\u00e9rique. L'ensemble comprend un c\u00f4ne d'affaissement, une plaque de base d'affaissement, une pelle en m\u00e9tal, une r\u00e8gle en acier, une tige de bourrage et un maillet en caoutchouc.<\/span><\/p>","protected":false},"excerpt":{"rendered":"<p class=\"p1\"><span lang=\"TR\">Le Slump Test Set, ASTM est un kit complet, conforme aux normes, con\u00e7u pour \u00e9valuer avec pr\u00e9cision la consistance du b\u00e9ton frais. Il comprend un c\u00f4ne galvanis\u00e9 durable avec des poign\u00e9es de transport et des pattes de fixation, une surface int\u00e9rieure lisse et tous les accessoires essentiels, y compris une tige de bourrage, une plaque de base, une pelle, une r\u00e8gle et un maillet en caoutchouc.<\/span><\/p>","protected":false},"featured_media":0,"template":"","meta":{"_acf_changed":false},"product_brand":[],"product_cat":[142,145],"product_tag":[],"class_list":{"0":"post-11479","1":"product","2":"type-product","3":"status-publish","5":"product_cat-concrete","6":"product_cat-workability-and-consistency","9":"instock","10":"shipping-taxable","11":"product-type-simple"},"acf":[],"yoast_head":"<!-- This site is optimized with the Yoast SEO Premium plugin v26.5 (Yoast SEO v27.5) - https:\/\/yoast.com\/product\/yoast-seo-premium-wordpress\/ -->\n<title>Slump Test Set, ASTM - YKM TEST<\/title>\n<meta name=\"description\" content=\"Measure fresh concrete consistency accurately with the ASTM Slump Test Set. Includes galvanized cone, tamping rod, base plate, scoop, ruler, and rubber mallet.\" \/>\n<meta name=\"robots\" content=\"index, follow, max-snippet:-1, max-image-preview:large, max-video-preview:-1\" \/>\n<link rel=\"canonical\" href=\"https:\/\/darkorchid-cheetah-525435.hostingersite.com\/product\/slump-test-set-astm\/\" \/>\n<meta property=\"og:locale\" content=\"fr_FR\" \/>\n<meta property=\"og:type\" content=\"article\" \/>\n<meta property=\"og:title\" content=\"Slump Test Set, ASTM\" \/>\n<meta property=\"og:description\" content=\"Measure fresh concrete consistency accurately with the ASTM Slump Test Set. Includes galvanized cone, tamping rod, base plate, scoop, ruler, and rubber mallet.\" \/>\n<meta property=\"og:url\" content=\"https:\/\/darkorchid-cheetah-525435.hostingersite.com\/product\/slump-test-set-astm\/\" \/>\n<meta property=\"og:site_name\" content=\"YKM TEST\" \/>\n<meta property=\"article:modified_time\" content=\"2025-12-24T09:30:48+00:00\" \/>\n<meta name=\"twitter:card\" content=\"summary_large_image\" \/>\n<meta name=\"twitter:label1\" content=\"Prix\" \/>\n\t<meta name=\"twitter:data1\" content=\"\" \/>\n\t<meta name=\"twitter:label2\" content=\"Disponibilit\u00e9\" \/>\n\t<meta name=\"twitter:data2\" content=\"En stock\" \/>\n<script type=\"application\/ld+json\" class=\"yoast-schema-graph\">{\"@context\":\"https:\\\/\\\/schema.org\",\"@graph\":[{\"@type\":\"WebPage\",\"@id\":\"https:\\\/\\\/darkorchid-cheetah-525435.hostingersite.com\\\/product\\\/slump-test-set-astm\\\/\",\"url\":\"https:\\\/\\\/darkorchid-cheetah-525435.hostingersite.com\\\/product\\\/slump-test-set-astm\\\/\",\"name\":\"Slump Test Set, ASTM - YKM TEST\",\"isPartOf\":{\"@id\":\"https:\\\/\\\/darkorchid-cheetah-525435.hostingersite.com\\\/#website\"},\"datePublished\":\"2025-12-24T09:30:47+00:00\",\"dateModified\":\"2025-12-24T09:30:48+00:00\",\"description\":\"Measure fresh concrete consistency accurately with the ASTM Slump Test Set. Includes galvanized cone, tamping rod, base plate, scoop, ruler, and rubber mallet.\",\"breadcrumb\":{\"@id\":\"https:\\\/\\\/darkorchid-cheetah-525435.hostingersite.com\\\/product\\\/slump-test-set-astm\\\/#breadcrumb\"},\"inLanguage\":\"fr-FR\",\"potentialAction\":[{\"@type\":\"ReadAction\",\"target\":[\"https:\\\/\\\/darkorchid-cheetah-525435.hostingersite.com\\\/product\\\/slump-test-set-astm\\\/\"]}]},{\"@type\":\"BreadcrumbList\",\"@id\":\"https:\\\/\\\/darkorchid-cheetah-525435.hostingersite.com\\\/product\\\/slump-test-set-astm\\\/#breadcrumb\",\"itemListElement\":[{\"@type\":\"ListItem\",\"position\":1,\"name\":\"Home\",\"item\":\"https:\\\/\\\/darkorchid-cheetah-525435.hostingersite.com\\\/\"},{\"@type\":\"ListItem\",\"position\":2,\"name\":\"\u0422\u043e\u0432\u0430\u0440\u044b\",\"item\":\"https:\\\/\\\/ykmtest.com\\\/ru\\\/shop\\\/\"},{\"@type\":\"ListItem\",\"position\":3,\"name\":\"Slump Test Set, ASTM\"}]},{\"@type\":\"WebSite\",\"@id\":\"https:\\\/\\\/darkorchid-cheetah-525435.hostingersite.com\\\/#website\",\"url\":\"https:\\\/\\\/darkorchid-cheetah-525435.hostingersite.com\\\/\",\"name\":\"YKM TEST\",\"description\":\"\",\"publisher\":{\"@id\":\"https:\\\/\\\/darkorchid-cheetah-525435.hostingersite.com\\\/#organization\"},\"potentialAction\":[{\"@type\":\"SearchAction\",\"target\":{\"@type\":\"EntryPoint\",\"urlTemplate\":\"https:\\\/\\\/darkorchid-cheetah-525435.hostingersite.com\\\/?s={search_term_string}\"},\"query-input\":{\"@type\":\"PropertyValueSpecification\",\"valueRequired\":true,\"valueName\":\"search_term_string\"}}],\"inLanguage\":\"fr-FR\"},{\"@type\":[\"Organization\",\"Place\"],\"@id\":\"https:\\\/\\\/darkorchid-cheetah-525435.hostingersite.com\\\/#organization\",\"name\":\"YKM TEST\",\"url\":\"https:\\\/\\\/darkorchid-cheetah-525435.hostingersite.com\\\/\",\"logo\":{\"@id\":\"https:\\\/\\\/darkorchid-cheetah-525435.hostingersite.com\\\/product\\\/slump-test-set-astm\\\/#local-main-organization-logo\"},\"image\":{\"@id\":\"https:\\\/\\\/darkorchid-cheetah-525435.hostingersite.com\\\/product\\\/slump-test-set-astm\\\/#local-main-organization-logo\"},\"telephone\":[],\"openingHoursSpecification\":[{\"@type\":\"OpeningHoursSpecification\",\"dayOfWeek\":[\"Monday\",\"Tuesday\",\"Wednesday\",\"Thursday\",\"Friday\",\"Saturday\",\"Sunday\"],\"opens\":\"09:00\",\"closes\":\"17:00\"}]},{\"@type\":\"ImageObject\",\"inLanguage\":\"fr-FR\",\"@id\":\"https:\\\/\\\/darkorchid-cheetah-525435.hostingersite.com\\\/product\\\/slump-test-set-astm\\\/#local-main-organization-logo\",\"url\":\"https:\\\/\\\/ykmtest.com\\\/wp-content\\\/uploads\\\/2025\\\/10\\\/Asset-2@2x-8.png\",\"contentUrl\":\"https:\\\/\\\/ykmtest.com\\\/wp-content\\\/uploads\\\/2025\\\/10\\\/Asset-2@2x-8.png\",\"width\":1550,\"height\":323,\"caption\":\"YKM TEST\"}]}<\/script>\n<meta property=\"product:price:currency\" content=\"USD\" \/>\n<meta property=\"og:availability\" content=\"instock\" \/>\n<meta property=\"product:availability\" content=\"instock\" \/>\n<meta property=\"product:condition\" content=\"new\" \/>\n<!-- \/ Yoast SEO Premium plugin. -->","yoast_head_json":{"title":"Slump Test Set, ASTM - YKM TEST","description":"Measure fresh concrete consistency accurately with the ASTM Slump Test Set. Includes galvanized cone, tamping rod, base plate, scoop, ruler, and rubber mallet.","robots":{"index":"index","follow":"follow","max-snippet":"max-snippet:-1","max-image-preview":"max-image-preview:large","max-video-preview":"max-video-preview:-1"},"canonical":"https:\/\/darkorchid-cheetah-525435.hostingersite.com\/product\/slump-test-set-astm\/","og_locale":"fr_FR","og_type":"article","og_title":"Slump Test Set, ASTM","og_description":"Measure fresh concrete consistency accurately with the ASTM Slump Test Set. Includes galvanized cone, tamping rod, base plate, scoop, ruler, and rubber mallet.","og_url":"https:\/\/darkorchid-cheetah-525435.hostingersite.com\/product\/slump-test-set-astm\/","og_site_name":"YKM TEST","article_modified_time":"2025-12-24T09:30:48+00:00","twitter_card":"summary_large_image","twitter_misc":{"Prix":"","Disponibilit\u00e9":"En stock"},"schema":{"@context":"https:\/\/schema.org","@graph":[{"@type":"WebPage","@id":"https:\/\/darkorchid-cheetah-525435.hostingersite.com\/product\/slump-test-set-astm\/","url":"https:\/\/darkorchid-cheetah-525435.hostingersite.com\/product\/slump-test-set-astm\/","name":"Slump Test Set, ASTM - YKM TEST","isPartOf":{"@id":"https:\/\/darkorchid-cheetah-525435.hostingersite.com\/#website"},"datePublished":"2025-12-24T09:30:47+00:00","dateModified":"2025-12-24T09:30:48+00:00","description":"Measure fresh concrete consistency accurately with the ASTM Slump Test Set. Includes galvanized cone, tamping rod, base plate, scoop, ruler, and rubber mallet.","breadcrumb":{"@id":"https:\/\/darkorchid-cheetah-525435.hostingersite.com\/product\/slump-test-set-astm\/#breadcrumb"},"inLanguage":"fr-FR","potentialAction":[{"@type":"ReadAction","target":["https:\/\/darkorchid-cheetah-525435.hostingersite.com\/product\/slump-test-set-astm\/"]}]},{"@type":"BreadcrumbList","@id":"https:\/\/darkorchid-cheetah-525435.hostingersite.com\/product\/slump-test-set-astm\/#breadcrumb","itemListElement":[{"@type":"ListItem","position":1,"name":"Home","item":"https:\/\/darkorchid-cheetah-525435.hostingersite.com\/"},{"@type":"ListItem","position":2,"name":"\u0422\u043e\u0432\u0430\u0440\u044b","item":"https:\/\/ykmtest.com\/ru\/shop\/"},{"@type":"ListItem","position":3,"name":"Slump Test Set, ASTM"}]},{"@type":"WebSite","@id":"https:\/\/darkorchid-cheetah-525435.hostingersite.com\/#website","url":"https:\/\/darkorchid-cheetah-525435.hostingersite.com\/","name":"TEST YKM","description":"","publisher":{"@id":"https:\/\/darkorchid-cheetah-525435.hostingersite.com\/#organization"},"potentialAction":[{"@type":"SearchAction","target":{"@type":"EntryPoint","urlTemplate":"https:\/\/darkorchid-cheetah-525435.hostingersite.com\/?s={search_term_string}"},"query-input":{"@type":"PropertyValueSpecification","valueRequired":true,"valueName":"search_term_string"}}],"inLanguage":"fr-FR"},{"@type":["Organization","Place"],"@id":"https:\/\/darkorchid-cheetah-525435.hostingersite.com\/#organization","name":"TEST YKM","url":"https:\/\/darkorchid-cheetah-525435.hostingersite.com\/","logo":{"@id":"https:\/\/darkorchid-cheetah-525435.hostingersite.com\/product\/slump-test-set-astm\/#local-main-organization-logo"},"image":{"@id":"https:\/\/darkorchid-cheetah-525435.hostingersite.com\/product\/slump-test-set-astm\/#local-main-organization-logo"},"telephone":[],"openingHoursSpecification":[{"@type":"OpeningHoursSpecification","dayOfWeek":["Monday","Tuesday","Wednesday","Thursday","Friday","Saturday","Sunday"],"opens":"09:00","closes":"17:00"}]},{"@type":"ImageObject","inLanguage":"fr-FR","@id":"https:\/\/darkorchid-cheetah-525435.hostingersite.com\/product\/slump-test-set-astm\/#local-main-organization-logo","url":"https:\/\/ykmtest.com\/wp-content\/uploads\/2025\/10\/Asset-2@2x-8.png","contentUrl":"https:\/\/ykmtest.com\/wp-content\/uploads\/2025\/10\/Asset-2@2x-8.png","width":1550,"height":323,"caption":"YKM TEST"}]},"product_price_currency":"USD","og_availability":"instock","product_availability":"instock","product_condition":"new"},"_links":{"self":[{"href":"https:\/\/ykmtest.com\/french\/wp-json\/wp\/v2\/product\/11479","targetHints":{"allow":["GET"]}}],"collection":[{"href":"https:\/\/ykmtest.com\/french\/wp-json\/wp\/v2\/product"}],"about":[{"href":"https:\/\/ykmtest.com\/french\/wp-json\/wp\/v2\/types\/product"}],"version-history":[{"count":1,"href":"https:\/\/ykmtest.com\/french\/wp-json\/wp\/v2\/product\/11479\/revisions"}],"predecessor-version":[{"id":11480,"href":"https:\/\/ykmtest.com\/french\/wp-json\/wp\/v2\/product\/11479\/revisions\/11480"}],"wp:attachment":[{"href":"https:\/\/ykmtest.com\/french\/wp-json\/wp\/v2\/media?parent=11479"}],"wp:term":[{"taxonomy":"product_brand","embeddable":true,"href":"https:\/\/ykmtest.com\/french\/wp-json\/wp\/v2\/product_brand?post=11479"},{"taxonomy":"product_cat","embeddable":true,"href":"https:\/\/ykmtest.com\/french\/wp-json\/wp\/v2\/product_cat?post=11479"},{"taxonomy":"product_tag","embeddable":true,"href":"https:\/\/ykmtest.com\/french\/wp-json\/wp\/v2\/product_tag?post=11479"}],"curies":[{"name":"wp","href":"https:\/\/api.w.org\/{rel}","templated":true}]}}