{"id":11492,"date":"2025-12-25T10:42:28","date_gmt":"2025-12-25T10:42:28","guid":{"rendered":"https:\/\/ykmtest.com\/?post_type=product&#038;p=11492"},"modified":"2025-12-25T10:42:29","modified_gmt":"2025-12-25T10:42:29","slug":"j-ring-narrow-gap-en","status":"publish","type":"product","link":"https:\/\/ykmtest.com\/french\/produit\/j-ring-narrow-gap-en\/","title":{"rendered":"J-Ring, espace \u00e9troit, EN"},"content":{"rendered":"<p class=\"p2\"><span lang=\"TR\">J-Ring Narrow Gap, EN est un appareil professionnel en acier inoxydable con\u00e7u pour \u00e9valuer la capacit\u00e9 de passage et le comportement d'\u00e9coulement du b\u00e9ton auto-pla\u00e7ant (SCC) \u00e0 travers des ouvertures \u00e9troites. Les tiges d'acier lisses dispos\u00e9es sur un anneau de support circulaire cr\u00e9ent une g\u00e9om\u00e9trie d'obstruction semblable \u00e0 celle d'une armature et sont fix\u00e9es dans une configuration d'espace \u00e9troit afin de garantir des conditions de passage identiques dans chaque configuration. L'appareil est configur\u00e9 pour r\u00e9pondre aux exigences de la norme EN relative aux ouvertures \u00e9troites avec un anneau de 300 mm de diam\u00e8tre et un total de 16 tiges de \u00d818 mm. Le syst\u00e8me est con\u00e7u pour \u00eatre utilis\u00e9 avec une plaque de base en acier inoxydable et un c\u00f4ne d'affaissement conformes \u00e0 la norme EN. Des cercles de positionnement grav\u00e9s sur la plaque permettent un centrage rapide de l'appareil et du c\u00f4ne.<\/span><\/p>","protected":false},"excerpt":{"rendered":"<p>J-Ring Narrow Gap, EN est un appareil de pr\u00e9cision en acier inoxydable con\u00e7u pour \u00e9valuer la capacit\u00e9 de passage et la performance d'\u00e9coulement du b\u00e9ton auto-pla\u00e7ant (SCC) \u00e0 travers des ouvertures \u00e9troites standardis\u00e9es conform\u00e9ment aux exigences de la norme EN.<\/p>","protected":false},"featured_media":0,"template":"","meta":{"_acf_changed":false},"product_brand":[],"product_cat":[142,146],"product_tag":[],"class_list":{"0":"post-11492","1":"product","2":"type-product","3":"status-publish","5":"product_cat-concrete","6":"product_cat-scc-testing-equipments","9":"instock","10":"shipping-taxable","11":"product-type-simple"},"acf":[],"yoast_head":"<!-- This site is optimized with the Yoast SEO Premium plugin v26.5 (Yoast SEO v27.5) - https:\/\/yoast.com\/product\/yoast-seo-premium-wordpress\/ -->\n<title>J-Ring, Narrow Gap, EN - YKM TEST<\/title>\n<meta name=\"description\" content=\"J-Ring Narrow Gap EN for testing passing ability of self-compacting concrete. Stainless-steel design with \u00d818 mm rods, compliant with EN SCC testing standards.\" \/>\n<meta name=\"robots\" content=\"index, follow, max-snippet:-1, max-image-preview:large, max-video-preview:-1\" \/>\n<link rel=\"canonical\" href=\"https:\/\/darkorchid-cheetah-525435.hostingersite.com\/product\/j-ring-narrow-gap-en\/\" \/>\n<meta property=\"og:locale\" content=\"fr_FR\" \/>\n<meta property=\"og:type\" content=\"article\" \/>\n<meta property=\"og:title\" content=\"J-Ring, Narrow Gap, EN\" \/>\n<meta property=\"og:description\" content=\"J-Ring Narrow Gap EN for testing passing ability of self-compacting concrete. Stainless-steel design with \u00d818 mm rods, compliant with EN SCC testing standards.\" \/>\n<meta property=\"og:url\" content=\"https:\/\/darkorchid-cheetah-525435.hostingersite.com\/product\/j-ring-narrow-gap-en\/\" \/>\n<meta property=\"og:site_name\" content=\"YKM TEST\" \/>\n<meta property=\"article:modified_time\" content=\"2025-12-25T10:42:29+00:00\" \/>\n<meta name=\"twitter:card\" content=\"summary_large_image\" \/>\n<meta name=\"twitter:label1\" content=\"Prix\" \/>\n\t<meta name=\"twitter:data1\" content=\"\" \/>\n\t<meta name=\"twitter:label2\" content=\"Disponibilit\u00e9\" \/>\n\t<meta name=\"twitter:data2\" content=\"En stock\" \/>\n<script type=\"application\/ld+json\" class=\"yoast-schema-graph\">{\"@context\":\"https:\\\/\\\/schema.org\",\"@graph\":[{\"@type\":\"WebPage\",\"@id\":\"https:\\\/\\\/darkorchid-cheetah-525435.hostingersite.com\\\/product\\\/j-ring-narrow-gap-en\\\/\",\"url\":\"https:\\\/\\\/darkorchid-cheetah-525435.hostingersite.com\\\/product\\\/j-ring-narrow-gap-en\\\/\",\"name\":\"J-Ring, Narrow Gap, EN - YKM TEST\",\"isPartOf\":{\"@id\":\"https:\\\/\\\/darkorchid-cheetah-525435.hostingersite.com\\\/#website\"},\"datePublished\":\"2025-12-25T10:42:28+00:00\",\"dateModified\":\"2025-12-25T10:42:29+00:00\",\"description\":\"J-Ring Narrow Gap EN for testing passing ability of self-compacting concrete. Stainless-steel design with \u00d818 mm rods, compliant with EN SCC testing standards.\",\"breadcrumb\":{\"@id\":\"https:\\\/\\\/darkorchid-cheetah-525435.hostingersite.com\\\/product\\\/j-ring-narrow-gap-en\\\/#breadcrumb\"},\"inLanguage\":\"fr-FR\",\"potentialAction\":[{\"@type\":\"ReadAction\",\"target\":[\"https:\\\/\\\/darkorchid-cheetah-525435.hostingersite.com\\\/product\\\/j-ring-narrow-gap-en\\\/\"]}]},{\"@type\":\"BreadcrumbList\",\"@id\":\"https:\\\/\\\/darkorchid-cheetah-525435.hostingersite.com\\\/product\\\/j-ring-narrow-gap-en\\\/#breadcrumb\",\"itemListElement\":[{\"@type\":\"ListItem\",\"position\":1,\"name\":\"Home\",\"item\":\"https:\\\/\\\/darkorchid-cheetah-525435.hostingersite.com\\\/\"},{\"@type\":\"ListItem\",\"position\":2,\"name\":\"\u0422\u043e\u0432\u0430\u0440\u044b\",\"item\":\"https:\\\/\\\/ykmtest.com\\\/ru\\\/shop\\\/\"},{\"@type\":\"ListItem\",\"position\":3,\"name\":\"J-Ring, Narrow Gap, EN\"}]},{\"@type\":\"WebSite\",\"@id\":\"https:\\\/\\\/darkorchid-cheetah-525435.hostingersite.com\\\/#website\",\"url\":\"https:\\\/\\\/darkorchid-cheetah-525435.hostingersite.com\\\/\",\"name\":\"YKM TEST\",\"description\":\"\",\"publisher\":{\"@id\":\"https:\\\/\\\/darkorchid-cheetah-525435.hostingersite.com\\\/#organization\"},\"potentialAction\":[{\"@type\":\"SearchAction\",\"target\":{\"@type\":\"EntryPoint\",\"urlTemplate\":\"https:\\\/\\\/darkorchid-cheetah-525435.hostingersite.com\\\/?s={search_term_string}\"},\"query-input\":{\"@type\":\"PropertyValueSpecification\",\"valueRequired\":true,\"valueName\":\"search_term_string\"}}],\"inLanguage\":\"fr-FR\"},{\"@type\":[\"Organization\",\"Place\"],\"@id\":\"https:\\\/\\\/darkorchid-cheetah-525435.hostingersite.com\\\/#organization\",\"name\":\"YKM TEST\",\"url\":\"https:\\\/\\\/darkorchid-cheetah-525435.hostingersite.com\\\/\",\"logo\":{\"@id\":\"https:\\\/\\\/darkorchid-cheetah-525435.hostingersite.com\\\/product\\\/j-ring-narrow-gap-en\\\/#local-main-organization-logo\"},\"image\":{\"@id\":\"https:\\\/\\\/darkorchid-cheetah-525435.hostingersite.com\\\/product\\\/j-ring-narrow-gap-en\\\/#local-main-organization-logo\"},\"telephone\":[],\"openingHoursSpecification\":[{\"@type\":\"OpeningHoursSpecification\",\"dayOfWeek\":[\"Monday\",\"Tuesday\",\"Wednesday\",\"Thursday\",\"Friday\",\"Saturday\",\"Sunday\"],\"opens\":\"09:00\",\"closes\":\"17:00\"}]},{\"@type\":\"ImageObject\",\"inLanguage\":\"fr-FR\",\"@id\":\"https:\\\/\\\/darkorchid-cheetah-525435.hostingersite.com\\\/product\\\/j-ring-narrow-gap-en\\\/#local-main-organization-logo\",\"url\":\"https:\\\/\\\/ykmtest.com\\\/wp-content\\\/uploads\\\/2025\\\/10\\\/Asset-2@2x-8.png\",\"contentUrl\":\"https:\\\/\\\/ykmtest.com\\\/wp-content\\\/uploads\\\/2025\\\/10\\\/Asset-2@2x-8.png\",\"width\":1550,\"height\":323,\"caption\":\"YKM TEST\"}]}<\/script>\n<meta property=\"product:price:currency\" content=\"USD\" \/>\n<meta property=\"og:availability\" content=\"instock\" \/>\n<meta property=\"product:availability\" content=\"instock\" \/>\n<meta property=\"product:condition\" content=\"new\" \/>\n<!-- \/ Yoast SEO Premium plugin. -->","yoast_head_json":{"title":"J-Ring, Narrow Gap, EN - YKM TEST","description":"J-Ring Narrow Gap EN for testing passing ability of self-compacting concrete. Stainless-steel design with \u00d818 mm rods, compliant with EN SCC testing standards.","robots":{"index":"index","follow":"follow","max-snippet":"max-snippet:-1","max-image-preview":"max-image-preview:large","max-video-preview":"max-video-preview:-1"},"canonical":"https:\/\/darkorchid-cheetah-525435.hostingersite.com\/product\/j-ring-narrow-gap-en\/","og_locale":"fr_FR","og_type":"article","og_title":"J-Ring, Narrow Gap, EN","og_description":"J-Ring Narrow Gap EN for testing passing ability of self-compacting concrete. Stainless-steel design with \u00d818 mm rods, compliant with EN SCC testing standards.","og_url":"https:\/\/darkorchid-cheetah-525435.hostingersite.com\/product\/j-ring-narrow-gap-en\/","og_site_name":"YKM TEST","article_modified_time":"2025-12-25T10:42:29+00:00","twitter_card":"summary_large_image","twitter_misc":{"Prix":"","Disponibilit\u00e9":"En stock"},"schema":{"@context":"https:\/\/schema.org","@graph":[{"@type":"WebPage","@id":"https:\/\/darkorchid-cheetah-525435.hostingersite.com\/product\/j-ring-narrow-gap-en\/","url":"https:\/\/darkorchid-cheetah-525435.hostingersite.com\/product\/j-ring-narrow-gap-en\/","name":"J-Ring, Narrow Gap, EN - YKM TEST","isPartOf":{"@id":"https:\/\/darkorchid-cheetah-525435.hostingersite.com\/#website"},"datePublished":"2025-12-25T10:42:28+00:00","dateModified":"2025-12-25T10:42:29+00:00","description":"J-Ring Narrow Gap EN for testing passing ability of self-compacting concrete. Stainless-steel design with \u00d818 mm rods, compliant with EN SCC testing standards.","breadcrumb":{"@id":"https:\/\/darkorchid-cheetah-525435.hostingersite.com\/product\/j-ring-narrow-gap-en\/#breadcrumb"},"inLanguage":"fr-FR","potentialAction":[{"@type":"ReadAction","target":["https:\/\/darkorchid-cheetah-525435.hostingersite.com\/product\/j-ring-narrow-gap-en\/"]}]},{"@type":"BreadcrumbList","@id":"https:\/\/darkorchid-cheetah-525435.hostingersite.com\/product\/j-ring-narrow-gap-en\/#breadcrumb","itemListElement":[{"@type":"ListItem","position":1,"name":"Home","item":"https:\/\/darkorchid-cheetah-525435.hostingersite.com\/"},{"@type":"ListItem","position":2,"name":"\u0422\u043e\u0432\u0430\u0440\u044b","item":"https:\/\/ykmtest.com\/ru\/shop\/"},{"@type":"ListItem","position":3,"name":"J-Ring, Narrow Gap, EN"}]},{"@type":"WebSite","@id":"https:\/\/darkorchid-cheetah-525435.hostingersite.com\/#website","url":"https:\/\/darkorchid-cheetah-525435.hostingersite.com\/","name":"TEST YKM","description":"","publisher":{"@id":"https:\/\/darkorchid-cheetah-525435.hostingersite.com\/#organization"},"potentialAction":[{"@type":"SearchAction","target":{"@type":"EntryPoint","urlTemplate":"https:\/\/darkorchid-cheetah-525435.hostingersite.com\/?s={search_term_string}"},"query-input":{"@type":"PropertyValueSpecification","valueRequired":true,"valueName":"search_term_string"}}],"inLanguage":"fr-FR"},{"@type":["Organization","Place"],"@id":"https:\/\/darkorchid-cheetah-525435.hostingersite.com\/#organization","name":"TEST YKM","url":"https:\/\/darkorchid-cheetah-525435.hostingersite.com\/","logo":{"@id":"https:\/\/darkorchid-cheetah-525435.hostingersite.com\/product\/j-ring-narrow-gap-en\/#local-main-organization-logo"},"image":{"@id":"https:\/\/darkorchid-cheetah-525435.hostingersite.com\/product\/j-ring-narrow-gap-en\/#local-main-organization-logo"},"telephone":[],"openingHoursSpecification":[{"@type":"OpeningHoursSpecification","dayOfWeek":["Monday","Tuesday","Wednesday","Thursday","Friday","Saturday","Sunday"],"opens":"09:00","closes":"17:00"}]},{"@type":"ImageObject","inLanguage":"fr-FR","@id":"https:\/\/darkorchid-cheetah-525435.hostingersite.com\/product\/j-ring-narrow-gap-en\/#local-main-organization-logo","url":"https:\/\/ykmtest.com\/wp-content\/uploads\/2025\/10\/Asset-2@2x-8.png","contentUrl":"https:\/\/ykmtest.com\/wp-content\/uploads\/2025\/10\/Asset-2@2x-8.png","width":1550,"height":323,"caption":"YKM TEST"}]},"product_price_currency":"USD","og_availability":"instock","product_availability":"instock","product_condition":"new"},"_links":{"self":[{"href":"https:\/\/ykmtest.com\/french\/wp-json\/wp\/v2\/product\/11492","targetHints":{"allow":["GET"]}}],"collection":[{"href":"https:\/\/ykmtest.com\/french\/wp-json\/wp\/v2\/product"}],"about":[{"href":"https:\/\/ykmtest.com\/french\/wp-json\/wp\/v2\/types\/product"}],"version-history":[{"count":1,"href":"https:\/\/ykmtest.com\/french\/wp-json\/wp\/v2\/product\/11492\/revisions"}],"predecessor-version":[{"id":11493,"href":"https:\/\/ykmtest.com\/french\/wp-json\/wp\/v2\/product\/11492\/revisions\/11493"}],"wp:attachment":[{"href":"https:\/\/ykmtest.com\/french\/wp-json\/wp\/v2\/media?parent=11492"}],"wp:term":[{"taxonomy":"product_brand","embeddable":true,"href":"https:\/\/ykmtest.com\/french\/wp-json\/wp\/v2\/product_brand?post=11492"},{"taxonomy":"product_cat","embeddable":true,"href":"https:\/\/ykmtest.com\/french\/wp-json\/wp\/v2\/product_cat?post=11492"},{"taxonomy":"product_tag","embeddable":true,"href":"https:\/\/ykmtest.com\/french\/wp-json\/wp\/v2\/product_tag?post=11492"}],"curies":[{"name":"wp","href":"https:\/\/api.w.org\/{rel}","templated":true}]}}