{"id":11496,"date":"2025-12-25T11:03:46","date_gmt":"2025-12-25T11:03:46","guid":{"rendered":"https:\/\/ykmtest.com\/?post_type=product&#038;p=11496"},"modified":"2025-12-25T11:03:47","modified_gmt":"2025-12-25T11:03:47","slug":"v-funnel","status":"publish","type":"product","link":"https:\/\/ykmtest.com\/french\/produit\/v-funnel\/","title":{"rendered":"Entonnoir en V"},"content":{"rendered":"<p class=\"p2\"><span lang=\"TR\">Le V Funnel est un appareil d'essai con\u00e7u pour mesurer la viscosit\u00e9 et le temps d'\u00e9coulement du b\u00e9ton autopla\u00e7ant (SCC), fabriqu\u00e9 conform\u00e9ment \u00e0 la norme TS EN 12350-9 \u201c Essais du b\u00e9ton frais \u2013 Partie 9 : Essai au V-funnel \u201d. Cet essai \u00e9value la vitesse \u00e0 laquelle le BAP s'\u00e9coule \u00e0 travers une section transversale \u00e9troite sous son propre poids, fournissant des informations fiables sur la viscosit\u00e9 d'\u00e9coulement du b\u00e9ton, sa tendance \u00e0 la s\u00e9gr\u00e9gation et la stabilit\u00e9 du m\u00e9lange. L'appareil se compose d'un corps en acier inoxydable en forme de V, d'une trappe \u00e0 ouverture\/fermeture contr\u00f4l\u00e9e et d'un cadre de support \u00e0 haute rigidit\u00e9. Pendant l'essai, le b\u00e9ton est plac\u00e9 dans la partie sup\u00e9rieure de l'entonnoir en V et nivel\u00e9. Lorsque la trappe est ouverte, le b\u00e9ton commence \u00e0 s'\u00e9couler librement sous son propre poids par la sortie inf\u00e9rieure. Le temps enregistr\u00e9 sur un chronom\u00e8tre entre l'ouverture et l'arr\u00eat de l'\u00e9coulement est d\u00e9fini comme le temps d'\u00e9coulement dans l'entonnoir en V (t), qui indique directement la viscosit\u00e9 du b\u00e9ton. Il peut \u00e9galement \u00eatre utilis\u00e9 pour le test T5 minutes. Dans cette option, le temps d'\u00e9coulement est mesur\u00e9 \u00e0 nouveau cinq minutes apr\u00e8s le test initial, et les deux r\u00e9sultats sont compar\u00e9s pour \u00e9valuer la tendance \u00e0 la s\u00e9gr\u00e9gation du m\u00e9lange et la perte de maniabilit\u00e9 en fonction du temps.<\/span><\/p>","protected":false},"excerpt":{"rendered":"<p>Le V Funnel est un appareil de test de pr\u00e9cision con\u00e7u pour mesurer la viscosit\u00e9, le temps d'\u00e9coulement et la tendance \u00e0 la s\u00e9gr\u00e9gation du b\u00e9ton autopla\u00e7ant (SCC) conform\u00e9ment aux normes TS EN 12350-9.<\/p>","protected":false},"featured_media":0,"template":"","meta":{"_acf_changed":false},"product_brand":[],"product_cat":[143,146],"product_tag":[],"class_list":{"0":"post-11496","1":"product","2":"type-product","3":"status-publish","5":"product_cat-concrete-compression-machines","6":"product_cat-scc-testing-equipments","9":"instock","10":"shipping-taxable","11":"product-type-simple"},"acf":[],"yoast_head":"<!-- This site is optimized with the Yoast SEO Premium plugin v26.5 (Yoast SEO v27.5) - https:\/\/yoast.com\/product\/yoast-seo-premium-wordpress\/ -->\n<title>V Funnel - YKM TEST<\/title>\n<meta name=\"description\" content=\"V Funnel for self-compacting concrete testing. EN 12350-9 compliant apparatus for measuring SCC viscosity, flow time, and segregation resistance.\" \/>\n<meta name=\"robots\" content=\"index, follow, max-snippet:-1, max-image-preview:large, max-video-preview:-1\" \/>\n<link rel=\"canonical\" href=\"https:\/\/darkorchid-cheetah-525435.hostingersite.com\/product\/v-funnel\/\" \/>\n<meta property=\"og:locale\" content=\"fr_FR\" \/>\n<meta property=\"og:type\" content=\"article\" \/>\n<meta property=\"og:title\" content=\"V Funnel\" \/>\n<meta property=\"og:description\" content=\"V Funnel for self-compacting concrete testing. EN 12350-9 compliant apparatus for measuring SCC viscosity, flow time, and segregation resistance.\" \/>\n<meta property=\"og:url\" content=\"https:\/\/darkorchid-cheetah-525435.hostingersite.com\/product\/v-funnel\/\" \/>\n<meta property=\"og:site_name\" content=\"YKM TEST\" \/>\n<meta property=\"article:modified_time\" content=\"2025-12-25T11:03:47+00:00\" \/>\n<meta name=\"twitter:card\" content=\"summary_large_image\" \/>\n<meta name=\"twitter:label1\" content=\"Prix\" \/>\n\t<meta name=\"twitter:data1\" content=\"\" \/>\n\t<meta name=\"twitter:label2\" content=\"Disponibilit\u00e9\" \/>\n\t<meta name=\"twitter:data2\" content=\"En stock\" \/>\n<script type=\"application\/ld+json\" class=\"yoast-schema-graph\">{\"@context\":\"https:\\\/\\\/schema.org\",\"@graph\":[{\"@type\":\"WebPage\",\"@id\":\"https:\\\/\\\/darkorchid-cheetah-525435.hostingersite.com\\\/product\\\/v-funnel\\\/\",\"url\":\"https:\\\/\\\/darkorchid-cheetah-525435.hostingersite.com\\\/product\\\/v-funnel\\\/\",\"name\":\"V Funnel - YKM TEST\",\"isPartOf\":{\"@id\":\"https:\\\/\\\/darkorchid-cheetah-525435.hostingersite.com\\\/#website\"},\"datePublished\":\"2025-12-25T11:03:46+00:00\",\"dateModified\":\"2025-12-25T11:03:47+00:00\",\"description\":\"V Funnel for self-compacting concrete testing. EN 12350-9 compliant apparatus for measuring SCC viscosity, flow time, and segregation resistance.\",\"breadcrumb\":{\"@id\":\"https:\\\/\\\/darkorchid-cheetah-525435.hostingersite.com\\\/product\\\/v-funnel\\\/#breadcrumb\"},\"inLanguage\":\"fr-FR\",\"potentialAction\":[{\"@type\":\"ReadAction\",\"target\":[\"https:\\\/\\\/darkorchid-cheetah-525435.hostingersite.com\\\/product\\\/v-funnel\\\/\"]}]},{\"@type\":\"BreadcrumbList\",\"@id\":\"https:\\\/\\\/darkorchid-cheetah-525435.hostingersite.com\\\/product\\\/v-funnel\\\/#breadcrumb\",\"itemListElement\":[{\"@type\":\"ListItem\",\"position\":1,\"name\":\"Home\",\"item\":\"https:\\\/\\\/darkorchid-cheetah-525435.hostingersite.com\\\/\"},{\"@type\":\"ListItem\",\"position\":2,\"name\":\"\u0422\u043e\u0432\u0430\u0440\u044b\",\"item\":\"https:\\\/\\\/ykmtest.com\\\/ru\\\/shop\\\/\"},{\"@type\":\"ListItem\",\"position\":3,\"name\":\"V Funnel\"}]},{\"@type\":\"WebSite\",\"@id\":\"https:\\\/\\\/darkorchid-cheetah-525435.hostingersite.com\\\/#website\",\"url\":\"https:\\\/\\\/darkorchid-cheetah-525435.hostingersite.com\\\/\",\"name\":\"YKM TEST\",\"description\":\"\",\"publisher\":{\"@id\":\"https:\\\/\\\/darkorchid-cheetah-525435.hostingersite.com\\\/#organization\"},\"potentialAction\":[{\"@type\":\"SearchAction\",\"target\":{\"@type\":\"EntryPoint\",\"urlTemplate\":\"https:\\\/\\\/darkorchid-cheetah-525435.hostingersite.com\\\/?s={search_term_string}\"},\"query-input\":{\"@type\":\"PropertyValueSpecification\",\"valueRequired\":true,\"valueName\":\"search_term_string\"}}],\"inLanguage\":\"fr-FR\"},{\"@type\":[\"Organization\",\"Place\"],\"@id\":\"https:\\\/\\\/darkorchid-cheetah-525435.hostingersite.com\\\/#organization\",\"name\":\"YKM TEST\",\"url\":\"https:\\\/\\\/darkorchid-cheetah-525435.hostingersite.com\\\/\",\"logo\":{\"@id\":\"https:\\\/\\\/darkorchid-cheetah-525435.hostingersite.com\\\/product\\\/v-funnel\\\/#local-main-organization-logo\"},\"image\":{\"@id\":\"https:\\\/\\\/darkorchid-cheetah-525435.hostingersite.com\\\/product\\\/v-funnel\\\/#local-main-organization-logo\"},\"telephone\":[],\"openingHoursSpecification\":[{\"@type\":\"OpeningHoursSpecification\",\"dayOfWeek\":[\"Monday\",\"Tuesday\",\"Wednesday\",\"Thursday\",\"Friday\",\"Saturday\",\"Sunday\"],\"opens\":\"09:00\",\"closes\":\"17:00\"}]},{\"@type\":\"ImageObject\",\"inLanguage\":\"fr-FR\",\"@id\":\"https:\\\/\\\/darkorchid-cheetah-525435.hostingersite.com\\\/product\\\/v-funnel\\\/#local-main-organization-logo\",\"url\":\"https:\\\/\\\/ykmtest.com\\\/wp-content\\\/uploads\\\/2025\\\/10\\\/Asset-2@2x-8.png\",\"contentUrl\":\"https:\\\/\\\/ykmtest.com\\\/wp-content\\\/uploads\\\/2025\\\/10\\\/Asset-2@2x-8.png\",\"width\":1550,\"height\":323,\"caption\":\"YKM TEST\"}]}<\/script>\n<meta property=\"product:price:currency\" content=\"USD\" \/>\n<meta property=\"og:availability\" content=\"instock\" \/>\n<meta property=\"product:availability\" content=\"instock\" \/>\n<meta property=\"product:condition\" content=\"new\" \/>\n<!-- \/ Yoast SEO Premium plugin. -->","yoast_head_json":{"title":"V Funnel - YKM TEST","description":"V Funnel for self-compacting concrete testing. EN 12350-9 compliant apparatus for measuring SCC viscosity, flow time, and segregation resistance.","robots":{"index":"index","follow":"follow","max-snippet":"max-snippet:-1","max-image-preview":"max-image-preview:large","max-video-preview":"max-video-preview:-1"},"canonical":"https:\/\/darkorchid-cheetah-525435.hostingersite.com\/product\/v-funnel\/","og_locale":"fr_FR","og_type":"article","og_title":"V Funnel","og_description":"V Funnel for self-compacting concrete testing. EN 12350-9 compliant apparatus for measuring SCC viscosity, flow time, and segregation resistance.","og_url":"https:\/\/darkorchid-cheetah-525435.hostingersite.com\/product\/v-funnel\/","og_site_name":"YKM TEST","article_modified_time":"2025-12-25T11:03:47+00:00","twitter_card":"summary_large_image","twitter_misc":{"Prix":"","Disponibilit\u00e9":"En stock"},"schema":{"@context":"https:\/\/schema.org","@graph":[{"@type":"WebPage","@id":"https:\/\/darkorchid-cheetah-525435.hostingersite.com\/product\/v-funnel\/","url":"https:\/\/darkorchid-cheetah-525435.hostingersite.com\/product\/v-funnel\/","name":"V Funnel - YKM TEST","isPartOf":{"@id":"https:\/\/darkorchid-cheetah-525435.hostingersite.com\/#website"},"datePublished":"2025-12-25T11:03:46+00:00","dateModified":"2025-12-25T11:03:47+00:00","description":"V Funnel for self-compacting concrete testing. EN 12350-9 compliant apparatus for measuring SCC viscosity, flow time, and segregation resistance.","breadcrumb":{"@id":"https:\/\/darkorchid-cheetah-525435.hostingersite.com\/product\/v-funnel\/#breadcrumb"},"inLanguage":"fr-FR","potentialAction":[{"@type":"ReadAction","target":["https:\/\/darkorchid-cheetah-525435.hostingersite.com\/product\/v-funnel\/"]}]},{"@type":"BreadcrumbList","@id":"https:\/\/darkorchid-cheetah-525435.hostingersite.com\/product\/v-funnel\/#breadcrumb","itemListElement":[{"@type":"ListItem","position":1,"name":"Home","item":"https:\/\/darkorchid-cheetah-525435.hostingersite.com\/"},{"@type":"ListItem","position":2,"name":"\u0422\u043e\u0432\u0430\u0440\u044b","item":"https:\/\/ykmtest.com\/ru\/shop\/"},{"@type":"ListItem","position":3,"name":"V Funnel"}]},{"@type":"WebSite","@id":"https:\/\/darkorchid-cheetah-525435.hostingersite.com\/#website","url":"https:\/\/darkorchid-cheetah-525435.hostingersite.com\/","name":"TEST YKM","description":"","publisher":{"@id":"https:\/\/darkorchid-cheetah-525435.hostingersite.com\/#organization"},"potentialAction":[{"@type":"SearchAction","target":{"@type":"EntryPoint","urlTemplate":"https:\/\/darkorchid-cheetah-525435.hostingersite.com\/?s={search_term_string}"},"query-input":{"@type":"PropertyValueSpecification","valueRequired":true,"valueName":"search_term_string"}}],"inLanguage":"fr-FR"},{"@type":["Organization","Place"],"@id":"https:\/\/darkorchid-cheetah-525435.hostingersite.com\/#organization","name":"TEST YKM","url":"https:\/\/darkorchid-cheetah-525435.hostingersite.com\/","logo":{"@id":"https:\/\/darkorchid-cheetah-525435.hostingersite.com\/product\/v-funnel\/#local-main-organization-logo"},"image":{"@id":"https:\/\/darkorchid-cheetah-525435.hostingersite.com\/product\/v-funnel\/#local-main-organization-logo"},"telephone":[],"openingHoursSpecification":[{"@type":"OpeningHoursSpecification","dayOfWeek":["Monday","Tuesday","Wednesday","Thursday","Friday","Saturday","Sunday"],"opens":"09:00","closes":"17:00"}]},{"@type":"ImageObject","inLanguage":"fr-FR","@id":"https:\/\/darkorchid-cheetah-525435.hostingersite.com\/product\/v-funnel\/#local-main-organization-logo","url":"https:\/\/ykmtest.com\/wp-content\/uploads\/2025\/10\/Asset-2@2x-8.png","contentUrl":"https:\/\/ykmtest.com\/wp-content\/uploads\/2025\/10\/Asset-2@2x-8.png","width":1550,"height":323,"caption":"YKM TEST"}]},"product_price_currency":"USD","og_availability":"instock","product_availability":"instock","product_condition":"new"},"_links":{"self":[{"href":"https:\/\/ykmtest.com\/french\/wp-json\/wp\/v2\/product\/11496","targetHints":{"allow":["GET"]}}],"collection":[{"href":"https:\/\/ykmtest.com\/french\/wp-json\/wp\/v2\/product"}],"about":[{"href":"https:\/\/ykmtest.com\/french\/wp-json\/wp\/v2\/types\/product"}],"version-history":[{"count":1,"href":"https:\/\/ykmtest.com\/french\/wp-json\/wp\/v2\/product\/11496\/revisions"}],"predecessor-version":[{"id":11497,"href":"https:\/\/ykmtest.com\/french\/wp-json\/wp\/v2\/product\/11496\/revisions\/11497"}],"wp:attachment":[{"href":"https:\/\/ykmtest.com\/french\/wp-json\/wp\/v2\/media?parent=11496"}],"wp:term":[{"taxonomy":"product_brand","embeddable":true,"href":"https:\/\/ykmtest.com\/french\/wp-json\/wp\/v2\/product_brand?post=11496"},{"taxonomy":"product_cat","embeddable":true,"href":"https:\/\/ykmtest.com\/french\/wp-json\/wp\/v2\/product_cat?post=11496"},{"taxonomy":"product_tag","embeddable":true,"href":"https:\/\/ykmtest.com\/french\/wp-json\/wp\/v2\/product_tag?post=11496"}],"curies":[{"name":"wp","href":"https:\/\/api.w.org\/{rel}","templated":true}]}}