{"id":11542,"date":"2025-12-26T09:31:53","date_gmt":"2025-12-26T09:31:53","guid":{"rendered":"https:\/\/ykmtest.com\/?post_type=product&#038;p=11542"},"modified":"2025-12-26T09:31:54","modified_gmt":"2025-12-26T09:31:54","slug":"universal-coring-machines","status":"publish","type":"product","link":"https:\/\/ykmtest.com\/french\/produit\/universal-coring-machines\/","title":{"rendered":"Machines \u00e0 carotter universelles"},"content":{"rendered":"<p class=\"p2\"><span lang=\"TR\">Les carotteuses universelles sont des stations de carottage \u00e0 haute rigidit\u00e9 con\u00e7ues pour extraire des carottes lisses, \u00e0 faible excentricit\u00e9 et reproductibles du b\u00e9ton et de l'asphalte. Le ch\u00e2ssis rigide en acier, les surfaces de glissement rectifi\u00e9es et l'interface colonne-glissi\u00e8re sans jeu minimisent les vibrations, ce qui permet un avancement stable du carottier diamant\u00e9 et la production de surfaces de section transversale lisses. L'unit\u00e9 de forage rotative est dot\u00e9e d'une capacit\u00e9 de r\u00e9glage de l'angle, permettant le carottage vertical, horizontal et inclin\u00e9 sur la m\u00eame plate-forme. La longue course de forage permet d'atteindre la profondeur cible en un seul passage pour diverses g\u00e9om\u00e9tries d'\u00e9chantillons, notamment les blocs prismatiques, les dalles et les cylindres. L'unit\u00e9 d'entra\u00eenement offre une s\u00e9lection de vitesse \u00e0 plusieurs niveaux afin de fournir des vitesses p\u00e9riph\u00e9riques appropri\u00e9es pour diff\u00e9rents mat\u00e9riaux et diam\u00e8tres de tr\u00e9pan. Le d\u00e9marrage progressif, la protection contre les surintensit\u00e9s et les surchauffes, ainsi qu'un embrayage de s\u00e9curit\u00e9 m\u00e9canique prot\u00e8gent les composants du moteur et de l'engrenage et maintiennent un couple constant tout au long du forage. Le syst\u00e8me d'avance utilise un volant de pr\u00e9cision et un m\u00e9canisme d'avance gradu\u00e9e pour une progression contr\u00f4l\u00e9e ; le retour rapide apr\u00e8s le per\u00e7age acc\u00e9l\u00e8re le travail. Gr\u00e2ce \u00e0 leur combinaison de per\u00e7age \u00e0 angle r\u00e9glable, de vitesse variable, de refroidissement par eau efficace et de rigidit\u00e9 structurelle \u00e9lev\u00e9e, les carotteuses universelles offrent une grande pr\u00e9cision, un faible taux de reprise et une qualit\u00e9 constante de la surface des carottes pour les laboratoires de contr\u00f4le de la qualit\u00e9.<\/span><\/p>","protected":false},"excerpt":{"rendered":"<p>Les carotteuses universelles sont des stations de carottage \u00e0 haute rigidit\u00e9 con\u00e7ues pour extraire des carottes lisses et \u00e0 faible excentricit\u00e9 du b\u00e9ton et de l'asphalte. Elles sont dot\u00e9es d'un ch\u00e2ssis en acier rigide, d'une capacit\u00e9 de forage \u00e0 angle r\u00e9glable, d'une s\u00e9lection de vitesse \u00e0 plusieurs niveaux et d'un refroidissement \u00e0 l'eau efficace, ce qui garantit des r\u00e9sultats pr\u00e9cis et reproductibles avec une grande stabilit\u00e9 structurelle et un minimum de retouches dans les laboratoires de contr\u00f4le de la qualit\u00e9.<\/p>","protected":false},"featured_media":0,"template":"","meta":{"_acf_changed":false},"product_brand":[],"product_cat":[142,155],"product_tag":[],"class_list":{"0":"post-11542","1":"product","2":"type-product","3":"status-publish","5":"product_cat-concrete","6":"product_cat-coring-cutting-and-grinding-machines","9":"instock","10":"shipping-taxable","11":"product-type-simple"},"acf":[],"yoast_head":"<!-- This site is optimized with the Yoast SEO Premium plugin v26.5 (Yoast SEO v26.5) - https:\/\/yoast.com\/wordpress\/plugins\/seo\/ -->\n<title>Universal Coring Machines - YKM TEST<\/title>\n<meta name=\"description\" content=\"Universal coring machines for precise extraction of concrete and asphalt cores with adjustable drilling angles, low vibration, and laboratory-grade accuracy.\" \/>\n<meta name=\"robots\" content=\"index, follow, max-snippet:-1, max-image-preview:large, max-video-preview:-1\" \/>\n<link rel=\"canonical\" href=\"https:\/\/ykmtest.com\/french\/produit\/universal-coring-machines\/\" \/>\n<meta property=\"og:locale\" content=\"fr_FR\" \/>\n<meta property=\"og:type\" content=\"article\" \/>\n<meta property=\"og:title\" content=\"Universal Coring Machines\" \/>\n<meta property=\"og:description\" content=\"Universal coring machines for precise extraction of concrete and asphalt cores with adjustable drilling angles, low vibration, and laboratory-grade accuracy.\" \/>\n<meta property=\"og:url\" content=\"https:\/\/ykmtest.com\/french\/produit\/universal-coring-machines\/\" \/>\n<meta property=\"og:site_name\" content=\"YKM TEST\" \/>\n<meta property=\"article:modified_time\" content=\"2025-12-26T09:31:54+00:00\" \/>\n<meta name=\"twitter:card\" content=\"summary_large_image\" \/>\n<meta name=\"twitter:label1\" content=\"Prix\" \/>\n\t<meta name=\"twitter:data1\" content=\"\" \/>\n\t<meta name=\"twitter:label2\" content=\"Disponibilit\u00e9\" \/>\n\t<meta name=\"twitter:data2\" content=\"En stock\" \/>\n<script type=\"application\/ld+json\" class=\"yoast-schema-graph\">{\"@context\":\"https:\/\/schema.org\",\"@graph\":[{\"@type\":\"WebPage\",\"@id\":\"https:\/\/ykmtest.com\/product\/universal-coring-machines\/\",\"url\":\"https:\/\/ykmtest.com\/product\/universal-coring-machines\/\",\"name\":\"Universal Coring Machines - YKM TEST\",\"isPartOf\":{\"@id\":\"https:\/\/darkorchid-cheetah-525435.hostingersite.com\/#website\"},\"datePublished\":\"2025-12-26T09:31:53+00:00\",\"dateModified\":\"2025-12-26T09:31:54+00:00\",\"description\":\"Universal coring machines for precise extraction of concrete and asphalt cores with adjustable drilling angles, low vibration, and laboratory-grade accuracy.\",\"breadcrumb\":{\"@id\":\"https:\/\/ykmtest.com\/product\/universal-coring-machines\/#breadcrumb\"},\"inLanguage\":\"fr-FR\",\"potentialAction\":[{\"@type\":\"ReadAction\",\"target\":[\"https:\/\/ykmtest.com\/product\/universal-coring-machines\/\"]}]},{\"@type\":\"BreadcrumbList\",\"@id\":\"https:\/\/ykmtest.com\/product\/universal-coring-machines\/#breadcrumb\",\"itemListElement\":[{\"@type\":\"ListItem\",\"position\":1,\"name\":\"Home\",\"item\":\"https:\/\/darkorchid-cheetah-525435.hostingersite.com\/\"},{\"@type\":\"ListItem\",\"position\":2,\"name\":\"\u0422\u043e\u0432\u0430\u0440\u044b\",\"item\":\"https:\/\/ykmtest.com\/ru\/shop\/\"},{\"@type\":\"ListItem\",\"position\":3,\"name\":\"Universal Coring Machines\"}]},{\"@type\":\"WebSite\",\"@id\":\"https:\/\/darkorchid-cheetah-525435.hostingersite.com\/#website\",\"url\":\"https:\/\/darkorchid-cheetah-525435.hostingersite.com\/\",\"name\":\"YKM TEST\",\"description\":\"\",\"publisher\":{\"@id\":\"https:\/\/darkorchid-cheetah-525435.hostingersite.com\/#organization\"},\"potentialAction\":[{\"@type\":\"SearchAction\",\"target\":{\"@type\":\"EntryPoint\",\"urlTemplate\":\"https:\/\/darkorchid-cheetah-525435.hostingersite.com\/?s={search_term_string}\"},\"query-input\":{\"@type\":\"PropertyValueSpecification\",\"valueRequired\":true,\"valueName\":\"search_term_string\"}}],\"inLanguage\":\"fr-FR\"},{\"@type\":[\"Organization\",\"Place\"],\"@id\":\"https:\/\/darkorchid-cheetah-525435.hostingersite.com\/#organization\",\"name\":\"YKM TEST\",\"url\":\"https:\/\/darkorchid-cheetah-525435.hostingersite.com\/\",\"logo\":{\"@id\":\"https:\/\/ykmtest.com\/product\/universal-coring-machines\/#local-main-organization-logo\"},\"image\":{\"@id\":\"https:\/\/ykmtest.com\/product\/universal-coring-machines\/#local-main-organization-logo\"},\"telephone\":[],\"openingHoursSpecification\":[{\"@type\":\"OpeningHoursSpecification\",\"dayOfWeek\":[\"Monday\",\"Tuesday\",\"Wednesday\",\"Thursday\",\"Friday\",\"Saturday\",\"Sunday\"],\"opens\":\"09:00\",\"closes\":\"17:00\"}]},{\"@type\":\"ImageObject\",\"inLanguage\":\"fr-FR\",\"@id\":\"https:\/\/ykmtest.com\/product\/universal-coring-machines\/#local-main-organization-logo\",\"url\":\"https:\/\/ykmtest.com\/wp-content\/uploads\/2025\/10\/Asset-2@2x-8.png\",\"contentUrl\":\"https:\/\/ykmtest.com\/wp-content\/uploads\/2025\/10\/Asset-2@2x-8.png\",\"width\":1550,\"height\":323,\"caption\":\"YKM TEST\"}]}<\/script>\n<meta property=\"product:price:currency\" content=\"USD\" \/>\n<meta property=\"og:availability\" content=\"instock\" \/>\n<meta property=\"product:availability\" content=\"instock\" \/>\n<meta property=\"product:condition\" content=\"new\" \/>\n<!-- \/ Yoast SEO Premium plugin. -->","yoast_head_json":{"title":"Universal Coring Machines - YKM TEST","description":"Universal coring machines for precise extraction of concrete and asphalt cores with adjustable drilling angles, low vibration, and laboratory-grade accuracy.","robots":{"index":"index","follow":"follow","max-snippet":"max-snippet:-1","max-image-preview":"max-image-preview:large","max-video-preview":"max-video-preview:-1"},"canonical":"https:\/\/ykmtest.com\/french\/produit\/universal-coring-machines\/","og_locale":"fr_FR","og_type":"article","og_title":"Universal Coring Machines","og_description":"Universal coring machines for precise extraction of concrete and asphalt cores with adjustable drilling angles, low vibration, and laboratory-grade accuracy.","og_url":"https:\/\/ykmtest.com\/french\/produit\/universal-coring-machines\/","og_site_name":"YKM TEST","article_modified_time":"2025-12-26T09:31:54+00:00","twitter_card":"summary_large_image","twitter_misc":{"Prix":"","Disponibilit\u00e9":"En stock"},"schema":{"@context":"https:\/\/schema.org","@graph":[{"@type":"WebPage","@id":"https:\/\/ykmtest.com\/product\/universal-coring-machines\/","url":"https:\/\/ykmtest.com\/product\/universal-coring-machines\/","name":"Universal Coring Machines - YKM TEST","isPartOf":{"@id":"https:\/\/darkorchid-cheetah-525435.hostingersite.com\/#website"},"datePublished":"2025-12-26T09:31:53+00:00","dateModified":"2025-12-26T09:31:54+00:00","description":"Universal coring machines for precise extraction of concrete and asphalt cores with adjustable drilling angles, low vibration, and laboratory-grade accuracy.","breadcrumb":{"@id":"https:\/\/ykmtest.com\/product\/universal-coring-machines\/#breadcrumb"},"inLanguage":"fr-FR","potentialAction":[{"@type":"ReadAction","target":["https:\/\/ykmtest.com\/product\/universal-coring-machines\/"]}]},{"@type":"BreadcrumbList","@id":"https:\/\/ykmtest.com\/product\/universal-coring-machines\/#breadcrumb","itemListElement":[{"@type":"ListItem","position":1,"name":"Home","item":"https:\/\/darkorchid-cheetah-525435.hostingersite.com\/"},{"@type":"ListItem","position":2,"name":"\u0422\u043e\u0432\u0430\u0440\u044b","item":"https:\/\/ykmtest.com\/ru\/shop\/"},{"@type":"ListItem","position":3,"name":"Universal Coring Machines"}]},{"@type":"WebSite","@id":"https:\/\/darkorchid-cheetah-525435.hostingersite.com\/#website","url":"https:\/\/darkorchid-cheetah-525435.hostingersite.com\/","name":"TEST YKM","description":"","publisher":{"@id":"https:\/\/darkorchid-cheetah-525435.hostingersite.com\/#organization"},"potentialAction":[{"@type":"SearchAction","target":{"@type":"EntryPoint","urlTemplate":"https:\/\/darkorchid-cheetah-525435.hostingersite.com\/?s={search_term_string}"},"query-input":{"@type":"PropertyValueSpecification","valueRequired":true,"valueName":"search_term_string"}}],"inLanguage":"fr-FR"},{"@type":["Organization","Place"],"@id":"https:\/\/darkorchid-cheetah-525435.hostingersite.com\/#organization","name":"TEST YKM","url":"https:\/\/darkorchid-cheetah-525435.hostingersite.com\/","logo":{"@id":"https:\/\/ykmtest.com\/product\/universal-coring-machines\/#local-main-organization-logo"},"image":{"@id":"https:\/\/ykmtest.com\/product\/universal-coring-machines\/#local-main-organization-logo"},"telephone":[],"openingHoursSpecification":[{"@type":"OpeningHoursSpecification","dayOfWeek":["Monday","Tuesday","Wednesday","Thursday","Friday","Saturday","Sunday"],"opens":"09:00","closes":"17:00"}]},{"@type":"ImageObject","inLanguage":"fr-FR","@id":"https:\/\/ykmtest.com\/product\/universal-coring-machines\/#local-main-organization-logo","url":"https:\/\/ykmtest.com\/wp-content\/uploads\/2025\/10\/Asset-2@2x-8.png","contentUrl":"https:\/\/ykmtest.com\/wp-content\/uploads\/2025\/10\/Asset-2@2x-8.png","width":1550,"height":323,"caption":"YKM TEST"}]},"product_price_currency":"USD","og_availability":"instock","product_availability":"instock","product_condition":"new"},"_links":{"self":[{"href":"https:\/\/ykmtest.com\/french\/wp-json\/wp\/v2\/product\/11542","targetHints":{"allow":["GET"]}}],"collection":[{"href":"https:\/\/ykmtest.com\/french\/wp-json\/wp\/v2\/product"}],"about":[{"href":"https:\/\/ykmtest.com\/french\/wp-json\/wp\/v2\/types\/product"}],"version-history":[{"count":1,"href":"https:\/\/ykmtest.com\/french\/wp-json\/wp\/v2\/product\/11542\/revisions"}],"predecessor-version":[{"id":11543,"href":"https:\/\/ykmtest.com\/french\/wp-json\/wp\/v2\/product\/11542\/revisions\/11543"}],"wp:attachment":[{"href":"https:\/\/ykmtest.com\/french\/wp-json\/wp\/v2\/media?parent=11542"}],"wp:term":[{"taxonomy":"product_brand","embeddable":true,"href":"https:\/\/ykmtest.com\/french\/wp-json\/wp\/v2\/product_brand?post=11542"},{"taxonomy":"product_cat","embeddable":true,"href":"https:\/\/ykmtest.com\/french\/wp-json\/wp\/v2\/product_cat?post=11542"},{"taxonomy":"product_tag","embeddable":true,"href":"https:\/\/ykmtest.com\/french\/wp-json\/wp\/v2\/product_tag?post=11542"}],"curies":[{"name":"wp","href":"https:\/\/api.w.org\/{rel}","templated":true}]}}