{"id":11624,"date":"2025-12-29T07:53:46","date_gmt":"2025-12-29T07:53:46","guid":{"rendered":"https:\/\/ykmtest.com\/?post_type=product&#038;p=11624"},"modified":"2025-12-29T07:53:47","modified_gmt":"2025-12-29T07:53:47","slug":"core-drilling-machine-on-trailer","status":"publish","type":"product","link":"https:\/\/ykmtest.com\/french\/produit\/core-drilling-machine-on-trailer\/","title":{"rendered":"Carotteuse sur remorque"},"content":{"rendered":"<p class=\"p1\"><span lang=\"TR\">La carotteuse pour asphalte sur remorque (\u00e0 essence) est con\u00e7ue pour extraire des carottes cylindriques des surfaces en asphalte et en b\u00e9ton dans des conditions de terrain. Avec son ch\u00e2ssis durable, son moteur \u00e0 couple \u00e9lev\u00e9 et ses fonctions pratiques, elle permet un carottage rapide, s\u00fbr et conforme aux normes sur les chauss\u00e9es, les pistes d'atterrissage, les sols en b\u00e9ton et les couches d'asphalte. L'appareil est dot\u00e9 d'une structure de colonne en acier rigide qui assure une coupe sans vibration. Le r\u00e9glage de la vitesse s'effectue manuellement \u00e0 l'aide de la manette des gaz ; cette configuration est privil\u00e9gi\u00e9e sur les carotteuses de chantier car elle offre une facilit\u00e9 de contr\u00f4le et une transmission de couple compatible avec la puissance du moteur. La profondeur de carottage est r\u00e9gl\u00e9e avec pr\u00e9cision \u00e0 l'aide d'une poign\u00e9e d'alimentation rotative et verrouill\u00e9e en position. L'unit\u00e9 motrice fonctionne avec un moteur \u00e0 essence \u00e0 longue dur\u00e9e de vie. Le moteur transmet la puissance directement \u00e0 la broche de carottage, g\u00e9n\u00e9rant un couple de coupe \u00e9lev\u00e9 et permettant un carottage efficace des couches d'asphalte et des surfaces en b\u00e9ton. L'ensemble de carottage est mont\u00e9 sur un ch\u00e2ssis en acier de type remorque. Un jeu de roues et un crochet de remorquage permettent de le transporter facilement lorsqu'il est fix\u00e9 \u00e0 un v\u00e9hicule. Le ch\u00e2ssis est recouvert d'une peinture de qualit\u00e9 automobile pour le prot\u00e9ger des conditions ext\u00e9rieures. Pour le refroidissement par eau, la machine est \u00e9quip\u00e9e d'un r\u00e9servoir d'eau int\u00e9gr\u00e9 et d'un raccord de tuyau sous pression. L'alimentation continue en eau du tr\u00e9pan pendant la coupe prolonge la dur\u00e9e de vie du tr\u00e9pan diamant\u00e9 et r\u00e9duit la formation de poussi\u00e8re.<\/span><\/p>","protected":false},"excerpt":{"rendered":"<p class=\"p1\"><span lang=\"TR\">La carotteuse pour asphalte sur remorque (\u00e0 essence) est un syst\u00e8me pr\u00eat \u00e0 l'emploi con\u00e7u pour extraire des carottes cylindriques des surfaces en asphalte et en b\u00e9ton. Elle est \u00e9quip\u00e9e d'un moteur \u00e0 essence \u00e0 couple \u00e9lev\u00e9, d'un contr\u00f4le manuel de la vitesse, d'une coupe sans vibration, d'un refroidissement par eau int\u00e9gr\u00e9 et d'un ch\u00e2ssis de remorque durable pour un transport facile et un carottage efficace dans les chauss\u00e9es et les applications industrielles.<\/span><\/p>","protected":false},"featured_media":0,"template":"","meta":{"_acf_changed":false},"product_brand":[],"product_cat":[172,173],"product_tag":[],"class_list":{"0":"post-11624","1":"product","2":"type-product","3":"status-publish","5":"product_cat-asphalt","6":"product_cat-sample-preparation-asphalt","9":"instock","10":"shipping-taxable","11":"product-type-simple"},"acf":[],"yoast_head":"<!-- This site is optimized with the Yoast SEO Premium plugin v26.5 (Yoast SEO v27.5) - https:\/\/yoast.com\/product\/yoast-seo-premium-wordpress\/ -->\n<title>Core Drilling Machine on Trailer - YKM TEST<\/title>\n<meta name=\"description\" content=\"Gasoline powered asphalt core drilling machine on trailer for fast, vibration-free coring of asphalt and concrete in road and field applications.\" \/>\n<meta name=\"robots\" content=\"index, follow, max-snippet:-1, max-image-preview:large, max-video-preview:-1\" \/>\n<link rel=\"canonical\" href=\"https:\/\/darkorchid-cheetah-525435.hostingersite.com\/product\/core-drilling-machine-on-trailer\/\" \/>\n<meta property=\"og:locale\" content=\"fr_FR\" \/>\n<meta property=\"og:type\" content=\"article\" \/>\n<meta property=\"og:title\" content=\"Core Drilling Machine on Trailer\" \/>\n<meta property=\"og:description\" content=\"Gasoline powered asphalt core drilling machine on trailer for fast, vibration-free coring of asphalt and concrete in road and field applications.\" \/>\n<meta property=\"og:url\" content=\"https:\/\/darkorchid-cheetah-525435.hostingersite.com\/product\/core-drilling-machine-on-trailer\/\" \/>\n<meta property=\"og:site_name\" content=\"YKM TEST\" \/>\n<meta property=\"article:modified_time\" content=\"2025-12-29T07:53:47+00:00\" \/>\n<meta name=\"twitter:card\" content=\"summary_large_image\" \/>\n<meta name=\"twitter:label1\" content=\"Prix\" \/>\n\t<meta name=\"twitter:data1\" content=\"\" \/>\n\t<meta name=\"twitter:label2\" content=\"Disponibilit\u00e9\" \/>\n\t<meta name=\"twitter:data2\" content=\"En stock\" \/>\n<script type=\"application\/ld+json\" class=\"yoast-schema-graph\">{\"@context\":\"https:\\\/\\\/schema.org\",\"@graph\":[{\"@type\":\"WebPage\",\"@id\":\"https:\\\/\\\/darkorchid-cheetah-525435.hostingersite.com\\\/product\\\/core-drilling-machine-on-trailer\\\/\",\"url\":\"https:\\\/\\\/darkorchid-cheetah-525435.hostingersite.com\\\/product\\\/core-drilling-machine-on-trailer\\\/\",\"name\":\"Core Drilling Machine on Trailer - YKM TEST\",\"isPartOf\":{\"@id\":\"https:\\\/\\\/darkorchid-cheetah-525435.hostingersite.com\\\/#website\"},\"datePublished\":\"2025-12-29T07:53:46+00:00\",\"dateModified\":\"2025-12-29T07:53:47+00:00\",\"description\":\"Gasoline powered asphalt core drilling machine on trailer for fast, vibration-free coring of asphalt and concrete in road and field applications.\",\"breadcrumb\":{\"@id\":\"https:\\\/\\\/darkorchid-cheetah-525435.hostingersite.com\\\/product\\\/core-drilling-machine-on-trailer\\\/#breadcrumb\"},\"inLanguage\":\"fr-FR\",\"potentialAction\":[{\"@type\":\"ReadAction\",\"target\":[\"https:\\\/\\\/darkorchid-cheetah-525435.hostingersite.com\\\/product\\\/core-drilling-machine-on-trailer\\\/\"]}]},{\"@type\":\"BreadcrumbList\",\"@id\":\"https:\\\/\\\/darkorchid-cheetah-525435.hostingersite.com\\\/product\\\/core-drilling-machine-on-trailer\\\/#breadcrumb\",\"itemListElement\":[{\"@type\":\"ListItem\",\"position\":1,\"name\":\"Home\",\"item\":\"https:\\\/\\\/darkorchid-cheetah-525435.hostingersite.com\\\/\"},{\"@type\":\"ListItem\",\"position\":2,\"name\":\"\u0422\u043e\u0432\u0430\u0440\u044b\",\"item\":\"https:\\\/\\\/ykmtest.com\\\/ru\\\/shop\\\/\"},{\"@type\":\"ListItem\",\"position\":3,\"name\":\"Core Drilling Machine on Trailer\"}]},{\"@type\":\"WebSite\",\"@id\":\"https:\\\/\\\/darkorchid-cheetah-525435.hostingersite.com\\\/#website\",\"url\":\"https:\\\/\\\/darkorchid-cheetah-525435.hostingersite.com\\\/\",\"name\":\"YKM TEST\",\"description\":\"\",\"publisher\":{\"@id\":\"https:\\\/\\\/darkorchid-cheetah-525435.hostingersite.com\\\/#organization\"},\"potentialAction\":[{\"@type\":\"SearchAction\",\"target\":{\"@type\":\"EntryPoint\",\"urlTemplate\":\"https:\\\/\\\/darkorchid-cheetah-525435.hostingersite.com\\\/?s={search_term_string}\"},\"query-input\":{\"@type\":\"PropertyValueSpecification\",\"valueRequired\":true,\"valueName\":\"search_term_string\"}}],\"inLanguage\":\"fr-FR\"},{\"@type\":[\"Organization\",\"Place\"],\"@id\":\"https:\\\/\\\/darkorchid-cheetah-525435.hostingersite.com\\\/#organization\",\"name\":\"YKM TEST\",\"url\":\"https:\\\/\\\/darkorchid-cheetah-525435.hostingersite.com\\\/\",\"logo\":{\"@id\":\"https:\\\/\\\/darkorchid-cheetah-525435.hostingersite.com\\\/product\\\/core-drilling-machine-on-trailer\\\/#local-main-organization-logo\"},\"image\":{\"@id\":\"https:\\\/\\\/darkorchid-cheetah-525435.hostingersite.com\\\/product\\\/core-drilling-machine-on-trailer\\\/#local-main-organization-logo\"},\"telephone\":[],\"openingHoursSpecification\":[{\"@type\":\"OpeningHoursSpecification\",\"dayOfWeek\":[\"Monday\",\"Tuesday\",\"Wednesday\",\"Thursday\",\"Friday\",\"Saturday\",\"Sunday\"],\"opens\":\"09:00\",\"closes\":\"17:00\"}]},{\"@type\":\"ImageObject\",\"inLanguage\":\"fr-FR\",\"@id\":\"https:\\\/\\\/darkorchid-cheetah-525435.hostingersite.com\\\/product\\\/core-drilling-machine-on-trailer\\\/#local-main-organization-logo\",\"url\":\"https:\\\/\\\/ykmtest.com\\\/wp-content\\\/uploads\\\/2025\\\/10\\\/Asset-2@2x-8.png\",\"contentUrl\":\"https:\\\/\\\/ykmtest.com\\\/wp-content\\\/uploads\\\/2025\\\/10\\\/Asset-2@2x-8.png\",\"width\":1550,\"height\":323,\"caption\":\"YKM TEST\"}]}<\/script>\n<meta property=\"product:price:currency\" content=\"USD\" \/>\n<meta property=\"og:availability\" content=\"instock\" \/>\n<meta property=\"product:availability\" content=\"instock\" \/>\n<meta property=\"product:condition\" content=\"new\" \/>\n<!-- \/ Yoast SEO Premium plugin. -->","yoast_head_json":{"title":"Core Drilling Machine on Trailer - YKM TEST","description":"Gasoline powered asphalt core drilling machine on trailer for fast, vibration-free coring of asphalt and concrete in road and field applications.","robots":{"index":"index","follow":"follow","max-snippet":"max-snippet:-1","max-image-preview":"max-image-preview:large","max-video-preview":"max-video-preview:-1"},"canonical":"https:\/\/darkorchid-cheetah-525435.hostingersite.com\/product\/core-drilling-machine-on-trailer\/","og_locale":"fr_FR","og_type":"article","og_title":"Core Drilling Machine on Trailer","og_description":"Gasoline powered asphalt core drilling machine on trailer for fast, vibration-free coring of asphalt and concrete in road and field applications.","og_url":"https:\/\/darkorchid-cheetah-525435.hostingersite.com\/product\/core-drilling-machine-on-trailer\/","og_site_name":"YKM TEST","article_modified_time":"2025-12-29T07:53:47+00:00","twitter_card":"summary_large_image","twitter_misc":{"Prix":"","Disponibilit\u00e9":"En stock"},"schema":{"@context":"https:\/\/schema.org","@graph":[{"@type":"WebPage","@id":"https:\/\/darkorchid-cheetah-525435.hostingersite.com\/product\/core-drilling-machine-on-trailer\/","url":"https:\/\/darkorchid-cheetah-525435.hostingersite.com\/product\/core-drilling-machine-on-trailer\/","name":"Core Drilling Machine on Trailer - YKM TEST","isPartOf":{"@id":"https:\/\/darkorchid-cheetah-525435.hostingersite.com\/#website"},"datePublished":"2025-12-29T07:53:46+00:00","dateModified":"2025-12-29T07:53:47+00:00","description":"Gasoline powered asphalt core drilling machine on trailer for fast, vibration-free coring of asphalt and concrete in road and field applications.","breadcrumb":{"@id":"https:\/\/darkorchid-cheetah-525435.hostingersite.com\/product\/core-drilling-machine-on-trailer\/#breadcrumb"},"inLanguage":"fr-FR","potentialAction":[{"@type":"ReadAction","target":["https:\/\/darkorchid-cheetah-525435.hostingersite.com\/product\/core-drilling-machine-on-trailer\/"]}]},{"@type":"BreadcrumbList","@id":"https:\/\/darkorchid-cheetah-525435.hostingersite.com\/product\/core-drilling-machine-on-trailer\/#breadcrumb","itemListElement":[{"@type":"ListItem","position":1,"name":"Home","item":"https:\/\/darkorchid-cheetah-525435.hostingersite.com\/"},{"@type":"ListItem","position":2,"name":"\u0422\u043e\u0432\u0430\u0440\u044b","item":"https:\/\/ykmtest.com\/ru\/shop\/"},{"@type":"ListItem","position":3,"name":"Core Drilling Machine on Trailer"}]},{"@type":"WebSite","@id":"https:\/\/darkorchid-cheetah-525435.hostingersite.com\/#website","url":"https:\/\/darkorchid-cheetah-525435.hostingersite.com\/","name":"TEST YKM","description":"","publisher":{"@id":"https:\/\/darkorchid-cheetah-525435.hostingersite.com\/#organization"},"potentialAction":[{"@type":"SearchAction","target":{"@type":"EntryPoint","urlTemplate":"https:\/\/darkorchid-cheetah-525435.hostingersite.com\/?s={search_term_string}"},"query-input":{"@type":"PropertyValueSpecification","valueRequired":true,"valueName":"search_term_string"}}],"inLanguage":"fr-FR"},{"@type":["Organization","Place"],"@id":"https:\/\/darkorchid-cheetah-525435.hostingersite.com\/#organization","name":"TEST YKM","url":"https:\/\/darkorchid-cheetah-525435.hostingersite.com\/","logo":{"@id":"https:\/\/darkorchid-cheetah-525435.hostingersite.com\/product\/core-drilling-machine-on-trailer\/#local-main-organization-logo"},"image":{"@id":"https:\/\/darkorchid-cheetah-525435.hostingersite.com\/product\/core-drilling-machine-on-trailer\/#local-main-organization-logo"},"telephone":[],"openingHoursSpecification":[{"@type":"OpeningHoursSpecification","dayOfWeek":["Monday","Tuesday","Wednesday","Thursday","Friday","Saturday","Sunday"],"opens":"09:00","closes":"17:00"}]},{"@type":"ImageObject","inLanguage":"fr-FR","@id":"https:\/\/darkorchid-cheetah-525435.hostingersite.com\/product\/core-drilling-machine-on-trailer\/#local-main-organization-logo","url":"https:\/\/ykmtest.com\/wp-content\/uploads\/2025\/10\/Asset-2@2x-8.png","contentUrl":"https:\/\/ykmtest.com\/wp-content\/uploads\/2025\/10\/Asset-2@2x-8.png","width":1550,"height":323,"caption":"YKM TEST"}]},"product_price_currency":"USD","og_availability":"instock","product_availability":"instock","product_condition":"new"},"_links":{"self":[{"href":"https:\/\/ykmtest.com\/french\/wp-json\/wp\/v2\/product\/11624","targetHints":{"allow":["GET"]}}],"collection":[{"href":"https:\/\/ykmtest.com\/french\/wp-json\/wp\/v2\/product"}],"about":[{"href":"https:\/\/ykmtest.com\/french\/wp-json\/wp\/v2\/types\/product"}],"version-history":[{"count":1,"href":"https:\/\/ykmtest.com\/french\/wp-json\/wp\/v2\/product\/11624\/revisions"}],"predecessor-version":[{"id":11625,"href":"https:\/\/ykmtest.com\/french\/wp-json\/wp\/v2\/product\/11624\/revisions\/11625"}],"wp:attachment":[{"href":"https:\/\/ykmtest.com\/french\/wp-json\/wp\/v2\/media?parent=11624"}],"wp:term":[{"taxonomy":"product_brand","embeddable":true,"href":"https:\/\/ykmtest.com\/french\/wp-json\/wp\/v2\/product_brand?post=11624"},{"taxonomy":"product_cat","embeddable":true,"href":"https:\/\/ykmtest.com\/french\/wp-json\/wp\/v2\/product_cat?post=11624"},{"taxonomy":"product_tag","embeddable":true,"href":"https:\/\/ykmtest.com\/french\/wp-json\/wp\/v2\/product_tag?post=11624"}],"curies":[{"name":"wp","href":"https:\/\/api.w.org\/{rel}","templated":true}]}}