{"id":11642,"date":"2025-12-29T11:41:34","date_gmt":"2025-12-29T11:41:34","guid":{"rendered":"https:\/\/ykmtest.com\/?post_type=product&#038;p=11642"},"modified":"2025-12-29T11:43:07","modified_gmt":"2025-12-29T11:43:07","slug":"automatic-marshall-impact-compactor-en","status":"publish","type":"product","link":"https:\/\/ykmtest.com\/french\/produit\/automatic-marshall-impact-compactor-en\/","title":{"rendered":"Compacteur \u00e0 impact automatique Marshall, EN"},"content":{"rendered":"<p class=\"p3\"><span lang=\"TR\">Le compacteur automatique \u00e0 percussion Marshall, EN, compacte automatiquement les m\u00e9langes d'asphalte en utilisant la m\u00e9thode de percussion Marshall pour produire des sp\u00e9cimens de dimensions et de densit\u00e9 standard, offrant une grande r\u00e9p\u00e9tabilit\u00e9. Un corps en acier rigide et une structure de colonne robuste amortissent les vibrations pendant l'impact, assurant un transfert d'\u00e9nergie uniforme le long de l'axe du moule. Le syst\u00e8me de guidage maintient une hauteur de chute constante pour chaque coup de marteau. Une unit\u00e9 de commande programmable g\u00e8re le nombre de coups et les r\u00e9glages des couches par le biais d'une interface conviviale ; un compteur num\u00e9rique et un arr\u00eat automatique \u00e0 la fin du cycle r\u00e9duisent les erreurs et am\u00e9liorent l'homog\u00e9n\u00e9it\u00e9 des \u00e9chantillons. Un verrouillage de s\u00e9curit\u00e9 d\u00e9sactive le fonctionnement lorsque le couvercle est ouvert, tandis qu'un bouton d'arr\u00eat d'urgence et un bo\u00eetier r\u00e9sistant aux chocs donnent la priorit\u00e9 \u00e0 la s\u00e9curit\u00e9 de l'op\u00e9rateur. Une armoire insonoris\u00e9e en option r\u00e9duit consid\u00e9rablement le bruit dans les laboratoires \u00e0 haut d\u00e9bit. Compatible avec les moules Marshall de 4 pouces (\u2248101,6 mm) et 6 pouces (\u2248152,4 mm) ; les dispositifs de serrage du moule et les goupilles d'alignement emp\u00eachent tout d\u00e9salignement lors de l'impact. L'architecture du syst\u00e8me est con\u00e7ue en conformit\u00e9 avec les normes EN 12697-30 \/ EN 12697-10 d\u00e9finissant les principes de compactage par impact Marshall. Cela garantit une pr\u00e9paration des \u00e9chantillons conforme, fiable et pouvant faire l'objet d'un rapport pour la v\u00e9rification de la conception des m\u00e9langes, le contr\u00f4le de la qualit\u00e9 de la production et les \u00e9tudes comparatives de performance.<\/span><\/p>","protected":false},"excerpt":{"rendered":"<p>Le compacteur \u00e0 percussion Marshall automatique, EN, est un syst\u00e8me enti\u00e8rement automatis\u00e9 qui compacte les enrob\u00e9s bitumineux aux dimensions et \u00e0 la densit\u00e9 standard en utilisant la m\u00e9thode de percussion Marshall. Il est dot\u00e9 d'un cadre en acier rigide, d'un marteau guid\u00e9 avec hauteur de chute contr\u00f4l\u00e9e, d'un nombre de coups programmable et de verrouillages de s\u00e9curit\u00e9, garantissant une r\u00e9p\u00e9tabilit\u00e9 \u00e9lev\u00e9e, la s\u00e9curit\u00e9 de l'op\u00e9rateur et la pr\u00e9paration d'\u00e9chantillons conformes \u00e0 la norme EN pour la conception d'enrob\u00e9s bitumineux et le contr\u00f4le de la qualit\u00e9.<\/p>","protected":false},"featured_media":0,"template":"","meta":{"_acf_changed":false},"product_brand":[],"product_cat":[172,176],"product_tag":[],"class_list":{"0":"post-11642","1":"product","2":"type-product","3":"status-publish","5":"product_cat-asphalt","6":"product_cat-marshall-stability-bmd-and-indirect-tensile","9":"instock","10":"shipping-taxable","11":"product-type-simple"},"acf":[],"yoast_head":"<!-- This site is optimized with the Yoast SEO Premium plugin v26.5 (Yoast SEO v27.5) - https:\/\/yoast.com\/product\/yoast-seo-premium-wordpress\/ -->\n<title>Automatic Marshall Impact Compactor, EN - YKM TEST<\/title>\n<meta name=\"description\" content=\"Automatic Marshall Impact Compactor, EN, for EN-compliant, repeatable asphalt specimen compaction with programmable hammer blows and full operator safety.\" \/>\n<meta name=\"robots\" content=\"index, follow, max-snippet:-1, max-image-preview:large, max-video-preview:-1\" \/>\n<link rel=\"canonical\" href=\"https:\/\/darkorchid-cheetah-525435.hostingersite.com\/product\/automatic-marshall-impact-compactor-en\/\" \/>\n<meta property=\"og:locale\" content=\"fr_FR\" \/>\n<meta property=\"og:type\" content=\"article\" \/>\n<meta property=\"og:title\" content=\"Automatic Marshall Impact Compactor, EN\" \/>\n<meta property=\"og:description\" content=\"Automatic Marshall Impact Compactor, EN, for EN-compliant, repeatable asphalt specimen compaction with programmable hammer blows and full operator safety.\" \/>\n<meta property=\"og:url\" content=\"https:\/\/darkorchid-cheetah-525435.hostingersite.com\/product\/automatic-marshall-impact-compactor-en\/\" \/>\n<meta property=\"og:site_name\" content=\"YKM TEST\" \/>\n<meta property=\"article:modified_time\" content=\"2025-12-29T11:43:07+00:00\" \/>\n<meta name=\"twitter:card\" content=\"summary_large_image\" \/>\n<meta name=\"twitter:label1\" content=\"Prix\" \/>\n\t<meta name=\"twitter:data1\" content=\"\" \/>\n\t<meta name=\"twitter:label2\" content=\"Disponibilit\u00e9\" \/>\n\t<meta name=\"twitter:data2\" content=\"En stock\" \/>\n<script type=\"application\/ld+json\" class=\"yoast-schema-graph\">{\"@context\":\"https:\\\/\\\/schema.org\",\"@graph\":[{\"@type\":\"WebPage\",\"@id\":\"https:\\\/\\\/darkorchid-cheetah-525435.hostingersite.com\\\/product\\\/automatic-marshall-impact-compactor-en\\\/\",\"url\":\"https:\\\/\\\/darkorchid-cheetah-525435.hostingersite.com\\\/product\\\/automatic-marshall-impact-compactor-en\\\/\",\"name\":\"Automatic Marshall Impact Compactor, EN - YKM TEST\",\"isPartOf\":{\"@id\":\"https:\\\/\\\/darkorchid-cheetah-525435.hostingersite.com\\\/#website\"},\"datePublished\":\"2025-12-29T11:41:34+00:00\",\"dateModified\":\"2025-12-29T11:43:07+00:00\",\"description\":\"Automatic Marshall Impact Compactor, EN, for EN-compliant, repeatable asphalt specimen compaction with programmable hammer blows and full operator safety.\",\"breadcrumb\":{\"@id\":\"https:\\\/\\\/darkorchid-cheetah-525435.hostingersite.com\\\/product\\\/automatic-marshall-impact-compactor-en\\\/#breadcrumb\"},\"inLanguage\":\"fr-FR\",\"potentialAction\":[{\"@type\":\"ReadAction\",\"target\":[\"https:\\\/\\\/darkorchid-cheetah-525435.hostingersite.com\\\/product\\\/automatic-marshall-impact-compactor-en\\\/\"]}]},{\"@type\":\"BreadcrumbList\",\"@id\":\"https:\\\/\\\/darkorchid-cheetah-525435.hostingersite.com\\\/product\\\/automatic-marshall-impact-compactor-en\\\/#breadcrumb\",\"itemListElement\":[{\"@type\":\"ListItem\",\"position\":1,\"name\":\"Home\",\"item\":\"https:\\\/\\\/darkorchid-cheetah-525435.hostingersite.com\\\/\"},{\"@type\":\"ListItem\",\"position\":2,\"name\":\"\u0422\u043e\u0432\u0430\u0440\u044b\",\"item\":\"https:\\\/\\\/ykmtest.com\\\/ru\\\/shop\\\/\"},{\"@type\":\"ListItem\",\"position\":3,\"name\":\"Automatic Marshall Impact Compactor, EN\"}]},{\"@type\":\"WebSite\",\"@id\":\"https:\\\/\\\/darkorchid-cheetah-525435.hostingersite.com\\\/#website\",\"url\":\"https:\\\/\\\/darkorchid-cheetah-525435.hostingersite.com\\\/\",\"name\":\"YKM TEST\",\"description\":\"\",\"publisher\":{\"@id\":\"https:\\\/\\\/darkorchid-cheetah-525435.hostingersite.com\\\/#organization\"},\"potentialAction\":[{\"@type\":\"SearchAction\",\"target\":{\"@type\":\"EntryPoint\",\"urlTemplate\":\"https:\\\/\\\/darkorchid-cheetah-525435.hostingersite.com\\\/?s={search_term_string}\"},\"query-input\":{\"@type\":\"PropertyValueSpecification\",\"valueRequired\":true,\"valueName\":\"search_term_string\"}}],\"inLanguage\":\"fr-FR\"},{\"@type\":[\"Organization\",\"Place\"],\"@id\":\"https:\\\/\\\/darkorchid-cheetah-525435.hostingersite.com\\\/#organization\",\"name\":\"YKM TEST\",\"url\":\"https:\\\/\\\/darkorchid-cheetah-525435.hostingersite.com\\\/\",\"logo\":{\"@id\":\"https:\\\/\\\/darkorchid-cheetah-525435.hostingersite.com\\\/product\\\/automatic-marshall-impact-compactor-en\\\/#local-main-organization-logo\"},\"image\":{\"@id\":\"https:\\\/\\\/darkorchid-cheetah-525435.hostingersite.com\\\/product\\\/automatic-marshall-impact-compactor-en\\\/#local-main-organization-logo\"},\"telephone\":[],\"openingHoursSpecification\":[{\"@type\":\"OpeningHoursSpecification\",\"dayOfWeek\":[\"Monday\",\"Tuesday\",\"Wednesday\",\"Thursday\",\"Friday\",\"Saturday\",\"Sunday\"],\"opens\":\"09:00\",\"closes\":\"17:00\"}]},{\"@type\":\"ImageObject\",\"inLanguage\":\"fr-FR\",\"@id\":\"https:\\\/\\\/darkorchid-cheetah-525435.hostingersite.com\\\/product\\\/automatic-marshall-impact-compactor-en\\\/#local-main-organization-logo\",\"url\":\"https:\\\/\\\/ykmtest.com\\\/wp-content\\\/uploads\\\/2025\\\/10\\\/Asset-2@2x-8.png\",\"contentUrl\":\"https:\\\/\\\/ykmtest.com\\\/wp-content\\\/uploads\\\/2025\\\/10\\\/Asset-2@2x-8.png\",\"width\":1550,\"height\":323,\"caption\":\"YKM TEST\"}]}<\/script>\n<meta property=\"product:price:currency\" content=\"USD\" \/>\n<meta property=\"og:availability\" content=\"instock\" \/>\n<meta property=\"product:availability\" content=\"instock\" \/>\n<meta property=\"product:condition\" content=\"new\" \/>\n<!-- \/ Yoast SEO Premium plugin. -->","yoast_head_json":{"title":"Automatic Marshall Impact Compactor, EN - YKM TEST","description":"Automatic Marshall Impact Compactor, EN, for EN-compliant, repeatable asphalt specimen compaction with programmable hammer blows and full operator safety.","robots":{"index":"index","follow":"follow","max-snippet":"max-snippet:-1","max-image-preview":"max-image-preview:large","max-video-preview":"max-video-preview:-1"},"canonical":"https:\/\/darkorchid-cheetah-525435.hostingersite.com\/product\/automatic-marshall-impact-compactor-en\/","og_locale":"fr_FR","og_type":"article","og_title":"Automatic Marshall Impact Compactor, EN","og_description":"Automatic Marshall Impact Compactor, EN, for EN-compliant, repeatable asphalt specimen compaction with programmable hammer blows and full operator safety.","og_url":"https:\/\/darkorchid-cheetah-525435.hostingersite.com\/product\/automatic-marshall-impact-compactor-en\/","og_site_name":"YKM TEST","article_modified_time":"2025-12-29T11:43:07+00:00","twitter_card":"summary_large_image","twitter_misc":{"Prix":"","Disponibilit\u00e9":"En stock"},"schema":{"@context":"https:\/\/schema.org","@graph":[{"@type":"WebPage","@id":"https:\/\/darkorchid-cheetah-525435.hostingersite.com\/product\/automatic-marshall-impact-compactor-en\/","url":"https:\/\/darkorchid-cheetah-525435.hostingersite.com\/product\/automatic-marshall-impact-compactor-en\/","name":"Automatic Marshall Impact Compactor, EN - YKM TEST","isPartOf":{"@id":"https:\/\/darkorchid-cheetah-525435.hostingersite.com\/#website"},"datePublished":"2025-12-29T11:41:34+00:00","dateModified":"2025-12-29T11:43:07+00:00","description":"Automatic Marshall Impact Compactor, EN, for EN-compliant, repeatable asphalt specimen compaction with programmable hammer blows and full operator safety.","breadcrumb":{"@id":"https:\/\/darkorchid-cheetah-525435.hostingersite.com\/product\/automatic-marshall-impact-compactor-en\/#breadcrumb"},"inLanguage":"fr-FR","potentialAction":[{"@type":"ReadAction","target":["https:\/\/darkorchid-cheetah-525435.hostingersite.com\/product\/automatic-marshall-impact-compactor-en\/"]}]},{"@type":"BreadcrumbList","@id":"https:\/\/darkorchid-cheetah-525435.hostingersite.com\/product\/automatic-marshall-impact-compactor-en\/#breadcrumb","itemListElement":[{"@type":"ListItem","position":1,"name":"Home","item":"https:\/\/darkorchid-cheetah-525435.hostingersite.com\/"},{"@type":"ListItem","position":2,"name":"\u0422\u043e\u0432\u0430\u0440\u044b","item":"https:\/\/ykmtest.com\/ru\/shop\/"},{"@type":"ListItem","position":3,"name":"Automatic Marshall Impact Compactor, EN"}]},{"@type":"WebSite","@id":"https:\/\/darkorchid-cheetah-525435.hostingersite.com\/#website","url":"https:\/\/darkorchid-cheetah-525435.hostingersite.com\/","name":"TEST YKM","description":"","publisher":{"@id":"https:\/\/darkorchid-cheetah-525435.hostingersite.com\/#organization"},"potentialAction":[{"@type":"SearchAction","target":{"@type":"EntryPoint","urlTemplate":"https:\/\/darkorchid-cheetah-525435.hostingersite.com\/?s={search_term_string}"},"query-input":{"@type":"PropertyValueSpecification","valueRequired":true,"valueName":"search_term_string"}}],"inLanguage":"fr-FR"},{"@type":["Organization","Place"],"@id":"https:\/\/darkorchid-cheetah-525435.hostingersite.com\/#organization","name":"TEST YKM","url":"https:\/\/darkorchid-cheetah-525435.hostingersite.com\/","logo":{"@id":"https:\/\/darkorchid-cheetah-525435.hostingersite.com\/product\/automatic-marshall-impact-compactor-en\/#local-main-organization-logo"},"image":{"@id":"https:\/\/darkorchid-cheetah-525435.hostingersite.com\/product\/automatic-marshall-impact-compactor-en\/#local-main-organization-logo"},"telephone":[],"openingHoursSpecification":[{"@type":"OpeningHoursSpecification","dayOfWeek":["Monday","Tuesday","Wednesday","Thursday","Friday","Saturday","Sunday"],"opens":"09:00","closes":"17:00"}]},{"@type":"ImageObject","inLanguage":"fr-FR","@id":"https:\/\/darkorchid-cheetah-525435.hostingersite.com\/product\/automatic-marshall-impact-compactor-en\/#local-main-organization-logo","url":"https:\/\/ykmtest.com\/wp-content\/uploads\/2025\/10\/Asset-2@2x-8.png","contentUrl":"https:\/\/ykmtest.com\/wp-content\/uploads\/2025\/10\/Asset-2@2x-8.png","width":1550,"height":323,"caption":"YKM TEST"}]},"product_price_currency":"USD","og_availability":"instock","product_availability":"instock","product_condition":"new"},"_links":{"self":[{"href":"https:\/\/ykmtest.com\/french\/wp-json\/wp\/v2\/product\/11642","targetHints":{"allow":["GET"]}}],"collection":[{"href":"https:\/\/ykmtest.com\/french\/wp-json\/wp\/v2\/product"}],"about":[{"href":"https:\/\/ykmtest.com\/french\/wp-json\/wp\/v2\/types\/product"}],"version-history":[{"count":1,"href":"https:\/\/ykmtest.com\/french\/wp-json\/wp\/v2\/product\/11642\/revisions"}],"predecessor-version":[{"id":11643,"href":"https:\/\/ykmtest.com\/french\/wp-json\/wp\/v2\/product\/11642\/revisions\/11643"}],"wp:attachment":[{"href":"https:\/\/ykmtest.com\/french\/wp-json\/wp\/v2\/media?parent=11642"}],"wp:term":[{"taxonomy":"product_brand","embeddable":true,"href":"https:\/\/ykmtest.com\/french\/wp-json\/wp\/v2\/product_brand?post=11642"},{"taxonomy":"product_cat","embeddable":true,"href":"https:\/\/ykmtest.com\/french\/wp-json\/wp\/v2\/product_cat?post=11642"},{"taxonomy":"product_tag","embeddable":true,"href":"https:\/\/ykmtest.com\/french\/wp-json\/wp\/v2\/product_tag?post=11642"}],"curies":[{"name":"wp","href":"https:\/\/api.w.org\/{rel}","templated":true}]}}