{"id":11644,"date":"2025-12-29T11:48:57","date_gmt":"2025-12-29T11:48:57","guid":{"rendered":"https:\/\/ykmtest.com\/?post_type=product&#038;p=11644"},"modified":"2025-12-29T11:48:58","modified_gmt":"2025-12-29T11:48:58","slug":"automatic-marshall-impact-compactor-for-4-astm","status":"publish","type":"product","link":"https:\/\/ykmtest.com\/french\/produit\/automatic-marshall-impact-compactor-for-4-astm\/","title":{"rendered":"Compacteur \u00e0 impact automatique Marshall pour ASTM 4 pouces"},"content":{"rendered":"<p class=\"p3\"><span lang=\"TR\">Le compacteur \u00e0 impact Marshall automatique est con\u00e7u pour pr\u00e9parer des \u00e9chantillons Marshall de 4 pouces (\u2248101,6 mm) par compactage \u00e0 impact de mani\u00e8re enti\u00e8rement automatique, offrant ainsi une r\u00e9p\u00e9tabilit\u00e9 et une productivit\u00e9 \u00e9lev\u00e9es. Un corps en acier rigide et une structure de colonne robuste amortissent les vibrations pendant l'impact, assurant un transfert d'\u00e9nergie uniforme le long de l'axe du moule. Un syst\u00e8me de guidage usin\u00e9 avec pr\u00e9cision et une masse de marteau conforme aux normes maintiennent une hauteur de chute constante \u00e0 chaque coup, ce qui permet d'obtenir une densit\u00e9 d'\u00e9chantillon homog\u00e8ne d'un lot \u00e0 l'autre. Une unit\u00e9 de commande programmable permet de r\u00e9gler facilement le nombre de coups et la vitesse de soufflage ; un compteur num\u00e9rique, des fonctions d'arr\u00eat automatique en fin de cycle et de red\u00e9marrage r\u00e9duisent le risque d'erreur dans les flux de travail des laboratoires \u00e0 haut d\u00e9bit. Les dispositifs de serrage des moules, les goupilles d'alignement et la surface lisse de l'enclume rectifi\u00e9e \u00e9vitent les d\u00e9fauts d'alignement et les fuites lors de l'impact ; l'architecture \u00e0 changement rapide permet d'ins\u00e9rer et de retirer des moules de 4 pouces en quelques secondes. Un verrouillage de s\u00e9curit\u00e9 emp\u00eache le fonctionnement de l'appareil lorsque le couvercle est ouvert, tandis qu'un bouton d'arr\u00eat d'urgence et une base amortissant les chocs renforcent la s\u00e9curit\u00e9 de l'op\u00e9rateur. Les accessoires en option, notamment l'armoire insonoris\u00e9e, les r\u00e9chauffeurs de moules, la presse d'extraction des \u00e9chantillons et les disques d'\u00e9jection, augmentent la productivit\u00e9. Les joints r\u00e9sistants \u00e0 la chaleur et aux solvants et la conception m\u00e9canique n\u00e9cessitant peu d'entretien garantissent des performances stables \u00e0 long terme. L'architecture du syst\u00e8me est dimensionnellement configur\u00e9e pour r\u00e9pondre aux exigences de la norme ASTM D6926 (pr\u00e9paration des \u00e9chantillons) et pour permettre l'\u00e9valuation des performances conform\u00e9ment \u00e0 la norme ASTM D6927 (stabilit\u00e9-d\u00e9bit). Cela garantit une production d'\u00e9chantillons Marshall conforme, fiable et pouvant faire l'objet d'un rapport pour la v\u00e9rification de la conception des m\u00e9langes, le contr\u00f4le de la qualit\u00e9 de la production et les \u00e9tudes comparatives des performances.<\/span><\/p>","protected":false},"excerpt":{"rendered":"<p>Le compacteur \u00e0 impact Marshall automatique pour 4\u201d ASTM est un syst\u00e8me enti\u00e8rement automatis\u00e9 qui pr\u00e9pare des \u00e9chantillons Marshall de 4 pouces avec une r\u00e9p\u00e9tabilit\u00e9 \u00e9lev\u00e9e, en utilisant un cadre en acier rigide, un marteau guid\u00e9 avec une hauteur de chute constante, un nombre de coups programmable, des fixations de serrage de moule et des verrouillages de s\u00e9curit\u00e9, garantissant une production d'\u00e9chantillons conforme \u00e0 l'ASTM, fiable et efficace pour la conception d'enrob\u00e9s bitumineux et le contr\u00f4le de la qualit\u00e9.<\/p>","protected":false},"featured_media":0,"template":"","meta":{"_acf_changed":false},"product_brand":[],"product_cat":[172,176],"product_tag":[],"class_list":{"0":"post-11644","1":"product","2":"type-product","3":"status-publish","5":"product_cat-asphalt","6":"product_cat-marshall-stability-bmd-and-indirect-tensile","9":"instock","10":"shipping-taxable","11":"product-type-simple"},"acf":[],"yoast_head":"<!-- This site is optimized with the Yoast SEO Premium plugin v26.5 (Yoast SEO v27.5) - https:\/\/yoast.com\/product\/yoast-seo-premium-wordpress\/ -->\n<title>Automatic Marshall Impact Compactor for 4\u201d ASTM - YKM TEST<\/title>\n<meta name=\"description\" content=\"Automatic Marshall Impact Compactor for 4\u201d ASTM for fully automated, repeatable asphalt specimen preparation with programmable hammer blows and ASTM compliance.\" \/>\n<meta name=\"robots\" content=\"index, follow, max-snippet:-1, max-image-preview:large, max-video-preview:-1\" \/>\n<link rel=\"canonical\" href=\"https:\/\/darkorchid-cheetah-525435.hostingersite.com\/product\/automatic-marshall-impact-compactor-for-4-astm\/\" \/>\n<meta property=\"og:locale\" content=\"fr_FR\" \/>\n<meta property=\"og:type\" content=\"article\" \/>\n<meta property=\"og:title\" content=\"Automatic Marshall Impact Compactor for 4\u201d ASTM\" \/>\n<meta property=\"og:description\" content=\"Automatic Marshall Impact Compactor for 4\u201d ASTM for fully automated, repeatable asphalt specimen preparation with programmable hammer blows and ASTM compliance.\" \/>\n<meta property=\"og:url\" content=\"https:\/\/darkorchid-cheetah-525435.hostingersite.com\/product\/automatic-marshall-impact-compactor-for-4-astm\/\" \/>\n<meta property=\"og:site_name\" content=\"YKM TEST\" \/>\n<meta property=\"article:modified_time\" content=\"2025-12-29T11:48:58+00:00\" \/>\n<meta name=\"twitter:card\" content=\"summary_large_image\" \/>\n<meta name=\"twitter:label1\" content=\"Prix\" \/>\n\t<meta name=\"twitter:data1\" content=\"\" \/>\n\t<meta name=\"twitter:label2\" content=\"Disponibilit\u00e9\" \/>\n\t<meta name=\"twitter:data2\" content=\"En stock\" \/>\n<script type=\"application\/ld+json\" class=\"yoast-schema-graph\">{\"@context\":\"https:\\\/\\\/schema.org\",\"@graph\":[{\"@type\":\"WebPage\",\"@id\":\"https:\\\/\\\/darkorchid-cheetah-525435.hostingersite.com\\\/product\\\/automatic-marshall-impact-compactor-for-4-astm\\\/\",\"url\":\"https:\\\/\\\/darkorchid-cheetah-525435.hostingersite.com\\\/product\\\/automatic-marshall-impact-compactor-for-4-astm\\\/\",\"name\":\"Automatic Marshall Impact Compactor for 4\u201d ASTM - YKM TEST\",\"isPartOf\":{\"@id\":\"https:\\\/\\\/darkorchid-cheetah-525435.hostingersite.com\\\/#website\"},\"datePublished\":\"2025-12-29T11:48:57+00:00\",\"dateModified\":\"2025-12-29T11:48:58+00:00\",\"description\":\"Automatic Marshall Impact Compactor for 4\u201d ASTM for fully automated, repeatable asphalt specimen preparation with programmable hammer blows and ASTM compliance.\",\"breadcrumb\":{\"@id\":\"https:\\\/\\\/darkorchid-cheetah-525435.hostingersite.com\\\/product\\\/automatic-marshall-impact-compactor-for-4-astm\\\/#breadcrumb\"},\"inLanguage\":\"fr-FR\",\"potentialAction\":[{\"@type\":\"ReadAction\",\"target\":[\"https:\\\/\\\/darkorchid-cheetah-525435.hostingersite.com\\\/product\\\/automatic-marshall-impact-compactor-for-4-astm\\\/\"]}]},{\"@type\":\"BreadcrumbList\",\"@id\":\"https:\\\/\\\/darkorchid-cheetah-525435.hostingersite.com\\\/product\\\/automatic-marshall-impact-compactor-for-4-astm\\\/#breadcrumb\",\"itemListElement\":[{\"@type\":\"ListItem\",\"position\":1,\"name\":\"Home\",\"item\":\"https:\\\/\\\/darkorchid-cheetah-525435.hostingersite.com\\\/\"},{\"@type\":\"ListItem\",\"position\":2,\"name\":\"\u0422\u043e\u0432\u0430\u0440\u044b\",\"item\":\"https:\\\/\\\/ykmtest.com\\\/ru\\\/shop\\\/\"},{\"@type\":\"ListItem\",\"position\":3,\"name\":\"Automatic Marshall Impact Compactor for 4\u201d ASTM\"}]},{\"@type\":\"WebSite\",\"@id\":\"https:\\\/\\\/darkorchid-cheetah-525435.hostingersite.com\\\/#website\",\"url\":\"https:\\\/\\\/darkorchid-cheetah-525435.hostingersite.com\\\/\",\"name\":\"YKM TEST\",\"description\":\"\",\"publisher\":{\"@id\":\"https:\\\/\\\/darkorchid-cheetah-525435.hostingersite.com\\\/#organization\"},\"potentialAction\":[{\"@type\":\"SearchAction\",\"target\":{\"@type\":\"EntryPoint\",\"urlTemplate\":\"https:\\\/\\\/darkorchid-cheetah-525435.hostingersite.com\\\/?s={search_term_string}\"},\"query-input\":{\"@type\":\"PropertyValueSpecification\",\"valueRequired\":true,\"valueName\":\"search_term_string\"}}],\"inLanguage\":\"fr-FR\"},{\"@type\":[\"Organization\",\"Place\"],\"@id\":\"https:\\\/\\\/darkorchid-cheetah-525435.hostingersite.com\\\/#organization\",\"name\":\"YKM TEST\",\"url\":\"https:\\\/\\\/darkorchid-cheetah-525435.hostingersite.com\\\/\",\"logo\":{\"@id\":\"https:\\\/\\\/darkorchid-cheetah-525435.hostingersite.com\\\/product\\\/automatic-marshall-impact-compactor-for-4-astm\\\/#local-main-organization-logo\"},\"image\":{\"@id\":\"https:\\\/\\\/darkorchid-cheetah-525435.hostingersite.com\\\/product\\\/automatic-marshall-impact-compactor-for-4-astm\\\/#local-main-organization-logo\"},\"telephone\":[],\"openingHoursSpecification\":[{\"@type\":\"OpeningHoursSpecification\",\"dayOfWeek\":[\"Monday\",\"Tuesday\",\"Wednesday\",\"Thursday\",\"Friday\",\"Saturday\",\"Sunday\"],\"opens\":\"09:00\",\"closes\":\"17:00\"}]},{\"@type\":\"ImageObject\",\"inLanguage\":\"fr-FR\",\"@id\":\"https:\\\/\\\/darkorchid-cheetah-525435.hostingersite.com\\\/product\\\/automatic-marshall-impact-compactor-for-4-astm\\\/#local-main-organization-logo\",\"url\":\"https:\\\/\\\/ykmtest.com\\\/wp-content\\\/uploads\\\/2025\\\/10\\\/Asset-2@2x-8.png\",\"contentUrl\":\"https:\\\/\\\/ykmtest.com\\\/wp-content\\\/uploads\\\/2025\\\/10\\\/Asset-2@2x-8.png\",\"width\":1550,\"height\":323,\"caption\":\"YKM TEST\"}]}<\/script>\n<meta property=\"product:price:currency\" content=\"USD\" \/>\n<meta property=\"og:availability\" content=\"instock\" \/>\n<meta property=\"product:availability\" content=\"instock\" \/>\n<meta property=\"product:condition\" content=\"new\" \/>\n<!-- \/ Yoast SEO Premium plugin. -->","yoast_head_json":{"title":"Automatic Marshall Impact Compactor for 4\u201d ASTM - YKM TEST","description":"Automatic Marshall Impact Compactor for 4\u201d ASTM for fully automated, repeatable asphalt specimen preparation with programmable hammer blows and ASTM compliance.","robots":{"index":"index","follow":"follow","max-snippet":"max-snippet:-1","max-image-preview":"max-image-preview:large","max-video-preview":"max-video-preview:-1"},"canonical":"https:\/\/darkorchid-cheetah-525435.hostingersite.com\/product\/automatic-marshall-impact-compactor-for-4-astm\/","og_locale":"fr_FR","og_type":"article","og_title":"Automatic Marshall Impact Compactor for 4\u201d ASTM","og_description":"Automatic Marshall Impact Compactor for 4\u201d ASTM for fully automated, repeatable asphalt specimen preparation with programmable hammer blows and ASTM compliance.","og_url":"https:\/\/darkorchid-cheetah-525435.hostingersite.com\/product\/automatic-marshall-impact-compactor-for-4-astm\/","og_site_name":"YKM TEST","article_modified_time":"2025-12-29T11:48:58+00:00","twitter_card":"summary_large_image","twitter_misc":{"Prix":"","Disponibilit\u00e9":"En stock"},"schema":{"@context":"https:\/\/schema.org","@graph":[{"@type":"WebPage","@id":"https:\/\/darkorchid-cheetah-525435.hostingersite.com\/product\/automatic-marshall-impact-compactor-for-4-astm\/","url":"https:\/\/darkorchid-cheetah-525435.hostingersite.com\/product\/automatic-marshall-impact-compactor-for-4-astm\/","name":"Automatic Marshall Impact Compactor for 4\u201d ASTM - YKM TEST","isPartOf":{"@id":"https:\/\/darkorchid-cheetah-525435.hostingersite.com\/#website"},"datePublished":"2025-12-29T11:48:57+00:00","dateModified":"2025-12-29T11:48:58+00:00","description":"Automatic Marshall Impact Compactor for 4\u201d ASTM for fully automated, repeatable asphalt specimen preparation with programmable hammer blows and ASTM compliance.","breadcrumb":{"@id":"https:\/\/darkorchid-cheetah-525435.hostingersite.com\/product\/automatic-marshall-impact-compactor-for-4-astm\/#breadcrumb"},"inLanguage":"fr-FR","potentialAction":[{"@type":"ReadAction","target":["https:\/\/darkorchid-cheetah-525435.hostingersite.com\/product\/automatic-marshall-impact-compactor-for-4-astm\/"]}]},{"@type":"BreadcrumbList","@id":"https:\/\/darkorchid-cheetah-525435.hostingersite.com\/product\/automatic-marshall-impact-compactor-for-4-astm\/#breadcrumb","itemListElement":[{"@type":"ListItem","position":1,"name":"Home","item":"https:\/\/darkorchid-cheetah-525435.hostingersite.com\/"},{"@type":"ListItem","position":2,"name":"\u0422\u043e\u0432\u0430\u0440\u044b","item":"https:\/\/ykmtest.com\/ru\/shop\/"},{"@type":"ListItem","position":3,"name":"Automatic Marshall Impact Compactor for 4\u201d ASTM"}]},{"@type":"WebSite","@id":"https:\/\/darkorchid-cheetah-525435.hostingersite.com\/#website","url":"https:\/\/darkorchid-cheetah-525435.hostingersite.com\/","name":"TEST YKM","description":"","publisher":{"@id":"https:\/\/darkorchid-cheetah-525435.hostingersite.com\/#organization"},"potentialAction":[{"@type":"SearchAction","target":{"@type":"EntryPoint","urlTemplate":"https:\/\/darkorchid-cheetah-525435.hostingersite.com\/?s={search_term_string}"},"query-input":{"@type":"PropertyValueSpecification","valueRequired":true,"valueName":"search_term_string"}}],"inLanguage":"fr-FR"},{"@type":["Organization","Place"],"@id":"https:\/\/darkorchid-cheetah-525435.hostingersite.com\/#organization","name":"TEST YKM","url":"https:\/\/darkorchid-cheetah-525435.hostingersite.com\/","logo":{"@id":"https:\/\/darkorchid-cheetah-525435.hostingersite.com\/product\/automatic-marshall-impact-compactor-for-4-astm\/#local-main-organization-logo"},"image":{"@id":"https:\/\/darkorchid-cheetah-525435.hostingersite.com\/product\/automatic-marshall-impact-compactor-for-4-astm\/#local-main-organization-logo"},"telephone":[],"openingHoursSpecification":[{"@type":"OpeningHoursSpecification","dayOfWeek":["Monday","Tuesday","Wednesday","Thursday","Friday","Saturday","Sunday"],"opens":"09:00","closes":"17:00"}]},{"@type":"ImageObject","inLanguage":"fr-FR","@id":"https:\/\/darkorchid-cheetah-525435.hostingersite.com\/product\/automatic-marshall-impact-compactor-for-4-astm\/#local-main-organization-logo","url":"https:\/\/ykmtest.com\/wp-content\/uploads\/2025\/10\/Asset-2@2x-8.png","contentUrl":"https:\/\/ykmtest.com\/wp-content\/uploads\/2025\/10\/Asset-2@2x-8.png","width":1550,"height":323,"caption":"YKM TEST"}]},"product_price_currency":"USD","og_availability":"instock","product_availability":"instock","product_condition":"new"},"_links":{"self":[{"href":"https:\/\/ykmtest.com\/french\/wp-json\/wp\/v2\/product\/11644","targetHints":{"allow":["GET"]}}],"collection":[{"href":"https:\/\/ykmtest.com\/french\/wp-json\/wp\/v2\/product"}],"about":[{"href":"https:\/\/ykmtest.com\/french\/wp-json\/wp\/v2\/types\/product"}],"version-history":[{"count":1,"href":"https:\/\/ykmtest.com\/french\/wp-json\/wp\/v2\/product\/11644\/revisions"}],"predecessor-version":[{"id":11645,"href":"https:\/\/ykmtest.com\/french\/wp-json\/wp\/v2\/product\/11644\/revisions\/11645"}],"wp:attachment":[{"href":"https:\/\/ykmtest.com\/french\/wp-json\/wp\/v2\/media?parent=11644"}],"wp:term":[{"taxonomy":"product_brand","embeddable":true,"href":"https:\/\/ykmtest.com\/french\/wp-json\/wp\/v2\/product_brand?post=11644"},{"taxonomy":"product_cat","embeddable":true,"href":"https:\/\/ykmtest.com\/french\/wp-json\/wp\/v2\/product_cat?post=11644"},{"taxonomy":"product_tag","embeddable":true,"href":"https:\/\/ykmtest.com\/french\/wp-json\/wp\/v2\/product_tag?post=11644"}],"curies":[{"name":"wp","href":"https:\/\/api.w.org\/{rel}","templated":true}]}}