{"id":11648,"date":"2025-12-29T12:21:30","date_gmt":"2025-12-29T12:21:30","guid":{"rendered":"https:\/\/ykmtest.com\/?post_type=product&#038;p=11648"},"modified":"2025-12-29T12:52:40","modified_gmt":"2025-12-29T12:52:40","slug":"marshall-cbr-proctor-specimen-extruder","status":"publish","type":"product","link":"https:\/\/ykmtest.com\/french\/produit\/marshall-cbr-proctor-specimen-extruder\/","title":{"rendered":"Extrudeuse Marshall \/ CBR \/ Proctor"},"content":{"rendered":"<p class=\"p3\">Le Compacteur d'impact Marshall automatique, ASTM est con\u00e7u pour effectuer le compactage par impact des m\u00e9langes d'asphalte par la m\u00e9thode Marshall de mani\u00e8re enti\u00e8rement automatique et avec une grande r\u00e9p\u00e9tabilit\u00e9. Un ch\u00e2ssis rigide en acier et une structure de guidage \u00e0 colonne robuste amortissent les vibrations pendant l'impact, permettant un transfert d'\u00e9nergie sans perte le long de l'axe du moule et fournissant une densit\u00e9 cible et une hauteur de sp\u00e9cimen constantes dans la production en s\u00e9rie. L'unit\u00e9 de commande programmable permet de r\u00e9gler facilement le nombre de coups et le nombre de couches ; un compteur num\u00e9rique et des fonctions d'arr\u00eat automatique en fin de cycle r\u00e9duisent la d\u00e9pendance de l'op\u00e9rateur. Un verrouillage de s\u00e9curit\u00e9 qui d\u00e9sactive le fonctionnement lorsque le couvercle est ouvert, un bouton d'arr\u00eat d'urgence et une plaque de base amortissant les chocs cr\u00e9ent un environnement de travail ax\u00e9 sur la s\u00e9curit\u00e9. Le syst\u00e8me est compatible avec les moules Marshall de 4 pouces (\u2248101,6 mm) et de 6 pouces (\u2248152,4 mm) ; les goupilles d'alignement et les pinces de verrouillage robustes emp\u00eachent le d\u00e9salignement et les fuites pendant l'impact, tandis que le concept de changement rapide permet de passer d'une taille \u00e0 l'autre en quelques minutes, ce qui fait du Compacteur d'impact Marshall automatique, ASTM une solution fiable pour la pr\u00e9paration d'\u00e9chantillons d'asphalte normalis\u00e9s.<\/p>","protected":false},"excerpt":{"rendered":"<p>Le Marshall CBR Proctor Specimen Extruder est un dispositif d'extraction hydraulique dot\u00e9 d'un cadre rigide en acier, de guides de pr\u00e9cision et d'adaptateurs \u00e0 changement rapide qui permettent de retirer efficacement et en toute s\u00e9curit\u00e9 les \u00e9chantillons Marshall, Proctor et CBR de 4\u2033 et 6\u2033 des moules sans les endommager, en garantissant un fonctionnement align\u00e9, stable et reproductible.<\/p>","protected":false},"featured_media":0,"template":"","meta":{"_acf_changed":false},"product_brand":[],"product_cat":[172,176],"product_tag":[],"class_list":{"0":"post-11648","1":"product","2":"type-product","3":"status-publish","5":"product_cat-asphalt","6":"product_cat-marshall-stability-bmd-and-indirect-tensile","9":"instock","10":"shipping-taxable","11":"product-type-simple"},"acf":[],"yoast_head":"<!-- This site is optimized with the Yoast SEO Premium plugin v26.5 (Yoast SEO v27.5) - https:\/\/yoast.com\/product\/yoast-seo-premium-wordpress\/ -->\n<title>Marshall \/ CBR \/ Proctor Specimen Extruder - YKM TEST<\/title>\n<meta name=\"description\" content=\"Automatic Marshall Impact Compactor for 4\u201d and 6\u201d ASTM for repeatable, fully automated asphalt specimen preparation with programmable blows and ASTM compliance.\" \/>\n<meta name=\"robots\" content=\"index, follow, max-snippet:-1, max-image-preview:large, max-video-preview:-1\" \/>\n<link rel=\"canonical\" href=\"https:\/\/darkorchid-cheetah-525435.hostingersite.com\/product\/marshall-cbr-proctor-specimen-extruder\/\" \/>\n<meta property=\"og:locale\" content=\"fr_FR\" \/>\n<meta property=\"og:type\" content=\"article\" \/>\n<meta property=\"og:title\" content=\"Marshall \/ CBR \/ Proctor Specimen Extruder\" \/>\n<meta property=\"og:description\" content=\"Automatic Marshall Impact Compactor for 4\u201d and 6\u201d ASTM for repeatable, fully automated asphalt specimen preparation with programmable blows and ASTM compliance.\" \/>\n<meta property=\"og:url\" content=\"https:\/\/darkorchid-cheetah-525435.hostingersite.com\/product\/marshall-cbr-proctor-specimen-extruder\/\" \/>\n<meta property=\"og:site_name\" content=\"YKM TEST\" \/>\n<meta property=\"article:modified_time\" content=\"2025-12-29T12:52:40+00:00\" \/>\n<meta name=\"twitter:card\" content=\"summary_large_image\" \/>\n<meta name=\"twitter:label1\" content=\"Prix\" \/>\n\t<meta name=\"twitter:data1\" content=\"\" \/>\n\t<meta name=\"twitter:label2\" content=\"Disponibilit\u00e9\" \/>\n\t<meta name=\"twitter:data2\" content=\"En stock\" \/>\n<script type=\"application\/ld+json\" class=\"yoast-schema-graph\">{\"@context\":\"https:\\\/\\\/schema.org\",\"@graph\":[{\"@type\":\"WebPage\",\"@id\":\"https:\\\/\\\/darkorchid-cheetah-525435.hostingersite.com\\\/product\\\/marshall-cbr-proctor-specimen-extruder\\\/\",\"url\":\"https:\\\/\\\/darkorchid-cheetah-525435.hostingersite.com\\\/product\\\/marshall-cbr-proctor-specimen-extruder\\\/\",\"name\":\"Marshall \\\/ CBR \\\/ Proctor Specimen Extruder - YKM TEST\",\"isPartOf\":{\"@id\":\"https:\\\/\\\/darkorchid-cheetah-525435.hostingersite.com\\\/#website\"},\"datePublished\":\"2025-12-29T12:21:30+00:00\",\"dateModified\":\"2025-12-29T12:52:40+00:00\",\"description\":\"Automatic Marshall Impact Compactor for 4\u201d and 6\u201d ASTM for repeatable, fully automated asphalt specimen preparation with programmable blows and ASTM compliance.\",\"breadcrumb\":{\"@id\":\"https:\\\/\\\/darkorchid-cheetah-525435.hostingersite.com\\\/product\\\/marshall-cbr-proctor-specimen-extruder\\\/#breadcrumb\"},\"inLanguage\":\"fr-FR\",\"potentialAction\":[{\"@type\":\"ReadAction\",\"target\":[\"https:\\\/\\\/darkorchid-cheetah-525435.hostingersite.com\\\/product\\\/marshall-cbr-proctor-specimen-extruder\\\/\"]}]},{\"@type\":\"BreadcrumbList\",\"@id\":\"https:\\\/\\\/darkorchid-cheetah-525435.hostingersite.com\\\/product\\\/marshall-cbr-proctor-specimen-extruder\\\/#breadcrumb\",\"itemListElement\":[{\"@type\":\"ListItem\",\"position\":1,\"name\":\"Home\",\"item\":\"https:\\\/\\\/darkorchid-cheetah-525435.hostingersite.com\\\/\"},{\"@type\":\"ListItem\",\"position\":2,\"name\":\"\u0422\u043e\u0432\u0430\u0440\u044b\",\"item\":\"https:\\\/\\\/ykmtest.com\\\/ru\\\/shop\\\/\"},{\"@type\":\"ListItem\",\"position\":3,\"name\":\"Marshall \\\/ CBR \\\/ Proctor Specimen Extruder\"}]},{\"@type\":\"WebSite\",\"@id\":\"https:\\\/\\\/darkorchid-cheetah-525435.hostingersite.com\\\/#website\",\"url\":\"https:\\\/\\\/darkorchid-cheetah-525435.hostingersite.com\\\/\",\"name\":\"YKM TEST\",\"description\":\"\",\"publisher\":{\"@id\":\"https:\\\/\\\/darkorchid-cheetah-525435.hostingersite.com\\\/#organization\"},\"potentialAction\":[{\"@type\":\"SearchAction\",\"target\":{\"@type\":\"EntryPoint\",\"urlTemplate\":\"https:\\\/\\\/darkorchid-cheetah-525435.hostingersite.com\\\/?s={search_term_string}\"},\"query-input\":{\"@type\":\"PropertyValueSpecification\",\"valueRequired\":true,\"valueName\":\"search_term_string\"}}],\"inLanguage\":\"fr-FR\"},{\"@type\":[\"Organization\",\"Place\"],\"@id\":\"https:\\\/\\\/darkorchid-cheetah-525435.hostingersite.com\\\/#organization\",\"name\":\"YKM TEST\",\"url\":\"https:\\\/\\\/darkorchid-cheetah-525435.hostingersite.com\\\/\",\"logo\":{\"@id\":\"https:\\\/\\\/darkorchid-cheetah-525435.hostingersite.com\\\/product\\\/marshall-cbr-proctor-specimen-extruder\\\/#local-main-organization-logo\"},\"image\":{\"@id\":\"https:\\\/\\\/darkorchid-cheetah-525435.hostingersite.com\\\/product\\\/marshall-cbr-proctor-specimen-extruder\\\/#local-main-organization-logo\"},\"telephone\":[],\"openingHoursSpecification\":[{\"@type\":\"OpeningHoursSpecification\",\"dayOfWeek\":[\"Monday\",\"Tuesday\",\"Wednesday\",\"Thursday\",\"Friday\",\"Saturday\",\"Sunday\"],\"opens\":\"09:00\",\"closes\":\"17:00\"}]},{\"@type\":\"ImageObject\",\"inLanguage\":\"fr-FR\",\"@id\":\"https:\\\/\\\/darkorchid-cheetah-525435.hostingersite.com\\\/product\\\/marshall-cbr-proctor-specimen-extruder\\\/#local-main-organization-logo\",\"url\":\"https:\\\/\\\/ykmtest.com\\\/wp-content\\\/uploads\\\/2025\\\/10\\\/Asset-2@2x-8.png\",\"contentUrl\":\"https:\\\/\\\/ykmtest.com\\\/wp-content\\\/uploads\\\/2025\\\/10\\\/Asset-2@2x-8.png\",\"width\":1550,\"height\":323,\"caption\":\"YKM TEST\"}]}<\/script>\n<meta property=\"product:price:currency\" content=\"USD\" \/>\n<meta property=\"og:availability\" content=\"instock\" \/>\n<meta property=\"product:availability\" content=\"instock\" \/>\n<meta property=\"product:condition\" content=\"new\" \/>\n<!-- \/ Yoast SEO Premium plugin. -->","yoast_head_json":{"title":"Marshall \/ CBR \/ Proctor Specimen Extruder - YKM TEST","description":"Automatic Marshall Impact Compactor for 4\u201d and 6\u201d ASTM for repeatable, fully automated asphalt specimen preparation with programmable blows and ASTM compliance.","robots":{"index":"index","follow":"follow","max-snippet":"max-snippet:-1","max-image-preview":"max-image-preview:large","max-video-preview":"max-video-preview:-1"},"canonical":"https:\/\/darkorchid-cheetah-525435.hostingersite.com\/product\/marshall-cbr-proctor-specimen-extruder\/","og_locale":"fr_FR","og_type":"article","og_title":"Marshall \/ CBR \/ Proctor Specimen Extruder","og_description":"Automatic Marshall Impact Compactor for 4\u201d and 6\u201d ASTM for repeatable, fully automated asphalt specimen preparation with programmable blows and ASTM compliance.","og_url":"https:\/\/darkorchid-cheetah-525435.hostingersite.com\/product\/marshall-cbr-proctor-specimen-extruder\/","og_site_name":"YKM TEST","article_modified_time":"2025-12-29T12:52:40+00:00","twitter_card":"summary_large_image","twitter_misc":{"Prix":"","Disponibilit\u00e9":"En stock"},"schema":{"@context":"https:\/\/schema.org","@graph":[{"@type":"WebPage","@id":"https:\/\/darkorchid-cheetah-525435.hostingersite.com\/product\/marshall-cbr-proctor-specimen-extruder\/","url":"https:\/\/darkorchid-cheetah-525435.hostingersite.com\/product\/marshall-cbr-proctor-specimen-extruder\/","name":"Marshall \/ CBR \/ Proctor Specimen Extruder - YKM TEST","isPartOf":{"@id":"https:\/\/darkorchid-cheetah-525435.hostingersite.com\/#website"},"datePublished":"2025-12-29T12:21:30+00:00","dateModified":"2025-12-29T12:52:40+00:00","description":"Automatic Marshall Impact Compactor for 4\u201d and 6\u201d ASTM for repeatable, fully automated asphalt specimen preparation with programmable blows and ASTM compliance.","breadcrumb":{"@id":"https:\/\/darkorchid-cheetah-525435.hostingersite.com\/product\/marshall-cbr-proctor-specimen-extruder\/#breadcrumb"},"inLanguage":"fr-FR","potentialAction":[{"@type":"ReadAction","target":["https:\/\/darkorchid-cheetah-525435.hostingersite.com\/product\/marshall-cbr-proctor-specimen-extruder\/"]}]},{"@type":"BreadcrumbList","@id":"https:\/\/darkorchid-cheetah-525435.hostingersite.com\/product\/marshall-cbr-proctor-specimen-extruder\/#breadcrumb","itemListElement":[{"@type":"ListItem","position":1,"name":"Home","item":"https:\/\/darkorchid-cheetah-525435.hostingersite.com\/"},{"@type":"ListItem","position":2,"name":"\u0422\u043e\u0432\u0430\u0440\u044b","item":"https:\/\/ykmtest.com\/ru\/shop\/"},{"@type":"ListItem","position":3,"name":"Marshall \/ CBR \/ Proctor Specimen Extruder"}]},{"@type":"WebSite","@id":"https:\/\/darkorchid-cheetah-525435.hostingersite.com\/#website","url":"https:\/\/darkorchid-cheetah-525435.hostingersite.com\/","name":"TEST YKM","description":"","publisher":{"@id":"https:\/\/darkorchid-cheetah-525435.hostingersite.com\/#organization"},"potentialAction":[{"@type":"SearchAction","target":{"@type":"EntryPoint","urlTemplate":"https:\/\/darkorchid-cheetah-525435.hostingersite.com\/?s={search_term_string}"},"query-input":{"@type":"PropertyValueSpecification","valueRequired":true,"valueName":"search_term_string"}}],"inLanguage":"fr-FR"},{"@type":["Organization","Place"],"@id":"https:\/\/darkorchid-cheetah-525435.hostingersite.com\/#organization","name":"TEST YKM","url":"https:\/\/darkorchid-cheetah-525435.hostingersite.com\/","logo":{"@id":"https:\/\/darkorchid-cheetah-525435.hostingersite.com\/product\/marshall-cbr-proctor-specimen-extruder\/#local-main-organization-logo"},"image":{"@id":"https:\/\/darkorchid-cheetah-525435.hostingersite.com\/product\/marshall-cbr-proctor-specimen-extruder\/#local-main-organization-logo"},"telephone":[],"openingHoursSpecification":[{"@type":"OpeningHoursSpecification","dayOfWeek":["Monday","Tuesday","Wednesday","Thursday","Friday","Saturday","Sunday"],"opens":"09:00","closes":"17:00"}]},{"@type":"ImageObject","inLanguage":"fr-FR","@id":"https:\/\/darkorchid-cheetah-525435.hostingersite.com\/product\/marshall-cbr-proctor-specimen-extruder\/#local-main-organization-logo","url":"https:\/\/ykmtest.com\/wp-content\/uploads\/2025\/10\/Asset-2@2x-8.png","contentUrl":"https:\/\/ykmtest.com\/wp-content\/uploads\/2025\/10\/Asset-2@2x-8.png","width":1550,"height":323,"caption":"YKM TEST"}]},"product_price_currency":"USD","og_availability":"instock","product_availability":"instock","product_condition":"new"},"_links":{"self":[{"href":"https:\/\/ykmtest.com\/french\/wp-json\/wp\/v2\/product\/11648","targetHints":{"allow":["GET"]}}],"collection":[{"href":"https:\/\/ykmtest.com\/french\/wp-json\/wp\/v2\/product"}],"about":[{"href":"https:\/\/ykmtest.com\/french\/wp-json\/wp\/v2\/types\/product"}],"version-history":[{"count":3,"href":"https:\/\/ykmtest.com\/french\/wp-json\/wp\/v2\/product\/11648\/revisions"}],"predecessor-version":[{"id":11651,"href":"https:\/\/ykmtest.com\/french\/wp-json\/wp\/v2\/product\/11648\/revisions\/11651"}],"wp:attachment":[{"href":"https:\/\/ykmtest.com\/french\/wp-json\/wp\/v2\/media?parent=11648"}],"wp:term":[{"taxonomy":"product_brand","embeddable":true,"href":"https:\/\/ykmtest.com\/french\/wp-json\/wp\/v2\/product_brand?post=11648"},{"taxonomy":"product_cat","embeddable":true,"href":"https:\/\/ykmtest.com\/french\/wp-json\/wp\/v2\/product_cat?post=11648"},{"taxonomy":"product_tag","embeddable":true,"href":"https:\/\/ykmtest.com\/french\/wp-json\/wp\/v2\/product_tag?post=11648"}],"curies":[{"name":"wp","href":"https:\/\/api.w.org\/{rel}","templated":true}]}}