{"id":11654,"date":"2025-12-29T13:27:19","date_gmt":"2025-12-29T13:27:19","guid":{"rendered":"https:\/\/ykmtest.com\/?post_type=product&#038;p=11654"},"modified":"2025-12-29T13:27:20","modified_gmt":"2025-12-29T13:27:20","slug":"vibratory-hammer-for-compaction-of-bituminous-mixtures-and-soil","status":"publish","type":"product","link":"https:\/\/ykmtest.com\/french\/produit\/vibratory-hammer-for-compaction-of-bituminous-mixtures-and-soil\/","title":{"rendered":"Marteau vibrant pour le compactage de m\u00e9langes bitumineux et de sols"},"content":{"rendered":"<p class=\"p3\"><span lang=\"TR\">L'ensemble de marteaux vibrants est con\u00e7u pour un compactage rapide et normalis\u00e9 des m\u00e9langes bitumineux et des \u00e9chantillons de sol en utilisant l'\u00e9nergie des vibrations. Un moteur \u00e9lectrique \u00e0 haute fr\u00e9quence et un syst\u00e8me de contrepoids entra\u00eenent l'unit\u00e9. Les poids excentriques mont\u00e9s sur l'arbre du moteur g\u00e9n\u00e8rent de fortes vibrations transmises au corps, ce qui permet un compactage rapide et uniforme des m\u00e9langes bitumineux et des \u00e9chantillons de sol. Cette action r\u00e9duit l'air emprisonn\u00e9, am\u00e9liore la stabilit\u00e9 et permet d'obtenir une densit\u00e9 standard des \u00e9chantillons. Le moteur \u00e9lectrique \u00e0 haut rendement et le m\u00e9canisme excentrique \u00e9quilibr\u00e9 offrent une plage de fr\u00e9quence r\u00e9glable adapt\u00e9e aux diff\u00e9rents niveaux de rigidit\u00e9 des mat\u00e9riaux ; le cadre rigide et les roulements amortisseurs de vibrations assurent un transfert efficace de l'\u00e9nergie dans le moule. Un cadre de fixation du moule, des adaptateurs de centrage et une fixation s\u00fbre emp\u00eachent tout d\u00e9salignement lors de l'utilisation des moules standard de 4 et 6 pouces. Le marteau vibrant YKMTEST offre des performances de compactage fiables gr\u00e2ce \u00e0 un moteur durable, une sortie de vibration stable et une utilisation facile. Son corps robuste, sa production de vibrations haute performance et ses composants m\u00e9caniques \u00e0 longue dur\u00e9e de vie en font un appareil de compactage efficace, pratique et professionnel pour les laboratoires d'essais modernes.<\/span><\/p>","protected":false},"excerpt":{"rendered":"<p><span lang=\"TR\">Le Vibratory Hammer Set est un dispositif de compactage par vibration r\u00e9glable \u00e0 haute fr\u00e9quence, dot\u00e9 d'un cadre rigide et d'un syst\u00e8me de fixation s\u00e9curis\u00e9 du moule, con\u00e7u pour compacter rapidement et uniform\u00e9ment les m\u00e9langes bitumineux et les \u00e9chantillons de sol dans des moules standard de 4\u2033 et 6\u2033, pour une densit\u00e9 et une stabilit\u00e9 constantes.<\/span><\/p>","protected":false},"featured_media":0,"template":"","meta":{"_acf_changed":false},"product_brand":[],"product_cat":[172,176],"product_tag":[],"class_list":{"0":"post-11654","1":"product","2":"type-product","3":"status-publish","5":"product_cat-asphalt","6":"product_cat-marshall-stability-bmd-and-indirect-tensile","9":"instock","10":"shipping-taxable","11":"product-type-simple"},"acf":[],"yoast_head":"<!-- This site is optimized with the Yoast SEO Premium plugin v26.5 (Yoast SEO v27.5) - https:\/\/yoast.com\/product\/yoast-seo-premium-wordpress\/ -->\n<title>Vibratory Hammer for Compaction of Bituminous Mixtures and Soil - YKM TEST<\/title>\n<meta name=\"description\" content=\"Vibratory hammer set for rapid and uniform compaction of bituminous mixtures and soil specimens in 4\u2033 and 6\u2033 molds with adjustable vibration frequency.\" \/>\n<meta name=\"robots\" content=\"index, follow, max-snippet:-1, max-image-preview:large, max-video-preview:-1\" \/>\n<link rel=\"canonical\" href=\"https:\/\/darkorchid-cheetah-525435.hostingersite.com\/product\/vibratory-hammer-for-compaction-of-bituminous-mixtures-and-soil\/\" \/>\n<meta property=\"og:locale\" content=\"fr_FR\" \/>\n<meta property=\"og:type\" content=\"article\" \/>\n<meta property=\"og:title\" content=\"Vibratory Hammer for Compaction of Bituminous Mixtures and Soil\" \/>\n<meta property=\"og:description\" content=\"Vibratory hammer set for rapid and uniform compaction of bituminous mixtures and soil specimens in 4\u2033 and 6\u2033 molds with adjustable vibration frequency.\" \/>\n<meta property=\"og:url\" content=\"https:\/\/darkorchid-cheetah-525435.hostingersite.com\/product\/vibratory-hammer-for-compaction-of-bituminous-mixtures-and-soil\/\" \/>\n<meta property=\"og:site_name\" content=\"YKM TEST\" \/>\n<meta property=\"article:modified_time\" content=\"2025-12-29T13:27:20+00:00\" \/>\n<meta name=\"twitter:card\" content=\"summary_large_image\" \/>\n<meta name=\"twitter:label1\" content=\"Prix\" \/>\n\t<meta name=\"twitter:data1\" content=\"\" \/>\n\t<meta name=\"twitter:label2\" content=\"Disponibilit\u00e9\" \/>\n\t<meta name=\"twitter:data2\" content=\"En stock\" \/>\n<script type=\"application\/ld+json\" class=\"yoast-schema-graph\">{\"@context\":\"https:\\\/\\\/schema.org\",\"@graph\":[{\"@type\":\"WebPage\",\"@id\":\"https:\\\/\\\/darkorchid-cheetah-525435.hostingersite.com\\\/product\\\/vibratory-hammer-for-compaction-of-bituminous-mixtures-and-soil\\\/\",\"url\":\"https:\\\/\\\/darkorchid-cheetah-525435.hostingersite.com\\\/product\\\/vibratory-hammer-for-compaction-of-bituminous-mixtures-and-soil\\\/\",\"name\":\"Vibratory Hammer for Compaction of Bituminous Mixtures and Soil - YKM TEST\",\"isPartOf\":{\"@id\":\"https:\\\/\\\/darkorchid-cheetah-525435.hostingersite.com\\\/#website\"},\"datePublished\":\"2025-12-29T13:27:19+00:00\",\"dateModified\":\"2025-12-29T13:27:20+00:00\",\"description\":\"Vibratory hammer set for rapid and uniform compaction of bituminous mixtures and soil specimens in 4\u2033 and 6\u2033 molds with adjustable vibration frequency.\",\"breadcrumb\":{\"@id\":\"https:\\\/\\\/darkorchid-cheetah-525435.hostingersite.com\\\/product\\\/vibratory-hammer-for-compaction-of-bituminous-mixtures-and-soil\\\/#breadcrumb\"},\"inLanguage\":\"fr-FR\",\"potentialAction\":[{\"@type\":\"ReadAction\",\"target\":[\"https:\\\/\\\/darkorchid-cheetah-525435.hostingersite.com\\\/product\\\/vibratory-hammer-for-compaction-of-bituminous-mixtures-and-soil\\\/\"]}]},{\"@type\":\"BreadcrumbList\",\"@id\":\"https:\\\/\\\/darkorchid-cheetah-525435.hostingersite.com\\\/product\\\/vibratory-hammer-for-compaction-of-bituminous-mixtures-and-soil\\\/#breadcrumb\",\"itemListElement\":[{\"@type\":\"ListItem\",\"position\":1,\"name\":\"Home\",\"item\":\"https:\\\/\\\/darkorchid-cheetah-525435.hostingersite.com\\\/\"},{\"@type\":\"ListItem\",\"position\":2,\"name\":\"\u0422\u043e\u0432\u0430\u0440\u044b\",\"item\":\"https:\\\/\\\/ykmtest.com\\\/ru\\\/shop\\\/\"},{\"@type\":\"ListItem\",\"position\":3,\"name\":\"Vibratory Hammer for Compaction of Bituminous Mixtures and Soil\"}]},{\"@type\":\"WebSite\",\"@id\":\"https:\\\/\\\/darkorchid-cheetah-525435.hostingersite.com\\\/#website\",\"url\":\"https:\\\/\\\/darkorchid-cheetah-525435.hostingersite.com\\\/\",\"name\":\"YKM TEST\",\"description\":\"\",\"publisher\":{\"@id\":\"https:\\\/\\\/darkorchid-cheetah-525435.hostingersite.com\\\/#organization\"},\"potentialAction\":[{\"@type\":\"SearchAction\",\"target\":{\"@type\":\"EntryPoint\",\"urlTemplate\":\"https:\\\/\\\/darkorchid-cheetah-525435.hostingersite.com\\\/?s={search_term_string}\"},\"query-input\":{\"@type\":\"PropertyValueSpecification\",\"valueRequired\":true,\"valueName\":\"search_term_string\"}}],\"inLanguage\":\"fr-FR\"},{\"@type\":[\"Organization\",\"Place\"],\"@id\":\"https:\\\/\\\/darkorchid-cheetah-525435.hostingersite.com\\\/#organization\",\"name\":\"YKM TEST\",\"url\":\"https:\\\/\\\/darkorchid-cheetah-525435.hostingersite.com\\\/\",\"logo\":{\"@id\":\"https:\\\/\\\/darkorchid-cheetah-525435.hostingersite.com\\\/product\\\/vibratory-hammer-for-compaction-of-bituminous-mixtures-and-soil\\\/#local-main-organization-logo\"},\"image\":{\"@id\":\"https:\\\/\\\/darkorchid-cheetah-525435.hostingersite.com\\\/product\\\/vibratory-hammer-for-compaction-of-bituminous-mixtures-and-soil\\\/#local-main-organization-logo\"},\"telephone\":[],\"openingHoursSpecification\":[{\"@type\":\"OpeningHoursSpecification\",\"dayOfWeek\":[\"Monday\",\"Tuesday\",\"Wednesday\",\"Thursday\",\"Friday\",\"Saturday\",\"Sunday\"],\"opens\":\"09:00\",\"closes\":\"17:00\"}]},{\"@type\":\"ImageObject\",\"inLanguage\":\"fr-FR\",\"@id\":\"https:\\\/\\\/darkorchid-cheetah-525435.hostingersite.com\\\/product\\\/vibratory-hammer-for-compaction-of-bituminous-mixtures-and-soil\\\/#local-main-organization-logo\",\"url\":\"https:\\\/\\\/ykmtest.com\\\/wp-content\\\/uploads\\\/2025\\\/10\\\/Asset-2@2x-8.png\",\"contentUrl\":\"https:\\\/\\\/ykmtest.com\\\/wp-content\\\/uploads\\\/2025\\\/10\\\/Asset-2@2x-8.png\",\"width\":1550,\"height\":323,\"caption\":\"YKM TEST\"}]}<\/script>\n<meta property=\"product:price:currency\" content=\"USD\" \/>\n<meta property=\"og:availability\" content=\"instock\" \/>\n<meta property=\"product:availability\" content=\"instock\" \/>\n<meta property=\"product:condition\" content=\"new\" \/>\n<!-- \/ Yoast SEO Premium plugin. -->","yoast_head_json":{"title":"Vibratory Hammer for Compaction of Bituminous Mixtures and Soil - YKM TEST","description":"Vibratory hammer set for rapid and uniform compaction of bituminous mixtures and soil specimens in 4\u2033 and 6\u2033 molds with adjustable vibration frequency.","robots":{"index":"index","follow":"follow","max-snippet":"max-snippet:-1","max-image-preview":"max-image-preview:large","max-video-preview":"max-video-preview:-1"},"canonical":"https:\/\/darkorchid-cheetah-525435.hostingersite.com\/product\/vibratory-hammer-for-compaction-of-bituminous-mixtures-and-soil\/","og_locale":"fr_FR","og_type":"article","og_title":"Vibratory Hammer for Compaction of Bituminous Mixtures and Soil","og_description":"Vibratory hammer set for rapid and uniform compaction of bituminous mixtures and soil specimens in 4\u2033 and 6\u2033 molds with adjustable vibration frequency.","og_url":"https:\/\/darkorchid-cheetah-525435.hostingersite.com\/product\/vibratory-hammer-for-compaction-of-bituminous-mixtures-and-soil\/","og_site_name":"YKM TEST","article_modified_time":"2025-12-29T13:27:20+00:00","twitter_card":"summary_large_image","twitter_misc":{"Prix":"","Disponibilit\u00e9":"En stock"},"schema":{"@context":"https:\/\/schema.org","@graph":[{"@type":"WebPage","@id":"https:\/\/darkorchid-cheetah-525435.hostingersite.com\/product\/vibratory-hammer-for-compaction-of-bituminous-mixtures-and-soil\/","url":"https:\/\/darkorchid-cheetah-525435.hostingersite.com\/product\/vibratory-hammer-for-compaction-of-bituminous-mixtures-and-soil\/","name":"Vibratory Hammer for Compaction of Bituminous Mixtures and Soil - YKM TEST","isPartOf":{"@id":"https:\/\/darkorchid-cheetah-525435.hostingersite.com\/#website"},"datePublished":"2025-12-29T13:27:19+00:00","dateModified":"2025-12-29T13:27:20+00:00","description":"Vibratory hammer set for rapid and uniform compaction of bituminous mixtures and soil specimens in 4\u2033 and 6\u2033 molds with adjustable vibration frequency.","breadcrumb":{"@id":"https:\/\/darkorchid-cheetah-525435.hostingersite.com\/product\/vibratory-hammer-for-compaction-of-bituminous-mixtures-and-soil\/#breadcrumb"},"inLanguage":"fr-FR","potentialAction":[{"@type":"ReadAction","target":["https:\/\/darkorchid-cheetah-525435.hostingersite.com\/product\/vibratory-hammer-for-compaction-of-bituminous-mixtures-and-soil\/"]}]},{"@type":"BreadcrumbList","@id":"https:\/\/darkorchid-cheetah-525435.hostingersite.com\/product\/vibratory-hammer-for-compaction-of-bituminous-mixtures-and-soil\/#breadcrumb","itemListElement":[{"@type":"ListItem","position":1,"name":"Home","item":"https:\/\/darkorchid-cheetah-525435.hostingersite.com\/"},{"@type":"ListItem","position":2,"name":"\u0422\u043e\u0432\u0430\u0440\u044b","item":"https:\/\/ykmtest.com\/ru\/shop\/"},{"@type":"ListItem","position":3,"name":"Vibratory Hammer for Compaction of Bituminous Mixtures and Soil"}]},{"@type":"WebSite","@id":"https:\/\/darkorchid-cheetah-525435.hostingersite.com\/#website","url":"https:\/\/darkorchid-cheetah-525435.hostingersite.com\/","name":"TEST YKM","description":"","publisher":{"@id":"https:\/\/darkorchid-cheetah-525435.hostingersite.com\/#organization"},"potentialAction":[{"@type":"SearchAction","target":{"@type":"EntryPoint","urlTemplate":"https:\/\/darkorchid-cheetah-525435.hostingersite.com\/?s={search_term_string}"},"query-input":{"@type":"PropertyValueSpecification","valueRequired":true,"valueName":"search_term_string"}}],"inLanguage":"fr-FR"},{"@type":["Organization","Place"],"@id":"https:\/\/darkorchid-cheetah-525435.hostingersite.com\/#organization","name":"TEST YKM","url":"https:\/\/darkorchid-cheetah-525435.hostingersite.com\/","logo":{"@id":"https:\/\/darkorchid-cheetah-525435.hostingersite.com\/product\/vibratory-hammer-for-compaction-of-bituminous-mixtures-and-soil\/#local-main-organization-logo"},"image":{"@id":"https:\/\/darkorchid-cheetah-525435.hostingersite.com\/product\/vibratory-hammer-for-compaction-of-bituminous-mixtures-and-soil\/#local-main-organization-logo"},"telephone":[],"openingHoursSpecification":[{"@type":"OpeningHoursSpecification","dayOfWeek":["Monday","Tuesday","Wednesday","Thursday","Friday","Saturday","Sunday"],"opens":"09:00","closes":"17:00"}]},{"@type":"ImageObject","inLanguage":"fr-FR","@id":"https:\/\/darkorchid-cheetah-525435.hostingersite.com\/product\/vibratory-hammer-for-compaction-of-bituminous-mixtures-and-soil\/#local-main-organization-logo","url":"https:\/\/ykmtest.com\/wp-content\/uploads\/2025\/10\/Asset-2@2x-8.png","contentUrl":"https:\/\/ykmtest.com\/wp-content\/uploads\/2025\/10\/Asset-2@2x-8.png","width":1550,"height":323,"caption":"YKM TEST"}]},"product_price_currency":"USD","og_availability":"instock","product_availability":"instock","product_condition":"new"},"_links":{"self":[{"href":"https:\/\/ykmtest.com\/french\/wp-json\/wp\/v2\/product\/11654","targetHints":{"allow":["GET"]}}],"collection":[{"href":"https:\/\/ykmtest.com\/french\/wp-json\/wp\/v2\/product"}],"about":[{"href":"https:\/\/ykmtest.com\/french\/wp-json\/wp\/v2\/types\/product"}],"version-history":[{"count":1,"href":"https:\/\/ykmtest.com\/french\/wp-json\/wp\/v2\/product\/11654\/revisions"}],"predecessor-version":[{"id":11655,"href":"https:\/\/ykmtest.com\/french\/wp-json\/wp\/v2\/product\/11654\/revisions\/11655"}],"wp:attachment":[{"href":"https:\/\/ykmtest.com\/french\/wp-json\/wp\/v2\/media?parent=11654"}],"wp:term":[{"taxonomy":"product_brand","embeddable":true,"href":"https:\/\/ykmtest.com\/french\/wp-json\/wp\/v2\/product_brand?post=11654"},{"taxonomy":"product_cat","embeddable":true,"href":"https:\/\/ykmtest.com\/french\/wp-json\/wp\/v2\/product_cat?post=11654"},{"taxonomy":"product_tag","embeddable":true,"href":"https:\/\/ykmtest.com\/french\/wp-json\/wp\/v2\/product_tag?post=11654"}],"curies":[{"name":"wp","href":"https:\/\/api.w.org\/{rel}","templated":true}]}}