{"id":11686,"date":"2025-12-30T09:19:34","date_gmt":"2025-12-30T09:19:34","guid":{"rendered":"https:\/\/ykmtest.com\/?post_type=product&#038;p=11686"},"modified":"2025-12-30T09:19:35","modified_gmt":"2025-12-30T09:19:35","slug":"automatic-grinding-machine-with-safety-cabinet-2","status":"publish","type":"product","link":"https:\/\/ykmtest.com\/french\/produit\/automatic-grinding-machine-with-safety-cabinet-2\/","title":{"rendered":"Rectifieuse automatique avec armoire de s\u00e9curit\u00e9"},"content":{"rendered":"<p>La rectifieuse plane automatique est capable de traiter jusqu'\u00e0 trois \u00e9chantillons cylindriques simultan\u00e9ment, en fonction du diam\u00e8tre de l'\u00e9chantillon, et est enti\u00e8rement compatible avec des tailles d'\u00e9chantillons allant d'environ \u00d838 mm \u00e0 \u00d8200 mm. Le syst\u00e8me de refroidissement par eau utilis\u00e9 pendant le meulage emp\u00eache la surchauffe, maintient la qualit\u00e9 de la surface et prolonge la dur\u00e9e de vie du disque de meulage. L'une des caract\u00e9ristiques les plus importantes de l'unit\u00e9 est son armoire de s\u00e9curit\u00e9 int\u00e9gr\u00e9e. La conception de l'armoire ferm\u00e9e emp\u00eache les particules et les \u00e9claboussures g\u00e9n\u00e9r\u00e9es pendant le broyage de se r\u00e9pandre dans l'environnement du laboratoire. Cette caract\u00e9ristique garantit \u00e0 la fois la s\u00e9curit\u00e9 de l'op\u00e9rateur et la propret\u00e9 du laboratoire. Le panneau frontal transparent permet de contr\u00f4ler visuellement le processus en toute s\u00e9curit\u00e9. Les \u00e9chantillons sont fix\u00e9s \u00e0 l'aide d'un syst\u00e8me de serrage solide, qui \u00e9limine les d\u00e9fauts de surface induits par les vibrations pendant le pr\u00e9polissage et garantit que les extr\u00e9mit\u00e9s de l'\u00e9chantillon restent parall\u00e8les. Le panneau de commande convivial permet de programmer la dur\u00e9e de pr\u00e9polissage et la vitesse du disque. Une fois les param\u00e8tres configur\u00e9s, l'ensemble du processus de pr\u00e9polissage est ex\u00e9cut\u00e9 automatiquement. La construction robuste en acier de l'appareil garantit une durabilit\u00e9 \u00e0 long terme. Gr\u00e2ce \u00e0 son armoire de s\u00e9curit\u00e9 et \u00e0 ses fonctions de contr\u00f4le automatique, le syst\u00e8me am\u00e9liore l'efficacit\u00e9 du laboratoire en offrant une grande pr\u00e9cision et une s\u00e9curit\u00e9 maximale.<\/p>","protected":false},"excerpt":{"rendered":"<p>La rectifieuse de surface automatique avec armoire de s\u00e9curit\u00e9 est un syst\u00e8me de rectification enti\u00e8rement automatis\u00e9 con\u00e7u pour pr\u00e9parer les surfaces finales des \u00e9chantillons de b\u00e9ton, de roche et d'autres mat\u00e9riaux durs similaires conform\u00e9ment aux normes d'essai en vigueur. Gr\u00e2ce \u00e0 sa puissante structure motoris\u00e9e et \u00e0 son m\u00e9canisme de contr\u00f4le avanc\u00e9, elle produit des surfaces d'extr\u00e9mit\u00e9 d'\u00e9chantillons planes, parall\u00e8les et lisses.<\/p>","protected":false},"featured_media":0,"template":"","meta":{"_acf_changed":false},"product_brand":[],"product_cat":[205,201],"product_tag":[],"class_list":{"0":"post-11686","1":"product","2":"type-product","3":"status-publish","5":"product_cat-coring-cutting-and-grinding-machines-rock","6":"product_cat-rock","9":"instock","10":"shipping-taxable","11":"product-type-simple"},"acf":[],"yoast_head":"<!-- This site is optimized with the Yoast SEO Premium plugin v26.5 (Yoast SEO v27.5) - https:\/\/yoast.com\/product\/yoast-seo-premium-wordpress\/ -->\n<title>Automatic Grinding Machine with Safety Cabinet - YKM TEST<\/title>\n<meta name=\"description\" content=\"Automatic Surface Grinding Machine with Safety Cabinet prepares flat, smooth, and parallel specimen end surfaces safely and automatically, with water cooling and robust clamping.\" \/>\n<meta name=\"robots\" content=\"index, follow, max-snippet:-1, max-image-preview:large, max-video-preview:-1\" \/>\n<link rel=\"canonical\" href=\"https:\/\/darkorchid-cheetah-525435.hostingersite.com\/product\/automatic-grinding-machine-with-safety-cabinet-2\/\" \/>\n<meta property=\"og:locale\" content=\"fr_FR\" \/>\n<meta property=\"og:type\" content=\"article\" \/>\n<meta property=\"og:title\" content=\"Automatic Grinding Machine with Safety Cabinet\" \/>\n<meta property=\"og:description\" content=\"Automatic Surface Grinding Machine with Safety Cabinet prepares flat, smooth, and parallel specimen end surfaces safely and automatically, with water cooling and robust clamping.\" \/>\n<meta property=\"og:url\" content=\"https:\/\/darkorchid-cheetah-525435.hostingersite.com\/product\/automatic-grinding-machine-with-safety-cabinet-2\/\" \/>\n<meta property=\"og:site_name\" content=\"YKM TEST\" \/>\n<meta property=\"article:modified_time\" content=\"2025-12-30T09:19:35+00:00\" \/>\n<meta name=\"twitter:card\" content=\"summary_large_image\" \/>\n<meta name=\"twitter:label1\" content=\"Prix\" \/>\n\t<meta name=\"twitter:data1\" content=\"\" \/>\n\t<meta name=\"twitter:label2\" content=\"Disponibilit\u00e9\" \/>\n\t<meta name=\"twitter:data2\" content=\"En stock\" \/>\n<script type=\"application\/ld+json\" class=\"yoast-schema-graph\">{\"@context\":\"https:\\\/\\\/schema.org\",\"@graph\":[{\"@type\":\"WebPage\",\"@id\":\"https:\\\/\\\/darkorchid-cheetah-525435.hostingersite.com\\\/product\\\/automatic-grinding-machine-with-safety-cabinet-2\\\/\",\"url\":\"https:\\\/\\\/darkorchid-cheetah-525435.hostingersite.com\\\/product\\\/automatic-grinding-machine-with-safety-cabinet-2\\\/\",\"name\":\"Automatic Grinding Machine with Safety Cabinet - YKM TEST\",\"isPartOf\":{\"@id\":\"https:\\\/\\\/darkorchid-cheetah-525435.hostingersite.com\\\/#website\"},\"datePublished\":\"2025-12-30T09:19:34+00:00\",\"dateModified\":\"2025-12-30T09:19:35+00:00\",\"description\":\"Automatic Surface Grinding Machine with Safety Cabinet prepares flat, smooth, and parallel specimen end surfaces safely and automatically, with water cooling and robust clamping.\",\"breadcrumb\":{\"@id\":\"https:\\\/\\\/darkorchid-cheetah-525435.hostingersite.com\\\/product\\\/automatic-grinding-machine-with-safety-cabinet-2\\\/#breadcrumb\"},\"inLanguage\":\"fr-FR\",\"potentialAction\":[{\"@type\":\"ReadAction\",\"target\":[\"https:\\\/\\\/darkorchid-cheetah-525435.hostingersite.com\\\/product\\\/automatic-grinding-machine-with-safety-cabinet-2\\\/\"]}]},{\"@type\":\"BreadcrumbList\",\"@id\":\"https:\\\/\\\/darkorchid-cheetah-525435.hostingersite.com\\\/product\\\/automatic-grinding-machine-with-safety-cabinet-2\\\/#breadcrumb\",\"itemListElement\":[{\"@type\":\"ListItem\",\"position\":1,\"name\":\"Home\",\"item\":\"https:\\\/\\\/darkorchid-cheetah-525435.hostingersite.com\\\/\"},{\"@type\":\"ListItem\",\"position\":2,\"name\":\"\u0422\u043e\u0432\u0430\u0440\u044b\",\"item\":\"https:\\\/\\\/ykmtest.com\\\/ru\\\/shop\\\/\"},{\"@type\":\"ListItem\",\"position\":3,\"name\":\"Automatic Grinding Machine with Safety Cabinet\"}]},{\"@type\":\"WebSite\",\"@id\":\"https:\\\/\\\/darkorchid-cheetah-525435.hostingersite.com\\\/#website\",\"url\":\"https:\\\/\\\/darkorchid-cheetah-525435.hostingersite.com\\\/\",\"name\":\"YKM TEST\",\"description\":\"\",\"publisher\":{\"@id\":\"https:\\\/\\\/darkorchid-cheetah-525435.hostingersite.com\\\/#organization\"},\"potentialAction\":[{\"@type\":\"SearchAction\",\"target\":{\"@type\":\"EntryPoint\",\"urlTemplate\":\"https:\\\/\\\/darkorchid-cheetah-525435.hostingersite.com\\\/?s={search_term_string}\"},\"query-input\":{\"@type\":\"PropertyValueSpecification\",\"valueRequired\":true,\"valueName\":\"search_term_string\"}}],\"inLanguage\":\"fr-FR\"},{\"@type\":[\"Organization\",\"Place\"],\"@id\":\"https:\\\/\\\/darkorchid-cheetah-525435.hostingersite.com\\\/#organization\",\"name\":\"YKM TEST\",\"url\":\"https:\\\/\\\/darkorchid-cheetah-525435.hostingersite.com\\\/\",\"logo\":{\"@id\":\"https:\\\/\\\/darkorchid-cheetah-525435.hostingersite.com\\\/product\\\/automatic-grinding-machine-with-safety-cabinet-2\\\/#local-main-organization-logo\"},\"image\":{\"@id\":\"https:\\\/\\\/darkorchid-cheetah-525435.hostingersite.com\\\/product\\\/automatic-grinding-machine-with-safety-cabinet-2\\\/#local-main-organization-logo\"},\"telephone\":[],\"openingHoursSpecification\":[{\"@type\":\"OpeningHoursSpecification\",\"dayOfWeek\":[\"Monday\",\"Tuesday\",\"Wednesday\",\"Thursday\",\"Friday\",\"Saturday\",\"Sunday\"],\"opens\":\"09:00\",\"closes\":\"17:00\"}]},{\"@type\":\"ImageObject\",\"inLanguage\":\"fr-FR\",\"@id\":\"https:\\\/\\\/darkorchid-cheetah-525435.hostingersite.com\\\/product\\\/automatic-grinding-machine-with-safety-cabinet-2\\\/#local-main-organization-logo\",\"url\":\"https:\\\/\\\/ykmtest.com\\\/wp-content\\\/uploads\\\/2025\\\/10\\\/Asset-2@2x-8.png\",\"contentUrl\":\"https:\\\/\\\/ykmtest.com\\\/wp-content\\\/uploads\\\/2025\\\/10\\\/Asset-2@2x-8.png\",\"width\":1550,\"height\":323,\"caption\":\"YKM TEST\"}]}<\/script>\n<meta property=\"product:price:currency\" content=\"USD\" \/>\n<meta property=\"og:availability\" content=\"instock\" \/>\n<meta property=\"product:availability\" content=\"instock\" \/>\n<meta property=\"product:condition\" content=\"new\" \/>\n<!-- \/ Yoast SEO Premium plugin. -->","yoast_head_json":{"title":"Automatic Grinding Machine with Safety Cabinet - YKM TEST","description":"Automatic Surface Grinding Machine with Safety Cabinet prepares flat, smooth, and parallel specimen end surfaces safely and automatically, with water cooling and robust clamping.","robots":{"index":"index","follow":"follow","max-snippet":"max-snippet:-1","max-image-preview":"max-image-preview:large","max-video-preview":"max-video-preview:-1"},"canonical":"https:\/\/darkorchid-cheetah-525435.hostingersite.com\/product\/automatic-grinding-machine-with-safety-cabinet-2\/","og_locale":"fr_FR","og_type":"article","og_title":"Automatic Grinding Machine with Safety Cabinet","og_description":"Automatic Surface Grinding Machine with Safety Cabinet prepares flat, smooth, and parallel specimen end surfaces safely and automatically, with water cooling and robust clamping.","og_url":"https:\/\/darkorchid-cheetah-525435.hostingersite.com\/product\/automatic-grinding-machine-with-safety-cabinet-2\/","og_site_name":"YKM TEST","article_modified_time":"2025-12-30T09:19:35+00:00","twitter_card":"summary_large_image","twitter_misc":{"Prix":"","Disponibilit\u00e9":"En stock"},"schema":{"@context":"https:\/\/schema.org","@graph":[{"@type":"WebPage","@id":"https:\/\/darkorchid-cheetah-525435.hostingersite.com\/product\/automatic-grinding-machine-with-safety-cabinet-2\/","url":"https:\/\/darkorchid-cheetah-525435.hostingersite.com\/product\/automatic-grinding-machine-with-safety-cabinet-2\/","name":"Automatic Grinding Machine with Safety Cabinet - YKM TEST","isPartOf":{"@id":"https:\/\/darkorchid-cheetah-525435.hostingersite.com\/#website"},"datePublished":"2025-12-30T09:19:34+00:00","dateModified":"2025-12-30T09:19:35+00:00","description":"Automatic Surface Grinding Machine with Safety Cabinet prepares flat, smooth, and parallel specimen end surfaces safely and automatically, with water cooling and robust clamping.","breadcrumb":{"@id":"https:\/\/darkorchid-cheetah-525435.hostingersite.com\/product\/automatic-grinding-machine-with-safety-cabinet-2\/#breadcrumb"},"inLanguage":"fr-FR","potentialAction":[{"@type":"ReadAction","target":["https:\/\/darkorchid-cheetah-525435.hostingersite.com\/product\/automatic-grinding-machine-with-safety-cabinet-2\/"]}]},{"@type":"BreadcrumbList","@id":"https:\/\/darkorchid-cheetah-525435.hostingersite.com\/product\/automatic-grinding-machine-with-safety-cabinet-2\/#breadcrumb","itemListElement":[{"@type":"ListItem","position":1,"name":"Home","item":"https:\/\/darkorchid-cheetah-525435.hostingersite.com\/"},{"@type":"ListItem","position":2,"name":"\u0422\u043e\u0432\u0430\u0440\u044b","item":"https:\/\/ykmtest.com\/ru\/shop\/"},{"@type":"ListItem","position":3,"name":"Automatic Grinding Machine with Safety Cabinet"}]},{"@type":"WebSite","@id":"https:\/\/darkorchid-cheetah-525435.hostingersite.com\/#website","url":"https:\/\/darkorchid-cheetah-525435.hostingersite.com\/","name":"TEST YKM","description":"","publisher":{"@id":"https:\/\/darkorchid-cheetah-525435.hostingersite.com\/#organization"},"potentialAction":[{"@type":"SearchAction","target":{"@type":"EntryPoint","urlTemplate":"https:\/\/darkorchid-cheetah-525435.hostingersite.com\/?s={search_term_string}"},"query-input":{"@type":"PropertyValueSpecification","valueRequired":true,"valueName":"search_term_string"}}],"inLanguage":"fr-FR"},{"@type":["Organization","Place"],"@id":"https:\/\/darkorchid-cheetah-525435.hostingersite.com\/#organization","name":"TEST YKM","url":"https:\/\/darkorchid-cheetah-525435.hostingersite.com\/","logo":{"@id":"https:\/\/darkorchid-cheetah-525435.hostingersite.com\/product\/automatic-grinding-machine-with-safety-cabinet-2\/#local-main-organization-logo"},"image":{"@id":"https:\/\/darkorchid-cheetah-525435.hostingersite.com\/product\/automatic-grinding-machine-with-safety-cabinet-2\/#local-main-organization-logo"},"telephone":[],"openingHoursSpecification":[{"@type":"OpeningHoursSpecification","dayOfWeek":["Monday","Tuesday","Wednesday","Thursday","Friday","Saturday","Sunday"],"opens":"09:00","closes":"17:00"}]},{"@type":"ImageObject","inLanguage":"fr-FR","@id":"https:\/\/darkorchid-cheetah-525435.hostingersite.com\/product\/automatic-grinding-machine-with-safety-cabinet-2\/#local-main-organization-logo","url":"https:\/\/ykmtest.com\/wp-content\/uploads\/2025\/10\/Asset-2@2x-8.png","contentUrl":"https:\/\/ykmtest.com\/wp-content\/uploads\/2025\/10\/Asset-2@2x-8.png","width":1550,"height":323,"caption":"YKM TEST"}]},"product_price_currency":"USD","og_availability":"instock","product_availability":"instock","product_condition":"new"},"_links":{"self":[{"href":"https:\/\/ykmtest.com\/french\/wp-json\/wp\/v2\/product\/11686","targetHints":{"allow":["GET"]}}],"collection":[{"href":"https:\/\/ykmtest.com\/french\/wp-json\/wp\/v2\/product"}],"about":[{"href":"https:\/\/ykmtest.com\/french\/wp-json\/wp\/v2\/types\/product"}],"version-history":[{"count":1,"href":"https:\/\/ykmtest.com\/french\/wp-json\/wp\/v2\/product\/11686\/revisions"}],"predecessor-version":[{"id":11687,"href":"https:\/\/ykmtest.com\/french\/wp-json\/wp\/v2\/product\/11686\/revisions\/11687"}],"wp:attachment":[{"href":"https:\/\/ykmtest.com\/french\/wp-json\/wp\/v2\/media?parent=11686"}],"wp:term":[{"taxonomy":"product_brand","embeddable":true,"href":"https:\/\/ykmtest.com\/french\/wp-json\/wp\/v2\/product_brand?post=11686"},{"taxonomy":"product_cat","embeddable":true,"href":"https:\/\/ykmtest.com\/french\/wp-json\/wp\/v2\/product_cat?post=11686"},{"taxonomy":"product_tag","embeddable":true,"href":"https:\/\/ykmtest.com\/french\/wp-json\/wp\/v2\/product_tag?post=11686"}],"curies":[{"name":"wp","href":"https:\/\/api.w.org\/{rel}","templated":true}]}}