{"id":11741,"date":"2026-01-02T07:21:14","date_gmt":"2026-01-02T07:21:14","guid":{"rendered":"https:\/\/ykmtest.com\/?post_type=product&#038;p=11741"},"modified":"2026-01-02T07:21:15","modified_gmt":"2026-01-02T07:21:15","slug":"automatic-vicat-apparatus","status":"publish","type":"product","link":"https:\/\/ykmtest.com\/french\/produit\/automatic-vicat-apparatus\/","title":{"rendered":"Appareil Vicat automatique"},"content":{"rendered":"<p>L'appareil Vicat automatique est un syst\u00e8me d'essai enti\u00e8rement automatis\u00e9 con\u00e7u pour d\u00e9terminer avec une grande pr\u00e9cision les temps de prise initiale et finale et les p\u00e9riodes de consistance standard des ciments, mortiers et mat\u00e9riaux \u00e0 base de gypse. L'appareil conserve tous les principes du test manuel de Vicat tout en automatisant enti\u00e8rement le processus, ce qui permet d'\u00e9liminer les erreurs de l'op\u00e9rateur, d'am\u00e9liorer la pr\u00e9cision des mesures et d'optimiser la dur\u00e9e du test. D\u00e9velopp\u00e9 par YKMTEST, ce syst\u00e8me est \u00e9quip\u00e9 d'un m\u00e9canisme d'entra\u00eenement lin\u00e9aire de haute pr\u00e9cision, d'un contr\u00f4le num\u00e9rique de la force, d'un syst\u00e8me d'abaissement automatique de l'aiguille et d'une unit\u00e9 de contr\u00f4le \u00e0 \u00e9cran tactile. Pendant le test, la profondeur de p\u00e9n\u00e9tration de l'aiguille dans l'\u00e9chantillon est mesur\u00e9e avec une grande pr\u00e9cision et les r\u00e9sultats sont enregistr\u00e9s num\u00e9riquement. Chaque cycle de p\u00e9n\u00e9tration est automatiquement r\u00e9p\u00e9t\u00e9 \u00e0 des intervalles de temps sp\u00e9cifi\u00e9s, ce qui permet \u00e0 l'appareil de surveiller le comportement de durcissement de l'\u00e9chantillon en temps r\u00e9el. Les temps de prise initiale et finale sont automatiquement d\u00e9termin\u00e9s en fonction de la profondeur de p\u00e9n\u00e9tration de l'aiguille et affich\u00e9s graphiquement \u00e0 l'\u00e9cran. L'\u00e9cran tactile couleur de 7 pouces permet \u00e0 l'utilisateur de r\u00e9gler facilement les param\u00e8tres du test, de visualiser les r\u00e9sultats en temps r\u00e9el et d'enregistrer les donn\u00e9es \u00e0 la fin du test. Pour une r\u00e9p\u00e9tabilit\u00e9 et une pr\u00e9cision de mesure \u00e9lev\u00e9es, l'appareil Vicat automatique utilise une unit\u00e9 d'abaissement de l'aiguille command\u00e9e par un moteur pas \u00e0 pas. Le syst\u00e8me d\u00e9tecte les changements de force instantan\u00e9s lorsque l'aiguille entre en contact avec la surface de l'\u00e9chantillon et arr\u00eate automatiquement le mouvement, garantissant ainsi l'application de la m\u00eame force de p\u00e9n\u00e9tration \u00e0 chaque mesure. La profondeur de p\u00e9n\u00e9tration de l'aiguille est mesur\u00e9e par un codeur lin\u00e9aire num\u00e9rique avec une r\u00e9solution de 0,01 mm. Les valeurs enregistr\u00e9es sont trac\u00e9es en fonction du temps, fournissant une repr\u00e9sentation visuelle du processus d'hydratation du ciment. Le corps de l'appareil est en acier recouvert d'une couche de poudre \u00e9lectrostatique, ce qui le rend r\u00e9sistant \u00e0 la d\u00e9formation et \u00e0 l'humidit\u00e9 lors d'une utilisation prolong\u00e9e en laboratoire.<\/p>","protected":false},"excerpt":{"rendered":"<p>L'appareil Vicat automatique est un syst\u00e8me enti\u00e8rement automatis\u00e9 qui mesure les temps de prise et la consistance du ciment, du mortier et du pl\u00e2tre avec une grande pr\u00e9cision en enregistrant num\u00e9riquement la profondeur de p\u00e9n\u00e9tration de l'aiguille au fil du temps, ce qui garantit des r\u00e9sultats r\u00e9p\u00e9tables, en temps r\u00e9el et ind\u00e9pendants de l'op\u00e9rateur.<\/p>","protected":false},"featured_media":0,"template":"","meta":{"_acf_changed":false},"product_brand":[],"product_cat":[159,168],"product_tag":[],"class_list":{"0":"post-11741","1":"product","2":"type-product","3":"status-publish","5":"product_cat-cement-mortar","6":"product_cat-setting-time-and-consistency","9":"instock","10":"shipping-taxable","11":"product-type-simple"},"acf":[],"yoast_head":"<!-- This site is optimized with the Yoast SEO Premium plugin v26.5 (Yoast SEO v27.5) - https:\/\/yoast.com\/product\/yoast-seo-premium-wordpress\/ -->\n<title>Automatic Vicat Apparatus - YKM TEST<\/title>\n<meta name=\"description\" content=\"Automatic Vicat Apparatus is a fully automated system for precise determination of cement, mortar, and gypsum setting times and consistency with digital data recording.\" \/>\n<meta name=\"robots\" content=\"index, follow, max-snippet:-1, max-image-preview:large, max-video-preview:-1\" \/>\n<link rel=\"canonical\" href=\"https:\/\/ykmtest.com\/french\/produit\/automatic-vicat-apparatus\/\" \/>\n<meta property=\"og:locale\" content=\"fr_FR\" \/>\n<meta property=\"og:type\" content=\"article\" \/>\n<meta property=\"og:title\" content=\"Automatic Vicat Apparatus\" \/>\n<meta property=\"og:description\" content=\"Automatic Vicat Apparatus is a fully automated system for precise determination of cement, mortar, and gypsum setting times and consistency with digital data recording.\" \/>\n<meta property=\"og:url\" content=\"https:\/\/ykmtest.com\/french\/produit\/automatic-vicat-apparatus\/\" \/>\n<meta property=\"og:site_name\" content=\"YKM TEST\" \/>\n<meta property=\"article:modified_time\" content=\"2026-01-02T07:21:15+00:00\" \/>\n<meta name=\"twitter:card\" content=\"summary_large_image\" \/>\n<meta name=\"twitter:label1\" content=\"Prix\" \/>\n\t<meta name=\"twitter:data1\" content=\"\" \/>\n\t<meta name=\"twitter:label2\" content=\"Disponibilit\u00e9\" \/>\n\t<meta name=\"twitter:data2\" content=\"En stock\" \/>\n<script type=\"application\/ld+json\" class=\"yoast-schema-graph\">{\"@context\":\"https:\\\/\\\/schema.org\",\"@graph\":[{\"@type\":\"WebPage\",\"@id\":\"https:\\\/\\\/ykmtest.com\\\/product\\\/automatic-vicat-apparatus\\\/\",\"url\":\"https:\\\/\\\/ykmtest.com\\\/product\\\/automatic-vicat-apparatus\\\/\",\"name\":\"Automatic Vicat Apparatus - YKM TEST\",\"isPartOf\":{\"@id\":\"https:\\\/\\\/darkorchid-cheetah-525435.hostingersite.com\\\/#website\"},\"datePublished\":\"2026-01-02T07:21:14+00:00\",\"dateModified\":\"2026-01-02T07:21:15+00:00\",\"description\":\"Automatic Vicat Apparatus is a fully automated system for precise determination of cement, mortar, and gypsum setting times and consistency with digital data recording.\",\"breadcrumb\":{\"@id\":\"https:\\\/\\\/ykmtest.com\\\/product\\\/automatic-vicat-apparatus\\\/#breadcrumb\"},\"inLanguage\":\"fr-FR\",\"potentialAction\":[{\"@type\":\"ReadAction\",\"target\":[\"https:\\\/\\\/ykmtest.com\\\/product\\\/automatic-vicat-apparatus\\\/\"]}]},{\"@type\":\"BreadcrumbList\",\"@id\":\"https:\\\/\\\/ykmtest.com\\\/product\\\/automatic-vicat-apparatus\\\/#breadcrumb\",\"itemListElement\":[{\"@type\":\"ListItem\",\"position\":1,\"name\":\"Home\",\"item\":\"https:\\\/\\\/darkorchid-cheetah-525435.hostingersite.com\\\/\"},{\"@type\":\"ListItem\",\"position\":2,\"name\":\"\u0422\u043e\u0432\u0430\u0440\u044b\",\"item\":\"https:\\\/\\\/ykmtest.com\\\/ru\\\/shop\\\/\"},{\"@type\":\"ListItem\",\"position\":3,\"name\":\"Automatic Vicat Apparatus\"}]},{\"@type\":\"WebSite\",\"@id\":\"https:\\\/\\\/darkorchid-cheetah-525435.hostingersite.com\\\/#website\",\"url\":\"https:\\\/\\\/darkorchid-cheetah-525435.hostingersite.com\\\/\",\"name\":\"YKM TEST\",\"description\":\"\",\"publisher\":{\"@id\":\"https:\\\/\\\/darkorchid-cheetah-525435.hostingersite.com\\\/#organization\"},\"potentialAction\":[{\"@type\":\"SearchAction\",\"target\":{\"@type\":\"EntryPoint\",\"urlTemplate\":\"https:\\\/\\\/darkorchid-cheetah-525435.hostingersite.com\\\/?s={search_term_string}\"},\"query-input\":{\"@type\":\"PropertyValueSpecification\",\"valueRequired\":true,\"valueName\":\"search_term_string\"}}],\"inLanguage\":\"fr-FR\"},{\"@type\":[\"Organization\",\"Place\"],\"@id\":\"https:\\\/\\\/darkorchid-cheetah-525435.hostingersite.com\\\/#organization\",\"name\":\"YKM TEST\",\"url\":\"https:\\\/\\\/darkorchid-cheetah-525435.hostingersite.com\\\/\",\"logo\":{\"@id\":\"https:\\\/\\\/ykmtest.com\\\/product\\\/automatic-vicat-apparatus\\\/#local-main-organization-logo\"},\"image\":{\"@id\":\"https:\\\/\\\/ykmtest.com\\\/product\\\/automatic-vicat-apparatus\\\/#local-main-organization-logo\"},\"telephone\":[],\"openingHoursSpecification\":[{\"@type\":\"OpeningHoursSpecification\",\"dayOfWeek\":[\"Monday\",\"Tuesday\",\"Wednesday\",\"Thursday\",\"Friday\",\"Saturday\",\"Sunday\"],\"opens\":\"09:00\",\"closes\":\"17:00\"}]},{\"@type\":\"ImageObject\",\"inLanguage\":\"fr-FR\",\"@id\":\"https:\\\/\\\/ykmtest.com\\\/product\\\/automatic-vicat-apparatus\\\/#local-main-organization-logo\",\"url\":\"https:\\\/\\\/ykmtest.com\\\/wp-content\\\/uploads\\\/2025\\\/10\\\/Asset-2@2x-8.png\",\"contentUrl\":\"https:\\\/\\\/ykmtest.com\\\/wp-content\\\/uploads\\\/2025\\\/10\\\/Asset-2@2x-8.png\",\"width\":1550,\"height\":323,\"caption\":\"YKM TEST\"}]}<\/script>\n<meta property=\"product:price:currency\" content=\"USD\" \/>\n<meta property=\"og:availability\" content=\"instock\" \/>\n<meta property=\"product:availability\" content=\"instock\" \/>\n<meta property=\"product:condition\" content=\"new\" \/>\n<!-- \/ Yoast SEO Premium plugin. -->","yoast_head_json":{"title":"Automatic Vicat Apparatus - YKM TEST","description":"Automatic Vicat Apparatus is a fully automated system for precise determination of cement, mortar, and gypsum setting times and consistency with digital data recording.","robots":{"index":"index","follow":"follow","max-snippet":"max-snippet:-1","max-image-preview":"max-image-preview:large","max-video-preview":"max-video-preview:-1"},"canonical":"https:\/\/ykmtest.com\/french\/produit\/automatic-vicat-apparatus\/","og_locale":"fr_FR","og_type":"article","og_title":"Automatic Vicat Apparatus","og_description":"Automatic Vicat Apparatus is a fully automated system for precise determination of cement, mortar, and gypsum setting times and consistency with digital data recording.","og_url":"https:\/\/ykmtest.com\/french\/produit\/automatic-vicat-apparatus\/","og_site_name":"YKM TEST","article_modified_time":"2026-01-02T07:21:15+00:00","twitter_card":"summary_large_image","twitter_misc":{"Prix":"","Disponibilit\u00e9":"En stock"},"schema":{"@context":"https:\/\/schema.org","@graph":[{"@type":"WebPage","@id":"https:\/\/ykmtest.com\/product\/automatic-vicat-apparatus\/","url":"https:\/\/ykmtest.com\/product\/automatic-vicat-apparatus\/","name":"Automatic Vicat Apparatus - YKM TEST","isPartOf":{"@id":"https:\/\/darkorchid-cheetah-525435.hostingersite.com\/#website"},"datePublished":"2026-01-02T07:21:14+00:00","dateModified":"2026-01-02T07:21:15+00:00","description":"Automatic Vicat Apparatus is a fully automated system for precise determination of cement, mortar, and gypsum setting times and consistency with digital data recording.","breadcrumb":{"@id":"https:\/\/ykmtest.com\/product\/automatic-vicat-apparatus\/#breadcrumb"},"inLanguage":"fr-FR","potentialAction":[{"@type":"ReadAction","target":["https:\/\/ykmtest.com\/product\/automatic-vicat-apparatus\/"]}]},{"@type":"BreadcrumbList","@id":"https:\/\/ykmtest.com\/product\/automatic-vicat-apparatus\/#breadcrumb","itemListElement":[{"@type":"ListItem","position":1,"name":"Home","item":"https:\/\/darkorchid-cheetah-525435.hostingersite.com\/"},{"@type":"ListItem","position":2,"name":"\u0422\u043e\u0432\u0430\u0440\u044b","item":"https:\/\/ykmtest.com\/ru\/shop\/"},{"@type":"ListItem","position":3,"name":"Automatic Vicat Apparatus"}]},{"@type":"WebSite","@id":"https:\/\/darkorchid-cheetah-525435.hostingersite.com\/#website","url":"https:\/\/darkorchid-cheetah-525435.hostingersite.com\/","name":"TEST YKM","description":"","publisher":{"@id":"https:\/\/darkorchid-cheetah-525435.hostingersite.com\/#organization"},"potentialAction":[{"@type":"SearchAction","target":{"@type":"EntryPoint","urlTemplate":"https:\/\/darkorchid-cheetah-525435.hostingersite.com\/?s={search_term_string}"},"query-input":{"@type":"PropertyValueSpecification","valueRequired":true,"valueName":"search_term_string"}}],"inLanguage":"fr-FR"},{"@type":["Organization","Place"],"@id":"https:\/\/darkorchid-cheetah-525435.hostingersite.com\/#organization","name":"TEST YKM","url":"https:\/\/darkorchid-cheetah-525435.hostingersite.com\/","logo":{"@id":"https:\/\/ykmtest.com\/product\/automatic-vicat-apparatus\/#local-main-organization-logo"},"image":{"@id":"https:\/\/ykmtest.com\/product\/automatic-vicat-apparatus\/#local-main-organization-logo"},"telephone":[],"openingHoursSpecification":[{"@type":"OpeningHoursSpecification","dayOfWeek":["Monday","Tuesday","Wednesday","Thursday","Friday","Saturday","Sunday"],"opens":"09:00","closes":"17:00"}]},{"@type":"ImageObject","inLanguage":"fr-FR","@id":"https:\/\/ykmtest.com\/product\/automatic-vicat-apparatus\/#local-main-organization-logo","url":"https:\/\/ykmtest.com\/wp-content\/uploads\/2025\/10\/Asset-2@2x-8.png","contentUrl":"https:\/\/ykmtest.com\/wp-content\/uploads\/2025\/10\/Asset-2@2x-8.png","width":1550,"height":323,"caption":"YKM TEST"}]},"product_price_currency":"USD","og_availability":"instock","product_availability":"instock","product_condition":"new"},"_links":{"self":[{"href":"https:\/\/ykmtest.com\/french\/wp-json\/wp\/v2\/product\/11741","targetHints":{"allow":["GET"]}}],"collection":[{"href":"https:\/\/ykmtest.com\/french\/wp-json\/wp\/v2\/product"}],"about":[{"href":"https:\/\/ykmtest.com\/french\/wp-json\/wp\/v2\/types\/product"}],"version-history":[{"count":1,"href":"https:\/\/ykmtest.com\/french\/wp-json\/wp\/v2\/product\/11741\/revisions"}],"predecessor-version":[{"id":11742,"href":"https:\/\/ykmtest.com\/french\/wp-json\/wp\/v2\/product\/11741\/revisions\/11742"}],"wp:attachment":[{"href":"https:\/\/ykmtest.com\/french\/wp-json\/wp\/v2\/media?parent=11741"}],"wp:term":[{"taxonomy":"product_brand","embeddable":true,"href":"https:\/\/ykmtest.com\/french\/wp-json\/wp\/v2\/product_brand?post=11741"},{"taxonomy":"product_cat","embeddable":true,"href":"https:\/\/ykmtest.com\/french\/wp-json\/wp\/v2\/product_cat?post=11741"},{"taxonomy":"product_tag","embeddable":true,"href":"https:\/\/ykmtest.com\/french\/wp-json\/wp\/v2\/product_tag?post=11741"}],"curies":[{"name":"wp","href":"https:\/\/api.w.org\/{rel}","templated":true}]}}