{"id":11749,"date":"2026-01-02T08:47:27","date_gmt":"2026-01-02T08:47:27","guid":{"rendered":"https:\/\/ykmtest.com\/?post_type=product&#038;p=11749"},"modified":"2026-01-08T11:12:54","modified_gmt":"2026-01-08T11:12:54","slug":"workable-life-stiffening-time-setting-time-apparatus","status":"publish","type":"product","link":"https:\/\/ykmtest.com\/french\/produit\/workable-life-stiffening-time-setting-time-apparatus\/","title":{"rendered":"Dur\u00e9e de vie utilisable, temps de prise et temps de durcissement Appareil"},"content":{"rendered":"<p class=\"p3\"><span lang=\"TR\">L'appareil de contr\u00f4le de la dur\u00e9e d'utilisation, du raidissement et du temps de prise est con\u00e7u pour contr\u00f4ler la dur\u00e9e d'utilisation, le d\u00e9but du raidissement et le temps de prise des liants \u00e0 base de ciment, de mortier, de coulis et de gypse de mani\u00e8re fiable et r\u00e9p\u00e9table sur une seule plate-forme. L'appareil se compose d'un support int\u00e9gr\u00e9 \u00e0 une cellule de charge, d'une colonne de chargement, d'une tige de p\u00e9n\u00e9tration et d'un conteneur d'\u00e9chantillons standard. L'essai est bas\u00e9 sur la p\u00e9n\u00e9tration p\u00e9riodique de la surface de l'\u00e9chantillon avec la tige. Lorsque la tige ne peut plus p\u00e9n\u00e9trer \u00e0 la profondeur sp\u00e9cifi\u00e9e, la valeur de r\u00e9sistance mesur\u00e9e par le capteur de force indique le moment o\u00f9 le mat\u00e9riau perd son aptitude au fa\u00e7onnage.<\/span><\/p>","protected":false},"excerpt":{"rendered":"<p>Le Workable Life, Stiffening\/Setting Time Apparatus est un syst\u00e8me de p\u00e9n\u00e9tration bas\u00e9 sur des cellules de charge qui mesure p\u00e9riodiquement la r\u00e9sistance et la profondeur de p\u00e9n\u00e9tration afin de d\u00e9terminer la dur\u00e9e de vie utile, le d\u00e9but du raidissement et le temps de prise final des m\u00e9langes de ciment, de mortier, de coulis et de gypse sur une seule plate-forme d'essai.<\/p>","protected":false},"featured_media":0,"template":"","meta":{"_acf_changed":false},"product_brand":[],"product_cat":[159,168],"product_tag":[],"class_list":{"0":"post-11749","1":"product","2":"type-product","3":"status-publish","5":"product_cat-cement-mortar","6":"product_cat-setting-time-and-consistency","9":"instock","10":"shipping-taxable","11":"product-type-simple"},"acf":[],"yoast_head":"<!-- This site is optimized with the Yoast SEO Premium plugin v26.5 (Yoast SEO v27.5) - https:\/\/yoast.com\/product\/yoast-seo-premium-wordpress\/ -->\n<title>Workable Life, Stiffening Time &amp; Setting Time Apparatus - YKM TEST<\/title>\n<meta name=\"description\" content=\"Workable Life, Stiffening Time &amp; Setting Time Apparatus is a load-cell-based laboratory device for determining workable life and setting behavior of cement, mortar, grout, and gypsum.\" \/>\n<meta name=\"robots\" content=\"index, follow, max-snippet:-1, max-image-preview:large, max-video-preview:-1\" \/>\n<link rel=\"canonical\" href=\"https:\/\/ykmtest.com\/french\/produit\/workable-life-stiffening-time-setting-time-apparatus\/\" \/>\n<meta property=\"og:locale\" content=\"fr_FR\" \/>\n<meta property=\"og:type\" content=\"article\" \/>\n<meta property=\"og:title\" content=\"Workable Life, Stiffening Time &amp; Setting Time Apparatus\" \/>\n<meta property=\"og:description\" content=\"Workable Life, Stiffening Time &amp; Setting Time Apparatus is a load-cell-based laboratory device for determining workable life and setting behavior of cement, mortar, grout, and gypsum.\" \/>\n<meta property=\"og:url\" content=\"https:\/\/ykmtest.com\/french\/produit\/workable-life-stiffening-time-setting-time-apparatus\/\" \/>\n<meta property=\"og:site_name\" content=\"YKM TEST\" \/>\n<meta property=\"article:modified_time\" content=\"2026-01-08T11:12:54+00:00\" \/>\n<meta name=\"twitter:card\" content=\"summary_large_image\" \/>\n<meta name=\"twitter:label1\" content=\"Prix\" \/>\n\t<meta name=\"twitter:data1\" content=\"\" \/>\n\t<meta name=\"twitter:label2\" content=\"Disponibilit\u00e9\" \/>\n\t<meta name=\"twitter:data2\" content=\"En stock\" \/>\n<script type=\"application\/ld+json\" class=\"yoast-schema-graph\">{\"@context\":\"https:\\\/\\\/schema.org\",\"@graph\":[{\"@type\":\"WebPage\",\"@id\":\"https:\\\/\\\/ykmtest.com\\\/product\\\/workable-life-stiffening-time-setting-time-apparatus\\\/\",\"url\":\"https:\\\/\\\/ykmtest.com\\\/product\\\/workable-life-stiffening-time-setting-time-apparatus\\\/\",\"name\":\"Workable Life, Stiffening Time & Setting Time Apparatus - YKM TEST\",\"isPartOf\":{\"@id\":\"https:\\\/\\\/darkorchid-cheetah-525435.hostingersite.com\\\/#website\"},\"datePublished\":\"2026-01-02T08:47:27+00:00\",\"dateModified\":\"2026-01-08T11:12:54+00:00\",\"description\":\"Workable Life, Stiffening Time & Setting Time Apparatus is a load-cell-based laboratory device for determining workable life and setting behavior of cement, mortar, grout, and gypsum.\",\"breadcrumb\":{\"@id\":\"https:\\\/\\\/ykmtest.com\\\/product\\\/workable-life-stiffening-time-setting-time-apparatus\\\/#breadcrumb\"},\"inLanguage\":\"fr-FR\",\"potentialAction\":[{\"@type\":\"ReadAction\",\"target\":[\"https:\\\/\\\/ykmtest.com\\\/product\\\/workable-life-stiffening-time-setting-time-apparatus\\\/\"]}]},{\"@type\":\"BreadcrumbList\",\"@id\":\"https:\\\/\\\/ykmtest.com\\\/product\\\/workable-life-stiffening-time-setting-time-apparatus\\\/#breadcrumb\",\"itemListElement\":[{\"@type\":\"ListItem\",\"position\":1,\"name\":\"Home\",\"item\":\"https:\\\/\\\/darkorchid-cheetah-525435.hostingersite.com\\\/\"},{\"@type\":\"ListItem\",\"position\":2,\"name\":\"\u0422\u043e\u0432\u0430\u0440\u044b\",\"item\":\"https:\\\/\\\/ykmtest.com\\\/ru\\\/shop\\\/\"},{\"@type\":\"ListItem\",\"position\":3,\"name\":\"Workable Life, Stiffening Time &#038; Setting Time Apparatus\"}]},{\"@type\":\"WebSite\",\"@id\":\"https:\\\/\\\/darkorchid-cheetah-525435.hostingersite.com\\\/#website\",\"url\":\"https:\\\/\\\/darkorchid-cheetah-525435.hostingersite.com\\\/\",\"name\":\"YKM TEST\",\"description\":\"\",\"publisher\":{\"@id\":\"https:\\\/\\\/darkorchid-cheetah-525435.hostingersite.com\\\/#organization\"},\"potentialAction\":[{\"@type\":\"SearchAction\",\"target\":{\"@type\":\"EntryPoint\",\"urlTemplate\":\"https:\\\/\\\/darkorchid-cheetah-525435.hostingersite.com\\\/?s={search_term_string}\"},\"query-input\":{\"@type\":\"PropertyValueSpecification\",\"valueRequired\":true,\"valueName\":\"search_term_string\"}}],\"inLanguage\":\"fr-FR\"},{\"@type\":[\"Organization\",\"Place\"],\"@id\":\"https:\\\/\\\/darkorchid-cheetah-525435.hostingersite.com\\\/#organization\",\"name\":\"YKM TEST\",\"url\":\"https:\\\/\\\/darkorchid-cheetah-525435.hostingersite.com\\\/\",\"logo\":{\"@id\":\"https:\\\/\\\/ykmtest.com\\\/product\\\/workable-life-stiffening-time-setting-time-apparatus\\\/#local-main-organization-logo\"},\"image\":{\"@id\":\"https:\\\/\\\/ykmtest.com\\\/product\\\/workable-life-stiffening-time-setting-time-apparatus\\\/#local-main-organization-logo\"},\"telephone\":[],\"openingHoursSpecification\":[{\"@type\":\"OpeningHoursSpecification\",\"dayOfWeek\":[\"Monday\",\"Tuesday\",\"Wednesday\",\"Thursday\",\"Friday\",\"Saturday\",\"Sunday\"],\"opens\":\"09:00\",\"closes\":\"17:00\"}]},{\"@type\":\"ImageObject\",\"inLanguage\":\"fr-FR\",\"@id\":\"https:\\\/\\\/ykmtest.com\\\/product\\\/workable-life-stiffening-time-setting-time-apparatus\\\/#local-main-organization-logo\",\"url\":\"https:\\\/\\\/ykmtest.com\\\/wp-content\\\/uploads\\\/2025\\\/10\\\/Asset-2@2x-8.png\",\"contentUrl\":\"https:\\\/\\\/ykmtest.com\\\/wp-content\\\/uploads\\\/2025\\\/10\\\/Asset-2@2x-8.png\",\"width\":1550,\"height\":323,\"caption\":\"YKM TEST\"}]}<\/script>\n<meta property=\"product:price:currency\" content=\"USD\" \/>\n<meta property=\"og:availability\" content=\"instock\" \/>\n<meta property=\"product:availability\" content=\"instock\" \/>\n<meta property=\"product:condition\" content=\"new\" \/>\n<!-- \/ Yoast SEO Premium plugin. -->","yoast_head_json":{"title":"Workable Life, Stiffening Time & Setting Time Apparatus - YKM TEST","description":"Workable Life, Stiffening Time & Setting Time Apparatus is a load-cell-based laboratory device for determining workable life and setting behavior of cement, mortar, grout, and gypsum.","robots":{"index":"index","follow":"follow","max-snippet":"max-snippet:-1","max-image-preview":"max-image-preview:large","max-video-preview":"max-video-preview:-1"},"canonical":"https:\/\/ykmtest.com\/french\/produit\/workable-life-stiffening-time-setting-time-apparatus\/","og_locale":"fr_FR","og_type":"article","og_title":"Workable Life, Stiffening Time & Setting Time Apparatus","og_description":"Workable Life, Stiffening Time & Setting Time Apparatus is a load-cell-based laboratory device for determining workable life and setting behavior of cement, mortar, grout, and gypsum.","og_url":"https:\/\/ykmtest.com\/french\/produit\/workable-life-stiffening-time-setting-time-apparatus\/","og_site_name":"YKM TEST","article_modified_time":"2026-01-08T11:12:54+00:00","twitter_card":"summary_large_image","twitter_misc":{"Prix":"","Disponibilit\u00e9":"En stock"},"schema":{"@context":"https:\/\/schema.org","@graph":[{"@type":"WebPage","@id":"https:\/\/ykmtest.com\/product\/workable-life-stiffening-time-setting-time-apparatus\/","url":"https:\/\/ykmtest.com\/product\/workable-life-stiffening-time-setting-time-apparatus\/","name":"Workable Life, Stiffening Time & Setting Time Apparatus - YKM TEST","isPartOf":{"@id":"https:\/\/darkorchid-cheetah-525435.hostingersite.com\/#website"},"datePublished":"2026-01-02T08:47:27+00:00","dateModified":"2026-01-08T11:12:54+00:00","description":"Workable Life, Stiffening Time & Setting Time Apparatus is a load-cell-based laboratory device for determining workable life and setting behavior of cement, mortar, grout, and gypsum.","breadcrumb":{"@id":"https:\/\/ykmtest.com\/product\/workable-life-stiffening-time-setting-time-apparatus\/#breadcrumb"},"inLanguage":"fr-FR","potentialAction":[{"@type":"ReadAction","target":["https:\/\/ykmtest.com\/product\/workable-life-stiffening-time-setting-time-apparatus\/"]}]},{"@type":"BreadcrumbList","@id":"https:\/\/ykmtest.com\/product\/workable-life-stiffening-time-setting-time-apparatus\/#breadcrumb","itemListElement":[{"@type":"ListItem","position":1,"name":"Home","item":"https:\/\/darkorchid-cheetah-525435.hostingersite.com\/"},{"@type":"ListItem","position":2,"name":"\u0422\u043e\u0432\u0430\u0440\u044b","item":"https:\/\/ykmtest.com\/ru\/shop\/"},{"@type":"ListItem","position":3,"name":"Workable Life, Stiffening Time &#038; Setting Time Apparatus"}]},{"@type":"WebSite","@id":"https:\/\/darkorchid-cheetah-525435.hostingersite.com\/#website","url":"https:\/\/darkorchid-cheetah-525435.hostingersite.com\/","name":"TEST YKM","description":"","publisher":{"@id":"https:\/\/darkorchid-cheetah-525435.hostingersite.com\/#organization"},"potentialAction":[{"@type":"SearchAction","target":{"@type":"EntryPoint","urlTemplate":"https:\/\/darkorchid-cheetah-525435.hostingersite.com\/?s={search_term_string}"},"query-input":{"@type":"PropertyValueSpecification","valueRequired":true,"valueName":"search_term_string"}}],"inLanguage":"fr-FR"},{"@type":["Organization","Place"],"@id":"https:\/\/darkorchid-cheetah-525435.hostingersite.com\/#organization","name":"TEST YKM","url":"https:\/\/darkorchid-cheetah-525435.hostingersite.com\/","logo":{"@id":"https:\/\/ykmtest.com\/product\/workable-life-stiffening-time-setting-time-apparatus\/#local-main-organization-logo"},"image":{"@id":"https:\/\/ykmtest.com\/product\/workable-life-stiffening-time-setting-time-apparatus\/#local-main-organization-logo"},"telephone":[],"openingHoursSpecification":[{"@type":"OpeningHoursSpecification","dayOfWeek":["Monday","Tuesday","Wednesday","Thursday","Friday","Saturday","Sunday"],"opens":"09:00","closes":"17:00"}]},{"@type":"ImageObject","inLanguage":"fr-FR","@id":"https:\/\/ykmtest.com\/product\/workable-life-stiffening-time-setting-time-apparatus\/#local-main-organization-logo","url":"https:\/\/ykmtest.com\/wp-content\/uploads\/2025\/10\/Asset-2@2x-8.png","contentUrl":"https:\/\/ykmtest.com\/wp-content\/uploads\/2025\/10\/Asset-2@2x-8.png","width":1550,"height":323,"caption":"YKM TEST"}]},"product_price_currency":"USD","og_availability":"instock","product_availability":"instock","product_condition":"new"},"_links":{"self":[{"href":"https:\/\/ykmtest.com\/french\/wp-json\/wp\/v2\/product\/11749","targetHints":{"allow":["GET"]}}],"collection":[{"href":"https:\/\/ykmtest.com\/french\/wp-json\/wp\/v2\/product"}],"about":[{"href":"https:\/\/ykmtest.com\/french\/wp-json\/wp\/v2\/types\/product"}],"version-history":[{"count":2,"href":"https:\/\/ykmtest.com\/french\/wp-json\/wp\/v2\/product\/11749\/revisions"}],"predecessor-version":[{"id":12029,"href":"https:\/\/ykmtest.com\/french\/wp-json\/wp\/v2\/product\/11749\/revisions\/12029"}],"wp:attachment":[{"href":"https:\/\/ykmtest.com\/french\/wp-json\/wp\/v2\/media?parent=11749"}],"wp:term":[{"taxonomy":"product_brand","embeddable":true,"href":"https:\/\/ykmtest.com\/french\/wp-json\/wp\/v2\/product_brand?post=11749"},{"taxonomy":"product_cat","embeddable":true,"href":"https:\/\/ykmtest.com\/french\/wp-json\/wp\/v2\/product_cat?post=11749"},{"taxonomy":"product_tag","embeddable":true,"href":"https:\/\/ykmtest.com\/french\/wp-json\/wp\/v2\/product_tag?post=11749"}],"curies":[{"name":"wp","href":"https:\/\/api.w.org\/{rel}","templated":true}]}}