{"id":11753,"date":"2026-01-02T09:22:27","date_gmt":"2026-01-02T09:22:27","guid":{"rendered":"https:\/\/ykmtest.com\/?post_type=product&#038;p=11753"},"modified":"2026-01-02T09:22:28","modified_gmt":"2026-01-02T09:22:28","slug":"automatic-programmable-mortar-mixer-10-l","status":"publish","type":"product","link":"https:\/\/ykmtest.com\/french\/produit\/automatic-programmable-mortar-mixer-10-l\/","title":{"rendered":"M\u00e9langeur \u00e0 mortier programmable automatique 10 L"},"content":{"rendered":"<p>Le m\u00e9langeur automatique programmable de mortier est con\u00e7u pour effectuer un m\u00e9lange enti\u00e8rement automatique et standardis\u00e9 d'\u00e9chantillons de ciment et de mortier, offrant ainsi une solution performante pour les applications de laboratoire. Le syst\u00e8me garantit l'homog\u00e9n\u00e9it\u00e9 du m\u00e9lange, la r\u00e9p\u00e9tabilit\u00e9 et la pr\u00e9cision ind\u00e9pendamment de l'op\u00e9rateur dans les \u00e9valuations exp\u00e9rimentales des mat\u00e9riaux cimentaires. Le m\u00e9langeur programmable d'YKMTEST est dot\u00e9 d'un bol de m\u00e9lange en acier inoxydable AISI 304 de 10 litres, d'un syst\u00e8me de m\u00e9lange motoris\u00e9 \u00e0 trois \u00e9tages, d'une unit\u00e9 de programmation tactile contr\u00f4l\u00e9e par microprocesseur et d'un contr\u00f4le automatique de la dur\u00e9e et de la vitesse. Le fonctionnement est enti\u00e8rement conforme aux vitesses et dur\u00e9es de m\u00e9lange d\u00e9finies dans les normes EN 196-1 et ASTM C305. Le m\u00e9lange est g\u00e9r\u00e9 par un panneau de commande \u00e0 microprocesseur. L'op\u00e9rateur peut s\u00e9lectionner l'un des modes standard ou d\u00e9finir des param\u00e8tres d'essai personnalis\u00e9s. Le bol de malaxage a une surface lisse qui r\u00e9siste \u00e0 l'adh\u00e9rence des r\u00e9sidus de ciment\/sable et permet un nettoyage rapide. Les pales de malaxage sont fabriqu\u00e9es en acier tremp\u00e9, conservant leur forme en cas de fonctionnement \u00e0 grande vitesse et garantissant une densit\u00e9 uniforme dans l'ensemble du lot. Le corps de l'appareil int\u00e8gre un syst\u00e8me d'entra\u00eenement par engrenage silencieux. La conception du moteur sans vibrations, le r\u00e9ducteur de pr\u00e9cision et l'architecture \u00e9quilibr\u00e9e de la broche garantissent des performances stables lors d'un fonctionnement prolong\u00e9. L'interface utilisateur est assur\u00e9e par un panneau de commande tactile moderne qui affiche en temps r\u00e9el la dur\u00e9e du m\u00e9lange, le niveau de vitesse, le temps restant et le mode de test actif.<\/p>","protected":false},"excerpt":{"rendered":"<p data-start=\"294\" data-end=\"529\">Le m\u00e9langeur automatique programmable de mortier 10 L est un m\u00e9langeur de laboratoire enti\u00e8rement automatis\u00e9 con\u00e7u pour la pr\u00e9paration standardis\u00e9e, homog\u00e8ne et ind\u00e9pendante de l'op\u00e9rateur d'\u00e9chantillons de ciment et de mortier conform\u00e9ment aux normes d'essai internationales.<\/p>","protected":false},"featured_media":0,"template":"","meta":{"_acf_changed":false},"product_brand":[],"product_cat":[159,120],"product_tag":[],"class_list":{"0":"post-11753","1":"product","2":"type-product","3":"status-publish","5":"product_cat-cement-mortar","6":"product_cat-sample-preparation","9":"instock","10":"shipping-taxable","11":"product-type-simple"},"acf":[],"yoast_head":"<!-- This site is optimized with the Yoast SEO Premium plugin v26.5 (Yoast SEO v27.5) - https:\/\/yoast.com\/product\/yoast-seo-premium-wordpress\/ -->\n<title>Automatic Programmable Mortar Mixer 10 L - YKM TEST<\/title>\n<meta name=\"description\" content=\"Automatic Programmable Mortar Mixer 10 L is a fully automated laboratory mixer for standardized cement and mortar preparation in compliance with EN 196-1 and ASTM C305.\" \/>\n<meta name=\"robots\" content=\"index, follow, max-snippet:-1, max-image-preview:large, max-video-preview:-1\" \/>\n<link rel=\"canonical\" href=\"https:\/\/ykmtest.com\/french\/produit\/automatic-programmable-mortar-mixer-10-l\/\" \/>\n<meta property=\"og:locale\" content=\"fr_FR\" \/>\n<meta property=\"og:type\" content=\"article\" \/>\n<meta property=\"og:title\" content=\"Automatic Programmable Mortar Mixer 10 L\" \/>\n<meta property=\"og:description\" content=\"Automatic Programmable Mortar Mixer 10 L is a fully automated laboratory mixer for standardized cement and mortar preparation in compliance with EN 196-1 and ASTM C305.\" \/>\n<meta property=\"og:url\" content=\"https:\/\/ykmtest.com\/french\/produit\/automatic-programmable-mortar-mixer-10-l\/\" \/>\n<meta property=\"og:site_name\" content=\"YKM TEST\" \/>\n<meta property=\"article:modified_time\" content=\"2026-01-02T09:22:28+00:00\" \/>\n<meta name=\"twitter:card\" content=\"summary_large_image\" \/>\n<meta name=\"twitter:label1\" content=\"Prix\" \/>\n\t<meta name=\"twitter:data1\" content=\"\" \/>\n\t<meta name=\"twitter:label2\" content=\"Disponibilit\u00e9\" \/>\n\t<meta name=\"twitter:data2\" content=\"En stock\" \/>\n<script type=\"application\/ld+json\" class=\"yoast-schema-graph\">{\"@context\":\"https:\\\/\\\/schema.org\",\"@graph\":[{\"@type\":\"WebPage\",\"@id\":\"https:\\\/\\\/ykmtest.com\\\/product\\\/automatic-programmable-mortar-mixer-10-l\\\/\",\"url\":\"https:\\\/\\\/ykmtest.com\\\/product\\\/automatic-programmable-mortar-mixer-10-l\\\/\",\"name\":\"Automatic Programmable Mortar Mixer 10 L - YKM TEST\",\"isPartOf\":{\"@id\":\"https:\\\/\\\/darkorchid-cheetah-525435.hostingersite.com\\\/#website\"},\"datePublished\":\"2026-01-02T09:22:27+00:00\",\"dateModified\":\"2026-01-02T09:22:28+00:00\",\"description\":\"Automatic Programmable Mortar Mixer 10 L is a fully automated laboratory mixer for standardized cement and mortar preparation in compliance with EN 196-1 and ASTM C305.\",\"breadcrumb\":{\"@id\":\"https:\\\/\\\/ykmtest.com\\\/product\\\/automatic-programmable-mortar-mixer-10-l\\\/#breadcrumb\"},\"inLanguage\":\"fr-FR\",\"potentialAction\":[{\"@type\":\"ReadAction\",\"target\":[\"https:\\\/\\\/ykmtest.com\\\/product\\\/automatic-programmable-mortar-mixer-10-l\\\/\"]}]},{\"@type\":\"BreadcrumbList\",\"@id\":\"https:\\\/\\\/ykmtest.com\\\/product\\\/automatic-programmable-mortar-mixer-10-l\\\/#breadcrumb\",\"itemListElement\":[{\"@type\":\"ListItem\",\"position\":1,\"name\":\"Home\",\"item\":\"https:\\\/\\\/darkorchid-cheetah-525435.hostingersite.com\\\/\"},{\"@type\":\"ListItem\",\"position\":2,\"name\":\"\u0422\u043e\u0432\u0430\u0440\u044b\",\"item\":\"https:\\\/\\\/ykmtest.com\\\/ru\\\/shop\\\/\"},{\"@type\":\"ListItem\",\"position\":3,\"name\":\"Automatic Programmable Mortar Mixer 10 L\"}]},{\"@type\":\"WebSite\",\"@id\":\"https:\\\/\\\/darkorchid-cheetah-525435.hostingersite.com\\\/#website\",\"url\":\"https:\\\/\\\/darkorchid-cheetah-525435.hostingersite.com\\\/\",\"name\":\"YKM TEST\",\"description\":\"\",\"publisher\":{\"@id\":\"https:\\\/\\\/darkorchid-cheetah-525435.hostingersite.com\\\/#organization\"},\"potentialAction\":[{\"@type\":\"SearchAction\",\"target\":{\"@type\":\"EntryPoint\",\"urlTemplate\":\"https:\\\/\\\/darkorchid-cheetah-525435.hostingersite.com\\\/?s={search_term_string}\"},\"query-input\":{\"@type\":\"PropertyValueSpecification\",\"valueRequired\":true,\"valueName\":\"search_term_string\"}}],\"inLanguage\":\"fr-FR\"},{\"@type\":[\"Organization\",\"Place\"],\"@id\":\"https:\\\/\\\/darkorchid-cheetah-525435.hostingersite.com\\\/#organization\",\"name\":\"YKM TEST\",\"url\":\"https:\\\/\\\/darkorchid-cheetah-525435.hostingersite.com\\\/\",\"logo\":{\"@id\":\"https:\\\/\\\/ykmtest.com\\\/product\\\/automatic-programmable-mortar-mixer-10-l\\\/#local-main-organization-logo\"},\"image\":{\"@id\":\"https:\\\/\\\/ykmtest.com\\\/product\\\/automatic-programmable-mortar-mixer-10-l\\\/#local-main-organization-logo\"},\"telephone\":[],\"openingHoursSpecification\":[{\"@type\":\"OpeningHoursSpecification\",\"dayOfWeek\":[\"Monday\",\"Tuesday\",\"Wednesday\",\"Thursday\",\"Friday\",\"Saturday\",\"Sunday\"],\"opens\":\"09:00\",\"closes\":\"17:00\"}]},{\"@type\":\"ImageObject\",\"inLanguage\":\"fr-FR\",\"@id\":\"https:\\\/\\\/ykmtest.com\\\/product\\\/automatic-programmable-mortar-mixer-10-l\\\/#local-main-organization-logo\",\"url\":\"https:\\\/\\\/ykmtest.com\\\/wp-content\\\/uploads\\\/2025\\\/10\\\/Asset-2@2x-8.png\",\"contentUrl\":\"https:\\\/\\\/ykmtest.com\\\/wp-content\\\/uploads\\\/2025\\\/10\\\/Asset-2@2x-8.png\",\"width\":1550,\"height\":323,\"caption\":\"YKM TEST\"}]}<\/script>\n<meta property=\"product:price:currency\" content=\"USD\" \/>\n<meta property=\"og:availability\" content=\"instock\" \/>\n<meta property=\"product:availability\" content=\"instock\" \/>\n<meta property=\"product:condition\" content=\"new\" \/>\n<!-- \/ Yoast SEO Premium plugin. -->","yoast_head_json":{"title":"Automatic Programmable Mortar Mixer 10 L - YKM TEST","description":"Automatic Programmable Mortar Mixer 10 L is a fully automated laboratory mixer for standardized cement and mortar preparation in compliance with EN 196-1 and ASTM C305.","robots":{"index":"index","follow":"follow","max-snippet":"max-snippet:-1","max-image-preview":"max-image-preview:large","max-video-preview":"max-video-preview:-1"},"canonical":"https:\/\/ykmtest.com\/french\/produit\/automatic-programmable-mortar-mixer-10-l\/","og_locale":"fr_FR","og_type":"article","og_title":"Automatic Programmable Mortar Mixer 10 L","og_description":"Automatic Programmable Mortar Mixer 10 L is a fully automated laboratory mixer for standardized cement and mortar preparation in compliance with EN 196-1 and ASTM C305.","og_url":"https:\/\/ykmtest.com\/french\/produit\/automatic-programmable-mortar-mixer-10-l\/","og_site_name":"YKM TEST","article_modified_time":"2026-01-02T09:22:28+00:00","twitter_card":"summary_large_image","twitter_misc":{"Prix":"","Disponibilit\u00e9":"En stock"},"schema":{"@context":"https:\/\/schema.org","@graph":[{"@type":"WebPage","@id":"https:\/\/ykmtest.com\/product\/automatic-programmable-mortar-mixer-10-l\/","url":"https:\/\/ykmtest.com\/product\/automatic-programmable-mortar-mixer-10-l\/","name":"Automatic Programmable Mortar Mixer 10 L - YKM TEST","isPartOf":{"@id":"https:\/\/darkorchid-cheetah-525435.hostingersite.com\/#website"},"datePublished":"2026-01-02T09:22:27+00:00","dateModified":"2026-01-02T09:22:28+00:00","description":"Automatic Programmable Mortar Mixer 10 L is a fully automated laboratory mixer for standardized cement and mortar preparation in compliance with EN 196-1 and ASTM C305.","breadcrumb":{"@id":"https:\/\/ykmtest.com\/product\/automatic-programmable-mortar-mixer-10-l\/#breadcrumb"},"inLanguage":"fr-FR","potentialAction":[{"@type":"ReadAction","target":["https:\/\/ykmtest.com\/product\/automatic-programmable-mortar-mixer-10-l\/"]}]},{"@type":"BreadcrumbList","@id":"https:\/\/ykmtest.com\/product\/automatic-programmable-mortar-mixer-10-l\/#breadcrumb","itemListElement":[{"@type":"ListItem","position":1,"name":"Home","item":"https:\/\/darkorchid-cheetah-525435.hostingersite.com\/"},{"@type":"ListItem","position":2,"name":"\u0422\u043e\u0432\u0430\u0440\u044b","item":"https:\/\/ykmtest.com\/ru\/shop\/"},{"@type":"ListItem","position":3,"name":"Automatic Programmable Mortar Mixer 10 L"}]},{"@type":"WebSite","@id":"https:\/\/darkorchid-cheetah-525435.hostingersite.com\/#website","url":"https:\/\/darkorchid-cheetah-525435.hostingersite.com\/","name":"TEST YKM","description":"","publisher":{"@id":"https:\/\/darkorchid-cheetah-525435.hostingersite.com\/#organization"},"potentialAction":[{"@type":"SearchAction","target":{"@type":"EntryPoint","urlTemplate":"https:\/\/darkorchid-cheetah-525435.hostingersite.com\/?s={search_term_string}"},"query-input":{"@type":"PropertyValueSpecification","valueRequired":true,"valueName":"search_term_string"}}],"inLanguage":"fr-FR"},{"@type":["Organization","Place"],"@id":"https:\/\/darkorchid-cheetah-525435.hostingersite.com\/#organization","name":"TEST YKM","url":"https:\/\/darkorchid-cheetah-525435.hostingersite.com\/","logo":{"@id":"https:\/\/ykmtest.com\/product\/automatic-programmable-mortar-mixer-10-l\/#local-main-organization-logo"},"image":{"@id":"https:\/\/ykmtest.com\/product\/automatic-programmable-mortar-mixer-10-l\/#local-main-organization-logo"},"telephone":[],"openingHoursSpecification":[{"@type":"OpeningHoursSpecification","dayOfWeek":["Monday","Tuesday","Wednesday","Thursday","Friday","Saturday","Sunday"],"opens":"09:00","closes":"17:00"}]},{"@type":"ImageObject","inLanguage":"fr-FR","@id":"https:\/\/ykmtest.com\/product\/automatic-programmable-mortar-mixer-10-l\/#local-main-organization-logo","url":"https:\/\/ykmtest.com\/wp-content\/uploads\/2025\/10\/Asset-2@2x-8.png","contentUrl":"https:\/\/ykmtest.com\/wp-content\/uploads\/2025\/10\/Asset-2@2x-8.png","width":1550,"height":323,"caption":"YKM TEST"}]},"product_price_currency":"USD","og_availability":"instock","product_availability":"instock","product_condition":"new"},"_links":{"self":[{"href":"https:\/\/ykmtest.com\/french\/wp-json\/wp\/v2\/product\/11753","targetHints":{"allow":["GET"]}}],"collection":[{"href":"https:\/\/ykmtest.com\/french\/wp-json\/wp\/v2\/product"}],"about":[{"href":"https:\/\/ykmtest.com\/french\/wp-json\/wp\/v2\/types\/product"}],"version-history":[{"count":1,"href":"https:\/\/ykmtest.com\/french\/wp-json\/wp\/v2\/product\/11753\/revisions"}],"predecessor-version":[{"id":11754,"href":"https:\/\/ykmtest.com\/french\/wp-json\/wp\/v2\/product\/11753\/revisions\/11754"}],"wp:attachment":[{"href":"https:\/\/ykmtest.com\/french\/wp-json\/wp\/v2\/media?parent=11753"}],"wp:term":[{"taxonomy":"product_brand","embeddable":true,"href":"https:\/\/ykmtest.com\/french\/wp-json\/wp\/v2\/product_brand?post=11753"},{"taxonomy":"product_cat","embeddable":true,"href":"https:\/\/ykmtest.com\/french\/wp-json\/wp\/v2\/product_cat?post=11753"},{"taxonomy":"product_tag","embeddable":true,"href":"https:\/\/ykmtest.com\/french\/wp-json\/wp\/v2\/product_tag?post=11753"}],"curies":[{"name":"wp","href":"https:\/\/api.w.org\/{rel}","templated":true}]}}