{"id":11767,"date":"2026-01-02T13:09:53","date_gmt":"2026-01-02T13:09:53","guid":{"rendered":"https:\/\/ykmtest.com\/?post_type=product&#038;p=11767"},"modified":"2026-01-02T13:12:47","modified_gmt":"2026-01-02T13:12:47","slug":"manual-cement-compression-and-flexure-testing-machines","status":"publish","type":"product","link":"https:\/\/ykmtest.com\/french\/produit\/manual-cement-compression-and-flexure-testing-machines\/","title":{"rendered":"Machines manuelles d'essai de compression et de flexion du ciment"},"content":{"rendered":"<p>Les machines manuelles d'essai de compression et de flexion du ciment sont des syst\u00e8mes professionnels, actionn\u00e9s par une pompe manuelle, con\u00e7us pour mesurer la r\u00e9sistance \u00e0 la compression et \u00e0 la flexion des \u00e9chantillons de ciment et de mortier d'une mani\u00e8re conforme aux normes et reproductible. Le cadre en acier rigide et r\u00e9sistant \u00e0 la flexion, associ\u00e9 \u00e0 une t\u00eate sup\u00e9rieure \u00e0 si\u00e8ge sph\u00e9rique et \u00e0 des plaques de chargement trait\u00e9es thermiquement et rectifi\u00e9es avec pr\u00e9cision, assure un transfert de charge uniforme sur toute la surface de l'\u00e9prouvette. La pompe hydraulique \u00e0 commande manuelle et la vanne \u00e0 pointeau \u00e0 r\u00e9glage fin permettent un contr\u00f4le manuel pr\u00e9cis du taux d'augmentation de la charge (taux de cadence), la charge appliqu\u00e9e \u00e9tant clairement contr\u00f4l\u00e9e par un manom\u00e8tre analogique ou un affichage num\u00e9rique en option. Les options de capacit\u00e9 de compression vont de 150 \u00e0 300 kN, tandis que les essais de flexion utilisent des b\u00e2tis d'une capacit\u00e9 de 10 \u00e0 15 kN \u00e9quip\u00e9s de t\u00eates de chargement soutenues par des roulements. Dans les configurations \u00e0 deux stations, une vanne directionnelle permet de passer rapidement de l'essai de compression \u00e0 l'essai de flexion, ce qui permet d'effectuer efficacement deux essais avec une seule unit\u00e9 d'alimentation. L'accessoire de flexion est dot\u00e9 d'un syst\u00e8me de chargement en troisi\u00e8me point, de supports d'alignement et de roulements \u00e0 faible friction pour am\u00e9liorer la r\u00e9p\u00e9tabilit\u00e9 des mesures, tandis que les essais de compression utilisent des plaques sup\u00e9rieures et inf\u00e9rieures \u00e0 duret\u00e9 \u00e9lev\u00e9e pour minimiser les ruptures de bord dans les petites \u00e9prouvettes de mortier. La s\u00e9curit\u00e9 est assur\u00e9e par un \u00e9cran de protection transparent\/un verrouillage du couvercle, une soupape de surpression et des m\u00e9canismes d'arr\u00eat d'urgence. Les surfaces peintes lisses et r\u00e9sistantes aux solvants et les conduites hydrauliques \u00e9tanches r\u00e9duisent les co\u00fbts d'entretien, tandis que les larges ouvertures de jour et les pi\u00e8ces d'\u00e9cartement \u00e0 r\u00e9glage rapide acc\u00e9l\u00e8rent les changements de moule par rapport \u00e0 l'\u00e9chantillon. L'architecture de la machine est conforme \u00e0 la norme EN 196-1 \/ ISO 679 pour les essais de flexion sur des prismes de 40\u00d740\u00d7160 mm et les essais de compression sur des demi-prismes, ainsi qu'aux normes ASTM C348 (flexion), ASTM C349 (compression sur des demi-prismes) et ASTM C109 (cubes de 50 mm). La combinaison de la flexibilit\u00e9 du contr\u00f4le manuel, d'un cadre durable et de composants de chargement pr\u00e9cis constitue une solution fiable, \u00e9conomique et durable pour les laboratoires de contr\u00f4le de la qualit\u00e9, l'enseignement et les applications de recherche et d\u00e9veloppement.<\/p>","protected":false},"excerpt":{"rendered":"<p>Les machines manuelles d'essai de compression et de flexion du ciment sont des syst\u00e8mes hydrauliques manuels con\u00e7us pour d\u00e9terminer avec pr\u00e9cision et dans le respect des normes la r\u00e9sistance \u00e0 la compression et \u00e0 la flexion des \u00e9chantillons de ciment et de mortier.<\/p>","protected":false},"featured_media":0,"template":"","meta":{"_acf_changed":false},"product_brand":[],"product_cat":[159,164],"product_tag":[],"class_list":{"0":"post-11767","1":"product","2":"type-product","3":"status-publish","5":"product_cat-cement-mortar","6":"product_cat-compressive-strength-testing","9":"instock","10":"shipping-taxable","11":"product-type-simple"},"acf":[],"yoast_head":"<!-- This site is optimized with the Yoast SEO Premium plugin v26.5 (Yoast SEO v27.5) - https:\/\/yoast.com\/product\/yoast-seo-premium-wordpress\/ -->\n<title>Manual Cement Compression and Flexure Testing Machines - YKM TEST<\/title>\n<meta name=\"description\" content=\"Manual Cement Compression and Flexure Testing Machines provide accurate, hand-operated compressive and flexural strength testing of cement and mortar specimens in compliance with EN and ASTM standards.\" \/>\n<meta name=\"robots\" content=\"index, follow, max-snippet:-1, max-image-preview:large, max-video-preview:-1\" \/>\n<link rel=\"canonical\" href=\"https:\/\/darkorchid-cheetah-525435.hostingersite.com\/product\/manual-cement-compression-and-flexure-testing-machines\/\" \/>\n<meta property=\"og:locale\" content=\"fr_FR\" \/>\n<meta property=\"og:type\" content=\"article\" \/>\n<meta property=\"og:title\" content=\"Manual Cement Compression and Flexure Testing Machines\" \/>\n<meta property=\"og:description\" content=\"Manual Cement Compression and Flexure Testing Machines provide accurate, hand-operated compressive and flexural strength testing of cement and mortar specimens in compliance with EN and ASTM standards.\" \/>\n<meta property=\"og:url\" content=\"https:\/\/darkorchid-cheetah-525435.hostingersite.com\/product\/manual-cement-compression-and-flexure-testing-machines\/\" \/>\n<meta property=\"og:site_name\" content=\"YKM TEST\" \/>\n<meta property=\"article:modified_time\" content=\"2026-01-02T13:12:47+00:00\" \/>\n<meta name=\"twitter:card\" content=\"summary_large_image\" \/>\n<meta name=\"twitter:label1\" content=\"Prix\" \/>\n\t<meta name=\"twitter:data1\" content=\"\" \/>\n\t<meta name=\"twitter:label2\" content=\"Disponibilit\u00e9\" \/>\n\t<meta name=\"twitter:data2\" content=\"En stock\" \/>\n<script type=\"application\/ld+json\" class=\"yoast-schema-graph\">{\"@context\":\"https:\\\/\\\/schema.org\",\"@graph\":[{\"@type\":\"WebPage\",\"@id\":\"https:\\\/\\\/darkorchid-cheetah-525435.hostingersite.com\\\/product\\\/manual-cement-compression-and-flexure-testing-machines\\\/\",\"url\":\"https:\\\/\\\/darkorchid-cheetah-525435.hostingersite.com\\\/product\\\/manual-cement-compression-and-flexure-testing-machines\\\/\",\"name\":\"Manual Cement Compression and Flexure Testing Machines - YKM TEST\",\"isPartOf\":{\"@id\":\"https:\\\/\\\/darkorchid-cheetah-525435.hostingersite.com\\\/#website\"},\"datePublished\":\"2026-01-02T13:09:53+00:00\",\"dateModified\":\"2026-01-02T13:12:47+00:00\",\"description\":\"Manual Cement Compression and Flexure Testing Machines provide accurate, hand-operated compressive and flexural strength testing of cement and mortar specimens in compliance with EN and ASTM standards.\",\"breadcrumb\":{\"@id\":\"https:\\\/\\\/darkorchid-cheetah-525435.hostingersite.com\\\/product\\\/manual-cement-compression-and-flexure-testing-machines\\\/#breadcrumb\"},\"inLanguage\":\"fr-FR\",\"potentialAction\":[{\"@type\":\"ReadAction\",\"target\":[\"https:\\\/\\\/darkorchid-cheetah-525435.hostingersite.com\\\/product\\\/manual-cement-compression-and-flexure-testing-machines\\\/\"]}]},{\"@type\":\"BreadcrumbList\",\"@id\":\"https:\\\/\\\/darkorchid-cheetah-525435.hostingersite.com\\\/product\\\/manual-cement-compression-and-flexure-testing-machines\\\/#breadcrumb\",\"itemListElement\":[{\"@type\":\"ListItem\",\"position\":1,\"name\":\"Home\",\"item\":\"https:\\\/\\\/darkorchid-cheetah-525435.hostingersite.com\\\/\"},{\"@type\":\"ListItem\",\"position\":2,\"name\":\"\u0422\u043e\u0432\u0430\u0440\u044b\",\"item\":\"https:\\\/\\\/ykmtest.com\\\/ru\\\/shop\\\/\"},{\"@type\":\"ListItem\",\"position\":3,\"name\":\"Manual Cement Compression and Flexure Testing Machines\"}]},{\"@type\":\"WebSite\",\"@id\":\"https:\\\/\\\/darkorchid-cheetah-525435.hostingersite.com\\\/#website\",\"url\":\"https:\\\/\\\/darkorchid-cheetah-525435.hostingersite.com\\\/\",\"name\":\"YKM TEST\",\"description\":\"\",\"publisher\":{\"@id\":\"https:\\\/\\\/darkorchid-cheetah-525435.hostingersite.com\\\/#organization\"},\"potentialAction\":[{\"@type\":\"SearchAction\",\"target\":{\"@type\":\"EntryPoint\",\"urlTemplate\":\"https:\\\/\\\/darkorchid-cheetah-525435.hostingersite.com\\\/?s={search_term_string}\"},\"query-input\":{\"@type\":\"PropertyValueSpecification\",\"valueRequired\":true,\"valueName\":\"search_term_string\"}}],\"inLanguage\":\"fr-FR\"},{\"@type\":[\"Organization\",\"Place\"],\"@id\":\"https:\\\/\\\/darkorchid-cheetah-525435.hostingersite.com\\\/#organization\",\"name\":\"YKM TEST\",\"url\":\"https:\\\/\\\/darkorchid-cheetah-525435.hostingersite.com\\\/\",\"logo\":{\"@id\":\"https:\\\/\\\/darkorchid-cheetah-525435.hostingersite.com\\\/product\\\/manual-cement-compression-and-flexure-testing-machines\\\/#local-main-organization-logo\"},\"image\":{\"@id\":\"https:\\\/\\\/darkorchid-cheetah-525435.hostingersite.com\\\/product\\\/manual-cement-compression-and-flexure-testing-machines\\\/#local-main-organization-logo\"},\"telephone\":[],\"openingHoursSpecification\":[{\"@type\":\"OpeningHoursSpecification\",\"dayOfWeek\":[\"Monday\",\"Tuesday\",\"Wednesday\",\"Thursday\",\"Friday\",\"Saturday\",\"Sunday\"],\"opens\":\"09:00\",\"closes\":\"17:00\"}]},{\"@type\":\"ImageObject\",\"inLanguage\":\"fr-FR\",\"@id\":\"https:\\\/\\\/darkorchid-cheetah-525435.hostingersite.com\\\/product\\\/manual-cement-compression-and-flexure-testing-machines\\\/#local-main-organization-logo\",\"url\":\"https:\\\/\\\/ykmtest.com\\\/wp-content\\\/uploads\\\/2025\\\/10\\\/Asset-2@2x-8.png\",\"contentUrl\":\"https:\\\/\\\/ykmtest.com\\\/wp-content\\\/uploads\\\/2025\\\/10\\\/Asset-2@2x-8.png\",\"width\":1550,\"height\":323,\"caption\":\"YKM TEST\"}]}<\/script>\n<meta property=\"product:price:currency\" content=\"USD\" \/>\n<meta property=\"og:availability\" content=\"instock\" \/>\n<meta property=\"product:availability\" content=\"instock\" \/>\n<meta property=\"product:condition\" content=\"new\" \/>\n<!-- \/ Yoast SEO Premium plugin. -->","yoast_head_json":{"title":"Manual Cement Compression and Flexure Testing Machines - YKM TEST","description":"Manual Cement Compression and Flexure Testing Machines provide accurate, hand-operated compressive and flexural strength testing of cement and mortar specimens in compliance with EN and ASTM standards.","robots":{"index":"index","follow":"follow","max-snippet":"max-snippet:-1","max-image-preview":"max-image-preview:large","max-video-preview":"max-video-preview:-1"},"canonical":"https:\/\/darkorchid-cheetah-525435.hostingersite.com\/product\/manual-cement-compression-and-flexure-testing-machines\/","og_locale":"fr_FR","og_type":"article","og_title":"Manual Cement Compression and Flexure Testing Machines","og_description":"Manual Cement Compression and Flexure Testing Machines provide accurate, hand-operated compressive and flexural strength testing of cement and mortar specimens in compliance with EN and ASTM standards.","og_url":"https:\/\/darkorchid-cheetah-525435.hostingersite.com\/product\/manual-cement-compression-and-flexure-testing-machines\/","og_site_name":"YKM TEST","article_modified_time":"2026-01-02T13:12:47+00:00","twitter_card":"summary_large_image","twitter_misc":{"Prix":"","Disponibilit\u00e9":"En stock"},"schema":{"@context":"https:\/\/schema.org","@graph":[{"@type":"WebPage","@id":"https:\/\/darkorchid-cheetah-525435.hostingersite.com\/product\/manual-cement-compression-and-flexure-testing-machines\/","url":"https:\/\/darkorchid-cheetah-525435.hostingersite.com\/product\/manual-cement-compression-and-flexure-testing-machines\/","name":"Manual Cement Compression and Flexure Testing Machines - YKM TEST","isPartOf":{"@id":"https:\/\/darkorchid-cheetah-525435.hostingersite.com\/#website"},"datePublished":"2026-01-02T13:09:53+00:00","dateModified":"2026-01-02T13:12:47+00:00","description":"Manual Cement Compression and Flexure Testing Machines provide accurate, hand-operated compressive and flexural strength testing of cement and mortar specimens in compliance with EN and ASTM standards.","breadcrumb":{"@id":"https:\/\/darkorchid-cheetah-525435.hostingersite.com\/product\/manual-cement-compression-and-flexure-testing-machines\/#breadcrumb"},"inLanguage":"fr-FR","potentialAction":[{"@type":"ReadAction","target":["https:\/\/darkorchid-cheetah-525435.hostingersite.com\/product\/manual-cement-compression-and-flexure-testing-machines\/"]}]},{"@type":"BreadcrumbList","@id":"https:\/\/darkorchid-cheetah-525435.hostingersite.com\/product\/manual-cement-compression-and-flexure-testing-machines\/#breadcrumb","itemListElement":[{"@type":"ListItem","position":1,"name":"Home","item":"https:\/\/darkorchid-cheetah-525435.hostingersite.com\/"},{"@type":"ListItem","position":2,"name":"\u0422\u043e\u0432\u0430\u0440\u044b","item":"https:\/\/ykmtest.com\/ru\/shop\/"},{"@type":"ListItem","position":3,"name":"Manual Cement Compression and Flexure Testing Machines"}]},{"@type":"WebSite","@id":"https:\/\/darkorchid-cheetah-525435.hostingersite.com\/#website","url":"https:\/\/darkorchid-cheetah-525435.hostingersite.com\/","name":"TEST YKM","description":"","publisher":{"@id":"https:\/\/darkorchid-cheetah-525435.hostingersite.com\/#organization"},"potentialAction":[{"@type":"SearchAction","target":{"@type":"EntryPoint","urlTemplate":"https:\/\/darkorchid-cheetah-525435.hostingersite.com\/?s={search_term_string}"},"query-input":{"@type":"PropertyValueSpecification","valueRequired":true,"valueName":"search_term_string"}}],"inLanguage":"fr-FR"},{"@type":["Organization","Place"],"@id":"https:\/\/darkorchid-cheetah-525435.hostingersite.com\/#organization","name":"TEST YKM","url":"https:\/\/darkorchid-cheetah-525435.hostingersite.com\/","logo":{"@id":"https:\/\/darkorchid-cheetah-525435.hostingersite.com\/product\/manual-cement-compression-and-flexure-testing-machines\/#local-main-organization-logo"},"image":{"@id":"https:\/\/darkorchid-cheetah-525435.hostingersite.com\/product\/manual-cement-compression-and-flexure-testing-machines\/#local-main-organization-logo"},"telephone":[],"openingHoursSpecification":[{"@type":"OpeningHoursSpecification","dayOfWeek":["Monday","Tuesday","Wednesday","Thursday","Friday","Saturday","Sunday"],"opens":"09:00","closes":"17:00"}]},{"@type":"ImageObject","inLanguage":"fr-FR","@id":"https:\/\/darkorchid-cheetah-525435.hostingersite.com\/product\/manual-cement-compression-and-flexure-testing-machines\/#local-main-organization-logo","url":"https:\/\/ykmtest.com\/wp-content\/uploads\/2025\/10\/Asset-2@2x-8.png","contentUrl":"https:\/\/ykmtest.com\/wp-content\/uploads\/2025\/10\/Asset-2@2x-8.png","width":1550,"height":323,"caption":"YKM TEST"}]},"product_price_currency":"USD","og_availability":"instock","product_availability":"instock","product_condition":"new"},"_links":{"self":[{"href":"https:\/\/ykmtest.com\/french\/wp-json\/wp\/v2\/product\/11767","targetHints":{"allow":["GET"]}}],"collection":[{"href":"https:\/\/ykmtest.com\/french\/wp-json\/wp\/v2\/product"}],"about":[{"href":"https:\/\/ykmtest.com\/french\/wp-json\/wp\/v2\/types\/product"}],"version-history":[{"count":2,"href":"https:\/\/ykmtest.com\/french\/wp-json\/wp\/v2\/product\/11767\/revisions"}],"predecessor-version":[{"id":11769,"href":"https:\/\/ykmtest.com\/french\/wp-json\/wp\/v2\/product\/11767\/revisions\/11769"}],"wp:attachment":[{"href":"https:\/\/ykmtest.com\/french\/wp-json\/wp\/v2\/media?parent=11767"}],"wp:term":[{"taxonomy":"product_brand","embeddable":true,"href":"https:\/\/ykmtest.com\/french\/wp-json\/wp\/v2\/product_brand?post=11767"},{"taxonomy":"product_cat","embeddable":true,"href":"https:\/\/ykmtest.com\/french\/wp-json\/wp\/v2\/product_cat?post=11767"},{"taxonomy":"product_tag","embeddable":true,"href":"https:\/\/ykmtest.com\/french\/wp-json\/wp\/v2\/product_tag?post=11767"}],"curies":[{"name":"wp","href":"https:\/\/api.w.org\/{rel}","templated":true}]}}