{"id":11772,"date":"2026-01-02T13:41:00","date_gmt":"2026-01-02T13:41:00","guid":{"rendered":"https:\/\/ykmtest.com\/?post_type=product&#038;p=11772"},"modified":"2026-01-05T07:11:26","modified_gmt":"2026-01-05T07:11:26","slug":"jigs-for-compression-and-flexure-tests","status":"publish","type":"product","link":"https:\/\/ykmtest.com\/french\/produit\/jigs-for-compression-and-flexure-tests\/","title":{"rendered":"Gabarits pour les essais de compression et de flexion"},"content":{"rendered":"<p>Les gabarits pour les essais de compression et de flexion sont des solutions de fixation de pr\u00e9cision con\u00e7ues pour garantir que les charges sont appliqu\u00e9es aux \u00e9chantillons de ciment et de mortier d'une mani\u00e8re r\u00e9p\u00e9table, normalis\u00e9e et pr\u00e9cise. Le corps rigide et les surfaces de contact rectifi\u00e9es et trait\u00e9es thermiquement maintiennent les tol\u00e9rances de parall\u00e9lisme et de plan\u00e9it\u00e9, minimisant ainsi les charges excentriques. Pour les essais de flexion, les dispositifs de chargement en trois points et en trois points sont dot\u00e9s de rouleaux \u00e0 haute duret\u00e9 soutenus par des roulements et de supports \u00e0 faible frottement, assurant une distribution uniforme du moment le long de l'\u00e9prouvette. Les port\u00e9es r\u00e9glables permettent de configurer rapidement les distances de support standard pour les prismes de 40\u00d740\u00d7160 mm. Dans les montages de compression, la partie sup\u00e9rieure \u00e0 si\u00e8ge sph\u00e9rique compense les d\u00e9salignements mineurs, tandis que les surfaces de contact sup\u00e9rieures et inf\u00e9rieures \u00e0 duret\u00e9 \u00e9lev\u00e9e r\u00e9duisent la rupture des ar\u00eates et garantissent un transfert de charge uniforme pour les cubes et les demi-prismes de 50 mm. Des anneaux de guidage centralis\u00e9s, des surfaces d'appui magn\u00e9tiques\/rainur\u00e9es et des m\u00e9canismes de verrouillage \u00e0 changement rapide acc\u00e9l\u00e8rent la manipulation des moules jusqu'\u00e0 l'\u00e9chantillon et r\u00e9duisent la d\u00e9pendance \u00e0 l'\u00e9gard de l'op\u00e9rateur. Les rev\u00eatements r\u00e9sistants \u00e0 la corrosion, la g\u00e9om\u00e9trie lisse et nettoyable et les bords arrondis assurent une longue dur\u00e9e de vie et une maintenance r\u00e9duite dans les laboratoires intensifs. Les adaptateurs de hauteur et les pi\u00e8ces d'\u00e9cartement compatibles optimisent la course du piston, r\u00e9duisent les temps de cycle et maximisent l'utilisation de la rigidit\u00e9 du cadre. L'architecture du gabarit est d\u00e9velopp\u00e9e pour \u00eatre conforme \u00e0 la norme EN 196-1 \/ ISO 679 pour la flexion du prisme de mortier et la compression du demi-prisme, ainsi qu'\u00e0 la norme ASTM C348 (flexion), ASTM C349 (compression du demi-prisme) et ASTM C109 (compression d'un cube de 50 mm) en termes de pr\u00e9cision dimensionnelle et de g\u00e9om\u00e9trie de chargement. Les gabarits pour les essais de compression et de flexion offrent une configuration fiable, rapide et conviviale pour obtenir des r\u00e9sultats conformes aux normes, comparables et pouvant faire l'objet d'un rapport dans les laboratoires de contr\u00f4le de la qualit\u00e9 et de recherche et d\u00e9veloppement.<\/p>","protected":false},"excerpt":{"rendered":"<p>Les gabarits pour les essais de compression et de flexion sont des dispositifs de pr\u00e9cision con\u00e7us pour assurer un chargement standardis\u00e9, pr\u00e9cis et r\u00e9p\u00e9table des \u00e9chantillons de ciment et de mortier pour des essais de r\u00e9sistance fiables.<\/p>","protected":false},"featured_media":0,"template":"","meta":{"_acf_changed":false},"product_brand":[],"product_cat":[159,164],"product_tag":[],"class_list":{"0":"post-11772","1":"product","2":"type-product","3":"status-publish","5":"product_cat-cement-mortar","6":"product_cat-compressive-strength-testing","9":"instock","10":"shipping-taxable","11":"product-type-simple"},"acf":[],"yoast_head":"<!-- This site is optimized with the Yoast SEO Premium plugin v26.5 (Yoast SEO v27.5) - https:\/\/yoast.com\/product\/yoast-seo-premium-wordpress\/ -->\n<title>Jigs for Compression and Flexure Tests - YKM TEST<\/title>\n<meta name=\"description\" content=\"Jigs for Compression and Flexure Tests are precision fixtures that ensure accurate, repeatable, and standard-compliant loading of cement and mortar specimens.\" \/>\n<meta name=\"robots\" content=\"index, follow, max-snippet:-1, max-image-preview:large, max-video-preview:-1\" \/>\n<link rel=\"canonical\" href=\"https:\/\/darkorchid-cheetah-525435.hostingersite.com\/product\/jigs-for-compression-and-flexure-tests\/\" \/>\n<meta property=\"og:locale\" content=\"fr_FR\" \/>\n<meta property=\"og:type\" content=\"article\" \/>\n<meta property=\"og:title\" content=\"Jigs for Compression and Flexure Tests\" \/>\n<meta property=\"og:description\" content=\"Jigs for Compression and Flexure Tests are precision fixtures that ensure accurate, repeatable, and standard-compliant loading of cement and mortar specimens.\" \/>\n<meta property=\"og:url\" content=\"https:\/\/darkorchid-cheetah-525435.hostingersite.com\/product\/jigs-for-compression-and-flexure-tests\/\" \/>\n<meta property=\"og:site_name\" content=\"YKM TEST\" \/>\n<meta property=\"article:modified_time\" content=\"2026-01-05T07:11:26+00:00\" \/>\n<meta name=\"twitter:card\" content=\"summary_large_image\" \/>\n<meta name=\"twitter:label1\" content=\"Prix\" \/>\n\t<meta name=\"twitter:data1\" content=\"\" \/>\n\t<meta name=\"twitter:label2\" content=\"Disponibilit\u00e9\" \/>\n\t<meta name=\"twitter:data2\" content=\"En stock\" \/>\n<script type=\"application\/ld+json\" class=\"yoast-schema-graph\">{\"@context\":\"https:\\\/\\\/schema.org\",\"@graph\":[{\"@type\":\"WebPage\",\"@id\":\"https:\\\/\\\/darkorchid-cheetah-525435.hostingersite.com\\\/product\\\/jigs-for-compression-and-flexure-tests\\\/\",\"url\":\"https:\\\/\\\/darkorchid-cheetah-525435.hostingersite.com\\\/product\\\/jigs-for-compression-and-flexure-tests\\\/\",\"name\":\"Jigs for Compression and Flexure Tests - YKM TEST\",\"isPartOf\":{\"@id\":\"https:\\\/\\\/darkorchid-cheetah-525435.hostingersite.com\\\/#website\"},\"datePublished\":\"2026-01-02T13:41:00+00:00\",\"dateModified\":\"2026-01-05T07:11:26+00:00\",\"description\":\"Jigs for Compression and Flexure Tests are precision fixtures that ensure accurate, repeatable, and standard-compliant loading of cement and mortar specimens.\",\"breadcrumb\":{\"@id\":\"https:\\\/\\\/darkorchid-cheetah-525435.hostingersite.com\\\/product\\\/jigs-for-compression-and-flexure-tests\\\/#breadcrumb\"},\"inLanguage\":\"fr-FR\",\"potentialAction\":[{\"@type\":\"ReadAction\",\"target\":[\"https:\\\/\\\/darkorchid-cheetah-525435.hostingersite.com\\\/product\\\/jigs-for-compression-and-flexure-tests\\\/\"]}]},{\"@type\":\"BreadcrumbList\",\"@id\":\"https:\\\/\\\/darkorchid-cheetah-525435.hostingersite.com\\\/product\\\/jigs-for-compression-and-flexure-tests\\\/#breadcrumb\",\"itemListElement\":[{\"@type\":\"ListItem\",\"position\":1,\"name\":\"Home\",\"item\":\"https:\\\/\\\/darkorchid-cheetah-525435.hostingersite.com\\\/\"},{\"@type\":\"ListItem\",\"position\":2,\"name\":\"\u0422\u043e\u0432\u0430\u0440\u044b\",\"item\":\"https:\\\/\\\/ykmtest.com\\\/ru\\\/shop\\\/\"},{\"@type\":\"ListItem\",\"position\":3,\"name\":\"Jigs for Compression and Flexure Tests\"}]},{\"@type\":\"WebSite\",\"@id\":\"https:\\\/\\\/darkorchid-cheetah-525435.hostingersite.com\\\/#website\",\"url\":\"https:\\\/\\\/darkorchid-cheetah-525435.hostingersite.com\\\/\",\"name\":\"YKM TEST\",\"description\":\"\",\"publisher\":{\"@id\":\"https:\\\/\\\/darkorchid-cheetah-525435.hostingersite.com\\\/#organization\"},\"potentialAction\":[{\"@type\":\"SearchAction\",\"target\":{\"@type\":\"EntryPoint\",\"urlTemplate\":\"https:\\\/\\\/darkorchid-cheetah-525435.hostingersite.com\\\/?s={search_term_string}\"},\"query-input\":{\"@type\":\"PropertyValueSpecification\",\"valueRequired\":true,\"valueName\":\"search_term_string\"}}],\"inLanguage\":\"fr-FR\"},{\"@type\":[\"Organization\",\"Place\"],\"@id\":\"https:\\\/\\\/darkorchid-cheetah-525435.hostingersite.com\\\/#organization\",\"name\":\"YKM TEST\",\"url\":\"https:\\\/\\\/darkorchid-cheetah-525435.hostingersite.com\\\/\",\"logo\":{\"@id\":\"https:\\\/\\\/darkorchid-cheetah-525435.hostingersite.com\\\/product\\\/jigs-for-compression-and-flexure-tests\\\/#local-main-organization-logo\"},\"image\":{\"@id\":\"https:\\\/\\\/darkorchid-cheetah-525435.hostingersite.com\\\/product\\\/jigs-for-compression-and-flexure-tests\\\/#local-main-organization-logo\"},\"telephone\":[],\"openingHoursSpecification\":[{\"@type\":\"OpeningHoursSpecification\",\"dayOfWeek\":[\"Monday\",\"Tuesday\",\"Wednesday\",\"Thursday\",\"Friday\",\"Saturday\",\"Sunday\"],\"opens\":\"09:00\",\"closes\":\"17:00\"}]},{\"@type\":\"ImageObject\",\"inLanguage\":\"fr-FR\",\"@id\":\"https:\\\/\\\/darkorchid-cheetah-525435.hostingersite.com\\\/product\\\/jigs-for-compression-and-flexure-tests\\\/#local-main-organization-logo\",\"url\":\"https:\\\/\\\/ykmtest.com\\\/wp-content\\\/uploads\\\/2025\\\/10\\\/Asset-2@2x-8.png\",\"contentUrl\":\"https:\\\/\\\/ykmtest.com\\\/wp-content\\\/uploads\\\/2025\\\/10\\\/Asset-2@2x-8.png\",\"width\":1550,\"height\":323,\"caption\":\"YKM TEST\"}]}<\/script>\n<meta property=\"product:price:currency\" content=\"USD\" \/>\n<meta property=\"og:availability\" content=\"instock\" \/>\n<meta property=\"product:availability\" content=\"instock\" \/>\n<meta property=\"product:condition\" content=\"new\" \/>\n<!-- \/ Yoast SEO Premium plugin. -->","yoast_head_json":{"title":"Jigs for Compression and Flexure Tests - YKM TEST","description":"Jigs for Compression and Flexure Tests are precision fixtures that ensure accurate, repeatable, and standard-compliant loading of cement and mortar specimens.","robots":{"index":"index","follow":"follow","max-snippet":"max-snippet:-1","max-image-preview":"max-image-preview:large","max-video-preview":"max-video-preview:-1"},"canonical":"https:\/\/darkorchid-cheetah-525435.hostingersite.com\/product\/jigs-for-compression-and-flexure-tests\/","og_locale":"fr_FR","og_type":"article","og_title":"Jigs for Compression and Flexure Tests","og_description":"Jigs for Compression and Flexure Tests are precision fixtures that ensure accurate, repeatable, and standard-compliant loading of cement and mortar specimens.","og_url":"https:\/\/darkorchid-cheetah-525435.hostingersite.com\/product\/jigs-for-compression-and-flexure-tests\/","og_site_name":"YKM TEST","article_modified_time":"2026-01-05T07:11:26+00:00","twitter_card":"summary_large_image","twitter_misc":{"Prix":"","Disponibilit\u00e9":"En stock"},"schema":{"@context":"https:\/\/schema.org","@graph":[{"@type":"WebPage","@id":"https:\/\/darkorchid-cheetah-525435.hostingersite.com\/product\/jigs-for-compression-and-flexure-tests\/","url":"https:\/\/darkorchid-cheetah-525435.hostingersite.com\/product\/jigs-for-compression-and-flexure-tests\/","name":"Jigs for Compression and Flexure Tests - YKM TEST","isPartOf":{"@id":"https:\/\/darkorchid-cheetah-525435.hostingersite.com\/#website"},"datePublished":"2026-01-02T13:41:00+00:00","dateModified":"2026-01-05T07:11:26+00:00","description":"Jigs for Compression and Flexure Tests are precision fixtures that ensure accurate, repeatable, and standard-compliant loading of cement and mortar specimens.","breadcrumb":{"@id":"https:\/\/darkorchid-cheetah-525435.hostingersite.com\/product\/jigs-for-compression-and-flexure-tests\/#breadcrumb"},"inLanguage":"fr-FR","potentialAction":[{"@type":"ReadAction","target":["https:\/\/darkorchid-cheetah-525435.hostingersite.com\/product\/jigs-for-compression-and-flexure-tests\/"]}]},{"@type":"BreadcrumbList","@id":"https:\/\/darkorchid-cheetah-525435.hostingersite.com\/product\/jigs-for-compression-and-flexure-tests\/#breadcrumb","itemListElement":[{"@type":"ListItem","position":1,"name":"Home","item":"https:\/\/darkorchid-cheetah-525435.hostingersite.com\/"},{"@type":"ListItem","position":2,"name":"\u0422\u043e\u0432\u0430\u0440\u044b","item":"https:\/\/ykmtest.com\/ru\/shop\/"},{"@type":"ListItem","position":3,"name":"Jigs for Compression and Flexure Tests"}]},{"@type":"WebSite","@id":"https:\/\/darkorchid-cheetah-525435.hostingersite.com\/#website","url":"https:\/\/darkorchid-cheetah-525435.hostingersite.com\/","name":"TEST YKM","description":"","publisher":{"@id":"https:\/\/darkorchid-cheetah-525435.hostingersite.com\/#organization"},"potentialAction":[{"@type":"SearchAction","target":{"@type":"EntryPoint","urlTemplate":"https:\/\/darkorchid-cheetah-525435.hostingersite.com\/?s={search_term_string}"},"query-input":{"@type":"PropertyValueSpecification","valueRequired":true,"valueName":"search_term_string"}}],"inLanguage":"fr-FR"},{"@type":["Organization","Place"],"@id":"https:\/\/darkorchid-cheetah-525435.hostingersite.com\/#organization","name":"TEST YKM","url":"https:\/\/darkorchid-cheetah-525435.hostingersite.com\/","logo":{"@id":"https:\/\/darkorchid-cheetah-525435.hostingersite.com\/product\/jigs-for-compression-and-flexure-tests\/#local-main-organization-logo"},"image":{"@id":"https:\/\/darkorchid-cheetah-525435.hostingersite.com\/product\/jigs-for-compression-and-flexure-tests\/#local-main-organization-logo"},"telephone":[],"openingHoursSpecification":[{"@type":"OpeningHoursSpecification","dayOfWeek":["Monday","Tuesday","Wednesday","Thursday","Friday","Saturday","Sunday"],"opens":"09:00","closes":"17:00"}]},{"@type":"ImageObject","inLanguage":"fr-FR","@id":"https:\/\/darkorchid-cheetah-525435.hostingersite.com\/product\/jigs-for-compression-and-flexure-tests\/#local-main-organization-logo","url":"https:\/\/ykmtest.com\/wp-content\/uploads\/2025\/10\/Asset-2@2x-8.png","contentUrl":"https:\/\/ykmtest.com\/wp-content\/uploads\/2025\/10\/Asset-2@2x-8.png","width":1550,"height":323,"caption":"YKM TEST"}]},"product_price_currency":"USD","og_availability":"instock","product_availability":"instock","product_condition":"new"},"_links":{"self":[{"href":"https:\/\/ykmtest.com\/french\/wp-json\/wp\/v2\/product\/11772","targetHints":{"allow":["GET"]}}],"collection":[{"href":"https:\/\/ykmtest.com\/french\/wp-json\/wp\/v2\/product"}],"about":[{"href":"https:\/\/ykmtest.com\/french\/wp-json\/wp\/v2\/types\/product"}],"version-history":[{"count":2,"href":"https:\/\/ykmtest.com\/french\/wp-json\/wp\/v2\/product\/11772\/revisions"}],"predecessor-version":[{"id":11793,"href":"https:\/\/ykmtest.com\/french\/wp-json\/wp\/v2\/product\/11772\/revisions\/11793"}],"wp:attachment":[{"href":"https:\/\/ykmtest.com\/french\/wp-json\/wp\/v2\/media?parent=11772"}],"wp:term":[{"taxonomy":"product_brand","embeddable":true,"href":"https:\/\/ykmtest.com\/french\/wp-json\/wp\/v2\/product_brand?post=11772"},{"taxonomy":"product_cat","embeddable":true,"href":"https:\/\/ykmtest.com\/french\/wp-json\/wp\/v2\/product_cat?post=11772"},{"taxonomy":"product_tag","embeddable":true,"href":"https:\/\/ykmtest.com\/french\/wp-json\/wp\/v2\/product_tag?post=11772"}],"curies":[{"name":"wp","href":"https:\/\/api.w.org\/{rel}","templated":true}]}}