{"id":11794,"date":"2026-01-05T07:16:52","date_gmt":"2026-01-05T07:16:52","guid":{"rendered":"https:\/\/ykmtest.com\/?post_type=product&#038;p=11794"},"modified":"2026-01-05T07:16:53","modified_gmt":"2026-01-05T07:16:53","slug":"plunger-penetration-apparatus","status":"publish","type":"product","link":"https:\/\/ykmtest.com\/french\/produit\/plunger-penetration-apparatus\/","title":{"rendered":"Appareil de p\u00e9n\u00e9tration \u00e0 piston"},"content":{"rendered":"<p>Le Plunger Penetration Apparatus est un appareil de p\u00e9n\u00e9tration professionnel con\u00e7u pour d\u00e9terminer de mani\u00e8re rapide, fiable et r\u00e9p\u00e9table la consistance (ouvrabilit\u00e9) des mortiers muraux frais. Le ch\u00e2ssis rigide et le guide vertical \u00e0 faible friction garantissent que le piston avance le long d'une trajectoire parfaitement verticale avec un mouvement libre, ce qui minimise les erreurs induites par l'op\u00e9rateur et permet d'obtenir des mesures coh\u00e9rentes d'un lot \u00e0 l'autre. Une jauge millim\u00e9trique \u00e0 fort contraste permet une lecture pr\u00e9cise de la profondeur de p\u00e9n\u00e9tration, tandis que le m\u00e9canisme de verrouillage\/r\u00e9initialisation permet un positionnement initial rapide avant chaque essai. Le piston, fabriqu\u00e9 selon la g\u00e9om\u00e9trie et la masse sp\u00e9cifi\u00e9es dans les normes et dot\u00e9 d'une surface lisse et trait\u00e9e, effectue les mesures sans perturber l'\u00e9chantillon. Le r\u00e9cipient \u00e0 \u00e9chantillon robuste et les supports d'alignement maintiennent l'\u00e9chantillon centr\u00e9, assurant un contact uniforme. Les rev\u00eatements r\u00e9sistants \u00e0 la corrosion, les lignes lisses et les composants facilement amovibles de la coupelle \u00e0 piston r\u00e9duisent le temps de nettoyage. Les pieds de mise \u00e0 niveau r\u00e9glables et la large base minimisent l'effet des vibrations sur la mesure. Les accessoires optionnels comprennent un entonnoir pour la pr\u00e9paration des \u00e9chantillons, une lame de nivellement de la surface, une minuterie et un module de surveillance de l'environnement pour la temp\u00e9rature et l'humidit\u00e9, ce qui permet d'int\u00e9grer facilement les mesures d'uniformit\u00e9 dans les proc\u00e9dures de gestion de la qualit\u00e9. L'architecture de l'appareil est con\u00e7ue pour r\u00e9pondre aux exigences de la d\u00e9termination de la consistance du mortier frais par p\u00e9n\u00e9tration du piston, offrant une pr\u00e9cision dimensionnelle, un guidage vertical et une pr\u00e9cision de lecture conformes \u00e0 la norme EN 1015-4. Le Plunger Penetration Apparatus fournit des r\u00e9sultats conformes aux normes, comparables et pouvant faire l'objet d'un rapport pour le contr\u00f4le de la qualit\u00e9 de la production, les essais d'acceptation et les comparaisons d'adjuvants ou de m\u00e9langes.<\/p>","protected":false},"excerpt":{"rendered":"<p>Le Plunger Penetration Apparatus est un appareil de haute pr\u00e9cision, conforme \u00e0 la norme EN 1015-4, con\u00e7u pour mesurer rapidement, de mani\u00e8re fiable et r\u00e9p\u00e9table la consistance (maniabilit\u00e9) du mortier frais \u00e0 l'aide d'un syst\u00e8me de guidage vertical \u00e0 faible friction et d'une \u00e9chelle de p\u00e9n\u00e9tration \u00e0 fort contraste.<\/p>","protected":false},"featured_media":0,"template":"","meta":{"_acf_changed":false},"product_brand":[],"product_cat":[159,170],"product_tag":[],"class_list":{"0":"post-11794","1":"product","2":"type-product","3":"status-publish","5":"product_cat-cement-mortar","6":"product_cat-lime-and-grout-test","9":"instock","10":"shipping-taxable","11":"product-type-simple"},"acf":[],"yoast_head":"<!-- This site is optimized with the Yoast SEO Premium plugin v26.5 (Yoast SEO v26.5) - https:\/\/yoast.com\/wordpress\/plugins\/seo\/ -->\n<title>Plunger Penetration Apparatus - YKM TEST<\/title>\n<meta name=\"description\" content=\"High-precision Plunger Penetration Apparatus compliant with EN 1015-4 for fast, reliable, and repeatable fresh mortar consistence measurements.\" \/>\n<meta name=\"robots\" content=\"index, follow, max-snippet:-1, max-image-preview:large, max-video-preview:-1\" \/>\n<link rel=\"canonical\" href=\"https:\/\/darkorchid-cheetah-525435.hostingersite.com\/product\/plunger-penetration-apparatus\/\" \/>\n<meta property=\"og:locale\" content=\"fr_FR\" \/>\n<meta property=\"og:type\" content=\"article\" \/>\n<meta property=\"og:title\" content=\"Plunger Penetration Apparatus\" \/>\n<meta property=\"og:description\" content=\"High-precision Plunger Penetration Apparatus compliant with EN 1015-4 for fast, reliable, and repeatable fresh mortar consistence measurements.\" \/>\n<meta property=\"og:url\" content=\"https:\/\/darkorchid-cheetah-525435.hostingersite.com\/product\/plunger-penetration-apparatus\/\" \/>\n<meta property=\"og:site_name\" content=\"YKM TEST\" \/>\n<meta property=\"article:modified_time\" content=\"2026-01-05T07:16:53+00:00\" \/>\n<meta name=\"twitter:card\" content=\"summary_large_image\" \/>\n<meta name=\"twitter:label1\" content=\"Prix\" \/>\n\t<meta name=\"twitter:data1\" content=\"\" \/>\n\t<meta name=\"twitter:label2\" content=\"Disponibilit\u00e9\" \/>\n\t<meta name=\"twitter:data2\" content=\"En stock\" \/>\n<script type=\"application\/ld+json\" class=\"yoast-schema-graph\">{\"@context\":\"https:\/\/schema.org\",\"@graph\":[{\"@type\":\"WebPage\",\"@id\":\"https:\/\/darkorchid-cheetah-525435.hostingersite.com\/product\/plunger-penetration-apparatus\/\",\"url\":\"https:\/\/darkorchid-cheetah-525435.hostingersite.com\/product\/plunger-penetration-apparatus\/\",\"name\":\"Plunger Penetration Apparatus - YKM TEST\",\"isPartOf\":{\"@id\":\"https:\/\/darkorchid-cheetah-525435.hostingersite.com\/#website\"},\"datePublished\":\"2026-01-05T07:16:52+00:00\",\"dateModified\":\"2026-01-05T07:16:53+00:00\",\"description\":\"High-precision Plunger Penetration Apparatus compliant with EN 1015-4 for fast, reliable, and repeatable fresh mortar consistence measurements.\",\"breadcrumb\":{\"@id\":\"https:\/\/darkorchid-cheetah-525435.hostingersite.com\/product\/plunger-penetration-apparatus\/#breadcrumb\"},\"inLanguage\":\"fr-FR\",\"potentialAction\":[{\"@type\":\"ReadAction\",\"target\":[\"https:\/\/darkorchid-cheetah-525435.hostingersite.com\/product\/plunger-penetration-apparatus\/\"]}]},{\"@type\":\"BreadcrumbList\",\"@id\":\"https:\/\/darkorchid-cheetah-525435.hostingersite.com\/product\/plunger-penetration-apparatus\/#breadcrumb\",\"itemListElement\":[{\"@type\":\"ListItem\",\"position\":1,\"name\":\"Home\",\"item\":\"https:\/\/darkorchid-cheetah-525435.hostingersite.com\/\"},{\"@type\":\"ListItem\",\"position\":2,\"name\":\"\u0422\u043e\u0432\u0430\u0440\u044b\",\"item\":\"https:\/\/ykmtest.com\/ru\/shop\/\"},{\"@type\":\"ListItem\",\"position\":3,\"name\":\"Plunger Penetration Apparatus\"}]},{\"@type\":\"WebSite\",\"@id\":\"https:\/\/darkorchid-cheetah-525435.hostingersite.com\/#website\",\"url\":\"https:\/\/darkorchid-cheetah-525435.hostingersite.com\/\",\"name\":\"YKM TEST\",\"description\":\"\",\"publisher\":{\"@id\":\"https:\/\/darkorchid-cheetah-525435.hostingersite.com\/#organization\"},\"potentialAction\":[{\"@type\":\"SearchAction\",\"target\":{\"@type\":\"EntryPoint\",\"urlTemplate\":\"https:\/\/darkorchid-cheetah-525435.hostingersite.com\/?s={search_term_string}\"},\"query-input\":{\"@type\":\"PropertyValueSpecification\",\"valueRequired\":true,\"valueName\":\"search_term_string\"}}],\"inLanguage\":\"fr-FR\"},{\"@type\":[\"Organization\",\"Place\"],\"@id\":\"https:\/\/darkorchid-cheetah-525435.hostingersite.com\/#organization\",\"name\":\"YKM TEST\",\"url\":\"https:\/\/darkorchid-cheetah-525435.hostingersite.com\/\",\"logo\":{\"@id\":\"https:\/\/darkorchid-cheetah-525435.hostingersite.com\/product\/plunger-penetration-apparatus\/#local-main-organization-logo\"},\"image\":{\"@id\":\"https:\/\/darkorchid-cheetah-525435.hostingersite.com\/product\/plunger-penetration-apparatus\/#local-main-organization-logo\"},\"telephone\":[],\"openingHoursSpecification\":[{\"@type\":\"OpeningHoursSpecification\",\"dayOfWeek\":[\"Monday\",\"Tuesday\",\"Wednesday\",\"Thursday\",\"Friday\",\"Saturday\",\"Sunday\"],\"opens\":\"09:00\",\"closes\":\"17:00\"}]},{\"@type\":\"ImageObject\",\"inLanguage\":\"fr-FR\",\"@id\":\"https:\/\/darkorchid-cheetah-525435.hostingersite.com\/product\/plunger-penetration-apparatus\/#local-main-organization-logo\",\"url\":\"https:\/\/ykmtest.com\/wp-content\/uploads\/2025\/10\/Asset-2@2x-8.png\",\"contentUrl\":\"https:\/\/ykmtest.com\/wp-content\/uploads\/2025\/10\/Asset-2@2x-8.png\",\"width\":1550,\"height\":323,\"caption\":\"YKM TEST\"}]}<\/script>\n<meta property=\"product:price:currency\" content=\"USD\" \/>\n<meta property=\"og:availability\" content=\"instock\" \/>\n<meta property=\"product:availability\" content=\"instock\" \/>\n<meta property=\"product:condition\" content=\"new\" \/>\n<!-- \/ Yoast SEO Premium plugin. -->","yoast_head_json":{"title":"Plunger Penetration Apparatus - YKM TEST","description":"High-precision Plunger Penetration Apparatus compliant with EN 1015-4 for fast, reliable, and repeatable fresh mortar consistence measurements.","robots":{"index":"index","follow":"follow","max-snippet":"max-snippet:-1","max-image-preview":"max-image-preview:large","max-video-preview":"max-video-preview:-1"},"canonical":"https:\/\/darkorchid-cheetah-525435.hostingersite.com\/product\/plunger-penetration-apparatus\/","og_locale":"fr_FR","og_type":"article","og_title":"Plunger Penetration Apparatus","og_description":"High-precision Plunger Penetration Apparatus compliant with EN 1015-4 for fast, reliable, and repeatable fresh mortar consistence measurements.","og_url":"https:\/\/darkorchid-cheetah-525435.hostingersite.com\/product\/plunger-penetration-apparatus\/","og_site_name":"YKM TEST","article_modified_time":"2026-01-05T07:16:53+00:00","twitter_card":"summary_large_image","twitter_misc":{"Prix":"","Disponibilit\u00e9":"En stock"},"schema":{"@context":"https:\/\/schema.org","@graph":[{"@type":"WebPage","@id":"https:\/\/darkorchid-cheetah-525435.hostingersite.com\/product\/plunger-penetration-apparatus\/","url":"https:\/\/darkorchid-cheetah-525435.hostingersite.com\/product\/plunger-penetration-apparatus\/","name":"Plunger Penetration Apparatus - YKM TEST","isPartOf":{"@id":"https:\/\/darkorchid-cheetah-525435.hostingersite.com\/#website"},"datePublished":"2026-01-05T07:16:52+00:00","dateModified":"2026-01-05T07:16:53+00:00","description":"High-precision Plunger Penetration Apparatus compliant with EN 1015-4 for fast, reliable, and repeatable fresh mortar consistence measurements.","breadcrumb":{"@id":"https:\/\/darkorchid-cheetah-525435.hostingersite.com\/product\/plunger-penetration-apparatus\/#breadcrumb"},"inLanguage":"fr-FR","potentialAction":[{"@type":"ReadAction","target":["https:\/\/darkorchid-cheetah-525435.hostingersite.com\/product\/plunger-penetration-apparatus\/"]}]},{"@type":"BreadcrumbList","@id":"https:\/\/darkorchid-cheetah-525435.hostingersite.com\/product\/plunger-penetration-apparatus\/#breadcrumb","itemListElement":[{"@type":"ListItem","position":1,"name":"Home","item":"https:\/\/darkorchid-cheetah-525435.hostingersite.com\/"},{"@type":"ListItem","position":2,"name":"\u0422\u043e\u0432\u0430\u0440\u044b","item":"https:\/\/ykmtest.com\/ru\/shop\/"},{"@type":"ListItem","position":3,"name":"Plunger Penetration Apparatus"}]},{"@type":"WebSite","@id":"https:\/\/darkorchid-cheetah-525435.hostingersite.com\/#website","url":"https:\/\/darkorchid-cheetah-525435.hostingersite.com\/","name":"TEST YKM","description":"","publisher":{"@id":"https:\/\/darkorchid-cheetah-525435.hostingersite.com\/#organization"},"potentialAction":[{"@type":"SearchAction","target":{"@type":"EntryPoint","urlTemplate":"https:\/\/darkorchid-cheetah-525435.hostingersite.com\/?s={search_term_string}"},"query-input":{"@type":"PropertyValueSpecification","valueRequired":true,"valueName":"search_term_string"}}],"inLanguage":"fr-FR"},{"@type":["Organization","Place"],"@id":"https:\/\/darkorchid-cheetah-525435.hostingersite.com\/#organization","name":"TEST YKM","url":"https:\/\/darkorchid-cheetah-525435.hostingersite.com\/","logo":{"@id":"https:\/\/darkorchid-cheetah-525435.hostingersite.com\/product\/plunger-penetration-apparatus\/#local-main-organization-logo"},"image":{"@id":"https:\/\/darkorchid-cheetah-525435.hostingersite.com\/product\/plunger-penetration-apparatus\/#local-main-organization-logo"},"telephone":[],"openingHoursSpecification":[{"@type":"OpeningHoursSpecification","dayOfWeek":["Monday","Tuesday","Wednesday","Thursday","Friday","Saturday","Sunday"],"opens":"09:00","closes":"17:00"}]},{"@type":"ImageObject","inLanguage":"fr-FR","@id":"https:\/\/darkorchid-cheetah-525435.hostingersite.com\/product\/plunger-penetration-apparatus\/#local-main-organization-logo","url":"https:\/\/ykmtest.com\/wp-content\/uploads\/2025\/10\/Asset-2@2x-8.png","contentUrl":"https:\/\/ykmtest.com\/wp-content\/uploads\/2025\/10\/Asset-2@2x-8.png","width":1550,"height":323,"caption":"YKM TEST"}]},"product_price_currency":"USD","og_availability":"instock","product_availability":"instock","product_condition":"new"},"_links":{"self":[{"href":"https:\/\/ykmtest.com\/french\/wp-json\/wp\/v2\/product\/11794","targetHints":{"allow":["GET"]}}],"collection":[{"href":"https:\/\/ykmtest.com\/french\/wp-json\/wp\/v2\/product"}],"about":[{"href":"https:\/\/ykmtest.com\/french\/wp-json\/wp\/v2\/types\/product"}],"version-history":[{"count":1,"href":"https:\/\/ykmtest.com\/french\/wp-json\/wp\/v2\/product\/11794\/revisions"}],"predecessor-version":[{"id":11795,"href":"https:\/\/ykmtest.com\/french\/wp-json\/wp\/v2\/product\/11794\/revisions\/11795"}],"wp:attachment":[{"href":"https:\/\/ykmtest.com\/french\/wp-json\/wp\/v2\/media?parent=11794"}],"wp:term":[{"taxonomy":"product_brand","embeddable":true,"href":"https:\/\/ykmtest.com\/french\/wp-json\/wp\/v2\/product_brand?post=11794"},{"taxonomy":"product_cat","embeddable":true,"href":"https:\/\/ykmtest.com\/french\/wp-json\/wp\/v2\/product_cat?post=11794"},{"taxonomy":"product_tag","embeddable":true,"href":"https:\/\/ykmtest.com\/french\/wp-json\/wp\/v2\/product_tag?post=11794"}],"curies":[{"name":"wp","href":"https:\/\/api.w.org\/{rel}","templated":true}]}}