{"id":11796,"date":"2026-01-05T07:21:53","date_gmt":"2026-01-05T07:21:53","guid":{"rendered":"https:\/\/ykmtest.com\/?post_type=product&#038;p=11796"},"modified":"2026-01-05T07:21:54","modified_gmt":"2026-01-05T07:21:54","slug":"air-entrainment-meter-for-mortar","status":"publish","type":"product","link":"https:\/\/ykmtest.com\/french\/produit\/air-entrainment-meter-for-mortar\/","title":{"rendered":"Mesureur d'entra\u00eenement d'air pour mortier"},"content":{"rendered":"<p>L'analyseur d'entra\u00eenement d'air pour mortier est un appareil de mesure professionnel de type pression con\u00e7u pour d\u00e9terminer rapidement, de mani\u00e8re fiable et r\u00e9p\u00e9table la teneur en air du mortier frais. La chambre de pression rigide et les surfaces d'\u00e9tanch\u00e9it\u00e9 rectifi\u00e9es avec pr\u00e9cision, associ\u00e9es \u00e0 des joints \u00e9pais, garantissent l'\u00e9tanch\u00e9it\u00e9, \u00e9vitant ainsi les erreurs de mesure dues \u00e0 la perte d'air lors de l'\u00e9galisation de la pression. La pompe manuelle int\u00e9gr\u00e9e, les soupapes d'entr\u00e9e d'air, d'\u00e9galisation et de lib\u00e9ration, et le manom\u00e8tre \u00e0 double \u00e9chelle (pourcentage\/pression) \u00e0 r\u00e9glage z\u00e9ro permettent d'atteindre rapidement la pression cible et de maintenir des mesures r\u00e9p\u00e9tables. Le r\u00e9cipient d'\u00e9chantillonnage de volume standard est solidement maintenu contre la pression par des pinces \u00e0 verrouillage rapide r\u00e9sistantes aux chocs. Les surfaces internes lisses et les rev\u00eatements r\u00e9sistants \u00e0 la corrosion r\u00e9duisent le temps de nettoyage. La conception compacte et \u00e9quilibr\u00e9e, avec une base large et des pieds antid\u00e9rapants, minimise l'effet des vibrations sur les mesures lors d'une utilisation intensive sur le terrain. La livraison comprend un manom\u00e8tre \u00e9talonn\u00e9 avec des tables de correction, un couvercle standard, un entonnoir de remplissage, une plaque\/tige de d\u00e9collement, une tige de bourrage, une brosse de nettoyage et un tube de v\u00e9rification du volume. Cela garantit un flux de travail pratique qui minimise l'influence de l'op\u00e9rateur malgr\u00e9 les variations de la granulom\u00e9trie, de la consistance et de la temp\u00e9rature des agr\u00e9gats. Les \u00e9l\u00e9ments d'\u00e9tanch\u00e9it\u00e9 r\u00e9sistants aux alcalis et aux liants fins maintiennent les performances lors d'une utilisation \u00e0 long terme en laboratoire et sur site, tandis que le verre du manom\u00e8tre et l'assemblage de la valve permettent une maintenance ais\u00e9e sur le terrain. La construction durable et l'installation rapide am\u00e9liorent l'efficacit\u00e9 du contr\u00f4le de la qualit\u00e9 de la production, des essais d'acceptation et des \u00e9tudes d'optimisation des adjuvants. L'architecture de l'appareil a \u00e9t\u00e9 d\u00e9velopp\u00e9e pour r\u00e9pondre aux principes de pr\u00e9cision dimensionnelle et d'\u00e9galisation de la pression exig\u00e9s par les m\u00e9thodes internationales de mesure de la teneur en air dans le mortier. Il est enti\u00e8rement compatible avec les proc\u00e9dures ASTM C185, ASTM C780 et EN 1015-7. L'appareil de mesure de l'entra\u00eenement d'air dans le mortier constitue une solution fiable, durable et conviviale pour des mesures conformes aux normes, tra\u00e7ables et pouvant faire l'objet d'un rapport.<\/p>","protected":false},"excerpt":{"rendered":"<p><span lang=\"TR\">L'entrammeur d'air pour mortier est un appareil \u00e0 pression durable, convivial et conforme aux normes, con\u00e7u pour mesurer rapidement, de mani\u00e8re fiable et r\u00e9p\u00e9table la teneur en air du mortier frais, en garantissant un fonctionnement \u00e9tanche, des relev\u00e9s stables et des flux de travail efficaces en mati\u00e8re de contr\u00f4le de la qualit\u00e9.<\/span><\/p>","protected":false},"featured_media":0,"template":"","meta":{"_acf_changed":false},"product_brand":[],"product_cat":[159,170],"product_tag":[],"class_list":{"0":"post-11796","1":"product","2":"type-product","3":"status-publish","5":"product_cat-cement-mortar","6":"product_cat-lime-and-grout-test","9":"instock","10":"shipping-taxable","11":"product-type-simple"},"acf":[],"yoast_head":"<!-- This site is optimized with the Yoast SEO Premium plugin v26.5 (Yoast SEO v27.5) - https:\/\/yoast.com\/product\/yoast-seo-premium-wordpress\/ -->\n<title>Air Entrainment Meter for Mortar - YKM TEST<\/title>\n<meta name=\"description\" content=\"Pressure-type Air Entrainment Meter for Mortar compliant with ASTM C185, ASTM C780, and EN 1015-7 for fast and reliable air content measurement.\" \/>\n<meta name=\"robots\" content=\"index, follow, max-snippet:-1, max-image-preview:large, max-video-preview:-1\" \/>\n<link rel=\"canonical\" href=\"https:\/\/darkorchid-cheetah-525435.hostingersite.com\/product\/air-entrainment-meter-for-mortar\/\" \/>\n<meta property=\"og:locale\" content=\"fr_FR\" \/>\n<meta property=\"og:type\" content=\"article\" \/>\n<meta property=\"og:title\" content=\"Air Entrainment Meter for Mortar\" \/>\n<meta property=\"og:description\" content=\"Pressure-type Air Entrainment Meter for Mortar compliant with ASTM C185, ASTM C780, and EN 1015-7 for fast and reliable air content measurement.\" \/>\n<meta property=\"og:url\" content=\"https:\/\/darkorchid-cheetah-525435.hostingersite.com\/product\/air-entrainment-meter-for-mortar\/\" \/>\n<meta property=\"og:site_name\" content=\"YKM TEST\" \/>\n<meta property=\"article:modified_time\" content=\"2026-01-05T07:21:54+00:00\" \/>\n<meta name=\"twitter:card\" content=\"summary_large_image\" \/>\n<meta name=\"twitter:label1\" content=\"Prix\" \/>\n\t<meta name=\"twitter:data1\" content=\"\" \/>\n\t<meta name=\"twitter:label2\" content=\"Disponibilit\u00e9\" \/>\n\t<meta name=\"twitter:data2\" content=\"En stock\" \/>\n<script type=\"application\/ld+json\" class=\"yoast-schema-graph\">{\"@context\":\"https:\\\/\\\/schema.org\",\"@graph\":[{\"@type\":\"WebPage\",\"@id\":\"https:\\\/\\\/darkorchid-cheetah-525435.hostingersite.com\\\/product\\\/air-entrainment-meter-for-mortar\\\/\",\"url\":\"https:\\\/\\\/darkorchid-cheetah-525435.hostingersite.com\\\/product\\\/air-entrainment-meter-for-mortar\\\/\",\"name\":\"Air Entrainment Meter for Mortar - YKM TEST\",\"isPartOf\":{\"@id\":\"https:\\\/\\\/darkorchid-cheetah-525435.hostingersite.com\\\/#website\"},\"datePublished\":\"2026-01-05T07:21:53+00:00\",\"dateModified\":\"2026-01-05T07:21:54+00:00\",\"description\":\"Pressure-type Air Entrainment Meter for Mortar compliant with ASTM C185, ASTM C780, and EN 1015-7 for fast and reliable air content measurement.\",\"breadcrumb\":{\"@id\":\"https:\\\/\\\/darkorchid-cheetah-525435.hostingersite.com\\\/product\\\/air-entrainment-meter-for-mortar\\\/#breadcrumb\"},\"inLanguage\":\"fr-FR\",\"potentialAction\":[{\"@type\":\"ReadAction\",\"target\":[\"https:\\\/\\\/darkorchid-cheetah-525435.hostingersite.com\\\/product\\\/air-entrainment-meter-for-mortar\\\/\"]}]},{\"@type\":\"BreadcrumbList\",\"@id\":\"https:\\\/\\\/darkorchid-cheetah-525435.hostingersite.com\\\/product\\\/air-entrainment-meter-for-mortar\\\/#breadcrumb\",\"itemListElement\":[{\"@type\":\"ListItem\",\"position\":1,\"name\":\"Home\",\"item\":\"https:\\\/\\\/darkorchid-cheetah-525435.hostingersite.com\\\/\"},{\"@type\":\"ListItem\",\"position\":2,\"name\":\"\u0422\u043e\u0432\u0430\u0440\u044b\",\"item\":\"https:\\\/\\\/ykmtest.com\\\/ru\\\/shop\\\/\"},{\"@type\":\"ListItem\",\"position\":3,\"name\":\"Air Entrainment Meter for Mortar\"}]},{\"@type\":\"WebSite\",\"@id\":\"https:\\\/\\\/darkorchid-cheetah-525435.hostingersite.com\\\/#website\",\"url\":\"https:\\\/\\\/darkorchid-cheetah-525435.hostingersite.com\\\/\",\"name\":\"YKM TEST\",\"description\":\"\",\"publisher\":{\"@id\":\"https:\\\/\\\/darkorchid-cheetah-525435.hostingersite.com\\\/#organization\"},\"potentialAction\":[{\"@type\":\"SearchAction\",\"target\":{\"@type\":\"EntryPoint\",\"urlTemplate\":\"https:\\\/\\\/darkorchid-cheetah-525435.hostingersite.com\\\/?s={search_term_string}\"},\"query-input\":{\"@type\":\"PropertyValueSpecification\",\"valueRequired\":true,\"valueName\":\"search_term_string\"}}],\"inLanguage\":\"fr-FR\"},{\"@type\":[\"Organization\",\"Place\"],\"@id\":\"https:\\\/\\\/darkorchid-cheetah-525435.hostingersite.com\\\/#organization\",\"name\":\"YKM TEST\",\"url\":\"https:\\\/\\\/darkorchid-cheetah-525435.hostingersite.com\\\/\",\"logo\":{\"@id\":\"https:\\\/\\\/darkorchid-cheetah-525435.hostingersite.com\\\/product\\\/air-entrainment-meter-for-mortar\\\/#local-main-organization-logo\"},\"image\":{\"@id\":\"https:\\\/\\\/darkorchid-cheetah-525435.hostingersite.com\\\/product\\\/air-entrainment-meter-for-mortar\\\/#local-main-organization-logo\"},\"telephone\":[],\"openingHoursSpecification\":[{\"@type\":\"OpeningHoursSpecification\",\"dayOfWeek\":[\"Monday\",\"Tuesday\",\"Wednesday\",\"Thursday\",\"Friday\",\"Saturday\",\"Sunday\"],\"opens\":\"09:00\",\"closes\":\"17:00\"}]},{\"@type\":\"ImageObject\",\"inLanguage\":\"fr-FR\",\"@id\":\"https:\\\/\\\/darkorchid-cheetah-525435.hostingersite.com\\\/product\\\/air-entrainment-meter-for-mortar\\\/#local-main-organization-logo\",\"url\":\"https:\\\/\\\/ykmtest.com\\\/wp-content\\\/uploads\\\/2025\\\/10\\\/Asset-2@2x-8.png\",\"contentUrl\":\"https:\\\/\\\/ykmtest.com\\\/wp-content\\\/uploads\\\/2025\\\/10\\\/Asset-2@2x-8.png\",\"width\":1550,\"height\":323,\"caption\":\"YKM TEST\"}]}<\/script>\n<meta property=\"product:price:currency\" content=\"USD\" \/>\n<meta property=\"og:availability\" content=\"instock\" \/>\n<meta property=\"product:availability\" content=\"instock\" \/>\n<meta property=\"product:condition\" content=\"new\" \/>\n<!-- \/ Yoast SEO Premium plugin. -->","yoast_head_json":{"title":"Air Entrainment Meter for Mortar - YKM TEST","description":"Pressure-type Air Entrainment Meter for Mortar compliant with ASTM C185, ASTM C780, and EN 1015-7 for fast and reliable air content measurement.","robots":{"index":"index","follow":"follow","max-snippet":"max-snippet:-1","max-image-preview":"max-image-preview:large","max-video-preview":"max-video-preview:-1"},"canonical":"https:\/\/darkorchid-cheetah-525435.hostingersite.com\/product\/air-entrainment-meter-for-mortar\/","og_locale":"fr_FR","og_type":"article","og_title":"Air Entrainment Meter for Mortar","og_description":"Pressure-type Air Entrainment Meter for Mortar compliant with ASTM C185, ASTM C780, and EN 1015-7 for fast and reliable air content measurement.","og_url":"https:\/\/darkorchid-cheetah-525435.hostingersite.com\/product\/air-entrainment-meter-for-mortar\/","og_site_name":"YKM TEST","article_modified_time":"2026-01-05T07:21:54+00:00","twitter_card":"summary_large_image","twitter_misc":{"Prix":"","Disponibilit\u00e9":"En stock"},"schema":{"@context":"https:\/\/schema.org","@graph":[{"@type":"WebPage","@id":"https:\/\/darkorchid-cheetah-525435.hostingersite.com\/product\/air-entrainment-meter-for-mortar\/","url":"https:\/\/darkorchid-cheetah-525435.hostingersite.com\/product\/air-entrainment-meter-for-mortar\/","name":"Air Entrainment Meter for Mortar - YKM TEST","isPartOf":{"@id":"https:\/\/darkorchid-cheetah-525435.hostingersite.com\/#website"},"datePublished":"2026-01-05T07:21:53+00:00","dateModified":"2026-01-05T07:21:54+00:00","description":"Pressure-type Air Entrainment Meter for Mortar compliant with ASTM C185, ASTM C780, and EN 1015-7 for fast and reliable air content measurement.","breadcrumb":{"@id":"https:\/\/darkorchid-cheetah-525435.hostingersite.com\/product\/air-entrainment-meter-for-mortar\/#breadcrumb"},"inLanguage":"fr-FR","potentialAction":[{"@type":"ReadAction","target":["https:\/\/darkorchid-cheetah-525435.hostingersite.com\/product\/air-entrainment-meter-for-mortar\/"]}]},{"@type":"BreadcrumbList","@id":"https:\/\/darkorchid-cheetah-525435.hostingersite.com\/product\/air-entrainment-meter-for-mortar\/#breadcrumb","itemListElement":[{"@type":"ListItem","position":1,"name":"Home","item":"https:\/\/darkorchid-cheetah-525435.hostingersite.com\/"},{"@type":"ListItem","position":2,"name":"\u0422\u043e\u0432\u0430\u0440\u044b","item":"https:\/\/ykmtest.com\/ru\/shop\/"},{"@type":"ListItem","position":3,"name":"Air Entrainment Meter for Mortar"}]},{"@type":"WebSite","@id":"https:\/\/darkorchid-cheetah-525435.hostingersite.com\/#website","url":"https:\/\/darkorchid-cheetah-525435.hostingersite.com\/","name":"TEST YKM","description":"","publisher":{"@id":"https:\/\/darkorchid-cheetah-525435.hostingersite.com\/#organization"},"potentialAction":[{"@type":"SearchAction","target":{"@type":"EntryPoint","urlTemplate":"https:\/\/darkorchid-cheetah-525435.hostingersite.com\/?s={search_term_string}"},"query-input":{"@type":"PropertyValueSpecification","valueRequired":true,"valueName":"search_term_string"}}],"inLanguage":"fr-FR"},{"@type":["Organization","Place"],"@id":"https:\/\/darkorchid-cheetah-525435.hostingersite.com\/#organization","name":"TEST YKM","url":"https:\/\/darkorchid-cheetah-525435.hostingersite.com\/","logo":{"@id":"https:\/\/darkorchid-cheetah-525435.hostingersite.com\/product\/air-entrainment-meter-for-mortar\/#local-main-organization-logo"},"image":{"@id":"https:\/\/darkorchid-cheetah-525435.hostingersite.com\/product\/air-entrainment-meter-for-mortar\/#local-main-organization-logo"},"telephone":[],"openingHoursSpecification":[{"@type":"OpeningHoursSpecification","dayOfWeek":["Monday","Tuesday","Wednesday","Thursday","Friday","Saturday","Sunday"],"opens":"09:00","closes":"17:00"}]},{"@type":"ImageObject","inLanguage":"fr-FR","@id":"https:\/\/darkorchid-cheetah-525435.hostingersite.com\/product\/air-entrainment-meter-for-mortar\/#local-main-organization-logo","url":"https:\/\/ykmtest.com\/wp-content\/uploads\/2025\/10\/Asset-2@2x-8.png","contentUrl":"https:\/\/ykmtest.com\/wp-content\/uploads\/2025\/10\/Asset-2@2x-8.png","width":1550,"height":323,"caption":"YKM TEST"}]},"product_price_currency":"USD","og_availability":"instock","product_availability":"instock","product_condition":"new"},"_links":{"self":[{"href":"https:\/\/ykmtest.com\/french\/wp-json\/wp\/v2\/product\/11796","targetHints":{"allow":["GET"]}}],"collection":[{"href":"https:\/\/ykmtest.com\/french\/wp-json\/wp\/v2\/product"}],"about":[{"href":"https:\/\/ykmtest.com\/french\/wp-json\/wp\/v2\/types\/product"}],"version-history":[{"count":1,"href":"https:\/\/ykmtest.com\/french\/wp-json\/wp\/v2\/product\/11796\/revisions"}],"predecessor-version":[{"id":11797,"href":"https:\/\/ykmtest.com\/french\/wp-json\/wp\/v2\/product\/11796\/revisions\/11797"}],"wp:attachment":[{"href":"https:\/\/ykmtest.com\/french\/wp-json\/wp\/v2\/media?parent=11796"}],"wp:term":[{"taxonomy":"product_brand","embeddable":true,"href":"https:\/\/ykmtest.com\/french\/wp-json\/wp\/v2\/product_brand?post=11796"},{"taxonomy":"product_cat","embeddable":true,"href":"https:\/\/ykmtest.com\/french\/wp-json\/wp\/v2\/product_cat?post=11796"},{"taxonomy":"product_tag","embeddable":true,"href":"https:\/\/ykmtest.com\/french\/wp-json\/wp\/v2\/product_tag?post=11796"}],"curies":[{"name":"wp","href":"https:\/\/api.w.org\/{rel}","templated":true}]}}