{"id":11800,"date":"2026-01-05T07:31:48","date_gmt":"2026-01-05T07:31:48","guid":{"rendered":"https:\/\/ykmtest.com\/?post_type=product&#038;p=11800"},"modified":"2026-01-05T07:31:49","modified_gmt":"2026-01-05T07:31:49","slug":"slaking-vessel","status":"publish","type":"product","link":"https:\/\/ykmtest.com\/french\/produit\/slaking-vessel\/","title":{"rendered":"Cuve d'\u00e9bullition"},"content":{"rendered":"<p>Le r\u00e9cipient d'extinction est un appareil de trempe professionnel con\u00e7u pour la surveillance contr\u00f4l\u00e9e du comportement d'extinction rapide et de la r\u00e9activit\u00e9 thermique, destin\u00e9 \u00e0 la production de chaux \u00e9teinte et aux \u00e9tudes de R&amp;D sur les liants. La chambre \u00e0 double paroi en acier inoxydable, isol\u00e9e thermiquement, minimise les fluctuations de temp\u00e9rature pendant les r\u00e9actions hautement exothermiques tout en am\u00e9liorant la r\u00e9p\u00e9tabilit\u00e9 des mesures. Un couvercle ventil\u00e9 et \u00e9tanche aux \u00e9claboussures ainsi qu'une soupape de s\u00e9curit\u00e9 \u00e0 surpression garantissent un fonctionnement s\u00fbr. L'indicateur de niveau en verre et la large ouverture de remplissage permettent un ajout contr\u00f4l\u00e9 et propre d'eau et de chaux. Une sonde de temp\u00e9rature PT100 int\u00e9gr\u00e9e avec affichage num\u00e9rique - et une unit\u00e9 d'enregistrement des donn\u00e9es en option - surveille la courbe temp\u00e9rature-temps en temps r\u00e9el, ce qui permet d'obtenir facilement des rapports sur le pic de r\u00e9activit\u00e9, le taux d'extinction et le d\u00e9gagement total de chaleur. Une roue de m\u00e9lange r\u00e9sistante aux produits chimiques et un d\u00e9flecteur limitant les tourbillons assurent une dispersion homog\u00e8ne des particules sans agglutination, et la vitesse de m\u00e9lange r\u00e9glable fournit une hydrodynamique id\u00e9ale pour diff\u00e9rentes tailles de particules et classes de puret\u00e9. Les surfaces internes lisses et les raccords amovibles sans outil et scell\u00e9s au PTFE r\u00e9duisent le temps de nettoyage. Une vanne d'\u00e9vacuation par le bas et un bac de r\u00e9cup\u00e9ration garantissent un espace de travail hygi\u00e9nique et compatible avec les laboratoires. Le corps compact de l'appareil, les pieds antid\u00e9rapants et les fentes de serrage multipoints permettent de l'int\u00e9grer \u00e0 des bains d'eau ou \u00e0 des plates-formes de m\u00e9lange externes. La pr\u00e9cision dimensionnelle, le positionnement du capteur et les caract\u00e9ristiques de s\u00e9curit\u00e9 du r\u00e9cipient d'extinction sont con\u00e7us pour r\u00e9pondre aux crit\u00e8res de performance pour les \u00e9valuations de r\u00e9activit\u00e9 et d'extinction des chaux de construction, ce qui le rend adapt\u00e9 aux \u00e9valuations de l'\u00e9l\u00e9vation de la temp\u00e9rature et de la r\u00e9activit\u00e9 conform\u00e9ment aux normes EN 459-2 et ASTM C110. Ainsi, le r\u00e9cipient fournit des r\u00e9sultats conformes aux normes, reproductibles et pouvant faire l'objet d'un rapport, pour une classification rapide des mati\u00e8res premi\u00e8res, l'optimisation des processus et l'enregistrement de la qualit\u00e9.<\/p>","protected":false},"excerpt":{"rendered":"<p>La cuve d'extinction est un appareil de laboratoire \u00e0 isolation thermique et \u00e0 s\u00e9curit\u00e9 renforc\u00e9e, con\u00e7u pour un contr\u00f4le pr\u00e9cis, reproductible et conforme aux normes de la r\u00e9activit\u00e9 de l'extinction de la chaux, fournissant une mesure contr\u00f4l\u00e9e de la temp\u00e9rature, un m\u00e9lange homog\u00e8ne et des donn\u00e9es fiables pour la classification des mat\u00e9riaux, l'optimisation des processus et le contr\u00f4le de la qualit\u00e9.<\/p>","protected":false},"featured_media":0,"template":"","meta":{"_acf_changed":false},"product_brand":[],"product_cat":[159,170],"product_tag":[],"class_list":{"0":"post-11800","1":"product","2":"type-product","3":"status-publish","5":"product_cat-cement-mortar","6":"product_cat-lime-and-grout-test","9":"instock","10":"shipping-taxable","11":"product-type-simple"},"acf":[],"yoast_head":"<!-- This site is optimized with the Yoast SEO Premium plugin v26.5 (Yoast SEO v27.5) - https:\/\/yoast.com\/product\/yoast-seo-premium-wordpress\/ -->\n<title>Slaking Vessel - YKM TEST<\/title>\n<meta name=\"description\" content=\"Thermally insulated Slaking Vessel designed for precise lime slaking reactivity testing in compliance with EN 459-2 and ASTM C110 standards.\" \/>\n<meta name=\"robots\" content=\"index, follow, max-snippet:-1, max-image-preview:large, max-video-preview:-1\" \/>\n<link rel=\"canonical\" href=\"https:\/\/darkorchid-cheetah-525435.hostingersite.com\/product\/slaking-vessel\/\" \/>\n<meta property=\"og:locale\" content=\"fr_FR\" \/>\n<meta property=\"og:type\" content=\"article\" \/>\n<meta property=\"og:title\" content=\"Slaking Vessel\" \/>\n<meta property=\"og:description\" content=\"Thermally insulated Slaking Vessel designed for precise lime slaking reactivity testing in compliance with EN 459-2 and ASTM C110 standards.\" \/>\n<meta property=\"og:url\" content=\"https:\/\/darkorchid-cheetah-525435.hostingersite.com\/product\/slaking-vessel\/\" \/>\n<meta property=\"og:site_name\" content=\"YKM TEST\" \/>\n<meta property=\"article:modified_time\" content=\"2026-01-05T07:31:49+00:00\" \/>\n<meta name=\"twitter:card\" content=\"summary_large_image\" \/>\n<meta name=\"twitter:label1\" content=\"Prix\" \/>\n\t<meta name=\"twitter:data1\" content=\"\" \/>\n\t<meta name=\"twitter:label2\" content=\"Disponibilit\u00e9\" \/>\n\t<meta name=\"twitter:data2\" content=\"En stock\" \/>\n<script type=\"application\/ld+json\" class=\"yoast-schema-graph\">{\"@context\":\"https:\\\/\\\/schema.org\",\"@graph\":[{\"@type\":\"WebPage\",\"@id\":\"https:\\\/\\\/darkorchid-cheetah-525435.hostingersite.com\\\/product\\\/slaking-vessel\\\/\",\"url\":\"https:\\\/\\\/darkorchid-cheetah-525435.hostingersite.com\\\/product\\\/slaking-vessel\\\/\",\"name\":\"Slaking Vessel - YKM TEST\",\"isPartOf\":{\"@id\":\"https:\\\/\\\/darkorchid-cheetah-525435.hostingersite.com\\\/#website\"},\"datePublished\":\"2026-01-05T07:31:48+00:00\",\"dateModified\":\"2026-01-05T07:31:49+00:00\",\"description\":\"Thermally insulated Slaking Vessel designed for precise lime slaking reactivity testing in compliance with EN 459-2 and ASTM C110 standards.\",\"breadcrumb\":{\"@id\":\"https:\\\/\\\/darkorchid-cheetah-525435.hostingersite.com\\\/product\\\/slaking-vessel\\\/#breadcrumb\"},\"inLanguage\":\"fr-FR\",\"potentialAction\":[{\"@type\":\"ReadAction\",\"target\":[\"https:\\\/\\\/darkorchid-cheetah-525435.hostingersite.com\\\/product\\\/slaking-vessel\\\/\"]}]},{\"@type\":\"BreadcrumbList\",\"@id\":\"https:\\\/\\\/darkorchid-cheetah-525435.hostingersite.com\\\/product\\\/slaking-vessel\\\/#breadcrumb\",\"itemListElement\":[{\"@type\":\"ListItem\",\"position\":1,\"name\":\"Home\",\"item\":\"https:\\\/\\\/darkorchid-cheetah-525435.hostingersite.com\\\/\"},{\"@type\":\"ListItem\",\"position\":2,\"name\":\"\u0422\u043e\u0432\u0430\u0440\u044b\",\"item\":\"https:\\\/\\\/ykmtest.com\\\/ru\\\/shop\\\/\"},{\"@type\":\"ListItem\",\"position\":3,\"name\":\"Slaking Vessel\"}]},{\"@type\":\"WebSite\",\"@id\":\"https:\\\/\\\/darkorchid-cheetah-525435.hostingersite.com\\\/#website\",\"url\":\"https:\\\/\\\/darkorchid-cheetah-525435.hostingersite.com\\\/\",\"name\":\"YKM TEST\",\"description\":\"\",\"publisher\":{\"@id\":\"https:\\\/\\\/darkorchid-cheetah-525435.hostingersite.com\\\/#organization\"},\"potentialAction\":[{\"@type\":\"SearchAction\",\"target\":{\"@type\":\"EntryPoint\",\"urlTemplate\":\"https:\\\/\\\/darkorchid-cheetah-525435.hostingersite.com\\\/?s={search_term_string}\"},\"query-input\":{\"@type\":\"PropertyValueSpecification\",\"valueRequired\":true,\"valueName\":\"search_term_string\"}}],\"inLanguage\":\"fr-FR\"},{\"@type\":[\"Organization\",\"Place\"],\"@id\":\"https:\\\/\\\/darkorchid-cheetah-525435.hostingersite.com\\\/#organization\",\"name\":\"YKM TEST\",\"url\":\"https:\\\/\\\/darkorchid-cheetah-525435.hostingersite.com\\\/\",\"logo\":{\"@id\":\"https:\\\/\\\/darkorchid-cheetah-525435.hostingersite.com\\\/product\\\/slaking-vessel\\\/#local-main-organization-logo\"},\"image\":{\"@id\":\"https:\\\/\\\/darkorchid-cheetah-525435.hostingersite.com\\\/product\\\/slaking-vessel\\\/#local-main-organization-logo\"},\"telephone\":[],\"openingHoursSpecification\":[{\"@type\":\"OpeningHoursSpecification\",\"dayOfWeek\":[\"Monday\",\"Tuesday\",\"Wednesday\",\"Thursday\",\"Friday\",\"Saturday\",\"Sunday\"],\"opens\":\"09:00\",\"closes\":\"17:00\"}]},{\"@type\":\"ImageObject\",\"inLanguage\":\"fr-FR\",\"@id\":\"https:\\\/\\\/darkorchid-cheetah-525435.hostingersite.com\\\/product\\\/slaking-vessel\\\/#local-main-organization-logo\",\"url\":\"https:\\\/\\\/ykmtest.com\\\/wp-content\\\/uploads\\\/2025\\\/10\\\/Asset-2@2x-8.png\",\"contentUrl\":\"https:\\\/\\\/ykmtest.com\\\/wp-content\\\/uploads\\\/2025\\\/10\\\/Asset-2@2x-8.png\",\"width\":1550,\"height\":323,\"caption\":\"YKM TEST\"}]}<\/script>\n<meta property=\"product:price:currency\" content=\"USD\" \/>\n<meta property=\"og:availability\" content=\"instock\" \/>\n<meta property=\"product:availability\" content=\"instock\" \/>\n<meta property=\"product:condition\" content=\"new\" \/>\n<!-- \/ Yoast SEO Premium plugin. -->","yoast_head_json":{"title":"Slaking Vessel - YKM TEST","description":"Thermally insulated Slaking Vessel designed for precise lime slaking reactivity testing in compliance with EN 459-2 and ASTM C110 standards.","robots":{"index":"index","follow":"follow","max-snippet":"max-snippet:-1","max-image-preview":"max-image-preview:large","max-video-preview":"max-video-preview:-1"},"canonical":"https:\/\/darkorchid-cheetah-525435.hostingersite.com\/product\/slaking-vessel\/","og_locale":"fr_FR","og_type":"article","og_title":"Slaking Vessel","og_description":"Thermally insulated Slaking Vessel designed for precise lime slaking reactivity testing in compliance with EN 459-2 and ASTM C110 standards.","og_url":"https:\/\/darkorchid-cheetah-525435.hostingersite.com\/product\/slaking-vessel\/","og_site_name":"YKM TEST","article_modified_time":"2026-01-05T07:31:49+00:00","twitter_card":"summary_large_image","twitter_misc":{"Prix":"","Disponibilit\u00e9":"En stock"},"schema":{"@context":"https:\/\/schema.org","@graph":[{"@type":"WebPage","@id":"https:\/\/darkorchid-cheetah-525435.hostingersite.com\/product\/slaking-vessel\/","url":"https:\/\/darkorchid-cheetah-525435.hostingersite.com\/product\/slaking-vessel\/","name":"Slaking Vessel - YKM TEST","isPartOf":{"@id":"https:\/\/darkorchid-cheetah-525435.hostingersite.com\/#website"},"datePublished":"2026-01-05T07:31:48+00:00","dateModified":"2026-01-05T07:31:49+00:00","description":"Thermally insulated Slaking Vessel designed for precise lime slaking reactivity testing in compliance with EN 459-2 and ASTM C110 standards.","breadcrumb":{"@id":"https:\/\/darkorchid-cheetah-525435.hostingersite.com\/product\/slaking-vessel\/#breadcrumb"},"inLanguage":"fr-FR","potentialAction":[{"@type":"ReadAction","target":["https:\/\/darkorchid-cheetah-525435.hostingersite.com\/product\/slaking-vessel\/"]}]},{"@type":"BreadcrumbList","@id":"https:\/\/darkorchid-cheetah-525435.hostingersite.com\/product\/slaking-vessel\/#breadcrumb","itemListElement":[{"@type":"ListItem","position":1,"name":"Home","item":"https:\/\/darkorchid-cheetah-525435.hostingersite.com\/"},{"@type":"ListItem","position":2,"name":"\u0422\u043e\u0432\u0430\u0440\u044b","item":"https:\/\/ykmtest.com\/ru\/shop\/"},{"@type":"ListItem","position":3,"name":"Slaking Vessel"}]},{"@type":"WebSite","@id":"https:\/\/darkorchid-cheetah-525435.hostingersite.com\/#website","url":"https:\/\/darkorchid-cheetah-525435.hostingersite.com\/","name":"TEST YKM","description":"","publisher":{"@id":"https:\/\/darkorchid-cheetah-525435.hostingersite.com\/#organization"},"potentialAction":[{"@type":"SearchAction","target":{"@type":"EntryPoint","urlTemplate":"https:\/\/darkorchid-cheetah-525435.hostingersite.com\/?s={search_term_string}"},"query-input":{"@type":"PropertyValueSpecification","valueRequired":true,"valueName":"search_term_string"}}],"inLanguage":"fr-FR"},{"@type":["Organization","Place"],"@id":"https:\/\/darkorchid-cheetah-525435.hostingersite.com\/#organization","name":"TEST YKM","url":"https:\/\/darkorchid-cheetah-525435.hostingersite.com\/","logo":{"@id":"https:\/\/darkorchid-cheetah-525435.hostingersite.com\/product\/slaking-vessel\/#local-main-organization-logo"},"image":{"@id":"https:\/\/darkorchid-cheetah-525435.hostingersite.com\/product\/slaking-vessel\/#local-main-organization-logo"},"telephone":[],"openingHoursSpecification":[{"@type":"OpeningHoursSpecification","dayOfWeek":["Monday","Tuesday","Wednesday","Thursday","Friday","Saturday","Sunday"],"opens":"09:00","closes":"17:00"}]},{"@type":"ImageObject","inLanguage":"fr-FR","@id":"https:\/\/darkorchid-cheetah-525435.hostingersite.com\/product\/slaking-vessel\/#local-main-organization-logo","url":"https:\/\/ykmtest.com\/wp-content\/uploads\/2025\/10\/Asset-2@2x-8.png","contentUrl":"https:\/\/ykmtest.com\/wp-content\/uploads\/2025\/10\/Asset-2@2x-8.png","width":1550,"height":323,"caption":"YKM TEST"}]},"product_price_currency":"USD","og_availability":"instock","product_availability":"instock","product_condition":"new"},"_links":{"self":[{"href":"https:\/\/ykmtest.com\/french\/wp-json\/wp\/v2\/product\/11800","targetHints":{"allow":["GET"]}}],"collection":[{"href":"https:\/\/ykmtest.com\/french\/wp-json\/wp\/v2\/product"}],"about":[{"href":"https:\/\/ykmtest.com\/french\/wp-json\/wp\/v2\/types\/product"}],"version-history":[{"count":1,"href":"https:\/\/ykmtest.com\/french\/wp-json\/wp\/v2\/product\/11800\/revisions"}],"predecessor-version":[{"id":11801,"href":"https:\/\/ykmtest.com\/french\/wp-json\/wp\/v2\/product\/11800\/revisions\/11801"}],"wp:attachment":[{"href":"https:\/\/ykmtest.com\/french\/wp-json\/wp\/v2\/media?parent=11800"}],"wp:term":[{"taxonomy":"product_brand","embeddable":true,"href":"https:\/\/ykmtest.com\/french\/wp-json\/wp\/v2\/product_brand?post=11800"},{"taxonomy":"product_cat","embeddable":true,"href":"https:\/\/ykmtest.com\/french\/wp-json\/wp\/v2\/product_cat?post=11800"},{"taxonomy":"product_tag","embeddable":true,"href":"https:\/\/ykmtest.com\/french\/wp-json\/wp\/v2\/product_tag?post=11800"}],"curies":[{"name":"wp","href":"https:\/\/api.w.org\/{rel}","templated":true}]}}