{"id":11802,"date":"2026-01-05T07:40:00","date_gmt":"2026-01-05T07:40:00","guid":{"rendered":"https:\/\/ykmtest.com\/?post_type=product&#038;p=11802"},"modified":"2026-01-05T07:40:01","modified_gmt":"2026-01-05T07:40:01","slug":"flow-cone-apparatus","status":"publish","type":"product","link":"https:\/\/ykmtest.com\/french\/produit\/flow-cone-apparatus\/","title":{"rendered":"Appareil \u00e0 c\u00f4ne d'\u00e9coulement"},"content":{"rendered":"<p>Flow Cone Apparatus est un syst\u00e8me professionnel de c\u00f4ne d'\u00e9coulement con\u00e7u pour une \u00e9valuation rapide et reproductible de l'ouvrabilit\u00e9 des coulis et mortiers \u00e0 base de ciment par la mesure du temps d'efflux. L'entonnoir conique, fabriqu\u00e9 en acier inoxydable poli, avec des surfaces d'\u00e9tanch\u00e9it\u00e9 \u00e9tanches et un jeu d'orifices calibr\u00e9s, assure un \u00e9coulement laminaire. Un support rigide \u00e0 trois pieds, une large base et une fiole de niveau \u00e0 bulle facilitent une mise \u00e0 niveau pr\u00e9cise dans chaque configuration. Le robinet \u00e0 ouverture\/fermeture rapide, utilisable d'une seule main, associ\u00e9 \u00e0 une l\u00e8vre anti-goutte et \u00e0 une structure de joint \u00e9tanche, minimise les pertes d'\u00e9chantillons et les erreurs de d\u00e9marrage. Un r\u00e9cipient de r\u00e9ception gradu\u00e9 standard permet de contr\u00f4ler clairement le volume \u00e0 la fin de l'\u00e9coulement, tandis qu'une minuterie num\u00e9rique int\u00e9gr\u00e9e ou en option enregistre le temps d'efflux avec une r\u00e9solution de l'ordre de la milliseconde, r\u00e9duisant ainsi la d\u00e9pendance de l'op\u00e9rateur. Les surfaces internes lisses, l'orifice amovible sans outil et les assemblages de vannes r\u00e9duisent le temps de nettoyage ; les joints r\u00e9sistants aux solvants et aux alcalis assurent une performance durable. L'appareil est g\u00e9n\u00e9ralement livr\u00e9 avec un support conique, un ou plusieurs orifices calibr\u00e9s, un r\u00e9cipient de r\u00e9ception gradu\u00e9, un bouchon de d\u00e9marrage, une brosse de nettoyage et une mallette de transport ; les accessoires optionnels comprennent un adaptateur \u00e0 maille fine, une sonde de temp\u00e9rature et des jeux de joints de rechange. La pr\u00e9cision dimensionnelle, la g\u00e9om\u00e9trie de l'orifice et la configuration du d\u00e9bit sont d\u00e9velopp\u00e9es conform\u00e9ment aux m\u00e9thodes internationales de d\u00e9termination du d\u00e9bit de coulis et de mortier, ce qui rend l'appareil compatible avec les normes ASTM C939\/C939M et EN 445. Sa construction durable, ses m\u00e9canismes de soupape et de mise \u00e0 niveau faciles \u00e0 utiliser et sa faible maintenance font de l'appareil \u00e0 c\u00f4ne d'\u00e9coulement une solution fiable pour obtenir des r\u00e9sultats conformes aux normes, comparables et pouvant faire l'objet d'un rapport dans le cadre du contr\u00f4le de la qualit\u00e9 de la production, des essais d'acceptation et des comparaisons d'adjuvants et de m\u00e9langes.<\/p>","protected":false},"excerpt":{"rendered":"<p><span lang=\"TR\">L'appareil Flow Cone est un syst\u00e8me de pr\u00e9cision, conforme aux normes, con\u00e7u pour fournir des mesures rapides, r\u00e9p\u00e9tables et ind\u00e9pendantes de l'op\u00e9rateur de l'ouvrabilit\u00e9 du coulis et du mortier gr\u00e2ce \u00e0 un test pr\u00e9cis du temps d'efflux, soutenu par un support stable, un orifice calibr\u00e9 et une construction facile \u00e0 nettoyer.<\/span><\/p>","protected":false},"featured_media":0,"template":"","meta":{"_acf_changed":false},"product_brand":[],"product_cat":[159,170],"product_tag":[],"class_list":{"0":"post-11802","1":"product","2":"type-product","3":"status-publish","5":"product_cat-cement-mortar","6":"product_cat-lime-and-grout-test","9":"instock","10":"shipping-taxable","11":"product-type-simple"},"acf":[],"yoast_head":"<!-- This site is optimized with the Yoast SEO Premium plugin v26.5 (Yoast SEO v27.5) - https:\/\/yoast.com\/product\/yoast-seo-premium-wordpress\/ -->\n<title>Flow Cone Apparatus - YKM TEST<\/title>\n<meta name=\"description\" content=\"Precision Flow Cone Apparatus for fast and repeatable grout and mortar workability testing, compliant with ASTM C939\/C939M and EN 445.\" \/>\n<meta name=\"robots\" content=\"index, follow, max-snippet:-1, max-image-preview:large, max-video-preview:-1\" \/>\n<link rel=\"canonical\" href=\"https:\/\/darkorchid-cheetah-525435.hostingersite.com\/product\/flow-cone-apparatus\/\" \/>\n<meta property=\"og:locale\" content=\"fr_FR\" \/>\n<meta property=\"og:type\" content=\"article\" \/>\n<meta property=\"og:title\" content=\"Flow Cone Apparatus\" \/>\n<meta property=\"og:description\" content=\"Precision Flow Cone Apparatus for fast and repeatable grout and mortar workability testing, compliant with ASTM C939\/C939M and EN 445.\" \/>\n<meta property=\"og:url\" content=\"https:\/\/darkorchid-cheetah-525435.hostingersite.com\/product\/flow-cone-apparatus\/\" \/>\n<meta property=\"og:site_name\" content=\"YKM TEST\" \/>\n<meta property=\"article:modified_time\" content=\"2026-01-05T07:40:01+00:00\" \/>\n<meta name=\"twitter:card\" content=\"summary_large_image\" \/>\n<meta name=\"twitter:label1\" content=\"Prix\" \/>\n\t<meta name=\"twitter:data1\" content=\"\" \/>\n\t<meta name=\"twitter:label2\" content=\"Disponibilit\u00e9\" \/>\n\t<meta name=\"twitter:data2\" content=\"En stock\" \/>\n<script type=\"application\/ld+json\" class=\"yoast-schema-graph\">{\"@context\":\"https:\\\/\\\/schema.org\",\"@graph\":[{\"@type\":\"WebPage\",\"@id\":\"https:\\\/\\\/darkorchid-cheetah-525435.hostingersite.com\\\/product\\\/flow-cone-apparatus\\\/\",\"url\":\"https:\\\/\\\/darkorchid-cheetah-525435.hostingersite.com\\\/product\\\/flow-cone-apparatus\\\/\",\"name\":\"Flow Cone Apparatus - YKM TEST\",\"isPartOf\":{\"@id\":\"https:\\\/\\\/darkorchid-cheetah-525435.hostingersite.com\\\/#website\"},\"datePublished\":\"2026-01-05T07:40:00+00:00\",\"dateModified\":\"2026-01-05T07:40:01+00:00\",\"description\":\"Precision Flow Cone Apparatus for fast and repeatable grout and mortar workability testing, compliant with ASTM C939\\\/C939M and EN 445.\",\"breadcrumb\":{\"@id\":\"https:\\\/\\\/darkorchid-cheetah-525435.hostingersite.com\\\/product\\\/flow-cone-apparatus\\\/#breadcrumb\"},\"inLanguage\":\"fr-FR\",\"potentialAction\":[{\"@type\":\"ReadAction\",\"target\":[\"https:\\\/\\\/darkorchid-cheetah-525435.hostingersite.com\\\/product\\\/flow-cone-apparatus\\\/\"]}]},{\"@type\":\"BreadcrumbList\",\"@id\":\"https:\\\/\\\/darkorchid-cheetah-525435.hostingersite.com\\\/product\\\/flow-cone-apparatus\\\/#breadcrumb\",\"itemListElement\":[{\"@type\":\"ListItem\",\"position\":1,\"name\":\"Home\",\"item\":\"https:\\\/\\\/darkorchid-cheetah-525435.hostingersite.com\\\/\"},{\"@type\":\"ListItem\",\"position\":2,\"name\":\"\u0422\u043e\u0432\u0430\u0440\u044b\",\"item\":\"https:\\\/\\\/ykmtest.com\\\/ru\\\/shop\\\/\"},{\"@type\":\"ListItem\",\"position\":3,\"name\":\"Flow Cone Apparatus\"}]},{\"@type\":\"WebSite\",\"@id\":\"https:\\\/\\\/darkorchid-cheetah-525435.hostingersite.com\\\/#website\",\"url\":\"https:\\\/\\\/darkorchid-cheetah-525435.hostingersite.com\\\/\",\"name\":\"YKM TEST\",\"description\":\"\",\"publisher\":{\"@id\":\"https:\\\/\\\/darkorchid-cheetah-525435.hostingersite.com\\\/#organization\"},\"potentialAction\":[{\"@type\":\"SearchAction\",\"target\":{\"@type\":\"EntryPoint\",\"urlTemplate\":\"https:\\\/\\\/darkorchid-cheetah-525435.hostingersite.com\\\/?s={search_term_string}\"},\"query-input\":{\"@type\":\"PropertyValueSpecification\",\"valueRequired\":true,\"valueName\":\"search_term_string\"}}],\"inLanguage\":\"fr-FR\"},{\"@type\":[\"Organization\",\"Place\"],\"@id\":\"https:\\\/\\\/darkorchid-cheetah-525435.hostingersite.com\\\/#organization\",\"name\":\"YKM TEST\",\"url\":\"https:\\\/\\\/darkorchid-cheetah-525435.hostingersite.com\\\/\",\"logo\":{\"@id\":\"https:\\\/\\\/darkorchid-cheetah-525435.hostingersite.com\\\/product\\\/flow-cone-apparatus\\\/#local-main-organization-logo\"},\"image\":{\"@id\":\"https:\\\/\\\/darkorchid-cheetah-525435.hostingersite.com\\\/product\\\/flow-cone-apparatus\\\/#local-main-organization-logo\"},\"telephone\":[],\"openingHoursSpecification\":[{\"@type\":\"OpeningHoursSpecification\",\"dayOfWeek\":[\"Monday\",\"Tuesday\",\"Wednesday\",\"Thursday\",\"Friday\",\"Saturday\",\"Sunday\"],\"opens\":\"09:00\",\"closes\":\"17:00\"}]},{\"@type\":\"ImageObject\",\"inLanguage\":\"fr-FR\",\"@id\":\"https:\\\/\\\/darkorchid-cheetah-525435.hostingersite.com\\\/product\\\/flow-cone-apparatus\\\/#local-main-organization-logo\",\"url\":\"https:\\\/\\\/ykmtest.com\\\/wp-content\\\/uploads\\\/2025\\\/10\\\/Asset-2@2x-8.png\",\"contentUrl\":\"https:\\\/\\\/ykmtest.com\\\/wp-content\\\/uploads\\\/2025\\\/10\\\/Asset-2@2x-8.png\",\"width\":1550,\"height\":323,\"caption\":\"YKM TEST\"}]}<\/script>\n<meta property=\"product:price:currency\" content=\"USD\" \/>\n<meta property=\"og:availability\" content=\"instock\" \/>\n<meta property=\"product:availability\" content=\"instock\" \/>\n<meta property=\"product:condition\" content=\"new\" \/>\n<!-- \/ Yoast SEO Premium plugin. -->","yoast_head_json":{"title":"Flow Cone Apparatus - YKM TEST","description":"Precision Flow Cone Apparatus for fast and repeatable grout and mortar workability testing, compliant with ASTM C939\/C939M and EN 445.","robots":{"index":"index","follow":"follow","max-snippet":"max-snippet:-1","max-image-preview":"max-image-preview:large","max-video-preview":"max-video-preview:-1"},"canonical":"https:\/\/darkorchid-cheetah-525435.hostingersite.com\/product\/flow-cone-apparatus\/","og_locale":"fr_FR","og_type":"article","og_title":"Flow Cone Apparatus","og_description":"Precision Flow Cone Apparatus for fast and repeatable grout and mortar workability testing, compliant with ASTM C939\/C939M and EN 445.","og_url":"https:\/\/darkorchid-cheetah-525435.hostingersite.com\/product\/flow-cone-apparatus\/","og_site_name":"YKM TEST","article_modified_time":"2026-01-05T07:40:01+00:00","twitter_card":"summary_large_image","twitter_misc":{"Prix":"","Disponibilit\u00e9":"En stock"},"schema":{"@context":"https:\/\/schema.org","@graph":[{"@type":"WebPage","@id":"https:\/\/darkorchid-cheetah-525435.hostingersite.com\/product\/flow-cone-apparatus\/","url":"https:\/\/darkorchid-cheetah-525435.hostingersite.com\/product\/flow-cone-apparatus\/","name":"Flow Cone Apparatus - YKM TEST","isPartOf":{"@id":"https:\/\/darkorchid-cheetah-525435.hostingersite.com\/#website"},"datePublished":"2026-01-05T07:40:00+00:00","dateModified":"2026-01-05T07:40:01+00:00","description":"Precision Flow Cone Apparatus for fast and repeatable grout and mortar workability testing, compliant with ASTM C939\/C939M and EN 445.","breadcrumb":{"@id":"https:\/\/darkorchid-cheetah-525435.hostingersite.com\/product\/flow-cone-apparatus\/#breadcrumb"},"inLanguage":"fr-FR","potentialAction":[{"@type":"ReadAction","target":["https:\/\/darkorchid-cheetah-525435.hostingersite.com\/product\/flow-cone-apparatus\/"]}]},{"@type":"BreadcrumbList","@id":"https:\/\/darkorchid-cheetah-525435.hostingersite.com\/product\/flow-cone-apparatus\/#breadcrumb","itemListElement":[{"@type":"ListItem","position":1,"name":"Home","item":"https:\/\/darkorchid-cheetah-525435.hostingersite.com\/"},{"@type":"ListItem","position":2,"name":"\u0422\u043e\u0432\u0430\u0440\u044b","item":"https:\/\/ykmtest.com\/ru\/shop\/"},{"@type":"ListItem","position":3,"name":"Flow Cone Apparatus"}]},{"@type":"WebSite","@id":"https:\/\/darkorchid-cheetah-525435.hostingersite.com\/#website","url":"https:\/\/darkorchid-cheetah-525435.hostingersite.com\/","name":"TEST YKM","description":"","publisher":{"@id":"https:\/\/darkorchid-cheetah-525435.hostingersite.com\/#organization"},"potentialAction":[{"@type":"SearchAction","target":{"@type":"EntryPoint","urlTemplate":"https:\/\/darkorchid-cheetah-525435.hostingersite.com\/?s={search_term_string}"},"query-input":{"@type":"PropertyValueSpecification","valueRequired":true,"valueName":"search_term_string"}}],"inLanguage":"fr-FR"},{"@type":["Organization","Place"],"@id":"https:\/\/darkorchid-cheetah-525435.hostingersite.com\/#organization","name":"TEST YKM","url":"https:\/\/darkorchid-cheetah-525435.hostingersite.com\/","logo":{"@id":"https:\/\/darkorchid-cheetah-525435.hostingersite.com\/product\/flow-cone-apparatus\/#local-main-organization-logo"},"image":{"@id":"https:\/\/darkorchid-cheetah-525435.hostingersite.com\/product\/flow-cone-apparatus\/#local-main-organization-logo"},"telephone":[],"openingHoursSpecification":[{"@type":"OpeningHoursSpecification","dayOfWeek":["Monday","Tuesday","Wednesday","Thursday","Friday","Saturday","Sunday"],"opens":"09:00","closes":"17:00"}]},{"@type":"ImageObject","inLanguage":"fr-FR","@id":"https:\/\/darkorchid-cheetah-525435.hostingersite.com\/product\/flow-cone-apparatus\/#local-main-organization-logo","url":"https:\/\/ykmtest.com\/wp-content\/uploads\/2025\/10\/Asset-2@2x-8.png","contentUrl":"https:\/\/ykmtest.com\/wp-content\/uploads\/2025\/10\/Asset-2@2x-8.png","width":1550,"height":323,"caption":"YKM TEST"}]},"product_price_currency":"USD","og_availability":"instock","product_availability":"instock","product_condition":"new"},"_links":{"self":[{"href":"https:\/\/ykmtest.com\/french\/wp-json\/wp\/v2\/product\/11802","targetHints":{"allow":["GET"]}}],"collection":[{"href":"https:\/\/ykmtest.com\/french\/wp-json\/wp\/v2\/product"}],"about":[{"href":"https:\/\/ykmtest.com\/french\/wp-json\/wp\/v2\/types\/product"}],"version-history":[{"count":1,"href":"https:\/\/ykmtest.com\/french\/wp-json\/wp\/v2\/product\/11802\/revisions"}],"predecessor-version":[{"id":11803,"href":"https:\/\/ykmtest.com\/french\/wp-json\/wp\/v2\/product\/11802\/revisions\/11803"}],"wp:attachment":[{"href":"https:\/\/ykmtest.com\/french\/wp-json\/wp\/v2\/media?parent=11802"}],"wp:term":[{"taxonomy":"product_brand","embeddable":true,"href":"https:\/\/ykmtest.com\/french\/wp-json\/wp\/v2\/product_brand?post=11802"},{"taxonomy":"product_cat","embeddable":true,"href":"https:\/\/ykmtest.com\/french\/wp-json\/wp\/v2\/product_cat?post=11802"},{"taxonomy":"product_tag","embeddable":true,"href":"https:\/\/ykmtest.com\/french\/wp-json\/wp\/v2\/product_tag?post=11802"}],"curies":[{"name":"wp","href":"https:\/\/api.w.org\/{rel}","templated":true}]}}