{"id":11804,"date":"2026-01-05T07:45:26","date_gmt":"2026-01-05T07:45:26","guid":{"rendered":"https:\/\/ykmtest.com\/?post_type=product&#038;p=11804"},"modified":"2026-01-05T07:45:27","modified_gmt":"2026-01-05T07:45:27","slug":"marsh-funnel-viscometer","status":"publish","type":"product","link":"https:\/\/ykmtest.com\/french\/produit\/marsh-funnel-viscometer\/","title":{"rendered":"Viscom\u00e8tre \u00e0 entonnoir Marsh"},"content":{"rendered":"<p>Le viscosim\u00e8tre \u00e0 entonnoir Marsh est un entonnoir de mesure professionnel con\u00e7u pour une \u00e9valuation rapide et reproductible de la viscosit\u00e9 des coulis \u00e0 base de ciment, des boues d'am\u00e9lioration des sols et des fluides de forage par le temps d'efflux. Le corps en acier inoxydable poli (ou en polym\u00e8re r\u00e9sistant), l'orifice calibr\u00e9 \u00e0 g\u00e9om\u00e9trie standard (\u22483\/16 in \u2248 4,7 mm) et la valve \u00e9tanche maintiennent un \u00e9coulement laminaire. Un support rigide \u00e0 trois pieds avec une fiole de niveau \u00e0 bulle assure une mise \u00e0 niveau pr\u00e9cise dans chaque configuration. L'entonnoir de grande capacit\u00e9, avec des marques de remplissage claires indiquant le niveau de d\u00e9part, acc\u00e9l\u00e8re la pr\u00e9paration des \u00e9chantillons. Un r\u00e9cipient de r\u00e9ception de 946 ml (1 qt), associ\u00e9 \u00e0 un chronom\u00e8tre num\u00e9rique ou analogique \u00e0 haute r\u00e9solution, minimise la d\u00e9pendance de l'op\u00e9rateur. La l\u00e8vre anti-goutte, la commande d'ouverture\/fermeture rapide et les joints \u00e0 faible friction r\u00e9duisent les d\u00e9lais de d\u00e9marrage et les erreurs de fuite. Les surfaces internes lisses et les orifices et vannes amovibles sans outil r\u00e9duisent le temps de nettoyage, tandis que les mat\u00e9riaux r\u00e9sistants \u00e0 la corrosion garantissent une longue dur\u00e9e de vie dans les liants alcalins et les conditions d'utilisation sur le terrain. Les accessoires optionnels comprennent un adaptateur \u00e0 maille fine, un thermom\u00e8tre de v\u00e9rification de la temp\u00e9rature et une mallette de transport pour am\u00e9liorer l'efficacit\u00e9 des programmes intensifs en laboratoire ou sur le terrain. La conception de l'appareil est conforme aux attentes internationales en mati\u00e8re de d\u00e9termination du d\u00e9bit par la m\u00e9thode de l'entonnoir. Il offre une pr\u00e9cision dimensionnelle et un d\u00e9bit reproductible pour les proc\u00e9dures courantes d'entonnoir Marsh dans le forage et le creusement de tunnels (par exemple, le temps d'efflux de 1 quart de type API) et les boues de construction \u00e0 base d'argile. Par cons\u00e9quent, les comparaisons de la conception des m\u00e9langes, le contr\u00f4le de la qualit\u00e9 de la production et les essais d'acceptation sur le terrain donnent des r\u00e9sultats conformes aux normes, comparables et pouvant faire l'objet d'un rapport. Le corps durable, les m\u00e9canismes de mise \u00e0 niveau et de synchronisation faciles \u00e0 utiliser et les faibles besoins de maintenance font du viscosim\u00e8tre \u00e0 entonnoir Marsh une solution rapide, \u00e9conomique et fiable pour le contr\u00f4le de la viscosit\u00e9 des coulis et des boues.<\/p>","protected":false},"excerpt":{"rendered":"<p>Le viscosim\u00e8tre \u00e0 entonnoir Marsh est un appareil durable, facile \u00e0 utiliser et conforme aux normes, con\u00e7u pour fournir des mesures rapides, r\u00e9p\u00e9tables et pr\u00e9cises de la viscosit\u00e9 des coulis, des boues et des fluides de forage gr\u00e2ce \u00e0 des tests de temps d'efflux coh\u00e9rents.<\/p>","protected":false},"featured_media":0,"template":"","meta":{"_acf_changed":false},"product_brand":[],"product_cat":[159,171],"product_tag":[],"class_list":{"0":"post-11804","1":"product","2":"type-product","3":"status-publish","5":"product_cat-cement-mortar","6":"product_cat-mud-flow-and-density","9":"instock","10":"shipping-taxable","11":"product-type-simple"},"acf":[],"yoast_head":"<!-- This site is optimized with the Yoast SEO Premium plugin v26.5 (Yoast SEO v27.5) - https:\/\/yoast.com\/product\/yoast-seo-premium-wordpress\/ -->\n<title>Marsh Funnel Viscometer - YKM TEST<\/title>\n<meta name=\"description\" content=\"Durable Marsh Funnel Viscometer designed for fast and repeatable viscosity testing of grouts, slurries, and drilling fluids by efflux time.\" \/>\n<meta name=\"robots\" content=\"index, follow, max-snippet:-1, max-image-preview:large, max-video-preview:-1\" \/>\n<link rel=\"canonical\" href=\"https:\/\/darkorchid-cheetah-525435.hostingersite.com\/product\/marsh-funnel-viscometer\/\" \/>\n<meta property=\"og:locale\" content=\"fr_FR\" \/>\n<meta property=\"og:type\" content=\"article\" \/>\n<meta property=\"og:title\" content=\"Marsh Funnel Viscometer\" \/>\n<meta property=\"og:description\" content=\"Durable Marsh Funnel Viscometer designed for fast and repeatable viscosity testing of grouts, slurries, and drilling fluids by efflux time.\" \/>\n<meta property=\"og:url\" content=\"https:\/\/darkorchid-cheetah-525435.hostingersite.com\/product\/marsh-funnel-viscometer\/\" \/>\n<meta property=\"og:site_name\" content=\"YKM TEST\" \/>\n<meta property=\"article:modified_time\" content=\"2026-01-05T07:45:27+00:00\" \/>\n<meta name=\"twitter:card\" content=\"summary_large_image\" \/>\n<meta name=\"twitter:label1\" content=\"Prix\" \/>\n\t<meta name=\"twitter:data1\" content=\"\" \/>\n\t<meta name=\"twitter:label2\" content=\"Disponibilit\u00e9\" \/>\n\t<meta name=\"twitter:data2\" content=\"En stock\" \/>\n<script type=\"application\/ld+json\" class=\"yoast-schema-graph\">{\"@context\":\"https:\\\/\\\/schema.org\",\"@graph\":[{\"@type\":\"WebPage\",\"@id\":\"https:\\\/\\\/darkorchid-cheetah-525435.hostingersite.com\\\/product\\\/marsh-funnel-viscometer\\\/\",\"url\":\"https:\\\/\\\/darkorchid-cheetah-525435.hostingersite.com\\\/product\\\/marsh-funnel-viscometer\\\/\",\"name\":\"Marsh Funnel Viscometer - YKM TEST\",\"isPartOf\":{\"@id\":\"https:\\\/\\\/darkorchid-cheetah-525435.hostingersite.com\\\/#website\"},\"datePublished\":\"2026-01-05T07:45:26+00:00\",\"dateModified\":\"2026-01-05T07:45:27+00:00\",\"description\":\"Durable Marsh Funnel Viscometer designed for fast and repeatable viscosity testing of grouts, slurries, and drilling fluids by efflux time.\",\"breadcrumb\":{\"@id\":\"https:\\\/\\\/darkorchid-cheetah-525435.hostingersite.com\\\/product\\\/marsh-funnel-viscometer\\\/#breadcrumb\"},\"inLanguage\":\"fr-FR\",\"potentialAction\":[{\"@type\":\"ReadAction\",\"target\":[\"https:\\\/\\\/darkorchid-cheetah-525435.hostingersite.com\\\/product\\\/marsh-funnel-viscometer\\\/\"]}]},{\"@type\":\"BreadcrumbList\",\"@id\":\"https:\\\/\\\/darkorchid-cheetah-525435.hostingersite.com\\\/product\\\/marsh-funnel-viscometer\\\/#breadcrumb\",\"itemListElement\":[{\"@type\":\"ListItem\",\"position\":1,\"name\":\"Home\",\"item\":\"https:\\\/\\\/darkorchid-cheetah-525435.hostingersite.com\\\/\"},{\"@type\":\"ListItem\",\"position\":2,\"name\":\"\u0422\u043e\u0432\u0430\u0440\u044b\",\"item\":\"https:\\\/\\\/ykmtest.com\\\/ru\\\/shop\\\/\"},{\"@type\":\"ListItem\",\"position\":3,\"name\":\"Marsh Funnel Viscometer\"}]},{\"@type\":\"WebSite\",\"@id\":\"https:\\\/\\\/darkorchid-cheetah-525435.hostingersite.com\\\/#website\",\"url\":\"https:\\\/\\\/darkorchid-cheetah-525435.hostingersite.com\\\/\",\"name\":\"YKM TEST\",\"description\":\"\",\"publisher\":{\"@id\":\"https:\\\/\\\/darkorchid-cheetah-525435.hostingersite.com\\\/#organization\"},\"potentialAction\":[{\"@type\":\"SearchAction\",\"target\":{\"@type\":\"EntryPoint\",\"urlTemplate\":\"https:\\\/\\\/darkorchid-cheetah-525435.hostingersite.com\\\/?s={search_term_string}\"},\"query-input\":{\"@type\":\"PropertyValueSpecification\",\"valueRequired\":true,\"valueName\":\"search_term_string\"}}],\"inLanguage\":\"fr-FR\"},{\"@type\":[\"Organization\",\"Place\"],\"@id\":\"https:\\\/\\\/darkorchid-cheetah-525435.hostingersite.com\\\/#organization\",\"name\":\"YKM TEST\",\"url\":\"https:\\\/\\\/darkorchid-cheetah-525435.hostingersite.com\\\/\",\"logo\":{\"@id\":\"https:\\\/\\\/darkorchid-cheetah-525435.hostingersite.com\\\/product\\\/marsh-funnel-viscometer\\\/#local-main-organization-logo\"},\"image\":{\"@id\":\"https:\\\/\\\/darkorchid-cheetah-525435.hostingersite.com\\\/product\\\/marsh-funnel-viscometer\\\/#local-main-organization-logo\"},\"telephone\":[],\"openingHoursSpecification\":[{\"@type\":\"OpeningHoursSpecification\",\"dayOfWeek\":[\"Monday\",\"Tuesday\",\"Wednesday\",\"Thursday\",\"Friday\",\"Saturday\",\"Sunday\"],\"opens\":\"09:00\",\"closes\":\"17:00\"}]},{\"@type\":\"ImageObject\",\"inLanguage\":\"fr-FR\",\"@id\":\"https:\\\/\\\/darkorchid-cheetah-525435.hostingersite.com\\\/product\\\/marsh-funnel-viscometer\\\/#local-main-organization-logo\",\"url\":\"https:\\\/\\\/ykmtest.com\\\/wp-content\\\/uploads\\\/2025\\\/10\\\/Asset-2@2x-8.png\",\"contentUrl\":\"https:\\\/\\\/ykmtest.com\\\/wp-content\\\/uploads\\\/2025\\\/10\\\/Asset-2@2x-8.png\",\"width\":1550,\"height\":323,\"caption\":\"YKM TEST\"}]}<\/script>\n<meta property=\"product:price:currency\" content=\"USD\" \/>\n<meta property=\"og:availability\" content=\"instock\" \/>\n<meta property=\"product:availability\" content=\"instock\" \/>\n<meta property=\"product:condition\" content=\"new\" \/>\n<!-- \/ Yoast SEO Premium plugin. -->","yoast_head_json":{"title":"Marsh Funnel Viscometer - YKM TEST","description":"Durable Marsh Funnel Viscometer designed for fast and repeatable viscosity testing of grouts, slurries, and drilling fluids by efflux time.","robots":{"index":"index","follow":"follow","max-snippet":"max-snippet:-1","max-image-preview":"max-image-preview:large","max-video-preview":"max-video-preview:-1"},"canonical":"https:\/\/darkorchid-cheetah-525435.hostingersite.com\/product\/marsh-funnel-viscometer\/","og_locale":"fr_FR","og_type":"article","og_title":"Marsh Funnel Viscometer","og_description":"Durable Marsh Funnel Viscometer designed for fast and repeatable viscosity testing of grouts, slurries, and drilling fluids by efflux time.","og_url":"https:\/\/darkorchid-cheetah-525435.hostingersite.com\/product\/marsh-funnel-viscometer\/","og_site_name":"YKM TEST","article_modified_time":"2026-01-05T07:45:27+00:00","twitter_card":"summary_large_image","twitter_misc":{"Prix":"","Disponibilit\u00e9":"En stock"},"schema":{"@context":"https:\/\/schema.org","@graph":[{"@type":"WebPage","@id":"https:\/\/darkorchid-cheetah-525435.hostingersite.com\/product\/marsh-funnel-viscometer\/","url":"https:\/\/darkorchid-cheetah-525435.hostingersite.com\/product\/marsh-funnel-viscometer\/","name":"Marsh Funnel Viscometer - YKM TEST","isPartOf":{"@id":"https:\/\/darkorchid-cheetah-525435.hostingersite.com\/#website"},"datePublished":"2026-01-05T07:45:26+00:00","dateModified":"2026-01-05T07:45:27+00:00","description":"Durable Marsh Funnel Viscometer designed for fast and repeatable viscosity testing of grouts, slurries, and drilling fluids by efflux time.","breadcrumb":{"@id":"https:\/\/darkorchid-cheetah-525435.hostingersite.com\/product\/marsh-funnel-viscometer\/#breadcrumb"},"inLanguage":"fr-FR","potentialAction":[{"@type":"ReadAction","target":["https:\/\/darkorchid-cheetah-525435.hostingersite.com\/product\/marsh-funnel-viscometer\/"]}]},{"@type":"BreadcrumbList","@id":"https:\/\/darkorchid-cheetah-525435.hostingersite.com\/product\/marsh-funnel-viscometer\/#breadcrumb","itemListElement":[{"@type":"ListItem","position":1,"name":"Home","item":"https:\/\/darkorchid-cheetah-525435.hostingersite.com\/"},{"@type":"ListItem","position":2,"name":"\u0422\u043e\u0432\u0430\u0440\u044b","item":"https:\/\/ykmtest.com\/ru\/shop\/"},{"@type":"ListItem","position":3,"name":"Marsh Funnel Viscometer"}]},{"@type":"WebSite","@id":"https:\/\/darkorchid-cheetah-525435.hostingersite.com\/#website","url":"https:\/\/darkorchid-cheetah-525435.hostingersite.com\/","name":"TEST YKM","description":"","publisher":{"@id":"https:\/\/darkorchid-cheetah-525435.hostingersite.com\/#organization"},"potentialAction":[{"@type":"SearchAction","target":{"@type":"EntryPoint","urlTemplate":"https:\/\/darkorchid-cheetah-525435.hostingersite.com\/?s={search_term_string}"},"query-input":{"@type":"PropertyValueSpecification","valueRequired":true,"valueName":"search_term_string"}}],"inLanguage":"fr-FR"},{"@type":["Organization","Place"],"@id":"https:\/\/darkorchid-cheetah-525435.hostingersite.com\/#organization","name":"TEST YKM","url":"https:\/\/darkorchid-cheetah-525435.hostingersite.com\/","logo":{"@id":"https:\/\/darkorchid-cheetah-525435.hostingersite.com\/product\/marsh-funnel-viscometer\/#local-main-organization-logo"},"image":{"@id":"https:\/\/darkorchid-cheetah-525435.hostingersite.com\/product\/marsh-funnel-viscometer\/#local-main-organization-logo"},"telephone":[],"openingHoursSpecification":[{"@type":"OpeningHoursSpecification","dayOfWeek":["Monday","Tuesday","Wednesday","Thursday","Friday","Saturday","Sunday"],"opens":"09:00","closes":"17:00"}]},{"@type":"ImageObject","inLanguage":"fr-FR","@id":"https:\/\/darkorchid-cheetah-525435.hostingersite.com\/product\/marsh-funnel-viscometer\/#local-main-organization-logo","url":"https:\/\/ykmtest.com\/wp-content\/uploads\/2025\/10\/Asset-2@2x-8.png","contentUrl":"https:\/\/ykmtest.com\/wp-content\/uploads\/2025\/10\/Asset-2@2x-8.png","width":1550,"height":323,"caption":"YKM TEST"}]},"product_price_currency":"USD","og_availability":"instock","product_availability":"instock","product_condition":"new"},"_links":{"self":[{"href":"https:\/\/ykmtest.com\/french\/wp-json\/wp\/v2\/product\/11804","targetHints":{"allow":["GET"]}}],"collection":[{"href":"https:\/\/ykmtest.com\/french\/wp-json\/wp\/v2\/product"}],"about":[{"href":"https:\/\/ykmtest.com\/french\/wp-json\/wp\/v2\/types\/product"}],"version-history":[{"count":1,"href":"https:\/\/ykmtest.com\/french\/wp-json\/wp\/v2\/product\/11804\/revisions"}],"predecessor-version":[{"id":11805,"href":"https:\/\/ykmtest.com\/french\/wp-json\/wp\/v2\/product\/11804\/revisions\/11805"}],"wp:attachment":[{"href":"https:\/\/ykmtest.com\/french\/wp-json\/wp\/v2\/media?parent=11804"}],"wp:term":[{"taxonomy":"product_brand","embeddable":true,"href":"https:\/\/ykmtest.com\/french\/wp-json\/wp\/v2\/product_brand?post=11804"},{"taxonomy":"product_cat","embeddable":true,"href":"https:\/\/ykmtest.com\/french\/wp-json\/wp\/v2\/product_cat?post=11804"},{"taxonomy":"product_tag","embeddable":true,"href":"https:\/\/ykmtest.com\/french\/wp-json\/wp\/v2\/product_tag?post=11804"}],"curies":[{"name":"wp","href":"https:\/\/api.w.org\/{rel}","templated":true}]}}