{"id":6601,"date":"2025-10-08T16:19:38","date_gmt":"2025-10-08T16:19:38","guid":{"rendered":"https:\/\/ykmtest.com\/?post_type=product&#038;p=6601"},"modified":"2025-10-12T09:33:37","modified_gmt":"2025-10-12T09:33:37","slug":"asphalt-rotating-thin-film-oven","status":"publish","type":"product","link":"https:\/\/ykmtest.com\/french\/produit\/asphalt-rotating-thin-film-oven\/","title":{"rendered":"Four rotatif \u00e0 film mince pour asphalte"},"content":{"rendered":"","protected":false},"excerpt":{"rendered":"<p>L'appareil est con\u00e7u pour \u00e9tudier les effets de l'air et de la chaleur sur les mat\u00e9riaux bitumineux semi-solides. La chambre int\u00e9rieure est enti\u00e8rement en acier inoxydable, l'isolation entre le cadre ext\u00e9rieur et la chambre \u00e9tant r\u00e9alis\u00e9e \u00e0 l'aide d'un mat\u00e9riau sp\u00e9cial. La plaque tourne \u00e0 une vitesse de 15 \u00b1 0,2 tr\/min. Le four n\u00e9cessite un compresseur d'air ou une pompe \u00e0 membrane pour fonctionner. Il est \u00e9quip\u00e9 d'un thermostat num\u00e9rique pour maintenir une temp\u00e9rature constante de 163\u00b0C, d'un thermom\u00e8tre de contr\u00f4le ASTM 13C, d'un syst\u00e8me de ventilation et de huit r\u00e9cipients en verre de 64 x 140 mm. En outre, le four est \u00e9quip\u00e9 d'un double thermostat de s\u00e9curit\u00e9 pour \u00e9viter la surchauffe.<\/p>","protected":false},"featured_media":0,"template":"","meta":{"_acf_changed":false},"product_brand":[],"product_cat":[211],"product_tag":[],"class_list":{"0":"post-6601","1":"product","2":"type-product","3":"status-publish","5":"product_cat-asphalt-bitumen","8":"instock","9":"shipping-taxable","10":"product-type-simple"},"acf":[],"yoast_head":"<!-- This site is optimized with the Yoast SEO Premium plugin v26.5 (Yoast SEO v27.5) - https:\/\/yoast.com\/product\/yoast-seo-premium-wordpress\/ -->\n<title>Asphalt Rotating Thin-Film Oven - YKM TEST<\/title>\n<meta name=\"robots\" content=\"index, follow, max-snippet:-1, max-image-preview:large, max-video-preview:-1\" \/>\n<link rel=\"canonical\" href=\"https:\/\/ykmtest.com\/french\/produit\/asphalt-rotating-thin-film-oven\/\" \/>\n<meta property=\"og:locale\" content=\"fr_FR\" \/>\n<meta property=\"og:type\" content=\"article\" \/>\n<meta property=\"og:title\" content=\"Asphalt Rotating Thin-Film Oven\" \/>\n<meta property=\"og:description\" content=\"The device is designed to study the effects of air and heat on semi-solid asphalt materials. The internal chamber is made entirely of stainless steel, with insulation between the external frame and the chamber using a special material. The plate rotates at a speed of 15 \u00b1 0.2 rpm. The oven requires an air compressor or diaphragm pump for operation. It is equipped with a digital thermostat to maintain a constant temperature of 163\u00b0C, an ASTM 13C control thermometer, a ventilation system, and eight glass containers measuring 64 x 140 mm. Additionally, the oven includes a dual safety thermostat to prevent overheating.\" \/>\n<meta property=\"og:url\" content=\"https:\/\/ykmtest.com\/french\/produit\/asphalt-rotating-thin-film-oven\/\" \/>\n<meta property=\"og:site_name\" content=\"YKM TEST\" \/>\n<meta property=\"article:modified_time\" content=\"2025-10-12T09:33:37+00:00\" \/>\n<meta name=\"twitter:card\" content=\"summary_large_image\" \/>\n<meta name=\"twitter:label1\" content=\"Prix\" \/>\n\t<meta name=\"twitter:data1\" content=\"\" \/>\n\t<meta name=\"twitter:label2\" content=\"Disponibilit\u00e9\" \/>\n\t<meta name=\"twitter:data2\" content=\"En stock\" \/>\n<script type=\"application\/ld+json\" class=\"yoast-schema-graph\">{\"@context\":\"https:\\\/\\\/schema.org\",\"@graph\":[{\"@type\":\"WebPage\",\"@id\":\"https:\\\/\\\/ykmtest.com\\\/product\\\/asphalt-rotating-thin-film-oven\\\/\",\"url\":\"https:\\\/\\\/ykmtest.com\\\/product\\\/asphalt-rotating-thin-film-oven\\\/\",\"name\":\"Asphalt Rotating Thin-Film Oven - YKM TEST\",\"isPartOf\":{\"@id\":\"https:\\\/\\\/darkorchid-cheetah-525435.hostingersite.com\\\/#website\"},\"datePublished\":\"2025-10-08T16:19:38+00:00\",\"dateModified\":\"2025-10-12T09:33:37+00:00\",\"breadcrumb\":{\"@id\":\"https:\\\/\\\/ykmtest.com\\\/product\\\/asphalt-rotating-thin-film-oven\\\/#breadcrumb\"},\"inLanguage\":\"fr-FR\",\"potentialAction\":[{\"@type\":\"ReadAction\",\"target\":[\"https:\\\/\\\/ykmtest.com\\\/product\\\/asphalt-rotating-thin-film-oven\\\/\"]}]},{\"@type\":\"BreadcrumbList\",\"@id\":\"https:\\\/\\\/ykmtest.com\\\/product\\\/asphalt-rotating-thin-film-oven\\\/#breadcrumb\",\"itemListElement\":[{\"@type\":\"ListItem\",\"position\":1,\"name\":\"Home\",\"item\":\"https:\\\/\\\/darkorchid-cheetah-525435.hostingersite.com\\\/\"},{\"@type\":\"ListItem\",\"position\":2,\"name\":\"\u0422\u043e\u0432\u0430\u0440\u044b\",\"item\":\"https:\\\/\\\/ykmtest.com\\\/ru\\\/shop\\\/\"},{\"@type\":\"ListItem\",\"position\":3,\"name\":\"Asphalt Rotating Thin-Film Oven\"}]},{\"@type\":\"WebSite\",\"@id\":\"https:\\\/\\\/darkorchid-cheetah-525435.hostingersite.com\\\/#website\",\"url\":\"https:\\\/\\\/darkorchid-cheetah-525435.hostingersite.com\\\/\",\"name\":\"YKM TEST\",\"description\":\"\",\"publisher\":{\"@id\":\"https:\\\/\\\/darkorchid-cheetah-525435.hostingersite.com\\\/#organization\"},\"potentialAction\":[{\"@type\":\"SearchAction\",\"target\":{\"@type\":\"EntryPoint\",\"urlTemplate\":\"https:\\\/\\\/darkorchid-cheetah-525435.hostingersite.com\\\/?s={search_term_string}\"},\"query-input\":{\"@type\":\"PropertyValueSpecification\",\"valueRequired\":true,\"valueName\":\"search_term_string\"}}],\"inLanguage\":\"fr-FR\"},{\"@type\":[\"Organization\",\"Place\"],\"@id\":\"https:\\\/\\\/darkorchid-cheetah-525435.hostingersite.com\\\/#organization\",\"name\":\"YKM TEST\",\"url\":\"https:\\\/\\\/darkorchid-cheetah-525435.hostingersite.com\\\/\",\"logo\":{\"@id\":\"https:\\\/\\\/ykmtest.com\\\/product\\\/asphalt-rotating-thin-film-oven\\\/#local-main-organization-logo\"},\"image\":{\"@id\":\"https:\\\/\\\/ykmtest.com\\\/product\\\/asphalt-rotating-thin-film-oven\\\/#local-main-organization-logo\"},\"telephone\":[],\"openingHoursSpecification\":[{\"@type\":\"OpeningHoursSpecification\",\"dayOfWeek\":[\"Monday\",\"Tuesday\",\"Wednesday\",\"Thursday\",\"Friday\",\"Saturday\",\"Sunday\"],\"opens\":\"09:00\",\"closes\":\"17:00\"}]},{\"@type\":\"ImageObject\",\"inLanguage\":\"fr-FR\",\"@id\":\"https:\\\/\\\/ykmtest.com\\\/product\\\/asphalt-rotating-thin-film-oven\\\/#local-main-organization-logo\",\"url\":\"https:\\\/\\\/ykmtest.com\\\/wp-content\\\/uploads\\\/2025\\\/10\\\/Asset-2@2x-8.png\",\"contentUrl\":\"https:\\\/\\\/ykmtest.com\\\/wp-content\\\/uploads\\\/2025\\\/10\\\/Asset-2@2x-8.png\",\"width\":1550,\"height\":323,\"caption\":\"YKM TEST\"}]}<\/script>\n<meta property=\"product:price:currency\" content=\"USD\" \/>\n<meta property=\"og:availability\" content=\"instock\" \/>\n<meta property=\"product:availability\" content=\"instock\" \/>\n<meta property=\"product:condition\" content=\"new\" \/>\n<!-- \/ Yoast SEO Premium plugin. -->","yoast_head_json":{"title":"Asphalt Rotating Thin-Film Oven - YKM TEST","robots":{"index":"index","follow":"follow","max-snippet":"max-snippet:-1","max-image-preview":"max-image-preview:large","max-video-preview":"max-video-preview:-1"},"canonical":"https:\/\/ykmtest.com\/french\/produit\/asphalt-rotating-thin-film-oven\/","og_locale":"fr_FR","og_type":"article","og_title":"Asphalt Rotating Thin-Film Oven","og_description":"The device is designed to study the effects of air and heat on semi-solid asphalt materials. The internal chamber is made entirely of stainless steel, with insulation between the external frame and the chamber using a special material. The plate rotates at a speed of 15 \u00b1 0.2 rpm. The oven requires an air compressor or diaphragm pump for operation. It is equipped with a digital thermostat to maintain a constant temperature of 163\u00b0C, an ASTM 13C control thermometer, a ventilation system, and eight glass containers measuring 64 x 140 mm. Additionally, the oven includes a dual safety thermostat to prevent overheating.","og_url":"https:\/\/ykmtest.com\/french\/produit\/asphalt-rotating-thin-film-oven\/","og_site_name":"YKM TEST","article_modified_time":"2025-10-12T09:33:37+00:00","twitter_card":"summary_large_image","twitter_misc":{"Prix":"","Disponibilit\u00e9":"En stock"},"schema":{"@context":"https:\/\/schema.org","@graph":[{"@type":"WebPage","@id":"https:\/\/ykmtest.com\/product\/asphalt-rotating-thin-film-oven\/","url":"https:\/\/ykmtest.com\/product\/asphalt-rotating-thin-film-oven\/","name":"Asphalt Rotating Thin-Film Oven - YKM TEST","isPartOf":{"@id":"https:\/\/darkorchid-cheetah-525435.hostingersite.com\/#website"},"datePublished":"2025-10-08T16:19:38+00:00","dateModified":"2025-10-12T09:33:37+00:00","breadcrumb":{"@id":"https:\/\/ykmtest.com\/product\/asphalt-rotating-thin-film-oven\/#breadcrumb"},"inLanguage":"fr-FR","potentialAction":[{"@type":"ReadAction","target":["https:\/\/ykmtest.com\/product\/asphalt-rotating-thin-film-oven\/"]}]},{"@type":"BreadcrumbList","@id":"https:\/\/ykmtest.com\/product\/asphalt-rotating-thin-film-oven\/#breadcrumb","itemListElement":[{"@type":"ListItem","position":1,"name":"Home","item":"https:\/\/darkorchid-cheetah-525435.hostingersite.com\/"},{"@type":"ListItem","position":2,"name":"\u0422\u043e\u0432\u0430\u0440\u044b","item":"https:\/\/ykmtest.com\/ru\/shop\/"},{"@type":"ListItem","position":3,"name":"Asphalt Rotating Thin-Film Oven"}]},{"@type":"WebSite","@id":"https:\/\/darkorchid-cheetah-525435.hostingersite.com\/#website","url":"https:\/\/darkorchid-cheetah-525435.hostingersite.com\/","name":"TEST YKM","description":"","publisher":{"@id":"https:\/\/darkorchid-cheetah-525435.hostingersite.com\/#organization"},"potentialAction":[{"@type":"SearchAction","target":{"@type":"EntryPoint","urlTemplate":"https:\/\/darkorchid-cheetah-525435.hostingersite.com\/?s={search_term_string}"},"query-input":{"@type":"PropertyValueSpecification","valueRequired":true,"valueName":"search_term_string"}}],"inLanguage":"fr-FR"},{"@type":["Organization","Place"],"@id":"https:\/\/darkorchid-cheetah-525435.hostingersite.com\/#organization","name":"TEST YKM","url":"https:\/\/darkorchid-cheetah-525435.hostingersite.com\/","logo":{"@id":"https:\/\/ykmtest.com\/product\/asphalt-rotating-thin-film-oven\/#local-main-organization-logo"},"image":{"@id":"https:\/\/ykmtest.com\/product\/asphalt-rotating-thin-film-oven\/#local-main-organization-logo"},"telephone":[],"openingHoursSpecification":[{"@type":"OpeningHoursSpecification","dayOfWeek":["Monday","Tuesday","Wednesday","Thursday","Friday","Saturday","Sunday"],"opens":"09:00","closes":"17:00"}]},{"@type":"ImageObject","inLanguage":"fr-FR","@id":"https:\/\/ykmtest.com\/product\/asphalt-rotating-thin-film-oven\/#local-main-organization-logo","url":"https:\/\/ykmtest.com\/wp-content\/uploads\/2025\/10\/Asset-2@2x-8.png","contentUrl":"https:\/\/ykmtest.com\/wp-content\/uploads\/2025\/10\/Asset-2@2x-8.png","width":1550,"height":323,"caption":"YKM TEST"}]},"product_price_currency":"USD","og_availability":"instock","product_availability":"instock","product_condition":"new"},"_links":{"self":[{"href":"https:\/\/ykmtest.com\/french\/wp-json\/wp\/v2\/product\/6601","targetHints":{"allow":["GET"]}}],"collection":[{"href":"https:\/\/ykmtest.com\/french\/wp-json\/wp\/v2\/product"}],"about":[{"href":"https:\/\/ykmtest.com\/french\/wp-json\/wp\/v2\/types\/product"}],"version-history":[{"count":0,"href":"https:\/\/ykmtest.com\/french\/wp-json\/wp\/v2\/product\/6601\/revisions"}],"wp:attachment":[{"href":"https:\/\/ykmtest.com\/french\/wp-json\/wp\/v2\/media?parent=6601"}],"wp:term":[{"taxonomy":"product_brand","embeddable":true,"href":"https:\/\/ykmtest.com\/french\/wp-json\/wp\/v2\/product_brand?post=6601"},{"taxonomy":"product_cat","embeddable":true,"href":"https:\/\/ykmtest.com\/french\/wp-json\/wp\/v2\/product_cat?post=6601"},{"taxonomy":"product_tag","embeddable":true,"href":"https:\/\/ykmtest.com\/french\/wp-json\/wp\/v2\/product_tag?post=6601"}],"curies":[{"name":"wp","href":"https:\/\/api.w.org\/{rel}","templated":true}]}}