{"id":6605,"date":"2025-10-08T16:23:39","date_gmt":"2025-10-08T16:23:39","guid":{"rendered":"https:\/\/ykmtest.com\/?post_type=product&#038;p=6605"},"modified":"2025-10-12T09:33:17","modified_gmt":"2025-10-12T09:33:17","slug":"automatic-ring-ball-apparatus","status":"publish","type":"product","link":"https:\/\/ykmtest.com\/french\/produit\/automatic-ring-ball-apparatus\/","title":{"rendered":"Appareil automatique \u00e0 boules annulaires"},"content":{"rendered":"","protected":false},"excerpt":{"rendered":"<p>L'appareil automatique \u00e0 billes annulaires est un dispositif d'essai avanc\u00e9 dot\u00e9 d'une technologie num\u00e9rique \u00e0 microprocesseur, con\u00e7u pour d\u00e9terminer automatiquement le point de ramollissement de l'asphalte et de la poix. Deux capteurs laser d\u00e9tectent la chute des billes pour d\u00e9terminer avec pr\u00e9cision le point de ramollissement. La temp\u00e9rature du bain est contr\u00f4l\u00e9e par un syst\u00e8me \u00e9lectronique qui assure une augmentation de temp\u00e9rature de 5\u00b0C par minute, conform\u00e9ment aux normes. En outre, un agitateur magn\u00e9tique \u00e0 vitesse \u00e9lectronique r\u00e9glable de 0 \u00e0 160 tr\/min assure une distribution uniforme de la temp\u00e9rature dans le bain pendant l'essai.<\/p>","protected":false},"featured_media":0,"template":"","meta":{"_acf_changed":false},"product_brand":[],"product_cat":[211],"product_tag":[],"class_list":{"0":"post-6605","1":"product","2":"type-product","3":"status-publish","5":"product_cat-asphalt-bitumen","8":"instock","9":"shipping-taxable","10":"product-type-simple"},"acf":[],"yoast_head":"<!-- This site is optimized with the Yoast SEO Premium plugin v26.5 (Yoast SEO v27.5) - https:\/\/yoast.com\/product\/yoast-seo-premium-wordpress\/ -->\n<title>Automatic Ring Ball Apparatus - YKM TEST<\/title>\n<meta name=\"robots\" content=\"index, follow, max-snippet:-1, max-image-preview:large, max-video-preview:-1\" \/>\n<link rel=\"canonical\" href=\"https:\/\/ykmtest.com\/french\/produit\/automatic-ring-ball-apparatus\/\" \/>\n<meta property=\"og:locale\" content=\"fr_FR\" \/>\n<meta property=\"og:type\" content=\"article\" \/>\n<meta property=\"og:title\" content=\"Automatic Ring Ball Apparatus\" \/>\n<meta property=\"og:description\" content=\"The Automatic Ring Ball Apparatus is an advanced testing device featuring digital microprocessor technology, designed to automatically determine the softening point of asphalt and pitch. Two laser sensors detect the drop of the balls to accurately determine the softening point. The bath temperature is controlled by an electronic system that ensures a temperature increase of 5\u00b0C per minute, as specified by standards. Additionally, a magnetic stirrer with adjustable electronic speed ranging from 0 to 160 rpm ensures uniform temperature distribution within the bath during the test.\" \/>\n<meta property=\"og:url\" content=\"https:\/\/ykmtest.com\/french\/produit\/automatic-ring-ball-apparatus\/\" \/>\n<meta property=\"og:site_name\" content=\"YKM TEST\" \/>\n<meta property=\"article:modified_time\" content=\"2025-10-12T09:33:17+00:00\" \/>\n<meta name=\"twitter:card\" content=\"summary_large_image\" \/>\n<meta name=\"twitter:label1\" content=\"Prix\" \/>\n\t<meta name=\"twitter:data1\" content=\"\" \/>\n\t<meta name=\"twitter:label2\" content=\"Disponibilit\u00e9\" \/>\n\t<meta name=\"twitter:data2\" content=\"En stock\" \/>\n<script type=\"application\/ld+json\" class=\"yoast-schema-graph\">{\"@context\":\"https:\\\/\\\/schema.org\",\"@graph\":[{\"@type\":\"WebPage\",\"@id\":\"https:\\\/\\\/ykmtest.com\\\/product\\\/automatic-ring-ball-apparatus\\\/\",\"url\":\"https:\\\/\\\/ykmtest.com\\\/product\\\/automatic-ring-ball-apparatus\\\/\",\"name\":\"Automatic Ring Ball Apparatus - YKM TEST\",\"isPartOf\":{\"@id\":\"https:\\\/\\\/darkorchid-cheetah-525435.hostingersite.com\\\/#website\"},\"datePublished\":\"2025-10-08T16:23:39+00:00\",\"dateModified\":\"2025-10-12T09:33:17+00:00\",\"breadcrumb\":{\"@id\":\"https:\\\/\\\/ykmtest.com\\\/product\\\/automatic-ring-ball-apparatus\\\/#breadcrumb\"},\"inLanguage\":\"fr-FR\",\"potentialAction\":[{\"@type\":\"ReadAction\",\"target\":[\"https:\\\/\\\/ykmtest.com\\\/product\\\/automatic-ring-ball-apparatus\\\/\"]}]},{\"@type\":\"BreadcrumbList\",\"@id\":\"https:\\\/\\\/ykmtest.com\\\/product\\\/automatic-ring-ball-apparatus\\\/#breadcrumb\",\"itemListElement\":[{\"@type\":\"ListItem\",\"position\":1,\"name\":\"Home\",\"item\":\"https:\\\/\\\/darkorchid-cheetah-525435.hostingersite.com\\\/\"},{\"@type\":\"ListItem\",\"position\":2,\"name\":\"\u0422\u043e\u0432\u0430\u0440\u044b\",\"item\":\"https:\\\/\\\/ykmtest.com\\\/ru\\\/shop\\\/\"},{\"@type\":\"ListItem\",\"position\":3,\"name\":\"Automatic Ring Ball Apparatus\"}]},{\"@type\":\"WebSite\",\"@id\":\"https:\\\/\\\/darkorchid-cheetah-525435.hostingersite.com\\\/#website\",\"url\":\"https:\\\/\\\/darkorchid-cheetah-525435.hostingersite.com\\\/\",\"name\":\"YKM TEST\",\"description\":\"\",\"publisher\":{\"@id\":\"https:\\\/\\\/darkorchid-cheetah-525435.hostingersite.com\\\/#organization\"},\"potentialAction\":[{\"@type\":\"SearchAction\",\"target\":{\"@type\":\"EntryPoint\",\"urlTemplate\":\"https:\\\/\\\/darkorchid-cheetah-525435.hostingersite.com\\\/?s={search_term_string}\"},\"query-input\":{\"@type\":\"PropertyValueSpecification\",\"valueRequired\":true,\"valueName\":\"search_term_string\"}}],\"inLanguage\":\"fr-FR\"},{\"@type\":[\"Organization\",\"Place\"],\"@id\":\"https:\\\/\\\/darkorchid-cheetah-525435.hostingersite.com\\\/#organization\",\"name\":\"YKM TEST\",\"url\":\"https:\\\/\\\/darkorchid-cheetah-525435.hostingersite.com\\\/\",\"logo\":{\"@id\":\"https:\\\/\\\/ykmtest.com\\\/product\\\/automatic-ring-ball-apparatus\\\/#local-main-organization-logo\"},\"image\":{\"@id\":\"https:\\\/\\\/ykmtest.com\\\/product\\\/automatic-ring-ball-apparatus\\\/#local-main-organization-logo\"},\"telephone\":[],\"openingHoursSpecification\":[{\"@type\":\"OpeningHoursSpecification\",\"dayOfWeek\":[\"Monday\",\"Tuesday\",\"Wednesday\",\"Thursday\",\"Friday\",\"Saturday\",\"Sunday\"],\"opens\":\"09:00\",\"closes\":\"17:00\"}]},{\"@type\":\"ImageObject\",\"inLanguage\":\"fr-FR\",\"@id\":\"https:\\\/\\\/ykmtest.com\\\/product\\\/automatic-ring-ball-apparatus\\\/#local-main-organization-logo\",\"url\":\"https:\\\/\\\/ykmtest.com\\\/wp-content\\\/uploads\\\/2025\\\/10\\\/Asset-2@2x-8.png\",\"contentUrl\":\"https:\\\/\\\/ykmtest.com\\\/wp-content\\\/uploads\\\/2025\\\/10\\\/Asset-2@2x-8.png\",\"width\":1550,\"height\":323,\"caption\":\"YKM TEST\"}]}<\/script>\n<meta property=\"product:price:currency\" content=\"USD\" \/>\n<meta property=\"og:availability\" content=\"instock\" \/>\n<meta property=\"product:availability\" content=\"instock\" \/>\n<meta property=\"product:condition\" content=\"new\" \/>\n<!-- \/ Yoast SEO Premium plugin. -->","yoast_head_json":{"title":"Automatic Ring Ball Apparatus - YKM TEST","robots":{"index":"index","follow":"follow","max-snippet":"max-snippet:-1","max-image-preview":"max-image-preview:large","max-video-preview":"max-video-preview:-1"},"canonical":"https:\/\/ykmtest.com\/french\/produit\/automatic-ring-ball-apparatus\/","og_locale":"fr_FR","og_type":"article","og_title":"Automatic Ring Ball Apparatus","og_description":"The Automatic Ring Ball Apparatus is an advanced testing device featuring digital microprocessor technology, designed to automatically determine the softening point of asphalt and pitch. Two laser sensors detect the drop of the balls to accurately determine the softening point. The bath temperature is controlled by an electronic system that ensures a temperature increase of 5\u00b0C per minute, as specified by standards. Additionally, a magnetic stirrer with adjustable electronic speed ranging from 0 to 160 rpm ensures uniform temperature distribution within the bath during the test.","og_url":"https:\/\/ykmtest.com\/french\/produit\/automatic-ring-ball-apparatus\/","og_site_name":"YKM TEST","article_modified_time":"2025-10-12T09:33:17+00:00","twitter_card":"summary_large_image","twitter_misc":{"Prix":"","Disponibilit\u00e9":"En stock"},"schema":{"@context":"https:\/\/schema.org","@graph":[{"@type":"WebPage","@id":"https:\/\/ykmtest.com\/product\/automatic-ring-ball-apparatus\/","url":"https:\/\/ykmtest.com\/product\/automatic-ring-ball-apparatus\/","name":"Automatic Ring Ball Apparatus - YKM TEST","isPartOf":{"@id":"https:\/\/darkorchid-cheetah-525435.hostingersite.com\/#website"},"datePublished":"2025-10-08T16:23:39+00:00","dateModified":"2025-10-12T09:33:17+00:00","breadcrumb":{"@id":"https:\/\/ykmtest.com\/product\/automatic-ring-ball-apparatus\/#breadcrumb"},"inLanguage":"fr-FR","potentialAction":[{"@type":"ReadAction","target":["https:\/\/ykmtest.com\/product\/automatic-ring-ball-apparatus\/"]}]},{"@type":"BreadcrumbList","@id":"https:\/\/ykmtest.com\/product\/automatic-ring-ball-apparatus\/#breadcrumb","itemListElement":[{"@type":"ListItem","position":1,"name":"Home","item":"https:\/\/darkorchid-cheetah-525435.hostingersite.com\/"},{"@type":"ListItem","position":2,"name":"\u0422\u043e\u0432\u0430\u0440\u044b","item":"https:\/\/ykmtest.com\/ru\/shop\/"},{"@type":"ListItem","position":3,"name":"Automatic Ring Ball Apparatus"}]},{"@type":"WebSite","@id":"https:\/\/darkorchid-cheetah-525435.hostingersite.com\/#website","url":"https:\/\/darkorchid-cheetah-525435.hostingersite.com\/","name":"TEST YKM","description":"","publisher":{"@id":"https:\/\/darkorchid-cheetah-525435.hostingersite.com\/#organization"},"potentialAction":[{"@type":"SearchAction","target":{"@type":"EntryPoint","urlTemplate":"https:\/\/darkorchid-cheetah-525435.hostingersite.com\/?s={search_term_string}"},"query-input":{"@type":"PropertyValueSpecification","valueRequired":true,"valueName":"search_term_string"}}],"inLanguage":"fr-FR"},{"@type":["Organization","Place"],"@id":"https:\/\/darkorchid-cheetah-525435.hostingersite.com\/#organization","name":"TEST YKM","url":"https:\/\/darkorchid-cheetah-525435.hostingersite.com\/","logo":{"@id":"https:\/\/ykmtest.com\/product\/automatic-ring-ball-apparatus\/#local-main-organization-logo"},"image":{"@id":"https:\/\/ykmtest.com\/product\/automatic-ring-ball-apparatus\/#local-main-organization-logo"},"telephone":[],"openingHoursSpecification":[{"@type":"OpeningHoursSpecification","dayOfWeek":["Monday","Tuesday","Wednesday","Thursday","Friday","Saturday","Sunday"],"opens":"09:00","closes":"17:00"}]},{"@type":"ImageObject","inLanguage":"fr-FR","@id":"https:\/\/ykmtest.com\/product\/automatic-ring-ball-apparatus\/#local-main-organization-logo","url":"https:\/\/ykmtest.com\/wp-content\/uploads\/2025\/10\/Asset-2@2x-8.png","contentUrl":"https:\/\/ykmtest.com\/wp-content\/uploads\/2025\/10\/Asset-2@2x-8.png","width":1550,"height":323,"caption":"YKM TEST"}]},"product_price_currency":"USD","og_availability":"instock","product_availability":"instock","product_condition":"new"},"_links":{"self":[{"href":"https:\/\/ykmtest.com\/french\/wp-json\/wp\/v2\/product\/6605","targetHints":{"allow":["GET"]}}],"collection":[{"href":"https:\/\/ykmtest.com\/french\/wp-json\/wp\/v2\/product"}],"about":[{"href":"https:\/\/ykmtest.com\/french\/wp-json\/wp\/v2\/types\/product"}],"version-history":[{"count":0,"href":"https:\/\/ykmtest.com\/french\/wp-json\/wp\/v2\/product\/6605\/revisions"}],"wp:attachment":[{"href":"https:\/\/ykmtest.com\/french\/wp-json\/wp\/v2\/media?parent=6605"}],"wp:term":[{"taxonomy":"product_brand","embeddable":true,"href":"https:\/\/ykmtest.com\/french\/wp-json\/wp\/v2\/product_brand?post=6605"},{"taxonomy":"product_cat","embeddable":true,"href":"https:\/\/ykmtest.com\/french\/wp-json\/wp\/v2\/product_cat?post=6605"},{"taxonomy":"product_tag","embeddable":true,"href":"https:\/\/ykmtest.com\/french\/wp-json\/wp\/v2\/product_tag?post=6605"}],"curies":[{"name":"wp","href":"https:\/\/api.w.org\/{rel}","templated":true}]}}