{"id":6636,"date":"2025-10-08T18:30:40","date_gmt":"2025-10-08T18:30:40","guid":{"rendered":"https:\/\/ykmtest.com\/?post_type=product&#038;p=6636"},"modified":"2025-10-12T08:49:17","modified_gmt":"2025-10-12T08:49:17","slug":"semi-automatic-digital-penetrometer","status":"publish","type":"product","link":"https:\/\/ykmtest.com\/french\/produit\/semi-automatic-digital-penetrometer\/","title":{"rendered":"P\u00e9n\u00e9trom\u00e8tre num\u00e9rique semi-automatique"},"content":{"rendered":"","protected":false},"excerpt":{"rendered":"<p>Le p\u00e9n\u00e9trom\u00e8tre est utilis\u00e9 pour d\u00e9terminer la consistance d'un \u00e9chantillon bitumineux dans des conditions fixes de charge, de temps et de temp\u00e9rature. L'appareil est \u00e9quip\u00e9 d'une unit\u00e9 de commande magn\u00e9tique et d'une minuterie \u00e9lectronique num\u00e9rique programmable. Ce syst\u00e8me lib\u00e8re automatiquement la t\u00eate du piston et assure la chute libre de l'aiguille pendant les 5 secondes de l'essai. Le p\u00e9n\u00e9trom\u00e8tre standard est \u00e9quip\u00e9 d'une solide table de base en aluminium, de vis de mise \u00e0 niveau, d'une tige verticale rev\u00eatue et d'un dispositif de r\u00e9glage vertical microm\u00e9trique. Le curseur, en laiton, permet une chute libre en douceur. En outre, il comprend un affichage num\u00e9rique avec une r\u00e9solution de 0,01 mm. Le p\u00e9n\u00e9trom\u00e8tre est fourni avec un bouton d'arr\u00eat et de d\u00e9clenchement, une remise \u00e0 z\u00e9ro automatique, un r\u00e9glage microm\u00e9trique, un jeu de poids de 50 g et 100 g, une aiguille de p\u00e9n\u00e9tration et des coupelles d'\u00e9chantillonnage en laiton de 55\u00d735 mm et 70\u00d745 mm de diam\u00e8tre.<\/p>","protected":false},"featured_media":7074,"template":"","meta":{"_acf_changed":false},"product_brand":[],"product_cat":[211],"product_tag":[],"class_list":{"0":"post-6636","1":"product","2":"type-product","3":"status-publish","4":"has-post-thumbnail","6":"product_cat-asphalt-bitumen","9":"instock","10":"shipping-taxable","11":"product-type-simple"},"acf":[],"yoast_head":"<!-- This site is optimized with the Yoast SEO Premium plugin v26.5 (Yoast SEO v27.5) - https:\/\/yoast.com\/product\/yoast-seo-premium-wordpress\/ -->\n<title>Semi Automatic Digital Penetrometer - YKM TEST<\/title>\n<meta name=\"robots\" content=\"index, follow, max-snippet:-1, max-image-preview:large, max-video-preview:-1\" \/>\n<link rel=\"canonical\" href=\"https:\/\/ykmtest.com\/french\/produit\/semi-automatic-digital-penetrometer\/\" \/>\n<meta property=\"og:locale\" content=\"fr_FR\" \/>\n<meta property=\"og:type\" content=\"article\" \/>\n<meta property=\"og:title\" content=\"Semi Automatic Digital Penetrometer\" \/>\n<meta property=\"og:description\" content=\"The penetrometer is used to determine the consistency of a bituminous sample under fixed conditions of load, time, and temperature. The device features a magnetic control unit and an electronic digital programmable timer. This system automatically releases the plunger head and ensures the free fall of the needle during the 5-second test. The standard penetrometer is equipped with a sturdy aluminum base table, leveling screws, a coated vertical rod, and a micrometric vertical adjustment device. The slider, made of brass, allows for smooth free fall. Additionally, it includes a digital display with a resolution of 0.01 mm. The penetrometer is supplied with a stop and release button, automatic reset, micrometer adjustment, a set of 50 g and 100 g weights, a penetration needle, and brass sample cups with diameters of 55x35 mm and 70x45 mm.\" \/>\n<meta property=\"og:url\" content=\"https:\/\/ykmtest.com\/french\/produit\/semi-automatic-digital-penetrometer\/\" \/>\n<meta property=\"og:site_name\" content=\"YKM TEST\" \/>\n<meta property=\"article:modified_time\" content=\"2025-10-12T08:49:17+00:00\" \/>\n<meta property=\"og:image\" content=\"https:\/\/ykmtest.com\/wp-content\/uploads\/2025\/10\/Screenshot_3-2.png\" \/>\n\t<meta property=\"og:image:width\" content=\"1100\" \/>\n\t<meta property=\"og:image:height\" content=\"800\" \/>\n\t<meta property=\"og:image:type\" content=\"image\/png\" \/>\n<meta name=\"twitter:card\" content=\"summary_large_image\" \/>\n<meta name=\"twitter:label1\" content=\"Prix\" \/>\n\t<meta name=\"twitter:data1\" content=\"\" \/>\n\t<meta name=\"twitter:label2\" content=\"Disponibilit\u00e9\" \/>\n\t<meta name=\"twitter:data2\" content=\"En stock\" \/>\n<script type=\"application\/ld+json\" class=\"yoast-schema-graph\">{\"@context\":\"https:\\\/\\\/schema.org\",\"@graph\":[{\"@type\":\"WebPage\",\"@id\":\"https:\\\/\\\/ykmtest.com\\\/product\\\/semi-automatic-digital-penetrometer\\\/\",\"url\":\"https:\\\/\\\/ykmtest.com\\\/product\\\/semi-automatic-digital-penetrometer\\\/\",\"name\":\"Semi Automatic Digital Penetrometer - YKM TEST\",\"isPartOf\":{\"@id\":\"https:\\\/\\\/darkorchid-cheetah-525435.hostingersite.com\\\/#website\"},\"primaryImageOfPage\":{\"@id\":\"https:\\\/\\\/ykmtest.com\\\/product\\\/semi-automatic-digital-penetrometer\\\/#primaryimage\"},\"image\":{\"@id\":\"https:\\\/\\\/ykmtest.com\\\/product\\\/semi-automatic-digital-penetrometer\\\/#primaryimage\"},\"thumbnailUrl\":\"https:\\\/\\\/ykmtest.com\\\/wp-content\\\/uploads\\\/2025\\\/10\\\/Screenshot_3-2.png\",\"datePublished\":\"2025-10-08T18:30:40+00:00\",\"dateModified\":\"2025-10-12T08:49:17+00:00\",\"breadcrumb\":{\"@id\":\"https:\\\/\\\/ykmtest.com\\\/product\\\/semi-automatic-digital-penetrometer\\\/#breadcrumb\"},\"inLanguage\":\"fr-FR\",\"potentialAction\":[{\"@type\":\"ReadAction\",\"target\":[\"https:\\\/\\\/ykmtest.com\\\/product\\\/semi-automatic-digital-penetrometer\\\/\"]}]},{\"@type\":\"ImageObject\",\"inLanguage\":\"fr-FR\",\"@id\":\"https:\\\/\\\/ykmtest.com\\\/product\\\/semi-automatic-digital-penetrometer\\\/#primaryimage\",\"url\":\"https:\\\/\\\/ykmtest.com\\\/wp-content\\\/uploads\\\/2025\\\/10\\\/Screenshot_3-2.png\",\"contentUrl\":\"https:\\\/\\\/ykmtest.com\\\/wp-content\\\/uploads\\\/2025\\\/10\\\/Screenshot_3-2.png\",\"width\":1100,\"height\":800},{\"@type\":\"BreadcrumbList\",\"@id\":\"https:\\\/\\\/ykmtest.com\\\/product\\\/semi-automatic-digital-penetrometer\\\/#breadcrumb\",\"itemListElement\":[{\"@type\":\"ListItem\",\"position\":1,\"name\":\"Home\",\"item\":\"https:\\\/\\\/darkorchid-cheetah-525435.hostingersite.com\\\/\"},{\"@type\":\"ListItem\",\"position\":2,\"name\":\"\u0422\u043e\u0432\u0430\u0440\u044b\",\"item\":\"https:\\\/\\\/ykmtest.com\\\/ru\\\/shop\\\/\"},{\"@type\":\"ListItem\",\"position\":3,\"name\":\"Semi Automatic Digital Penetrometer\"}]},{\"@type\":\"WebSite\",\"@id\":\"https:\\\/\\\/darkorchid-cheetah-525435.hostingersite.com\\\/#website\",\"url\":\"https:\\\/\\\/darkorchid-cheetah-525435.hostingersite.com\\\/\",\"name\":\"YKM TEST\",\"description\":\"\",\"publisher\":{\"@id\":\"https:\\\/\\\/darkorchid-cheetah-525435.hostingersite.com\\\/#organization\"},\"potentialAction\":[{\"@type\":\"SearchAction\",\"target\":{\"@type\":\"EntryPoint\",\"urlTemplate\":\"https:\\\/\\\/darkorchid-cheetah-525435.hostingersite.com\\\/?s={search_term_string}\"},\"query-input\":{\"@type\":\"PropertyValueSpecification\",\"valueRequired\":true,\"valueName\":\"search_term_string\"}}],\"inLanguage\":\"fr-FR\"},{\"@type\":[\"Organization\",\"Place\"],\"@id\":\"https:\\\/\\\/darkorchid-cheetah-525435.hostingersite.com\\\/#organization\",\"name\":\"YKM TEST\",\"url\":\"https:\\\/\\\/darkorchid-cheetah-525435.hostingersite.com\\\/\",\"logo\":{\"@id\":\"https:\\\/\\\/ykmtest.com\\\/product\\\/semi-automatic-digital-penetrometer\\\/#local-main-organization-logo\"},\"image\":{\"@id\":\"https:\\\/\\\/ykmtest.com\\\/product\\\/semi-automatic-digital-penetrometer\\\/#local-main-organization-logo\"},\"telephone\":[],\"openingHoursSpecification\":[{\"@type\":\"OpeningHoursSpecification\",\"dayOfWeek\":[\"Monday\",\"Tuesday\",\"Wednesday\",\"Thursday\",\"Friday\",\"Saturday\",\"Sunday\"],\"opens\":\"09:00\",\"closes\":\"17:00\"}]},{\"@type\":\"ImageObject\",\"inLanguage\":\"fr-FR\",\"@id\":\"https:\\\/\\\/ykmtest.com\\\/product\\\/semi-automatic-digital-penetrometer\\\/#local-main-organization-logo\",\"url\":\"https:\\\/\\\/ykmtest.com\\\/wp-content\\\/uploads\\\/2025\\\/10\\\/Asset-2@2x-8.png\",\"contentUrl\":\"https:\\\/\\\/ykmtest.com\\\/wp-content\\\/uploads\\\/2025\\\/10\\\/Asset-2@2x-8.png\",\"width\":1550,\"height\":323,\"caption\":\"YKM TEST\"}]}<\/script>\n<meta property=\"product:price:currency\" content=\"USD\" \/>\n<meta property=\"og:availability\" content=\"instock\" \/>\n<meta property=\"product:availability\" content=\"instock\" \/>\n<meta property=\"product:condition\" content=\"new\" \/>\n<!-- \/ Yoast SEO Premium plugin. -->","yoast_head_json":{"title":"Semi Automatic Digital Penetrometer - YKM TEST","robots":{"index":"index","follow":"follow","max-snippet":"max-snippet:-1","max-image-preview":"max-image-preview:large","max-video-preview":"max-video-preview:-1"},"canonical":"https:\/\/ykmtest.com\/french\/produit\/semi-automatic-digital-penetrometer\/","og_locale":"fr_FR","og_type":"article","og_title":"Semi Automatic Digital Penetrometer","og_description":"The penetrometer is used to determine the consistency of a bituminous sample under fixed conditions of load, time, and temperature. The device features a magnetic control unit and an electronic digital programmable timer. This system automatically releases the plunger head and ensures the free fall of the needle during the 5-second test. The standard penetrometer is equipped with a sturdy aluminum base table, leveling screws, a coated vertical rod, and a micrometric vertical adjustment device. The slider, made of brass, allows for smooth free fall. Additionally, it includes a digital display with a resolution of 0.01 mm. The penetrometer is supplied with a stop and release button, automatic reset, micrometer adjustment, a set of 50 g and 100 g weights, a penetration needle, and brass sample cups with diameters of 55x35 mm and 70x45 mm.","og_url":"https:\/\/ykmtest.com\/french\/produit\/semi-automatic-digital-penetrometer\/","og_site_name":"YKM TEST","article_modified_time":"2025-10-12T08:49:17+00:00","og_image":[{"width":1100,"height":800,"url":"https:\/\/ykmtest.com\/wp-content\/uploads\/2025\/10\/Screenshot_3-2.png","type":"image\/png"}],"twitter_card":"summary_large_image","twitter_misc":{"Prix":"","Disponibilit\u00e9":"En stock"},"schema":{"@context":"https:\/\/schema.org","@graph":[{"@type":"WebPage","@id":"https:\/\/ykmtest.com\/product\/semi-automatic-digital-penetrometer\/","url":"https:\/\/ykmtest.com\/product\/semi-automatic-digital-penetrometer\/","name":"Semi Automatic Digital Penetrometer - YKM TEST","isPartOf":{"@id":"https:\/\/darkorchid-cheetah-525435.hostingersite.com\/#website"},"primaryImageOfPage":{"@id":"https:\/\/ykmtest.com\/product\/semi-automatic-digital-penetrometer\/#primaryimage"},"image":{"@id":"https:\/\/ykmtest.com\/product\/semi-automatic-digital-penetrometer\/#primaryimage"},"thumbnailUrl":"https:\/\/ykmtest.com\/wp-content\/uploads\/2025\/10\/Screenshot_3-2.png","datePublished":"2025-10-08T18:30:40+00:00","dateModified":"2025-10-12T08:49:17+00:00","breadcrumb":{"@id":"https:\/\/ykmtest.com\/product\/semi-automatic-digital-penetrometer\/#breadcrumb"},"inLanguage":"fr-FR","potentialAction":[{"@type":"ReadAction","target":["https:\/\/ykmtest.com\/product\/semi-automatic-digital-penetrometer\/"]}]},{"@type":"ImageObject","inLanguage":"fr-FR","@id":"https:\/\/ykmtest.com\/product\/semi-automatic-digital-penetrometer\/#primaryimage","url":"https:\/\/ykmtest.com\/wp-content\/uploads\/2025\/10\/Screenshot_3-2.png","contentUrl":"https:\/\/ykmtest.com\/wp-content\/uploads\/2025\/10\/Screenshot_3-2.png","width":1100,"height":800},{"@type":"BreadcrumbList","@id":"https:\/\/ykmtest.com\/product\/semi-automatic-digital-penetrometer\/#breadcrumb","itemListElement":[{"@type":"ListItem","position":1,"name":"Home","item":"https:\/\/darkorchid-cheetah-525435.hostingersite.com\/"},{"@type":"ListItem","position":2,"name":"\u0422\u043e\u0432\u0430\u0440\u044b","item":"https:\/\/ykmtest.com\/ru\/shop\/"},{"@type":"ListItem","position":3,"name":"Semi Automatic Digital Penetrometer"}]},{"@type":"WebSite","@id":"https:\/\/darkorchid-cheetah-525435.hostingersite.com\/#website","url":"https:\/\/darkorchid-cheetah-525435.hostingersite.com\/","name":"TEST YKM","description":"","publisher":{"@id":"https:\/\/darkorchid-cheetah-525435.hostingersite.com\/#organization"},"potentialAction":[{"@type":"SearchAction","target":{"@type":"EntryPoint","urlTemplate":"https:\/\/darkorchid-cheetah-525435.hostingersite.com\/?s={search_term_string}"},"query-input":{"@type":"PropertyValueSpecification","valueRequired":true,"valueName":"search_term_string"}}],"inLanguage":"fr-FR"},{"@type":["Organization","Place"],"@id":"https:\/\/darkorchid-cheetah-525435.hostingersite.com\/#organization","name":"TEST YKM","url":"https:\/\/darkorchid-cheetah-525435.hostingersite.com\/","logo":{"@id":"https:\/\/ykmtest.com\/product\/semi-automatic-digital-penetrometer\/#local-main-organization-logo"},"image":{"@id":"https:\/\/ykmtest.com\/product\/semi-automatic-digital-penetrometer\/#local-main-organization-logo"},"telephone":[],"openingHoursSpecification":[{"@type":"OpeningHoursSpecification","dayOfWeek":["Monday","Tuesday","Wednesday","Thursday","Friday","Saturday","Sunday"],"opens":"09:00","closes":"17:00"}]},{"@type":"ImageObject","inLanguage":"fr-FR","@id":"https:\/\/ykmtest.com\/product\/semi-automatic-digital-penetrometer\/#local-main-organization-logo","url":"https:\/\/ykmtest.com\/wp-content\/uploads\/2025\/10\/Asset-2@2x-8.png","contentUrl":"https:\/\/ykmtest.com\/wp-content\/uploads\/2025\/10\/Asset-2@2x-8.png","width":1550,"height":323,"caption":"YKM TEST"}]},"product_price_currency":"USD","og_availability":"instock","product_availability":"instock","product_condition":"new"},"_links":{"self":[{"href":"https:\/\/ykmtest.com\/french\/wp-json\/wp\/v2\/product\/6636","targetHints":{"allow":["GET"]}}],"collection":[{"href":"https:\/\/ykmtest.com\/french\/wp-json\/wp\/v2\/product"}],"about":[{"href":"https:\/\/ykmtest.com\/french\/wp-json\/wp\/v2\/types\/product"}],"version-history":[{"count":0,"href":"https:\/\/ykmtest.com\/french\/wp-json\/wp\/v2\/product\/6636\/revisions"}],"wp:featuredmedia":[{"embeddable":true,"href":"https:\/\/ykmtest.com\/french\/wp-json\/wp\/v2\/media\/7074"}],"wp:attachment":[{"href":"https:\/\/ykmtest.com\/french\/wp-json\/wp\/v2\/media?parent=6636"}],"wp:term":[{"taxonomy":"product_brand","embeddable":true,"href":"https:\/\/ykmtest.com\/french\/wp-json\/wp\/v2\/product_brand?post=6636"},{"taxonomy":"product_cat","embeddable":true,"href":"https:\/\/ykmtest.com\/french\/wp-json\/wp\/v2\/product_cat?post=6636"},{"taxonomy":"product_tag","embeddable":true,"href":"https:\/\/ykmtest.com\/french\/wp-json\/wp\/v2\/product_tag?post=6636"}],"curies":[{"name":"wp","href":"https:\/\/api.w.org\/{rel}","templated":true}]}}