{"id":6644,"date":"2025-10-08T18:44:27","date_gmt":"2025-10-08T18:44:27","guid":{"rendered":"https:\/\/ykmtest.com\/?post_type=product&#038;p=6644"},"modified":"2025-10-12T08:42:56","modified_gmt":"2025-10-12T08:42:56","slug":"briquette-mould","status":"publish","type":"product","link":"https:\/\/ykmtest.com\/french\/produit\/briquette-mould\/","title":{"rendered":"Moule \u00e0 briquettes"},"content":{"rendered":"","protected":false},"excerpt":{"rendered":"<p>Le syst\u00e8me de contr\u00f4le de la temp\u00e9rature PID en boucle ferm\u00e9e assure une gestion stable et pr\u00e9cise de la temp\u00e9rature. Les \u00e9l\u00e9ments chauffants de base \u00e0 plaques contribuent \u00e0 une meilleure uniformit\u00e9 de la temp\u00e9rature. Le syst\u00e8me de thermor\u00e9gulation \u00e9quilibre soigneusement les \u00e9l\u00e9ments chauffants (pour augmenter la temp\u00e9rature du bain) et le serpentin de refroidissement (pour l'abaisser), ce qui garantit un contr\u00f4le \u00e9troit de la temp\u00e9rature et la compatibilit\u00e9 avec les refroidisseurs d'eau standard.<\/p>","protected":false},"featured_media":7076,"template":"","meta":{"_acf_changed":false},"product_brand":[],"product_cat":[211],"product_tag":[],"class_list":{"0":"post-6644","1":"product","2":"type-product","3":"status-publish","4":"has-post-thumbnail","6":"product_cat-asphalt-bitumen","9":"instock","10":"shipping-taxable","11":"product-type-simple"},"acf":[],"yoast_head":"<!-- This site is optimized with the Yoast SEO Premium plugin v26.5 (Yoast SEO v27.5) - https:\/\/yoast.com\/product\/yoast-seo-premium-wordpress\/ -->\n<title>Briquette Mould - YKM TEST<\/title>\n<meta name=\"robots\" content=\"index, follow, max-snippet:-1, max-image-preview:large, max-video-preview:-1\" \/>\n<link rel=\"canonical\" href=\"https:\/\/ykmtest.com\/french\/produit\/briquette-mould\/\" \/>\n<meta property=\"og:locale\" content=\"fr_FR\" \/>\n<meta property=\"og:type\" content=\"article\" \/>\n<meta property=\"og:title\" content=\"Briquette Mould\" \/>\n<meta property=\"og:description\" content=\"The closed-loop PID temperature control system ensures stable and precise temperature management. Base heaters with plate-type designs contribute to enhanced temperature uniformity. The thermoregulation system carefully balances the heating elements (to raise the bath temperature) and the cooling coil (to lower it), guaranteeing tight temperature control and compatibility with standard water chillers.\" \/>\n<meta property=\"og:url\" content=\"https:\/\/ykmtest.com\/french\/produit\/briquette-mould\/\" \/>\n<meta property=\"og:site_name\" content=\"YKM TEST\" \/>\n<meta property=\"article:modified_time\" content=\"2025-10-12T08:42:56+00:00\" \/>\n<meta property=\"og:image\" content=\"https:\/\/ykmtest.com\/wp-content\/uploads\/2025\/10\/Screenshot_1-1.png\" \/>\n\t<meta property=\"og:image:width\" content=\"1100\" \/>\n\t<meta property=\"og:image:height\" content=\"800\" \/>\n\t<meta property=\"og:image:type\" content=\"image\/png\" \/>\n<meta name=\"twitter:card\" content=\"summary_large_image\" \/>\n<meta name=\"twitter:label1\" content=\"Prix\" \/>\n\t<meta name=\"twitter:data1\" content=\"\" \/>\n\t<meta name=\"twitter:label2\" content=\"Disponibilit\u00e9\" \/>\n\t<meta name=\"twitter:data2\" content=\"En stock\" \/>\n<script type=\"application\/ld+json\" class=\"yoast-schema-graph\">{\"@context\":\"https:\\\/\\\/schema.org\",\"@graph\":[{\"@type\":\"WebPage\",\"@id\":\"https:\\\/\\\/ykmtest.com\\\/product\\\/briquette-mould\\\/\",\"url\":\"https:\\\/\\\/ykmtest.com\\\/product\\\/briquette-mould\\\/\",\"name\":\"Briquette Mould - YKM TEST\",\"isPartOf\":{\"@id\":\"https:\\\/\\\/darkorchid-cheetah-525435.hostingersite.com\\\/#website\"},\"primaryImageOfPage\":{\"@id\":\"https:\\\/\\\/ykmtest.com\\\/product\\\/briquette-mould\\\/#primaryimage\"},\"image\":{\"@id\":\"https:\\\/\\\/ykmtest.com\\\/product\\\/briquette-mould\\\/#primaryimage\"},\"thumbnailUrl\":\"https:\\\/\\\/ykmtest.com\\\/wp-content\\\/uploads\\\/2025\\\/10\\\/Screenshot_1-1.png\",\"datePublished\":\"2025-10-08T18:44:27+00:00\",\"dateModified\":\"2025-10-12T08:42:56+00:00\",\"breadcrumb\":{\"@id\":\"https:\\\/\\\/ykmtest.com\\\/product\\\/briquette-mould\\\/#breadcrumb\"},\"inLanguage\":\"fr-FR\",\"potentialAction\":[{\"@type\":\"ReadAction\",\"target\":[\"https:\\\/\\\/ykmtest.com\\\/product\\\/briquette-mould\\\/\"]}]},{\"@type\":\"ImageObject\",\"inLanguage\":\"fr-FR\",\"@id\":\"https:\\\/\\\/ykmtest.com\\\/product\\\/briquette-mould\\\/#primaryimage\",\"url\":\"https:\\\/\\\/ykmtest.com\\\/wp-content\\\/uploads\\\/2025\\\/10\\\/Screenshot_1-1.png\",\"contentUrl\":\"https:\\\/\\\/ykmtest.com\\\/wp-content\\\/uploads\\\/2025\\\/10\\\/Screenshot_1-1.png\",\"width\":1100,\"height\":800},{\"@type\":\"BreadcrumbList\",\"@id\":\"https:\\\/\\\/ykmtest.com\\\/product\\\/briquette-mould\\\/#breadcrumb\",\"itemListElement\":[{\"@type\":\"ListItem\",\"position\":1,\"name\":\"Home\",\"item\":\"https:\\\/\\\/darkorchid-cheetah-525435.hostingersite.com\\\/\"},{\"@type\":\"ListItem\",\"position\":2,\"name\":\"\u0422\u043e\u0432\u0430\u0440\u044b\",\"item\":\"https:\\\/\\\/ykmtest.com\\\/ru\\\/shop\\\/\"},{\"@type\":\"ListItem\",\"position\":3,\"name\":\"Briquette Mould\"}]},{\"@type\":\"WebSite\",\"@id\":\"https:\\\/\\\/darkorchid-cheetah-525435.hostingersite.com\\\/#website\",\"url\":\"https:\\\/\\\/darkorchid-cheetah-525435.hostingersite.com\\\/\",\"name\":\"YKM TEST\",\"description\":\"\",\"publisher\":{\"@id\":\"https:\\\/\\\/darkorchid-cheetah-525435.hostingersite.com\\\/#organization\"},\"potentialAction\":[{\"@type\":\"SearchAction\",\"target\":{\"@type\":\"EntryPoint\",\"urlTemplate\":\"https:\\\/\\\/darkorchid-cheetah-525435.hostingersite.com\\\/?s={search_term_string}\"},\"query-input\":{\"@type\":\"PropertyValueSpecification\",\"valueRequired\":true,\"valueName\":\"search_term_string\"}}],\"inLanguage\":\"fr-FR\"},{\"@type\":[\"Organization\",\"Place\"],\"@id\":\"https:\\\/\\\/darkorchid-cheetah-525435.hostingersite.com\\\/#organization\",\"name\":\"YKM TEST\",\"url\":\"https:\\\/\\\/darkorchid-cheetah-525435.hostingersite.com\\\/\",\"logo\":{\"@id\":\"https:\\\/\\\/ykmtest.com\\\/product\\\/briquette-mould\\\/#local-main-organization-logo\"},\"image\":{\"@id\":\"https:\\\/\\\/ykmtest.com\\\/product\\\/briquette-mould\\\/#local-main-organization-logo\"},\"telephone\":[],\"openingHoursSpecification\":[{\"@type\":\"OpeningHoursSpecification\",\"dayOfWeek\":[\"Monday\",\"Tuesday\",\"Wednesday\",\"Thursday\",\"Friday\",\"Saturday\",\"Sunday\"],\"opens\":\"09:00\",\"closes\":\"17:00\"}]},{\"@type\":\"ImageObject\",\"inLanguage\":\"fr-FR\",\"@id\":\"https:\\\/\\\/ykmtest.com\\\/product\\\/briquette-mould\\\/#local-main-organization-logo\",\"url\":\"https:\\\/\\\/ykmtest.com\\\/wp-content\\\/uploads\\\/2025\\\/10\\\/Asset-2@2x-8.png\",\"contentUrl\":\"https:\\\/\\\/ykmtest.com\\\/wp-content\\\/uploads\\\/2025\\\/10\\\/Asset-2@2x-8.png\",\"width\":1550,\"height\":323,\"caption\":\"YKM TEST\"}]}<\/script>\n<meta property=\"product:price:currency\" content=\"USD\" \/>\n<meta property=\"og:availability\" content=\"instock\" \/>\n<meta property=\"product:availability\" content=\"instock\" \/>\n<meta property=\"product:condition\" content=\"new\" \/>\n<!-- \/ Yoast SEO Premium plugin. -->","yoast_head_json":{"title":"Briquette Mould - YKM TEST","robots":{"index":"index","follow":"follow","max-snippet":"max-snippet:-1","max-image-preview":"max-image-preview:large","max-video-preview":"max-video-preview:-1"},"canonical":"https:\/\/ykmtest.com\/french\/produit\/briquette-mould\/","og_locale":"fr_FR","og_type":"article","og_title":"Briquette Mould","og_description":"The closed-loop PID temperature control system ensures stable and precise temperature management. Base heaters with plate-type designs contribute to enhanced temperature uniformity. The thermoregulation system carefully balances the heating elements (to raise the bath temperature) and the cooling coil (to lower it), guaranteeing tight temperature control and compatibility with standard water chillers.","og_url":"https:\/\/ykmtest.com\/french\/produit\/briquette-mould\/","og_site_name":"YKM TEST","article_modified_time":"2025-10-12T08:42:56+00:00","og_image":[{"width":1100,"height":800,"url":"https:\/\/ykmtest.com\/wp-content\/uploads\/2025\/10\/Screenshot_1-1.png","type":"image\/png"}],"twitter_card":"summary_large_image","twitter_misc":{"Prix":"","Disponibilit\u00e9":"En stock"},"schema":{"@context":"https:\/\/schema.org","@graph":[{"@type":"WebPage","@id":"https:\/\/ykmtest.com\/product\/briquette-mould\/","url":"https:\/\/ykmtest.com\/product\/briquette-mould\/","name":"Briquette Mould - YKM TEST","isPartOf":{"@id":"https:\/\/darkorchid-cheetah-525435.hostingersite.com\/#website"},"primaryImageOfPage":{"@id":"https:\/\/ykmtest.com\/product\/briquette-mould\/#primaryimage"},"image":{"@id":"https:\/\/ykmtest.com\/product\/briquette-mould\/#primaryimage"},"thumbnailUrl":"https:\/\/ykmtest.com\/wp-content\/uploads\/2025\/10\/Screenshot_1-1.png","datePublished":"2025-10-08T18:44:27+00:00","dateModified":"2025-10-12T08:42:56+00:00","breadcrumb":{"@id":"https:\/\/ykmtest.com\/product\/briquette-mould\/#breadcrumb"},"inLanguage":"fr-FR","potentialAction":[{"@type":"ReadAction","target":["https:\/\/ykmtest.com\/product\/briquette-mould\/"]}]},{"@type":"ImageObject","inLanguage":"fr-FR","@id":"https:\/\/ykmtest.com\/product\/briquette-mould\/#primaryimage","url":"https:\/\/ykmtest.com\/wp-content\/uploads\/2025\/10\/Screenshot_1-1.png","contentUrl":"https:\/\/ykmtest.com\/wp-content\/uploads\/2025\/10\/Screenshot_1-1.png","width":1100,"height":800},{"@type":"BreadcrumbList","@id":"https:\/\/ykmtest.com\/product\/briquette-mould\/#breadcrumb","itemListElement":[{"@type":"ListItem","position":1,"name":"Home","item":"https:\/\/darkorchid-cheetah-525435.hostingersite.com\/"},{"@type":"ListItem","position":2,"name":"\u0422\u043e\u0432\u0430\u0440\u044b","item":"https:\/\/ykmtest.com\/ru\/shop\/"},{"@type":"ListItem","position":3,"name":"Briquette Mould"}]},{"@type":"WebSite","@id":"https:\/\/darkorchid-cheetah-525435.hostingersite.com\/#website","url":"https:\/\/darkorchid-cheetah-525435.hostingersite.com\/","name":"TEST YKM","description":"","publisher":{"@id":"https:\/\/darkorchid-cheetah-525435.hostingersite.com\/#organization"},"potentialAction":[{"@type":"SearchAction","target":{"@type":"EntryPoint","urlTemplate":"https:\/\/darkorchid-cheetah-525435.hostingersite.com\/?s={search_term_string}"},"query-input":{"@type":"PropertyValueSpecification","valueRequired":true,"valueName":"search_term_string"}}],"inLanguage":"fr-FR"},{"@type":["Organization","Place"],"@id":"https:\/\/darkorchid-cheetah-525435.hostingersite.com\/#organization","name":"TEST YKM","url":"https:\/\/darkorchid-cheetah-525435.hostingersite.com\/","logo":{"@id":"https:\/\/ykmtest.com\/product\/briquette-mould\/#local-main-organization-logo"},"image":{"@id":"https:\/\/ykmtest.com\/product\/briquette-mould\/#local-main-organization-logo"},"telephone":[],"openingHoursSpecification":[{"@type":"OpeningHoursSpecification","dayOfWeek":["Monday","Tuesday","Wednesday","Thursday","Friday","Saturday","Sunday"],"opens":"09:00","closes":"17:00"}]},{"@type":"ImageObject","inLanguage":"fr-FR","@id":"https:\/\/ykmtest.com\/product\/briquette-mould\/#local-main-organization-logo","url":"https:\/\/ykmtest.com\/wp-content\/uploads\/2025\/10\/Asset-2@2x-8.png","contentUrl":"https:\/\/ykmtest.com\/wp-content\/uploads\/2025\/10\/Asset-2@2x-8.png","width":1550,"height":323,"caption":"YKM TEST"}]},"product_price_currency":"USD","og_availability":"instock","product_availability":"instock","product_condition":"new"},"_links":{"self":[{"href":"https:\/\/ykmtest.com\/french\/wp-json\/wp\/v2\/product\/6644","targetHints":{"allow":["GET"]}}],"collection":[{"href":"https:\/\/ykmtest.com\/french\/wp-json\/wp\/v2\/product"}],"about":[{"href":"https:\/\/ykmtest.com\/french\/wp-json\/wp\/v2\/types\/product"}],"version-history":[{"count":0,"href":"https:\/\/ykmtest.com\/french\/wp-json\/wp\/v2\/product\/6644\/revisions"}],"wp:featuredmedia":[{"embeddable":true,"href":"https:\/\/ykmtest.com\/french\/wp-json\/wp\/v2\/media\/7076"}],"wp:attachment":[{"href":"https:\/\/ykmtest.com\/french\/wp-json\/wp\/v2\/media?parent=6644"}],"wp:term":[{"taxonomy":"product_brand","embeddable":true,"href":"https:\/\/ykmtest.com\/french\/wp-json\/wp\/v2\/product_brand?post=6644"},{"taxonomy":"product_cat","embeddable":true,"href":"https:\/\/ykmtest.com\/french\/wp-json\/wp\/v2\/product_cat?post=6644"},{"taxonomy":"product_tag","embeddable":true,"href":"https:\/\/ykmtest.com\/french\/wp-json\/wp\/v2\/product_tag?post=6644"}],"curies":[{"name":"wp","href":"https:\/\/api.w.org\/{rel}","templated":true}]}}