{"id":11215,"date":"2025-12-17T12:35:39","date_gmt":"2025-12-17T12:35:39","guid":{"rendered":"https:\/\/ykmtest.com\/?post_type=product&#038;p=11215"},"modified":"2025-12-17T12:35:40","modified_gmt":"2025-12-17T12:35:40","slug":"analog-digital-direct-and-residual-shear-testing-machine-dead-weight","status":"publish","type":"product","link":"https:\/\/ykmtest.com\/it\/prodotto\/analog-digital-direct-and-residual-shear-testing-machine-dead-weight\/","title":{"rendered":"Macchina analogica\/digitale per prove di taglio diretto e residuo (peso morto)"},"content":{"rendered":"<p>La macchina analogica\/digitale per prove di taglio diretto e residuo (a peso morto) \u00e8 dotata di un telaio rigido in acciaio, guide lineari senza gioco, una lunga capacit\u00e0 di corsa e una capacit\u00e0 di misurazione analogica e digitale simultanea, che fornisce risultati ripetibili in condizioni di taglio sia di picco che residuo. L'unit\u00e0 di carico a peso morto funziona con un braccio di leva ad alta precisione e un set di pesi calibrati. Il braccio di leva, posizionato su un supporto stabile, riduce al minimo l'eccentricit\u00e0 e garantisce il trasferimento uniforme della forza normale al campione.  La sede sferica della testa di carico consente di compensare piccoli disallineamenti. Lo spostamento di taglio \u00e8 applicato da un meccanismo di movimento lineare a vite senza gioco, che fornisce un carico regolare a una velocit\u00e0 costante e controllata. Un'ampia gamma di velocit\u00e0 consente di selezionare la velocit\u00e0 di taglio per terreni densi, medi e sciolti. Il design a corsa lunga assicura un taglio continuo nell'intervallo residuo; gli interruttori di fine corsa impediscono il sovraccarico meccanico e il danneggiamento del sensore. Nella configurazione analogica, la forza di taglio viene misurata con un anello di prova calibrato, mentre lo spostamento di taglio orizzontale e l'assestamento verticale vengono letti in tempo reale con comparatori analogici. Il gruppo del box di taglio supporta diverse dimensioni di box ed \u00e8 compatibile con piastre porose, pietre porose ad alta permeabilit\u00e0 e set di pesi, consentendo di testare diversi tipi di terreno.<\/p>","protected":false},"excerpt":{"rendered":"<p class=\"p3\"><span lang=\"TR\">La macchina analogica\/digitale per prove di taglio diretto e residuo (a peso morto) \u00e8 un sistema shear box progettato per valutare il comportamento a taglio di terreni a grana fine e granulari utilizzando il principio del carico normale a peso morto.<\/span><\/p>","protected":false},"featured_media":0,"template":"","meta":{"_acf_changed":false},"product_brand":[],"product_cat":[123,119],"product_tag":[],"class_list":{"0":"post-11215","1":"product","2":"type-product","3":"status-publish","5":"product_cat-direct-residual-shear-equipments","6":"product_cat-soil-lab","9":"instock","10":"shipping-taxable","11":"product-type-simple"},"acf":[],"yoast_head":"<!-- This site is optimized with the Yoast SEO Premium plugin v26.5 (Yoast SEO v27.5) - https:\/\/yoast.com\/product\/yoast-seo-premium-wordpress\/ -->\n<title>Analog \/ Digital Direct and Residual Shear Testing Machine (Dead-Weight) - YKM TEST<\/title>\n<meta name=\"description\" content=\"Direct and Residual Shear Testing Machine (Dead-Weight) evaluates peak and residual shear behavior of soils under dead-weight loading.\" \/>\n<meta name=\"robots\" content=\"index, follow, max-snippet:-1, max-image-preview:large, max-video-preview:-1\" \/>\n<link rel=\"canonical\" href=\"https:\/\/darkorchid-cheetah-525435.hostingersite.com\/product\/analog-digital-direct-and-residual-shear-testing-machine-dead-weight\/\" \/>\n<meta property=\"og:locale\" content=\"it_IT\" \/>\n<meta property=\"og:type\" content=\"article\" \/>\n<meta property=\"og:title\" content=\"Analog \/ Digital Direct and Residual Shear Testing Machine (Dead-Weight)\" \/>\n<meta property=\"og:description\" content=\"Direct and Residual Shear Testing Machine (Dead-Weight) evaluates peak and residual shear behavior of soils under dead-weight loading.\" \/>\n<meta property=\"og:url\" content=\"https:\/\/darkorchid-cheetah-525435.hostingersite.com\/product\/analog-digital-direct-and-residual-shear-testing-machine-dead-weight\/\" \/>\n<meta property=\"og:site_name\" content=\"YKM TEST\" \/>\n<meta property=\"article:modified_time\" content=\"2025-12-17T12:35:40+00:00\" \/>\n<meta name=\"twitter:card\" content=\"summary_large_image\" \/>\n<meta name=\"twitter:label1\" content=\"Prezzo\" \/>\n\t<meta name=\"twitter:data1\" content=\"\" \/>\n\t<meta name=\"twitter:label2\" content=\"Disponibilit\u00e0\" \/>\n\t<meta name=\"twitter:data2\" content=\"In stock\" \/>\n<script type=\"application\/ld+json\" class=\"yoast-schema-graph\">{\"@context\":\"https:\\\/\\\/schema.org\",\"@graph\":[{\"@type\":\"WebPage\",\"@id\":\"https:\\\/\\\/darkorchid-cheetah-525435.hostingersite.com\\\/product\\\/analog-digital-direct-and-residual-shear-testing-machine-dead-weight\\\/\",\"url\":\"https:\\\/\\\/darkorchid-cheetah-525435.hostingersite.com\\\/product\\\/analog-digital-direct-and-residual-shear-testing-machine-dead-weight\\\/\",\"name\":\"Analog \\\/ Digital Direct and Residual Shear Testing Machine (Dead-Weight) - YKM TEST\",\"isPartOf\":{\"@id\":\"https:\\\/\\\/darkorchid-cheetah-525435.hostingersite.com\\\/#website\"},\"datePublished\":\"2025-12-17T12:35:39+00:00\",\"dateModified\":\"2025-12-17T12:35:40+00:00\",\"description\":\"Direct and Residual Shear Testing Machine (Dead-Weight) evaluates peak and residual shear behavior of soils under dead-weight loading.\",\"breadcrumb\":{\"@id\":\"https:\\\/\\\/darkorchid-cheetah-525435.hostingersite.com\\\/product\\\/analog-digital-direct-and-residual-shear-testing-machine-dead-weight\\\/#breadcrumb\"},\"inLanguage\":\"it-IT\",\"potentialAction\":[{\"@type\":\"ReadAction\",\"target\":[\"https:\\\/\\\/darkorchid-cheetah-525435.hostingersite.com\\\/product\\\/analog-digital-direct-and-residual-shear-testing-machine-dead-weight\\\/\"]}]},{\"@type\":\"BreadcrumbList\",\"@id\":\"https:\\\/\\\/darkorchid-cheetah-525435.hostingersite.com\\\/product\\\/analog-digital-direct-and-residual-shear-testing-machine-dead-weight\\\/#breadcrumb\",\"itemListElement\":[{\"@type\":\"ListItem\",\"position\":1,\"name\":\"Home\",\"item\":\"https:\\\/\\\/darkorchid-cheetah-525435.hostingersite.com\\\/\"},{\"@type\":\"ListItem\",\"position\":2,\"name\":\"\u0422\u043e\u0432\u0430\u0440\u044b\",\"item\":\"https:\\\/\\\/ykmtest.com\\\/ru\\\/shop\\\/\"},{\"@type\":\"ListItem\",\"position\":3,\"name\":\"Analog \\\/ Digital Direct and Residual Shear Testing Machine (Dead-Weight)\"}]},{\"@type\":\"WebSite\",\"@id\":\"https:\\\/\\\/darkorchid-cheetah-525435.hostingersite.com\\\/#website\",\"url\":\"https:\\\/\\\/darkorchid-cheetah-525435.hostingersite.com\\\/\",\"name\":\"YKM TEST\",\"description\":\"\",\"publisher\":{\"@id\":\"https:\\\/\\\/darkorchid-cheetah-525435.hostingersite.com\\\/#organization\"},\"potentialAction\":[{\"@type\":\"SearchAction\",\"target\":{\"@type\":\"EntryPoint\",\"urlTemplate\":\"https:\\\/\\\/darkorchid-cheetah-525435.hostingersite.com\\\/?s={search_term_string}\"},\"query-input\":{\"@type\":\"PropertyValueSpecification\",\"valueRequired\":true,\"valueName\":\"search_term_string\"}}],\"inLanguage\":\"it-IT\"},{\"@type\":[\"Organization\",\"Place\"],\"@id\":\"https:\\\/\\\/darkorchid-cheetah-525435.hostingersite.com\\\/#organization\",\"name\":\"YKM TEST\",\"url\":\"https:\\\/\\\/darkorchid-cheetah-525435.hostingersite.com\\\/\",\"logo\":{\"@id\":\"https:\\\/\\\/darkorchid-cheetah-525435.hostingersite.com\\\/product\\\/analog-digital-direct-and-residual-shear-testing-machine-dead-weight\\\/#local-main-organization-logo\"},\"image\":{\"@id\":\"https:\\\/\\\/darkorchid-cheetah-525435.hostingersite.com\\\/product\\\/analog-digital-direct-and-residual-shear-testing-machine-dead-weight\\\/#local-main-organization-logo\"},\"telephone\":[],\"openingHoursSpecification\":[{\"@type\":\"OpeningHoursSpecification\",\"dayOfWeek\":[\"Monday\",\"Tuesday\",\"Wednesday\",\"Thursday\",\"Friday\",\"Saturday\",\"Sunday\"],\"opens\":\"09:00\",\"closes\":\"17:00\"}]},{\"@type\":\"ImageObject\",\"inLanguage\":\"it-IT\",\"@id\":\"https:\\\/\\\/darkorchid-cheetah-525435.hostingersite.com\\\/product\\\/analog-digital-direct-and-residual-shear-testing-machine-dead-weight\\\/#local-main-organization-logo\",\"url\":\"https:\\\/\\\/ykmtest.com\\\/wp-content\\\/uploads\\\/2025\\\/10\\\/Asset-2@2x-8.png\",\"contentUrl\":\"https:\\\/\\\/ykmtest.com\\\/wp-content\\\/uploads\\\/2025\\\/10\\\/Asset-2@2x-8.png\",\"width\":1550,\"height\":323,\"caption\":\"YKM TEST\"}]}<\/script>\n<meta property=\"product:price:currency\" content=\"USD\" \/>\n<meta property=\"og:availability\" content=\"instock\" \/>\n<meta property=\"product:availability\" content=\"instock\" \/>\n<meta property=\"product:condition\" content=\"new\" \/>\n<!-- \/ Yoast SEO Premium plugin. -->","yoast_head_json":{"title":"Analog \/ Digital Direct and Residual Shear Testing Machine (Dead-Weight) - YKM TEST","description":"Direct and Residual Shear Testing Machine (Dead-Weight) evaluates peak and residual shear behavior of soils under dead-weight loading.","robots":{"index":"index","follow":"follow","max-snippet":"max-snippet:-1","max-image-preview":"max-image-preview:large","max-video-preview":"max-video-preview:-1"},"canonical":"https:\/\/darkorchid-cheetah-525435.hostingersite.com\/product\/analog-digital-direct-and-residual-shear-testing-machine-dead-weight\/","og_locale":"it_IT","og_type":"article","og_title":"Analog \/ Digital Direct and Residual Shear Testing Machine (Dead-Weight)","og_description":"Direct and Residual Shear Testing Machine (Dead-Weight) evaluates peak and residual shear behavior of soils under dead-weight loading.","og_url":"https:\/\/darkorchid-cheetah-525435.hostingersite.com\/product\/analog-digital-direct-and-residual-shear-testing-machine-dead-weight\/","og_site_name":"YKM TEST","article_modified_time":"2025-12-17T12:35:40+00:00","twitter_card":"summary_large_image","twitter_misc":{"Prezzo":"","Disponibilit\u00e0":"In stock"},"schema":{"@context":"https:\/\/schema.org","@graph":[{"@type":"WebPage","@id":"https:\/\/darkorchid-cheetah-525435.hostingersite.com\/product\/analog-digital-direct-and-residual-shear-testing-machine-dead-weight\/","url":"https:\/\/darkorchid-cheetah-525435.hostingersite.com\/product\/analog-digital-direct-and-residual-shear-testing-machine-dead-weight\/","name":"Analog \/ Digital Direct and Residual Shear Testing Machine (Dead-Weight) - YKM TEST","isPartOf":{"@id":"https:\/\/darkorchid-cheetah-525435.hostingersite.com\/#website"},"datePublished":"2025-12-17T12:35:39+00:00","dateModified":"2025-12-17T12:35:40+00:00","description":"Direct and Residual Shear Testing Machine (Dead-Weight) evaluates peak and residual shear behavior of soils under dead-weight loading.","breadcrumb":{"@id":"https:\/\/darkorchid-cheetah-525435.hostingersite.com\/product\/analog-digital-direct-and-residual-shear-testing-machine-dead-weight\/#breadcrumb"},"inLanguage":"it-IT","potentialAction":[{"@type":"ReadAction","target":["https:\/\/darkorchid-cheetah-525435.hostingersite.com\/product\/analog-digital-direct-and-residual-shear-testing-machine-dead-weight\/"]}]},{"@type":"BreadcrumbList","@id":"https:\/\/darkorchid-cheetah-525435.hostingersite.com\/product\/analog-digital-direct-and-residual-shear-testing-machine-dead-weight\/#breadcrumb","itemListElement":[{"@type":"ListItem","position":1,"name":"Home","item":"https:\/\/darkorchid-cheetah-525435.hostingersite.com\/"},{"@type":"ListItem","position":2,"name":"\u0422\u043e\u0432\u0430\u0440\u044b","item":"https:\/\/ykmtest.com\/ru\/shop\/"},{"@type":"ListItem","position":3,"name":"Analog \/ Digital Direct and Residual Shear Testing Machine (Dead-Weight)"}]},{"@type":"WebSite","@id":"https:\/\/darkorchid-cheetah-525435.hostingersite.com\/#website","url":"https:\/\/darkorchid-cheetah-525435.hostingersite.com\/","name":"TEST YKM","description":"","publisher":{"@id":"https:\/\/darkorchid-cheetah-525435.hostingersite.com\/#organization"},"potentialAction":[{"@type":"SearchAction","target":{"@type":"EntryPoint","urlTemplate":"https:\/\/darkorchid-cheetah-525435.hostingersite.com\/?s={search_term_string}"},"query-input":{"@type":"PropertyValueSpecification","valueRequired":true,"valueName":"search_term_string"}}],"inLanguage":"it-IT"},{"@type":["Organization","Place"],"@id":"https:\/\/darkorchid-cheetah-525435.hostingersite.com\/#organization","name":"TEST YKM","url":"https:\/\/darkorchid-cheetah-525435.hostingersite.com\/","logo":{"@id":"https:\/\/darkorchid-cheetah-525435.hostingersite.com\/product\/analog-digital-direct-and-residual-shear-testing-machine-dead-weight\/#local-main-organization-logo"},"image":{"@id":"https:\/\/darkorchid-cheetah-525435.hostingersite.com\/product\/analog-digital-direct-and-residual-shear-testing-machine-dead-weight\/#local-main-organization-logo"},"telephone":[],"openingHoursSpecification":[{"@type":"OpeningHoursSpecification","dayOfWeek":["Monday","Tuesday","Wednesday","Thursday","Friday","Saturday","Sunday"],"opens":"09:00","closes":"17:00"}]},{"@type":"ImageObject","inLanguage":"it-IT","@id":"https:\/\/darkorchid-cheetah-525435.hostingersite.com\/product\/analog-digital-direct-and-residual-shear-testing-machine-dead-weight\/#local-main-organization-logo","url":"https:\/\/ykmtest.com\/wp-content\/uploads\/2025\/10\/Asset-2@2x-8.png","contentUrl":"https:\/\/ykmtest.com\/wp-content\/uploads\/2025\/10\/Asset-2@2x-8.png","width":1550,"height":323,"caption":"YKM TEST"}]},"product_price_currency":"USD","og_availability":"instock","product_availability":"instock","product_condition":"new"},"_links":{"self":[{"href":"https:\/\/ykmtest.com\/it\/wp-json\/wp\/v2\/product\/11215","targetHints":{"allow":["GET"]}}],"collection":[{"href":"https:\/\/ykmtest.com\/it\/wp-json\/wp\/v2\/product"}],"about":[{"href":"https:\/\/ykmtest.com\/it\/wp-json\/wp\/v2\/types\/product"}],"version-history":[{"count":1,"href":"https:\/\/ykmtest.com\/it\/wp-json\/wp\/v2\/product\/11215\/revisions"}],"predecessor-version":[{"id":11216,"href":"https:\/\/ykmtest.com\/it\/wp-json\/wp\/v2\/product\/11215\/revisions\/11216"}],"wp:attachment":[{"href":"https:\/\/ykmtest.com\/it\/wp-json\/wp\/v2\/media?parent=11215"}],"wp:term":[{"taxonomy":"product_brand","embeddable":true,"href":"https:\/\/ykmtest.com\/it\/wp-json\/wp\/v2\/product_brand?post=11215"},{"taxonomy":"product_cat","embeddable":true,"href":"https:\/\/ykmtest.com\/it\/wp-json\/wp\/v2\/product_cat?post=11215"},{"taxonomy":"product_tag","embeddable":true,"href":"https:\/\/ykmtest.com\/it\/wp-json\/wp\/v2\/product_tag?post=11215"}],"curies":[{"name":"wp","href":"https:\/\/api.w.org\/{rel}","templated":true}]}}