{"id":11450,"date":"2025-12-24T07:23:11","date_gmt":"2025-12-24T07:23:11","guid":{"rendered":"https:\/\/ykmtest.com\/?post_type=product&#038;p=11450"},"modified":"2025-12-24T07:23:11","modified_gmt":"2025-12-24T07:23:11","slug":"en-automatic-compression-testing-machines-with-welded-walls-cubes-cylinders-and-masonry-units","status":"publish","type":"product","link":"https:\/\/ykmtest.com\/it\/prodotto\/en-automatic-compression-testing-machines-with-welded-walls-cubes-cylinders-and-masonry-units\/","title":{"rendered":"IT Macchine automatiche per prove di compressione con pareti saldate - Cubi, cilindri e unit\u00e0 in muratura"},"content":{"rendered":"<p data-start=\"645\" data-end=\"1125\">Le macchine per prove di compressione automatiche EN con pareti saldate - per cubi, cilindri e unit\u00e0 in muratura - sono sistemi di prova avanzati e controllati ad anello chiuso, sviluppati per determinare la resistenza alla compressione di provini di cubi e cilindri di calcestruzzo, nonch\u00e9 di unit\u00e0 in muratura, in conformit\u00e0 alla norma EN 12390-4 e alle relative norme EN. Queste macchine sono state progettate per i laboratori professionali che richiedono precisione, ripetibilit\u00e0 e prove efficienti su pi\u00f9 campioni su un'unica piattaforma.<\/p>\n<p data-start=\"1127\" data-end=\"1556\">La struttura portante \u00e8 realizzata come un telaio a parete saldato in un unico pezzo. Questo design compatto e ad alta rigidit\u00e0 riduce al minimo la deflessione del telaio sotto carico e garantisce un accurato trasferimento del carico assiale al campione. Una piastra superiore con sede sferica e una piastra inferiore rettificata e temprata garantiscono l'autocentraggio automatico e la distribuzione uniforme del carico, assicurando condizioni di contatto uniformi per cubi, cilindri e unit\u00e0 in muratura.<\/p>\n<p data-start=\"1558\" data-end=\"2109\">L'ampia apertura di prova e la lunga corsa del pistone consentono una rapida messa a punto e il collaudo di varie geometrie e dimensioni di provini senza modifiche strutturali. L'unit\u00e0 di potenza idraulica opera sotto un controllo completamente automatico ad anello chiuso utilizzando un sistema di valvole proporzionali. Il tasso di carico definito dalle norme EN viene mantenuto automaticamente per tutta la durata della prova. Al cedimento del provino, viene rilevato il carico massimo, viene calcolata la resistenza alla compressione in MPa e il pistone viene automaticamente ritirato in posizione di sicurezza, preparando la macchina per il ciclo di prova successivo.<\/p>\n<p data-start=\"2111\" data-end=\"2605\">La catena di misurazione del carico ad alta risoluzione garantisce letture della forza accurate e tracciabili. Le procedure di calibrazione e verifica supportano l'affidabilit\u00e0 delle misure a lungo termine nei laboratori accreditati. L'unit\u00e0 di controllo touchscreen integrata semplifica l'esecuzione delle prove e la stesura dei rapporti, grazie a modelli di metodi predefiniti per le prove su cubi, cilindri e unit\u00e0 in muratura. Durante le prove vengono visualizzate le curve di carico-spostamento in tempo reale e i dati possono essere memorizzati internamente o trasferiti via USB o Ethernet.<\/p>\n<p data-start=\"2607\" data-end=\"2889\">L'efficienza e la facilit\u00e0 d'uso sono migliorate grazie al sistema di cambio rapido della piastra e dell'adattatore, che consente di passare senza attrezzi dalle piastre per cubi, cilindri e muratura a superficie larga. I segni di centratura e le finiture lisce delle piastre assicurano un rapido posizionamento dei campioni e un allineamento ripetibile.<\/p>\n<p data-start=\"2891\" data-end=\"3333\">Sicurezza e durata sono parte integrante del progetto. Un involucro di sicurezza in policarbonato trasparente con interruttore di interblocco della porta protegge l'operatore, mentre l'arresto di emergenza, la protezione da sovraccarico e i controlli dei limiti di corsa salvaguardano sia l'utente che l'apparecchiatura. I piedini antivibranti, i rivestimenti superficiali resistenti alla corrosione e i pannelli di servizio accessibili garantiscono un funzionamento stabile, una facile pulizia e tempi di manutenzione ridotti durante l'uso intensivo in laboratorio.<\/p>","protected":false},"excerpt":{"rendered":"<p>Le macchine per prove di compressione automatiche EN con pareti saldate sono sistemi a ciclo chiuso progettati per prove di resistenza alla compressione accurate e ripetibili di cubi, cilindri e unit\u00e0 in muratura di calcestruzzo, in conformit\u00e0 alla norma EN 12390-4.<\/p>","protected":false},"featured_media":0,"template":"","meta":{"_acf_changed":false},"product_brand":[],"product_cat":[142,143],"product_tag":[],"class_list":{"0":"post-11450","1":"product","2":"type-product","3":"status-publish","5":"product_cat-concrete","6":"product_cat-concrete-compression-machines","9":"instock","10":"shipping-taxable","11":"product-type-simple"},"acf":[],"yoast_head":"<!-- This site is optimized with the Yoast SEO Premium plugin v26.5 (Yoast SEO v27.5) - https:\/\/yoast.com\/product\/yoast-seo-premium-wordpress\/ -->\n<title>EN Automatic Compression Testing Machines with Welded Walls \u2013 Cubes, Cylinders, and Masonry Units - YKM TEST<\/title>\n<meta name=\"description\" content=\"EN Automatic Compression Testing Machines with Welded Walls deliver precise compressive strength testing for cubes, cylinders, and masonry units per EN 12390-4.\" \/>\n<meta name=\"robots\" content=\"index, follow, max-snippet:-1, max-image-preview:large, max-video-preview:-1\" \/>\n<link rel=\"canonical\" href=\"https:\/\/darkorchid-cheetah-525435.hostingersite.com\/product\/en-automatic-compression-testing-machines-with-welded-walls-cubes-cylinders-and-masonry-units\/\" \/>\n<meta property=\"og:locale\" content=\"it_IT\" \/>\n<meta property=\"og:type\" content=\"article\" \/>\n<meta property=\"og:title\" content=\"EN Automatic Compression Testing Machines with Welded Walls \u2013 Cubes, Cylinders, and Masonry Units\" \/>\n<meta property=\"og:description\" content=\"EN Automatic Compression Testing Machines with Welded Walls deliver precise compressive strength testing for cubes, cylinders, and masonry units per EN 12390-4.\" \/>\n<meta property=\"og:url\" content=\"https:\/\/darkorchid-cheetah-525435.hostingersite.com\/product\/en-automatic-compression-testing-machines-with-welded-walls-cubes-cylinders-and-masonry-units\/\" \/>\n<meta property=\"og:site_name\" content=\"YKM TEST\" \/>\n<meta name=\"twitter:card\" content=\"summary_large_image\" \/>\n<meta name=\"twitter:label1\" content=\"Prezzo\" \/>\n\t<meta name=\"twitter:data1\" content=\"\" \/>\n\t<meta name=\"twitter:label2\" content=\"Disponibilit\u00e0\" \/>\n\t<meta name=\"twitter:data2\" content=\"In stock\" \/>\n<script type=\"application\/ld+json\" class=\"yoast-schema-graph\">{\"@context\":\"https:\\\/\\\/schema.org\",\"@graph\":[{\"@type\":\"WebPage\",\"@id\":\"https:\\\/\\\/darkorchid-cheetah-525435.hostingersite.com\\\/product\\\/en-automatic-compression-testing-machines-with-welded-walls-cubes-cylinders-and-masonry-units\\\/\",\"url\":\"https:\\\/\\\/darkorchid-cheetah-525435.hostingersite.com\\\/product\\\/en-automatic-compression-testing-machines-with-welded-walls-cubes-cylinders-and-masonry-units\\\/\",\"name\":\"EN Automatic Compression Testing Machines with Welded Walls \u2013 Cubes, Cylinders, and Masonry Units - YKM TEST\",\"isPartOf\":{\"@id\":\"https:\\\/\\\/darkorchid-cheetah-525435.hostingersite.com\\\/#website\"},\"datePublished\":\"2025-12-24T07:23:11+00:00\",\"description\":\"EN Automatic Compression Testing Machines with Welded Walls deliver precise compressive strength testing for cubes, cylinders, and masonry units per EN 12390-4.\",\"breadcrumb\":{\"@id\":\"https:\\\/\\\/darkorchid-cheetah-525435.hostingersite.com\\\/product\\\/en-automatic-compression-testing-machines-with-welded-walls-cubes-cylinders-and-masonry-units\\\/#breadcrumb\"},\"inLanguage\":\"it-IT\",\"potentialAction\":[{\"@type\":\"ReadAction\",\"target\":[\"https:\\\/\\\/darkorchid-cheetah-525435.hostingersite.com\\\/product\\\/en-automatic-compression-testing-machines-with-welded-walls-cubes-cylinders-and-masonry-units\\\/\"]}]},{\"@type\":\"BreadcrumbList\",\"@id\":\"https:\\\/\\\/darkorchid-cheetah-525435.hostingersite.com\\\/product\\\/en-automatic-compression-testing-machines-with-welded-walls-cubes-cylinders-and-masonry-units\\\/#breadcrumb\",\"itemListElement\":[{\"@type\":\"ListItem\",\"position\":1,\"name\":\"Home\",\"item\":\"https:\\\/\\\/darkorchid-cheetah-525435.hostingersite.com\\\/\"},{\"@type\":\"ListItem\",\"position\":2,\"name\":\"\u0422\u043e\u0432\u0430\u0440\u044b\",\"item\":\"https:\\\/\\\/ykmtest.com\\\/ru\\\/shop\\\/\"},{\"@type\":\"ListItem\",\"position\":3,\"name\":\"EN Automatic Compression Testing Machines with Welded Walls \u2013 Cubes, Cylinders, and Masonry Units\"}]},{\"@type\":\"WebSite\",\"@id\":\"https:\\\/\\\/darkorchid-cheetah-525435.hostingersite.com\\\/#website\",\"url\":\"https:\\\/\\\/darkorchid-cheetah-525435.hostingersite.com\\\/\",\"name\":\"YKM TEST\",\"description\":\"\",\"publisher\":{\"@id\":\"https:\\\/\\\/darkorchid-cheetah-525435.hostingersite.com\\\/#organization\"},\"potentialAction\":[{\"@type\":\"SearchAction\",\"target\":{\"@type\":\"EntryPoint\",\"urlTemplate\":\"https:\\\/\\\/darkorchid-cheetah-525435.hostingersite.com\\\/?s={search_term_string}\"},\"query-input\":{\"@type\":\"PropertyValueSpecification\",\"valueRequired\":true,\"valueName\":\"search_term_string\"}}],\"inLanguage\":\"it-IT\"},{\"@type\":[\"Organization\",\"Place\"],\"@id\":\"https:\\\/\\\/darkorchid-cheetah-525435.hostingersite.com\\\/#organization\",\"name\":\"YKM TEST\",\"url\":\"https:\\\/\\\/darkorchid-cheetah-525435.hostingersite.com\\\/\",\"logo\":{\"@id\":\"https:\\\/\\\/darkorchid-cheetah-525435.hostingersite.com\\\/product\\\/en-automatic-compression-testing-machines-with-welded-walls-cubes-cylinders-and-masonry-units\\\/#local-main-organization-logo\"},\"image\":{\"@id\":\"https:\\\/\\\/darkorchid-cheetah-525435.hostingersite.com\\\/product\\\/en-automatic-compression-testing-machines-with-welded-walls-cubes-cylinders-and-masonry-units\\\/#local-main-organization-logo\"},\"telephone\":[],\"openingHoursSpecification\":[{\"@type\":\"OpeningHoursSpecification\",\"dayOfWeek\":[\"Monday\",\"Tuesday\",\"Wednesday\",\"Thursday\",\"Friday\",\"Saturday\",\"Sunday\"],\"opens\":\"09:00\",\"closes\":\"17:00\"}]},{\"@type\":\"ImageObject\",\"inLanguage\":\"it-IT\",\"@id\":\"https:\\\/\\\/darkorchid-cheetah-525435.hostingersite.com\\\/product\\\/en-automatic-compression-testing-machines-with-welded-walls-cubes-cylinders-and-masonry-units\\\/#local-main-organization-logo\",\"url\":\"https:\\\/\\\/ykmtest.com\\\/wp-content\\\/uploads\\\/2025\\\/10\\\/Asset-2@2x-8.png\",\"contentUrl\":\"https:\\\/\\\/ykmtest.com\\\/wp-content\\\/uploads\\\/2025\\\/10\\\/Asset-2@2x-8.png\",\"width\":1550,\"height\":323,\"caption\":\"YKM TEST\"}]}<\/script>\n<meta property=\"product:price:currency\" content=\"USD\" \/>\n<meta property=\"og:availability\" content=\"instock\" \/>\n<meta property=\"product:availability\" content=\"instock\" \/>\n<meta property=\"product:condition\" content=\"new\" \/>\n<!-- \/ Yoast SEO Premium plugin. -->","yoast_head_json":{"title":"EN Automatic Compression Testing Machines with Welded Walls \u2013 Cubes, Cylinders, and Masonry Units - YKM TEST","description":"EN Automatic Compression Testing Machines with Welded Walls deliver precise compressive strength testing for cubes, cylinders, and masonry units per EN 12390-4.","robots":{"index":"index","follow":"follow","max-snippet":"max-snippet:-1","max-image-preview":"max-image-preview:large","max-video-preview":"max-video-preview:-1"},"canonical":"https:\/\/darkorchid-cheetah-525435.hostingersite.com\/product\/en-automatic-compression-testing-machines-with-welded-walls-cubes-cylinders-and-masonry-units\/","og_locale":"it_IT","og_type":"article","og_title":"EN Automatic Compression Testing Machines with Welded Walls \u2013 Cubes, Cylinders, and Masonry Units","og_description":"EN Automatic Compression Testing Machines with Welded Walls deliver precise compressive strength testing for cubes, cylinders, and masonry units per EN 12390-4.","og_url":"https:\/\/darkorchid-cheetah-525435.hostingersite.com\/product\/en-automatic-compression-testing-machines-with-welded-walls-cubes-cylinders-and-masonry-units\/","og_site_name":"YKM TEST","twitter_card":"summary_large_image","twitter_misc":{"Prezzo":"","Disponibilit\u00e0":"In stock"},"schema":{"@context":"https:\/\/schema.org","@graph":[{"@type":"WebPage","@id":"https:\/\/darkorchid-cheetah-525435.hostingersite.com\/product\/en-automatic-compression-testing-machines-with-welded-walls-cubes-cylinders-and-masonry-units\/","url":"https:\/\/darkorchid-cheetah-525435.hostingersite.com\/product\/en-automatic-compression-testing-machines-with-welded-walls-cubes-cylinders-and-masonry-units\/","name":"EN Automatic Compression Testing Machines with Welded Walls \u2013 Cubes, Cylinders, and Masonry Units - YKM TEST","isPartOf":{"@id":"https:\/\/darkorchid-cheetah-525435.hostingersite.com\/#website"},"datePublished":"2025-12-24T07:23:11+00:00","description":"EN Automatic Compression Testing Machines with Welded Walls deliver precise compressive strength testing for cubes, cylinders, and masonry units per EN 12390-4.","breadcrumb":{"@id":"https:\/\/darkorchid-cheetah-525435.hostingersite.com\/product\/en-automatic-compression-testing-machines-with-welded-walls-cubes-cylinders-and-masonry-units\/#breadcrumb"},"inLanguage":"it-IT","potentialAction":[{"@type":"ReadAction","target":["https:\/\/darkorchid-cheetah-525435.hostingersite.com\/product\/en-automatic-compression-testing-machines-with-welded-walls-cubes-cylinders-and-masonry-units\/"]}]},{"@type":"BreadcrumbList","@id":"https:\/\/darkorchid-cheetah-525435.hostingersite.com\/product\/en-automatic-compression-testing-machines-with-welded-walls-cubes-cylinders-and-masonry-units\/#breadcrumb","itemListElement":[{"@type":"ListItem","position":1,"name":"Home","item":"https:\/\/darkorchid-cheetah-525435.hostingersite.com\/"},{"@type":"ListItem","position":2,"name":"\u0422\u043e\u0432\u0430\u0440\u044b","item":"https:\/\/ykmtest.com\/ru\/shop\/"},{"@type":"ListItem","position":3,"name":"EN Automatic Compression Testing Machines with Welded Walls \u2013 Cubes, Cylinders, and Masonry Units"}]},{"@type":"WebSite","@id":"https:\/\/darkorchid-cheetah-525435.hostingersite.com\/#website","url":"https:\/\/darkorchid-cheetah-525435.hostingersite.com\/","name":"TEST YKM","description":"","publisher":{"@id":"https:\/\/darkorchid-cheetah-525435.hostingersite.com\/#organization"},"potentialAction":[{"@type":"SearchAction","target":{"@type":"EntryPoint","urlTemplate":"https:\/\/darkorchid-cheetah-525435.hostingersite.com\/?s={search_term_string}"},"query-input":{"@type":"PropertyValueSpecification","valueRequired":true,"valueName":"search_term_string"}}],"inLanguage":"it-IT"},{"@type":["Organization","Place"],"@id":"https:\/\/darkorchid-cheetah-525435.hostingersite.com\/#organization","name":"TEST YKM","url":"https:\/\/darkorchid-cheetah-525435.hostingersite.com\/","logo":{"@id":"https:\/\/darkorchid-cheetah-525435.hostingersite.com\/product\/en-automatic-compression-testing-machines-with-welded-walls-cubes-cylinders-and-masonry-units\/#local-main-organization-logo"},"image":{"@id":"https:\/\/darkorchid-cheetah-525435.hostingersite.com\/product\/en-automatic-compression-testing-machines-with-welded-walls-cubes-cylinders-and-masonry-units\/#local-main-organization-logo"},"telephone":[],"openingHoursSpecification":[{"@type":"OpeningHoursSpecification","dayOfWeek":["Monday","Tuesday","Wednesday","Thursday","Friday","Saturday","Sunday"],"opens":"09:00","closes":"17:00"}]},{"@type":"ImageObject","inLanguage":"it-IT","@id":"https:\/\/darkorchid-cheetah-525435.hostingersite.com\/product\/en-automatic-compression-testing-machines-with-welded-walls-cubes-cylinders-and-masonry-units\/#local-main-organization-logo","url":"https:\/\/ykmtest.com\/wp-content\/uploads\/2025\/10\/Asset-2@2x-8.png","contentUrl":"https:\/\/ykmtest.com\/wp-content\/uploads\/2025\/10\/Asset-2@2x-8.png","width":1550,"height":323,"caption":"YKM TEST"}]},"product_price_currency":"USD","og_availability":"instock","product_availability":"instock","product_condition":"new"},"_links":{"self":[{"href":"https:\/\/ykmtest.com\/it\/wp-json\/wp\/v2\/product\/11450","targetHints":{"allow":["GET"]}}],"collection":[{"href":"https:\/\/ykmtest.com\/it\/wp-json\/wp\/v2\/product"}],"about":[{"href":"https:\/\/ykmtest.com\/it\/wp-json\/wp\/v2\/types\/product"}],"version-history":[{"count":1,"href":"https:\/\/ykmtest.com\/it\/wp-json\/wp\/v2\/product\/11450\/revisions"}],"predecessor-version":[{"id":11451,"href":"https:\/\/ykmtest.com\/it\/wp-json\/wp\/v2\/product\/11450\/revisions\/11451"}],"wp:attachment":[{"href":"https:\/\/ykmtest.com\/it\/wp-json\/wp\/v2\/media?parent=11450"}],"wp:term":[{"taxonomy":"product_brand","embeddable":true,"href":"https:\/\/ykmtest.com\/it\/wp-json\/wp\/v2\/product_brand?post=11450"},{"taxonomy":"product_cat","embeddable":true,"href":"https:\/\/ykmtest.com\/it\/wp-json\/wp\/v2\/product_cat?post=11450"},{"taxonomy":"product_tag","embeddable":true,"href":"https:\/\/ykmtest.com\/it\/wp-json\/wp\/v2\/product_tag?post=11450"}],"curies":[{"name":"wp","href":"https:\/\/api.w.org\/{rel}","templated":true}]}}