{"id":11684,"date":"2025-12-30T09:13:19","date_gmt":"2025-12-30T09:13:19","guid":{"rendered":"https:\/\/ykmtest.com\/?post_type=product&#038;p=11684"},"modified":"2025-12-30T09:13:20","modified_gmt":"2025-12-30T09:13:20","slug":"automatic-specimen-grinding-machine-2","status":"publish","type":"product","link":"https:\/\/ykmtest.com\/it\/prodotto\/automatic-specimen-grinding-machine-2\/","title":{"rendered":"Macchina per la rettifica automatica dei campioni"},"content":{"rendered":"<p>La macchina assicura che i provini abbiano superfici finali piane, parallele e lisce, in particolare prima delle prove di resistenza e compressione. Grazie al potente sistema di motori e al meccanismo di controllo completamente automatico, la macchina rettifica le superfici dei campioni senza l'intervento dell'operatore. A seconda del diametro del provino, \u00e8 possibile lavorare contemporaneamente fino a tre campioni cilindrici. \u00c8 compatibile con dimensioni standard dei provini che vanno da \u00d838 mm a \u00d8200 mm. Il sistema di raffreddamento ad acqua utilizzato durante la rettifica evita il surriscaldamento, preserva la qualit\u00e0 della superficie e prolunga la durata del disco di rettifica. I campioni sono fissati con uno speciale sistema di serraggio che elimina le vibrazioni durante il funzionamento e garantisce un parallelismo ottimale della superficie. Il dispositivo pu\u00f2 essere programmato tramite un pannello di controllo di facile utilizzo per ottenere la finitura superficiale pi\u00f9 adatta ai diversi tipi di materiale. Grazie alla completa automazione, una volta impostati i parametri, l'intero processo di rettifica viene gestito automaticamente. Il corpo rigido in acciaio garantisce un'elevata resistenza e una lunga durata. La macchina per la rettifica automatica dei campioni offre una preparazione della superficie rapida, affidabile e conforme agli standard, ottimizzando le procedure di pre-test negli ambienti di laboratorio.<\/p>","protected":false},"excerpt":{"rendered":"<p class=\"p3\"><span lang=\"TR\">La rettificatrice automatica per superfici di provini \u00e8 un dispositivo di alta precisione progettato per preparare le superfici finali di provini ottenuti da calcestruzzo, roccia, pietra naturale e materiali simili in conformit\u00e0 con gli standard di prova pertinenti.<\/span><\/p>","protected":false},"featured_media":0,"template":"","meta":{"_acf_changed":false},"product_brand":[],"product_cat":[205,201],"product_tag":[],"class_list":{"0":"post-11684","1":"product","2":"type-product","3":"status-publish","5":"product_cat-coring-cutting-and-grinding-machines-rock","6":"product_cat-rock","9":"instock","10":"shipping-taxable","11":"product-type-simple"},"acf":[],"yoast_head":"<!-- This site is optimized with the Yoast SEO Premium plugin v26.5 (Yoast SEO v26.5) - https:\/\/yoast.com\/wordpress\/plugins\/seo\/ -->\n<title>Automatic Specimen Grinding Machine - YKM TEST<\/title>\n<meta name=\"description\" content=\"Automatic Specimen Surface Grinding Machine ensures flat, smooth, and parallel end surfaces of concrete, rock, and stone specimens with full automation and water cooling.\" \/>\n<meta name=\"robots\" content=\"index, follow, max-snippet:-1, max-image-preview:large, max-video-preview:-1\" \/>\n<link rel=\"canonical\" href=\"https:\/\/ykmtest.com\/it\/prodotto\/automatic-specimen-grinding-machine-2\/\" \/>\n<meta property=\"og:locale\" content=\"it_IT\" \/>\n<meta property=\"og:type\" content=\"article\" \/>\n<meta property=\"og:title\" content=\"Automatic Specimen Grinding Machine\" \/>\n<meta property=\"og:description\" content=\"Automatic Specimen Surface Grinding Machine ensures flat, smooth, and parallel end surfaces of concrete, rock, and stone specimens with full automation and water cooling.\" \/>\n<meta property=\"og:url\" content=\"https:\/\/ykmtest.com\/it\/prodotto\/automatic-specimen-grinding-machine-2\/\" \/>\n<meta property=\"og:site_name\" content=\"YKM TEST\" \/>\n<meta property=\"article:modified_time\" content=\"2025-12-30T09:13:20+00:00\" \/>\n<meta name=\"twitter:card\" content=\"summary_large_image\" \/>\n<meta name=\"twitter:label1\" content=\"Price\" \/>\n\t<meta name=\"twitter:data1\" content=\"\" \/>\n\t<meta name=\"twitter:label2\" content=\"Availability\" \/>\n\t<meta name=\"twitter:data2\" content=\"In stock\" \/>\n<script type=\"application\/ld+json\" class=\"yoast-schema-graph\">{\"@context\":\"https:\/\/schema.org\",\"@graph\":[{\"@type\":\"WebPage\",\"@id\":\"https:\/\/ykmtest.com\/product\/automatic-specimen-grinding-machine-2\/\",\"url\":\"https:\/\/ykmtest.com\/product\/automatic-specimen-grinding-machine-2\/\",\"name\":\"Automatic Specimen Grinding Machine - YKM TEST\",\"isPartOf\":{\"@id\":\"https:\/\/ykmtest.com\/#website\"},\"datePublished\":\"2025-12-30T09:13:19+00:00\",\"dateModified\":\"2025-12-30T09:13:20+00:00\",\"description\":\"Automatic Specimen Surface Grinding Machine ensures flat, smooth, and parallel end surfaces of concrete, rock, and stone specimens with full automation and water cooling.\",\"breadcrumb\":{\"@id\":\"https:\/\/ykmtest.com\/product\/automatic-specimen-grinding-machine-2\/#breadcrumb\"},\"inLanguage\":\"it-IT\",\"potentialAction\":[{\"@type\":\"ReadAction\",\"target\":[\"https:\/\/ykmtest.com\/product\/automatic-specimen-grinding-machine-2\/\"]}]},{\"@type\":\"BreadcrumbList\",\"@id\":\"https:\/\/ykmtest.com\/product\/automatic-specimen-grinding-machine-2\/#breadcrumb\",\"itemListElement\":[{\"@type\":\"ListItem\",\"position\":1,\"name\":\"Home\",\"item\":\"https:\/\/ykmtest.com\/\"},{\"@type\":\"ListItem\",\"position\":2,\"name\":\"Products\",\"item\":\"https:\/\/ykmtest.com\/shop\/\"},{\"@type\":\"ListItem\",\"position\":3,\"name\":\"Automatic Specimen Grinding Machine\"}]},{\"@type\":\"WebSite\",\"@id\":\"https:\/\/ykmtest.com\/#website\",\"url\":\"https:\/\/ykmtest.com\/\",\"name\":\"YKM TEST\",\"description\":\"\",\"publisher\":{\"@id\":\"https:\/\/ykmtest.com\/#organization\"},\"potentialAction\":[{\"@type\":\"SearchAction\",\"target\":{\"@type\":\"EntryPoint\",\"urlTemplate\":\"https:\/\/ykmtest.com\/?s={search_term_string}\"},\"query-input\":{\"@type\":\"PropertyValueSpecification\",\"valueRequired\":true,\"valueName\":\"search_term_string\"}}],\"inLanguage\":\"it-IT\"},{\"@type\":[\"Organization\",\"Place\"],\"@id\":\"https:\/\/ykmtest.com\/#organization\",\"name\":\"YKM TEST\",\"url\":\"https:\/\/ykmtest.com\/\",\"logo\":{\"@id\":\"https:\/\/ykmtest.com\/product\/automatic-specimen-grinding-machine-2\/#local-main-organization-logo\"},\"image\":{\"@id\":\"https:\/\/ykmtest.com\/product\/automatic-specimen-grinding-machine-2\/#local-main-organization-logo\"},\"telephone\":[],\"openingHoursSpecification\":[{\"@type\":\"OpeningHoursSpecification\",\"dayOfWeek\":[\"Monday\",\"Tuesday\",\"Wednesday\",\"Thursday\",\"Friday\",\"Saturday\",\"Sunday\"],\"opens\":\"09:00\",\"closes\":\"17:00\"}]},{\"@type\":\"ImageObject\",\"inLanguage\":\"it-IT\",\"@id\":\"https:\/\/ykmtest.com\/product\/automatic-specimen-grinding-machine-2\/#local-main-organization-logo\",\"url\":\"https:\/\/ykmtest.com\/wp-content\/uploads\/2025\/10\/Asset-2@2x-8.png\",\"contentUrl\":\"https:\/\/ykmtest.com\/wp-content\/uploads\/2025\/10\/Asset-2@2x-8.png\",\"width\":1550,\"height\":323,\"caption\":\"YKM TEST\"}]}<\/script>\n<meta property=\"product:price:currency\" content=\"USD\" \/>\n<meta property=\"og:availability\" content=\"instock\" \/>\n<meta property=\"product:availability\" content=\"instock\" \/>\n<meta property=\"product:condition\" content=\"new\" \/>\n<!-- \/ Yoast SEO Premium plugin. -->","yoast_head_json":{"title":"Automatic Specimen Grinding Machine - YKM TEST","description":"Automatic Specimen Surface Grinding Machine ensures flat, smooth, and parallel end surfaces of concrete, rock, and stone specimens with full automation and water cooling.","robots":{"index":"index","follow":"follow","max-snippet":"max-snippet:-1","max-image-preview":"max-image-preview:large","max-video-preview":"max-video-preview:-1"},"canonical":"https:\/\/ykmtest.com\/it\/prodotto\/automatic-specimen-grinding-machine-2\/","og_locale":"it_IT","og_type":"article","og_title":"Automatic Specimen Grinding Machine","og_description":"Automatic Specimen Surface Grinding Machine ensures flat, smooth, and parallel end surfaces of concrete, rock, and stone specimens with full automation and water cooling.","og_url":"https:\/\/ykmtest.com\/it\/prodotto\/automatic-specimen-grinding-machine-2\/","og_site_name":"YKM TEST","article_modified_time":"2025-12-30T09:13:20+00:00","twitter_card":"summary_large_image","twitter_misc":{"Price":"","Availability":"In stock"},"schema":{"@context":"https:\/\/schema.org","@graph":[{"@type":"WebPage","@id":"https:\/\/ykmtest.com\/product\/automatic-specimen-grinding-machine-2\/","url":"https:\/\/ykmtest.com\/product\/automatic-specimen-grinding-machine-2\/","name":"Automatic Specimen Grinding Machine - YKM TEST","isPartOf":{"@id":"https:\/\/ykmtest.com\/#website"},"datePublished":"2025-12-30T09:13:19+00:00","dateModified":"2025-12-30T09:13:20+00:00","description":"Automatic Specimen Surface Grinding Machine ensures flat, smooth, and parallel end surfaces of concrete, rock, and stone specimens with full automation and water cooling.","breadcrumb":{"@id":"https:\/\/ykmtest.com\/product\/automatic-specimen-grinding-machine-2\/#breadcrumb"},"inLanguage":"it-IT","potentialAction":[{"@type":"ReadAction","target":["https:\/\/ykmtest.com\/product\/automatic-specimen-grinding-machine-2\/"]}]},{"@type":"BreadcrumbList","@id":"https:\/\/ykmtest.com\/product\/automatic-specimen-grinding-machine-2\/#breadcrumb","itemListElement":[{"@type":"ListItem","position":1,"name":"Home","item":"https:\/\/ykmtest.com\/"},{"@type":"ListItem","position":2,"name":"Products","item":"https:\/\/ykmtest.com\/shop\/"},{"@type":"ListItem","position":3,"name":"Automatic Specimen Grinding Machine"}]},{"@type":"WebSite","@id":"https:\/\/ykmtest.com\/#website","url":"https:\/\/ykmtest.com\/","name":"TEST YKM","description":"","publisher":{"@id":"https:\/\/ykmtest.com\/#organization"},"potentialAction":[{"@type":"SearchAction","target":{"@type":"EntryPoint","urlTemplate":"https:\/\/ykmtest.com\/?s={search_term_string}"},"query-input":{"@type":"PropertyValueSpecification","valueRequired":true,"valueName":"search_term_string"}}],"inLanguage":"it-IT"},{"@type":["Organization","Place"],"@id":"https:\/\/ykmtest.com\/#organization","name":"TEST YKM","url":"https:\/\/ykmtest.com\/","logo":{"@id":"https:\/\/ykmtest.com\/product\/automatic-specimen-grinding-machine-2\/#local-main-organization-logo"},"image":{"@id":"https:\/\/ykmtest.com\/product\/automatic-specimen-grinding-machine-2\/#local-main-organization-logo"},"telephone":[],"openingHoursSpecification":[{"@type":"OpeningHoursSpecification","dayOfWeek":["Monday","Tuesday","Wednesday","Thursday","Friday","Saturday","Sunday"],"opens":"09:00","closes":"17:00"}]},{"@type":"ImageObject","inLanguage":"it-IT","@id":"https:\/\/ykmtest.com\/product\/automatic-specimen-grinding-machine-2\/#local-main-organization-logo","url":"https:\/\/ykmtest.com\/wp-content\/uploads\/2025\/10\/Asset-2@2x-8.png","contentUrl":"https:\/\/ykmtest.com\/wp-content\/uploads\/2025\/10\/Asset-2@2x-8.png","width":1550,"height":323,"caption":"YKM TEST"}]},"product_price_currency":"USD","og_availability":"instock","product_availability":"instock","product_condition":"new"},"_links":{"self":[{"href":"https:\/\/ykmtest.com\/it\/wp-json\/wp\/v2\/product\/11684","targetHints":{"allow":["GET"]}}],"collection":[{"href":"https:\/\/ykmtest.com\/it\/wp-json\/wp\/v2\/product"}],"about":[{"href":"https:\/\/ykmtest.com\/it\/wp-json\/wp\/v2\/types\/product"}],"version-history":[{"count":1,"href":"https:\/\/ykmtest.com\/it\/wp-json\/wp\/v2\/product\/11684\/revisions"}],"predecessor-version":[{"id":11685,"href":"https:\/\/ykmtest.com\/it\/wp-json\/wp\/v2\/product\/11684\/revisions\/11685"}],"wp:attachment":[{"href":"https:\/\/ykmtest.com\/it\/wp-json\/wp\/v2\/media?parent=11684"}],"wp:term":[{"taxonomy":"product_brand","embeddable":true,"href":"https:\/\/ykmtest.com\/it\/wp-json\/wp\/v2\/product_brand?post=11684"},{"taxonomy":"product_cat","embeddable":true,"href":"https:\/\/ykmtest.com\/it\/wp-json\/wp\/v2\/product_cat?post=11684"},{"taxonomy":"product_tag","embeddable":true,"href":"https:\/\/ykmtest.com\/it\/wp-json\/wp\/v2\/product_tag?post=11684"}],"curies":[{"name":"wp","href":"https:\/\/api.w.org\/{rel}","templated":true}]}}