{"id":11749,"date":"2026-01-02T08:47:27","date_gmt":"2026-01-02T08:47:27","guid":{"rendered":"https:\/\/ykmtest.com\/?post_type=product&#038;p=11749"},"modified":"2026-01-08T11:12:54","modified_gmt":"2026-01-08T11:12:54","slug":"workable-life-stiffening-time-setting-time-apparatus","status":"publish","type":"product","link":"https:\/\/ykmtest.com\/it\/prodotto\/workable-life-stiffening-time-setting-time-apparatus\/","title":{"rendered":"Durata di lavoro, tempo di irrigidimento e tempo di presa dell'apparecchio"},"content":{"rendered":"<p class=\"p3\"><span lang=\"TR\">L'apparecchiatura per il monitoraggio della vita utile, dell'irrigidimento e del tempo di presa di leganti a base di cemento, malta, boiacca e gesso \u00e8 stata progettata per monitorare in modo affidabile e ripetibile la vita utile, l'inizio dell'irrigidimento e il tempo di presa su un'unica piattaforma. L'apparecchiatura consiste in uno stativo integrato con cella di carico, colonna di carico, asta di penetrazione e un contenitore standard per i campioni. Il test si basa sulla penetrazione periodica della superficie del provino con l'asta. Quando la miscela si irrigidisce nel tempo, la profondit\u00e0 di penetrazione diminuisce; quando l'asta non riesce pi\u00f9 a penetrare alla profondit\u00e0 specificata, il valore di resistenza misurato dalla cella di carico indica il momento in cui il materiale perde la lavorabilit\u00e0.<\/span><\/p>","protected":false},"excerpt":{"rendered":"<p>L'apparecchiatura per la vita utile, l'irrigidimento e il tempo di presa \u00e8 un sistema di penetrazione basato su celle di carico che misura periodicamente la resistenza e la profondit\u00e0 di penetrazione per determinare la vita utile, l'inizio dell'irrigidimento e il tempo di presa finale di miscele di cemento, malta, boiacca e gesso su un'unica piattaforma di prova.<\/p>","protected":false},"featured_media":0,"template":"","meta":{"_acf_changed":false},"product_brand":[],"product_cat":[159,168],"product_tag":[],"class_list":{"0":"post-11749","1":"product","2":"type-product","3":"status-publish","5":"product_cat-cement-mortar","6":"product_cat-setting-time-and-consistency","9":"instock","10":"shipping-taxable","11":"product-type-simple"},"acf":[],"yoast_head":"<!-- This site is optimized with the Yoast SEO Premium plugin v26.5 (Yoast SEO v26.5) - https:\/\/yoast.com\/wordpress\/plugins\/seo\/ -->\n<title>Workable Life, Stiffening Time &amp; Setting Time Apparatus - YKM TEST<\/title>\n<meta name=\"description\" content=\"Workable Life, Stiffening Time &amp; Setting Time Apparatus is a load-cell-based laboratory device for determining workable life and setting behavior of cement, mortar, grout, and gypsum.\" \/>\n<meta name=\"robots\" content=\"index, follow, max-snippet:-1, max-image-preview:large, max-video-preview:-1\" \/>\n<link rel=\"canonical\" href=\"https:\/\/ykmtest.com\/it\/prodotto\/workable-life-stiffening-time-setting-time-apparatus\/\" \/>\n<meta property=\"og:locale\" content=\"it_IT\" \/>\n<meta property=\"og:type\" content=\"article\" \/>\n<meta property=\"og:title\" content=\"Workable Life, Stiffening Time &amp; Setting Time Apparatus\" \/>\n<meta property=\"og:description\" content=\"Workable Life, Stiffening Time &amp; Setting Time Apparatus is a load-cell-based laboratory device for determining workable life and setting behavior of cement, mortar, grout, and gypsum.\" \/>\n<meta property=\"og:url\" content=\"https:\/\/ykmtest.com\/it\/prodotto\/workable-life-stiffening-time-setting-time-apparatus\/\" \/>\n<meta property=\"og:site_name\" content=\"YKM TEST\" \/>\n<meta property=\"article:modified_time\" content=\"2026-01-08T11:12:54+00:00\" \/>\n<meta name=\"twitter:card\" content=\"summary_large_image\" \/>\n<meta name=\"twitter:label1\" content=\"Price\" \/>\n\t<meta name=\"twitter:data1\" content=\"\" \/>\n\t<meta name=\"twitter:label2\" content=\"Availability\" \/>\n\t<meta name=\"twitter:data2\" content=\"In stock\" \/>\n<script type=\"application\/ld+json\" class=\"yoast-schema-graph\">{\"@context\":\"https:\/\/schema.org\",\"@graph\":[{\"@type\":\"WebPage\",\"@id\":\"https:\/\/ykmtest.com\/product\/workable-life-stiffening-time-setting-time-apparatus\/\",\"url\":\"https:\/\/ykmtest.com\/product\/workable-life-stiffening-time-setting-time-apparatus\/\",\"name\":\"Workable Life, Stiffening Time & Setting Time Apparatus - YKM TEST\",\"isPartOf\":{\"@id\":\"https:\/\/ykmtest.com\/#website\"},\"datePublished\":\"2026-01-02T08:47:27+00:00\",\"dateModified\":\"2026-01-08T11:12:54+00:00\",\"description\":\"Workable Life, Stiffening Time & Setting Time Apparatus is a load-cell-based laboratory device for determining workable life and setting behavior of cement, mortar, grout, and gypsum.\",\"breadcrumb\":{\"@id\":\"https:\/\/ykmtest.com\/product\/workable-life-stiffening-time-setting-time-apparatus\/#breadcrumb\"},\"inLanguage\":\"it-IT\",\"potentialAction\":[{\"@type\":\"ReadAction\",\"target\":[\"https:\/\/ykmtest.com\/product\/workable-life-stiffening-time-setting-time-apparatus\/\"]}]},{\"@type\":\"BreadcrumbList\",\"@id\":\"https:\/\/ykmtest.com\/product\/workable-life-stiffening-time-setting-time-apparatus\/#breadcrumb\",\"itemListElement\":[{\"@type\":\"ListItem\",\"position\":1,\"name\":\"Home\",\"item\":\"https:\/\/ykmtest.com\/\"},{\"@type\":\"ListItem\",\"position\":2,\"name\":\"Products\",\"item\":\"https:\/\/ykmtest.com\/shop\/\"},{\"@type\":\"ListItem\",\"position\":3,\"name\":\"Workable Life, Stiffening Time &#038; Setting Time Apparatus\"}]},{\"@type\":\"WebSite\",\"@id\":\"https:\/\/ykmtest.com\/#website\",\"url\":\"https:\/\/ykmtest.com\/\",\"name\":\"YKM TEST\",\"description\":\"\",\"publisher\":{\"@id\":\"https:\/\/ykmtest.com\/#organization\"},\"potentialAction\":[{\"@type\":\"SearchAction\",\"target\":{\"@type\":\"EntryPoint\",\"urlTemplate\":\"https:\/\/ykmtest.com\/?s={search_term_string}\"},\"query-input\":{\"@type\":\"PropertyValueSpecification\",\"valueRequired\":true,\"valueName\":\"search_term_string\"}}],\"inLanguage\":\"it-IT\"},{\"@type\":[\"Organization\",\"Place\"],\"@id\":\"https:\/\/ykmtest.com\/#organization\",\"name\":\"YKM TEST\",\"url\":\"https:\/\/ykmtest.com\/\",\"logo\":{\"@id\":\"https:\/\/ykmtest.com\/product\/workable-life-stiffening-time-setting-time-apparatus\/#local-main-organization-logo\"},\"image\":{\"@id\":\"https:\/\/ykmtest.com\/product\/workable-life-stiffening-time-setting-time-apparatus\/#local-main-organization-logo\"},\"telephone\":[],\"openingHoursSpecification\":[{\"@type\":\"OpeningHoursSpecification\",\"dayOfWeek\":[\"Monday\",\"Tuesday\",\"Wednesday\",\"Thursday\",\"Friday\",\"Saturday\",\"Sunday\"],\"opens\":\"09:00\",\"closes\":\"17:00\"}]},{\"@type\":\"ImageObject\",\"inLanguage\":\"it-IT\",\"@id\":\"https:\/\/ykmtest.com\/product\/workable-life-stiffening-time-setting-time-apparatus\/#local-main-organization-logo\",\"url\":\"https:\/\/ykmtest.com\/wp-content\/uploads\/2025\/10\/Asset-2@2x-8.png\",\"contentUrl\":\"https:\/\/ykmtest.com\/wp-content\/uploads\/2025\/10\/Asset-2@2x-8.png\",\"width\":1550,\"height\":323,\"caption\":\"YKM TEST\"}]}<\/script>\n<meta property=\"product:price:currency\" content=\"USD\" \/>\n<meta property=\"og:availability\" content=\"instock\" \/>\n<meta property=\"product:availability\" content=\"instock\" \/>\n<meta property=\"product:condition\" content=\"new\" \/>\n<!-- \/ Yoast SEO Premium plugin. -->","yoast_head_json":{"title":"Workable Life, Stiffening Time & Setting Time Apparatus - YKM TEST","description":"Workable Life, Stiffening Time & Setting Time Apparatus is a load-cell-based laboratory device for determining workable life and setting behavior of cement, mortar, grout, and gypsum.","robots":{"index":"index","follow":"follow","max-snippet":"max-snippet:-1","max-image-preview":"max-image-preview:large","max-video-preview":"max-video-preview:-1"},"canonical":"https:\/\/ykmtest.com\/it\/prodotto\/workable-life-stiffening-time-setting-time-apparatus\/","og_locale":"it_IT","og_type":"article","og_title":"Workable Life, Stiffening Time & Setting Time Apparatus","og_description":"Workable Life, Stiffening Time & Setting Time Apparatus is a load-cell-based laboratory device for determining workable life and setting behavior of cement, mortar, grout, and gypsum.","og_url":"https:\/\/ykmtest.com\/it\/prodotto\/workable-life-stiffening-time-setting-time-apparatus\/","og_site_name":"YKM TEST","article_modified_time":"2026-01-08T11:12:54+00:00","twitter_card":"summary_large_image","twitter_misc":{"Price":"","Availability":"In stock"},"schema":{"@context":"https:\/\/schema.org","@graph":[{"@type":"WebPage","@id":"https:\/\/ykmtest.com\/product\/workable-life-stiffening-time-setting-time-apparatus\/","url":"https:\/\/ykmtest.com\/product\/workable-life-stiffening-time-setting-time-apparatus\/","name":"Workable Life, Stiffening Time & Setting Time Apparatus - YKM TEST","isPartOf":{"@id":"https:\/\/ykmtest.com\/#website"},"datePublished":"2026-01-02T08:47:27+00:00","dateModified":"2026-01-08T11:12:54+00:00","description":"Workable Life, Stiffening Time & Setting Time Apparatus is a load-cell-based laboratory device for determining workable life and setting behavior of cement, mortar, grout, and gypsum.","breadcrumb":{"@id":"https:\/\/ykmtest.com\/product\/workable-life-stiffening-time-setting-time-apparatus\/#breadcrumb"},"inLanguage":"it-IT","potentialAction":[{"@type":"ReadAction","target":["https:\/\/ykmtest.com\/product\/workable-life-stiffening-time-setting-time-apparatus\/"]}]},{"@type":"BreadcrumbList","@id":"https:\/\/ykmtest.com\/product\/workable-life-stiffening-time-setting-time-apparatus\/#breadcrumb","itemListElement":[{"@type":"ListItem","position":1,"name":"Home","item":"https:\/\/ykmtest.com\/"},{"@type":"ListItem","position":2,"name":"Products","item":"https:\/\/ykmtest.com\/shop\/"},{"@type":"ListItem","position":3,"name":"Workable Life, Stiffening Time &#038; Setting Time Apparatus"}]},{"@type":"WebSite","@id":"https:\/\/ykmtest.com\/#website","url":"https:\/\/ykmtest.com\/","name":"TEST YKM","description":"","publisher":{"@id":"https:\/\/ykmtest.com\/#organization"},"potentialAction":[{"@type":"SearchAction","target":{"@type":"EntryPoint","urlTemplate":"https:\/\/ykmtest.com\/?s={search_term_string}"},"query-input":{"@type":"PropertyValueSpecification","valueRequired":true,"valueName":"search_term_string"}}],"inLanguage":"it-IT"},{"@type":["Organization","Place"],"@id":"https:\/\/ykmtest.com\/#organization","name":"TEST YKM","url":"https:\/\/ykmtest.com\/","logo":{"@id":"https:\/\/ykmtest.com\/product\/workable-life-stiffening-time-setting-time-apparatus\/#local-main-organization-logo"},"image":{"@id":"https:\/\/ykmtest.com\/product\/workable-life-stiffening-time-setting-time-apparatus\/#local-main-organization-logo"},"telephone":[],"openingHoursSpecification":[{"@type":"OpeningHoursSpecification","dayOfWeek":["Monday","Tuesday","Wednesday","Thursday","Friday","Saturday","Sunday"],"opens":"09:00","closes":"17:00"}]},{"@type":"ImageObject","inLanguage":"it-IT","@id":"https:\/\/ykmtest.com\/product\/workable-life-stiffening-time-setting-time-apparatus\/#local-main-organization-logo","url":"https:\/\/ykmtest.com\/wp-content\/uploads\/2025\/10\/Asset-2@2x-8.png","contentUrl":"https:\/\/ykmtest.com\/wp-content\/uploads\/2025\/10\/Asset-2@2x-8.png","width":1550,"height":323,"caption":"YKM TEST"}]},"product_price_currency":"USD","og_availability":"instock","product_availability":"instock","product_condition":"new"},"_links":{"self":[{"href":"https:\/\/ykmtest.com\/it\/wp-json\/wp\/v2\/product\/11749","targetHints":{"allow":["GET"]}}],"collection":[{"href":"https:\/\/ykmtest.com\/it\/wp-json\/wp\/v2\/product"}],"about":[{"href":"https:\/\/ykmtest.com\/it\/wp-json\/wp\/v2\/types\/product"}],"version-history":[{"count":2,"href":"https:\/\/ykmtest.com\/it\/wp-json\/wp\/v2\/product\/11749\/revisions"}],"predecessor-version":[{"id":12029,"href":"https:\/\/ykmtest.com\/it\/wp-json\/wp\/v2\/product\/11749\/revisions\/12029"}],"wp:attachment":[{"href":"https:\/\/ykmtest.com\/it\/wp-json\/wp\/v2\/media?parent=11749"}],"wp:term":[{"taxonomy":"product_brand","embeddable":true,"href":"https:\/\/ykmtest.com\/it\/wp-json\/wp\/v2\/product_brand?post=11749"},{"taxonomy":"product_cat","embeddable":true,"href":"https:\/\/ykmtest.com\/it\/wp-json\/wp\/v2\/product_cat?post=11749"},{"taxonomy":"product_tag","embeddable":true,"href":"https:\/\/ykmtest.com\/it\/wp-json\/wp\/v2\/product_tag?post=11749"}],"curies":[{"name":"wp","href":"https:\/\/api.w.org\/{rel}","templated":true}]}}