{"id":6609,"date":"2025-10-08T16:36:29","date_gmt":"2025-10-08T16:36:29","guid":{"rendered":"https:\/\/ykmtest.com\/?post_type=product&#038;p=6609"},"modified":"2025-10-12T09:17:49","modified_gmt":"2025-10-12T09:17:49","slug":"engler-viscometer","status":"publish","type":"product","link":"https:\/\/ykmtest.com\/it\/prodotto\/engler-viscometer\/","title":{"rendered":"Viscosimetro Engler"},"content":{"rendered":"","protected":false},"excerpt":{"rendered":"<p>Questo dispositivo \u00e8 stato progettato per confrontare la viscosit\u00e0 degli oli e dei catrami stradali con quella dell'acqua. \u00c8 dotato di un bagno d'acqua con termoregolatore digitale per un controllo preciso della temperatura, un agitatore elettrico per garantire una distribuzione uniforme della temperatura, un sistema di raffreddamento e un pallone Engler. Per una maggiore sicurezza, il dispositivo include un sistema a doppio termostato per prevenire il potenziale surriscaldamento, assicurando un ambiente di test sicuro. Queste caratteristiche consentono di ottenere processi di test affidabili e senza intoppi.<\/p>","protected":false},"featured_media":7061,"template":"","meta":{"_acf_changed":false},"product_brand":[],"product_cat":[211],"product_tag":[],"class_list":{"0":"post-6609","1":"product","2":"type-product","3":"status-publish","4":"has-post-thumbnail","6":"product_cat-asphalt-bitumen","9":"instock","10":"shipping-taxable","11":"product-type-simple"},"acf":[],"yoast_head":"<!-- This site is optimized with the Yoast SEO Premium plugin v26.5 (Yoast SEO v26.5) - https:\/\/yoast.com\/wordpress\/plugins\/seo\/ -->\n<title>Engler Viscometer - YKM TEST<\/title>\n<meta name=\"robots\" content=\"index, follow, max-snippet:-1, max-image-preview:large, max-video-preview:-1\" \/>\n<link rel=\"canonical\" href=\"https:\/\/ykmtest.com\/it\/prodotto\/engler-viscometer\/\" \/>\n<meta property=\"og:locale\" content=\"it_IT\" \/>\n<meta property=\"og:type\" content=\"article\" \/>\n<meta property=\"og:title\" content=\"Engler Viscometer\" \/>\n<meta property=\"og:description\" content=\"This device is designed to compare the viscosity of road oils and tars with that of water. It features a water bath equipped with a digital thermoregulator for precise temperature control, an electric stirrer to ensure even temperature distribution, a cooling system, and an Engler flask. For enhanced safety, the device includes a dual thermostat system to prevent potential overheating, ensuring a secure testing environment. These features allow for smooth and reliable testing processes.\" \/>\n<meta property=\"og:url\" content=\"https:\/\/ykmtest.com\/it\/prodotto\/engler-viscometer\/\" \/>\n<meta property=\"og:site_name\" content=\"YKM TEST\" \/>\n<meta property=\"article:modified_time\" content=\"2025-10-12T09:17:49+00:00\" \/>\n<meta property=\"og:image\" content=\"https:\/\/ykmtest.com\/wp-content\/uploads\/2025\/10\/Screenshot_2.png\" \/>\n\t<meta property=\"og:image:width\" content=\"1100\" \/>\n\t<meta property=\"og:image:height\" content=\"800\" \/>\n\t<meta property=\"og:image:type\" content=\"image\/png\" \/>\n<meta name=\"twitter:card\" content=\"summary_large_image\" \/>\n<meta name=\"twitter:label1\" content=\"Prezzo\" \/>\n\t<meta name=\"twitter:data1\" content=\"\" \/>\n\t<meta name=\"twitter:label2\" content=\"Disponibilit\u00e0\" \/>\n\t<meta name=\"twitter:data2\" content=\"In stock\" \/>\n<script type=\"application\/ld+json\" class=\"yoast-schema-graph\">{\"@context\":\"https:\/\/schema.org\",\"@graph\":[{\"@type\":\"WebPage\",\"@id\":\"https:\/\/ykmtest.com\/product\/engler-viscometer\/\",\"url\":\"https:\/\/ykmtest.com\/product\/engler-viscometer\/\",\"name\":\"Engler Viscometer - YKM TEST\",\"isPartOf\":{\"@id\":\"https:\/\/darkorchid-cheetah-525435.hostingersite.com\/#website\"},\"primaryImageOfPage\":{\"@id\":\"https:\/\/ykmtest.com\/product\/engler-viscometer\/#primaryimage\"},\"image\":{\"@id\":\"https:\/\/ykmtest.com\/product\/engler-viscometer\/#primaryimage\"},\"thumbnailUrl\":\"https:\/\/ykmtest.com\/wp-content\/uploads\/2025\/10\/Screenshot_2.png\",\"datePublished\":\"2025-10-08T16:36:29+00:00\",\"dateModified\":\"2025-10-12T09:17:49+00:00\",\"breadcrumb\":{\"@id\":\"https:\/\/ykmtest.com\/product\/engler-viscometer\/#breadcrumb\"},\"inLanguage\":\"it-IT\",\"potentialAction\":[{\"@type\":\"ReadAction\",\"target\":[\"https:\/\/ykmtest.com\/product\/engler-viscometer\/\"]}]},{\"@type\":\"ImageObject\",\"inLanguage\":\"it-IT\",\"@id\":\"https:\/\/ykmtest.com\/product\/engler-viscometer\/#primaryimage\",\"url\":\"https:\/\/ykmtest.com\/wp-content\/uploads\/2025\/10\/Screenshot_2.png\",\"contentUrl\":\"https:\/\/ykmtest.com\/wp-content\/uploads\/2025\/10\/Screenshot_2.png\",\"width\":1100,\"height\":800},{\"@type\":\"BreadcrumbList\",\"@id\":\"https:\/\/ykmtest.com\/product\/engler-viscometer\/#breadcrumb\",\"itemListElement\":[{\"@type\":\"ListItem\",\"position\":1,\"name\":\"Home\",\"item\":\"https:\/\/darkorchid-cheetah-525435.hostingersite.com\/\"},{\"@type\":\"ListItem\",\"position\":2,\"name\":\"\u0422\u043e\u0432\u0430\u0440\u044b\",\"item\":\"https:\/\/ykmtest.com\/ru\/shop\/\"},{\"@type\":\"ListItem\",\"position\":3,\"name\":\"Engler Viscometer\"}]},{\"@type\":\"WebSite\",\"@id\":\"https:\/\/darkorchid-cheetah-525435.hostingersite.com\/#website\",\"url\":\"https:\/\/darkorchid-cheetah-525435.hostingersite.com\/\",\"name\":\"YKM TEST\",\"description\":\"\",\"publisher\":{\"@id\":\"https:\/\/darkorchid-cheetah-525435.hostingersite.com\/#organization\"},\"potentialAction\":[{\"@type\":\"SearchAction\",\"target\":{\"@type\":\"EntryPoint\",\"urlTemplate\":\"https:\/\/darkorchid-cheetah-525435.hostingersite.com\/?s={search_term_string}\"},\"query-input\":{\"@type\":\"PropertyValueSpecification\",\"valueRequired\":true,\"valueName\":\"search_term_string\"}}],\"inLanguage\":\"it-IT\"},{\"@type\":[\"Organization\",\"Place\"],\"@id\":\"https:\/\/darkorchid-cheetah-525435.hostingersite.com\/#organization\",\"name\":\"YKM TEST\",\"url\":\"https:\/\/darkorchid-cheetah-525435.hostingersite.com\/\",\"logo\":{\"@id\":\"https:\/\/ykmtest.com\/product\/engler-viscometer\/#local-main-organization-logo\"},\"image\":{\"@id\":\"https:\/\/ykmtest.com\/product\/engler-viscometer\/#local-main-organization-logo\"},\"telephone\":[],\"openingHoursSpecification\":[{\"@type\":\"OpeningHoursSpecification\",\"dayOfWeek\":[\"Monday\",\"Tuesday\",\"Wednesday\",\"Thursday\",\"Friday\",\"Saturday\",\"Sunday\"],\"opens\":\"09:00\",\"closes\":\"17:00\"}]},{\"@type\":\"ImageObject\",\"inLanguage\":\"it-IT\",\"@id\":\"https:\/\/ykmtest.com\/product\/engler-viscometer\/#local-main-organization-logo\",\"url\":\"https:\/\/ykmtest.com\/wp-content\/uploads\/2025\/10\/Asset-2@2x-8.png\",\"contentUrl\":\"https:\/\/ykmtest.com\/wp-content\/uploads\/2025\/10\/Asset-2@2x-8.png\",\"width\":1550,\"height\":323,\"caption\":\"YKM TEST\"}]}<\/script>\n<meta property=\"product:price:currency\" content=\"USD\" \/>\n<meta property=\"og:availability\" content=\"instock\" \/>\n<meta property=\"product:availability\" content=\"instock\" \/>\n<meta property=\"product:condition\" content=\"new\" \/>\n<!-- \/ Yoast SEO Premium plugin. -->","yoast_head_json":{"title":"Engler Viscometer - YKM TEST","robots":{"index":"index","follow":"follow","max-snippet":"max-snippet:-1","max-image-preview":"max-image-preview:large","max-video-preview":"max-video-preview:-1"},"canonical":"https:\/\/ykmtest.com\/it\/prodotto\/engler-viscometer\/","og_locale":"it_IT","og_type":"article","og_title":"Engler Viscometer","og_description":"This device is designed to compare the viscosity of road oils and tars with that of water. It features a water bath equipped with a digital thermoregulator for precise temperature control, an electric stirrer to ensure even temperature distribution, a cooling system, and an Engler flask. For enhanced safety, the device includes a dual thermostat system to prevent potential overheating, ensuring a secure testing environment. These features allow for smooth and reliable testing processes.","og_url":"https:\/\/ykmtest.com\/it\/prodotto\/engler-viscometer\/","og_site_name":"YKM TEST","article_modified_time":"2025-10-12T09:17:49+00:00","og_image":[{"width":1100,"height":800,"url":"https:\/\/ykmtest.com\/wp-content\/uploads\/2025\/10\/Screenshot_2.png","type":"image\/png"}],"twitter_card":"summary_large_image","twitter_misc":{"Prezzo":"","Disponibilit\u00e0":"In stock"},"schema":{"@context":"https:\/\/schema.org","@graph":[{"@type":"WebPage","@id":"https:\/\/ykmtest.com\/product\/engler-viscometer\/","url":"https:\/\/ykmtest.com\/product\/engler-viscometer\/","name":"Engler Viscometer - YKM TEST","isPartOf":{"@id":"https:\/\/darkorchid-cheetah-525435.hostingersite.com\/#website"},"primaryImageOfPage":{"@id":"https:\/\/ykmtest.com\/product\/engler-viscometer\/#primaryimage"},"image":{"@id":"https:\/\/ykmtest.com\/product\/engler-viscometer\/#primaryimage"},"thumbnailUrl":"https:\/\/ykmtest.com\/wp-content\/uploads\/2025\/10\/Screenshot_2.png","datePublished":"2025-10-08T16:36:29+00:00","dateModified":"2025-10-12T09:17:49+00:00","breadcrumb":{"@id":"https:\/\/ykmtest.com\/product\/engler-viscometer\/#breadcrumb"},"inLanguage":"it-IT","potentialAction":[{"@type":"ReadAction","target":["https:\/\/ykmtest.com\/product\/engler-viscometer\/"]}]},{"@type":"ImageObject","inLanguage":"it-IT","@id":"https:\/\/ykmtest.com\/product\/engler-viscometer\/#primaryimage","url":"https:\/\/ykmtest.com\/wp-content\/uploads\/2025\/10\/Screenshot_2.png","contentUrl":"https:\/\/ykmtest.com\/wp-content\/uploads\/2025\/10\/Screenshot_2.png","width":1100,"height":800},{"@type":"BreadcrumbList","@id":"https:\/\/ykmtest.com\/product\/engler-viscometer\/#breadcrumb","itemListElement":[{"@type":"ListItem","position":1,"name":"Home","item":"https:\/\/darkorchid-cheetah-525435.hostingersite.com\/"},{"@type":"ListItem","position":2,"name":"\u0422\u043e\u0432\u0430\u0440\u044b","item":"https:\/\/ykmtest.com\/ru\/shop\/"},{"@type":"ListItem","position":3,"name":"Engler Viscometer"}]},{"@type":"WebSite","@id":"https:\/\/darkorchid-cheetah-525435.hostingersite.com\/#website","url":"https:\/\/darkorchid-cheetah-525435.hostingersite.com\/","name":"TEST YKM","description":"","publisher":{"@id":"https:\/\/darkorchid-cheetah-525435.hostingersite.com\/#organization"},"potentialAction":[{"@type":"SearchAction","target":{"@type":"EntryPoint","urlTemplate":"https:\/\/darkorchid-cheetah-525435.hostingersite.com\/?s={search_term_string}"},"query-input":{"@type":"PropertyValueSpecification","valueRequired":true,"valueName":"search_term_string"}}],"inLanguage":"it-IT"},{"@type":["Organization","Place"],"@id":"https:\/\/darkorchid-cheetah-525435.hostingersite.com\/#organization","name":"TEST YKM","url":"https:\/\/darkorchid-cheetah-525435.hostingersite.com\/","logo":{"@id":"https:\/\/ykmtest.com\/product\/engler-viscometer\/#local-main-organization-logo"},"image":{"@id":"https:\/\/ykmtest.com\/product\/engler-viscometer\/#local-main-organization-logo"},"telephone":[],"openingHoursSpecification":[{"@type":"OpeningHoursSpecification","dayOfWeek":["Monday","Tuesday","Wednesday","Thursday","Friday","Saturday","Sunday"],"opens":"09:00","closes":"17:00"}]},{"@type":"ImageObject","inLanguage":"it-IT","@id":"https:\/\/ykmtest.com\/product\/engler-viscometer\/#local-main-organization-logo","url":"https:\/\/ykmtest.com\/wp-content\/uploads\/2025\/10\/Asset-2@2x-8.png","contentUrl":"https:\/\/ykmtest.com\/wp-content\/uploads\/2025\/10\/Asset-2@2x-8.png","width":1550,"height":323,"caption":"YKM TEST"}]},"product_price_currency":"USD","og_availability":"instock","product_availability":"instock","product_condition":"new"},"_links":{"self":[{"href":"https:\/\/ykmtest.com\/it\/wp-json\/wp\/v2\/product\/6609","targetHints":{"allow":["GET"]}}],"collection":[{"href":"https:\/\/ykmtest.com\/it\/wp-json\/wp\/v2\/product"}],"about":[{"href":"https:\/\/ykmtest.com\/it\/wp-json\/wp\/v2\/types\/product"}],"version-history":[{"count":0,"href":"https:\/\/ykmtest.com\/it\/wp-json\/wp\/v2\/product\/6609\/revisions"}],"wp:featuredmedia":[{"embeddable":true,"href":"https:\/\/ykmtest.com\/it\/wp-json\/wp\/v2\/media\/7061"}],"wp:attachment":[{"href":"https:\/\/ykmtest.com\/it\/wp-json\/wp\/v2\/media?parent=6609"}],"wp:term":[{"taxonomy":"product_brand","embeddable":true,"href":"https:\/\/ykmtest.com\/it\/wp-json\/wp\/v2\/product_brand?post=6609"},{"taxonomy":"product_cat","embeddable":true,"href":"https:\/\/ykmtest.com\/it\/wp-json\/wp\/v2\/product_cat?post=6609"},{"taxonomy":"product_tag","embeddable":true,"href":"https:\/\/ykmtest.com\/it\/wp-json\/wp\/v2\/product_tag?post=6609"}],"curies":[{"name":"wp","href":"https:\/\/api.w.org\/{rel}","templated":true}]}}