{"id":6658,"date":"2025-10-08T19:21:09","date_gmt":"2025-10-08T19:21:09","guid":{"rendered":"https:\/\/ykmtest.com\/?post_type=product&#038;p=6658"},"modified":"2025-10-12T07:58:28","modified_gmt":"2025-10-12T07:58:28","slug":"smhmidt-hammer-n-type","status":"publish","type":"product","link":"https:\/\/ykmtest.com\/it\/prodotto\/smhmidt-hammer-n-type\/","title":{"rendered":"Martello Smhmidt Tipo N"},"content":{"rendered":"","protected":false},"excerpt":{"rendered":"<p>La qualit\u00e0 del calcestruzzo viene valutata principalmente in base alla sua resistenza alla compressione, che influisce direttamente sulla capacit\u00e0 portante e sulla durata delle strutture in calcestruzzo. Il rimbalzo viene misurato dal martello di prova e pu\u00f2 essere convertito in resistenza alla compressione. Il martello di tipo N (martello Schmidt) \u00e8 progettato per misurare le propriet\u00e0 di resistenza alla compressione del calcestruzzo indurito con un metodo non distruttivo. Questo dispositivo aiuta ad analizzare la qualit\u00e0 complessiva del calcestruzzo e a identificare potenziali punti deboli. L'oggetto in calcestruzzo da testare deve avere uno spessore di almeno 100 mm (3,9 pollici) per garantire un'elevata precisione e affidabilit\u00e0 dei dati. A seconda della durezza del calcestruzzo, il corpo del martello rimbalza in misura maggiore o minore.<\/p>\n<p>Specifiche tecniche:<\/p>\n<p>Energia d'impatto: 2,207 Nm<\/p>\n<p>Campo di misura: 10-70 N\/mm\u00b2<\/p>\n<p>Dimensioni della cassa: 190 x 100 x 350 mm<\/p>\n<p>Peso circa: 1,5 kg<\/p>","protected":false},"featured_media":7083,"template":"","meta":{"_acf_changed":false},"product_brand":[],"product_cat":[142],"product_tag":[],"class_list":{"0":"post-6658","1":"product","2":"type-product","3":"status-publish","4":"has-post-thumbnail","6":"product_cat-concrete","9":"instock","10":"shipping-taxable","11":"product-type-simple"},"acf":[],"yoast_head":"<!-- This site is optimized with the Yoast SEO Premium plugin v26.5 (Yoast SEO v27.5) - https:\/\/yoast.com\/product\/yoast-seo-premium-wordpress\/ -->\n<title>Smhmidt Hammer N Type - YKM TEST<\/title>\n<meta name=\"robots\" content=\"index, follow, max-snippet:-1, max-image-preview:large, max-video-preview:-1\" \/>\n<link rel=\"canonical\" href=\"https:\/\/ykmtest.com\/it\/prodotto\/smhmidt-hammer-n-type\/\" \/>\n<meta property=\"og:locale\" content=\"it_IT\" \/>\n<meta property=\"og:type\" content=\"article\" \/>\n<meta property=\"og:title\" content=\"Smhmidt Hammer N Type\" \/>\n<meta property=\"og:description\" content=\"Concrete quality is primarily assessed based on its compressive strength, which directly impacts the load-bearing capacity and durability of concrete structures. The rebound is measured by the test hammer and can be converted into compressive strength. The Type N Rebound Hammer (Schmidt Hammer) is designed to measure the compressive strength properties of hardened concrete using a non-destructive method. This device helps analyze the overall quality of the concrete and identify potential weak points. The concrete object to be tested must be at least 100 mm (3.9 inches) thick to ensure high accuracy and reliability of the data. Depending on the hardness of the concrete, the body of the hammer rebounds to a greater or lesser extent.  Technical Specifications:  Impact energy: 2.207 Nm  Measurement range: 10 to 70 N\/mm\u00b2  Case dimensions: 190 x 100 x 350 mm  Weight approx.: 1.5 kg\" \/>\n<meta property=\"og:url\" content=\"https:\/\/ykmtest.com\/it\/prodotto\/smhmidt-hammer-n-type\/\" \/>\n<meta property=\"og:site_name\" content=\"YKM TEST\" \/>\n<meta property=\"article:modified_time\" content=\"2025-10-12T07:58:28+00:00\" \/>\n<meta property=\"og:image\" content=\"https:\/\/ykmtest.com\/wp-content\/uploads\/2025\/10\/Screenshot_2-5.png\" \/>\n\t<meta property=\"og:image:width\" content=\"1100\" \/>\n\t<meta property=\"og:image:height\" content=\"800\" \/>\n\t<meta property=\"og:image:type\" content=\"image\/png\" \/>\n<meta name=\"twitter:card\" content=\"summary_large_image\" \/>\n<meta name=\"twitter:label1\" content=\"Prezzo\" \/>\n\t<meta name=\"twitter:data1\" content=\"\" \/>\n\t<meta name=\"twitter:label2\" content=\"Disponibilit\u00e0\" \/>\n\t<meta name=\"twitter:data2\" content=\"In stock\" \/>\n<script type=\"application\/ld+json\" class=\"yoast-schema-graph\">{\"@context\":\"https:\\\/\\\/schema.org\",\"@graph\":[{\"@type\":\"WebPage\",\"@id\":\"https:\\\/\\\/ykmtest.com\\\/product\\\/smhmidt-hammer-n-type\\\/\",\"url\":\"https:\\\/\\\/ykmtest.com\\\/product\\\/smhmidt-hammer-n-type\\\/\",\"name\":\"Smhmidt Hammer N Type - YKM TEST\",\"isPartOf\":{\"@id\":\"https:\\\/\\\/darkorchid-cheetah-525435.hostingersite.com\\\/#website\"},\"primaryImageOfPage\":{\"@id\":\"https:\\\/\\\/ykmtest.com\\\/product\\\/smhmidt-hammer-n-type\\\/#primaryimage\"},\"image\":{\"@id\":\"https:\\\/\\\/ykmtest.com\\\/product\\\/smhmidt-hammer-n-type\\\/#primaryimage\"},\"thumbnailUrl\":\"https:\\\/\\\/ykmtest.com\\\/wp-content\\\/uploads\\\/2025\\\/10\\\/Screenshot_2-5.png\",\"datePublished\":\"2025-10-08T19:21:09+00:00\",\"dateModified\":\"2025-10-12T07:58:28+00:00\",\"breadcrumb\":{\"@id\":\"https:\\\/\\\/ykmtest.com\\\/product\\\/smhmidt-hammer-n-type\\\/#breadcrumb\"},\"inLanguage\":\"it-IT\",\"potentialAction\":[{\"@type\":\"ReadAction\",\"target\":[\"https:\\\/\\\/ykmtest.com\\\/product\\\/smhmidt-hammer-n-type\\\/\"]}]},{\"@type\":\"ImageObject\",\"inLanguage\":\"it-IT\",\"@id\":\"https:\\\/\\\/ykmtest.com\\\/product\\\/smhmidt-hammer-n-type\\\/#primaryimage\",\"url\":\"https:\\\/\\\/ykmtest.com\\\/wp-content\\\/uploads\\\/2025\\\/10\\\/Screenshot_2-5.png\",\"contentUrl\":\"https:\\\/\\\/ykmtest.com\\\/wp-content\\\/uploads\\\/2025\\\/10\\\/Screenshot_2-5.png\",\"width\":1100,\"height\":800},{\"@type\":\"BreadcrumbList\",\"@id\":\"https:\\\/\\\/ykmtest.com\\\/product\\\/smhmidt-hammer-n-type\\\/#breadcrumb\",\"itemListElement\":[{\"@type\":\"ListItem\",\"position\":1,\"name\":\"Home\",\"item\":\"https:\\\/\\\/darkorchid-cheetah-525435.hostingersite.com\\\/\"},{\"@type\":\"ListItem\",\"position\":2,\"name\":\"\u0422\u043e\u0432\u0430\u0440\u044b\",\"item\":\"https:\\\/\\\/ykmtest.com\\\/ru\\\/shop\\\/\"},{\"@type\":\"ListItem\",\"position\":3,\"name\":\"Smhmidt Hammer N Type\"}]},{\"@type\":\"WebSite\",\"@id\":\"https:\\\/\\\/darkorchid-cheetah-525435.hostingersite.com\\\/#website\",\"url\":\"https:\\\/\\\/darkorchid-cheetah-525435.hostingersite.com\\\/\",\"name\":\"YKM TEST\",\"description\":\"\",\"publisher\":{\"@id\":\"https:\\\/\\\/darkorchid-cheetah-525435.hostingersite.com\\\/#organization\"},\"potentialAction\":[{\"@type\":\"SearchAction\",\"target\":{\"@type\":\"EntryPoint\",\"urlTemplate\":\"https:\\\/\\\/darkorchid-cheetah-525435.hostingersite.com\\\/?s={search_term_string}\"},\"query-input\":{\"@type\":\"PropertyValueSpecification\",\"valueRequired\":true,\"valueName\":\"search_term_string\"}}],\"inLanguage\":\"it-IT\"},{\"@type\":[\"Organization\",\"Place\"],\"@id\":\"https:\\\/\\\/darkorchid-cheetah-525435.hostingersite.com\\\/#organization\",\"name\":\"YKM TEST\",\"url\":\"https:\\\/\\\/darkorchid-cheetah-525435.hostingersite.com\\\/\",\"logo\":{\"@id\":\"https:\\\/\\\/ykmtest.com\\\/product\\\/smhmidt-hammer-n-type\\\/#local-main-organization-logo\"},\"image\":{\"@id\":\"https:\\\/\\\/ykmtest.com\\\/product\\\/smhmidt-hammer-n-type\\\/#local-main-organization-logo\"},\"telephone\":[],\"openingHoursSpecification\":[{\"@type\":\"OpeningHoursSpecification\",\"dayOfWeek\":[\"Monday\",\"Tuesday\",\"Wednesday\",\"Thursday\",\"Friday\",\"Saturday\",\"Sunday\"],\"opens\":\"09:00\",\"closes\":\"17:00\"}]},{\"@type\":\"ImageObject\",\"inLanguage\":\"it-IT\",\"@id\":\"https:\\\/\\\/ykmtest.com\\\/product\\\/smhmidt-hammer-n-type\\\/#local-main-organization-logo\",\"url\":\"https:\\\/\\\/ykmtest.com\\\/wp-content\\\/uploads\\\/2025\\\/10\\\/Asset-2@2x-8.png\",\"contentUrl\":\"https:\\\/\\\/ykmtest.com\\\/wp-content\\\/uploads\\\/2025\\\/10\\\/Asset-2@2x-8.png\",\"width\":1550,\"height\":323,\"caption\":\"YKM TEST\"}]}<\/script>\n<meta property=\"product:price:currency\" content=\"USD\" \/>\n<meta property=\"og:availability\" content=\"instock\" \/>\n<meta property=\"product:availability\" content=\"instock\" \/>\n<meta property=\"product:condition\" content=\"new\" \/>\n<!-- \/ Yoast SEO Premium plugin. -->","yoast_head_json":{"title":"Smhmidt Hammer N Type - YKM TEST","robots":{"index":"index","follow":"follow","max-snippet":"max-snippet:-1","max-image-preview":"max-image-preview:large","max-video-preview":"max-video-preview:-1"},"canonical":"https:\/\/ykmtest.com\/it\/prodotto\/smhmidt-hammer-n-type\/","og_locale":"it_IT","og_type":"article","og_title":"Smhmidt Hammer N Type","og_description":"Concrete quality is primarily assessed based on its compressive strength, which directly impacts the load-bearing capacity and durability of concrete structures. The rebound is measured by the test hammer and can be converted into compressive strength. The Type N Rebound Hammer (Schmidt Hammer) is designed to measure the compressive strength properties of hardened concrete using a non-destructive method. This device helps analyze the overall quality of the concrete and identify potential weak points. The concrete object to be tested must be at least 100 mm (3.9 inches) thick to ensure high accuracy and reliability of the data. Depending on the hardness of the concrete, the body of the hammer rebounds to a greater or lesser extent.  Technical Specifications:  Impact energy: 2.207 Nm  Measurement range: 10 to 70 N\/mm\u00b2  Case dimensions: 190 x 100 x 350 mm  Weight approx.: 1.5 kg","og_url":"https:\/\/ykmtest.com\/it\/prodotto\/smhmidt-hammer-n-type\/","og_site_name":"YKM TEST","article_modified_time":"2025-10-12T07:58:28+00:00","og_image":[{"width":1100,"height":800,"url":"https:\/\/ykmtest.com\/wp-content\/uploads\/2025\/10\/Screenshot_2-5.png","type":"image\/png"}],"twitter_card":"summary_large_image","twitter_misc":{"Prezzo":"","Disponibilit\u00e0":"In stock"},"schema":{"@context":"https:\/\/schema.org","@graph":[{"@type":"WebPage","@id":"https:\/\/ykmtest.com\/product\/smhmidt-hammer-n-type\/","url":"https:\/\/ykmtest.com\/product\/smhmidt-hammer-n-type\/","name":"Smhmidt Hammer N Type - YKM TEST","isPartOf":{"@id":"https:\/\/darkorchid-cheetah-525435.hostingersite.com\/#website"},"primaryImageOfPage":{"@id":"https:\/\/ykmtest.com\/product\/smhmidt-hammer-n-type\/#primaryimage"},"image":{"@id":"https:\/\/ykmtest.com\/product\/smhmidt-hammer-n-type\/#primaryimage"},"thumbnailUrl":"https:\/\/ykmtest.com\/wp-content\/uploads\/2025\/10\/Screenshot_2-5.png","datePublished":"2025-10-08T19:21:09+00:00","dateModified":"2025-10-12T07:58:28+00:00","breadcrumb":{"@id":"https:\/\/ykmtest.com\/product\/smhmidt-hammer-n-type\/#breadcrumb"},"inLanguage":"it-IT","potentialAction":[{"@type":"ReadAction","target":["https:\/\/ykmtest.com\/product\/smhmidt-hammer-n-type\/"]}]},{"@type":"ImageObject","inLanguage":"it-IT","@id":"https:\/\/ykmtest.com\/product\/smhmidt-hammer-n-type\/#primaryimage","url":"https:\/\/ykmtest.com\/wp-content\/uploads\/2025\/10\/Screenshot_2-5.png","contentUrl":"https:\/\/ykmtest.com\/wp-content\/uploads\/2025\/10\/Screenshot_2-5.png","width":1100,"height":800},{"@type":"BreadcrumbList","@id":"https:\/\/ykmtest.com\/product\/smhmidt-hammer-n-type\/#breadcrumb","itemListElement":[{"@type":"ListItem","position":1,"name":"Home","item":"https:\/\/darkorchid-cheetah-525435.hostingersite.com\/"},{"@type":"ListItem","position":2,"name":"\u0422\u043e\u0432\u0430\u0440\u044b","item":"https:\/\/ykmtest.com\/ru\/shop\/"},{"@type":"ListItem","position":3,"name":"Smhmidt Hammer N Type"}]},{"@type":"WebSite","@id":"https:\/\/darkorchid-cheetah-525435.hostingersite.com\/#website","url":"https:\/\/darkorchid-cheetah-525435.hostingersite.com\/","name":"TEST YKM","description":"","publisher":{"@id":"https:\/\/darkorchid-cheetah-525435.hostingersite.com\/#organization"},"potentialAction":[{"@type":"SearchAction","target":{"@type":"EntryPoint","urlTemplate":"https:\/\/darkorchid-cheetah-525435.hostingersite.com\/?s={search_term_string}"},"query-input":{"@type":"PropertyValueSpecification","valueRequired":true,"valueName":"search_term_string"}}],"inLanguage":"it-IT"},{"@type":["Organization","Place"],"@id":"https:\/\/darkorchid-cheetah-525435.hostingersite.com\/#organization","name":"TEST YKM","url":"https:\/\/darkorchid-cheetah-525435.hostingersite.com\/","logo":{"@id":"https:\/\/ykmtest.com\/product\/smhmidt-hammer-n-type\/#local-main-organization-logo"},"image":{"@id":"https:\/\/ykmtest.com\/product\/smhmidt-hammer-n-type\/#local-main-organization-logo"},"telephone":[],"openingHoursSpecification":[{"@type":"OpeningHoursSpecification","dayOfWeek":["Monday","Tuesday","Wednesday","Thursday","Friday","Saturday","Sunday"],"opens":"09:00","closes":"17:00"}]},{"@type":"ImageObject","inLanguage":"it-IT","@id":"https:\/\/ykmtest.com\/product\/smhmidt-hammer-n-type\/#local-main-organization-logo","url":"https:\/\/ykmtest.com\/wp-content\/uploads\/2025\/10\/Asset-2@2x-8.png","contentUrl":"https:\/\/ykmtest.com\/wp-content\/uploads\/2025\/10\/Asset-2@2x-8.png","width":1550,"height":323,"caption":"YKM TEST"}]},"product_price_currency":"USD","og_availability":"instock","product_availability":"instock","product_condition":"new"},"_links":{"self":[{"href":"https:\/\/ykmtest.com\/it\/wp-json\/wp\/v2\/product\/6658","targetHints":{"allow":["GET"]}}],"collection":[{"href":"https:\/\/ykmtest.com\/it\/wp-json\/wp\/v2\/product"}],"about":[{"href":"https:\/\/ykmtest.com\/it\/wp-json\/wp\/v2\/types\/product"}],"version-history":[{"count":0,"href":"https:\/\/ykmtest.com\/it\/wp-json\/wp\/v2\/product\/6658\/revisions"}],"wp:featuredmedia":[{"embeddable":true,"href":"https:\/\/ykmtest.com\/it\/wp-json\/wp\/v2\/media\/7083"}],"wp:attachment":[{"href":"https:\/\/ykmtest.com\/it\/wp-json\/wp\/v2\/media?parent=6658"}],"wp:term":[{"taxonomy":"product_brand","embeddable":true,"href":"https:\/\/ykmtest.com\/it\/wp-json\/wp\/v2\/product_brand?post=6658"},{"taxonomy":"product_cat","embeddable":true,"href":"https:\/\/ykmtest.com\/it\/wp-json\/wp\/v2\/product_cat?post=6658"},{"taxonomy":"product_tag","embeddable":true,"href":"https:\/\/ykmtest.com\/it\/wp-json\/wp\/v2\/product_tag?post=6658"}],"curies":[{"name":"wp","href":"https:\/\/api.w.org\/{rel}","templated":true}]}}