{"id":10794,"date":"2025-12-15T09:52:24","date_gmt":"2025-12-15T09:52:24","guid":{"rendered":"https:\/\/ykmtest.com\/?post_type=product&#038;p=10794"},"modified":"2025-12-15T09:52:27","modified_gmt":"2025-12-15T09:52:27","slug":"hand-operated-auger","status":"publish","type":"product","link":"https:\/\/ykmtest.com\/tr\/urun\/hand-operated-auger\/","title":{"rendered":"El Kumandal\u0131 Burgu"},"content":{"rendered":"<p style=\"font-weight: 400;\">Elle Kumandal\u0131 Burgu sistemi temel olarak bir el kolu mekanizmas\u0131, burgu kavrama kelep\u00e7esi ve uzatma \u00e7ubuklar\u0131ndan olu\u015fur. Operat\u00f6r, krank kolunu manuel olarak d\u00f6nd\u00fcrerek burguyu zemine do\u011fru ilerletir. El Kumandal\u0131 Toprak Burgusu kullan\u0131m kolayl\u0131\u011f\u0131 i\u00e7in tasarlanm\u0131\u015ft\u0131r. Burgu, ters y\u00f6nde d\u00f6nd\u00fcr\u00fclerek g\u00fcvenli bir \u015fekilde geri \u00e7ekilebilir. Bu tasar\u0131m, do\u011frudan operat\u00f6r kontrol\u00fcne olanak tan\u0131r ve d\u00fc\u015f\u00fck altyap\u0131l\u0131 saha ortamlar\u0131nda riskleri en aza indirir. Manuel Toprak Burgusu, \u00e7e\u015fitli tip ve \u00e7aplardaki burgularla uyumlu mod\u00fcler bir yap\u0131ya sahiptir. Bu El Kumandal\u0131 Toprak Burgusu, \u00e7ap\u0131 50 mm ila 150 mm aras\u0131nda de\u011fi\u015fen burgularla \u00e7al\u0131\u015fabilir. Uygun uzatma \u00e7ubuklar\u0131 ile 1 metreden daha b\u00fcy\u00fck sondaj derinliklerine ula\u015f\u0131labilir. Manuel sondaj sisteminin en b\u00fcy\u00fck avantaj\u0131 harici enerji kaynaklar\u0131ndan ba\u011f\u0131ms\u0131z olmas\u0131d\u0131r; tamamen insan g\u00fcc\u00fcyle \u00e7al\u0131\u015f\u0131r. Bu nedenle, El Kumandal\u0131 Toprak Burgu, elektrik veya yak\u0131t\u0131n bulunmad\u0131\u011f\u0131 uzak saha konumlar\u0131nda bile toprak numunesi alma i\u015flemlerine olanak sa\u011flar. Ayr\u0131ca, cihaz\u0131n kompakt ve hafif olmas\u0131 ta\u015f\u0131may\u0131 kolayla\u015ft\u0131r\u0131rken, ergonomik kavrama konfig\u00fcrasyonlar\u0131 El Kumandal\u0131 Toprak Burgusunun rahat bir \u015fekilde kullan\u0131lmas\u0131n\u0131 sa\u011flar.<\/p>","protected":false},"excerpt":{"rendered":"<div>\n<p class=\"p2\">Elle \u00c7al\u0131\u015fan Zemin Burgu Ekipman\u0131, saha \u00f6rneklemesi ve zemin ara\u015ft\u0131rmas\u0131 i\u00e7in tasarlanm\u0131\u015f elle \u00e7al\u0131\u015fan bir zemin sondaj sistemidir. Hidrolik veya motorlu sistemlerle eri\u015filemeyen yerlerde ve elektrik veya yak\u0131t kaynaklar\u0131n\u0131n s\u0131n\u0131rl\u0131 oldu\u011fu alanlarda kullan\u0131m i\u00e7in uygundur.<\/p>\n<\/div>","protected":false},"featured_media":0,"template":"","meta":{"_acf_changed":false},"product_brand":[],"product_cat":[199],"product_tag":[],"class_list":{"0":"post-10794","1":"product","2":"type-product","3":"status-publish","5":"product_cat-soil-sampling","8":"instock","9":"shipping-taxable","10":"product-type-simple"},"acf":[],"yoast_head":"<!-- This site is optimized with the Yoast SEO Premium plugin v26.5 (Yoast SEO v26.5) - https:\/\/yoast.com\/wordpress\/plugins\/seo\/ -->\n<title>Hand Operated Auger - YKM TEST<\/title>\n<meta name=\"description\" content=\"Hand Operated Soil Auger System: Hand-powered drilling for depths &gt;1m. Independent, portable, and compatible with 50-150mm augers for remote soil sampling.\" \/>\n<meta name=\"robots\" content=\"index, follow, max-snippet:-1, max-image-preview:large, max-video-preview:-1\" \/>\n<link rel=\"canonical\" href=\"https:\/\/ykmtest.com\/tr\/urun\/hand-operated-auger\/\" \/>\n<meta property=\"og:locale\" content=\"tr_TR\" \/>\n<meta property=\"og:type\" content=\"article\" \/>\n<meta property=\"og:title\" content=\"Hand Operated Auger\" \/>\n<meta property=\"og:description\" content=\"Hand Operated Soil Auger System: Hand-powered drilling for depths &gt;1m. Independent, portable, and compatible with 50-150mm augers for remote soil sampling.\" \/>\n<meta property=\"og:url\" content=\"https:\/\/ykmtest.com\/tr\/urun\/hand-operated-auger\/\" \/>\n<meta property=\"og:site_name\" content=\"YKM TEST\" \/>\n<meta property=\"article:modified_time\" content=\"2025-12-15T09:52:27+00:00\" \/>\n<meta name=\"twitter:card\" content=\"summary_large_image\" \/>\n<meta name=\"twitter:label1\" content=\"Fiyat\" \/>\n\t<meta name=\"twitter:data1\" content=\"\" \/>\n\t<meta name=\"twitter:label2\" content=\"Durumu\" \/>\n\t<meta name=\"twitter:data2\" content=\"Stokta var\" \/>\n<script type=\"application\/ld+json\" class=\"yoast-schema-graph\">{\"@context\":\"https:\/\/schema.org\",\"@graph\":[{\"@type\":\"WebPage\",\"@id\":\"https:\/\/ykmtest.com\/product\/hand-operated-auger\/\",\"url\":\"https:\/\/ykmtest.com\/product\/hand-operated-auger\/\",\"name\":\"Hand Operated Auger - YKM TEST\",\"isPartOf\":{\"@id\":\"https:\/\/ykmtest.com\/#website\"},\"datePublished\":\"2025-12-15T09:52:24+00:00\",\"dateModified\":\"2025-12-15T09:52:27+00:00\",\"description\":\"Hand Operated Soil Auger System: Hand-powered drilling for depths >1m. Independent, portable, and compatible with 50-150mm augers for remote soil sampling.\",\"breadcrumb\":{\"@id\":\"https:\/\/ykmtest.com\/product\/hand-operated-auger\/#breadcrumb\"},\"inLanguage\":\"tr\",\"potentialAction\":[{\"@type\":\"ReadAction\",\"target\":[\"https:\/\/ykmtest.com\/product\/hand-operated-auger\/\"]}]},{\"@type\":\"BreadcrumbList\",\"@id\":\"https:\/\/ykmtest.com\/product\/hand-operated-auger\/#breadcrumb\",\"itemListElement\":[{\"@type\":\"ListItem\",\"position\":1,\"name\":\"Home\",\"item\":\"https:\/\/ykmtest.com\/\"},{\"@type\":\"ListItem\",\"position\":2,\"name\":\"Products\",\"item\":\"https:\/\/ykmtest.com\/shop\/\"},{\"@type\":\"ListItem\",\"position\":3,\"name\":\"Hand Operated Auger\"}]},{\"@type\":\"WebSite\",\"@id\":\"https:\/\/ykmtest.com\/#website\",\"url\":\"https:\/\/ykmtest.com\/\",\"name\":\"YKM TEST\",\"description\":\"\",\"publisher\":{\"@id\":\"https:\/\/ykmtest.com\/#organization\"},\"potentialAction\":[{\"@type\":\"SearchAction\",\"target\":{\"@type\":\"EntryPoint\",\"urlTemplate\":\"https:\/\/ykmtest.com\/?s={search_term_string}\"},\"query-input\":{\"@type\":\"PropertyValueSpecification\",\"valueRequired\":true,\"valueName\":\"search_term_string\"}}],\"inLanguage\":\"tr\"},{\"@type\":[\"Organization\",\"Place\"],\"@id\":\"https:\/\/ykmtest.com\/#organization\",\"name\":\"YKM TEST\",\"url\":\"https:\/\/ykmtest.com\/\",\"logo\":{\"@id\":\"https:\/\/ykmtest.com\/product\/hand-operated-auger\/#local-main-organization-logo\"},\"image\":{\"@id\":\"https:\/\/ykmtest.com\/product\/hand-operated-auger\/#local-main-organization-logo\"},\"telephone\":[],\"openingHoursSpecification\":[{\"@type\":\"OpeningHoursSpecification\",\"dayOfWeek\":[\"Monday\",\"Tuesday\",\"Wednesday\",\"Thursday\",\"Friday\",\"Saturday\",\"Sunday\"],\"opens\":\"09:00\",\"closes\":\"17:00\"}]},{\"@type\":\"ImageObject\",\"inLanguage\":\"tr\",\"@id\":\"https:\/\/ykmtest.com\/product\/hand-operated-auger\/#local-main-organization-logo\",\"url\":\"https:\/\/ykmtest.com\/wp-content\/uploads\/2025\/10\/Asset-2@2x-8.png\",\"contentUrl\":\"https:\/\/ykmtest.com\/wp-content\/uploads\/2025\/10\/Asset-2@2x-8.png\",\"width\":1550,\"height\":323,\"caption\":\"YKM TEST\"}]}<\/script>\n<meta property=\"product:price:currency\" content=\"USD\" \/>\n<meta property=\"og:availability\" content=\"instock\" \/>\n<meta property=\"product:availability\" content=\"instock\" \/>\n<meta property=\"product:condition\" content=\"new\" \/>\n<!-- \/ Yoast SEO Premium plugin. -->","yoast_head_json":{"title":"Hand Operated Auger - YKM TEST","description":"Hand Operated Soil Auger System: Hand-powered drilling for depths >1m. Independent, portable, and compatible with 50-150mm augers for remote soil sampling.","robots":{"index":"index","follow":"follow","max-snippet":"max-snippet:-1","max-image-preview":"max-image-preview:large","max-video-preview":"max-video-preview:-1"},"canonical":"https:\/\/ykmtest.com\/tr\/urun\/hand-operated-auger\/","og_locale":"tr_TR","og_type":"article","og_title":"Hand Operated Auger","og_description":"Hand Operated Soil Auger System: Hand-powered drilling for depths >1m. Independent, portable, and compatible with 50-150mm augers for remote soil sampling.","og_url":"https:\/\/ykmtest.com\/tr\/urun\/hand-operated-auger\/","og_site_name":"YKM TEST","article_modified_time":"2025-12-15T09:52:27+00:00","twitter_card":"summary_large_image","twitter_misc":{"Fiyat":"","Durumu":"Stokta var"},"schema":{"@context":"https:\/\/schema.org","@graph":[{"@type":"WebPage","@id":"https:\/\/ykmtest.com\/product\/hand-operated-auger\/","url":"https:\/\/ykmtest.com\/product\/hand-operated-auger\/","name":"Hand Operated Auger - YKM TEST","isPartOf":{"@id":"https:\/\/ykmtest.com\/#website"},"datePublished":"2025-12-15T09:52:24+00:00","dateModified":"2025-12-15T09:52:27+00:00","description":"Hand Operated Soil Auger System: Hand-powered drilling for depths >1m. Independent, portable, and compatible with 50-150mm augers for remote soil sampling.","breadcrumb":{"@id":"https:\/\/ykmtest.com\/product\/hand-operated-auger\/#breadcrumb"},"inLanguage":"tr","potentialAction":[{"@type":"ReadAction","target":["https:\/\/ykmtest.com\/product\/hand-operated-auger\/"]}]},{"@type":"BreadcrumbList","@id":"https:\/\/ykmtest.com\/product\/hand-operated-auger\/#breadcrumb","itemListElement":[{"@type":"ListItem","position":1,"name":"Home","item":"https:\/\/ykmtest.com\/"},{"@type":"ListItem","position":2,"name":"Products","item":"https:\/\/ykmtest.com\/shop\/"},{"@type":"ListItem","position":3,"name":"Hand Operated Auger"}]},{"@type":"WebSite","@id":"https:\/\/ykmtest.com\/#website","url":"https:\/\/ykmtest.com\/","name":"YKM TEST\u0130","description":"","publisher":{"@id":"https:\/\/ykmtest.com\/#organization"},"potentialAction":[{"@type":"SearchAction","target":{"@type":"EntryPoint","urlTemplate":"https:\/\/ykmtest.com\/?s={search_term_string}"},"query-input":{"@type":"PropertyValueSpecification","valueRequired":true,"valueName":"search_term_string"}}],"inLanguage":"tr"},{"@type":["Organization","Place"],"@id":"https:\/\/ykmtest.com\/#organization","name":"YKM TEST\u0130","url":"https:\/\/ykmtest.com\/","logo":{"@id":"https:\/\/ykmtest.com\/product\/hand-operated-auger\/#local-main-organization-logo"},"image":{"@id":"https:\/\/ykmtest.com\/product\/hand-operated-auger\/#local-main-organization-logo"},"telephone":[],"openingHoursSpecification":[{"@type":"OpeningHoursSpecification","dayOfWeek":["Monday","Tuesday","Wednesday","Thursday","Friday","Saturday","Sunday"],"opens":"09:00","closes":"17:00"}]},{"@type":"ImageObject","inLanguage":"tr","@id":"https:\/\/ykmtest.com\/product\/hand-operated-auger\/#local-main-organization-logo","url":"https:\/\/ykmtest.com\/wp-content\/uploads\/2025\/10\/Asset-2@2x-8.png","contentUrl":"https:\/\/ykmtest.com\/wp-content\/uploads\/2025\/10\/Asset-2@2x-8.png","width":1550,"height":323,"caption":"YKM TEST"}]},"product_price_currency":"USD","og_availability":"instock","product_availability":"instock","product_condition":"new"},"_links":{"self":[{"href":"https:\/\/ykmtest.com\/tr\/wp-json\/wp\/v2\/product\/10794","targetHints":{"allow":["GET"]}}],"collection":[{"href":"https:\/\/ykmtest.com\/tr\/wp-json\/wp\/v2\/product"}],"about":[{"href":"https:\/\/ykmtest.com\/tr\/wp-json\/wp\/v2\/types\/product"}],"version-history":[{"count":1,"href":"https:\/\/ykmtest.com\/tr\/wp-json\/wp\/v2\/product\/10794\/revisions"}],"predecessor-version":[{"id":10795,"href":"https:\/\/ykmtest.com\/tr\/wp-json\/wp\/v2\/product\/10794\/revisions\/10795"}],"wp:attachment":[{"href":"https:\/\/ykmtest.com\/tr\/wp-json\/wp\/v2\/media?parent=10794"}],"wp:term":[{"taxonomy":"product_brand","embeddable":true,"href":"https:\/\/ykmtest.com\/tr\/wp-json\/wp\/v2\/product_brand?post=10794"},{"taxonomy":"product_cat","embeddable":true,"href":"https:\/\/ykmtest.com\/tr\/wp-json\/wp\/v2\/product_cat?post=10794"},{"taxonomy":"product_tag","embeddable":true,"href":"https:\/\/ykmtest.com\/tr\/wp-json\/wp\/v2\/product_tag?post=10794"}],"curies":[{"name":"wp","href":"https:\/\/api.w.org\/{rel}","templated":true}]}}