{"id":10801,"date":"2025-12-15T11:41:45","date_gmt":"2025-12-15T11:41:45","guid":{"rendered":"https:\/\/ykmtest.com\/?post_type=product&#038;p=10801"},"modified":"2025-12-15T11:43:58","modified_gmt":"2025-12-15T11:43:58","slug":"field-vane-shear-apparatus","status":"publish","type":"product","link":"https:\/\/ykmtest.com\/tr\/urun\/field-vane-shear-apparatus\/","title":{"rendered":"Alan Kanatl\u0131 Kesme Aparat\u0131"},"content":{"rendered":"<p>Geoteknik m\u00fchendisli\u011fi projelerinde yumu\u015fak kil tabakalar\u0131n\u0131n stabilitesini ve zeminin ta\u015f\u0131ma kapasitesini h\u0131zl\u0131 ve do\u011fru bir \u015fekilde de\u011ferlendirmek i\u00e7in yayg\u0131n olarak tercih edilmektedir. Cihaz\u0131n \u00e7al\u0131\u015fma prensibi a\u015fa\u011f\u0131daki gibidir: D\u00f6rt kanatl\u0131 bir kanat, uzatma \u00e7ubuklar\u0131 kullan\u0131larak zemine yerle\u015ftirilir. Daha sonra aparat\u0131 d\u00f6nd\u00fcrmek i\u00e7in kontroll\u00fc tork uygulan\u0131r. Topra\u011f\u0131n ba\u015far\u0131s\u0131z oldu\u011fu ve d\u00f6nmeye ba\u015flad\u0131\u011f\u0131 anda kaydedilen maksimum tork, topra\u011f\u0131n drenajs\u0131z kayma mukavemetini hesaplamak i\u00e7in kullan\u0131l\u0131r. Saha Kanat Aparat\u0131, 16\u00d732 mm, 20\u00d740 mm ve 25\u00d750 mm gibi farkl\u0131 toprak ko\u015fullar\u0131na uygun \u00e7e\u015fitli kanat boyutlar\u0131yla kullan\u0131labilir. Tork \u00f6l\u00e7\u00fcm \u00fcnitesi, g\u00fcvenilir sonu\u00e7lar sa\u011flayan son derece hassas bir \u00f6l\u00e7ekle donat\u0131lm\u0131\u015ft\u0131r.<\/p>","protected":false},"excerpt":{"rendered":"<p>Saha Kanatl\u0131 Kesme Aparat\u0131, sahada kohezyonlu zeminlerin drenajs\u0131z kesme mukavemetini belirlemek i\u00e7in kullan\u0131lan ta\u015f\u0131nabilir bir test cihaz\u0131d\u0131r.<\/p>","protected":false},"featured_media":0,"template":"","meta":{"_acf_changed":false},"product_brand":[],"product_cat":[198,197],"product_tag":[],"class_list":{"0":"post-10801","1":"product","2":"type-product","3":"status-publish","5":"product_cat-field-inspection","6":"product_cat-soil-field","9":"instock","10":"shipping-taxable","11":"product-type-simple"},"acf":[],"yoast_head":"<!-- This site is optimized with the Yoast SEO Premium plugin v26.5 (Yoast SEO v27.5) - https:\/\/yoast.com\/product\/yoast-seo-premium-wordpress\/ -->\n<title>Field Vane Shear Apparatus - YKM TEST<\/title>\n<meta name=\"description\" content=\"Field Vane Shear Apparatus is a portable device used to measure undrained shear strength of cohesive soils for geotechnical field testing.\" \/>\n<meta name=\"robots\" content=\"index, follow, max-snippet:-1, max-image-preview:large, max-video-preview:-1\" \/>\n<link rel=\"canonical\" href=\"https:\/\/ykmtest.com\/tr\/urun\/field-vane-shear-apparatus\/\" \/>\n<meta property=\"og:locale\" content=\"tr_TR\" \/>\n<meta property=\"og:type\" content=\"article\" \/>\n<meta property=\"og:title\" content=\"Field Vane Shear Apparatus\" \/>\n<meta property=\"og:description\" content=\"Field Vane Shear Apparatus is a portable device used to measure undrained shear strength of cohesive soils for geotechnical field testing.\" \/>\n<meta property=\"og:url\" content=\"https:\/\/ykmtest.com\/tr\/urun\/field-vane-shear-apparatus\/\" \/>\n<meta property=\"og:site_name\" content=\"YKM TEST\" \/>\n<meta property=\"article:modified_time\" content=\"2025-12-15T11:43:58+00:00\" \/>\n<meta name=\"twitter:card\" content=\"summary_large_image\" \/>\n<meta name=\"twitter:label1\" content=\"Fiyat\" \/>\n\t<meta name=\"twitter:data1\" content=\"\" \/>\n\t<meta name=\"twitter:label2\" content=\"Durumu\" \/>\n\t<meta name=\"twitter:data2\" content=\"Stokta var\" \/>\n<script type=\"application\/ld+json\" class=\"yoast-schema-graph\">{\"@context\":\"https:\\\/\\\/schema.org\",\"@graph\":[{\"@type\":\"WebPage\",\"@id\":\"https:\\\/\\\/ykmtest.com\\\/product\\\/field-vane-shear-apparatus\\\/\",\"url\":\"https:\\\/\\\/ykmtest.com\\\/product\\\/field-vane-shear-apparatus\\\/\",\"name\":\"Field Vane Shear Apparatus - YKM TEST\",\"isPartOf\":{\"@id\":\"https:\\\/\\\/darkorchid-cheetah-525435.hostingersite.com\\\/#website\"},\"datePublished\":\"2025-12-15T11:41:45+00:00\",\"dateModified\":\"2025-12-15T11:43:58+00:00\",\"description\":\"Field Vane Shear Apparatus is a portable device used to measure undrained shear strength of cohesive soils for geotechnical field testing.\",\"breadcrumb\":{\"@id\":\"https:\\\/\\\/ykmtest.com\\\/product\\\/field-vane-shear-apparatus\\\/#breadcrumb\"},\"inLanguage\":\"tr\",\"potentialAction\":[{\"@type\":\"ReadAction\",\"target\":[\"https:\\\/\\\/ykmtest.com\\\/product\\\/field-vane-shear-apparatus\\\/\"]}]},{\"@type\":\"BreadcrumbList\",\"@id\":\"https:\\\/\\\/ykmtest.com\\\/product\\\/field-vane-shear-apparatus\\\/#breadcrumb\",\"itemListElement\":[{\"@type\":\"ListItem\",\"position\":1,\"name\":\"Home\",\"item\":\"https:\\\/\\\/darkorchid-cheetah-525435.hostingersite.com\\\/\"},{\"@type\":\"ListItem\",\"position\":2,\"name\":\"\u0422\u043e\u0432\u0430\u0440\u044b\",\"item\":\"https:\\\/\\\/ykmtest.com\\\/ru\\\/shop\\\/\"},{\"@type\":\"ListItem\",\"position\":3,\"name\":\"Field Vane Shear Apparatus\"}]},{\"@type\":\"WebSite\",\"@id\":\"https:\\\/\\\/darkorchid-cheetah-525435.hostingersite.com\\\/#website\",\"url\":\"https:\\\/\\\/darkorchid-cheetah-525435.hostingersite.com\\\/\",\"name\":\"YKM TEST\",\"description\":\"\",\"publisher\":{\"@id\":\"https:\\\/\\\/darkorchid-cheetah-525435.hostingersite.com\\\/#organization\"},\"potentialAction\":[{\"@type\":\"SearchAction\",\"target\":{\"@type\":\"EntryPoint\",\"urlTemplate\":\"https:\\\/\\\/darkorchid-cheetah-525435.hostingersite.com\\\/?s={search_term_string}\"},\"query-input\":{\"@type\":\"PropertyValueSpecification\",\"valueRequired\":true,\"valueName\":\"search_term_string\"}}],\"inLanguage\":\"tr\"},{\"@type\":[\"Organization\",\"Place\"],\"@id\":\"https:\\\/\\\/darkorchid-cheetah-525435.hostingersite.com\\\/#organization\",\"name\":\"YKM TEST\",\"url\":\"https:\\\/\\\/darkorchid-cheetah-525435.hostingersite.com\\\/\",\"logo\":{\"@id\":\"https:\\\/\\\/ykmtest.com\\\/product\\\/field-vane-shear-apparatus\\\/#local-main-organization-logo\"},\"image\":{\"@id\":\"https:\\\/\\\/ykmtest.com\\\/product\\\/field-vane-shear-apparatus\\\/#local-main-organization-logo\"},\"telephone\":[],\"openingHoursSpecification\":[{\"@type\":\"OpeningHoursSpecification\",\"dayOfWeek\":[\"Monday\",\"Tuesday\",\"Wednesday\",\"Thursday\",\"Friday\",\"Saturday\",\"Sunday\"],\"opens\":\"09:00\",\"closes\":\"17:00\"}]},{\"@type\":\"ImageObject\",\"inLanguage\":\"tr\",\"@id\":\"https:\\\/\\\/ykmtest.com\\\/product\\\/field-vane-shear-apparatus\\\/#local-main-organization-logo\",\"url\":\"https:\\\/\\\/ykmtest.com\\\/wp-content\\\/uploads\\\/2025\\\/10\\\/Asset-2@2x-8.png\",\"contentUrl\":\"https:\\\/\\\/ykmtest.com\\\/wp-content\\\/uploads\\\/2025\\\/10\\\/Asset-2@2x-8.png\",\"width\":1550,\"height\":323,\"caption\":\"YKM TEST\"}]}<\/script>\n<meta property=\"product:price:currency\" content=\"USD\" \/>\n<meta property=\"og:availability\" content=\"instock\" \/>\n<meta property=\"product:availability\" content=\"instock\" \/>\n<meta property=\"product:condition\" content=\"new\" \/>\n<!-- \/ Yoast SEO Premium plugin. -->","yoast_head_json":{"title":"Field Vane Shear Apparatus - YKM TEST","description":"Field Vane Shear Apparatus is a portable device used to measure undrained shear strength of cohesive soils for geotechnical field testing.","robots":{"index":"index","follow":"follow","max-snippet":"max-snippet:-1","max-image-preview":"max-image-preview:large","max-video-preview":"max-video-preview:-1"},"canonical":"https:\/\/ykmtest.com\/tr\/urun\/field-vane-shear-apparatus\/","og_locale":"tr_TR","og_type":"article","og_title":"Field Vane Shear Apparatus","og_description":"Field Vane Shear Apparatus is a portable device used to measure undrained shear strength of cohesive soils for geotechnical field testing.","og_url":"https:\/\/ykmtest.com\/tr\/urun\/field-vane-shear-apparatus\/","og_site_name":"YKM TEST","article_modified_time":"2025-12-15T11:43:58+00:00","twitter_card":"summary_large_image","twitter_misc":{"Fiyat":"","Durumu":"Stokta var"},"schema":{"@context":"https:\/\/schema.org","@graph":[{"@type":"WebPage","@id":"https:\/\/ykmtest.com\/product\/field-vane-shear-apparatus\/","url":"https:\/\/ykmtest.com\/product\/field-vane-shear-apparatus\/","name":"Field Vane Shear Apparatus - YKM TEST","isPartOf":{"@id":"https:\/\/darkorchid-cheetah-525435.hostingersite.com\/#website"},"datePublished":"2025-12-15T11:41:45+00:00","dateModified":"2025-12-15T11:43:58+00:00","description":"Field Vane Shear Apparatus is a portable device used to measure undrained shear strength of cohesive soils for geotechnical field testing.","breadcrumb":{"@id":"https:\/\/ykmtest.com\/product\/field-vane-shear-apparatus\/#breadcrumb"},"inLanguage":"tr","potentialAction":[{"@type":"ReadAction","target":["https:\/\/ykmtest.com\/product\/field-vane-shear-apparatus\/"]}]},{"@type":"BreadcrumbList","@id":"https:\/\/ykmtest.com\/product\/field-vane-shear-apparatus\/#breadcrumb","itemListElement":[{"@type":"ListItem","position":1,"name":"Home","item":"https:\/\/darkorchid-cheetah-525435.hostingersite.com\/"},{"@type":"ListItem","position":2,"name":"\u0422\u043e\u0432\u0430\u0440\u044b","item":"https:\/\/ykmtest.com\/ru\/shop\/"},{"@type":"ListItem","position":3,"name":"Field Vane Shear Apparatus"}]},{"@type":"WebSite","@id":"https:\/\/darkorchid-cheetah-525435.hostingersite.com\/#website","url":"https:\/\/darkorchid-cheetah-525435.hostingersite.com\/","name":"YKM TEST\u0130","description":"","publisher":{"@id":"https:\/\/darkorchid-cheetah-525435.hostingersite.com\/#organization"},"potentialAction":[{"@type":"SearchAction","target":{"@type":"EntryPoint","urlTemplate":"https:\/\/darkorchid-cheetah-525435.hostingersite.com\/?s={search_term_string}"},"query-input":{"@type":"PropertyValueSpecification","valueRequired":true,"valueName":"search_term_string"}}],"inLanguage":"tr"},{"@type":["Organization","Place"],"@id":"https:\/\/darkorchid-cheetah-525435.hostingersite.com\/#organization","name":"YKM TEST\u0130","url":"https:\/\/darkorchid-cheetah-525435.hostingersite.com\/","logo":{"@id":"https:\/\/ykmtest.com\/product\/field-vane-shear-apparatus\/#local-main-organization-logo"},"image":{"@id":"https:\/\/ykmtest.com\/product\/field-vane-shear-apparatus\/#local-main-organization-logo"},"telephone":[],"openingHoursSpecification":[{"@type":"OpeningHoursSpecification","dayOfWeek":["Monday","Tuesday","Wednesday","Thursday","Friday","Saturday","Sunday"],"opens":"09:00","closes":"17:00"}]},{"@type":"ImageObject","inLanguage":"tr","@id":"https:\/\/ykmtest.com\/product\/field-vane-shear-apparatus\/#local-main-organization-logo","url":"https:\/\/ykmtest.com\/wp-content\/uploads\/2025\/10\/Asset-2@2x-8.png","contentUrl":"https:\/\/ykmtest.com\/wp-content\/uploads\/2025\/10\/Asset-2@2x-8.png","width":1550,"height":323,"caption":"YKM TEST"}]},"product_price_currency":"USD","og_availability":"instock","product_availability":"instock","product_condition":"new"},"_links":{"self":[{"href":"https:\/\/ykmtest.com\/tr\/wp-json\/wp\/v2\/product\/10801","targetHints":{"allow":["GET"]}}],"collection":[{"href":"https:\/\/ykmtest.com\/tr\/wp-json\/wp\/v2\/product"}],"about":[{"href":"https:\/\/ykmtest.com\/tr\/wp-json\/wp\/v2\/types\/product"}],"version-history":[{"count":1,"href":"https:\/\/ykmtest.com\/tr\/wp-json\/wp\/v2\/product\/10801\/revisions"}],"predecessor-version":[{"id":10802,"href":"https:\/\/ykmtest.com\/tr\/wp-json\/wp\/v2\/product\/10801\/revisions\/10802"}],"wp:attachment":[{"href":"https:\/\/ykmtest.com\/tr\/wp-json\/wp\/v2\/media?parent=10801"}],"wp:term":[{"taxonomy":"product_brand","embeddable":true,"href":"https:\/\/ykmtest.com\/tr\/wp-json\/wp\/v2\/product_brand?post=10801"},{"taxonomy":"product_cat","embeddable":true,"href":"https:\/\/ykmtest.com\/tr\/wp-json\/wp\/v2\/product_cat?post=10801"},{"taxonomy":"product_tag","embeddable":true,"href":"https:\/\/ykmtest.com\/tr\/wp-json\/wp\/v2\/product_tag?post=10801"}],"curies":[{"name":"wp","href":"https:\/\/api.w.org\/{rel}","templated":true}]}}