{"id":11162,"date":"2025-12-16T09:31:37","date_gmt":"2025-12-16T09:31:37","guid":{"rendered":"https:\/\/ykmtest.com\/?post_type=product&#038;p=11162"},"modified":"2025-12-16T09:31:38","modified_gmt":"2025-12-16T09:31:38","slug":"analogue-plate-bearing-test-set","status":"publish","type":"product","link":"https:\/\/ykmtest.com\/tr\/urun\/analogue-plate-bearing-test-set\/","title":{"rendered":"Analog Plaka Yata\u011f\u0131 Test Seti"},"content":{"rendered":"<p>Analog Plakal\u0131 Rulman Test Seti, y\u00fcksek bas\u0131n\u00e7l\u0131 hidrolik kriko ve el pompas\u0131, kalibre edilmi\u015f analog bas\u0131n\u00e7 g\u00f6stergesi, y\u00fck aktarma ba\u015fl\u0131\u011f\u0131, \u00e7e\u015fitli \u00e7aplarda \u00e7elik y\u00fckleme plakalar\u0131, \u00fc\u00e7 ba\u011f\u0131ms\u0131z hassas komparat\u00f6r ile donat\u0131lm\u0131\u015f sert bir referans kiri\u015fi ve y\u00fcksek bas\u0131n\u00e7l\u0131 hortumlar i\u00e7erir. Analog tasar\u0131m\u0131 pillere veya elektronik bile\u015fenlere ba\u011f\u0131ml\u0131l\u0131\u011f\u0131 ortadan kald\u0131rarak zorlu saha ko\u015fullar\u0131nda istikrarl\u0131 ve tekrarlanabilir \u00f6l\u00e7\u00fcmler yap\u0131lmas\u0131n\u0131 sa\u011flar. Y\u00fck, hidrolik krikonun el pompas\u0131 arac\u0131l\u0131\u011f\u0131yla bas\u0131n\u00e7land\u0131r\u0131lmas\u0131 ve plakaya e\u015fit eksenel y\u00fck aktar\u0131lmas\u0131yla uygulan\u0131r. Analog bas\u0131n\u00e7 g\u00f6stergesi net, art\u0131ml\u0131 okumalar sa\u011flar; mekanik kadranl\u0131 g\u00f6sterge sistemi titre\u015fime ve darbeye kar\u015f\u0131 dayan\u0131kl\u0131d\u0131r. \u00d6l\u00e7\u00fcm do\u011frulu\u011funu korumak i\u00e7in s\u0131f\u0131r ayar\u0131 sahada kolayca yap\u0131labilir. Yerle\u015fim \u00fc\u00e7 kadranl\u0131 g\u00f6sterge kullan\u0131larak \u00f6l\u00e7\u00fcl\u00fcr. Bunlar, kriko hareketinin okumalar\u0131 etkilemesini \u00f6nleyen sert ve sabit bir referans kiri\u015fi \u00fczerine yerle\u015ftirilmi\u015ftir. Referans kiri\u015fi ayarlanabilir ayaklara, manyetik g\u00f6sterge ba\u011flant\u0131lar\u0131na, dayan\u0131kl\u0131 bir yap\u0131sal profile ve h\u0131zl\u0131 ba\u011flant\u0131 bile\u015fenlerine sahiptir, bu da sahada h\u0131zl\u0131 kurulum ve y\u00fcksek titre\u015fim direnci sa\u011flar. Standart plaka \u00e7aplar\u0131 kapsanmaktad\u0131r; di\u011fer \u00e7aplar talep \u00fczerine temin edilebilir. H\u0131zl\u0131 a\u00e7\u0131lan ba\u011flant\u0131 elemanlar\u0131, ta\u015f\u0131ma \u00e7antas\u0131 ve d\u00fczenli i\u00e7 d\u00fczen, kalibrasyon stabilitesini korurken g\u00fcvenli uzun s\u00fcreli depolama ve g\u00fcvenilir ta\u015f\u0131ma sa\u011flar.<\/p>","protected":false},"excerpt":{"rendered":"<p>Analog Plaka Ta\u015f\u0131ma Test Seti, sahada zemin ta\u015f\u0131ma kapasitesini ve oturma davran\u0131\u015f\u0131n\u0131 de\u011ferlendirmek i\u00e7in statik plaka y\u00fck testi i\u00e7in kullan\u0131lan tamamen mekanik bir \u00f6l\u00e7\u00fcm sistemidir.<\/p>","protected":false},"featured_media":0,"template":"","meta":{"_acf_changed":false},"product_brand":[],"product_cat":[200,197],"product_tag":[],"class_list":{"0":"post-11162","1":"product","2":"type-product","3":"status-publish","5":"product_cat-density-bearing-capacity","6":"product_cat-soil-field","9":"instock","10":"shipping-taxable","11":"product-type-simple"},"acf":[],"yoast_head":"<!-- This site is optimized with the Yoast SEO Premium plugin v26.5 (Yoast SEO v26.5) - https:\/\/yoast.com\/wordpress\/plugins\/seo\/ -->\n<title>Analogue Plate Bearing Test Set - YKM TEST<\/title>\n<meta name=\"description\" content=\"Analogue Plate Bearing Test Set is a mechanical system used for static plate load testing to evaluate soil bearing capacity and settlement.\" \/>\n<meta name=\"robots\" content=\"index, follow, max-snippet:-1, max-image-preview:large, max-video-preview:-1\" \/>\n<link rel=\"canonical\" href=\"https:\/\/ykmtest.com\/tr\/urun\/analogue-plate-bearing-test-set\/\" \/>\n<meta property=\"og:locale\" content=\"tr_TR\" \/>\n<meta property=\"og:type\" content=\"article\" \/>\n<meta property=\"og:title\" content=\"Analogue Plate Bearing Test Set\" \/>\n<meta property=\"og:description\" content=\"Analogue Plate Bearing Test Set is a mechanical system used for static plate load testing to evaluate soil bearing capacity and settlement.\" \/>\n<meta property=\"og:url\" content=\"https:\/\/ykmtest.com\/tr\/urun\/analogue-plate-bearing-test-set\/\" \/>\n<meta property=\"og:site_name\" content=\"YKM TEST\" \/>\n<meta property=\"article:modified_time\" content=\"2025-12-16T09:31:38+00:00\" \/>\n<meta name=\"twitter:card\" content=\"summary_large_image\" \/>\n<meta name=\"twitter:label1\" content=\"Fiyat\" \/>\n\t<meta name=\"twitter:data1\" content=\"\" \/>\n\t<meta name=\"twitter:label2\" content=\"Durumu\" \/>\n\t<meta name=\"twitter:data2\" content=\"Stokta var\" \/>\n<script type=\"application\/ld+json\" class=\"yoast-schema-graph\">{\"@context\":\"https:\/\/schema.org\",\"@graph\":[{\"@type\":\"WebPage\",\"@id\":\"https:\/\/ykmtest.com\/product\/analogue-plate-bearing-test-set\/\",\"url\":\"https:\/\/ykmtest.com\/product\/analogue-plate-bearing-test-set\/\",\"name\":\"Analogue Plate Bearing Test Set - YKM TEST\",\"isPartOf\":{\"@id\":\"https:\/\/ykmtest.com\/#website\"},\"datePublished\":\"2025-12-16T09:31:37+00:00\",\"dateModified\":\"2025-12-16T09:31:38+00:00\",\"description\":\"Analogue Plate Bearing Test Set is a mechanical system used for static plate load testing to evaluate soil bearing capacity and settlement.\",\"breadcrumb\":{\"@id\":\"https:\/\/ykmtest.com\/product\/analogue-plate-bearing-test-set\/#breadcrumb\"},\"inLanguage\":\"tr\",\"potentialAction\":[{\"@type\":\"ReadAction\",\"target\":[\"https:\/\/ykmtest.com\/product\/analogue-plate-bearing-test-set\/\"]}]},{\"@type\":\"BreadcrumbList\",\"@id\":\"https:\/\/ykmtest.com\/product\/analogue-plate-bearing-test-set\/#breadcrumb\",\"itemListElement\":[{\"@type\":\"ListItem\",\"position\":1,\"name\":\"Home\",\"item\":\"https:\/\/ykmtest.com\/\"},{\"@type\":\"ListItem\",\"position\":2,\"name\":\"Products\",\"item\":\"https:\/\/ykmtest.com\/shop\/\"},{\"@type\":\"ListItem\",\"position\":3,\"name\":\"Analogue Plate Bearing Test Set\"}]},{\"@type\":\"WebSite\",\"@id\":\"https:\/\/ykmtest.com\/#website\",\"url\":\"https:\/\/ykmtest.com\/\",\"name\":\"YKM TEST\",\"description\":\"\",\"publisher\":{\"@id\":\"https:\/\/ykmtest.com\/#organization\"},\"potentialAction\":[{\"@type\":\"SearchAction\",\"target\":{\"@type\":\"EntryPoint\",\"urlTemplate\":\"https:\/\/ykmtest.com\/?s={search_term_string}\"},\"query-input\":{\"@type\":\"PropertyValueSpecification\",\"valueRequired\":true,\"valueName\":\"search_term_string\"}}],\"inLanguage\":\"tr\"},{\"@type\":[\"Organization\",\"Place\"],\"@id\":\"https:\/\/ykmtest.com\/#organization\",\"name\":\"YKM TEST\",\"url\":\"https:\/\/ykmtest.com\/\",\"logo\":{\"@id\":\"https:\/\/ykmtest.com\/product\/analogue-plate-bearing-test-set\/#local-main-organization-logo\"},\"image\":{\"@id\":\"https:\/\/ykmtest.com\/product\/analogue-plate-bearing-test-set\/#local-main-organization-logo\"},\"telephone\":[],\"openingHoursSpecification\":[{\"@type\":\"OpeningHoursSpecification\",\"dayOfWeek\":[\"Monday\",\"Tuesday\",\"Wednesday\",\"Thursday\",\"Friday\",\"Saturday\",\"Sunday\"],\"opens\":\"09:00\",\"closes\":\"17:00\"}]},{\"@type\":\"ImageObject\",\"inLanguage\":\"tr\",\"@id\":\"https:\/\/ykmtest.com\/product\/analogue-plate-bearing-test-set\/#local-main-organization-logo\",\"url\":\"https:\/\/ykmtest.com\/wp-content\/uploads\/2025\/10\/Asset-2@2x-8.png\",\"contentUrl\":\"https:\/\/ykmtest.com\/wp-content\/uploads\/2025\/10\/Asset-2@2x-8.png\",\"width\":1550,\"height\":323,\"caption\":\"YKM TEST\"}]}<\/script>\n<meta property=\"product:price:currency\" content=\"USD\" \/>\n<meta property=\"og:availability\" content=\"instock\" \/>\n<meta property=\"product:availability\" content=\"instock\" \/>\n<meta property=\"product:condition\" content=\"new\" \/>\n<!-- \/ Yoast SEO Premium plugin. -->","yoast_head_json":{"title":"Analogue Plate Bearing Test Set - YKM TEST","description":"Analogue Plate Bearing Test Set is a mechanical system used for static plate load testing to evaluate soil bearing capacity and settlement.","robots":{"index":"index","follow":"follow","max-snippet":"max-snippet:-1","max-image-preview":"max-image-preview:large","max-video-preview":"max-video-preview:-1"},"canonical":"https:\/\/ykmtest.com\/tr\/urun\/analogue-plate-bearing-test-set\/","og_locale":"tr_TR","og_type":"article","og_title":"Analogue Plate Bearing Test Set","og_description":"Analogue Plate Bearing Test Set is a mechanical system used for static plate load testing to evaluate soil bearing capacity and settlement.","og_url":"https:\/\/ykmtest.com\/tr\/urun\/analogue-plate-bearing-test-set\/","og_site_name":"YKM TEST","article_modified_time":"2025-12-16T09:31:38+00:00","twitter_card":"summary_large_image","twitter_misc":{"Fiyat":"","Durumu":"Stokta var"},"schema":{"@context":"https:\/\/schema.org","@graph":[{"@type":"WebPage","@id":"https:\/\/ykmtest.com\/product\/analogue-plate-bearing-test-set\/","url":"https:\/\/ykmtest.com\/product\/analogue-plate-bearing-test-set\/","name":"Analogue Plate Bearing Test Set - YKM TEST","isPartOf":{"@id":"https:\/\/ykmtest.com\/#website"},"datePublished":"2025-12-16T09:31:37+00:00","dateModified":"2025-12-16T09:31:38+00:00","description":"Analogue Plate Bearing Test Set is a mechanical system used for static plate load testing to evaluate soil bearing capacity and settlement.","breadcrumb":{"@id":"https:\/\/ykmtest.com\/product\/analogue-plate-bearing-test-set\/#breadcrumb"},"inLanguage":"tr","potentialAction":[{"@type":"ReadAction","target":["https:\/\/ykmtest.com\/product\/analogue-plate-bearing-test-set\/"]}]},{"@type":"BreadcrumbList","@id":"https:\/\/ykmtest.com\/product\/analogue-plate-bearing-test-set\/#breadcrumb","itemListElement":[{"@type":"ListItem","position":1,"name":"Home","item":"https:\/\/ykmtest.com\/"},{"@type":"ListItem","position":2,"name":"Products","item":"https:\/\/ykmtest.com\/shop\/"},{"@type":"ListItem","position":3,"name":"Analogue Plate Bearing Test Set"}]},{"@type":"WebSite","@id":"https:\/\/ykmtest.com\/#website","url":"https:\/\/ykmtest.com\/","name":"YKM TEST\u0130","description":"","publisher":{"@id":"https:\/\/ykmtest.com\/#organization"},"potentialAction":[{"@type":"SearchAction","target":{"@type":"EntryPoint","urlTemplate":"https:\/\/ykmtest.com\/?s={search_term_string}"},"query-input":{"@type":"PropertyValueSpecification","valueRequired":true,"valueName":"search_term_string"}}],"inLanguage":"tr"},{"@type":["Organization","Place"],"@id":"https:\/\/ykmtest.com\/#organization","name":"YKM TEST\u0130","url":"https:\/\/ykmtest.com\/","logo":{"@id":"https:\/\/ykmtest.com\/product\/analogue-plate-bearing-test-set\/#local-main-organization-logo"},"image":{"@id":"https:\/\/ykmtest.com\/product\/analogue-plate-bearing-test-set\/#local-main-organization-logo"},"telephone":[],"openingHoursSpecification":[{"@type":"OpeningHoursSpecification","dayOfWeek":["Monday","Tuesday","Wednesday","Thursday","Friday","Saturday","Sunday"],"opens":"09:00","closes":"17:00"}]},{"@type":"ImageObject","inLanguage":"tr","@id":"https:\/\/ykmtest.com\/product\/analogue-plate-bearing-test-set\/#local-main-organization-logo","url":"https:\/\/ykmtest.com\/wp-content\/uploads\/2025\/10\/Asset-2@2x-8.png","contentUrl":"https:\/\/ykmtest.com\/wp-content\/uploads\/2025\/10\/Asset-2@2x-8.png","width":1550,"height":323,"caption":"YKM TEST"}]},"product_price_currency":"USD","og_availability":"instock","product_availability":"instock","product_condition":"new"},"_links":{"self":[{"href":"https:\/\/ykmtest.com\/tr\/wp-json\/wp\/v2\/product\/11162","targetHints":{"allow":["GET"]}}],"collection":[{"href":"https:\/\/ykmtest.com\/tr\/wp-json\/wp\/v2\/product"}],"about":[{"href":"https:\/\/ykmtest.com\/tr\/wp-json\/wp\/v2\/types\/product"}],"version-history":[{"count":1,"href":"https:\/\/ykmtest.com\/tr\/wp-json\/wp\/v2\/product\/11162\/revisions"}],"predecessor-version":[{"id":11163,"href":"https:\/\/ykmtest.com\/tr\/wp-json\/wp\/v2\/product\/11162\/revisions\/11163"}],"wp:attachment":[{"href":"https:\/\/ykmtest.com\/tr\/wp-json\/wp\/v2\/media?parent=11162"}],"wp:term":[{"taxonomy":"product_brand","embeddable":true,"href":"https:\/\/ykmtest.com\/tr\/wp-json\/wp\/v2\/product_brand?post=11162"},{"taxonomy":"product_cat","embeddable":true,"href":"https:\/\/ykmtest.com\/tr\/wp-json\/wp\/v2\/product_cat?post=11162"},{"taxonomy":"product_tag","embeddable":true,"href":"https:\/\/ykmtest.com\/tr\/wp-json\/wp\/v2\/product_tag?post=11162"}],"curies":[{"name":"wp","href":"https:\/\/api.w.org\/{rel}","templated":true}]}}