{"id":11168,"date":"2025-12-16T10:58:56","date_gmt":"2025-12-16T10:58:56","guid":{"rendered":"https:\/\/ykmtest.com\/?post_type=product&#038;p=11168"},"modified":"2025-12-16T11:08:43","modified_gmt":"2025-12-16T11:08:43","slug":"hand-operated-hydraulic-specimen-vertical-extruder","status":"publish","type":"product","link":"https:\/\/ykmtest.com\/tr\/urun\/hand-operated-hydraulic-specimen-vertical-extruder\/","title":{"rendered":"El Kumandal\u0131 Hidrolik Numune Dikey Ekstruder"},"content":{"rendered":"<p>H\u0131zl\u0131 kal\u0131p de\u011fi\u015fimi ve kontroll\u00fc ekstraksiyon kuvveti sa\u011flamak i\u00e7in laboratuvar uygulamalar\u0131nda kullan\u0131l\u0131r. G\u00f6vde, y\u00fcksek sertlikte dikey bir \u00e7er\u00e7eveden olu\u015fur. Hidrolik sistem, elle \u00e7al\u0131\u015ft\u0131r\u0131lan bir pompa ve tek bir eksen \u00fczerinde hizalanm\u0131\u015f s\u0131zd\u0131rmaz silindir arac\u0131l\u0131\u011f\u0131yla \u00e7al\u0131\u015f\u0131r. Entegre bir bas\u0131n\u00e7 g\u00f6stergesi uygulanan bas\u0131nc\u0131 g\u00f6sterir. Kal\u0131p tutma b\u00f6l\u00fcm\u00fc, Proctor\/CBR kal\u0131plar\u0131n\u0131n, \u00fc\u00e7 eksenli h\u00fccrelerin, Shelby t\u00fcplerinin vb. e\u015f merkezli olarak sabitlenmesini sa\u011flayan bir h\u0131zl\u0131 kelep\u00e7e mekanizmas\u0131 ile donat\u0131lm\u0131\u015ft\u0131r. Ejekt\u00f6r piston u\u00e7lar\u0131 de\u011fi\u015ftirilebilir; farkl\u0131 i\u00e7 \u00e7aplara sahip kal\u0131plar i\u00e7in e\u015fle\u015fen yar\u0131\u00e7aplara sahip i\u015flenmi\u015f kafalar mevcuttur. Piston \u00e7ubu\u011fu, numune y\u00fczeyinde burulmay\u0131 \u00f6nleyerek d\u00f6nmeye kar\u015f\u0131 y\u00f6nlendirilir; strok boyunca s\u00fcrt\u00fcnme en aza indirilerek d\u00fczg\u00fcn ekstr\u00fczyon sa\u011flan\u0131r. Dikey konfig\u00fcrasyon do\u011fal yer\u00e7ekimi deste\u011fi sa\u011flar, k\u0131r\u0131lmay\u0131 azalt\u0131r ve uzun numunelerde bile yap\u0131sal stabiliteyi korur. Geni\u015f \u00e7al\u0131\u015fma bo\u015flu\u011fu, kal\u0131plar\u0131n h\u0131zl\u0131 bir \u015fekilde yerle\u015ftirilmesini ve \u00e7\u0131kar\u0131lmas\u0131n\u0131 sa\u011flar. Elektrostatik kaplama a\u015f\u0131nd\u0131r\u0131c\u0131 ortamlara kar\u015f\u0131 koruma sa\u011flar; hidrolik hortumlar y\u00fcksek bas\u0131n\u00e7 derecelidir ve s\u0131zd\u0131rmaz ba\u011flant\u0131 par\u00e7alar\u0131na sahiptir.<\/p>","protected":false},"excerpt":{"rendered":"<p>Elle Kumandal\u0131 Hidrolik Numune Dikey Ekstr\u00fcderi, numuneleri silindirik kal\u0131plardan ve t\u00fcplerden \u00e7atlama, eksantriklik veya boyutsal b\u00fct\u00fcnl\u00fck kayb\u0131 olmadan \u00e7\u0131karmak i\u00e7in tasarlanm\u0131\u015f manuel, dikey tip bir cihazd\u0131r.<\/p>","protected":false},"featured_media":0,"template":"","meta":{"_acf_changed":false},"product_brand":[],"product_cat":[120,119],"product_tag":[],"class_list":{"0":"post-11168","1":"product","2":"type-product","3":"status-publish","5":"product_cat-sample-preparation","6":"product_cat-soil-lab","9":"instock","10":"shipping-taxable","11":"product-type-simple"},"acf":[],"yoast_head":"<!-- This site is optimized with the Yoast SEO Premium plugin v26.5 (Yoast SEO v27.5) - https:\/\/yoast.com\/product\/yoast-seo-premium-wordpress\/ -->\n<title>Hand-Operated Hydraulic Specimen Vertical Extruder - YKM TEST<\/title>\n<meta name=\"description\" content=\"Hand-Operated Hydraulic Specimen Vertical Extruder is a manual device for smooth and precise extraction of specimens from molds without damage or dimensional loss.\" \/>\n<meta name=\"robots\" content=\"index, follow, max-snippet:-1, max-image-preview:large, max-video-preview:-1\" \/>\n<link rel=\"canonical\" href=\"https:\/\/darkorchid-cheetah-525435.hostingersite.com\/product\/hand-operated-hydraulic-specimen-vertical-extruder\/\" \/>\n<meta property=\"og:locale\" content=\"tr_TR\" \/>\n<meta property=\"og:type\" content=\"article\" \/>\n<meta property=\"og:title\" content=\"Hand-Operated Hydraulic Specimen Vertical Extruder\" \/>\n<meta property=\"og:description\" content=\"Hand-Operated Hydraulic Specimen Vertical Extruder is a manual device for smooth and precise extraction of specimens from molds without damage or dimensional loss.\" \/>\n<meta property=\"og:url\" content=\"https:\/\/darkorchid-cheetah-525435.hostingersite.com\/product\/hand-operated-hydraulic-specimen-vertical-extruder\/\" \/>\n<meta property=\"og:site_name\" content=\"YKM TEST\" \/>\n<meta property=\"article:modified_time\" content=\"2025-12-16T11:08:43+00:00\" \/>\n<meta name=\"twitter:card\" content=\"summary_large_image\" \/>\n<meta name=\"twitter:label1\" content=\"Fiyat\" \/>\n\t<meta name=\"twitter:data1\" content=\"\" \/>\n\t<meta name=\"twitter:label2\" content=\"Durumu\" \/>\n\t<meta name=\"twitter:data2\" content=\"Stokta var\" \/>\n<script type=\"application\/ld+json\" class=\"yoast-schema-graph\">{\"@context\":\"https:\\\/\\\/schema.org\",\"@graph\":[{\"@type\":\"WebPage\",\"@id\":\"https:\\\/\\\/darkorchid-cheetah-525435.hostingersite.com\\\/product\\\/hand-operated-hydraulic-specimen-vertical-extruder\\\/\",\"url\":\"https:\\\/\\\/darkorchid-cheetah-525435.hostingersite.com\\\/product\\\/hand-operated-hydraulic-specimen-vertical-extruder\\\/\",\"name\":\"Hand-Operated Hydraulic Specimen Vertical Extruder - YKM TEST\",\"isPartOf\":{\"@id\":\"https:\\\/\\\/darkorchid-cheetah-525435.hostingersite.com\\\/#website\"},\"datePublished\":\"2025-12-16T10:58:56+00:00\",\"dateModified\":\"2025-12-16T11:08:43+00:00\",\"description\":\"Hand-Operated Hydraulic Specimen Vertical Extruder is a manual device for smooth and precise extraction of specimens from molds without damage or dimensional loss.\",\"breadcrumb\":{\"@id\":\"https:\\\/\\\/darkorchid-cheetah-525435.hostingersite.com\\\/product\\\/hand-operated-hydraulic-specimen-vertical-extruder\\\/#breadcrumb\"},\"inLanguage\":\"tr\",\"potentialAction\":[{\"@type\":\"ReadAction\",\"target\":[\"https:\\\/\\\/darkorchid-cheetah-525435.hostingersite.com\\\/product\\\/hand-operated-hydraulic-specimen-vertical-extruder\\\/\"]}]},{\"@type\":\"BreadcrumbList\",\"@id\":\"https:\\\/\\\/darkorchid-cheetah-525435.hostingersite.com\\\/product\\\/hand-operated-hydraulic-specimen-vertical-extruder\\\/#breadcrumb\",\"itemListElement\":[{\"@type\":\"ListItem\",\"position\":1,\"name\":\"Home\",\"item\":\"https:\\\/\\\/darkorchid-cheetah-525435.hostingersite.com\\\/\"},{\"@type\":\"ListItem\",\"position\":2,\"name\":\"\u0422\u043e\u0432\u0430\u0440\u044b\",\"item\":\"https:\\\/\\\/ykmtest.com\\\/ru\\\/shop\\\/\"},{\"@type\":\"ListItem\",\"position\":3,\"name\":\"Hand-Operated Hydraulic Specimen Vertical Extruder\"}]},{\"@type\":\"WebSite\",\"@id\":\"https:\\\/\\\/darkorchid-cheetah-525435.hostingersite.com\\\/#website\",\"url\":\"https:\\\/\\\/darkorchid-cheetah-525435.hostingersite.com\\\/\",\"name\":\"YKM TEST\",\"description\":\"\",\"publisher\":{\"@id\":\"https:\\\/\\\/darkorchid-cheetah-525435.hostingersite.com\\\/#organization\"},\"potentialAction\":[{\"@type\":\"SearchAction\",\"target\":{\"@type\":\"EntryPoint\",\"urlTemplate\":\"https:\\\/\\\/darkorchid-cheetah-525435.hostingersite.com\\\/?s={search_term_string}\"},\"query-input\":{\"@type\":\"PropertyValueSpecification\",\"valueRequired\":true,\"valueName\":\"search_term_string\"}}],\"inLanguage\":\"tr\"},{\"@type\":[\"Organization\",\"Place\"],\"@id\":\"https:\\\/\\\/darkorchid-cheetah-525435.hostingersite.com\\\/#organization\",\"name\":\"YKM TEST\",\"url\":\"https:\\\/\\\/darkorchid-cheetah-525435.hostingersite.com\\\/\",\"logo\":{\"@id\":\"https:\\\/\\\/darkorchid-cheetah-525435.hostingersite.com\\\/product\\\/hand-operated-hydraulic-specimen-vertical-extruder\\\/#local-main-organization-logo\"},\"image\":{\"@id\":\"https:\\\/\\\/darkorchid-cheetah-525435.hostingersite.com\\\/product\\\/hand-operated-hydraulic-specimen-vertical-extruder\\\/#local-main-organization-logo\"},\"telephone\":[],\"openingHoursSpecification\":[{\"@type\":\"OpeningHoursSpecification\",\"dayOfWeek\":[\"Monday\",\"Tuesday\",\"Wednesday\",\"Thursday\",\"Friday\",\"Saturday\",\"Sunday\"],\"opens\":\"09:00\",\"closes\":\"17:00\"}]},{\"@type\":\"ImageObject\",\"inLanguage\":\"tr\",\"@id\":\"https:\\\/\\\/darkorchid-cheetah-525435.hostingersite.com\\\/product\\\/hand-operated-hydraulic-specimen-vertical-extruder\\\/#local-main-organization-logo\",\"url\":\"https:\\\/\\\/ykmtest.com\\\/wp-content\\\/uploads\\\/2025\\\/10\\\/Asset-2@2x-8.png\",\"contentUrl\":\"https:\\\/\\\/ykmtest.com\\\/wp-content\\\/uploads\\\/2025\\\/10\\\/Asset-2@2x-8.png\",\"width\":1550,\"height\":323,\"caption\":\"YKM TEST\"}]}<\/script>\n<meta property=\"product:price:currency\" content=\"USD\" \/>\n<meta property=\"og:availability\" content=\"instock\" \/>\n<meta property=\"product:availability\" content=\"instock\" \/>\n<meta property=\"product:condition\" content=\"new\" \/>\n<!-- \/ Yoast SEO Premium plugin. -->","yoast_head_json":{"title":"Hand-Operated Hydraulic Specimen Vertical Extruder - YKM TEST","description":"Hand-Operated Hydraulic Specimen Vertical Extruder is a manual device for smooth and precise extraction of specimens from molds without damage or dimensional loss.","robots":{"index":"index","follow":"follow","max-snippet":"max-snippet:-1","max-image-preview":"max-image-preview:large","max-video-preview":"max-video-preview:-1"},"canonical":"https:\/\/darkorchid-cheetah-525435.hostingersite.com\/product\/hand-operated-hydraulic-specimen-vertical-extruder\/","og_locale":"tr_TR","og_type":"article","og_title":"Hand-Operated Hydraulic Specimen Vertical Extruder","og_description":"Hand-Operated Hydraulic Specimen Vertical Extruder is a manual device for smooth and precise extraction of specimens from molds without damage or dimensional loss.","og_url":"https:\/\/darkorchid-cheetah-525435.hostingersite.com\/product\/hand-operated-hydraulic-specimen-vertical-extruder\/","og_site_name":"YKM TEST","article_modified_time":"2025-12-16T11:08:43+00:00","twitter_card":"summary_large_image","twitter_misc":{"Fiyat":"","Durumu":"Stokta var"},"schema":{"@context":"https:\/\/schema.org","@graph":[{"@type":"WebPage","@id":"https:\/\/darkorchid-cheetah-525435.hostingersite.com\/product\/hand-operated-hydraulic-specimen-vertical-extruder\/","url":"https:\/\/darkorchid-cheetah-525435.hostingersite.com\/product\/hand-operated-hydraulic-specimen-vertical-extruder\/","name":"Hand-Operated Hydraulic Specimen Vertical Extruder - YKM TEST","isPartOf":{"@id":"https:\/\/darkorchid-cheetah-525435.hostingersite.com\/#website"},"datePublished":"2025-12-16T10:58:56+00:00","dateModified":"2025-12-16T11:08:43+00:00","description":"Hand-Operated Hydraulic Specimen Vertical Extruder is a manual device for smooth and precise extraction of specimens from molds without damage or dimensional loss.","breadcrumb":{"@id":"https:\/\/darkorchid-cheetah-525435.hostingersite.com\/product\/hand-operated-hydraulic-specimen-vertical-extruder\/#breadcrumb"},"inLanguage":"tr","potentialAction":[{"@type":"ReadAction","target":["https:\/\/darkorchid-cheetah-525435.hostingersite.com\/product\/hand-operated-hydraulic-specimen-vertical-extruder\/"]}]},{"@type":"BreadcrumbList","@id":"https:\/\/darkorchid-cheetah-525435.hostingersite.com\/product\/hand-operated-hydraulic-specimen-vertical-extruder\/#breadcrumb","itemListElement":[{"@type":"ListItem","position":1,"name":"Home","item":"https:\/\/darkorchid-cheetah-525435.hostingersite.com\/"},{"@type":"ListItem","position":2,"name":"\u0422\u043e\u0432\u0430\u0440\u044b","item":"https:\/\/ykmtest.com\/ru\/shop\/"},{"@type":"ListItem","position":3,"name":"Hand-Operated Hydraulic Specimen Vertical Extruder"}]},{"@type":"WebSite","@id":"https:\/\/darkorchid-cheetah-525435.hostingersite.com\/#website","url":"https:\/\/darkorchid-cheetah-525435.hostingersite.com\/","name":"YKM TEST\u0130","description":"","publisher":{"@id":"https:\/\/darkorchid-cheetah-525435.hostingersite.com\/#organization"},"potentialAction":[{"@type":"SearchAction","target":{"@type":"EntryPoint","urlTemplate":"https:\/\/darkorchid-cheetah-525435.hostingersite.com\/?s={search_term_string}"},"query-input":{"@type":"PropertyValueSpecification","valueRequired":true,"valueName":"search_term_string"}}],"inLanguage":"tr"},{"@type":["Organization","Place"],"@id":"https:\/\/darkorchid-cheetah-525435.hostingersite.com\/#organization","name":"YKM TEST\u0130","url":"https:\/\/darkorchid-cheetah-525435.hostingersite.com\/","logo":{"@id":"https:\/\/darkorchid-cheetah-525435.hostingersite.com\/product\/hand-operated-hydraulic-specimen-vertical-extruder\/#local-main-organization-logo"},"image":{"@id":"https:\/\/darkorchid-cheetah-525435.hostingersite.com\/product\/hand-operated-hydraulic-specimen-vertical-extruder\/#local-main-organization-logo"},"telephone":[],"openingHoursSpecification":[{"@type":"OpeningHoursSpecification","dayOfWeek":["Monday","Tuesday","Wednesday","Thursday","Friday","Saturday","Sunday"],"opens":"09:00","closes":"17:00"}]},{"@type":"ImageObject","inLanguage":"tr","@id":"https:\/\/darkorchid-cheetah-525435.hostingersite.com\/product\/hand-operated-hydraulic-specimen-vertical-extruder\/#local-main-organization-logo","url":"https:\/\/ykmtest.com\/wp-content\/uploads\/2025\/10\/Asset-2@2x-8.png","contentUrl":"https:\/\/ykmtest.com\/wp-content\/uploads\/2025\/10\/Asset-2@2x-8.png","width":1550,"height":323,"caption":"YKM TEST"}]},"product_price_currency":"USD","og_availability":"instock","product_availability":"instock","product_condition":"new"},"_links":{"self":[{"href":"https:\/\/ykmtest.com\/tr\/wp-json\/wp\/v2\/product\/11168","targetHints":{"allow":["GET"]}}],"collection":[{"href":"https:\/\/ykmtest.com\/tr\/wp-json\/wp\/v2\/product"}],"about":[{"href":"https:\/\/ykmtest.com\/tr\/wp-json\/wp\/v2\/types\/product"}],"version-history":[{"count":1,"href":"https:\/\/ykmtest.com\/tr\/wp-json\/wp\/v2\/product\/11168\/revisions"}],"predecessor-version":[{"id":11169,"href":"https:\/\/ykmtest.com\/tr\/wp-json\/wp\/v2\/product\/11168\/revisions\/11169"}],"wp:attachment":[{"href":"https:\/\/ykmtest.com\/tr\/wp-json\/wp\/v2\/media?parent=11168"}],"wp:term":[{"taxonomy":"product_brand","embeddable":true,"href":"https:\/\/ykmtest.com\/tr\/wp-json\/wp\/v2\/product_brand?post=11168"},{"taxonomy":"product_cat","embeddable":true,"href":"https:\/\/ykmtest.com\/tr\/wp-json\/wp\/v2\/product_cat?post=11168"},{"taxonomy":"product_tag","embeddable":true,"href":"https:\/\/ykmtest.com\/tr\/wp-json\/wp\/v2\/product_tag?post=11168"}],"curies":[{"name":"wp","href":"https:\/\/api.w.org\/{rel}","templated":true}]}}