{"id":11213,"date":"2025-12-17T12:05:36","date_gmt":"2025-12-17T12:05:36","guid":{"rendered":"https:\/\/ykmtest.com\/?post_type=product&#038;p=11213"},"modified":"2025-12-17T12:05:37","modified_gmt":"2025-12-17T12:05:37","slug":"dead-weight-consolidation-machine-oedometer","status":"publish","type":"product","link":"https:\/\/ykmtest.com\/tr\/urun\/dead-weight-consolidation-machine-oedometer\/","title":{"rendered":"\u00d6l\u00fc A\u011f\u0131rl\u0131k Konsolidasyon Makinesi (Oedometre)"},"content":{"rendered":"<p>\u00d6l\u00fc A\u011f\u0131rl\u0131k Konsolidasyon Makinesi (Oedometre), oturma potansiyelini, konsolidasyon katsay\u0131s\u0131n\u0131 (cv), s\u0131k\u0131\u015ft\u0131r\u0131labilirlik katsay\u0131s\u0131n\u0131 (mv) ve s\u0131k\u0131\u015ft\u0131rma indekslerini (Cc, Cr) belirlemek i\u00e7in kullan\u0131l\u0131r. Klasik oedometre prensipleri alt\u0131nda \u00e7al\u0131\u015fan sistem, numuneyi yanal olarak k\u0131s\u0131tlar ve sadece dikey y\u00f6nde deformasyona izin verir. Dikey y\u00fckleme, y\u00fckleme kiri\u015fine yerle\u015ftirilen \u00f6l\u00fc a\u011f\u0131rl\u0131klar kullan\u0131larak hassas bir kald\u0131ra\u00e7-kol sistemi arac\u0131l\u0131\u011f\u0131yla uygulan\u0131r. Bir kilitleme mekanizmas\u0131, a\u011f\u0131rl\u0131k de\u011fi\u015fimleri s\u0131ras\u0131nda g\u00fcvenli konumland\u0131rma sa\u011flar. Bu y\u00f6ntem, numuneye zaman i\u00e7inde sabit, do\u011frusal y\u00fck aktar\u0131m\u0131 sa\u011flar. Cihaz\u0131n merkezinde, titre\u015fime dayan\u0131kl\u0131 bir \u00e7er\u00e7eve \u00fczerine yerle\u015ftirilmi\u015f konsolidasyon h\u00fccresi bulunmaktad\u0131r. H\u00fccre, ta\u015flanm\u0131\u015f y\u00fczeylere sahip paslanmaz \u00e7elik bir numune halkas\u0131, \u00fcst ve alt g\u00f6zenekli ta\u015flar, e\u015fit bas\u0131n\u00e7 da\u011f\u0131l\u0131m\u0131 i\u00e7in bir y\u00fck pedi ve tam doygunlu\u011fu korumak i\u00e7in bir su haznesi i\u00e7erir. Kald\u0131ra\u00e7 sistemi, a\u011f\u0131rl\u0131klar\u0131n kontroll\u00fc bir \u015fekilde uygulanmas\u0131n\u0131 ve her y\u00fckleme a\u015famas\u0131nda sabit mekanik avantaj sa\u011flar. Kol kilidi, y\u00fck de\u011fi\u015fimleri s\u0131ras\u0131nda g\u00fcvenli konumland\u0131rma sa\u011flar. Test s\u0131ras\u0131nda, deformasyon okumalar\u0131 konsolidasyon e\u011frileri (log t - \u0394H) olu\u015fturmak i\u00e7in kullan\u0131l\u0131r. Bu e\u011frilerden cv, mv, av, Cc ve Cr hesaplan\u0131r. Bu parametreler, zemin oturmas\u0131n\u0131n hem s\u00fcresini hem de b\u00fcy\u00fckl\u00fc\u011f\u00fcn\u00fc tahmin etmek i\u00e7in kullan\u0131l\u0131r. Deformasyon \u00f6l\u00e7\u00fcmleri analog kadranl\u0131 g\u00f6stergeler veya dijital yer de\u011fi\u015ftirme transd\u00fcserleri kullan\u0131larak ger\u00e7ekle\u015ftirilebilir.<\/p>","protected":false},"excerpt":{"rendered":"<p class=\"p3\"><span lang=\"TR\">\u00d6l\u00fc A\u011f\u0131rl\u0131k Konsolidasyon Makinesi (Oedometer), laboratuvarda ince taneli zemin numunelerinin tek boyutlu s\u0131k\u0131\u015ft\u0131rma ve konsolidasyon davran\u0131\u015f\u0131n\u0131 de\u011ferlendirmek i\u00e7in tasarlanm\u0131\u015f y\u00fcksek hassasiyetli bir test sistemidir.<\/span><\/p>","protected":false},"featured_media":0,"template":"","meta":{"_acf_changed":false},"product_brand":[],"product_cat":[122,119],"product_tag":[],"class_list":{"0":"post-11213","1":"product","2":"type-product","3":"status-publish","5":"product_cat-soil-consolidation-testing","6":"product_cat-soil-lab","9":"instock","10":"shipping-taxable","11":"product-type-simple"},"acf":[],"yoast_head":"<!-- This site is optimized with the Yoast SEO Premium plugin v26.5 (Yoast SEO v27.5) - https:\/\/yoast.com\/product\/yoast-seo-premium-wordpress\/ -->\n<title>Dead-Weight Consolidation Machine (Oedometer) - YKM TEST<\/title>\n<meta name=\"description\" content=\"Dead-Weight Consolidation Machine (Oedometer) is used to determine one-dimensional consolidation and settlement behavior of soils.\" \/>\n<meta name=\"robots\" content=\"index, follow, max-snippet:-1, max-image-preview:large, max-video-preview:-1\" \/>\n<link rel=\"canonical\" href=\"https:\/\/darkorchid-cheetah-525435.hostingersite.com\/product\/dead-weight-consolidation-machine-oedometer\/\" \/>\n<meta property=\"og:locale\" content=\"tr_TR\" \/>\n<meta property=\"og:type\" content=\"article\" \/>\n<meta property=\"og:title\" content=\"Dead-Weight Consolidation Machine (Oedometer)\" \/>\n<meta property=\"og:description\" content=\"Dead-Weight Consolidation Machine (Oedometer) is used to determine one-dimensional consolidation and settlement behavior of soils.\" \/>\n<meta property=\"og:url\" content=\"https:\/\/darkorchid-cheetah-525435.hostingersite.com\/product\/dead-weight-consolidation-machine-oedometer\/\" \/>\n<meta property=\"og:site_name\" content=\"YKM TEST\" \/>\n<meta property=\"article:modified_time\" content=\"2025-12-17T12:05:37+00:00\" \/>\n<meta name=\"twitter:card\" content=\"summary_large_image\" \/>\n<meta name=\"twitter:label1\" content=\"Fiyat\" \/>\n\t<meta name=\"twitter:data1\" content=\"\" \/>\n\t<meta name=\"twitter:label2\" content=\"Durumu\" \/>\n\t<meta name=\"twitter:data2\" content=\"Stokta var\" \/>\n<script type=\"application\/ld+json\" class=\"yoast-schema-graph\">{\"@context\":\"https:\\\/\\\/schema.org\",\"@graph\":[{\"@type\":\"WebPage\",\"@id\":\"https:\\\/\\\/darkorchid-cheetah-525435.hostingersite.com\\\/product\\\/dead-weight-consolidation-machine-oedometer\\\/\",\"url\":\"https:\\\/\\\/darkorchid-cheetah-525435.hostingersite.com\\\/product\\\/dead-weight-consolidation-machine-oedometer\\\/\",\"name\":\"Dead-Weight Consolidation Machine (Oedometer) - YKM TEST\",\"isPartOf\":{\"@id\":\"https:\\\/\\\/darkorchid-cheetah-525435.hostingersite.com\\\/#website\"},\"datePublished\":\"2025-12-17T12:05:36+00:00\",\"dateModified\":\"2025-12-17T12:05:37+00:00\",\"description\":\"Dead-Weight Consolidation Machine (Oedometer) is used to determine one-dimensional consolidation and settlement behavior of soils.\",\"breadcrumb\":{\"@id\":\"https:\\\/\\\/darkorchid-cheetah-525435.hostingersite.com\\\/product\\\/dead-weight-consolidation-machine-oedometer\\\/#breadcrumb\"},\"inLanguage\":\"tr\",\"potentialAction\":[{\"@type\":\"ReadAction\",\"target\":[\"https:\\\/\\\/darkorchid-cheetah-525435.hostingersite.com\\\/product\\\/dead-weight-consolidation-machine-oedometer\\\/\"]}]},{\"@type\":\"BreadcrumbList\",\"@id\":\"https:\\\/\\\/darkorchid-cheetah-525435.hostingersite.com\\\/product\\\/dead-weight-consolidation-machine-oedometer\\\/#breadcrumb\",\"itemListElement\":[{\"@type\":\"ListItem\",\"position\":1,\"name\":\"Home\",\"item\":\"https:\\\/\\\/darkorchid-cheetah-525435.hostingersite.com\\\/\"},{\"@type\":\"ListItem\",\"position\":2,\"name\":\"\u0422\u043e\u0432\u0430\u0440\u044b\",\"item\":\"https:\\\/\\\/ykmtest.com\\\/ru\\\/shop\\\/\"},{\"@type\":\"ListItem\",\"position\":3,\"name\":\"Dead-Weight Consolidation Machine (Oedometer)\"}]},{\"@type\":\"WebSite\",\"@id\":\"https:\\\/\\\/darkorchid-cheetah-525435.hostingersite.com\\\/#website\",\"url\":\"https:\\\/\\\/darkorchid-cheetah-525435.hostingersite.com\\\/\",\"name\":\"YKM TEST\",\"description\":\"\",\"publisher\":{\"@id\":\"https:\\\/\\\/darkorchid-cheetah-525435.hostingersite.com\\\/#organization\"},\"potentialAction\":[{\"@type\":\"SearchAction\",\"target\":{\"@type\":\"EntryPoint\",\"urlTemplate\":\"https:\\\/\\\/darkorchid-cheetah-525435.hostingersite.com\\\/?s={search_term_string}\"},\"query-input\":{\"@type\":\"PropertyValueSpecification\",\"valueRequired\":true,\"valueName\":\"search_term_string\"}}],\"inLanguage\":\"tr\"},{\"@type\":[\"Organization\",\"Place\"],\"@id\":\"https:\\\/\\\/darkorchid-cheetah-525435.hostingersite.com\\\/#organization\",\"name\":\"YKM TEST\",\"url\":\"https:\\\/\\\/darkorchid-cheetah-525435.hostingersite.com\\\/\",\"logo\":{\"@id\":\"https:\\\/\\\/darkorchid-cheetah-525435.hostingersite.com\\\/product\\\/dead-weight-consolidation-machine-oedometer\\\/#local-main-organization-logo\"},\"image\":{\"@id\":\"https:\\\/\\\/darkorchid-cheetah-525435.hostingersite.com\\\/product\\\/dead-weight-consolidation-machine-oedometer\\\/#local-main-organization-logo\"},\"telephone\":[],\"openingHoursSpecification\":[{\"@type\":\"OpeningHoursSpecification\",\"dayOfWeek\":[\"Monday\",\"Tuesday\",\"Wednesday\",\"Thursday\",\"Friday\",\"Saturday\",\"Sunday\"],\"opens\":\"09:00\",\"closes\":\"17:00\"}]},{\"@type\":\"ImageObject\",\"inLanguage\":\"tr\",\"@id\":\"https:\\\/\\\/darkorchid-cheetah-525435.hostingersite.com\\\/product\\\/dead-weight-consolidation-machine-oedometer\\\/#local-main-organization-logo\",\"url\":\"https:\\\/\\\/ykmtest.com\\\/wp-content\\\/uploads\\\/2025\\\/10\\\/Asset-2@2x-8.png\",\"contentUrl\":\"https:\\\/\\\/ykmtest.com\\\/wp-content\\\/uploads\\\/2025\\\/10\\\/Asset-2@2x-8.png\",\"width\":1550,\"height\":323,\"caption\":\"YKM TEST\"}]}<\/script>\n<meta property=\"product:price:currency\" content=\"USD\" \/>\n<meta property=\"og:availability\" content=\"instock\" \/>\n<meta property=\"product:availability\" content=\"instock\" \/>\n<meta property=\"product:condition\" content=\"new\" \/>\n<!-- \/ Yoast SEO Premium plugin. -->","yoast_head_json":{"title":"Dead-Weight Consolidation Machine (Oedometer) - YKM TEST","description":"Dead-Weight Consolidation Machine (Oedometer) is used to determine one-dimensional consolidation and settlement behavior of soils.","robots":{"index":"index","follow":"follow","max-snippet":"max-snippet:-1","max-image-preview":"max-image-preview:large","max-video-preview":"max-video-preview:-1"},"canonical":"https:\/\/darkorchid-cheetah-525435.hostingersite.com\/product\/dead-weight-consolidation-machine-oedometer\/","og_locale":"tr_TR","og_type":"article","og_title":"Dead-Weight Consolidation Machine (Oedometer)","og_description":"Dead-Weight Consolidation Machine (Oedometer) is used to determine one-dimensional consolidation and settlement behavior of soils.","og_url":"https:\/\/darkorchid-cheetah-525435.hostingersite.com\/product\/dead-weight-consolidation-machine-oedometer\/","og_site_name":"YKM TEST","article_modified_time":"2025-12-17T12:05:37+00:00","twitter_card":"summary_large_image","twitter_misc":{"Fiyat":"","Durumu":"Stokta var"},"schema":{"@context":"https:\/\/schema.org","@graph":[{"@type":"WebPage","@id":"https:\/\/darkorchid-cheetah-525435.hostingersite.com\/product\/dead-weight-consolidation-machine-oedometer\/","url":"https:\/\/darkorchid-cheetah-525435.hostingersite.com\/product\/dead-weight-consolidation-machine-oedometer\/","name":"Dead-Weight Consolidation Machine (Oedometer) - YKM TEST","isPartOf":{"@id":"https:\/\/darkorchid-cheetah-525435.hostingersite.com\/#website"},"datePublished":"2025-12-17T12:05:36+00:00","dateModified":"2025-12-17T12:05:37+00:00","description":"Dead-Weight Consolidation Machine (Oedometer) is used to determine one-dimensional consolidation and settlement behavior of soils.","breadcrumb":{"@id":"https:\/\/darkorchid-cheetah-525435.hostingersite.com\/product\/dead-weight-consolidation-machine-oedometer\/#breadcrumb"},"inLanguage":"tr","potentialAction":[{"@type":"ReadAction","target":["https:\/\/darkorchid-cheetah-525435.hostingersite.com\/product\/dead-weight-consolidation-machine-oedometer\/"]}]},{"@type":"BreadcrumbList","@id":"https:\/\/darkorchid-cheetah-525435.hostingersite.com\/product\/dead-weight-consolidation-machine-oedometer\/#breadcrumb","itemListElement":[{"@type":"ListItem","position":1,"name":"Home","item":"https:\/\/darkorchid-cheetah-525435.hostingersite.com\/"},{"@type":"ListItem","position":2,"name":"\u0422\u043e\u0432\u0430\u0440\u044b","item":"https:\/\/ykmtest.com\/ru\/shop\/"},{"@type":"ListItem","position":3,"name":"Dead-Weight Consolidation Machine (Oedometer)"}]},{"@type":"WebSite","@id":"https:\/\/darkorchid-cheetah-525435.hostingersite.com\/#website","url":"https:\/\/darkorchid-cheetah-525435.hostingersite.com\/","name":"YKM TEST\u0130","description":"","publisher":{"@id":"https:\/\/darkorchid-cheetah-525435.hostingersite.com\/#organization"},"potentialAction":[{"@type":"SearchAction","target":{"@type":"EntryPoint","urlTemplate":"https:\/\/darkorchid-cheetah-525435.hostingersite.com\/?s={search_term_string}"},"query-input":{"@type":"PropertyValueSpecification","valueRequired":true,"valueName":"search_term_string"}}],"inLanguage":"tr"},{"@type":["Organization","Place"],"@id":"https:\/\/darkorchid-cheetah-525435.hostingersite.com\/#organization","name":"YKM TEST\u0130","url":"https:\/\/darkorchid-cheetah-525435.hostingersite.com\/","logo":{"@id":"https:\/\/darkorchid-cheetah-525435.hostingersite.com\/product\/dead-weight-consolidation-machine-oedometer\/#local-main-organization-logo"},"image":{"@id":"https:\/\/darkorchid-cheetah-525435.hostingersite.com\/product\/dead-weight-consolidation-machine-oedometer\/#local-main-organization-logo"},"telephone":[],"openingHoursSpecification":[{"@type":"OpeningHoursSpecification","dayOfWeek":["Monday","Tuesday","Wednesday","Thursday","Friday","Saturday","Sunday"],"opens":"09:00","closes":"17:00"}]},{"@type":"ImageObject","inLanguage":"tr","@id":"https:\/\/darkorchid-cheetah-525435.hostingersite.com\/product\/dead-weight-consolidation-machine-oedometer\/#local-main-organization-logo","url":"https:\/\/ykmtest.com\/wp-content\/uploads\/2025\/10\/Asset-2@2x-8.png","contentUrl":"https:\/\/ykmtest.com\/wp-content\/uploads\/2025\/10\/Asset-2@2x-8.png","width":1550,"height":323,"caption":"YKM TEST"}]},"product_price_currency":"USD","og_availability":"instock","product_availability":"instock","product_condition":"new"},"_links":{"self":[{"href":"https:\/\/ykmtest.com\/tr\/wp-json\/wp\/v2\/product\/11213","targetHints":{"allow":["GET"]}}],"collection":[{"href":"https:\/\/ykmtest.com\/tr\/wp-json\/wp\/v2\/product"}],"about":[{"href":"https:\/\/ykmtest.com\/tr\/wp-json\/wp\/v2\/types\/product"}],"version-history":[{"count":1,"href":"https:\/\/ykmtest.com\/tr\/wp-json\/wp\/v2\/product\/11213\/revisions"}],"predecessor-version":[{"id":11214,"href":"https:\/\/ykmtest.com\/tr\/wp-json\/wp\/v2\/product\/11213\/revisions\/11214"}],"wp:attachment":[{"href":"https:\/\/ykmtest.com\/tr\/wp-json\/wp\/v2\/media?parent=11213"}],"wp:term":[{"taxonomy":"product_brand","embeddable":true,"href":"https:\/\/ykmtest.com\/tr\/wp-json\/wp\/v2\/product_brand?post=11213"},{"taxonomy":"product_cat","embeddable":true,"href":"https:\/\/ykmtest.com\/tr\/wp-json\/wp\/v2\/product_cat?post=11213"},{"taxonomy":"product_tag","embeddable":true,"href":"https:\/\/ykmtest.com\/tr\/wp-json\/wp\/v2\/product_tag?post=11213"}],"curies":[{"name":"wp","href":"https:\/\/api.w.org\/{rel}","templated":true}]}}