{"id":11224,"date":"2025-12-18T09:02:54","date_gmt":"2025-12-18T09:02:54","guid":{"rendered":"https:\/\/ykmtest.com\/?post_type=product&#038;p=11224"},"modified":"2025-12-18T09:02:55","modified_gmt":"2025-12-18T09:02:55","slug":"automatic-volume-change-apparatus","status":"publish","type":"product","link":"https:\/\/ykmtest.com\/tr\/urun\/automatic-volume-change-apparatus\/","title":{"rendered":"Otomatik Hacim De\u011fi\u015ftirme Aparat\u0131"},"content":{"rendered":"<p class=\"p2\"><span lang=\"TR\">Otomatik Hacim De\u011fi\u015ftirme Aparat\u0131, \u00f6l\u00e7\u00fcm odas\u0131ndan ge\u00e7en su hacmini s\u00fcrekli olarak izleyerek konsolidasyon, drenaj ve doygunluk a\u015famalar\u0131nda hacimsel deformasyonun do\u011fru \u015fekilde kaydedilmesini sa\u011flar. Bas\u0131n\u00e7 devreleriyle do\u011frudan entegrasyon, h\u00fccre bas\u0131nc\u0131 ve geri bas\u0131n\u00e7 alt\u0131nda \u00f6l\u00e7\u00fcm stabilitesini korur. H\u00fccrenin i\u00e7ine yerle\u015ftirilen pistonun yer de\u011fi\u015ftirmesi ile \u00f6l\u00e7\u00fcm haznesinde bulunan su hacmi aras\u0131nda do\u011frudan, \u00f6l\u00e7\u00fclebilir bir ili\u015fki kurulur. D\u00fc\u015f\u00fck histerezisli s\u0131zd\u0131rmazl\u0131k elemanlar\u0131 ve ince i\u015flenmi\u015f i\u00e7 y\u00fczeyler, tersinir ak\u0131\u015f s\u0131ras\u0131nda bile tekrarlanabilir \u00f6l\u00e7\u00fcmler sa\u011flar. CU, CD ve UU \u00fc\u00e7 eksenli test sistemleri ile kullan\u0131ld\u0131\u011f\u0131nda, h\u0131z, hedef ad\u0131m ve tutma kriterleri gibi t\u00fcm test parametreleri tek bir yaz\u0131l\u0131m aray\u00fcz\u00fcnden kontrol edilebilir. Sistem ger\u00e7ek zamanl\u0131 grafiksel izleme, tepe de\u011fer yakalama ve otomatik veri kayd\u0131 sa\u011flar.<\/span><\/p>","protected":false},"excerpt":{"rendered":"<p class=\"p3\"><span lang=\"TR\">Otomatik Hacim De\u011fi\u015ftirme Aparat\u0131, \u00fc\u00e7 eksenli zemin test sistemlerinde numune hacim de\u011fi\u015fimini y\u00fcksek hassasiyetle izlemek ve kontrol etmek i\u00e7in tasarlanm\u0131\u015ft\u0131r.<\/span><\/p>","protected":false},"featured_media":0,"template":"","meta":{"_acf_changed":false},"product_brand":[],"product_cat":[119,124],"product_tag":[],"class_list":{"0":"post-11224","1":"product","2":"type-product","3":"status-publish","5":"product_cat-soil-lab","6":"product_cat-triaxial-testing-equipments","9":"instock","10":"shipping-taxable","11":"product-type-simple"},"acf":[],"yoast_head":"<!-- This site is optimized with the Yoast SEO Premium plugin v26.5 (Yoast SEO v27.5) - https:\/\/yoast.com\/product\/yoast-seo-premium-wordpress\/ -->\n<title>Automatic Volume Change Apparatus - YKM TEST<\/title>\n<meta name=\"description\" content=\"Automatic Volume Change Apparatus precisely monitors volumetric deformation of soil specimens during triaxial consolidation and drainage tests.\" \/>\n<meta name=\"robots\" content=\"index, follow, max-snippet:-1, max-image-preview:large, max-video-preview:-1\" \/>\n<link rel=\"canonical\" href=\"https:\/\/darkorchid-cheetah-525435.hostingersite.com\/product\/automatic-volume-change-apparatus\/\" \/>\n<meta property=\"og:locale\" content=\"tr_TR\" \/>\n<meta property=\"og:type\" content=\"article\" \/>\n<meta property=\"og:title\" content=\"Automatic Volume Change Apparatus\" \/>\n<meta property=\"og:description\" content=\"Automatic Volume Change Apparatus precisely monitors volumetric deformation of soil specimens during triaxial consolidation and drainage tests.\" \/>\n<meta property=\"og:url\" content=\"https:\/\/darkorchid-cheetah-525435.hostingersite.com\/product\/automatic-volume-change-apparatus\/\" \/>\n<meta property=\"og:site_name\" content=\"YKM TEST\" \/>\n<meta property=\"article:modified_time\" content=\"2025-12-18T09:02:55+00:00\" \/>\n<meta name=\"twitter:card\" content=\"summary_large_image\" \/>\n<meta name=\"twitter:label1\" content=\"Fiyat\" \/>\n\t<meta name=\"twitter:data1\" content=\"\" \/>\n\t<meta name=\"twitter:label2\" content=\"Durumu\" \/>\n\t<meta name=\"twitter:data2\" content=\"Stokta var\" \/>\n<script type=\"application\/ld+json\" class=\"yoast-schema-graph\">{\"@context\":\"https:\\\/\\\/schema.org\",\"@graph\":[{\"@type\":\"WebPage\",\"@id\":\"https:\\\/\\\/darkorchid-cheetah-525435.hostingersite.com\\\/product\\\/automatic-volume-change-apparatus\\\/\",\"url\":\"https:\\\/\\\/darkorchid-cheetah-525435.hostingersite.com\\\/product\\\/automatic-volume-change-apparatus\\\/\",\"name\":\"Automatic Volume Change Apparatus - YKM TEST\",\"isPartOf\":{\"@id\":\"https:\\\/\\\/darkorchid-cheetah-525435.hostingersite.com\\\/#website\"},\"datePublished\":\"2025-12-18T09:02:54+00:00\",\"dateModified\":\"2025-12-18T09:02:55+00:00\",\"description\":\"Automatic Volume Change Apparatus precisely monitors volumetric deformation of soil specimens during triaxial consolidation and drainage tests.\",\"breadcrumb\":{\"@id\":\"https:\\\/\\\/darkorchid-cheetah-525435.hostingersite.com\\\/product\\\/automatic-volume-change-apparatus\\\/#breadcrumb\"},\"inLanguage\":\"tr\",\"potentialAction\":[{\"@type\":\"ReadAction\",\"target\":[\"https:\\\/\\\/darkorchid-cheetah-525435.hostingersite.com\\\/product\\\/automatic-volume-change-apparatus\\\/\"]}]},{\"@type\":\"BreadcrumbList\",\"@id\":\"https:\\\/\\\/darkorchid-cheetah-525435.hostingersite.com\\\/product\\\/automatic-volume-change-apparatus\\\/#breadcrumb\",\"itemListElement\":[{\"@type\":\"ListItem\",\"position\":1,\"name\":\"Home\",\"item\":\"https:\\\/\\\/darkorchid-cheetah-525435.hostingersite.com\\\/\"},{\"@type\":\"ListItem\",\"position\":2,\"name\":\"\u0422\u043e\u0432\u0430\u0440\u044b\",\"item\":\"https:\\\/\\\/ykmtest.com\\\/ru\\\/shop\\\/\"},{\"@type\":\"ListItem\",\"position\":3,\"name\":\"Automatic Volume Change Apparatus\"}]},{\"@type\":\"WebSite\",\"@id\":\"https:\\\/\\\/darkorchid-cheetah-525435.hostingersite.com\\\/#website\",\"url\":\"https:\\\/\\\/darkorchid-cheetah-525435.hostingersite.com\\\/\",\"name\":\"YKM TEST\",\"description\":\"\",\"publisher\":{\"@id\":\"https:\\\/\\\/darkorchid-cheetah-525435.hostingersite.com\\\/#organization\"},\"potentialAction\":[{\"@type\":\"SearchAction\",\"target\":{\"@type\":\"EntryPoint\",\"urlTemplate\":\"https:\\\/\\\/darkorchid-cheetah-525435.hostingersite.com\\\/?s={search_term_string}\"},\"query-input\":{\"@type\":\"PropertyValueSpecification\",\"valueRequired\":true,\"valueName\":\"search_term_string\"}}],\"inLanguage\":\"tr\"},{\"@type\":[\"Organization\",\"Place\"],\"@id\":\"https:\\\/\\\/darkorchid-cheetah-525435.hostingersite.com\\\/#organization\",\"name\":\"YKM TEST\",\"url\":\"https:\\\/\\\/darkorchid-cheetah-525435.hostingersite.com\\\/\",\"logo\":{\"@id\":\"https:\\\/\\\/darkorchid-cheetah-525435.hostingersite.com\\\/product\\\/automatic-volume-change-apparatus\\\/#local-main-organization-logo\"},\"image\":{\"@id\":\"https:\\\/\\\/darkorchid-cheetah-525435.hostingersite.com\\\/product\\\/automatic-volume-change-apparatus\\\/#local-main-organization-logo\"},\"telephone\":[],\"openingHoursSpecification\":[{\"@type\":\"OpeningHoursSpecification\",\"dayOfWeek\":[\"Monday\",\"Tuesday\",\"Wednesday\",\"Thursday\",\"Friday\",\"Saturday\",\"Sunday\"],\"opens\":\"09:00\",\"closes\":\"17:00\"}]},{\"@type\":\"ImageObject\",\"inLanguage\":\"tr\",\"@id\":\"https:\\\/\\\/darkorchid-cheetah-525435.hostingersite.com\\\/product\\\/automatic-volume-change-apparatus\\\/#local-main-organization-logo\",\"url\":\"https:\\\/\\\/ykmtest.com\\\/wp-content\\\/uploads\\\/2025\\\/10\\\/Asset-2@2x-8.png\",\"contentUrl\":\"https:\\\/\\\/ykmtest.com\\\/wp-content\\\/uploads\\\/2025\\\/10\\\/Asset-2@2x-8.png\",\"width\":1550,\"height\":323,\"caption\":\"YKM TEST\"}]}<\/script>\n<meta property=\"product:price:currency\" content=\"USD\" \/>\n<meta property=\"og:availability\" content=\"instock\" \/>\n<meta property=\"product:availability\" content=\"instock\" \/>\n<meta property=\"product:condition\" content=\"new\" \/>\n<!-- \/ Yoast SEO Premium plugin. -->","yoast_head_json":{"title":"Automatic Volume Change Apparatus - YKM TEST","description":"Automatic Volume Change Apparatus precisely monitors volumetric deformation of soil specimens during triaxial consolidation and drainage tests.","robots":{"index":"index","follow":"follow","max-snippet":"max-snippet:-1","max-image-preview":"max-image-preview:large","max-video-preview":"max-video-preview:-1"},"canonical":"https:\/\/darkorchid-cheetah-525435.hostingersite.com\/product\/automatic-volume-change-apparatus\/","og_locale":"tr_TR","og_type":"article","og_title":"Automatic Volume Change Apparatus","og_description":"Automatic Volume Change Apparatus precisely monitors volumetric deformation of soil specimens during triaxial consolidation and drainage tests.","og_url":"https:\/\/darkorchid-cheetah-525435.hostingersite.com\/product\/automatic-volume-change-apparatus\/","og_site_name":"YKM TEST","article_modified_time":"2025-12-18T09:02:55+00:00","twitter_card":"summary_large_image","twitter_misc":{"Fiyat":"","Durumu":"Stokta var"},"schema":{"@context":"https:\/\/schema.org","@graph":[{"@type":"WebPage","@id":"https:\/\/darkorchid-cheetah-525435.hostingersite.com\/product\/automatic-volume-change-apparatus\/","url":"https:\/\/darkorchid-cheetah-525435.hostingersite.com\/product\/automatic-volume-change-apparatus\/","name":"Automatic Volume Change Apparatus - YKM TEST","isPartOf":{"@id":"https:\/\/darkorchid-cheetah-525435.hostingersite.com\/#website"},"datePublished":"2025-12-18T09:02:54+00:00","dateModified":"2025-12-18T09:02:55+00:00","description":"Automatic Volume Change Apparatus precisely monitors volumetric deformation of soil specimens during triaxial consolidation and drainage tests.","breadcrumb":{"@id":"https:\/\/darkorchid-cheetah-525435.hostingersite.com\/product\/automatic-volume-change-apparatus\/#breadcrumb"},"inLanguage":"tr","potentialAction":[{"@type":"ReadAction","target":["https:\/\/darkorchid-cheetah-525435.hostingersite.com\/product\/automatic-volume-change-apparatus\/"]}]},{"@type":"BreadcrumbList","@id":"https:\/\/darkorchid-cheetah-525435.hostingersite.com\/product\/automatic-volume-change-apparatus\/#breadcrumb","itemListElement":[{"@type":"ListItem","position":1,"name":"Home","item":"https:\/\/darkorchid-cheetah-525435.hostingersite.com\/"},{"@type":"ListItem","position":2,"name":"\u0422\u043e\u0432\u0430\u0440\u044b","item":"https:\/\/ykmtest.com\/ru\/shop\/"},{"@type":"ListItem","position":3,"name":"Automatic Volume Change Apparatus"}]},{"@type":"WebSite","@id":"https:\/\/darkorchid-cheetah-525435.hostingersite.com\/#website","url":"https:\/\/darkorchid-cheetah-525435.hostingersite.com\/","name":"YKM TEST\u0130","description":"","publisher":{"@id":"https:\/\/darkorchid-cheetah-525435.hostingersite.com\/#organization"},"potentialAction":[{"@type":"SearchAction","target":{"@type":"EntryPoint","urlTemplate":"https:\/\/darkorchid-cheetah-525435.hostingersite.com\/?s={search_term_string}"},"query-input":{"@type":"PropertyValueSpecification","valueRequired":true,"valueName":"search_term_string"}}],"inLanguage":"tr"},{"@type":["Organization","Place"],"@id":"https:\/\/darkorchid-cheetah-525435.hostingersite.com\/#organization","name":"YKM TEST\u0130","url":"https:\/\/darkorchid-cheetah-525435.hostingersite.com\/","logo":{"@id":"https:\/\/darkorchid-cheetah-525435.hostingersite.com\/product\/automatic-volume-change-apparatus\/#local-main-organization-logo"},"image":{"@id":"https:\/\/darkorchid-cheetah-525435.hostingersite.com\/product\/automatic-volume-change-apparatus\/#local-main-organization-logo"},"telephone":[],"openingHoursSpecification":[{"@type":"OpeningHoursSpecification","dayOfWeek":["Monday","Tuesday","Wednesday","Thursday","Friday","Saturday","Sunday"],"opens":"09:00","closes":"17:00"}]},{"@type":"ImageObject","inLanguage":"tr","@id":"https:\/\/darkorchid-cheetah-525435.hostingersite.com\/product\/automatic-volume-change-apparatus\/#local-main-organization-logo","url":"https:\/\/ykmtest.com\/wp-content\/uploads\/2025\/10\/Asset-2@2x-8.png","contentUrl":"https:\/\/ykmtest.com\/wp-content\/uploads\/2025\/10\/Asset-2@2x-8.png","width":1550,"height":323,"caption":"YKM TEST"}]},"product_price_currency":"USD","og_availability":"instock","product_availability":"instock","product_condition":"new"},"_links":{"self":[{"href":"https:\/\/ykmtest.com\/tr\/wp-json\/wp\/v2\/product\/11224","targetHints":{"allow":["GET"]}}],"collection":[{"href":"https:\/\/ykmtest.com\/tr\/wp-json\/wp\/v2\/product"}],"about":[{"href":"https:\/\/ykmtest.com\/tr\/wp-json\/wp\/v2\/types\/product"}],"version-history":[{"count":1,"href":"https:\/\/ykmtest.com\/tr\/wp-json\/wp\/v2\/product\/11224\/revisions"}],"predecessor-version":[{"id":11225,"href":"https:\/\/ykmtest.com\/tr\/wp-json\/wp\/v2\/product\/11224\/revisions\/11225"}],"wp:attachment":[{"href":"https:\/\/ykmtest.com\/tr\/wp-json\/wp\/v2\/media?parent=11224"}],"wp:term":[{"taxonomy":"product_brand","embeddable":true,"href":"https:\/\/ykmtest.com\/tr\/wp-json\/wp\/v2\/product_brand?post=11224"},{"taxonomy":"product_cat","embeddable":true,"href":"https:\/\/ykmtest.com\/tr\/wp-json\/wp\/v2\/product_cat?post=11224"},{"taxonomy":"product_tag","embeddable":true,"href":"https:\/\/ykmtest.com\/tr\/wp-json\/wp\/v2\/product_tag?post=11224"}],"curies":[{"name":"wp","href":"https:\/\/api.w.org\/{rel}","templated":true}]}}