{"id":11228,"date":"2025-12-18T11:28:08","date_gmt":"2025-12-18T11:28:08","guid":{"rendered":"https:\/\/ykmtest.com\/?post_type=product&#038;p=11228"},"modified":"2025-12-18T11:28:09","modified_gmt":"2025-12-18T11:28:09","slug":"de-aired-water-apparatus","status":"publish","type":"product","link":"https:\/\/ykmtest.com\/tr\/urun\/de-aired-water-apparatus\/","title":{"rendered":"Havas\u0131 Al\u0131nm\u0131\u015f Su Aparat\u0131"},"content":{"rendered":"<p class=\"p3\"><span lang=\"TR\">\u00a0<\/span><span lang=\"TR\">Kompakt tezgah \u00fcst\u00fc tasar\u0131m\u0131, vakum pompas\u0131 aray\u00fcz\u00fcn\u00fc, s\u0131zd\u0131rmaz hava alma tank\u0131n\u0131 ve kontrol valflerini tek bir platforma entegre ederek h\u00fccreye ve geri bas\u0131n\u00e7 sistemlerine kabarc\u0131ks\u0131z, sabit su beslemesi sa\u011flar. Bu da uzun s\u00fcreli testler boyunca uzun vadeli \u00f6l\u00e7\u00fcm do\u011frulu\u011fu sa\u011flar. \u00dcnite, \u015feffaf seviye g\u00f6stergeli bir hava alma tank\u0131 ve vakum alt\u0131nda suyun gaz\u0131n\u0131 alan bir ak\u0131\u015f devresinden olu\u015fur. Tank geometrisi, su y\u00fczeyinde kabarc\u0131k birikimini \u00f6nlemek i\u00e7in optimize edilmi\u015ftir; bir hava tahliye hatt\u0131, testten \u00f6nce h\u0131zl\u0131 bir \u015fekilde havan\u0131n al\u0131nmas\u0131n\u0131 sa\u011flar. Kimyasal olarak dayan\u0131kl\u0131 hortumlar ve h\u0131zl\u0131 ba\u011flant\u0131 kaplinleri \u00fc\u00e7 eksenli sistemlerle do\u011frudan uyumluluk sa\u011flar. Konfig\u00fcrasyon, doldurma ve devridaim s\u0131ras\u0131nda istikrarl\u0131 ak\u0131\u015f ve seviye kontrol\u00fc sa\u011flar. Laboratuvar kapasitesi gereksinimlerine uyacak \u015fekilde \u00e7oklu tank hacmi se\u00e7enekleri mevcuttur (\u00f6rn. 7-23 L).<\/span><\/p>","protected":false},"excerpt":{"rendered":"<p>Havas\u0131 Al\u0131nm\u0131\u015f Su Aparat\u0131, \u00fc\u00e7 eksenli test sistemlerinde, ge\u00e7irgenlik d\u00fczeneklerinde ve bas\u0131n\u00e7\/hacim kontrol cihazlar\u0131nda kullan\u0131lan sudaki \u00e7\u00f6z\u00fcnm\u00fc\u015f gazlar\u0131 h\u0131zl\u0131 ve g\u00fcvenilir bir \u015fekilde gidermek i\u00e7in tasarlanm\u0131\u015ft\u0131r.<\/p>","protected":false},"featured_media":0,"template":"","meta":{"_acf_changed":false},"product_brand":[],"product_cat":[119,124],"product_tag":[],"class_list":{"0":"post-11228","1":"product","2":"type-product","3":"status-publish","5":"product_cat-soil-lab","6":"product_cat-triaxial-testing-equipments","9":"instock","10":"shipping-taxable","11":"product-type-simple"},"acf":[],"yoast_head":"<!-- This site is optimized with the Yoast SEO Premium plugin v26.5 (Yoast SEO v27.5) - https:\/\/yoast.com\/product\/yoast-seo-premium-wordpress\/ -->\n<title>De-Aired Water Apparatus - YKM TEST<\/title>\n<meta name=\"description\" content=\"De-Aired Water Apparatus removes dissolved gases to supply bubble-free water for accurate triaxial and permeability testing.\" \/>\n<meta name=\"robots\" content=\"index, follow, max-snippet:-1, max-image-preview:large, max-video-preview:-1\" \/>\n<link rel=\"canonical\" href=\"https:\/\/darkorchid-cheetah-525435.hostingersite.com\/product\/de-aired-water-apparatus\/\" \/>\n<meta property=\"og:locale\" content=\"tr_TR\" \/>\n<meta property=\"og:type\" content=\"article\" \/>\n<meta property=\"og:title\" content=\"De-Aired Water Apparatus\" \/>\n<meta property=\"og:description\" content=\"De-Aired Water Apparatus removes dissolved gases to supply bubble-free water for accurate triaxial and permeability testing.\" \/>\n<meta property=\"og:url\" content=\"https:\/\/darkorchid-cheetah-525435.hostingersite.com\/product\/de-aired-water-apparatus\/\" \/>\n<meta property=\"og:site_name\" content=\"YKM TEST\" \/>\n<meta property=\"article:modified_time\" content=\"2025-12-18T11:28:09+00:00\" \/>\n<meta name=\"twitter:card\" content=\"summary_large_image\" \/>\n<meta name=\"twitter:label1\" content=\"Fiyat\" \/>\n\t<meta name=\"twitter:data1\" content=\"\" \/>\n\t<meta name=\"twitter:label2\" content=\"Durumu\" \/>\n\t<meta name=\"twitter:data2\" content=\"Stokta var\" \/>\n<script type=\"application\/ld+json\" class=\"yoast-schema-graph\">{\"@context\":\"https:\\\/\\\/schema.org\",\"@graph\":[{\"@type\":\"WebPage\",\"@id\":\"https:\\\/\\\/darkorchid-cheetah-525435.hostingersite.com\\\/product\\\/de-aired-water-apparatus\\\/\",\"url\":\"https:\\\/\\\/darkorchid-cheetah-525435.hostingersite.com\\\/product\\\/de-aired-water-apparatus\\\/\",\"name\":\"De-Aired Water Apparatus - YKM TEST\",\"isPartOf\":{\"@id\":\"https:\\\/\\\/darkorchid-cheetah-525435.hostingersite.com\\\/#website\"},\"datePublished\":\"2025-12-18T11:28:08+00:00\",\"dateModified\":\"2025-12-18T11:28:09+00:00\",\"description\":\"De-Aired Water Apparatus removes dissolved gases to supply bubble-free water for accurate triaxial and permeability testing.\",\"breadcrumb\":{\"@id\":\"https:\\\/\\\/darkorchid-cheetah-525435.hostingersite.com\\\/product\\\/de-aired-water-apparatus\\\/#breadcrumb\"},\"inLanguage\":\"tr\",\"potentialAction\":[{\"@type\":\"ReadAction\",\"target\":[\"https:\\\/\\\/darkorchid-cheetah-525435.hostingersite.com\\\/product\\\/de-aired-water-apparatus\\\/\"]}]},{\"@type\":\"BreadcrumbList\",\"@id\":\"https:\\\/\\\/darkorchid-cheetah-525435.hostingersite.com\\\/product\\\/de-aired-water-apparatus\\\/#breadcrumb\",\"itemListElement\":[{\"@type\":\"ListItem\",\"position\":1,\"name\":\"Home\",\"item\":\"https:\\\/\\\/darkorchid-cheetah-525435.hostingersite.com\\\/\"},{\"@type\":\"ListItem\",\"position\":2,\"name\":\"\u0422\u043e\u0432\u0430\u0440\u044b\",\"item\":\"https:\\\/\\\/ykmtest.com\\\/ru\\\/shop\\\/\"},{\"@type\":\"ListItem\",\"position\":3,\"name\":\"De-Aired Water Apparatus\"}]},{\"@type\":\"WebSite\",\"@id\":\"https:\\\/\\\/darkorchid-cheetah-525435.hostingersite.com\\\/#website\",\"url\":\"https:\\\/\\\/darkorchid-cheetah-525435.hostingersite.com\\\/\",\"name\":\"YKM TEST\",\"description\":\"\",\"publisher\":{\"@id\":\"https:\\\/\\\/darkorchid-cheetah-525435.hostingersite.com\\\/#organization\"},\"potentialAction\":[{\"@type\":\"SearchAction\",\"target\":{\"@type\":\"EntryPoint\",\"urlTemplate\":\"https:\\\/\\\/darkorchid-cheetah-525435.hostingersite.com\\\/?s={search_term_string}\"},\"query-input\":{\"@type\":\"PropertyValueSpecification\",\"valueRequired\":true,\"valueName\":\"search_term_string\"}}],\"inLanguage\":\"tr\"},{\"@type\":[\"Organization\",\"Place\"],\"@id\":\"https:\\\/\\\/darkorchid-cheetah-525435.hostingersite.com\\\/#organization\",\"name\":\"YKM TEST\",\"url\":\"https:\\\/\\\/darkorchid-cheetah-525435.hostingersite.com\\\/\",\"logo\":{\"@id\":\"https:\\\/\\\/darkorchid-cheetah-525435.hostingersite.com\\\/product\\\/de-aired-water-apparatus\\\/#local-main-organization-logo\"},\"image\":{\"@id\":\"https:\\\/\\\/darkorchid-cheetah-525435.hostingersite.com\\\/product\\\/de-aired-water-apparatus\\\/#local-main-organization-logo\"},\"telephone\":[],\"openingHoursSpecification\":[{\"@type\":\"OpeningHoursSpecification\",\"dayOfWeek\":[\"Monday\",\"Tuesday\",\"Wednesday\",\"Thursday\",\"Friday\",\"Saturday\",\"Sunday\"],\"opens\":\"09:00\",\"closes\":\"17:00\"}]},{\"@type\":\"ImageObject\",\"inLanguage\":\"tr\",\"@id\":\"https:\\\/\\\/darkorchid-cheetah-525435.hostingersite.com\\\/product\\\/de-aired-water-apparatus\\\/#local-main-organization-logo\",\"url\":\"https:\\\/\\\/ykmtest.com\\\/wp-content\\\/uploads\\\/2025\\\/10\\\/Asset-2@2x-8.png\",\"contentUrl\":\"https:\\\/\\\/ykmtest.com\\\/wp-content\\\/uploads\\\/2025\\\/10\\\/Asset-2@2x-8.png\",\"width\":1550,\"height\":323,\"caption\":\"YKM TEST\"}]}<\/script>\n<meta property=\"product:price:currency\" content=\"USD\" \/>\n<meta property=\"og:availability\" content=\"instock\" \/>\n<meta property=\"product:availability\" content=\"instock\" \/>\n<meta property=\"product:condition\" content=\"new\" \/>\n<!-- \/ Yoast SEO Premium plugin. -->","yoast_head_json":{"title":"De-Aired Water Apparatus - YKM TEST","description":"De-Aired Water Apparatus removes dissolved gases to supply bubble-free water for accurate triaxial and permeability testing.","robots":{"index":"index","follow":"follow","max-snippet":"max-snippet:-1","max-image-preview":"max-image-preview:large","max-video-preview":"max-video-preview:-1"},"canonical":"https:\/\/darkorchid-cheetah-525435.hostingersite.com\/product\/de-aired-water-apparatus\/","og_locale":"tr_TR","og_type":"article","og_title":"De-Aired Water Apparatus","og_description":"De-Aired Water Apparatus removes dissolved gases to supply bubble-free water for accurate triaxial and permeability testing.","og_url":"https:\/\/darkorchid-cheetah-525435.hostingersite.com\/product\/de-aired-water-apparatus\/","og_site_name":"YKM TEST","article_modified_time":"2025-12-18T11:28:09+00:00","twitter_card":"summary_large_image","twitter_misc":{"Fiyat":"","Durumu":"Stokta var"},"schema":{"@context":"https:\/\/schema.org","@graph":[{"@type":"WebPage","@id":"https:\/\/darkorchid-cheetah-525435.hostingersite.com\/product\/de-aired-water-apparatus\/","url":"https:\/\/darkorchid-cheetah-525435.hostingersite.com\/product\/de-aired-water-apparatus\/","name":"De-Aired Water Apparatus - YKM TEST","isPartOf":{"@id":"https:\/\/darkorchid-cheetah-525435.hostingersite.com\/#website"},"datePublished":"2025-12-18T11:28:08+00:00","dateModified":"2025-12-18T11:28:09+00:00","description":"De-Aired Water Apparatus removes dissolved gases to supply bubble-free water for accurate triaxial and permeability testing.","breadcrumb":{"@id":"https:\/\/darkorchid-cheetah-525435.hostingersite.com\/product\/de-aired-water-apparatus\/#breadcrumb"},"inLanguage":"tr","potentialAction":[{"@type":"ReadAction","target":["https:\/\/darkorchid-cheetah-525435.hostingersite.com\/product\/de-aired-water-apparatus\/"]}]},{"@type":"BreadcrumbList","@id":"https:\/\/darkorchid-cheetah-525435.hostingersite.com\/product\/de-aired-water-apparatus\/#breadcrumb","itemListElement":[{"@type":"ListItem","position":1,"name":"Home","item":"https:\/\/darkorchid-cheetah-525435.hostingersite.com\/"},{"@type":"ListItem","position":2,"name":"\u0422\u043e\u0432\u0430\u0440\u044b","item":"https:\/\/ykmtest.com\/ru\/shop\/"},{"@type":"ListItem","position":3,"name":"De-Aired Water Apparatus"}]},{"@type":"WebSite","@id":"https:\/\/darkorchid-cheetah-525435.hostingersite.com\/#website","url":"https:\/\/darkorchid-cheetah-525435.hostingersite.com\/","name":"YKM TEST\u0130","description":"","publisher":{"@id":"https:\/\/darkorchid-cheetah-525435.hostingersite.com\/#organization"},"potentialAction":[{"@type":"SearchAction","target":{"@type":"EntryPoint","urlTemplate":"https:\/\/darkorchid-cheetah-525435.hostingersite.com\/?s={search_term_string}"},"query-input":{"@type":"PropertyValueSpecification","valueRequired":true,"valueName":"search_term_string"}}],"inLanguage":"tr"},{"@type":["Organization","Place"],"@id":"https:\/\/darkorchid-cheetah-525435.hostingersite.com\/#organization","name":"YKM TEST\u0130","url":"https:\/\/darkorchid-cheetah-525435.hostingersite.com\/","logo":{"@id":"https:\/\/darkorchid-cheetah-525435.hostingersite.com\/product\/de-aired-water-apparatus\/#local-main-organization-logo"},"image":{"@id":"https:\/\/darkorchid-cheetah-525435.hostingersite.com\/product\/de-aired-water-apparatus\/#local-main-organization-logo"},"telephone":[],"openingHoursSpecification":[{"@type":"OpeningHoursSpecification","dayOfWeek":["Monday","Tuesday","Wednesday","Thursday","Friday","Saturday","Sunday"],"opens":"09:00","closes":"17:00"}]},{"@type":"ImageObject","inLanguage":"tr","@id":"https:\/\/darkorchid-cheetah-525435.hostingersite.com\/product\/de-aired-water-apparatus\/#local-main-organization-logo","url":"https:\/\/ykmtest.com\/wp-content\/uploads\/2025\/10\/Asset-2@2x-8.png","contentUrl":"https:\/\/ykmtest.com\/wp-content\/uploads\/2025\/10\/Asset-2@2x-8.png","width":1550,"height":323,"caption":"YKM TEST"}]},"product_price_currency":"USD","og_availability":"instock","product_availability":"instock","product_condition":"new"},"_links":{"self":[{"href":"https:\/\/ykmtest.com\/tr\/wp-json\/wp\/v2\/product\/11228","targetHints":{"allow":["GET"]}}],"collection":[{"href":"https:\/\/ykmtest.com\/tr\/wp-json\/wp\/v2\/product"}],"about":[{"href":"https:\/\/ykmtest.com\/tr\/wp-json\/wp\/v2\/types\/product"}],"version-history":[{"count":1,"href":"https:\/\/ykmtest.com\/tr\/wp-json\/wp\/v2\/product\/11228\/revisions"}],"predecessor-version":[{"id":11229,"href":"https:\/\/ykmtest.com\/tr\/wp-json\/wp\/v2\/product\/11228\/revisions\/11229"}],"wp:attachment":[{"href":"https:\/\/ykmtest.com\/tr\/wp-json\/wp\/v2\/media?parent=11228"}],"wp:term":[{"taxonomy":"product_brand","embeddable":true,"href":"https:\/\/ykmtest.com\/tr\/wp-json\/wp\/v2\/product_brand?post=11228"},{"taxonomy":"product_cat","embeddable":true,"href":"https:\/\/ykmtest.com\/tr\/wp-json\/wp\/v2\/product_cat?post=11228"},{"taxonomy":"product_tag","embeddable":true,"href":"https:\/\/ykmtest.com\/tr\/wp-json\/wp\/v2\/product_tag?post=11228"}],"curies":[{"name":"wp","href":"https:\/\/api.w.org\/{rel}","templated":true}]}}