{"id":11230,"date":"2025-12-18T11:32:58","date_gmt":"2025-12-18T11:32:58","guid":{"rendered":"https:\/\/ykmtest.com\/?post_type=product&#038;p=11230"},"modified":"2025-12-18T11:33:00","modified_gmt":"2025-12-18T11:33:00","slug":"consolidation-bench-for-triaxial-cells","status":"publish","type":"product","link":"https:\/\/ykmtest.com\/tr\/urun\/consolidation-bench-for-triaxial-cells\/","title":{"rendered":"\u00dc\u00e7 Eksenli H\u00fccreler i\u00e7in Konsolidasyon Tezgah\u0131"},"content":{"rendered":"<p class=\"p3\"><span lang=\"TR\">Tezgah, tek bir \u00e7er\u00e7eve i\u00e7inde \u00fc\u00e7 ba\u011f\u0131ms\u0131z \u00fc\u00e7 eksenli h\u00fccre bar\u0131nd\u0131r\u0131r; her soket, uygun eksenel konumland\u0131rmay\u0131 sa\u011flamak i\u00e7in merkezleme plakalar\u0131na ve hassas hizalama y\u00fczeylerine sahiptir. Bu konfig\u00fcrasyon, \u00fc\u00e7 numunenin ayn\u0131 anda birle\u015ftirilmesini sa\u011flayarak laboratuvar verimini art\u0131r\u0131r ve test s\u00fcresini azalt\u0131r. \u00c7er\u00e7eve, burulmaya dayan\u0131kl\u0131 \u00e7elik bir \u015fasi \u00fczerine in\u015fa edilmi\u015ftir. Y\u00fck kolu destek geometrisi, bir \u00f6l\u00fc a\u011f\u0131rl\u0131k sistemi ile birlikte, d\u00fczg\u00fcn dikey gerilim uygulamas\u0131 ve y\u00fcksek oranda tekrarlanabilir y\u00fck aktar\u0131m\u0131 sa\u011flar. Her h\u00fccre \u00e7e\u015fitli deformasyon \u00f6l\u00e7\u00fcm cihazlar\u0131yla \u00e7al\u0131\u015facak \u015fekilde yap\u0131land\u0131r\u0131labilir. Tezgah, farkl\u0131 numune \u00e7aplar\u0131ndaki \u00fc\u00e7 eksenli h\u00fccrelere uyacak \u015fekilde \u00fcretilmi\u015ftir. \u00c7ok portlu bir d\u00fczenleme, h\u00fccre bas\u0131nc\u0131n\u0131n, geri bas\u0131nc\u0131n ve drenaj hatlar\u0131n\u0131n d\u00fczenli ve s\u0131z\u0131nt\u0131s\u0131z bir \u015fekilde ba\u011flanmas\u0131n\u0131 kolayla\u015ft\u0131r\u0131r. Hacim de\u011fi\u015ftirmeyen valfler ve hava bo\u015faltma hatlar\u0131, doygunluk ve bas\u0131n\u00e7 uygulamas\u0131 s\u0131ras\u0131nda sistem kararl\u0131l\u0131\u011f\u0131n\u0131 art\u0131r\u0131r. H\u0131zl\u0131 ba\u011flant\u0131 kaplinleri hacim de\u011fi\u015ftirme \u00fcniteleri, g\u00f6zenek suyu bas\u0131n\u00e7 transd\u00fcserleri ve havas\u0131 al\u0131nm\u0131\u015f su kayna\u011f\u0131 ile do\u011frudan entegrasyon sa\u011flar. \u00d6l\u00e7\u00fcm ve kontrol bile\u015fenleri, tek istasyonlu veya \u00fc\u00e7 istasyonlu paralel veri al\u0131m\u0131na izin vermek i\u00e7in analog kadranl\u0131 g\u00f6stergeler veya dijital yer de\u011fi\u015ftirme sens\u00f6rleri ile yap\u0131land\u0131r\u0131labilir.<\/span><\/p>","protected":false},"excerpt":{"rendered":"<p class=\"p3\"><span lang=\"TR\">\u00dc\u00e7 Eksenli H\u00fccreler i\u00e7in Konsolidasyon Tezgah\u0131, \u00fc\u00e7 eksenli zemin numunelerinin konsolidasyon a\u015famas\u0131n\u0131 ayn\u0131 anda ger\u00e7ekle\u015ftirmek i\u00e7in tasarlanm\u0131\u015f kompakt, y\u00fcksek sertlikte bir platformdur.<\/span><\/p>","protected":false},"featured_media":0,"template":"","meta":{"_acf_changed":false},"product_brand":[],"product_cat":[119,124],"product_tag":[],"class_list":{"0":"post-11230","1":"product","2":"type-product","3":"status-publish","5":"product_cat-soil-lab","6":"product_cat-triaxial-testing-equipments","9":"instock","10":"shipping-taxable","11":"product-type-simple"},"acf":[],"yoast_head":"<!-- This site is optimized with the Yoast SEO Premium plugin v26.5 (Yoast SEO v26.5) - https:\/\/yoast.com\/wordpress\/plugins\/seo\/ -->\n<title>Consolidation Bench for Triaxial Cells - YKM TEST<\/title>\n<meta name=\"description\" content=\"Consolidation Bench for Triaxial Cells enables simultaneous consolidation of multiple soil specimens with uniform dead-weight loading.\" \/>\n<meta name=\"robots\" content=\"index, follow, max-snippet:-1, max-image-preview:large, max-video-preview:-1\" \/>\n<link rel=\"canonical\" href=\"https:\/\/ykmtest.com\/tr\/urun\/consolidation-bench-for-triaxial-cells\/\" \/>\n<meta property=\"og:locale\" content=\"tr_TR\" \/>\n<meta property=\"og:type\" content=\"article\" \/>\n<meta property=\"og:title\" content=\"Consolidation Bench for Triaxial Cells\" \/>\n<meta property=\"og:description\" content=\"Consolidation Bench for Triaxial Cells enables simultaneous consolidation of multiple soil specimens with uniform dead-weight loading.\" \/>\n<meta property=\"og:url\" content=\"https:\/\/ykmtest.com\/tr\/urun\/consolidation-bench-for-triaxial-cells\/\" \/>\n<meta property=\"og:site_name\" content=\"YKM TEST\" \/>\n<meta property=\"article:modified_time\" content=\"2025-12-18T11:33:00+00:00\" \/>\n<meta name=\"twitter:card\" content=\"summary_large_image\" \/>\n<meta name=\"twitter:label1\" content=\"Price\" \/>\n\t<meta name=\"twitter:data1\" content=\"\" \/>\n\t<meta name=\"twitter:label2\" content=\"Availability\" \/>\n\t<meta name=\"twitter:data2\" content=\"In stock\" \/>\n<script type=\"application\/ld+json\" class=\"yoast-schema-graph\">{\"@context\":\"https:\/\/schema.org\",\"@graph\":[{\"@type\":\"WebPage\",\"@id\":\"https:\/\/ykmtest.com\/product\/consolidation-bench-for-triaxial-cells\/\",\"url\":\"https:\/\/ykmtest.com\/product\/consolidation-bench-for-triaxial-cells\/\",\"name\":\"Consolidation Bench for Triaxial Cells - YKM TEST\",\"isPartOf\":{\"@id\":\"https:\/\/ykmtest.com\/#website\"},\"datePublished\":\"2025-12-18T11:32:58+00:00\",\"dateModified\":\"2025-12-18T11:33:00+00:00\",\"description\":\"Consolidation Bench for Triaxial Cells enables simultaneous consolidation of multiple soil specimens with uniform dead-weight loading.\",\"breadcrumb\":{\"@id\":\"https:\/\/ykmtest.com\/product\/consolidation-bench-for-triaxial-cells\/#breadcrumb\"},\"inLanguage\":\"tr\",\"potentialAction\":[{\"@type\":\"ReadAction\",\"target\":[\"https:\/\/ykmtest.com\/product\/consolidation-bench-for-triaxial-cells\/\"]}]},{\"@type\":\"BreadcrumbList\",\"@id\":\"https:\/\/ykmtest.com\/product\/consolidation-bench-for-triaxial-cells\/#breadcrumb\",\"itemListElement\":[{\"@type\":\"ListItem\",\"position\":1,\"name\":\"Home\",\"item\":\"https:\/\/ykmtest.com\/\"},{\"@type\":\"ListItem\",\"position\":2,\"name\":\"Products\",\"item\":\"https:\/\/ykmtest.com\/shop\/\"},{\"@type\":\"ListItem\",\"position\":3,\"name\":\"Consolidation Bench for Triaxial Cells\"}]},{\"@type\":\"WebSite\",\"@id\":\"https:\/\/ykmtest.com\/#website\",\"url\":\"https:\/\/ykmtest.com\/\",\"name\":\"YKM TEST\",\"description\":\"\",\"publisher\":{\"@id\":\"https:\/\/ykmtest.com\/#organization\"},\"potentialAction\":[{\"@type\":\"SearchAction\",\"target\":{\"@type\":\"EntryPoint\",\"urlTemplate\":\"https:\/\/ykmtest.com\/?s={search_term_string}\"},\"query-input\":{\"@type\":\"PropertyValueSpecification\",\"valueRequired\":true,\"valueName\":\"search_term_string\"}}],\"inLanguage\":\"tr\"},{\"@type\":[\"Organization\",\"Place\"],\"@id\":\"https:\/\/ykmtest.com\/#organization\",\"name\":\"YKM TEST\",\"url\":\"https:\/\/ykmtest.com\/\",\"logo\":{\"@id\":\"https:\/\/ykmtest.com\/product\/consolidation-bench-for-triaxial-cells\/#local-main-organization-logo\"},\"image\":{\"@id\":\"https:\/\/ykmtest.com\/product\/consolidation-bench-for-triaxial-cells\/#local-main-organization-logo\"},\"telephone\":[],\"openingHoursSpecification\":[{\"@type\":\"OpeningHoursSpecification\",\"dayOfWeek\":[\"Monday\",\"Tuesday\",\"Wednesday\",\"Thursday\",\"Friday\",\"Saturday\",\"Sunday\"],\"opens\":\"09:00\",\"closes\":\"17:00\"}]},{\"@type\":\"ImageObject\",\"inLanguage\":\"tr\",\"@id\":\"https:\/\/ykmtest.com\/product\/consolidation-bench-for-triaxial-cells\/#local-main-organization-logo\",\"url\":\"https:\/\/ykmtest.com\/wp-content\/uploads\/2025\/10\/Asset-2@2x-8.png\",\"contentUrl\":\"https:\/\/ykmtest.com\/wp-content\/uploads\/2025\/10\/Asset-2@2x-8.png\",\"width\":1550,\"height\":323,\"caption\":\"YKM TEST\"}]}<\/script>\n<meta property=\"product:price:currency\" content=\"USD\" \/>\n<meta property=\"og:availability\" content=\"instock\" \/>\n<meta property=\"product:availability\" content=\"instock\" \/>\n<meta property=\"product:condition\" content=\"new\" \/>\n<!-- \/ Yoast SEO Premium plugin. -->","yoast_head_json":{"title":"Consolidation Bench for Triaxial Cells - YKM TEST","description":"Consolidation Bench for Triaxial Cells enables simultaneous consolidation of multiple soil specimens with uniform dead-weight loading.","robots":{"index":"index","follow":"follow","max-snippet":"max-snippet:-1","max-image-preview":"max-image-preview:large","max-video-preview":"max-video-preview:-1"},"canonical":"https:\/\/ykmtest.com\/tr\/urun\/consolidation-bench-for-triaxial-cells\/","og_locale":"tr_TR","og_type":"article","og_title":"Consolidation Bench for Triaxial Cells","og_description":"Consolidation Bench for Triaxial Cells enables simultaneous consolidation of multiple soil specimens with uniform dead-weight loading.","og_url":"https:\/\/ykmtest.com\/tr\/urun\/consolidation-bench-for-triaxial-cells\/","og_site_name":"YKM TEST","article_modified_time":"2025-12-18T11:33:00+00:00","twitter_card":"summary_large_image","twitter_misc":{"Price":"","Availability":"In stock"},"schema":{"@context":"https:\/\/schema.org","@graph":[{"@type":"WebPage","@id":"https:\/\/ykmtest.com\/product\/consolidation-bench-for-triaxial-cells\/","url":"https:\/\/ykmtest.com\/product\/consolidation-bench-for-triaxial-cells\/","name":"Consolidation Bench for Triaxial Cells - YKM TEST","isPartOf":{"@id":"https:\/\/ykmtest.com\/#website"},"datePublished":"2025-12-18T11:32:58+00:00","dateModified":"2025-12-18T11:33:00+00:00","description":"Consolidation Bench for Triaxial Cells enables simultaneous consolidation of multiple soil specimens with uniform dead-weight loading.","breadcrumb":{"@id":"https:\/\/ykmtest.com\/product\/consolidation-bench-for-triaxial-cells\/#breadcrumb"},"inLanguage":"tr","potentialAction":[{"@type":"ReadAction","target":["https:\/\/ykmtest.com\/product\/consolidation-bench-for-triaxial-cells\/"]}]},{"@type":"BreadcrumbList","@id":"https:\/\/ykmtest.com\/product\/consolidation-bench-for-triaxial-cells\/#breadcrumb","itemListElement":[{"@type":"ListItem","position":1,"name":"Home","item":"https:\/\/ykmtest.com\/"},{"@type":"ListItem","position":2,"name":"Products","item":"https:\/\/ykmtest.com\/shop\/"},{"@type":"ListItem","position":3,"name":"Consolidation Bench for Triaxial Cells"}]},{"@type":"WebSite","@id":"https:\/\/ykmtest.com\/#website","url":"https:\/\/ykmtest.com\/","name":"YKM TEST\u0130","description":"","publisher":{"@id":"https:\/\/ykmtest.com\/#organization"},"potentialAction":[{"@type":"SearchAction","target":{"@type":"EntryPoint","urlTemplate":"https:\/\/ykmtest.com\/?s={search_term_string}"},"query-input":{"@type":"PropertyValueSpecification","valueRequired":true,"valueName":"search_term_string"}}],"inLanguage":"tr"},{"@type":["Organization","Place"],"@id":"https:\/\/ykmtest.com\/#organization","name":"YKM TEST\u0130","url":"https:\/\/ykmtest.com\/","logo":{"@id":"https:\/\/ykmtest.com\/product\/consolidation-bench-for-triaxial-cells\/#local-main-organization-logo"},"image":{"@id":"https:\/\/ykmtest.com\/product\/consolidation-bench-for-triaxial-cells\/#local-main-organization-logo"},"telephone":[],"openingHoursSpecification":[{"@type":"OpeningHoursSpecification","dayOfWeek":["Monday","Tuesday","Wednesday","Thursday","Friday","Saturday","Sunday"],"opens":"09:00","closes":"17:00"}]},{"@type":"ImageObject","inLanguage":"tr","@id":"https:\/\/ykmtest.com\/product\/consolidation-bench-for-triaxial-cells\/#local-main-organization-logo","url":"https:\/\/ykmtest.com\/wp-content\/uploads\/2025\/10\/Asset-2@2x-8.png","contentUrl":"https:\/\/ykmtest.com\/wp-content\/uploads\/2025\/10\/Asset-2@2x-8.png","width":1550,"height":323,"caption":"YKM TEST"}]},"product_price_currency":"USD","og_availability":"instock","product_availability":"instock","product_condition":"new"},"_links":{"self":[{"href":"https:\/\/ykmtest.com\/tr\/wp-json\/wp\/v2\/product\/11230","targetHints":{"allow":["GET"]}}],"collection":[{"href":"https:\/\/ykmtest.com\/tr\/wp-json\/wp\/v2\/product"}],"about":[{"href":"https:\/\/ykmtest.com\/tr\/wp-json\/wp\/v2\/types\/product"}],"version-history":[{"count":1,"href":"https:\/\/ykmtest.com\/tr\/wp-json\/wp\/v2\/product\/11230\/revisions"}],"predecessor-version":[{"id":11231,"href":"https:\/\/ykmtest.com\/tr\/wp-json\/wp\/v2\/product\/11230\/revisions\/11231"}],"wp:attachment":[{"href":"https:\/\/ykmtest.com\/tr\/wp-json\/wp\/v2\/media?parent=11230"}],"wp:term":[{"taxonomy":"product_brand","embeddable":true,"href":"https:\/\/ykmtest.com\/tr\/wp-json\/wp\/v2\/product_brand?post=11230"},{"taxonomy":"product_cat","embeddable":true,"href":"https:\/\/ykmtest.com\/tr\/wp-json\/wp\/v2\/product_cat?post=11230"},{"taxonomy":"product_tag","embeddable":true,"href":"https:\/\/ykmtest.com\/tr\/wp-json\/wp\/v2\/product_tag?post=11230"}],"curies":[{"name":"wp","href":"https:\/\/api.w.org\/{rel}","templated":true}]}}