{"id":11232,"date":"2025-12-18T11:40:13","date_gmt":"2025-12-18T11:40:13","guid":{"rendered":"https:\/\/ykmtest.com\/?post_type=product&#038;p=11232"},"modified":"2025-12-18T11:40:14","modified_gmt":"2025-12-18T11:40:14","slug":"external-load-cells","status":"publish","type":"product","link":"https:\/\/ykmtest.com\/tr\/urun\/external-load-cells\/","title":{"rendered":"Harici Y\u00fck H\u00fccreleri"},"content":{"rendered":"<p class=\"p3\"><span lang=\"TR\">Her \u00fcnite, d\u00fc\u015f\u00fck histerezis, y\u00fcksek tekrarlanabilirlik ve y\u00fckleme-bo\u015faltma d\u00f6ng\u00fcleri s\u0131ras\u0131nda sabit s\u0131f\u0131r d\u00f6n\u00fc\u015f\u00fcn\u00fc do\u011frulamak i\u00e7in \u00e7ok noktal\u0131 kalibrasyona tabi tutulur. A\u015f\u0131r\u0131 y\u00fck korumas\u0131, kazara darbe veya yanl\u0131\u015f hizalama alt\u0131nda mekanik b\u00fct\u00fcnl\u00fc\u011f\u00fc korumak i\u00e7in tasarlanm\u0131\u015ft\u0131r; termal kompanzasyon ise tipik laboratuvar s\u0131cakl\u0131k aral\u0131klar\u0131nda istikrarl\u0131 okumalar sa\u011flar. Elektrik aray\u00fcz\u00fc, veri toplama sistemlerine do\u011frudan ba\u011flant\u0131 i\u00e7in end\u00fcstri standard\u0131 bir mV\/V \u00e7\u0131k\u0131\u015f\u0131 sa\u011flar. Korumal\u0131 kablolar ve metal konekt\u00f6rler elektriksel g\u00fcr\u00fclt\u00fcy\u00fc en aza indirir. K\u00fcresel yuvalar, y\u00fckleme d\u00fc\u011fmeleri ve hizalama adapt\u00f6rleri gibi montaj aksesuarlar\u0131 k\u00fc\u00e7\u00fck yanl\u0131\u015f hizalamalar\u0131 telafi eder ve kenar gerilimlerini s\u0131n\u0131rlamaya yard\u0131mc\u0131 olur. Bu entegre yakla\u015f\u0131m sorunsuz sinyal \u00e7\u0131k\u0131\u015f\u0131 sa\u011flar ve d\u00fc\u015f\u00fck y\u00fckleme h\u0131zlar\u0131nda bile y\u00fck stabilitesini korur. Mekanik uyumluluk, \u00e7oklu kapasite s\u0131n\u0131flar\u0131 ve ba\u011flant\u0131 geometrileri ile desteklenir.<\/span><\/p>","protected":false},"excerpt":{"rendered":"<p>Harici y\u00fck h\u00fccreleri, y\u00fckleme \u00e7er\u00e7evelerinde, do\u011frudan kesme cihazlar\u0131nda, konsolidasyon sistemlerinde ve di\u011fer \u00e7e\u015fitli test ekipmanlar\u0131nda eksenel y\u00fckleri y\u00fcksek do\u011frulukla \u00f6l\u00e7mek i\u00e7in kullan\u0131lan paslanmaz \u00e7elik, laboratuvar s\u0131n\u0131f\u0131 kuvvet transd\u00fcserleridir.<\/p>","protected":false},"featured_media":0,"template":"","meta":{"_acf_changed":false},"product_brand":[],"product_cat":[119,124],"product_tag":[],"class_list":{"0":"post-11232","1":"product","2":"type-product","3":"status-publish","5":"product_cat-soil-lab","6":"product_cat-triaxial-testing-equipments","9":"instock","10":"shipping-taxable","11":"product-type-simple"},"acf":[],"yoast_head":"<!-- This site is optimized with the Yoast SEO Premium plugin v26.5 (Yoast SEO v26.5) - https:\/\/yoast.com\/wordpress\/plugins\/seo\/ -->\n<title>External Load Cells - YKM TEST<\/title>\n<meta name=\"description\" content=\"External Load Cells are laboratory-grade force transducers used to measure axial loads with high accuracy in soil testing systems.\" \/>\n<meta name=\"robots\" content=\"index, follow, max-snippet:-1, max-image-preview:large, max-video-preview:-1\" \/>\n<link rel=\"canonical\" href=\"https:\/\/ykmtest.com\/tr\/urun\/external-load-cells\/\" \/>\n<meta property=\"og:locale\" content=\"tr_TR\" \/>\n<meta property=\"og:type\" content=\"article\" \/>\n<meta property=\"og:title\" content=\"External Load Cells\" \/>\n<meta property=\"og:description\" content=\"External Load Cells are laboratory-grade force transducers used to measure axial loads with high accuracy in soil testing systems.\" \/>\n<meta property=\"og:url\" content=\"https:\/\/ykmtest.com\/tr\/urun\/external-load-cells\/\" \/>\n<meta property=\"og:site_name\" content=\"YKM TEST\" \/>\n<meta property=\"article:modified_time\" content=\"2025-12-18T11:40:14+00:00\" \/>\n<meta name=\"twitter:card\" content=\"summary_large_image\" \/>\n<meta name=\"twitter:label1\" content=\"Price\" \/>\n\t<meta name=\"twitter:data1\" content=\"\" \/>\n\t<meta name=\"twitter:label2\" content=\"Availability\" \/>\n\t<meta name=\"twitter:data2\" content=\"In stock\" \/>\n<script type=\"application\/ld+json\" class=\"yoast-schema-graph\">{\"@context\":\"https:\/\/schema.org\",\"@graph\":[{\"@type\":\"WebPage\",\"@id\":\"https:\/\/ykmtest.com\/product\/external-load-cells\/\",\"url\":\"https:\/\/ykmtest.com\/product\/external-load-cells\/\",\"name\":\"External Load Cells - YKM TEST\",\"isPartOf\":{\"@id\":\"https:\/\/ykmtest.com\/#website\"},\"datePublished\":\"2025-12-18T11:40:13+00:00\",\"dateModified\":\"2025-12-18T11:40:14+00:00\",\"description\":\"External Load Cells are laboratory-grade force transducers used to measure axial loads with high accuracy in soil testing systems.\",\"breadcrumb\":{\"@id\":\"https:\/\/ykmtest.com\/product\/external-load-cells\/#breadcrumb\"},\"inLanguage\":\"tr\",\"potentialAction\":[{\"@type\":\"ReadAction\",\"target\":[\"https:\/\/ykmtest.com\/product\/external-load-cells\/\"]}]},{\"@type\":\"BreadcrumbList\",\"@id\":\"https:\/\/ykmtest.com\/product\/external-load-cells\/#breadcrumb\",\"itemListElement\":[{\"@type\":\"ListItem\",\"position\":1,\"name\":\"Home\",\"item\":\"https:\/\/ykmtest.com\/\"},{\"@type\":\"ListItem\",\"position\":2,\"name\":\"Products\",\"item\":\"https:\/\/ykmtest.com\/shop\/\"},{\"@type\":\"ListItem\",\"position\":3,\"name\":\"External Load Cells\"}]},{\"@type\":\"WebSite\",\"@id\":\"https:\/\/ykmtest.com\/#website\",\"url\":\"https:\/\/ykmtest.com\/\",\"name\":\"YKM TEST\",\"description\":\"\",\"publisher\":{\"@id\":\"https:\/\/ykmtest.com\/#organization\"},\"potentialAction\":[{\"@type\":\"SearchAction\",\"target\":{\"@type\":\"EntryPoint\",\"urlTemplate\":\"https:\/\/ykmtest.com\/?s={search_term_string}\"},\"query-input\":{\"@type\":\"PropertyValueSpecification\",\"valueRequired\":true,\"valueName\":\"search_term_string\"}}],\"inLanguage\":\"tr\"},{\"@type\":[\"Organization\",\"Place\"],\"@id\":\"https:\/\/ykmtest.com\/#organization\",\"name\":\"YKM TEST\",\"url\":\"https:\/\/ykmtest.com\/\",\"logo\":{\"@id\":\"https:\/\/ykmtest.com\/product\/external-load-cells\/#local-main-organization-logo\"},\"image\":{\"@id\":\"https:\/\/ykmtest.com\/product\/external-load-cells\/#local-main-organization-logo\"},\"telephone\":[],\"openingHoursSpecification\":[{\"@type\":\"OpeningHoursSpecification\",\"dayOfWeek\":[\"Monday\",\"Tuesday\",\"Wednesday\",\"Thursday\",\"Friday\",\"Saturday\",\"Sunday\"],\"opens\":\"09:00\",\"closes\":\"17:00\"}]},{\"@type\":\"ImageObject\",\"inLanguage\":\"tr\",\"@id\":\"https:\/\/ykmtest.com\/product\/external-load-cells\/#local-main-organization-logo\",\"url\":\"https:\/\/ykmtest.com\/wp-content\/uploads\/2025\/10\/Asset-2@2x-8.png\",\"contentUrl\":\"https:\/\/ykmtest.com\/wp-content\/uploads\/2025\/10\/Asset-2@2x-8.png\",\"width\":1550,\"height\":323,\"caption\":\"YKM TEST\"}]}<\/script>\n<meta property=\"product:price:currency\" content=\"USD\" \/>\n<meta property=\"og:availability\" content=\"instock\" \/>\n<meta property=\"product:availability\" content=\"instock\" \/>\n<meta property=\"product:condition\" content=\"new\" \/>\n<!-- \/ Yoast SEO Premium plugin. -->","yoast_head_json":{"title":"External Load Cells - YKM TEST","description":"External Load Cells are laboratory-grade force transducers used to measure axial loads with high accuracy in soil testing systems.","robots":{"index":"index","follow":"follow","max-snippet":"max-snippet:-1","max-image-preview":"max-image-preview:large","max-video-preview":"max-video-preview:-1"},"canonical":"https:\/\/ykmtest.com\/tr\/urun\/external-load-cells\/","og_locale":"tr_TR","og_type":"article","og_title":"External Load Cells","og_description":"External Load Cells are laboratory-grade force transducers used to measure axial loads with high accuracy in soil testing systems.","og_url":"https:\/\/ykmtest.com\/tr\/urun\/external-load-cells\/","og_site_name":"YKM TEST","article_modified_time":"2025-12-18T11:40:14+00:00","twitter_card":"summary_large_image","twitter_misc":{"Price":"","Availability":"In stock"},"schema":{"@context":"https:\/\/schema.org","@graph":[{"@type":"WebPage","@id":"https:\/\/ykmtest.com\/product\/external-load-cells\/","url":"https:\/\/ykmtest.com\/product\/external-load-cells\/","name":"External Load Cells - YKM TEST","isPartOf":{"@id":"https:\/\/ykmtest.com\/#website"},"datePublished":"2025-12-18T11:40:13+00:00","dateModified":"2025-12-18T11:40:14+00:00","description":"External Load Cells are laboratory-grade force transducers used to measure axial loads with high accuracy in soil testing systems.","breadcrumb":{"@id":"https:\/\/ykmtest.com\/product\/external-load-cells\/#breadcrumb"},"inLanguage":"tr","potentialAction":[{"@type":"ReadAction","target":["https:\/\/ykmtest.com\/product\/external-load-cells\/"]}]},{"@type":"BreadcrumbList","@id":"https:\/\/ykmtest.com\/product\/external-load-cells\/#breadcrumb","itemListElement":[{"@type":"ListItem","position":1,"name":"Home","item":"https:\/\/ykmtest.com\/"},{"@type":"ListItem","position":2,"name":"Products","item":"https:\/\/ykmtest.com\/shop\/"},{"@type":"ListItem","position":3,"name":"External Load Cells"}]},{"@type":"WebSite","@id":"https:\/\/ykmtest.com\/#website","url":"https:\/\/ykmtest.com\/","name":"YKM TEST\u0130","description":"","publisher":{"@id":"https:\/\/ykmtest.com\/#organization"},"potentialAction":[{"@type":"SearchAction","target":{"@type":"EntryPoint","urlTemplate":"https:\/\/ykmtest.com\/?s={search_term_string}"},"query-input":{"@type":"PropertyValueSpecification","valueRequired":true,"valueName":"search_term_string"}}],"inLanguage":"tr"},{"@type":["Organization","Place"],"@id":"https:\/\/ykmtest.com\/#organization","name":"YKM TEST\u0130","url":"https:\/\/ykmtest.com\/","logo":{"@id":"https:\/\/ykmtest.com\/product\/external-load-cells\/#local-main-organization-logo"},"image":{"@id":"https:\/\/ykmtest.com\/product\/external-load-cells\/#local-main-organization-logo"},"telephone":[],"openingHoursSpecification":[{"@type":"OpeningHoursSpecification","dayOfWeek":["Monday","Tuesday","Wednesday","Thursday","Friday","Saturday","Sunday"],"opens":"09:00","closes":"17:00"}]},{"@type":"ImageObject","inLanguage":"tr","@id":"https:\/\/ykmtest.com\/product\/external-load-cells\/#local-main-organization-logo","url":"https:\/\/ykmtest.com\/wp-content\/uploads\/2025\/10\/Asset-2@2x-8.png","contentUrl":"https:\/\/ykmtest.com\/wp-content\/uploads\/2025\/10\/Asset-2@2x-8.png","width":1550,"height":323,"caption":"YKM TEST"}]},"product_price_currency":"USD","og_availability":"instock","product_availability":"instock","product_condition":"new"},"_links":{"self":[{"href":"https:\/\/ykmtest.com\/tr\/wp-json\/wp\/v2\/product\/11232","targetHints":{"allow":["GET"]}}],"collection":[{"href":"https:\/\/ykmtest.com\/tr\/wp-json\/wp\/v2\/product"}],"about":[{"href":"https:\/\/ykmtest.com\/tr\/wp-json\/wp\/v2\/types\/product"}],"version-history":[{"count":1,"href":"https:\/\/ykmtest.com\/tr\/wp-json\/wp\/v2\/product\/11232\/revisions"}],"predecessor-version":[{"id":11233,"href":"https:\/\/ykmtest.com\/tr\/wp-json\/wp\/v2\/product\/11232\/revisions\/11233"}],"wp:attachment":[{"href":"https:\/\/ykmtest.com\/tr\/wp-json\/wp\/v2\/media?parent=11232"}],"wp:term":[{"taxonomy":"product_brand","embeddable":true,"href":"https:\/\/ykmtest.com\/tr\/wp-json\/wp\/v2\/product_brand?post=11232"},{"taxonomy":"product_cat","embeddable":true,"href":"https:\/\/ykmtest.com\/tr\/wp-json\/wp\/v2\/product_cat?post=11232"},{"taxonomy":"product_tag","embeddable":true,"href":"https:\/\/ykmtest.com\/tr\/wp-json\/wp\/v2\/product_tag?post=11232"}],"curies":[{"name":"wp","href":"https:\/\/api.w.org\/{rel}","templated":true}]}}