{"id":11254,"date":"2025-12-19T07:40:23","date_gmt":"2025-12-19T07:40:23","guid":{"rendered":"https:\/\/ykmtest.com\/?post_type=product&#038;p=11254"},"modified":"2025-12-19T07:40:24","modified_gmt":"2025-12-19T07:40:24","slug":"proctor-moulds-and-rammers-for-astm-and-aashto","status":"publish","type":"product","link":"https:\/\/ykmtest.com\/tr\/urun\/proctor-moulds-and-rammers-for-astm-and-aashto\/","title":{"rendered":"ASTM ve AASHTO i\u00e7in Proktor Kal\u0131plar\u0131 ve Tokmaklar\u0131"},"content":{"rendered":"<p>Proctor Kal\u0131plar\u0131 korozyona dayan\u0131kl\u0131 kaplamal\u0131 \u00e7elikten \u00fcretilmi\u015ftir; p\u00fcr\u00fczs\u00fcz i\u00e7 y\u00fczeyleri s\u0131k\u0131\u015ft\u0131rma s\u0131ras\u0131nda kenarlar\u0131n \u00e7izilmesini \u00f6nler ve tekrarlanabilir yo\u011funluk sa\u011flar. Standart 4 in\u00e7 (101,6 mm) ve 6 in\u00e7 (152,4 mm) i\u00e7 \u00e7ap se\u00e7enekleri, \u00e7\u0131kar\u0131labilir uzatma bilezikleri ve taban plakalar\u0131 ile sorunsuz bir \u015fekilde kilitlenir; saplama ve somun tertibat\u0131 h\u0131zl\u0131 kurulum ve g\u00fcvenli s\u0131kma sa\u011flar. 4 in\u00e7lik kal\u0131p 1\/30 ft\u00b3 (~944 cm\u00b3) hacme sahipken, 6 in\u00e7lik kal\u0131p 1\/13,33 ft\u00b3 (~2124 cm\u00b3) hacme sahiptir; bu geometri ASTM\/AASHTO s\u0131k\u0131\u015ft\u0131rma metodolojisi ile tamamen uyumlu hacim ve y\u00fckseklik toleranslar\u0131 sa\u011flar. Tokmaklar test tan\u0131m\u0131na g\u00f6re optimize edilmi\u015ftir.  Standart Proctor (ASTM D698 \/ AASHTO T99): 5,5 lb (2,5 kg) tokmak k\u00fctlesi ve 12 in\u00e7 (305 mm) d\u00fc\u015fme y\u00fcksekli\u011fi Modifiye Proctor (ASTM D1557 \/ AASHTO T180): 10 lb (4,5 kg) tokmak k\u00fctlesi ve 18 in\u00e7 (457 mm) d\u00fc\u015fme y\u00fcksekli\u011fi Her iki tokmak tipinde de 2 in\u00e7 (50,8 mm) y\u00fczey \u00e7ap\u0131 ve s\u0131k\u0131\u015fan havay\u0131 serbest b\u0131rakmak i\u00e7in havaland\u0131rmal\u0131 bir k\u0131lavuz man\u015fon bulunur, bu da her darbenin tutarl\u0131 enerji vermesini ve s\u0131k\u0131\u015ft\u0131rma e\u011frisinin g\u00fcvenilir bir \u015fekilde geli\u015ftirilmesini sa\u011flar<\/p>","protected":false},"excerpt":{"rendered":"<p><span lang=\"TR\" style=\"font-size: 12.0pt; line-height: 107%; font-family: 'Times New Roman',serif; color: windowtext;\">ASTM ve AASHTO i\u00e7in Proctor Kal\u0131plar\u0131 ve Tokmaklar\u0131, laboratuvar zemin s\u0131k\u0131\u015ft\u0131rmas\u0131 i\u00e7in kullan\u0131lan standartla\u015ft\u0131r\u0131lm\u0131\u015f kal\u0131p ve tokmak setleridir<\/span><\/p>","protected":false},"featured_media":0,"template":"","meta":{"_acf_changed":false},"product_brand":[],"product_cat":[126,119],"product_tag":[],"class_list":{"0":"post-11254","1":"product","2":"type-product","3":"status-publish","5":"product_cat-proctor-moulds-and-rammers","6":"product_cat-soil-lab","9":"instock","10":"shipping-taxable","11":"product-type-simple"},"acf":[],"yoast_head":"<!-- This site is optimized with the Yoast SEO Premium plugin v26.5 (Yoast SEO v27.5) - https:\/\/yoast.com\/product\/yoast-seo-premium-wordpress\/ -->\n<title>Proctor Moulds and Rammers for ASTM and AASHTO - YKM TEST<\/title>\n<meta name=\"description\" content=\"Proctor moulds and rammers for ASTM and AASHTO soil compaction tests, offering standardized dimensions, corrosion-resistant steel construction, and reliable compaction energy.\" \/>\n<meta name=\"robots\" content=\"index, follow, max-snippet:-1, max-image-preview:large, max-video-preview:-1\" \/>\n<link rel=\"canonical\" href=\"https:\/\/darkorchid-cheetah-525435.hostingersite.com\/product\/proctor-moulds-and-rammers-for-astm-and-aashto\/\" \/>\n<meta property=\"og:locale\" content=\"tr_TR\" \/>\n<meta property=\"og:type\" content=\"article\" \/>\n<meta property=\"og:title\" content=\"Proctor Moulds and Rammers for ASTM and AASHTO\" \/>\n<meta property=\"og:description\" content=\"Proctor moulds and rammers for ASTM and AASHTO soil compaction tests, offering standardized dimensions, corrosion-resistant steel construction, and reliable compaction energy.\" \/>\n<meta property=\"og:url\" content=\"https:\/\/darkorchid-cheetah-525435.hostingersite.com\/product\/proctor-moulds-and-rammers-for-astm-and-aashto\/\" \/>\n<meta property=\"og:site_name\" content=\"YKM TEST\" \/>\n<meta property=\"article:modified_time\" content=\"2025-12-19T07:40:24+00:00\" \/>\n<meta name=\"twitter:card\" content=\"summary_large_image\" \/>\n<meta name=\"twitter:label1\" content=\"Fiyat\" \/>\n\t<meta name=\"twitter:data1\" content=\"\" \/>\n\t<meta name=\"twitter:label2\" content=\"Durumu\" \/>\n\t<meta name=\"twitter:data2\" content=\"Stokta var\" \/>\n<script type=\"application\/ld+json\" class=\"yoast-schema-graph\">{\"@context\":\"https:\\\/\\\/schema.org\",\"@graph\":[{\"@type\":\"WebPage\",\"@id\":\"https:\\\/\\\/darkorchid-cheetah-525435.hostingersite.com\\\/product\\\/proctor-moulds-and-rammers-for-astm-and-aashto\\\/\",\"url\":\"https:\\\/\\\/darkorchid-cheetah-525435.hostingersite.com\\\/product\\\/proctor-moulds-and-rammers-for-astm-and-aashto\\\/\",\"name\":\"Proctor Moulds and Rammers for ASTM and AASHTO - YKM TEST\",\"isPartOf\":{\"@id\":\"https:\\\/\\\/darkorchid-cheetah-525435.hostingersite.com\\\/#website\"},\"datePublished\":\"2025-12-19T07:40:23+00:00\",\"dateModified\":\"2025-12-19T07:40:24+00:00\",\"description\":\"Proctor moulds and rammers for ASTM and AASHTO soil compaction tests, offering standardized dimensions, corrosion-resistant steel construction, and reliable compaction energy.\",\"breadcrumb\":{\"@id\":\"https:\\\/\\\/darkorchid-cheetah-525435.hostingersite.com\\\/product\\\/proctor-moulds-and-rammers-for-astm-and-aashto\\\/#breadcrumb\"},\"inLanguage\":\"tr\",\"potentialAction\":[{\"@type\":\"ReadAction\",\"target\":[\"https:\\\/\\\/darkorchid-cheetah-525435.hostingersite.com\\\/product\\\/proctor-moulds-and-rammers-for-astm-and-aashto\\\/\"]}]},{\"@type\":\"BreadcrumbList\",\"@id\":\"https:\\\/\\\/darkorchid-cheetah-525435.hostingersite.com\\\/product\\\/proctor-moulds-and-rammers-for-astm-and-aashto\\\/#breadcrumb\",\"itemListElement\":[{\"@type\":\"ListItem\",\"position\":1,\"name\":\"Home\",\"item\":\"https:\\\/\\\/darkorchid-cheetah-525435.hostingersite.com\\\/\"},{\"@type\":\"ListItem\",\"position\":2,\"name\":\"\u0422\u043e\u0432\u0430\u0440\u044b\",\"item\":\"https:\\\/\\\/ykmtest.com\\\/ru\\\/shop\\\/\"},{\"@type\":\"ListItem\",\"position\":3,\"name\":\"Proctor Moulds and Rammers for ASTM and AASHTO\"}]},{\"@type\":\"WebSite\",\"@id\":\"https:\\\/\\\/darkorchid-cheetah-525435.hostingersite.com\\\/#website\",\"url\":\"https:\\\/\\\/darkorchid-cheetah-525435.hostingersite.com\\\/\",\"name\":\"YKM TEST\",\"description\":\"\",\"publisher\":{\"@id\":\"https:\\\/\\\/darkorchid-cheetah-525435.hostingersite.com\\\/#organization\"},\"potentialAction\":[{\"@type\":\"SearchAction\",\"target\":{\"@type\":\"EntryPoint\",\"urlTemplate\":\"https:\\\/\\\/darkorchid-cheetah-525435.hostingersite.com\\\/?s={search_term_string}\"},\"query-input\":{\"@type\":\"PropertyValueSpecification\",\"valueRequired\":true,\"valueName\":\"search_term_string\"}}],\"inLanguage\":\"tr\"},{\"@type\":[\"Organization\",\"Place\"],\"@id\":\"https:\\\/\\\/darkorchid-cheetah-525435.hostingersite.com\\\/#organization\",\"name\":\"YKM TEST\",\"url\":\"https:\\\/\\\/darkorchid-cheetah-525435.hostingersite.com\\\/\",\"logo\":{\"@id\":\"https:\\\/\\\/darkorchid-cheetah-525435.hostingersite.com\\\/product\\\/proctor-moulds-and-rammers-for-astm-and-aashto\\\/#local-main-organization-logo\"},\"image\":{\"@id\":\"https:\\\/\\\/darkorchid-cheetah-525435.hostingersite.com\\\/product\\\/proctor-moulds-and-rammers-for-astm-and-aashto\\\/#local-main-organization-logo\"},\"telephone\":[],\"openingHoursSpecification\":[{\"@type\":\"OpeningHoursSpecification\",\"dayOfWeek\":[\"Monday\",\"Tuesday\",\"Wednesday\",\"Thursday\",\"Friday\",\"Saturday\",\"Sunday\"],\"opens\":\"09:00\",\"closes\":\"17:00\"}]},{\"@type\":\"ImageObject\",\"inLanguage\":\"tr\",\"@id\":\"https:\\\/\\\/darkorchid-cheetah-525435.hostingersite.com\\\/product\\\/proctor-moulds-and-rammers-for-astm-and-aashto\\\/#local-main-organization-logo\",\"url\":\"https:\\\/\\\/ykmtest.com\\\/wp-content\\\/uploads\\\/2025\\\/10\\\/Asset-2@2x-8.png\",\"contentUrl\":\"https:\\\/\\\/ykmtest.com\\\/wp-content\\\/uploads\\\/2025\\\/10\\\/Asset-2@2x-8.png\",\"width\":1550,\"height\":323,\"caption\":\"YKM TEST\"}]}<\/script>\n<meta property=\"product:price:currency\" content=\"USD\" \/>\n<meta property=\"og:availability\" content=\"instock\" \/>\n<meta property=\"product:availability\" content=\"instock\" \/>\n<meta property=\"product:condition\" content=\"new\" \/>\n<!-- \/ Yoast SEO Premium plugin. -->","yoast_head_json":{"title":"Proctor Moulds and Rammers for ASTM and AASHTO - YKM TEST","description":"Proctor moulds and rammers for ASTM and AASHTO soil compaction tests, offering standardized dimensions, corrosion-resistant steel construction, and reliable compaction energy.","robots":{"index":"index","follow":"follow","max-snippet":"max-snippet:-1","max-image-preview":"max-image-preview:large","max-video-preview":"max-video-preview:-1"},"canonical":"https:\/\/darkorchid-cheetah-525435.hostingersite.com\/product\/proctor-moulds-and-rammers-for-astm-and-aashto\/","og_locale":"tr_TR","og_type":"article","og_title":"Proctor Moulds and Rammers for ASTM and AASHTO","og_description":"Proctor moulds and rammers for ASTM and AASHTO soil compaction tests, offering standardized dimensions, corrosion-resistant steel construction, and reliable compaction energy.","og_url":"https:\/\/darkorchid-cheetah-525435.hostingersite.com\/product\/proctor-moulds-and-rammers-for-astm-and-aashto\/","og_site_name":"YKM TEST","article_modified_time":"2025-12-19T07:40:24+00:00","twitter_card":"summary_large_image","twitter_misc":{"Fiyat":"","Durumu":"Stokta var"},"schema":{"@context":"https:\/\/schema.org","@graph":[{"@type":"WebPage","@id":"https:\/\/darkorchid-cheetah-525435.hostingersite.com\/product\/proctor-moulds-and-rammers-for-astm-and-aashto\/","url":"https:\/\/darkorchid-cheetah-525435.hostingersite.com\/product\/proctor-moulds-and-rammers-for-astm-and-aashto\/","name":"Proctor Moulds and Rammers for ASTM and AASHTO - YKM TEST","isPartOf":{"@id":"https:\/\/darkorchid-cheetah-525435.hostingersite.com\/#website"},"datePublished":"2025-12-19T07:40:23+00:00","dateModified":"2025-12-19T07:40:24+00:00","description":"Proctor moulds and rammers for ASTM and AASHTO soil compaction tests, offering standardized dimensions, corrosion-resistant steel construction, and reliable compaction energy.","breadcrumb":{"@id":"https:\/\/darkorchid-cheetah-525435.hostingersite.com\/product\/proctor-moulds-and-rammers-for-astm-and-aashto\/#breadcrumb"},"inLanguage":"tr","potentialAction":[{"@type":"ReadAction","target":["https:\/\/darkorchid-cheetah-525435.hostingersite.com\/product\/proctor-moulds-and-rammers-for-astm-and-aashto\/"]}]},{"@type":"BreadcrumbList","@id":"https:\/\/darkorchid-cheetah-525435.hostingersite.com\/product\/proctor-moulds-and-rammers-for-astm-and-aashto\/#breadcrumb","itemListElement":[{"@type":"ListItem","position":1,"name":"Home","item":"https:\/\/darkorchid-cheetah-525435.hostingersite.com\/"},{"@type":"ListItem","position":2,"name":"\u0422\u043e\u0432\u0430\u0440\u044b","item":"https:\/\/ykmtest.com\/ru\/shop\/"},{"@type":"ListItem","position":3,"name":"Proctor Moulds and Rammers for ASTM and AASHTO"}]},{"@type":"WebSite","@id":"https:\/\/darkorchid-cheetah-525435.hostingersite.com\/#website","url":"https:\/\/darkorchid-cheetah-525435.hostingersite.com\/","name":"YKM TEST\u0130","description":"","publisher":{"@id":"https:\/\/darkorchid-cheetah-525435.hostingersite.com\/#organization"},"potentialAction":[{"@type":"SearchAction","target":{"@type":"EntryPoint","urlTemplate":"https:\/\/darkorchid-cheetah-525435.hostingersite.com\/?s={search_term_string}"},"query-input":{"@type":"PropertyValueSpecification","valueRequired":true,"valueName":"search_term_string"}}],"inLanguage":"tr"},{"@type":["Organization","Place"],"@id":"https:\/\/darkorchid-cheetah-525435.hostingersite.com\/#organization","name":"YKM TEST\u0130","url":"https:\/\/darkorchid-cheetah-525435.hostingersite.com\/","logo":{"@id":"https:\/\/darkorchid-cheetah-525435.hostingersite.com\/product\/proctor-moulds-and-rammers-for-astm-and-aashto\/#local-main-organization-logo"},"image":{"@id":"https:\/\/darkorchid-cheetah-525435.hostingersite.com\/product\/proctor-moulds-and-rammers-for-astm-and-aashto\/#local-main-organization-logo"},"telephone":[],"openingHoursSpecification":[{"@type":"OpeningHoursSpecification","dayOfWeek":["Monday","Tuesday","Wednesday","Thursday","Friday","Saturday","Sunday"],"opens":"09:00","closes":"17:00"}]},{"@type":"ImageObject","inLanguage":"tr","@id":"https:\/\/darkorchid-cheetah-525435.hostingersite.com\/product\/proctor-moulds-and-rammers-for-astm-and-aashto\/#local-main-organization-logo","url":"https:\/\/ykmtest.com\/wp-content\/uploads\/2025\/10\/Asset-2@2x-8.png","contentUrl":"https:\/\/ykmtest.com\/wp-content\/uploads\/2025\/10\/Asset-2@2x-8.png","width":1550,"height":323,"caption":"YKM TEST"}]},"product_price_currency":"USD","og_availability":"instock","product_availability":"instock","product_condition":"new"},"_links":{"self":[{"href":"https:\/\/ykmtest.com\/tr\/wp-json\/wp\/v2\/product\/11254","targetHints":{"allow":["GET"]}}],"collection":[{"href":"https:\/\/ykmtest.com\/tr\/wp-json\/wp\/v2\/product"}],"about":[{"href":"https:\/\/ykmtest.com\/tr\/wp-json\/wp\/v2\/types\/product"}],"version-history":[{"count":1,"href":"https:\/\/ykmtest.com\/tr\/wp-json\/wp\/v2\/product\/11254\/revisions"}],"predecessor-version":[{"id":11255,"href":"https:\/\/ykmtest.com\/tr\/wp-json\/wp\/v2\/product\/11254\/revisions\/11255"}],"wp:attachment":[{"href":"https:\/\/ykmtest.com\/tr\/wp-json\/wp\/v2\/media?parent=11254"}],"wp:term":[{"taxonomy":"product_brand","embeddable":true,"href":"https:\/\/ykmtest.com\/tr\/wp-json\/wp\/v2\/product_brand?post=11254"},{"taxonomy":"product_cat","embeddable":true,"href":"https:\/\/ykmtest.com\/tr\/wp-json\/wp\/v2\/product_cat?post=11254"},{"taxonomy":"product_tag","embeddable":true,"href":"https:\/\/ykmtest.com\/tr\/wp-json\/wp\/v2\/product_tag?post=11254"}],"curies":[{"name":"wp","href":"https:\/\/api.w.org\/{rel}","templated":true}]}}