{"id":11256,"date":"2025-12-19T07:48:57","date_gmt":"2025-12-19T07:48:57","guid":{"rendered":"https:\/\/ykmtest.com\/?post_type=product&#038;p=11256"},"modified":"2025-12-19T07:48:58","modified_gmt":"2025-12-19T07:48:58","slug":"proctor-moulds-and-rammers-for-en","status":"publish","type":"product","link":"https:\/\/ykmtest.com\/tr\/urun\/proctor-moulds-and-rammers-for-en\/","title":{"rendered":"EN i\u00e7in Proctor Kal\u0131plar\u0131 ve Tokmaklar\u0131"},"content":{"rendered":"<p>Proctor Kal\u0131plar\u0131 ve Tokmaklar\u0131 seti 100 mm ve 150 mm i\u00e7 \u00e7apl\u0131 EN kal\u0131plar\u0131n\u0131 i\u00e7erir. 100 mm'lik kal\u0131p 120 mm g\u00f6vde y\u00fcksekli\u011fine ve yakla\u015f\u0131k 0,94 L hacme sahiptir ve standart s\u0131k\u0131\u015ft\u0131rma i\u00e7in do\u011fru hacim\/y\u00fckseklik ili\u015fkisini sa\u011flar. 150 mm'lik kal\u0131p da 120 mm y\u00fcksekli\u011fe sahiptir ve daha b\u00fcy\u00fck taneli numuneler i\u00e7in uygundur. Taban plakas\u0131 konfig\u00fcrasyonlar\u0131 drenaj ve temizlik ihtiya\u00e7lar\u0131na g\u00f6re se\u00e7ilir. Saplama ve somun ba\u011flant\u0131 elemanlar\u0131 h\u0131zl\u0131 montaj ve g\u00fcvenli kilitleme sa\u011flar. Tokmaklar EN gerekliliklerine g\u00f6re kalibre edilmi\u015ftir. Standart Proctor s\u0131k\u0131\u015ft\u0131rmada 2,5 kg k\u00fctle, 50 mm y\u00fczey \u00e7ap\u0131 ve 305 mm d\u00fc\u015fme y\u00fcksekli\u011fi kullan\u0131l\u0131r. Modifiye Proctor s\u0131k\u0131\u015ft\u0131rma, daha y\u00fcksek s\u0131k\u0131\u015ft\u0131rma enerjisi sa\u011flayan 4,5 kg k\u00fctle ve 457 mm d\u00fc\u015fme y\u00fcksekli\u011fi kullan\u0131r. Havaland\u0131rmal\u0131 k\u0131lavuz kovanlar, darbe s\u0131ras\u0131nda s\u0131k\u0131\u015fan havay\u0131 serbest b\u0131rakarak her darbede e\u015fit enerji aktar\u0131m\u0131 sa\u011flar. Ergonomik \u00e7eki\u00e7 kafalar\u0131, s\u00fcrekli kullan\u0131mda bile kontroll\u00fc ve tekrarlanabilir \u00e7al\u0131\u015fmay\u0131 destekler. Kal\u0131plar otomatik s\u0131k\u0131\u015ft\u0131r\u0131c\u0131lar, manuel tokmaklar ve numune ekstr\u00fcderleri ile tamamen uyumludur.<\/p>","protected":false},"excerpt":{"rendered":"<p>EN Standartlar\u0131 i\u00e7in Proctor Kal\u0131plar\u0131 ve Tokmaklar\u0131, EN 13286-2'ye uygun olarak laboratuvarda toprak haz\u0131rl\u0131\u011f\u0131 i\u00e7in tasarlanm\u0131\u015f s\u0131k\u0131\u015ft\u0131rma aksesuarlar\u0131d\u0131r. Kal\u0131plar galvanizli \u00e7elikten yap\u0131lm\u0131\u015ft\u0131r ve tekrarlanan s\u0131k\u0131\u015ft\u0131rma darbeleri alt\u0131nda geometrik stabiliteyi koruyarak bo\u015fluk b\u0131rakmadan birbirine kilitlenen bir g\u00f6vde, uzatma bilezi\u011fi ve taban plakas\u0131ndan olu\u015fur. P\u00fcr\u00fczs\u00fcz, hassas i\u015flenmi\u015f i\u00e7 y\u00fczeyler kenarlar\u0131n \u00e7izilmesini \u00f6nler ve hedef yo\u011funlu\u011fa g\u00fcvenilir bir \u015fekilde ula\u015f\u0131lmas\u0131n\u0131 sa\u011flar.<\/p>","protected":false},"featured_media":0,"template":"","meta":{"_acf_changed":false},"product_brand":[],"product_cat":[126,119],"product_tag":[],"class_list":{"0":"post-11256","1":"product","2":"type-product","3":"status-publish","5":"product_cat-proctor-moulds-and-rammers","6":"product_cat-soil-lab","9":"instock","10":"shipping-taxable","11":"product-type-simple"},"acf":[],"yoast_head":"<!-- This site is optimized with the Yoast SEO Premium plugin v26.5 (Yoast SEO v27.5) - https:\/\/yoast.com\/product\/yoast-seo-premium-wordpress\/ -->\n<title>Proctor Moulds and Rammers for EN - YKM TEST<\/title>\n<meta name=\"description\" content=\"Proctor moulds and rammers for EN 13286-2 soil compaction tests, offering galvanized steel moulds, calibrated rammers, and repeatable density results.\" \/>\n<meta name=\"robots\" content=\"index, follow, max-snippet:-1, max-image-preview:large, max-video-preview:-1\" \/>\n<link rel=\"canonical\" href=\"https:\/\/darkorchid-cheetah-525435.hostingersite.com\/product\/proctor-moulds-and-rammers-for-en\/\" \/>\n<meta property=\"og:locale\" content=\"tr_TR\" \/>\n<meta property=\"og:type\" content=\"article\" \/>\n<meta property=\"og:title\" content=\"Proctor Moulds and Rammers for EN\" \/>\n<meta property=\"og:description\" content=\"Proctor moulds and rammers for EN 13286-2 soil compaction tests, offering galvanized steel moulds, calibrated rammers, and repeatable density results.\" \/>\n<meta property=\"og:url\" content=\"https:\/\/darkorchid-cheetah-525435.hostingersite.com\/product\/proctor-moulds-and-rammers-for-en\/\" \/>\n<meta property=\"og:site_name\" content=\"YKM TEST\" \/>\n<meta property=\"article:modified_time\" content=\"2025-12-19T07:48:58+00:00\" \/>\n<meta name=\"twitter:card\" content=\"summary_large_image\" \/>\n<meta name=\"twitter:label1\" content=\"Fiyat\" \/>\n\t<meta name=\"twitter:data1\" content=\"\" \/>\n\t<meta name=\"twitter:label2\" content=\"Durumu\" \/>\n\t<meta name=\"twitter:data2\" content=\"Stokta var\" \/>\n<script type=\"application\/ld+json\" class=\"yoast-schema-graph\">{\"@context\":\"https:\\\/\\\/schema.org\",\"@graph\":[{\"@type\":\"WebPage\",\"@id\":\"https:\\\/\\\/darkorchid-cheetah-525435.hostingersite.com\\\/product\\\/proctor-moulds-and-rammers-for-en\\\/\",\"url\":\"https:\\\/\\\/darkorchid-cheetah-525435.hostingersite.com\\\/product\\\/proctor-moulds-and-rammers-for-en\\\/\",\"name\":\"Proctor Moulds and Rammers for EN - YKM TEST\",\"isPartOf\":{\"@id\":\"https:\\\/\\\/darkorchid-cheetah-525435.hostingersite.com\\\/#website\"},\"datePublished\":\"2025-12-19T07:48:57+00:00\",\"dateModified\":\"2025-12-19T07:48:58+00:00\",\"description\":\"Proctor moulds and rammers for EN 13286-2 soil compaction tests, offering galvanized steel moulds, calibrated rammers, and repeatable density results.\",\"breadcrumb\":{\"@id\":\"https:\\\/\\\/darkorchid-cheetah-525435.hostingersite.com\\\/product\\\/proctor-moulds-and-rammers-for-en\\\/#breadcrumb\"},\"inLanguage\":\"tr\",\"potentialAction\":[{\"@type\":\"ReadAction\",\"target\":[\"https:\\\/\\\/darkorchid-cheetah-525435.hostingersite.com\\\/product\\\/proctor-moulds-and-rammers-for-en\\\/\"]}]},{\"@type\":\"BreadcrumbList\",\"@id\":\"https:\\\/\\\/darkorchid-cheetah-525435.hostingersite.com\\\/product\\\/proctor-moulds-and-rammers-for-en\\\/#breadcrumb\",\"itemListElement\":[{\"@type\":\"ListItem\",\"position\":1,\"name\":\"Home\",\"item\":\"https:\\\/\\\/darkorchid-cheetah-525435.hostingersite.com\\\/\"},{\"@type\":\"ListItem\",\"position\":2,\"name\":\"\u0422\u043e\u0432\u0430\u0440\u044b\",\"item\":\"https:\\\/\\\/ykmtest.com\\\/ru\\\/shop\\\/\"},{\"@type\":\"ListItem\",\"position\":3,\"name\":\"Proctor Moulds and Rammers for EN\"}]},{\"@type\":\"WebSite\",\"@id\":\"https:\\\/\\\/darkorchid-cheetah-525435.hostingersite.com\\\/#website\",\"url\":\"https:\\\/\\\/darkorchid-cheetah-525435.hostingersite.com\\\/\",\"name\":\"YKM TEST\",\"description\":\"\",\"publisher\":{\"@id\":\"https:\\\/\\\/darkorchid-cheetah-525435.hostingersite.com\\\/#organization\"},\"potentialAction\":[{\"@type\":\"SearchAction\",\"target\":{\"@type\":\"EntryPoint\",\"urlTemplate\":\"https:\\\/\\\/darkorchid-cheetah-525435.hostingersite.com\\\/?s={search_term_string}\"},\"query-input\":{\"@type\":\"PropertyValueSpecification\",\"valueRequired\":true,\"valueName\":\"search_term_string\"}}],\"inLanguage\":\"tr\"},{\"@type\":[\"Organization\",\"Place\"],\"@id\":\"https:\\\/\\\/darkorchid-cheetah-525435.hostingersite.com\\\/#organization\",\"name\":\"YKM TEST\",\"url\":\"https:\\\/\\\/darkorchid-cheetah-525435.hostingersite.com\\\/\",\"logo\":{\"@id\":\"https:\\\/\\\/darkorchid-cheetah-525435.hostingersite.com\\\/product\\\/proctor-moulds-and-rammers-for-en\\\/#local-main-organization-logo\"},\"image\":{\"@id\":\"https:\\\/\\\/darkorchid-cheetah-525435.hostingersite.com\\\/product\\\/proctor-moulds-and-rammers-for-en\\\/#local-main-organization-logo\"},\"telephone\":[],\"openingHoursSpecification\":[{\"@type\":\"OpeningHoursSpecification\",\"dayOfWeek\":[\"Monday\",\"Tuesday\",\"Wednesday\",\"Thursday\",\"Friday\",\"Saturday\",\"Sunday\"],\"opens\":\"09:00\",\"closes\":\"17:00\"}]},{\"@type\":\"ImageObject\",\"inLanguage\":\"tr\",\"@id\":\"https:\\\/\\\/darkorchid-cheetah-525435.hostingersite.com\\\/product\\\/proctor-moulds-and-rammers-for-en\\\/#local-main-organization-logo\",\"url\":\"https:\\\/\\\/ykmtest.com\\\/wp-content\\\/uploads\\\/2025\\\/10\\\/Asset-2@2x-8.png\",\"contentUrl\":\"https:\\\/\\\/ykmtest.com\\\/wp-content\\\/uploads\\\/2025\\\/10\\\/Asset-2@2x-8.png\",\"width\":1550,\"height\":323,\"caption\":\"YKM TEST\"}]}<\/script>\n<meta property=\"product:price:currency\" content=\"USD\" \/>\n<meta property=\"og:availability\" content=\"instock\" \/>\n<meta property=\"product:availability\" content=\"instock\" \/>\n<meta property=\"product:condition\" content=\"new\" \/>\n<!-- \/ Yoast SEO Premium plugin. -->","yoast_head_json":{"title":"Proctor Moulds and Rammers for EN - YKM TEST","description":"Proctor moulds and rammers for EN 13286-2 soil compaction tests, offering galvanized steel moulds, calibrated rammers, and repeatable density results.","robots":{"index":"index","follow":"follow","max-snippet":"max-snippet:-1","max-image-preview":"max-image-preview:large","max-video-preview":"max-video-preview:-1"},"canonical":"https:\/\/darkorchid-cheetah-525435.hostingersite.com\/product\/proctor-moulds-and-rammers-for-en\/","og_locale":"tr_TR","og_type":"article","og_title":"Proctor Moulds and Rammers for EN","og_description":"Proctor moulds and rammers for EN 13286-2 soil compaction tests, offering galvanized steel moulds, calibrated rammers, and repeatable density results.","og_url":"https:\/\/darkorchid-cheetah-525435.hostingersite.com\/product\/proctor-moulds-and-rammers-for-en\/","og_site_name":"YKM TEST","article_modified_time":"2025-12-19T07:48:58+00:00","twitter_card":"summary_large_image","twitter_misc":{"Fiyat":"","Durumu":"Stokta var"},"schema":{"@context":"https:\/\/schema.org","@graph":[{"@type":"WebPage","@id":"https:\/\/darkorchid-cheetah-525435.hostingersite.com\/product\/proctor-moulds-and-rammers-for-en\/","url":"https:\/\/darkorchid-cheetah-525435.hostingersite.com\/product\/proctor-moulds-and-rammers-for-en\/","name":"Proctor Moulds and Rammers for EN - YKM TEST","isPartOf":{"@id":"https:\/\/darkorchid-cheetah-525435.hostingersite.com\/#website"},"datePublished":"2025-12-19T07:48:57+00:00","dateModified":"2025-12-19T07:48:58+00:00","description":"Proctor moulds and rammers for EN 13286-2 soil compaction tests, offering galvanized steel moulds, calibrated rammers, and repeatable density results.","breadcrumb":{"@id":"https:\/\/darkorchid-cheetah-525435.hostingersite.com\/product\/proctor-moulds-and-rammers-for-en\/#breadcrumb"},"inLanguage":"tr","potentialAction":[{"@type":"ReadAction","target":["https:\/\/darkorchid-cheetah-525435.hostingersite.com\/product\/proctor-moulds-and-rammers-for-en\/"]}]},{"@type":"BreadcrumbList","@id":"https:\/\/darkorchid-cheetah-525435.hostingersite.com\/product\/proctor-moulds-and-rammers-for-en\/#breadcrumb","itemListElement":[{"@type":"ListItem","position":1,"name":"Home","item":"https:\/\/darkorchid-cheetah-525435.hostingersite.com\/"},{"@type":"ListItem","position":2,"name":"\u0422\u043e\u0432\u0430\u0440\u044b","item":"https:\/\/ykmtest.com\/ru\/shop\/"},{"@type":"ListItem","position":3,"name":"Proctor Moulds and Rammers for EN"}]},{"@type":"WebSite","@id":"https:\/\/darkorchid-cheetah-525435.hostingersite.com\/#website","url":"https:\/\/darkorchid-cheetah-525435.hostingersite.com\/","name":"YKM TEST\u0130","description":"","publisher":{"@id":"https:\/\/darkorchid-cheetah-525435.hostingersite.com\/#organization"},"potentialAction":[{"@type":"SearchAction","target":{"@type":"EntryPoint","urlTemplate":"https:\/\/darkorchid-cheetah-525435.hostingersite.com\/?s={search_term_string}"},"query-input":{"@type":"PropertyValueSpecification","valueRequired":true,"valueName":"search_term_string"}}],"inLanguage":"tr"},{"@type":["Organization","Place"],"@id":"https:\/\/darkorchid-cheetah-525435.hostingersite.com\/#organization","name":"YKM TEST\u0130","url":"https:\/\/darkorchid-cheetah-525435.hostingersite.com\/","logo":{"@id":"https:\/\/darkorchid-cheetah-525435.hostingersite.com\/product\/proctor-moulds-and-rammers-for-en\/#local-main-organization-logo"},"image":{"@id":"https:\/\/darkorchid-cheetah-525435.hostingersite.com\/product\/proctor-moulds-and-rammers-for-en\/#local-main-organization-logo"},"telephone":[],"openingHoursSpecification":[{"@type":"OpeningHoursSpecification","dayOfWeek":["Monday","Tuesday","Wednesday","Thursday","Friday","Saturday","Sunday"],"opens":"09:00","closes":"17:00"}]},{"@type":"ImageObject","inLanguage":"tr","@id":"https:\/\/darkorchid-cheetah-525435.hostingersite.com\/product\/proctor-moulds-and-rammers-for-en\/#local-main-organization-logo","url":"https:\/\/ykmtest.com\/wp-content\/uploads\/2025\/10\/Asset-2@2x-8.png","contentUrl":"https:\/\/ykmtest.com\/wp-content\/uploads\/2025\/10\/Asset-2@2x-8.png","width":1550,"height":323,"caption":"YKM TEST"}]},"product_price_currency":"USD","og_availability":"instock","product_availability":"instock","product_condition":"new"},"_links":{"self":[{"href":"https:\/\/ykmtest.com\/tr\/wp-json\/wp\/v2\/product\/11256","targetHints":{"allow":["GET"]}}],"collection":[{"href":"https:\/\/ykmtest.com\/tr\/wp-json\/wp\/v2\/product"}],"about":[{"href":"https:\/\/ykmtest.com\/tr\/wp-json\/wp\/v2\/types\/product"}],"version-history":[{"count":1,"href":"https:\/\/ykmtest.com\/tr\/wp-json\/wp\/v2\/product\/11256\/revisions"}],"predecessor-version":[{"id":11257,"href":"https:\/\/ykmtest.com\/tr\/wp-json\/wp\/v2\/product\/11256\/revisions\/11257"}],"wp:attachment":[{"href":"https:\/\/ykmtest.com\/tr\/wp-json\/wp\/v2\/media?parent=11256"}],"wp:term":[{"taxonomy":"product_brand","embeddable":true,"href":"https:\/\/ykmtest.com\/tr\/wp-json\/wp\/v2\/product_brand?post=11256"},{"taxonomy":"product_cat","embeddable":true,"href":"https:\/\/ykmtest.com\/tr\/wp-json\/wp\/v2\/product_cat?post=11256"},{"taxonomy":"product_tag","embeddable":true,"href":"https:\/\/ykmtest.com\/tr\/wp-json\/wp\/v2\/product_tag?post=11256"}],"curies":[{"name":"wp","href":"https:\/\/api.w.org\/{rel}","templated":true}]}}