{"id":11258,"date":"2025-12-19T07:58:31","date_gmt":"2025-12-19T07:58:31","guid":{"rendered":"https:\/\/ykmtest.com\/?post_type=product&#038;p=11258"},"modified":"2025-12-19T07:58:32","modified_gmt":"2025-12-19T07:58:32","slug":"proctor-moulds-and-rammers-for-nf","status":"publish","type":"product","link":"https:\/\/ykmtest.com\/tr\/urun\/proctor-moulds-and-rammers-for-nf\/","title":{"rendered":"NF i\u00e7in Proktor Kal\u0131plar\u0131 ve Tokmaklar\u0131"},"content":{"rendered":"<p>Standart NF konfig\u00fcrasyonu \u00d8101,6 mm i\u00e7 \u00e7ap \/ 116,4 mm g\u00f6vde y\u00fcksekli\u011fine (~944 mL hacim) sahiptir. Daha kaba malzemeler i\u00e7in 100 mm ve 150 mm boyut s\u0131n\u0131flar\u0131nda uyumlu tertibatlar da mevcuttur. Tokmaklar, NF Standart ve Modifiye Proctor prosed\u00fcrlerinin gerektirdi\u011fi hassas enerji seviyelerini sa\u011flar. Standart Proctor: yakla\u015f\u0131k 2,5 kg k\u00fctle ve 305 mm d\u00fc\u015fme y\u00fcksekli\u011fi Modifiye Proctor: yakla\u015f\u0131k 4,5 kg k\u00fctle ve 457 mm d\u00fc\u015fme y\u00fcksekli\u011fi. \u00c7eki\u00e7 y\u00fcz\u00fc \u00d850,8 mm temas \u00e7ap\u0131na sahiptir. Havaland\u0131rmal\u0131 k\u0131lavuz kovanlar, her darbede tutarl\u0131 enerji aktar\u0131m\u0131 sa\u011flamak i\u00e7in darbe s\u0131ras\u0131nda s\u0131k\u0131\u015fan havay\u0131 serbest b\u0131rak\u0131r. Ergonomik tutamaklar, dengeli kafa geometrisi ve a\u015f\u0131nmaya dayan\u0131kl\u0131 y\u00fczeyler, yo\u011fun laboratuvar kullan\u0131m\u0131 alt\u0131nda uzun hizmet \u00f6mr\u00fc sa\u011flar. Kal\u0131p g\u00f6vdesi, bozulma olmadan eksenel s\u0131k\u0131\u015ft\u0131rma i\u00e7in y\u00fcksek sertlik sa\u011flar. Uzatma bilezi\u011fi ve taban plakas\u0131, doldurma, ters \u00e7evirme ve numune \u00e7\u0131karma i\u015flemlerini h\u0131zland\u0131rmak i\u00e7in her iki y\u00f6nde de tak\u0131labilir. Saplama ve somun kilitleme mekanizmas\u0131, aletsiz ve g\u00fcvenli montaj sa\u011flar. Drenaj, temizlik veya \u015fi\u015fme \u00f6l\u00e7\u00fcm\u00fc gereksinimlerine ba\u011fl\u0131 olarak delikli veya kat\u0131 taban plakas\u0131 se\u00e7enekleri mevcuttur. Sistem otomatik s\u0131k\u0131\u015ft\u0131r\u0131c\u0131lar, manuel tokmaklar ve numune \u00e7\u0131karma krikolar\u0131 ile uyumludur.<\/p>","protected":false},"excerpt":{"rendered":"<p>NF standartlar\u0131 i\u00e7in Proctor Kal\u0131plar\u0131 ve Tokmaklar\u0131, NF P94-093 ile uyumlu laboratuvar toprak testleri i\u00e7in tasarlanm\u0131\u015f s\u0131k\u0131\u015ft\u0131rma aksesuarlar\u0131d\u0131r. Kal\u0131plar korozyona dayan\u0131kl\u0131, kaplamal\u0131 \u00e7elikten \u00fcretilmi\u015ftir; kal\u0131p g\u00f6vdesi, uzatma bilezi\u011fi ve taban plakas\u0131 sorunsuz bir \u015fekilde birbirine kilitlenir ve darbeli s\u0131k\u0131\u015ft\u0131rma alt\u0131nda geometrik dengeyi korur. P\u00fcr\u00fczs\u00fcz, hassas i\u015flenmi\u015f i\u00e7 y\u00fczeyler kenarlar\u0131n \u00e7izilmesini \u00f6nlerken, s\u0131k\u0131 boyut toleranslar\u0131 her numune i\u00e7in tutarl\u0131 hacim ve y\u00fckseklik sa\u011flar.<\/p>","protected":false},"featured_media":0,"template":"","meta":{"_acf_changed":false},"product_brand":[],"product_cat":[126,119],"product_tag":[],"class_list":{"0":"post-11258","1":"product","2":"type-product","3":"status-publish","5":"product_cat-proctor-moulds-and-rammers","6":"product_cat-soil-lab","9":"instock","10":"shipping-taxable","11":"product-type-simple"},"acf":[],"yoast_head":"<!-- This site is optimized with the Yoast SEO Premium plugin v26.5 (Yoast SEO v27.5) - https:\/\/yoast.com\/product\/yoast-seo-premium-wordpress\/ -->\n<title>Proctor Moulds and Rammers for NF - YKM TEST<\/title>\n<meta name=\"description\" content=\"Proctor moulds and rammers for NF P94-093 soil compaction tests, featuring corrosion-resistant steel moulds, calibrated rammers, and consistent laboratory results.\" \/>\n<meta name=\"robots\" content=\"index, follow, max-snippet:-1, max-image-preview:large, max-video-preview:-1\" \/>\n<link rel=\"canonical\" href=\"https:\/\/darkorchid-cheetah-525435.hostingersite.com\/product\/proctor-moulds-and-rammers-for-nf\/\" \/>\n<meta property=\"og:locale\" content=\"tr_TR\" \/>\n<meta property=\"og:type\" content=\"article\" \/>\n<meta property=\"og:title\" content=\"Proctor Moulds and Rammers for NF\" \/>\n<meta property=\"og:description\" content=\"Proctor moulds and rammers for NF P94-093 soil compaction tests, featuring corrosion-resistant steel moulds, calibrated rammers, and consistent laboratory results.\" \/>\n<meta property=\"og:url\" content=\"https:\/\/darkorchid-cheetah-525435.hostingersite.com\/product\/proctor-moulds-and-rammers-for-nf\/\" \/>\n<meta property=\"og:site_name\" content=\"YKM TEST\" \/>\n<meta property=\"article:modified_time\" content=\"2025-12-19T07:58:32+00:00\" \/>\n<meta name=\"twitter:card\" content=\"summary_large_image\" \/>\n<meta name=\"twitter:label1\" content=\"Fiyat\" \/>\n\t<meta name=\"twitter:data1\" content=\"\" \/>\n\t<meta name=\"twitter:label2\" content=\"Durumu\" \/>\n\t<meta name=\"twitter:data2\" content=\"Stokta var\" \/>\n<script type=\"application\/ld+json\" class=\"yoast-schema-graph\">{\"@context\":\"https:\\\/\\\/schema.org\",\"@graph\":[{\"@type\":\"WebPage\",\"@id\":\"https:\\\/\\\/darkorchid-cheetah-525435.hostingersite.com\\\/product\\\/proctor-moulds-and-rammers-for-nf\\\/\",\"url\":\"https:\\\/\\\/darkorchid-cheetah-525435.hostingersite.com\\\/product\\\/proctor-moulds-and-rammers-for-nf\\\/\",\"name\":\"Proctor Moulds and Rammers for NF - YKM TEST\",\"isPartOf\":{\"@id\":\"https:\\\/\\\/darkorchid-cheetah-525435.hostingersite.com\\\/#website\"},\"datePublished\":\"2025-12-19T07:58:31+00:00\",\"dateModified\":\"2025-12-19T07:58:32+00:00\",\"description\":\"Proctor moulds and rammers for NF P94-093 soil compaction tests, featuring corrosion-resistant steel moulds, calibrated rammers, and consistent laboratory results.\",\"breadcrumb\":{\"@id\":\"https:\\\/\\\/darkorchid-cheetah-525435.hostingersite.com\\\/product\\\/proctor-moulds-and-rammers-for-nf\\\/#breadcrumb\"},\"inLanguage\":\"tr\",\"potentialAction\":[{\"@type\":\"ReadAction\",\"target\":[\"https:\\\/\\\/darkorchid-cheetah-525435.hostingersite.com\\\/product\\\/proctor-moulds-and-rammers-for-nf\\\/\"]}]},{\"@type\":\"BreadcrumbList\",\"@id\":\"https:\\\/\\\/darkorchid-cheetah-525435.hostingersite.com\\\/product\\\/proctor-moulds-and-rammers-for-nf\\\/#breadcrumb\",\"itemListElement\":[{\"@type\":\"ListItem\",\"position\":1,\"name\":\"Home\",\"item\":\"https:\\\/\\\/darkorchid-cheetah-525435.hostingersite.com\\\/\"},{\"@type\":\"ListItem\",\"position\":2,\"name\":\"\u0422\u043e\u0432\u0430\u0440\u044b\",\"item\":\"https:\\\/\\\/ykmtest.com\\\/ru\\\/shop\\\/\"},{\"@type\":\"ListItem\",\"position\":3,\"name\":\"Proctor Moulds and Rammers for NF\"}]},{\"@type\":\"WebSite\",\"@id\":\"https:\\\/\\\/darkorchid-cheetah-525435.hostingersite.com\\\/#website\",\"url\":\"https:\\\/\\\/darkorchid-cheetah-525435.hostingersite.com\\\/\",\"name\":\"YKM TEST\",\"description\":\"\",\"publisher\":{\"@id\":\"https:\\\/\\\/darkorchid-cheetah-525435.hostingersite.com\\\/#organization\"},\"potentialAction\":[{\"@type\":\"SearchAction\",\"target\":{\"@type\":\"EntryPoint\",\"urlTemplate\":\"https:\\\/\\\/darkorchid-cheetah-525435.hostingersite.com\\\/?s={search_term_string}\"},\"query-input\":{\"@type\":\"PropertyValueSpecification\",\"valueRequired\":true,\"valueName\":\"search_term_string\"}}],\"inLanguage\":\"tr\"},{\"@type\":[\"Organization\",\"Place\"],\"@id\":\"https:\\\/\\\/darkorchid-cheetah-525435.hostingersite.com\\\/#organization\",\"name\":\"YKM TEST\",\"url\":\"https:\\\/\\\/darkorchid-cheetah-525435.hostingersite.com\\\/\",\"logo\":{\"@id\":\"https:\\\/\\\/darkorchid-cheetah-525435.hostingersite.com\\\/product\\\/proctor-moulds-and-rammers-for-nf\\\/#local-main-organization-logo\"},\"image\":{\"@id\":\"https:\\\/\\\/darkorchid-cheetah-525435.hostingersite.com\\\/product\\\/proctor-moulds-and-rammers-for-nf\\\/#local-main-organization-logo\"},\"telephone\":[],\"openingHoursSpecification\":[{\"@type\":\"OpeningHoursSpecification\",\"dayOfWeek\":[\"Monday\",\"Tuesday\",\"Wednesday\",\"Thursday\",\"Friday\",\"Saturday\",\"Sunday\"],\"opens\":\"09:00\",\"closes\":\"17:00\"}]},{\"@type\":\"ImageObject\",\"inLanguage\":\"tr\",\"@id\":\"https:\\\/\\\/darkorchid-cheetah-525435.hostingersite.com\\\/product\\\/proctor-moulds-and-rammers-for-nf\\\/#local-main-organization-logo\",\"url\":\"https:\\\/\\\/ykmtest.com\\\/wp-content\\\/uploads\\\/2025\\\/10\\\/Asset-2@2x-8.png\",\"contentUrl\":\"https:\\\/\\\/ykmtest.com\\\/wp-content\\\/uploads\\\/2025\\\/10\\\/Asset-2@2x-8.png\",\"width\":1550,\"height\":323,\"caption\":\"YKM TEST\"}]}<\/script>\n<meta property=\"product:price:currency\" content=\"USD\" \/>\n<meta property=\"og:availability\" content=\"instock\" \/>\n<meta property=\"product:availability\" content=\"instock\" \/>\n<meta property=\"product:condition\" content=\"new\" \/>\n<!-- \/ Yoast SEO Premium plugin. -->","yoast_head_json":{"title":"Proctor Moulds and Rammers for NF - YKM TEST","description":"Proctor moulds and rammers for NF P94-093 soil compaction tests, featuring corrosion-resistant steel moulds, calibrated rammers, and consistent laboratory results.","robots":{"index":"index","follow":"follow","max-snippet":"max-snippet:-1","max-image-preview":"max-image-preview:large","max-video-preview":"max-video-preview:-1"},"canonical":"https:\/\/darkorchid-cheetah-525435.hostingersite.com\/product\/proctor-moulds-and-rammers-for-nf\/","og_locale":"tr_TR","og_type":"article","og_title":"Proctor Moulds and Rammers for NF","og_description":"Proctor moulds and rammers for NF P94-093 soil compaction tests, featuring corrosion-resistant steel moulds, calibrated rammers, and consistent laboratory results.","og_url":"https:\/\/darkorchid-cheetah-525435.hostingersite.com\/product\/proctor-moulds-and-rammers-for-nf\/","og_site_name":"YKM TEST","article_modified_time":"2025-12-19T07:58:32+00:00","twitter_card":"summary_large_image","twitter_misc":{"Fiyat":"","Durumu":"Stokta var"},"schema":{"@context":"https:\/\/schema.org","@graph":[{"@type":"WebPage","@id":"https:\/\/darkorchid-cheetah-525435.hostingersite.com\/product\/proctor-moulds-and-rammers-for-nf\/","url":"https:\/\/darkorchid-cheetah-525435.hostingersite.com\/product\/proctor-moulds-and-rammers-for-nf\/","name":"Proctor Moulds and Rammers for NF - YKM TEST","isPartOf":{"@id":"https:\/\/darkorchid-cheetah-525435.hostingersite.com\/#website"},"datePublished":"2025-12-19T07:58:31+00:00","dateModified":"2025-12-19T07:58:32+00:00","description":"Proctor moulds and rammers for NF P94-093 soil compaction tests, featuring corrosion-resistant steel moulds, calibrated rammers, and consistent laboratory results.","breadcrumb":{"@id":"https:\/\/darkorchid-cheetah-525435.hostingersite.com\/product\/proctor-moulds-and-rammers-for-nf\/#breadcrumb"},"inLanguage":"tr","potentialAction":[{"@type":"ReadAction","target":["https:\/\/darkorchid-cheetah-525435.hostingersite.com\/product\/proctor-moulds-and-rammers-for-nf\/"]}]},{"@type":"BreadcrumbList","@id":"https:\/\/darkorchid-cheetah-525435.hostingersite.com\/product\/proctor-moulds-and-rammers-for-nf\/#breadcrumb","itemListElement":[{"@type":"ListItem","position":1,"name":"Home","item":"https:\/\/darkorchid-cheetah-525435.hostingersite.com\/"},{"@type":"ListItem","position":2,"name":"\u0422\u043e\u0432\u0430\u0440\u044b","item":"https:\/\/ykmtest.com\/ru\/shop\/"},{"@type":"ListItem","position":3,"name":"Proctor Moulds and Rammers for NF"}]},{"@type":"WebSite","@id":"https:\/\/darkorchid-cheetah-525435.hostingersite.com\/#website","url":"https:\/\/darkorchid-cheetah-525435.hostingersite.com\/","name":"YKM TEST\u0130","description":"","publisher":{"@id":"https:\/\/darkorchid-cheetah-525435.hostingersite.com\/#organization"},"potentialAction":[{"@type":"SearchAction","target":{"@type":"EntryPoint","urlTemplate":"https:\/\/darkorchid-cheetah-525435.hostingersite.com\/?s={search_term_string}"},"query-input":{"@type":"PropertyValueSpecification","valueRequired":true,"valueName":"search_term_string"}}],"inLanguage":"tr"},{"@type":["Organization","Place"],"@id":"https:\/\/darkorchid-cheetah-525435.hostingersite.com\/#organization","name":"YKM TEST\u0130","url":"https:\/\/darkorchid-cheetah-525435.hostingersite.com\/","logo":{"@id":"https:\/\/darkorchid-cheetah-525435.hostingersite.com\/product\/proctor-moulds-and-rammers-for-nf\/#local-main-organization-logo"},"image":{"@id":"https:\/\/darkorchid-cheetah-525435.hostingersite.com\/product\/proctor-moulds-and-rammers-for-nf\/#local-main-organization-logo"},"telephone":[],"openingHoursSpecification":[{"@type":"OpeningHoursSpecification","dayOfWeek":["Monday","Tuesday","Wednesday","Thursday","Friday","Saturday","Sunday"],"opens":"09:00","closes":"17:00"}]},{"@type":"ImageObject","inLanguage":"tr","@id":"https:\/\/darkorchid-cheetah-525435.hostingersite.com\/product\/proctor-moulds-and-rammers-for-nf\/#local-main-organization-logo","url":"https:\/\/ykmtest.com\/wp-content\/uploads\/2025\/10\/Asset-2@2x-8.png","contentUrl":"https:\/\/ykmtest.com\/wp-content\/uploads\/2025\/10\/Asset-2@2x-8.png","width":1550,"height":323,"caption":"YKM TEST"}]},"product_price_currency":"USD","og_availability":"instock","product_availability":"instock","product_condition":"new"},"_links":{"self":[{"href":"https:\/\/ykmtest.com\/tr\/wp-json\/wp\/v2\/product\/11258","targetHints":{"allow":["GET"]}}],"collection":[{"href":"https:\/\/ykmtest.com\/tr\/wp-json\/wp\/v2\/product"}],"about":[{"href":"https:\/\/ykmtest.com\/tr\/wp-json\/wp\/v2\/types\/product"}],"version-history":[{"count":1,"href":"https:\/\/ykmtest.com\/tr\/wp-json\/wp\/v2\/product\/11258\/revisions"}],"predecessor-version":[{"id":11259,"href":"https:\/\/ykmtest.com\/tr\/wp-json\/wp\/v2\/product\/11258\/revisions\/11259"}],"wp:attachment":[{"href":"https:\/\/ykmtest.com\/tr\/wp-json\/wp\/v2\/media?parent=11258"}],"wp:term":[{"taxonomy":"product_brand","embeddable":true,"href":"https:\/\/ykmtest.com\/tr\/wp-json\/wp\/v2\/product_brand?post=11258"},{"taxonomy":"product_cat","embeddable":true,"href":"https:\/\/ykmtest.com\/tr\/wp-json\/wp\/v2\/product_cat?post=11258"},{"taxonomy":"product_tag","embeddable":true,"href":"https:\/\/ykmtest.com\/tr\/wp-json\/wp\/v2\/product_tag?post=11258"}],"curies":[{"name":"wp","href":"https:\/\/api.w.org\/{rel}","templated":true}]}}