{"id":11262,"date":"2025-12-19T08:12:16","date_gmt":"2025-12-19T08:12:16","guid":{"rendered":"https:\/\/ykmtest.com\/?post_type=product&#038;p=11262"},"modified":"2025-12-19T08:12:17","modified_gmt":"2025-12-19T08:12:17","slug":"automatic-soil-compactor","status":"publish","type":"product","link":"https:\/\/ykmtest.com\/tr\/urun\/automatic-soil-compactor\/","title":{"rendered":"Otomatik Toprak Kompakt\u00f6r\u00fc"},"content":{"rendered":"<p>\u00dcnite 100 mm ve 150\/152-152,4 mm kal\u0131p boyutlar\u0131n\u0131 bar\u0131nd\u0131r\u0131r; h\u0131zl\u0131 kelep\u00e7eli kal\u0131p montaj sistemi yanl\u0131\u015f hizalamay\u0131 en aza indirir. Tokmaklar\u0131n standart 2,5 kg ve 4,5-10 lb versiyonlar\u0131 mevcuttur; d\u00fc\u015fme y\u00fcksekli\u011fi 305\/457 mm (ASTM) ve 300\/450 mm (EN\/BS) \u00f6zelliklerine g\u00f6re ayarlanabilir. Mikroi\u015flemci tabanl\u0131 bir kontrol\u00f6r darbe s\u0131ras\u0131n\u0131 ve say\u0131s\u0131n\u0131 y\u00f6netir. Operat\u00f6r g\u00fcvenli\u011fi kilitli \u015feffaf bir g\u00fcvenlik muhafazas\u0131 ile sa\u011flan\u0131r; a\u015f\u0131r\u0131 hareket korumas\u0131 ve acil durdurma korumalar\u0131 mekanik ve elektronik devreler arac\u0131l\u0131\u011f\u0131yla sa\u011flan\u0131r. G\u00fcr\u00fclt\u00fc emisyonlar\u0131n\u0131 azaltmak i\u00e7in iste\u011fe ba\u011fl\u0131 bir ses yal\u0131t\u0131ml\u0131 kabin mevcuttur.<\/p>","protected":false},"excerpt":{"rendered":"<p>Otomatik Toprak S\u0131k\u0131\u015ft\u0131r\u0131c\u0131, operat\u00f6r de\u011fi\u015fkenli\u011fini ortadan kald\u0131r\u0131rken standartla\u015ft\u0131r\u0131lm\u0131\u015f s\u0131k\u0131\u015ft\u0131rma enerjisi sa\u011flamak \u00fczere tasarlanm\u0131\u015f tam otomatik bir Proctor\/CBR s\u0131k\u0131\u015ft\u0131rma sistemidir. Rijit \u00e7elik \u00e7er\u00e7eve, tokmaklar\u0131n her darbede ayn\u0131 d\u00fc\u015fme y\u00fcksekli\u011fine ula\u015fmas\u0131n\u0131 sa\u011flayan motor tahrikli bir kald\u0131rma mekanizmas\u0131na sahiptir. D\u00f6nen kal\u0131p tablas\u0131 ve kontroll\u00fc darbe modeli, y\u00fczey boyunca e\u015fit s\u0131k\u0131\u015ft\u0131rma sa\u011flar. Programlanabilir darbe say\u0131lar\u0131 ve otomatik durdurma i\u015flevi, t\u00fcm katmanlarda tekrarlanabilir sonu\u00e7lar ve h\u0131zl\u0131 test d\u00f6ng\u00fcleri sa\u011flar.<\/p>","protected":false},"featured_media":0,"template":"","meta":{"_acf_changed":false},"product_brand":[],"product_cat":[127,119],"product_tag":[],"class_list":{"0":"post-11262","1":"product","2":"type-product","3":"status-publish","5":"product_cat-soil-compaction-tests","6":"product_cat-soil-lab","9":"instock","10":"shipping-taxable","11":"product-type-simple"},"acf":[],"yoast_head":"<!-- This site is optimized with the Yoast SEO Premium plugin v26.5 (Yoast SEO v27.5) - https:\/\/yoast.com\/product\/yoast-seo-premium-wordpress\/ -->\n<title>Automatic Soil Compactor - YKM TEST<\/title>\n<meta name=\"description\" content=\"Automatic Soil Compactor delivers uniform Proctor\/CBR compaction, adjustable rammers, programmable blows, and consistent lab results with safety protections.\" \/>\n<meta name=\"robots\" content=\"index, follow, max-snippet:-1, max-image-preview:large, max-video-preview:-1\" \/>\n<link rel=\"canonical\" href=\"https:\/\/darkorchid-cheetah-525435.hostingersite.com\/product\/automatic-soil-compactor\/\" \/>\n<meta property=\"og:locale\" content=\"tr_TR\" \/>\n<meta property=\"og:type\" content=\"article\" \/>\n<meta property=\"og:title\" content=\"Automatic Soil Compactor\" \/>\n<meta property=\"og:description\" content=\"Automatic Soil Compactor delivers uniform Proctor\/CBR compaction, adjustable rammers, programmable blows, and consistent lab results with safety protections.\" \/>\n<meta property=\"og:url\" content=\"https:\/\/darkorchid-cheetah-525435.hostingersite.com\/product\/automatic-soil-compactor\/\" \/>\n<meta property=\"og:site_name\" content=\"YKM TEST\" \/>\n<meta property=\"article:modified_time\" content=\"2025-12-19T08:12:17+00:00\" \/>\n<meta name=\"twitter:card\" content=\"summary_large_image\" \/>\n<meta name=\"twitter:label1\" content=\"Fiyat\" \/>\n\t<meta name=\"twitter:data1\" content=\"\" \/>\n\t<meta name=\"twitter:label2\" content=\"Durumu\" \/>\n\t<meta name=\"twitter:data2\" content=\"Stokta var\" \/>\n<script type=\"application\/ld+json\" class=\"yoast-schema-graph\">{\"@context\":\"https:\\\/\\\/schema.org\",\"@graph\":[{\"@type\":\"WebPage\",\"@id\":\"https:\\\/\\\/darkorchid-cheetah-525435.hostingersite.com\\\/product\\\/automatic-soil-compactor\\\/\",\"url\":\"https:\\\/\\\/darkorchid-cheetah-525435.hostingersite.com\\\/product\\\/automatic-soil-compactor\\\/\",\"name\":\"Automatic Soil Compactor - YKM TEST\",\"isPartOf\":{\"@id\":\"https:\\\/\\\/darkorchid-cheetah-525435.hostingersite.com\\\/#website\"},\"datePublished\":\"2025-12-19T08:12:16+00:00\",\"dateModified\":\"2025-12-19T08:12:17+00:00\",\"description\":\"Automatic Soil Compactor delivers uniform Proctor\\\/CBR compaction, adjustable rammers, programmable blows, and consistent lab results with safety protections.\",\"breadcrumb\":{\"@id\":\"https:\\\/\\\/darkorchid-cheetah-525435.hostingersite.com\\\/product\\\/automatic-soil-compactor\\\/#breadcrumb\"},\"inLanguage\":\"tr\",\"potentialAction\":[{\"@type\":\"ReadAction\",\"target\":[\"https:\\\/\\\/darkorchid-cheetah-525435.hostingersite.com\\\/product\\\/automatic-soil-compactor\\\/\"]}]},{\"@type\":\"BreadcrumbList\",\"@id\":\"https:\\\/\\\/darkorchid-cheetah-525435.hostingersite.com\\\/product\\\/automatic-soil-compactor\\\/#breadcrumb\",\"itemListElement\":[{\"@type\":\"ListItem\",\"position\":1,\"name\":\"Home\",\"item\":\"https:\\\/\\\/darkorchid-cheetah-525435.hostingersite.com\\\/\"},{\"@type\":\"ListItem\",\"position\":2,\"name\":\"\u0422\u043e\u0432\u0430\u0440\u044b\",\"item\":\"https:\\\/\\\/ykmtest.com\\\/ru\\\/shop\\\/\"},{\"@type\":\"ListItem\",\"position\":3,\"name\":\"Automatic Soil Compactor\"}]},{\"@type\":\"WebSite\",\"@id\":\"https:\\\/\\\/darkorchid-cheetah-525435.hostingersite.com\\\/#website\",\"url\":\"https:\\\/\\\/darkorchid-cheetah-525435.hostingersite.com\\\/\",\"name\":\"YKM TEST\",\"description\":\"\",\"publisher\":{\"@id\":\"https:\\\/\\\/darkorchid-cheetah-525435.hostingersite.com\\\/#organization\"},\"potentialAction\":[{\"@type\":\"SearchAction\",\"target\":{\"@type\":\"EntryPoint\",\"urlTemplate\":\"https:\\\/\\\/darkorchid-cheetah-525435.hostingersite.com\\\/?s={search_term_string}\"},\"query-input\":{\"@type\":\"PropertyValueSpecification\",\"valueRequired\":true,\"valueName\":\"search_term_string\"}}],\"inLanguage\":\"tr\"},{\"@type\":[\"Organization\",\"Place\"],\"@id\":\"https:\\\/\\\/darkorchid-cheetah-525435.hostingersite.com\\\/#organization\",\"name\":\"YKM TEST\",\"url\":\"https:\\\/\\\/darkorchid-cheetah-525435.hostingersite.com\\\/\",\"logo\":{\"@id\":\"https:\\\/\\\/darkorchid-cheetah-525435.hostingersite.com\\\/product\\\/automatic-soil-compactor\\\/#local-main-organization-logo\"},\"image\":{\"@id\":\"https:\\\/\\\/darkorchid-cheetah-525435.hostingersite.com\\\/product\\\/automatic-soil-compactor\\\/#local-main-organization-logo\"},\"telephone\":[],\"openingHoursSpecification\":[{\"@type\":\"OpeningHoursSpecification\",\"dayOfWeek\":[\"Monday\",\"Tuesday\",\"Wednesday\",\"Thursday\",\"Friday\",\"Saturday\",\"Sunday\"],\"opens\":\"09:00\",\"closes\":\"17:00\"}]},{\"@type\":\"ImageObject\",\"inLanguage\":\"tr\",\"@id\":\"https:\\\/\\\/darkorchid-cheetah-525435.hostingersite.com\\\/product\\\/automatic-soil-compactor\\\/#local-main-organization-logo\",\"url\":\"https:\\\/\\\/ykmtest.com\\\/wp-content\\\/uploads\\\/2025\\\/10\\\/Asset-2@2x-8.png\",\"contentUrl\":\"https:\\\/\\\/ykmtest.com\\\/wp-content\\\/uploads\\\/2025\\\/10\\\/Asset-2@2x-8.png\",\"width\":1550,\"height\":323,\"caption\":\"YKM TEST\"}]}<\/script>\n<meta property=\"product:price:currency\" content=\"USD\" \/>\n<meta property=\"og:availability\" content=\"instock\" \/>\n<meta property=\"product:availability\" content=\"instock\" \/>\n<meta property=\"product:condition\" content=\"new\" \/>\n<!-- \/ Yoast SEO Premium plugin. -->","yoast_head_json":{"title":"Automatic Soil Compactor - YKM TEST","description":"Automatic Soil Compactor delivers uniform Proctor\/CBR compaction, adjustable rammers, programmable blows, and consistent lab results with safety protections.","robots":{"index":"index","follow":"follow","max-snippet":"max-snippet:-1","max-image-preview":"max-image-preview:large","max-video-preview":"max-video-preview:-1"},"canonical":"https:\/\/darkorchid-cheetah-525435.hostingersite.com\/product\/automatic-soil-compactor\/","og_locale":"tr_TR","og_type":"article","og_title":"Automatic Soil Compactor","og_description":"Automatic Soil Compactor delivers uniform Proctor\/CBR compaction, adjustable rammers, programmable blows, and consistent lab results with safety protections.","og_url":"https:\/\/darkorchid-cheetah-525435.hostingersite.com\/product\/automatic-soil-compactor\/","og_site_name":"YKM TEST","article_modified_time":"2025-12-19T08:12:17+00:00","twitter_card":"summary_large_image","twitter_misc":{"Fiyat":"","Durumu":"Stokta var"},"schema":{"@context":"https:\/\/schema.org","@graph":[{"@type":"WebPage","@id":"https:\/\/darkorchid-cheetah-525435.hostingersite.com\/product\/automatic-soil-compactor\/","url":"https:\/\/darkorchid-cheetah-525435.hostingersite.com\/product\/automatic-soil-compactor\/","name":"Automatic Soil Compactor - YKM TEST","isPartOf":{"@id":"https:\/\/darkorchid-cheetah-525435.hostingersite.com\/#website"},"datePublished":"2025-12-19T08:12:16+00:00","dateModified":"2025-12-19T08:12:17+00:00","description":"Automatic Soil Compactor delivers uniform Proctor\/CBR compaction, adjustable rammers, programmable blows, and consistent lab results with safety protections.","breadcrumb":{"@id":"https:\/\/darkorchid-cheetah-525435.hostingersite.com\/product\/automatic-soil-compactor\/#breadcrumb"},"inLanguage":"tr","potentialAction":[{"@type":"ReadAction","target":["https:\/\/darkorchid-cheetah-525435.hostingersite.com\/product\/automatic-soil-compactor\/"]}]},{"@type":"BreadcrumbList","@id":"https:\/\/darkorchid-cheetah-525435.hostingersite.com\/product\/automatic-soil-compactor\/#breadcrumb","itemListElement":[{"@type":"ListItem","position":1,"name":"Home","item":"https:\/\/darkorchid-cheetah-525435.hostingersite.com\/"},{"@type":"ListItem","position":2,"name":"\u0422\u043e\u0432\u0430\u0440\u044b","item":"https:\/\/ykmtest.com\/ru\/shop\/"},{"@type":"ListItem","position":3,"name":"Automatic Soil Compactor"}]},{"@type":"WebSite","@id":"https:\/\/darkorchid-cheetah-525435.hostingersite.com\/#website","url":"https:\/\/darkorchid-cheetah-525435.hostingersite.com\/","name":"YKM TEST\u0130","description":"","publisher":{"@id":"https:\/\/darkorchid-cheetah-525435.hostingersite.com\/#organization"},"potentialAction":[{"@type":"SearchAction","target":{"@type":"EntryPoint","urlTemplate":"https:\/\/darkorchid-cheetah-525435.hostingersite.com\/?s={search_term_string}"},"query-input":{"@type":"PropertyValueSpecification","valueRequired":true,"valueName":"search_term_string"}}],"inLanguage":"tr"},{"@type":["Organization","Place"],"@id":"https:\/\/darkorchid-cheetah-525435.hostingersite.com\/#organization","name":"YKM TEST\u0130","url":"https:\/\/darkorchid-cheetah-525435.hostingersite.com\/","logo":{"@id":"https:\/\/darkorchid-cheetah-525435.hostingersite.com\/product\/automatic-soil-compactor\/#local-main-organization-logo"},"image":{"@id":"https:\/\/darkorchid-cheetah-525435.hostingersite.com\/product\/automatic-soil-compactor\/#local-main-organization-logo"},"telephone":[],"openingHoursSpecification":[{"@type":"OpeningHoursSpecification","dayOfWeek":["Monday","Tuesday","Wednesday","Thursday","Friday","Saturday","Sunday"],"opens":"09:00","closes":"17:00"}]},{"@type":"ImageObject","inLanguage":"tr","@id":"https:\/\/darkorchid-cheetah-525435.hostingersite.com\/product\/automatic-soil-compactor\/#local-main-organization-logo","url":"https:\/\/ykmtest.com\/wp-content\/uploads\/2025\/10\/Asset-2@2x-8.png","contentUrl":"https:\/\/ykmtest.com\/wp-content\/uploads\/2025\/10\/Asset-2@2x-8.png","width":1550,"height":323,"caption":"YKM TEST"}]},"product_price_currency":"USD","og_availability":"instock","product_availability":"instock","product_condition":"new"},"_links":{"self":[{"href":"https:\/\/ykmtest.com\/tr\/wp-json\/wp\/v2\/product\/11262","targetHints":{"allow":["GET"]}}],"collection":[{"href":"https:\/\/ykmtest.com\/tr\/wp-json\/wp\/v2\/product"}],"about":[{"href":"https:\/\/ykmtest.com\/tr\/wp-json\/wp\/v2\/types\/product"}],"version-history":[{"count":1,"href":"https:\/\/ykmtest.com\/tr\/wp-json\/wp\/v2\/product\/11262\/revisions"}],"predecessor-version":[{"id":11263,"href":"https:\/\/ykmtest.com\/tr\/wp-json\/wp\/v2\/product\/11262\/revisions\/11263"}],"wp:attachment":[{"href":"https:\/\/ykmtest.com\/tr\/wp-json\/wp\/v2\/media?parent=11262"}],"wp:term":[{"taxonomy":"product_brand","embeddable":true,"href":"https:\/\/ykmtest.com\/tr\/wp-json\/wp\/v2\/product_brand?post=11262"},{"taxonomy":"product_cat","embeddable":true,"href":"https:\/\/ykmtest.com\/tr\/wp-json\/wp\/v2\/product_cat?post=11262"},{"taxonomy":"product_tag","embeddable":true,"href":"https:\/\/ykmtest.com\/tr\/wp-json\/wp\/v2\/product_tag?post=11262"}],"curies":[{"name":"wp","href":"https:\/\/api.w.org\/{rel}","templated":true}]}}