{"id":11334,"date":"2025-12-19T11:04:04","date_gmt":"2025-12-19T11:04:04","guid":{"rendered":"https:\/\/ykmtest.com\/?post_type=product&#038;p=11334"},"modified":"2025-12-19T11:04:05","modified_gmt":"2025-12-19T11:04:05","slug":"sand-equivalent-shaker","status":"publish","type":"product","link":"https:\/\/ykmtest.com\/tr\/urun\/sand-equivalent-shaker\/","title":{"rendered":"Kum E\u015fde\u011feri \u00c7alkalay\u0131c\u0131"},"content":{"rendered":"<p class=\"p3\"><span lang=\"TR\">Tahrik mekanizmas\u0131, az bak\u0131m gerektiren bir motor-krank tertibat\u0131 arac\u0131l\u0131\u011f\u0131yla sabit genlikli do\u011frusal sal\u0131n\u0131m \u00fcretir. Bu, silindir i\u00e7inde homojen da\u011f\u0131l\u0131m sa\u011flar ve okuma noktalar\u0131n\u0131n tekrarlanabilirli\u011fini art\u0131r\u0131r. H\u0131zl\u0131 kelep\u00e7eli fikst\u00fcr, dereceli cam silindirleri eksen boyunca hizal\u0131 tutar; elastik ara par\u00e7alar cam y\u00fczeyleri darbelere kar\u015f\u0131 korur. Geni\u015f taban ve kaymaz ayaklar y\u00fck alt\u0131nda dengeyi korurken \u00e7evreye titre\u015fim iletimini s\u0131n\u0131rland\u0131r\u0131r. Dijital zamanlay\u0131c\u0131, test s\u00fcresinin hassas bir \u015fekilde ayarlanmas\u0131na ve otomatik durdurma yoluyla d\u00f6ng\u00fclerin tekrarlanabilirli\u011fine olanak tan\u0131r. Ba\u015flatma\/durdurma komutlar\u0131 tek bir panelden kontrol edilir ve kalan s\u00fcre a\u00e7\u0131k\u00e7a g\u00f6sterilir. A\u015f\u0131r\u0131 ak\u0131m ve a\u015f\u0131r\u0131 \u0131s\u0131nmaya kar\u015f\u0131 elektriksel korumalar, uzun s\u00fcreli kullan\u0131m s\u0131ras\u0131nda bile istikrarl\u0131 s\u00fcr\u00fcc\u00fc performans\u0131n\u0131 destekler. \u015eeffaf bir g\u00fcvenlik korumas\u0131, \u00e7al\u0131\u015fma s\u0131ras\u0131nda operat\u00f6r\u00fcn korunmas\u0131n\u0131 art\u0131r\u0131r. Standart boyutlu dereceli silindirler, ak\u0131\u015f t\u00fcpleri ve kar\u0131\u015ft\u0131rma aksesuarlar\u0131 tamamen uyumludur.<\/span><\/p>","protected":false},"excerpt":{"rendered":"<p class=\"p3\"><span lang=\"TR\">Kum E\u015fde\u011fer \u00c7alkalay\u0131c\u0131, kum ve agrega numunelerindeki ince malzeme i\u00e7eri\u011fini de\u011ferlendirmek i\u00e7in Kum E\u015fde\u011fer Setine aksesuar olarak tasarlanm\u0131\u015f motor tahrikli, zaman kontroll\u00fc bir \u00e7alkalama cihaz\u0131d\u0131r. Rijit \u00e7er\u00e7evesi ve iyi dengelenmi\u015f kinematik sistemi, her testte ayn\u0131 strok ve h\u0131z de\u011ferlerini \u00fcreterek operat\u00f6r etkisini ortadan kald\u0131r\u0131r.<\/span><\/p>","protected":false},"featured_media":0,"template":"","meta":{"_acf_changed":false},"product_brand":[],"product_cat":[129,119],"product_tag":[],"class_list":{"0":"post-11334","1":"product","2":"type-product","3":"status-publish","5":"product_cat-sand-equivalent-test","6":"product_cat-soil-lab","9":"instock","10":"shipping-taxable","11":"product-type-simple"},"acf":[],"yoast_head":"<!-- This site is optimized with the Yoast SEO Premium plugin v26.5 (Yoast SEO v27.5) - https:\/\/yoast.com\/product\/yoast-seo-premium-wordpress\/ -->\n<title>Sand Equivalent Shaker - YKM TEST<\/title>\n<meta name=\"description\" content=\"Motor-driven Sand Equivalent Shaker designed for accurate, repeatable shaking of sand and aggregate samples. Ensures consistent stroke and speed for reliable fine material content analysis. Features digital timer, safety guard, and durable construction.\" \/>\n<meta name=\"robots\" content=\"index, follow, max-snippet:-1, max-image-preview:large, max-video-preview:-1\" \/>\n<link rel=\"canonical\" href=\"https:\/\/ykmtest.com\/tr\/urun\/sand-equivalent-shaker\/\" \/>\n<meta property=\"og:locale\" content=\"tr_TR\" \/>\n<meta property=\"og:type\" content=\"article\" \/>\n<meta property=\"og:title\" content=\"Sand Equivalent Shaker\" \/>\n<meta property=\"og:description\" content=\"Motor-driven Sand Equivalent Shaker designed for accurate, repeatable shaking of sand and aggregate samples. Ensures consistent stroke and speed for reliable fine material content analysis. Features digital timer, safety guard, and durable construction.\" \/>\n<meta property=\"og:url\" content=\"https:\/\/ykmtest.com\/tr\/urun\/sand-equivalent-shaker\/\" \/>\n<meta property=\"og:site_name\" content=\"YKM TEST\" \/>\n<meta property=\"article:modified_time\" content=\"2025-12-19T11:04:05+00:00\" \/>\n<meta name=\"twitter:card\" content=\"summary_large_image\" \/>\n<meta name=\"twitter:label1\" content=\"Fiyat\" \/>\n\t<meta name=\"twitter:data1\" content=\"\" \/>\n\t<meta name=\"twitter:label2\" content=\"Durumu\" \/>\n\t<meta name=\"twitter:data2\" content=\"Stokta var\" \/>\n<script type=\"application\/ld+json\" class=\"yoast-schema-graph\">{\"@context\":\"https:\\\/\\\/schema.org\",\"@graph\":[{\"@type\":\"WebPage\",\"@id\":\"https:\\\/\\\/ykmtest.com\\\/product\\\/sand-equivalent-shaker\\\/\",\"url\":\"https:\\\/\\\/ykmtest.com\\\/product\\\/sand-equivalent-shaker\\\/\",\"name\":\"Sand Equivalent Shaker - YKM TEST\",\"isPartOf\":{\"@id\":\"https:\\\/\\\/darkorchid-cheetah-525435.hostingersite.com\\\/#website\"},\"datePublished\":\"2025-12-19T11:04:04+00:00\",\"dateModified\":\"2025-12-19T11:04:05+00:00\",\"description\":\"Motor-driven Sand Equivalent Shaker designed for accurate, repeatable shaking of sand and aggregate samples. Ensures consistent stroke and speed for reliable fine material content analysis. Features digital timer, safety guard, and durable construction.\",\"breadcrumb\":{\"@id\":\"https:\\\/\\\/ykmtest.com\\\/product\\\/sand-equivalent-shaker\\\/#breadcrumb\"},\"inLanguage\":\"tr\",\"potentialAction\":[{\"@type\":\"ReadAction\",\"target\":[\"https:\\\/\\\/ykmtest.com\\\/product\\\/sand-equivalent-shaker\\\/\"]}]},{\"@type\":\"BreadcrumbList\",\"@id\":\"https:\\\/\\\/ykmtest.com\\\/product\\\/sand-equivalent-shaker\\\/#breadcrumb\",\"itemListElement\":[{\"@type\":\"ListItem\",\"position\":1,\"name\":\"Home\",\"item\":\"https:\\\/\\\/darkorchid-cheetah-525435.hostingersite.com\\\/\"},{\"@type\":\"ListItem\",\"position\":2,\"name\":\"\u0422\u043e\u0432\u0430\u0440\u044b\",\"item\":\"https:\\\/\\\/ykmtest.com\\\/ru\\\/shop\\\/\"},{\"@type\":\"ListItem\",\"position\":3,\"name\":\"Sand Equivalent Shaker\"}]},{\"@type\":\"WebSite\",\"@id\":\"https:\\\/\\\/darkorchid-cheetah-525435.hostingersite.com\\\/#website\",\"url\":\"https:\\\/\\\/darkorchid-cheetah-525435.hostingersite.com\\\/\",\"name\":\"YKM TEST\",\"description\":\"\",\"publisher\":{\"@id\":\"https:\\\/\\\/darkorchid-cheetah-525435.hostingersite.com\\\/#organization\"},\"potentialAction\":[{\"@type\":\"SearchAction\",\"target\":{\"@type\":\"EntryPoint\",\"urlTemplate\":\"https:\\\/\\\/darkorchid-cheetah-525435.hostingersite.com\\\/?s={search_term_string}\"},\"query-input\":{\"@type\":\"PropertyValueSpecification\",\"valueRequired\":true,\"valueName\":\"search_term_string\"}}],\"inLanguage\":\"tr\"},{\"@type\":[\"Organization\",\"Place\"],\"@id\":\"https:\\\/\\\/darkorchid-cheetah-525435.hostingersite.com\\\/#organization\",\"name\":\"YKM TEST\",\"url\":\"https:\\\/\\\/darkorchid-cheetah-525435.hostingersite.com\\\/\",\"logo\":{\"@id\":\"https:\\\/\\\/ykmtest.com\\\/product\\\/sand-equivalent-shaker\\\/#local-main-organization-logo\"},\"image\":{\"@id\":\"https:\\\/\\\/ykmtest.com\\\/product\\\/sand-equivalent-shaker\\\/#local-main-organization-logo\"},\"telephone\":[],\"openingHoursSpecification\":[{\"@type\":\"OpeningHoursSpecification\",\"dayOfWeek\":[\"Monday\",\"Tuesday\",\"Wednesday\",\"Thursday\",\"Friday\",\"Saturday\",\"Sunday\"],\"opens\":\"09:00\",\"closes\":\"17:00\"}]},{\"@type\":\"ImageObject\",\"inLanguage\":\"tr\",\"@id\":\"https:\\\/\\\/ykmtest.com\\\/product\\\/sand-equivalent-shaker\\\/#local-main-organization-logo\",\"url\":\"https:\\\/\\\/ykmtest.com\\\/wp-content\\\/uploads\\\/2025\\\/10\\\/Asset-2@2x-8.png\",\"contentUrl\":\"https:\\\/\\\/ykmtest.com\\\/wp-content\\\/uploads\\\/2025\\\/10\\\/Asset-2@2x-8.png\",\"width\":1550,\"height\":323,\"caption\":\"YKM TEST\"}]}<\/script>\n<meta property=\"product:price:currency\" content=\"USD\" \/>\n<meta property=\"og:availability\" content=\"instock\" \/>\n<meta property=\"product:availability\" content=\"instock\" \/>\n<meta property=\"product:condition\" content=\"new\" \/>\n<!-- \/ Yoast SEO Premium plugin. -->","yoast_head_json":{"title":"Sand Equivalent Shaker - YKM TEST","description":"Motor-driven Sand Equivalent Shaker designed for accurate, repeatable shaking of sand and aggregate samples. Ensures consistent stroke and speed for reliable fine material content analysis. Features digital timer, safety guard, and durable construction.","robots":{"index":"index","follow":"follow","max-snippet":"max-snippet:-1","max-image-preview":"max-image-preview:large","max-video-preview":"max-video-preview:-1"},"canonical":"https:\/\/ykmtest.com\/tr\/urun\/sand-equivalent-shaker\/","og_locale":"tr_TR","og_type":"article","og_title":"Sand Equivalent Shaker","og_description":"Motor-driven Sand Equivalent Shaker designed for accurate, repeatable shaking of sand and aggregate samples. Ensures consistent stroke and speed for reliable fine material content analysis. Features digital timer, safety guard, and durable construction.","og_url":"https:\/\/ykmtest.com\/tr\/urun\/sand-equivalent-shaker\/","og_site_name":"YKM TEST","article_modified_time":"2025-12-19T11:04:05+00:00","twitter_card":"summary_large_image","twitter_misc":{"Fiyat":"","Durumu":"Stokta var"},"schema":{"@context":"https:\/\/schema.org","@graph":[{"@type":"WebPage","@id":"https:\/\/ykmtest.com\/product\/sand-equivalent-shaker\/","url":"https:\/\/ykmtest.com\/product\/sand-equivalent-shaker\/","name":"Sand Equivalent Shaker - YKM TEST","isPartOf":{"@id":"https:\/\/darkorchid-cheetah-525435.hostingersite.com\/#website"},"datePublished":"2025-12-19T11:04:04+00:00","dateModified":"2025-12-19T11:04:05+00:00","description":"Motor-driven Sand Equivalent Shaker designed for accurate, repeatable shaking of sand and aggregate samples. Ensures consistent stroke and speed for reliable fine material content analysis. Features digital timer, safety guard, and durable construction.","breadcrumb":{"@id":"https:\/\/ykmtest.com\/product\/sand-equivalent-shaker\/#breadcrumb"},"inLanguage":"tr","potentialAction":[{"@type":"ReadAction","target":["https:\/\/ykmtest.com\/product\/sand-equivalent-shaker\/"]}]},{"@type":"BreadcrumbList","@id":"https:\/\/ykmtest.com\/product\/sand-equivalent-shaker\/#breadcrumb","itemListElement":[{"@type":"ListItem","position":1,"name":"Home","item":"https:\/\/darkorchid-cheetah-525435.hostingersite.com\/"},{"@type":"ListItem","position":2,"name":"\u0422\u043e\u0432\u0430\u0440\u044b","item":"https:\/\/ykmtest.com\/ru\/shop\/"},{"@type":"ListItem","position":3,"name":"Sand Equivalent Shaker"}]},{"@type":"WebSite","@id":"https:\/\/darkorchid-cheetah-525435.hostingersite.com\/#website","url":"https:\/\/darkorchid-cheetah-525435.hostingersite.com\/","name":"YKM TEST\u0130","description":"","publisher":{"@id":"https:\/\/darkorchid-cheetah-525435.hostingersite.com\/#organization"},"potentialAction":[{"@type":"SearchAction","target":{"@type":"EntryPoint","urlTemplate":"https:\/\/darkorchid-cheetah-525435.hostingersite.com\/?s={search_term_string}"},"query-input":{"@type":"PropertyValueSpecification","valueRequired":true,"valueName":"search_term_string"}}],"inLanguage":"tr"},{"@type":["Organization","Place"],"@id":"https:\/\/darkorchid-cheetah-525435.hostingersite.com\/#organization","name":"YKM TEST\u0130","url":"https:\/\/darkorchid-cheetah-525435.hostingersite.com\/","logo":{"@id":"https:\/\/ykmtest.com\/product\/sand-equivalent-shaker\/#local-main-organization-logo"},"image":{"@id":"https:\/\/ykmtest.com\/product\/sand-equivalent-shaker\/#local-main-organization-logo"},"telephone":[],"openingHoursSpecification":[{"@type":"OpeningHoursSpecification","dayOfWeek":["Monday","Tuesday","Wednesday","Thursday","Friday","Saturday","Sunday"],"opens":"09:00","closes":"17:00"}]},{"@type":"ImageObject","inLanguage":"tr","@id":"https:\/\/ykmtest.com\/product\/sand-equivalent-shaker\/#local-main-organization-logo","url":"https:\/\/ykmtest.com\/wp-content\/uploads\/2025\/10\/Asset-2@2x-8.png","contentUrl":"https:\/\/ykmtest.com\/wp-content\/uploads\/2025\/10\/Asset-2@2x-8.png","width":1550,"height":323,"caption":"YKM TEST"}]},"product_price_currency":"USD","og_availability":"instock","product_availability":"instock","product_condition":"new"},"_links":{"self":[{"href":"https:\/\/ykmtest.com\/tr\/wp-json\/wp\/v2\/product\/11334","targetHints":{"allow":["GET"]}}],"collection":[{"href":"https:\/\/ykmtest.com\/tr\/wp-json\/wp\/v2\/product"}],"about":[{"href":"https:\/\/ykmtest.com\/tr\/wp-json\/wp\/v2\/types\/product"}],"version-history":[{"count":1,"href":"https:\/\/ykmtest.com\/tr\/wp-json\/wp\/v2\/product\/11334\/revisions"}],"predecessor-version":[{"id":11335,"href":"https:\/\/ykmtest.com\/tr\/wp-json\/wp\/v2\/product\/11334\/revisions\/11335"}],"wp:attachment":[{"href":"https:\/\/ykmtest.com\/tr\/wp-json\/wp\/v2\/media?parent=11334"}],"wp:term":[{"taxonomy":"product_brand","embeddable":true,"href":"https:\/\/ykmtest.com\/tr\/wp-json\/wp\/v2\/product_brand?post=11334"},{"taxonomy":"product_cat","embeddable":true,"href":"https:\/\/ykmtest.com\/tr\/wp-json\/wp\/v2\/product_cat?post=11334"},{"taxonomy":"product_tag","embeddable":true,"href":"https:\/\/ykmtest.com\/tr\/wp-json\/wp\/v2\/product_tag?post=11334"}],"curies":[{"name":"wp","href":"https:\/\/api.w.org\/{rel}","templated":true}]}}