{"id":11346,"date":"2025-12-19T11:53:22","date_gmt":"2025-12-19T11:53:22","guid":{"rendered":"https:\/\/ykmtest.com\/?post_type=product&#038;p=11346"},"modified":"2025-12-19T11:57:35","modified_gmt":"2025-12-19T11:57:35","slug":"sample-splitters-riffle-type","status":"publish","type":"product","link":"https:\/\/ykmtest.com\/tr\/urun\/sample-splitters-riffle-type\/","title":{"rendered":"\u00d6rnek Ay\u0131r\u0131c\u0131lar, Riffle-Tipi"},"content":{"rendered":"<p>\u015eut tertibat\u0131, e\u015fit boyutlu, \u00e7ift tarafl\u0131 kanallardan olu\u015fur. Kanal geni\u015flikleri maksimum partik\u00fcl boyutuna g\u00f6re se\u00e7ilerek k\u00f6pr\u00fcleme en aza indirilir ve s\u00fcrekli ak\u0131\u015f sa\u011flan\u0131r. Yan ta\u015f\u0131ma kollar\u0131 ve kilitleme elemanlar\u0131, saha i\u00e7inde yer de\u011fi\u015ftirme kolayl\u0131\u011f\u0131n\u0131 art\u0131r\u0131r. Farkl\u0131 partik\u00fcl boyutu aral\u0131klar\u0131na ve parti kapasitelerine uyum sa\u011flamak i\u00e7in \u00e7e\u015fitli oluk geni\u015flikleri ve kanal konfig\u00fcrasyonlar\u0131 mevcuttur. Sistem, hassas b\u00f6lme sa\u011flayan bir dizi e\u015fit geni\u015flikte oluk kullan\u0131r. Geni\u015f \u00fcst besleme hunisi malzemeyi e\u015fit bir \u015fekilde da\u011f\u0131t\u0131rken, oluklar iki tarafa de\u011fi\u015ferek her ge\u00e7i\u015fte iki e\u015fit porsiyon \u00fcretir.<\/p>","protected":false},"excerpt":{"rendered":"<p>Riffle-Tipi Numune Ay\u0131r\u0131c\u0131lar, b\u00fcy\u00fck iri agrega ve gran\u00fcl malzeme y\u0131\u011f\u0131nlar\u0131n\u0131n temsili test numunelerine h\u0131zl\u0131 ve g\u00fcvenilir bir \u015fekilde ayr\u0131lmas\u0131 i\u00e7in tasarlanm\u0131\u015ft\u0131r.<\/p>","protected":false},"featured_media":0,"template":"","meta":{"_acf_changed":false},"product_brand":[],"product_cat":[135,136],"product_tag":[],"class_list":{"0":"post-11346","1":"product","2":"type-product","3":"status-publish","5":"product_cat-aggregate","6":"product_cat-sample-preparation-aggregate","9":"instock","10":"shipping-taxable","11":"product-type-simple"},"acf":[],"yoast_head":"<!-- This site is optimized with the Yoast SEO Premium plugin v26.5 (Yoast SEO v27.5) - https:\/\/yoast.com\/product\/yoast-seo-premium-wordpress\/ -->\n<title>Sample Splitters, Riffle-Type - YKM TEST<\/title>\n<meta name=\"description\" content=\"Reliable Riffle-Type Sample Splitters for fast separation of coarse aggregates. Adjustable chutes ensure precise and uniform sample division.\" \/>\n<meta name=\"robots\" content=\"index, follow, max-snippet:-1, max-image-preview:large, max-video-preview:-1\" \/>\n<link rel=\"canonical\" href=\"https:\/\/ykmtest.com\/tr\/urun\/sample-splitters-riffle-type\/\" \/>\n<meta property=\"og:locale\" content=\"tr_TR\" \/>\n<meta property=\"og:type\" content=\"article\" \/>\n<meta property=\"og:title\" content=\"Sample Splitters, Riffle-Type\" \/>\n<meta property=\"og:description\" content=\"Reliable Riffle-Type Sample Splitters for fast separation of coarse aggregates. Adjustable chutes ensure precise and uniform sample division.\" \/>\n<meta property=\"og:url\" content=\"https:\/\/ykmtest.com\/tr\/urun\/sample-splitters-riffle-type\/\" \/>\n<meta property=\"og:site_name\" content=\"YKM TEST\" \/>\n<meta property=\"article:modified_time\" content=\"2025-12-19T11:57:35+00:00\" \/>\n<meta name=\"twitter:card\" content=\"summary_large_image\" \/>\n<meta name=\"twitter:label1\" content=\"Fiyat\" \/>\n\t<meta name=\"twitter:data1\" content=\"\" \/>\n\t<meta name=\"twitter:label2\" content=\"Durumu\" \/>\n\t<meta name=\"twitter:data2\" content=\"Stokta var\" \/>\n<script type=\"application\/ld+json\" class=\"yoast-schema-graph\">{\"@context\":\"https:\\\/\\\/schema.org\",\"@graph\":[{\"@type\":\"WebPage\",\"@id\":\"https:\\\/\\\/ykmtest.com\\\/product\\\/sample-splitters-riffle-type\\\/\",\"url\":\"https:\\\/\\\/ykmtest.com\\\/product\\\/sample-splitters-riffle-type\\\/\",\"name\":\"Sample Splitters, Riffle-Type - YKM TEST\",\"isPartOf\":{\"@id\":\"https:\\\/\\\/darkorchid-cheetah-525435.hostingersite.com\\\/#website\"},\"datePublished\":\"2025-12-19T11:53:22+00:00\",\"dateModified\":\"2025-12-19T11:57:35+00:00\",\"description\":\"Reliable Riffle-Type Sample Splitters for fast separation of coarse aggregates. Adjustable chutes ensure precise and uniform sample division.\",\"breadcrumb\":{\"@id\":\"https:\\\/\\\/ykmtest.com\\\/product\\\/sample-splitters-riffle-type\\\/#breadcrumb\"},\"inLanguage\":\"tr\",\"potentialAction\":[{\"@type\":\"ReadAction\",\"target\":[\"https:\\\/\\\/ykmtest.com\\\/product\\\/sample-splitters-riffle-type\\\/\"]}]},{\"@type\":\"BreadcrumbList\",\"@id\":\"https:\\\/\\\/ykmtest.com\\\/product\\\/sample-splitters-riffle-type\\\/#breadcrumb\",\"itemListElement\":[{\"@type\":\"ListItem\",\"position\":1,\"name\":\"Home\",\"item\":\"https:\\\/\\\/darkorchid-cheetah-525435.hostingersite.com\\\/\"},{\"@type\":\"ListItem\",\"position\":2,\"name\":\"\u0422\u043e\u0432\u0430\u0440\u044b\",\"item\":\"https:\\\/\\\/ykmtest.com\\\/ru\\\/shop\\\/\"},{\"@type\":\"ListItem\",\"position\":3,\"name\":\"Sample Splitters, Riffle-Type\"}]},{\"@type\":\"WebSite\",\"@id\":\"https:\\\/\\\/darkorchid-cheetah-525435.hostingersite.com\\\/#website\",\"url\":\"https:\\\/\\\/darkorchid-cheetah-525435.hostingersite.com\\\/\",\"name\":\"YKM TEST\",\"description\":\"\",\"publisher\":{\"@id\":\"https:\\\/\\\/darkorchid-cheetah-525435.hostingersite.com\\\/#organization\"},\"potentialAction\":[{\"@type\":\"SearchAction\",\"target\":{\"@type\":\"EntryPoint\",\"urlTemplate\":\"https:\\\/\\\/darkorchid-cheetah-525435.hostingersite.com\\\/?s={search_term_string}\"},\"query-input\":{\"@type\":\"PropertyValueSpecification\",\"valueRequired\":true,\"valueName\":\"search_term_string\"}}],\"inLanguage\":\"tr\"},{\"@type\":[\"Organization\",\"Place\"],\"@id\":\"https:\\\/\\\/darkorchid-cheetah-525435.hostingersite.com\\\/#organization\",\"name\":\"YKM TEST\",\"url\":\"https:\\\/\\\/darkorchid-cheetah-525435.hostingersite.com\\\/\",\"logo\":{\"@id\":\"https:\\\/\\\/ykmtest.com\\\/product\\\/sample-splitters-riffle-type\\\/#local-main-organization-logo\"},\"image\":{\"@id\":\"https:\\\/\\\/ykmtest.com\\\/product\\\/sample-splitters-riffle-type\\\/#local-main-organization-logo\"},\"telephone\":[],\"openingHoursSpecification\":[{\"@type\":\"OpeningHoursSpecification\",\"dayOfWeek\":[\"Monday\",\"Tuesday\",\"Wednesday\",\"Thursday\",\"Friday\",\"Saturday\",\"Sunday\"],\"opens\":\"09:00\",\"closes\":\"17:00\"}]},{\"@type\":\"ImageObject\",\"inLanguage\":\"tr\",\"@id\":\"https:\\\/\\\/ykmtest.com\\\/product\\\/sample-splitters-riffle-type\\\/#local-main-organization-logo\",\"url\":\"https:\\\/\\\/ykmtest.com\\\/wp-content\\\/uploads\\\/2025\\\/10\\\/Asset-2@2x-8.png\",\"contentUrl\":\"https:\\\/\\\/ykmtest.com\\\/wp-content\\\/uploads\\\/2025\\\/10\\\/Asset-2@2x-8.png\",\"width\":1550,\"height\":323,\"caption\":\"YKM TEST\"}]}<\/script>\n<meta property=\"product:price:currency\" content=\"USD\" \/>\n<meta property=\"og:availability\" content=\"instock\" \/>\n<meta property=\"product:availability\" content=\"instock\" \/>\n<meta property=\"product:condition\" content=\"new\" \/>\n<!-- \/ Yoast SEO Premium plugin. -->","yoast_head_json":{"title":"Sample Splitters, Riffle-Type - YKM TEST","description":"Reliable Riffle-Type Sample Splitters for fast separation of coarse aggregates. Adjustable chutes ensure precise and uniform sample division.","robots":{"index":"index","follow":"follow","max-snippet":"max-snippet:-1","max-image-preview":"max-image-preview:large","max-video-preview":"max-video-preview:-1"},"canonical":"https:\/\/ykmtest.com\/tr\/urun\/sample-splitters-riffle-type\/","og_locale":"tr_TR","og_type":"article","og_title":"Sample Splitters, Riffle-Type","og_description":"Reliable Riffle-Type Sample Splitters for fast separation of coarse aggregates. Adjustable chutes ensure precise and uniform sample division.","og_url":"https:\/\/ykmtest.com\/tr\/urun\/sample-splitters-riffle-type\/","og_site_name":"YKM TEST","article_modified_time":"2025-12-19T11:57:35+00:00","twitter_card":"summary_large_image","twitter_misc":{"Fiyat":"","Durumu":"Stokta var"},"schema":{"@context":"https:\/\/schema.org","@graph":[{"@type":"WebPage","@id":"https:\/\/ykmtest.com\/product\/sample-splitters-riffle-type\/","url":"https:\/\/ykmtest.com\/product\/sample-splitters-riffle-type\/","name":"Sample Splitters, Riffle-Type - YKM TEST","isPartOf":{"@id":"https:\/\/darkorchid-cheetah-525435.hostingersite.com\/#website"},"datePublished":"2025-12-19T11:53:22+00:00","dateModified":"2025-12-19T11:57:35+00:00","description":"Reliable Riffle-Type Sample Splitters for fast separation of coarse aggregates. Adjustable chutes ensure precise and uniform sample division.","breadcrumb":{"@id":"https:\/\/ykmtest.com\/product\/sample-splitters-riffle-type\/#breadcrumb"},"inLanguage":"tr","potentialAction":[{"@type":"ReadAction","target":["https:\/\/ykmtest.com\/product\/sample-splitters-riffle-type\/"]}]},{"@type":"BreadcrumbList","@id":"https:\/\/ykmtest.com\/product\/sample-splitters-riffle-type\/#breadcrumb","itemListElement":[{"@type":"ListItem","position":1,"name":"Home","item":"https:\/\/darkorchid-cheetah-525435.hostingersite.com\/"},{"@type":"ListItem","position":2,"name":"\u0422\u043e\u0432\u0430\u0440\u044b","item":"https:\/\/ykmtest.com\/ru\/shop\/"},{"@type":"ListItem","position":3,"name":"Sample Splitters, Riffle-Type"}]},{"@type":"WebSite","@id":"https:\/\/darkorchid-cheetah-525435.hostingersite.com\/#website","url":"https:\/\/darkorchid-cheetah-525435.hostingersite.com\/","name":"YKM TEST\u0130","description":"","publisher":{"@id":"https:\/\/darkorchid-cheetah-525435.hostingersite.com\/#organization"},"potentialAction":[{"@type":"SearchAction","target":{"@type":"EntryPoint","urlTemplate":"https:\/\/darkorchid-cheetah-525435.hostingersite.com\/?s={search_term_string}"},"query-input":{"@type":"PropertyValueSpecification","valueRequired":true,"valueName":"search_term_string"}}],"inLanguage":"tr"},{"@type":["Organization","Place"],"@id":"https:\/\/darkorchid-cheetah-525435.hostingersite.com\/#organization","name":"YKM TEST\u0130","url":"https:\/\/darkorchid-cheetah-525435.hostingersite.com\/","logo":{"@id":"https:\/\/ykmtest.com\/product\/sample-splitters-riffle-type\/#local-main-organization-logo"},"image":{"@id":"https:\/\/ykmtest.com\/product\/sample-splitters-riffle-type\/#local-main-organization-logo"},"telephone":[],"openingHoursSpecification":[{"@type":"OpeningHoursSpecification","dayOfWeek":["Monday","Tuesday","Wednesday","Thursday","Friday","Saturday","Sunday"],"opens":"09:00","closes":"17:00"}]},{"@type":"ImageObject","inLanguage":"tr","@id":"https:\/\/ykmtest.com\/product\/sample-splitters-riffle-type\/#local-main-organization-logo","url":"https:\/\/ykmtest.com\/wp-content\/uploads\/2025\/10\/Asset-2@2x-8.png","contentUrl":"https:\/\/ykmtest.com\/wp-content\/uploads\/2025\/10\/Asset-2@2x-8.png","width":1550,"height":323,"caption":"YKM TEST"}]},"product_price_currency":"USD","og_availability":"instock","product_availability":"instock","product_condition":"new"},"_links":{"self":[{"href":"https:\/\/ykmtest.com\/tr\/wp-json\/wp\/v2\/product\/11346","targetHints":{"allow":["GET"]}}],"collection":[{"href":"https:\/\/ykmtest.com\/tr\/wp-json\/wp\/v2\/product"}],"about":[{"href":"https:\/\/ykmtest.com\/tr\/wp-json\/wp\/v2\/types\/product"}],"version-history":[{"count":3,"href":"https:\/\/ykmtest.com\/tr\/wp-json\/wp\/v2\/product\/11346\/revisions"}],"predecessor-version":[{"id":11349,"href":"https:\/\/ykmtest.com\/tr\/wp-json\/wp\/v2\/product\/11346\/revisions\/11349"}],"wp:attachment":[{"href":"https:\/\/ykmtest.com\/tr\/wp-json\/wp\/v2\/media?parent=11346"}],"wp:term":[{"taxonomy":"product_brand","embeddable":true,"href":"https:\/\/ykmtest.com\/tr\/wp-json\/wp\/v2\/product_brand?post=11346"},{"taxonomy":"product_cat","embeddable":true,"href":"https:\/\/ykmtest.com\/tr\/wp-json\/wp\/v2\/product_cat?post=11346"},{"taxonomy":"product_tag","embeddable":true,"href":"https:\/\/ykmtest.com\/tr\/wp-json\/wp\/v2\/product_tag?post=11346"}],"curies":[{"name":"wp","href":"https:\/\/api.w.org\/{rel}","templated":true}]}}