{"id":11352,"date":"2025-12-19T12:16:54","date_gmt":"2025-12-19T12:16:54","guid":{"rendered":"https:\/\/ykmtest.com\/?post_type=product&#038;p=11352"},"modified":"2025-12-19T12:16:55","modified_gmt":"2025-12-19T12:16:55","slug":"flakiness-index-sieve-sets-bs","status":"publish","type":"product","link":"https:\/\/ykmtest.com\/tr\/urun\/flakiness-index-sieve-sets-bs\/","title":{"rendered":"Pullanma \u0130ndeksi Elek Setleri BS"},"content":{"rendered":"<p>Set, 6,3 mm'den 63 mm'ye kadar numuneler i\u00e7in uygun 7 elekten olu\u015fur. Her \u00e7er\u00e7eve, yuva boyutu ve kar\u015f\u0131l\u0131k gelen elek boyutunun a\u00e7\u0131k\u00e7a belirtildi\u011fi kal\u0131c\u0131 i\u015faretler ta\u015f\u0131r. \u00c7elik g\u00f6vdeler korozyona dayan\u0131kl\u0131 kaplamaya sahiptir. \u0130stiflenebilir tasar\u0131m depolama alan\u0131n\u0131 en aza indirir. Gerekirse, \u00e7e\u015fitli agrega derecelendirmelerine uyacak \u015fekilde ayn\u0131 \u00e7er\u00e7eve tasar\u0131m\u0131 \u00fczerinde farkl\u0131 yuva boyutu kombinasyonlar\u0131 yap\u0131land\u0131r\u0131labilir.<\/p>","protected":false},"excerpt":{"rendered":"<p class=\"p3\"><span lang=\"TR\">Flakiness Index Sieve Set BS, agrega partik\u00fcllerinin flakiness oran\u0131n\u0131 belirlemek i\u00e7in tasarlanm\u0131\u015f BS 812 uyumlu bir elek setidir. Hassas i\u015flenmi\u015f yuva a\u00e7\u0131kl\u0131klar\u0131, her bir elek \u00e7iftinin ara boyutuna kar\u015f\u0131l\u0131k gelen kal\u0131nl\u0131k kriterlerine dayan\u0131r ve farkl\u0131 partik\u00fcl fraksiyonlar\u0131 aras\u0131nda tekrarlanabilir s\u0131n\u0131fland\u0131rma sa\u011flar.<\/span><\/p>","protected":false},"featured_media":0,"template":"","meta":{"_acf_changed":false},"product_brand":[],"product_cat":[135,137],"product_tag":[],"class_list":{"0":"post-11352","1":"product","2":"type-product","3":"status-publish","5":"product_cat-aggregate","6":"product_cat-classification","9":"instock","10":"shipping-taxable","11":"product-type-simple"},"acf":[],"yoast_head":"<!-- This site is optimized with the Yoast SEO Premium plugin v26.5 (Yoast SEO v27.5) - https:\/\/yoast.com\/product\/yoast-seo-premium-wordpress\/ -->\n<title>Flakiness Index Sieve Sets BS - YKM TEST<\/title>\n<meta name=\"description\" content=\"Reliable Flakiness Index Sieve Set BS (BS 812-compliant) for accurate determination of flakiness ratio in aggregate particles. Precision-machined slots ensure repeatable results.\" \/>\n<meta name=\"robots\" content=\"index, follow, max-snippet:-1, max-image-preview:large, max-video-preview:-1\" \/>\n<link rel=\"canonical\" href=\"https:\/\/ykmtest.com\/tr\/urun\/flakiness-index-sieve-sets-bs\/\" \/>\n<meta property=\"og:locale\" content=\"tr_TR\" \/>\n<meta property=\"og:type\" content=\"article\" \/>\n<meta property=\"og:title\" content=\"Flakiness Index Sieve Sets BS\" \/>\n<meta property=\"og:description\" content=\"Reliable Flakiness Index Sieve Set BS (BS 812-compliant) for accurate determination of flakiness ratio in aggregate particles. Precision-machined slots ensure repeatable results.\" \/>\n<meta property=\"og:url\" content=\"https:\/\/ykmtest.com\/tr\/urun\/flakiness-index-sieve-sets-bs\/\" \/>\n<meta property=\"og:site_name\" content=\"YKM TEST\" \/>\n<meta property=\"article:modified_time\" content=\"2025-12-19T12:16:55+00:00\" \/>\n<meta name=\"twitter:card\" content=\"summary_large_image\" \/>\n<meta name=\"twitter:label1\" content=\"Fiyat\" \/>\n\t<meta name=\"twitter:data1\" content=\"\" \/>\n\t<meta name=\"twitter:label2\" content=\"Durumu\" \/>\n\t<meta name=\"twitter:data2\" content=\"Stokta var\" \/>\n<script type=\"application\/ld+json\" class=\"yoast-schema-graph\">{\"@context\":\"https:\\\/\\\/schema.org\",\"@graph\":[{\"@type\":\"WebPage\",\"@id\":\"https:\\\/\\\/ykmtest.com\\\/product\\\/flakiness-index-sieve-sets-bs\\\/\",\"url\":\"https:\\\/\\\/ykmtest.com\\\/product\\\/flakiness-index-sieve-sets-bs\\\/\",\"name\":\"Flakiness Index Sieve Sets BS - YKM TEST\",\"isPartOf\":{\"@id\":\"https:\\\/\\\/darkorchid-cheetah-525435.hostingersite.com\\\/#website\"},\"datePublished\":\"2025-12-19T12:16:54+00:00\",\"dateModified\":\"2025-12-19T12:16:55+00:00\",\"description\":\"Reliable Flakiness Index Sieve Set BS (BS 812-compliant) for accurate determination of flakiness ratio in aggregate particles. Precision-machined slots ensure repeatable results.\",\"breadcrumb\":{\"@id\":\"https:\\\/\\\/ykmtest.com\\\/product\\\/flakiness-index-sieve-sets-bs\\\/#breadcrumb\"},\"inLanguage\":\"tr\",\"potentialAction\":[{\"@type\":\"ReadAction\",\"target\":[\"https:\\\/\\\/ykmtest.com\\\/product\\\/flakiness-index-sieve-sets-bs\\\/\"]}]},{\"@type\":\"BreadcrumbList\",\"@id\":\"https:\\\/\\\/ykmtest.com\\\/product\\\/flakiness-index-sieve-sets-bs\\\/#breadcrumb\",\"itemListElement\":[{\"@type\":\"ListItem\",\"position\":1,\"name\":\"Home\",\"item\":\"https:\\\/\\\/darkorchid-cheetah-525435.hostingersite.com\\\/\"},{\"@type\":\"ListItem\",\"position\":2,\"name\":\"\u0422\u043e\u0432\u0430\u0440\u044b\",\"item\":\"https:\\\/\\\/ykmtest.com\\\/ru\\\/shop\\\/\"},{\"@type\":\"ListItem\",\"position\":3,\"name\":\"Flakiness Index Sieve Sets BS\"}]},{\"@type\":\"WebSite\",\"@id\":\"https:\\\/\\\/darkorchid-cheetah-525435.hostingersite.com\\\/#website\",\"url\":\"https:\\\/\\\/darkorchid-cheetah-525435.hostingersite.com\\\/\",\"name\":\"YKM TEST\",\"description\":\"\",\"publisher\":{\"@id\":\"https:\\\/\\\/darkorchid-cheetah-525435.hostingersite.com\\\/#organization\"},\"potentialAction\":[{\"@type\":\"SearchAction\",\"target\":{\"@type\":\"EntryPoint\",\"urlTemplate\":\"https:\\\/\\\/darkorchid-cheetah-525435.hostingersite.com\\\/?s={search_term_string}\"},\"query-input\":{\"@type\":\"PropertyValueSpecification\",\"valueRequired\":true,\"valueName\":\"search_term_string\"}}],\"inLanguage\":\"tr\"},{\"@type\":[\"Organization\",\"Place\"],\"@id\":\"https:\\\/\\\/darkorchid-cheetah-525435.hostingersite.com\\\/#organization\",\"name\":\"YKM TEST\",\"url\":\"https:\\\/\\\/darkorchid-cheetah-525435.hostingersite.com\\\/\",\"logo\":{\"@id\":\"https:\\\/\\\/ykmtest.com\\\/product\\\/flakiness-index-sieve-sets-bs\\\/#local-main-organization-logo\"},\"image\":{\"@id\":\"https:\\\/\\\/ykmtest.com\\\/product\\\/flakiness-index-sieve-sets-bs\\\/#local-main-organization-logo\"},\"telephone\":[],\"openingHoursSpecification\":[{\"@type\":\"OpeningHoursSpecification\",\"dayOfWeek\":[\"Monday\",\"Tuesday\",\"Wednesday\",\"Thursday\",\"Friday\",\"Saturday\",\"Sunday\"],\"opens\":\"09:00\",\"closes\":\"17:00\"}]},{\"@type\":\"ImageObject\",\"inLanguage\":\"tr\",\"@id\":\"https:\\\/\\\/ykmtest.com\\\/product\\\/flakiness-index-sieve-sets-bs\\\/#local-main-organization-logo\",\"url\":\"https:\\\/\\\/ykmtest.com\\\/wp-content\\\/uploads\\\/2025\\\/10\\\/Asset-2@2x-8.png\",\"contentUrl\":\"https:\\\/\\\/ykmtest.com\\\/wp-content\\\/uploads\\\/2025\\\/10\\\/Asset-2@2x-8.png\",\"width\":1550,\"height\":323,\"caption\":\"YKM TEST\"}]}<\/script>\n<meta property=\"product:price:currency\" content=\"USD\" \/>\n<meta property=\"og:availability\" content=\"instock\" \/>\n<meta property=\"product:availability\" content=\"instock\" \/>\n<meta property=\"product:condition\" content=\"new\" \/>\n<!-- \/ Yoast SEO Premium plugin. -->","yoast_head_json":{"title":"Flakiness Index Sieve Sets BS - YKM TEST","description":"Reliable Flakiness Index Sieve Set BS (BS 812-compliant) for accurate determination of flakiness ratio in aggregate particles. Precision-machined slots ensure repeatable results.","robots":{"index":"index","follow":"follow","max-snippet":"max-snippet:-1","max-image-preview":"max-image-preview:large","max-video-preview":"max-video-preview:-1"},"canonical":"https:\/\/ykmtest.com\/tr\/urun\/flakiness-index-sieve-sets-bs\/","og_locale":"tr_TR","og_type":"article","og_title":"Flakiness Index Sieve Sets BS","og_description":"Reliable Flakiness Index Sieve Set BS (BS 812-compliant) for accurate determination of flakiness ratio in aggregate particles. Precision-machined slots ensure repeatable results.","og_url":"https:\/\/ykmtest.com\/tr\/urun\/flakiness-index-sieve-sets-bs\/","og_site_name":"YKM TEST","article_modified_time":"2025-12-19T12:16:55+00:00","twitter_card":"summary_large_image","twitter_misc":{"Fiyat":"","Durumu":"Stokta var"},"schema":{"@context":"https:\/\/schema.org","@graph":[{"@type":"WebPage","@id":"https:\/\/ykmtest.com\/product\/flakiness-index-sieve-sets-bs\/","url":"https:\/\/ykmtest.com\/product\/flakiness-index-sieve-sets-bs\/","name":"Flakiness Index Sieve Sets BS - YKM TEST","isPartOf":{"@id":"https:\/\/darkorchid-cheetah-525435.hostingersite.com\/#website"},"datePublished":"2025-12-19T12:16:54+00:00","dateModified":"2025-12-19T12:16:55+00:00","description":"Reliable Flakiness Index Sieve Set BS (BS 812-compliant) for accurate determination of flakiness ratio in aggregate particles. Precision-machined slots ensure repeatable results.","breadcrumb":{"@id":"https:\/\/ykmtest.com\/product\/flakiness-index-sieve-sets-bs\/#breadcrumb"},"inLanguage":"tr","potentialAction":[{"@type":"ReadAction","target":["https:\/\/ykmtest.com\/product\/flakiness-index-sieve-sets-bs\/"]}]},{"@type":"BreadcrumbList","@id":"https:\/\/ykmtest.com\/product\/flakiness-index-sieve-sets-bs\/#breadcrumb","itemListElement":[{"@type":"ListItem","position":1,"name":"Home","item":"https:\/\/darkorchid-cheetah-525435.hostingersite.com\/"},{"@type":"ListItem","position":2,"name":"\u0422\u043e\u0432\u0430\u0440\u044b","item":"https:\/\/ykmtest.com\/ru\/shop\/"},{"@type":"ListItem","position":3,"name":"Flakiness Index Sieve Sets BS"}]},{"@type":"WebSite","@id":"https:\/\/darkorchid-cheetah-525435.hostingersite.com\/#website","url":"https:\/\/darkorchid-cheetah-525435.hostingersite.com\/","name":"YKM TEST\u0130","description":"","publisher":{"@id":"https:\/\/darkorchid-cheetah-525435.hostingersite.com\/#organization"},"potentialAction":[{"@type":"SearchAction","target":{"@type":"EntryPoint","urlTemplate":"https:\/\/darkorchid-cheetah-525435.hostingersite.com\/?s={search_term_string}"},"query-input":{"@type":"PropertyValueSpecification","valueRequired":true,"valueName":"search_term_string"}}],"inLanguage":"tr"},{"@type":["Organization","Place"],"@id":"https:\/\/darkorchid-cheetah-525435.hostingersite.com\/#organization","name":"YKM TEST\u0130","url":"https:\/\/darkorchid-cheetah-525435.hostingersite.com\/","logo":{"@id":"https:\/\/ykmtest.com\/product\/flakiness-index-sieve-sets-bs\/#local-main-organization-logo"},"image":{"@id":"https:\/\/ykmtest.com\/product\/flakiness-index-sieve-sets-bs\/#local-main-organization-logo"},"telephone":[],"openingHoursSpecification":[{"@type":"OpeningHoursSpecification","dayOfWeek":["Monday","Tuesday","Wednesday","Thursday","Friday","Saturday","Sunday"],"opens":"09:00","closes":"17:00"}]},{"@type":"ImageObject","inLanguage":"tr","@id":"https:\/\/ykmtest.com\/product\/flakiness-index-sieve-sets-bs\/#local-main-organization-logo","url":"https:\/\/ykmtest.com\/wp-content\/uploads\/2025\/10\/Asset-2@2x-8.png","contentUrl":"https:\/\/ykmtest.com\/wp-content\/uploads\/2025\/10\/Asset-2@2x-8.png","width":1550,"height":323,"caption":"YKM TEST"}]},"product_price_currency":"USD","og_availability":"instock","product_availability":"instock","product_condition":"new"},"_links":{"self":[{"href":"https:\/\/ykmtest.com\/tr\/wp-json\/wp\/v2\/product\/11352","targetHints":{"allow":["GET"]}}],"collection":[{"href":"https:\/\/ykmtest.com\/tr\/wp-json\/wp\/v2\/product"}],"about":[{"href":"https:\/\/ykmtest.com\/tr\/wp-json\/wp\/v2\/types\/product"}],"version-history":[{"count":1,"href":"https:\/\/ykmtest.com\/tr\/wp-json\/wp\/v2\/product\/11352\/revisions"}],"predecessor-version":[{"id":11353,"href":"https:\/\/ykmtest.com\/tr\/wp-json\/wp\/v2\/product\/11352\/revisions\/11353"}],"wp:attachment":[{"href":"https:\/\/ykmtest.com\/tr\/wp-json\/wp\/v2\/media?parent=11352"}],"wp:term":[{"taxonomy":"product_brand","embeddable":true,"href":"https:\/\/ykmtest.com\/tr\/wp-json\/wp\/v2\/product_brand?post=11352"},{"taxonomy":"product_cat","embeddable":true,"href":"https:\/\/ykmtest.com\/tr\/wp-json\/wp\/v2\/product_cat?post=11352"},{"taxonomy":"product_tag","embeddable":true,"href":"https:\/\/ykmtest.com\/tr\/wp-json\/wp\/v2\/product_tag?post=11352"}],"curies":[{"name":"wp","href":"https:\/\/api.w.org\/{rel}","templated":true}]}}