{"id":11355,"date":"2025-12-19T12:52:05","date_gmt":"2025-12-19T12:52:05","guid":{"rendered":"https:\/\/ykmtest.com\/?post_type=product&#038;p=11355"},"modified":"2025-12-19T12:52:06","modified_gmt":"2025-12-19T12:52:06","slug":"grid-sieve-sets-flakiness-index-sieve-en","status":"publish","type":"product","link":"https:\/\/ykmtest.com\/tr\/urun\/grid-sieve-sets-flakiness-index-sieve-en\/","title":{"rendered":"Izgara Elek Setleri (Flakiness Index Sieve EN)"},"content":{"rendered":"<p class=\"p3\"><span lang=\"TR\">Test s\u0131ras\u0131nda, \u00f6nceden boyutland\u0131r\u0131lm\u0131\u015f agrega uygun bir yuva a\u00e7\u0131kl\u0131\u011f\u0131na sahip bir elekten ge\u00e7irilir. Ge\u00e7en par\u00e7ac\u0131klar \u201cpul pul\u201d olarak s\u0131n\u0131fland\u0131r\u0131l\u0131rken, tutulanlar normal (k\u00fcresel veya k\u00fcbik) olarak kabul edilir. Bu prosed\u00fcr her elek aral\u0131\u011f\u0131 i\u00e7in tekrarlan\u0131r ve elde edilen verilerden pullanma indeksi (FI) hesaplan\u0131r. EN 933-3'e uygun olarak \u00fcretilen her elek sert, deformasyona dayan\u0131kl\u0131 bir \u00e7er\u00e7eveye ve hassas bir \u015fekilde i\u015flenmi\u015f paslanmaz \u00e7elik \u00e7ubuklara sahiptir. Paralel yuva aral\u0131\u011f\u0131, her fraksiyonda tutarl\u0131 eleme sa\u011flar ve tekrarlanabilir s\u0131n\u0131fland\u0131rma sonu\u00e7lar\u0131 sa\u011flar. \u00c7er\u00e7eveler laboratuvar kullan\u0131m\u0131 i\u00e7in tasarlanm\u0131\u015f ve elektrostatik bir kaplama ile korozyona kar\u015f\u0131 korunmu\u015ftur; p\u00fcr\u00fczs\u00fcz kenarlar partik\u00fcl kenetlenmesini ve y\u00fczey a\u015f\u0131nmas\u0131n\u0131 en aza indirir. \u015eeffaf, kal\u0131c\u0131 etiketler, kullan\u0131c\u0131lar\u0131n do\u011fru elek aral\u0131klar\u0131n\u0131 h\u0131zl\u0131 bir \u015fekilde belirlemelerine yard\u0131mc\u0131 olur.<\/span><\/p>","protected":false},"excerpt":{"rendered":"<p class=\"p3\"><span lang=\"TR\">Flakiness Index Grid Elek Seti, iri ve orta taneli agregalar\u0131n flakiness indeksini belirlemek i\u00e7in tasarlanm\u0131\u015ft\u0131r.<\/span><\/p>","protected":false},"featured_media":0,"template":"","meta":{"_acf_changed":false},"product_brand":[],"product_cat":[135,137],"product_tag":[],"class_list":{"0":"post-11355","1":"product","2":"type-product","3":"status-publish","5":"product_cat-aggregate","6":"product_cat-classification","9":"instock","10":"shipping-taxable","11":"product-type-simple"},"acf":[],"yoast_head":"<!-- This site is optimized with the Yoast SEO Premium plugin v26.5 (Yoast SEO v27.5) - https:\/\/yoast.com\/product\/yoast-seo-premium-wordpress\/ -->\n<title>Grid Sieve Sets (Flakiness Index Sieve EN) - YKM TEST<\/title>\n<meta name=\"description\" content=\"Precise Flakiness Index Grid Sieve Set (EN 933-3 compliant) for determining flakiness index in coarse and medium aggregates. Features rigid frames and accurately machined slots.\" \/>\n<meta name=\"robots\" content=\"index, follow, max-snippet:-1, max-image-preview:large, max-video-preview:-1\" \/>\n<link rel=\"canonical\" href=\"https:\/\/ykmtest.com\/tr\/urun\/grid-sieve-sets-flakiness-index-sieve-en\/\" \/>\n<meta property=\"og:locale\" content=\"tr_TR\" \/>\n<meta property=\"og:type\" content=\"article\" \/>\n<meta property=\"og:title\" content=\"Grid Sieve Sets (Flakiness Index Sieve EN)\" \/>\n<meta property=\"og:description\" content=\"Precise Flakiness Index Grid Sieve Set (EN 933-3 compliant) for determining flakiness index in coarse and medium aggregates. Features rigid frames and accurately machined slots.\" \/>\n<meta property=\"og:url\" content=\"https:\/\/ykmtest.com\/tr\/urun\/grid-sieve-sets-flakiness-index-sieve-en\/\" \/>\n<meta property=\"og:site_name\" content=\"YKM TEST\" \/>\n<meta property=\"article:modified_time\" content=\"2025-12-19T12:52:06+00:00\" \/>\n<meta name=\"twitter:card\" content=\"summary_large_image\" \/>\n<meta name=\"twitter:label1\" content=\"Fiyat\" \/>\n\t<meta name=\"twitter:data1\" content=\"\" \/>\n\t<meta name=\"twitter:label2\" content=\"Durumu\" \/>\n\t<meta name=\"twitter:data2\" content=\"Stokta var\" \/>\n<script type=\"application\/ld+json\" class=\"yoast-schema-graph\">{\"@context\":\"https:\\\/\\\/schema.org\",\"@graph\":[{\"@type\":\"WebPage\",\"@id\":\"https:\\\/\\\/ykmtest.com\\\/product\\\/grid-sieve-sets-flakiness-index-sieve-en\\\/\",\"url\":\"https:\\\/\\\/ykmtest.com\\\/product\\\/grid-sieve-sets-flakiness-index-sieve-en\\\/\",\"name\":\"Grid Sieve Sets (Flakiness Index Sieve EN) - YKM TEST\",\"isPartOf\":{\"@id\":\"https:\\\/\\\/darkorchid-cheetah-525435.hostingersite.com\\\/#website\"},\"datePublished\":\"2025-12-19T12:52:05+00:00\",\"dateModified\":\"2025-12-19T12:52:06+00:00\",\"description\":\"Precise Flakiness Index Grid Sieve Set (EN 933-3 compliant) for determining flakiness index in coarse and medium aggregates. Features rigid frames and accurately machined slots.\",\"breadcrumb\":{\"@id\":\"https:\\\/\\\/ykmtest.com\\\/product\\\/grid-sieve-sets-flakiness-index-sieve-en\\\/#breadcrumb\"},\"inLanguage\":\"tr\",\"potentialAction\":[{\"@type\":\"ReadAction\",\"target\":[\"https:\\\/\\\/ykmtest.com\\\/product\\\/grid-sieve-sets-flakiness-index-sieve-en\\\/\"]}]},{\"@type\":\"BreadcrumbList\",\"@id\":\"https:\\\/\\\/ykmtest.com\\\/product\\\/grid-sieve-sets-flakiness-index-sieve-en\\\/#breadcrumb\",\"itemListElement\":[{\"@type\":\"ListItem\",\"position\":1,\"name\":\"Home\",\"item\":\"https:\\\/\\\/darkorchid-cheetah-525435.hostingersite.com\\\/\"},{\"@type\":\"ListItem\",\"position\":2,\"name\":\"\u0422\u043e\u0432\u0430\u0440\u044b\",\"item\":\"https:\\\/\\\/ykmtest.com\\\/ru\\\/shop\\\/\"},{\"@type\":\"ListItem\",\"position\":3,\"name\":\"Grid Sieve Sets (Flakiness Index Sieve EN)\"}]},{\"@type\":\"WebSite\",\"@id\":\"https:\\\/\\\/darkorchid-cheetah-525435.hostingersite.com\\\/#website\",\"url\":\"https:\\\/\\\/darkorchid-cheetah-525435.hostingersite.com\\\/\",\"name\":\"YKM TEST\",\"description\":\"\",\"publisher\":{\"@id\":\"https:\\\/\\\/darkorchid-cheetah-525435.hostingersite.com\\\/#organization\"},\"potentialAction\":[{\"@type\":\"SearchAction\",\"target\":{\"@type\":\"EntryPoint\",\"urlTemplate\":\"https:\\\/\\\/darkorchid-cheetah-525435.hostingersite.com\\\/?s={search_term_string}\"},\"query-input\":{\"@type\":\"PropertyValueSpecification\",\"valueRequired\":true,\"valueName\":\"search_term_string\"}}],\"inLanguage\":\"tr\"},{\"@type\":[\"Organization\",\"Place\"],\"@id\":\"https:\\\/\\\/darkorchid-cheetah-525435.hostingersite.com\\\/#organization\",\"name\":\"YKM TEST\",\"url\":\"https:\\\/\\\/darkorchid-cheetah-525435.hostingersite.com\\\/\",\"logo\":{\"@id\":\"https:\\\/\\\/ykmtest.com\\\/product\\\/grid-sieve-sets-flakiness-index-sieve-en\\\/#local-main-organization-logo\"},\"image\":{\"@id\":\"https:\\\/\\\/ykmtest.com\\\/product\\\/grid-sieve-sets-flakiness-index-sieve-en\\\/#local-main-organization-logo\"},\"telephone\":[],\"openingHoursSpecification\":[{\"@type\":\"OpeningHoursSpecification\",\"dayOfWeek\":[\"Monday\",\"Tuesday\",\"Wednesday\",\"Thursday\",\"Friday\",\"Saturday\",\"Sunday\"],\"opens\":\"09:00\",\"closes\":\"17:00\"}]},{\"@type\":\"ImageObject\",\"inLanguage\":\"tr\",\"@id\":\"https:\\\/\\\/ykmtest.com\\\/product\\\/grid-sieve-sets-flakiness-index-sieve-en\\\/#local-main-organization-logo\",\"url\":\"https:\\\/\\\/ykmtest.com\\\/wp-content\\\/uploads\\\/2025\\\/10\\\/Asset-2@2x-8.png\",\"contentUrl\":\"https:\\\/\\\/ykmtest.com\\\/wp-content\\\/uploads\\\/2025\\\/10\\\/Asset-2@2x-8.png\",\"width\":1550,\"height\":323,\"caption\":\"YKM TEST\"}]}<\/script>\n<meta property=\"product:price:currency\" content=\"USD\" \/>\n<meta property=\"og:availability\" content=\"instock\" \/>\n<meta property=\"product:availability\" content=\"instock\" \/>\n<meta property=\"product:condition\" content=\"new\" \/>\n<!-- \/ Yoast SEO Premium plugin. -->","yoast_head_json":{"title":"Grid Sieve Sets (Flakiness Index Sieve EN) - YKM TEST","description":"Precise Flakiness Index Grid Sieve Set (EN 933-3 compliant) for determining flakiness index in coarse and medium aggregates. Features rigid frames and accurately machined slots.","robots":{"index":"index","follow":"follow","max-snippet":"max-snippet:-1","max-image-preview":"max-image-preview:large","max-video-preview":"max-video-preview:-1"},"canonical":"https:\/\/ykmtest.com\/tr\/urun\/grid-sieve-sets-flakiness-index-sieve-en\/","og_locale":"tr_TR","og_type":"article","og_title":"Grid Sieve Sets (Flakiness Index Sieve EN)","og_description":"Precise Flakiness Index Grid Sieve Set (EN 933-3 compliant) for determining flakiness index in coarse and medium aggregates. Features rigid frames and accurately machined slots.","og_url":"https:\/\/ykmtest.com\/tr\/urun\/grid-sieve-sets-flakiness-index-sieve-en\/","og_site_name":"YKM TEST","article_modified_time":"2025-12-19T12:52:06+00:00","twitter_card":"summary_large_image","twitter_misc":{"Fiyat":"","Durumu":"Stokta var"},"schema":{"@context":"https:\/\/schema.org","@graph":[{"@type":"WebPage","@id":"https:\/\/ykmtest.com\/product\/grid-sieve-sets-flakiness-index-sieve-en\/","url":"https:\/\/ykmtest.com\/product\/grid-sieve-sets-flakiness-index-sieve-en\/","name":"Grid Sieve Sets (Flakiness Index Sieve EN) - YKM TEST","isPartOf":{"@id":"https:\/\/darkorchid-cheetah-525435.hostingersite.com\/#website"},"datePublished":"2025-12-19T12:52:05+00:00","dateModified":"2025-12-19T12:52:06+00:00","description":"Precise Flakiness Index Grid Sieve Set (EN 933-3 compliant) for determining flakiness index in coarse and medium aggregates. Features rigid frames and accurately machined slots.","breadcrumb":{"@id":"https:\/\/ykmtest.com\/product\/grid-sieve-sets-flakiness-index-sieve-en\/#breadcrumb"},"inLanguage":"tr","potentialAction":[{"@type":"ReadAction","target":["https:\/\/ykmtest.com\/product\/grid-sieve-sets-flakiness-index-sieve-en\/"]}]},{"@type":"BreadcrumbList","@id":"https:\/\/ykmtest.com\/product\/grid-sieve-sets-flakiness-index-sieve-en\/#breadcrumb","itemListElement":[{"@type":"ListItem","position":1,"name":"Home","item":"https:\/\/darkorchid-cheetah-525435.hostingersite.com\/"},{"@type":"ListItem","position":2,"name":"\u0422\u043e\u0432\u0430\u0440\u044b","item":"https:\/\/ykmtest.com\/ru\/shop\/"},{"@type":"ListItem","position":3,"name":"Grid Sieve Sets (Flakiness Index Sieve EN)"}]},{"@type":"WebSite","@id":"https:\/\/darkorchid-cheetah-525435.hostingersite.com\/#website","url":"https:\/\/darkorchid-cheetah-525435.hostingersite.com\/","name":"YKM TEST\u0130","description":"","publisher":{"@id":"https:\/\/darkorchid-cheetah-525435.hostingersite.com\/#organization"},"potentialAction":[{"@type":"SearchAction","target":{"@type":"EntryPoint","urlTemplate":"https:\/\/darkorchid-cheetah-525435.hostingersite.com\/?s={search_term_string}"},"query-input":{"@type":"PropertyValueSpecification","valueRequired":true,"valueName":"search_term_string"}}],"inLanguage":"tr"},{"@type":["Organization","Place"],"@id":"https:\/\/darkorchid-cheetah-525435.hostingersite.com\/#organization","name":"YKM TEST\u0130","url":"https:\/\/darkorchid-cheetah-525435.hostingersite.com\/","logo":{"@id":"https:\/\/ykmtest.com\/product\/grid-sieve-sets-flakiness-index-sieve-en\/#local-main-organization-logo"},"image":{"@id":"https:\/\/ykmtest.com\/product\/grid-sieve-sets-flakiness-index-sieve-en\/#local-main-organization-logo"},"telephone":[],"openingHoursSpecification":[{"@type":"OpeningHoursSpecification","dayOfWeek":["Monday","Tuesday","Wednesday","Thursday","Friday","Saturday","Sunday"],"opens":"09:00","closes":"17:00"}]},{"@type":"ImageObject","inLanguage":"tr","@id":"https:\/\/ykmtest.com\/product\/grid-sieve-sets-flakiness-index-sieve-en\/#local-main-organization-logo","url":"https:\/\/ykmtest.com\/wp-content\/uploads\/2025\/10\/Asset-2@2x-8.png","contentUrl":"https:\/\/ykmtest.com\/wp-content\/uploads\/2025\/10\/Asset-2@2x-8.png","width":1550,"height":323,"caption":"YKM TEST"}]},"product_price_currency":"USD","og_availability":"instock","product_availability":"instock","product_condition":"new"},"_links":{"self":[{"href":"https:\/\/ykmtest.com\/tr\/wp-json\/wp\/v2\/product\/11355","targetHints":{"allow":["GET"]}}],"collection":[{"href":"https:\/\/ykmtest.com\/tr\/wp-json\/wp\/v2\/product"}],"about":[{"href":"https:\/\/ykmtest.com\/tr\/wp-json\/wp\/v2\/types\/product"}],"version-history":[{"count":1,"href":"https:\/\/ykmtest.com\/tr\/wp-json\/wp\/v2\/product\/11355\/revisions"}],"predecessor-version":[{"id":11356,"href":"https:\/\/ykmtest.com\/tr\/wp-json\/wp\/v2\/product\/11355\/revisions\/11356"}],"wp:attachment":[{"href":"https:\/\/ykmtest.com\/tr\/wp-json\/wp\/v2\/media?parent=11355"}],"wp:term":[{"taxonomy":"product_brand","embeddable":true,"href":"https:\/\/ykmtest.com\/tr\/wp-json\/wp\/v2\/product_brand?post=11355"},{"taxonomy":"product_cat","embeddable":true,"href":"https:\/\/ykmtest.com\/tr\/wp-json\/wp\/v2\/product_cat?post=11355"},{"taxonomy":"product_tag","embeddable":true,"href":"https:\/\/ykmtest.com\/tr\/wp-json\/wp\/v2\/product_tag?post=11355"}],"curies":[{"name":"wp","href":"https:\/\/api.w.org\/{rel}","templated":true}]}}